{"id":63284,"date":"2017-12-08T08:37:19","date_gmt":"2023-06-06T08:21:06","guid":{"rendered":"https:\/\/cardinal.pixel-tal.de\/klebebaender\/senza-categoria\/nastro-adesivo-in-tessuto-di-vetro-3m-361\/"},"modified":"2025-07-10T13:27:08","modified_gmt":"2025-07-10T11:27:08","slug":"3m-361-tessuto-vetro-nastro-adesivo","status":"publish","type":"product","link":"https:\/\/cardinal-tapes.com\/it\/nastri-adesivi\/nastri-monoadesivi\/3m-361-tessuto-vetro-nastro-adesivo\/","title":{"rendered":"Nastro adesivo in tessuto di vetro 3M\u2122 361"},"content":{"rendered":"<p>Il nastro in tessuto di vetro 3M\u2122 361 \u00e8 adatto per le applicazioni in cui \u00e8 richiesta una resistenza alle alte temperature. Questo nastro \u00e8 dotato di un adesivo siliconico sensibile alla pressione per applicazioni che richiedono un&#8217;elevata adesivit\u00e0, durata, buona tenuta e rimozione senza residui. Il nastro adesivo resistente all&#8217;abrasione \u00e8 adatto per la sigillatura di linee e camere ad alta temperatura, per la copertura durante la spruzzatura al plasma e per altre applicazioni in cui sono richieste un&#8217;elevata resistenza allo strappo e alla temperatura.<\/p>\n<p><strong>Propriet\u00e0<br \/>\n<\/strong>Il nastro \u00e8 costituito da un supporto in tessuto di vetro robusto e resistente all&#8217;abrasione e da un adesivo siliconico altamente adesivo e resistente alle temperature. Inoltre, il nastro adesivo in tessuto di vetro \u00e8 resistente alla corrosione per applicazioni permanenti sulla maggior parte delle superfici metalliche. Inoltre, pu\u00f2 essere rimosso senza lasciare residui, anche dopo l&#8217;esposizione a calore elevato.<\/p>\n<p><b>Applicazioni<br \/>\n<\/b>&#8211; Applicazioni ad alta temperatura in cui sono richieste una buona forza adesiva, un&#8217;elevata resistenza allo strappo e all&#8217;abrasione<br \/>\n&#8211; Sigillatura permanente, impacchettamento, avvolgimento ed etichettatura di cavi ad alta temperatura<b><br \/>\n<\/b><\/p>\n","protected":false},"excerpt":{"rendered":"<p>Il nastro in tessuto di vetro 3M\u2122 361 \u00e8 adatto per le applicazioni in cui \u00e8 richiesta una resistenza alle alte temperature. Questo nastro \u00e8 dotato di un adesivo siliconico sensibile alla pressione per applicazioni che richiedono un&#8217;elevata adesivit\u00e0, durata, buona tenuta e rimozione senza residui. Il nastro adesivo resistente all&#8217;abrasione \u00e8 adatto per la [&hellip;]<\/p>\n","protected":false},"featured_media":24389,"template":"","meta":{"_acf_changed":false},"pwb-brand":[2166],"product_brand":[],"product_cat":[1826],"product_tag":[],"class_list":{"0":"post-63284","1":"product","2":"type-product","3":"status-publish","4":"has-post-thumbnail","6":"pwb-brand-3m-it","7":"product_cat-nastri-monoadesivi","9":"first","10":"instock","11":"taxable","12":"shipping-taxable","13":"purchasable","14":"product-type-variable"},"acf":[],"yoast_head":"<!-- This site is optimized with the Yoast SEO plugin v27.3 - https:\/\/yoast.com\/product\/yoast-seo-wordpress\/ -->\n<title>Nastro adesivo in tessuto di vetro 3M\u2122 361 | Nastri Cardinali<\/title>\n<meta name=\"description\" content=\"Il nastro n. 361 \u00e8 costituito da un supporto in tessuto di vetro robusto e resistente all&#039;abrasione e da un adesivo siliconico altamente adesivo e resistente alle temperature.\" \/>\n<meta name=\"robots\" content=\"index, follow, max-snippet:-1, max-image-preview:large, max-video-preview:-1\" \/>\n<link rel=\"canonical\" href=\"https:\/\/cardinal-tapes.com\/it\/nastri-adesivi\/nastri-monoadesivi\/3m-361-tessuto-vetro-nastro-adesivo\/\" \/>\n<meta property=\"og:locale\" content=\"it_IT\" \/>\n<meta property=\"og:type\" content=\"article\" \/>\n<meta property=\"og:title\" content=\"Nastro adesivo in tessuto di vetro 3M\u2122 361 | Nastri Cardinali\" \/>\n<meta property=\"og:description\" content=\"Il nastro n. 361 \u00e8 costituito da un supporto in tessuto di vetro robusto e resistente all&#039;abrasione e da un adesivo siliconico altamente adesivo e resistente alle temperature.\" \/>\n<meta property=\"og:url\" content=\"https:\/\/cardinal-tapes.com\/it\/nastri-adesivi\/nastri-monoadesivi\/3m-361-tessuto-vetro-nastro-adesivo\/\" \/>\n<meta property=\"og:site_name\" content=\"cardinal TAPES\" \/>\n<meta property=\"article:modified_time\" content=\"2025-07-10T11:27:08+00:00\" \/>\n<meta property=\"og:image\" content=\"https:\/\/cardinal-tapes.com\/wp-content\/uploads\/3m_glasgewebe_361.jpg\" \/>\n\t<meta property=\"og:image:width\" content=\"600\" \/>\n\t<meta property=\"og:image:height\" content=\"600\" \/>\n\t<meta property=\"og:image:type\" content=\"image\/jpeg\" \/>\n<meta name=\"twitter:card\" content=\"summary_large_image\" \/>\n<meta name=\"twitter:label1\" content=\"Tempo di lettura stimato\" \/>\n\t<meta name=\"twitter:data1\" content=\"1 minuto\" \/>\n<script type=\"application\/ld+json\" class=\"yoast-schema-graph\">{\"@context\":\"https:\\\/\\\/schema.org\",\"@graph\":[{\"@type\":\"WebPage\",\"@id\":\"https:\\\/\\\/cardinal-tapes.com\\\/it\\\/nastri-adesivi\\\/nastri-monoadesivi\\\/3m-361-tessuto-vetro-nastro-adesivo\\\/\",\"url\":\"https:\\\/\\\/cardinal-tapes.com\\\/it\\\/nastri-adesivi\\\/nastri-monoadesivi\\\/3m-361-tessuto-vetro-nastro-adesivo\\\/\",\"name\":\"Nastro adesivo in tessuto di vetro 3M\u2122 361 | Nastri Cardinali\",\"isPartOf\":{\"@id\":\"https:\\\/\\\/cardinal-tapes.com\\\/#website\"},\"primaryImageOfPage\":{\"@id\":\"https:\\\/\\\/cardinal-tapes.com\\\/it\\\/nastri-adesivi\\\/nastri-monoadesivi\\\/3m-361-tessuto-vetro-nastro-adesivo\\\/#primaryimage\"},\"image\":{\"@id\":\"https:\\\/\\\/cardinal-tapes.com\\\/it\\\/nastri-adesivi\\\/nastri-monoadesivi\\\/3m-361-tessuto-vetro-nastro-adesivo\\\/#primaryimage\"},\"thumbnailUrl\":\"https:\\\/\\\/cardinal-tapes.com\\\/wp-content\\\/uploads\\\/3m_glasgewebe_361.jpg\",\"datePublished\":\"2023-06-06T08:21:06+00:00\",\"dateModified\":\"2025-07-10T11:27:08+00:00\",\"description\":\"Il nastro n. 361 \u00e8 costituito da un supporto in tessuto di vetro robusto e resistente all'abrasione e da un adesivo siliconico altamente adesivo e resistente alle temperature.\",\"breadcrumb\":{\"@id\":\"https:\\\/\\\/cardinal-tapes.com\\\/it\\\/nastri-adesivi\\\/nastri-monoadesivi\\\/3m-361-tessuto-vetro-nastro-adesivo\\\/#breadcrumb\"},\"inLanguage\":\"it-IT\",\"potentialAction\":[{\"@type\":\"ReadAction\",\"target\":[\"https:\\\/\\\/cardinal-tapes.com\\\/it\\\/nastri-adesivi\\\/nastri-monoadesivi\\\/3m-361-tessuto-vetro-nastro-adesivo\\\/\"]}]},{\"@type\":\"ImageObject\",\"inLanguage\":\"it-IT\",\"@id\":\"https:\\\/\\\/cardinal-tapes.com\\\/it\\\/nastri-adesivi\\\/nastri-monoadesivi\\\/3m-361-tessuto-vetro-nastro-adesivo\\\/#primaryimage\",\"url\":\"https:\\\/\\\/cardinal-tapes.com\\\/wp-content\\\/uploads\\\/3m_glasgewebe_361.jpg\",\"contentUrl\":\"https:\\\/\\\/cardinal-tapes.com\\\/wp-content\\\/uploads\\\/3m_glasgewebe_361.jpg\",\"width\":600,\"height\":600,\"caption\":\"Tessuto di vetro 3M 361\"},{\"@type\":\"BreadcrumbList\",\"@id\":\"https:\\\/\\\/cardinal-tapes.com\\\/it\\\/nastri-adesivi\\\/nastri-monoadesivi\\\/3m-361-tessuto-vetro-nastro-adesivo\\\/#breadcrumb\",\"itemListElement\":[{\"@type\":\"ListItem\",\"position\":1,\"name\":\"Startseite\",\"item\":\"https:\\\/\\\/cardinal-tapes.com\\\/it\\\/casa\\\/\"},{\"@type\":\"ListItem\",\"position\":2,\"name\":\"Nastri adesivi\",\"item\":\"https:\\\/\\\/cardinal-tapes.com\\\/it\\\/nastri-adesivi-it\\\/\"},{\"@type\":\"ListItem\",\"position\":3,\"name\":\"Nastri monoadesivi\",\"item\":\"https:\\\/\\\/cardinal-tapes.com\\\/it\\\/categoria\\\/nastri-monoadesivi\\\/\"},{\"@type\":\"ListItem\",\"position\":4,\"name\":\"Nastro adesivo in tessuto di vetro 3M\u2122 361\"}]},{\"@type\":\"WebSite\",\"@id\":\"https:\\\/\\\/cardinal-tapes.com\\\/#website\",\"url\":\"https:\\\/\\\/cardinal-tapes.com\\\/\",\"name\":\"cardinal TAPES\",\"description\":\"Klebetechnik aus Wuppertal\",\"potentialAction\":[{\"@type\":\"SearchAction\",\"target\":{\"@type\":\"EntryPoint\",\"urlTemplate\":\"https:\\\/\\\/cardinal-tapes.com\\\/?s={search_term_string}\"},\"query-input\":{\"@type\":\"PropertyValueSpecification\",\"valueRequired\":true,\"valueName\":\"search_term_string\"}}],\"inLanguage\":\"it-IT\"}]}<\/script>\n<!-- \/ Yoast SEO plugin. -->","yoast_head_json":{"title":"Nastro adesivo in tessuto di vetro 3M\u2122 361 | Nastri Cardinali","description":"Il nastro n. 361 \u00e8 costituito da un supporto in tessuto di vetro robusto e resistente all'abrasione e da un adesivo siliconico altamente adesivo e resistente alle temperature.","robots":{"index":"index","follow":"follow","max-snippet":"max-snippet:-1","max-image-preview":"max-image-preview:large","max-video-preview":"max-video-preview:-1"},"canonical":"https:\/\/cardinal-tapes.com\/it\/nastri-adesivi\/nastri-monoadesivi\/3m-361-tessuto-vetro-nastro-adesivo\/","og_locale":"it_IT","og_type":"article","og_title":"Nastro adesivo in tessuto di vetro 3M\u2122 361 | Nastri Cardinali","og_description":"Il nastro n. 361 \u00e8 costituito da un supporto in tessuto di vetro robusto e resistente all'abrasione e da un adesivo siliconico altamente adesivo e resistente alle temperature.","og_url":"https:\/\/cardinal-tapes.com\/it\/nastri-adesivi\/nastri-monoadesivi\/3m-361-tessuto-vetro-nastro-adesivo\/","og_site_name":"cardinal TAPES","article_modified_time":"2025-07-10T11:27:08+00:00","og_image":[{"width":600,"height":600,"url":"https:\/\/cardinal-tapes.com\/wp-content\/uploads\/3m_glasgewebe_361.jpg","type":"image\/jpeg"}],"twitter_card":"summary_large_image","twitter_misc":{"Tempo di lettura stimato":"1 minuto"},"schema":{"@context":"https:\/\/schema.org","@graph":[{"@type":"WebPage","@id":"https:\/\/cardinal-tapes.com\/it\/nastri-adesivi\/nastri-monoadesivi\/3m-361-tessuto-vetro-nastro-adesivo\/","url":"https:\/\/cardinal-tapes.com\/it\/nastri-adesivi\/nastri-monoadesivi\/3m-361-tessuto-vetro-nastro-adesivo\/","name":"Nastro adesivo in tessuto di vetro 3M\u2122 361 | Nastri Cardinali","isPartOf":{"@id":"https:\/\/cardinal-tapes.com\/#website"},"primaryImageOfPage":{"@id":"https:\/\/cardinal-tapes.com\/it\/nastri-adesivi\/nastri-monoadesivi\/3m-361-tessuto-vetro-nastro-adesivo\/#primaryimage"},"image":{"@id":"https:\/\/cardinal-tapes.com\/it\/nastri-adesivi\/nastri-monoadesivi\/3m-361-tessuto-vetro-nastro-adesivo\/#primaryimage"},"thumbnailUrl":"https:\/\/cardinal-tapes.com\/wp-content\/uploads\/3m_glasgewebe_361.jpg","datePublished":"2023-06-06T08:21:06+00:00","dateModified":"2025-07-10T11:27:08+00:00","description":"Il nastro n. 361 \u00e8 costituito da un supporto in tessuto di vetro robusto e resistente all'abrasione e da un adesivo siliconico altamente adesivo e resistente alle temperature.","breadcrumb":{"@id":"https:\/\/cardinal-tapes.com\/it\/nastri-adesivi\/nastri-monoadesivi\/3m-361-tessuto-vetro-nastro-adesivo\/#breadcrumb"},"inLanguage":"it-IT","potentialAction":[{"@type":"ReadAction","target":["https:\/\/cardinal-tapes.com\/it\/nastri-adesivi\/nastri-monoadesivi\/3m-361-tessuto-vetro-nastro-adesivo\/"]}]},{"@type":"ImageObject","inLanguage":"it-IT","@id":"https:\/\/cardinal-tapes.com\/it\/nastri-adesivi\/nastri-monoadesivi\/3m-361-tessuto-vetro-nastro-adesivo\/#primaryimage","url":"https:\/\/cardinal-tapes.com\/wp-content\/uploads\/3m_glasgewebe_361.jpg","contentUrl":"https:\/\/cardinal-tapes.com\/wp-content\/uploads\/3m_glasgewebe_361.jpg","width":600,"height":600,"caption":"Tessuto di vetro 3M 361"},{"@type":"BreadcrumbList","@id":"https:\/\/cardinal-tapes.com\/it\/nastri-adesivi\/nastri-monoadesivi\/3m-361-tessuto-vetro-nastro-adesivo\/#breadcrumb","itemListElement":[{"@type":"ListItem","position":1,"name":"Startseite","item":"https:\/\/cardinal-tapes.com\/it\/casa\/"},{"@type":"ListItem","position":2,"name":"Nastri adesivi","item":"https:\/\/cardinal-tapes.com\/it\/nastri-adesivi-it\/"},{"@type":"ListItem","position":3,"name":"Nastri monoadesivi","item":"https:\/\/cardinal-tapes.com\/it\/categoria\/nastri-monoadesivi\/"},{"@type":"ListItem","position":4,"name":"Nastro adesivo in tessuto di vetro 3M\u2122 361"}]},{"@type":"WebSite","@id":"https:\/\/cardinal-tapes.com\/#website","url":"https:\/\/cardinal-tapes.com\/","name":"cardinal TAPES","description":"Klebetechnik aus Wuppertal","potentialAction":[{"@type":"SearchAction","target":{"@type":"EntryPoint","urlTemplate":"https:\/\/cardinal-tapes.com\/?s={search_term_string}"},"query-input":{"@type":"PropertyValueSpecification","valueRequired":true,"valueName":"search_term_string"}}],"inLanguage":"it-IT"}]}},"brands":[{"id":2166,"name":"3M","slug":"3m-it"}],"_links":{"self":[{"href":"https:\/\/cardinal-tapes.com\/it\/wp-json\/wp\/v2\/product\/63284","targetHints":{"allow":["GET"]}}],"collection":[{"href":"https:\/\/cardinal-tapes.com\/it\/wp-json\/wp\/v2\/product"}],"about":[{"href":"https:\/\/cardinal-tapes.com\/it\/wp-json\/wp\/v2\/types\/product"}],"wp:featuredmedia":[{"embeddable":true,"href":"https:\/\/cardinal-tapes.com\/it\/wp-json\/wp\/v2\/media\/24389"}],"wp:attachment":[{"href":"https:\/\/cardinal-tapes.com\/it\/wp-json\/wp\/v2\/media?parent=63284"}],"wp:term":[{"taxonomy":"pwb-brand","embeddable":true,"href":"https:\/\/cardinal-tapes.com\/it\/wp-json\/wp\/v2\/pwb-brand?post=63284"},{"taxonomy":"product_brand","embeddable":true,"href":"https:\/\/cardinal-tapes.com\/it\/wp-json\/wp\/v2\/product_brand?post=63284"},{"taxonomy":"product_cat","embeddable":true,"href":"https:\/\/cardinal-tapes.com\/it\/wp-json\/wp\/v2\/product_cat?post=63284"},{"taxonomy":"product_tag","embeddable":true,"href":"https:\/\/cardinal-tapes.com\/it\/wp-json\/wp\/v2\/product_tag?post=63284"}],"curies":[{"name":"wp","href":"https:\/\/api.w.org\/{rel}","templated":true}]}}