{"id":63281,"date":"2017-12-08T08:52:30","date_gmt":"2023-06-06T08:21:05","guid":{"rendered":"https:\/\/cardinal.pixel-tal.de\/klebebaender\/senza-categoria\/3m-pellicola-smorzante-autoadesiva-2552\/"},"modified":"2025-07-11T09:06:25","modified_gmt":"2025-07-11T07:06:25","slug":"3m-2552-pellicola-isolante-autoadesiva","status":"publish","type":"product","link":"https:\/\/cardinal-tapes.com\/it\/nastri-adesivi\/aree-di-applicazione\/nastri-adesivi-in-alluminio\/3m-2552-pellicola-isolante-autoadesiva\/","title":{"rendered":"3M\u2122 Pellicola smorzante autoadesiva 2552"},"content":{"rendered":"<p>La pellicola antivibrante 3M\u2122 2552 \u00e8 costituita da alluminio puro di alta qualit\u00e0 come materiale di supporto e da un adesivo acrilico viscoelastico antivibrante. La combinazione dell&#8217;adesivo acrilico viscoelastico con il rinforzo posteriore del foglio di alluminio offre un modo eccellente per ridurre il rumore e le vibrazioni. La pellicola smorzante autoadesiva 2552 di 3M \u00e8 stata progettata appositamente per le superfici metalliche in modo che, se applicata correttamente, le vibrazioni risonanti vengano influenzate e l&#8217;energia delle vibrazioni venga convertita in calore minore con l&#8217;aiuto dell&#8217;adesivo viscoelastico.<\/p>\n<p><strong>Propriet\u00e0<br \/>\n<\/strong>Il film smorzante 2552 \u00e8 resistente agli agenti atmosferici, all&#8217;umidit\u00e0 e ai raggi UV. Inoltre, il film smorzante \u00e8 resistente alle fiamme e alle sostanze chimiche, quindi pu\u00f2 essere utilizzato anche in ambienti difficili.<\/p>\n<p><b>Applicazioni<br \/>\n<\/b>&#8211; Smorzamento delle vibrazioni e del rumore<br \/>\n&#8211; Riduzione della fatica dei metalli<\/p>\n","protected":false},"excerpt":{"rendered":"<p>La pellicola antivibrante 3M\u2122 2552 \u00e8 costituita da alluminio puro di alta qualit\u00e0 come materiale di supporto e da un adesivo acrilico viscoelastico antivibrante. La combinazione dell&#8217;adesivo acrilico viscoelastico con il rinforzo posteriore del foglio di alluminio offre un modo eccellente per ridurre il rumore e le vibrazioni. La pellicola smorzante autoadesiva 2552 di 3M [&hellip;]<\/p>\n","protected":false},"featured_media":24361,"template":"","meta":{"_acf_changed":false},"pwb-brand":[2166],"product_brand":[],"product_cat":[1676,1826],"product_tag":[],"class_list":{"0":"post-63281","1":"product","2":"type-product","3":"status-publish","4":"has-post-thumbnail","6":"pwb-brand-3m-it","7":"product_cat-nastri-adesivi-in-alluminio","8":"product_cat-nastri-monoadesivi","10":"first","11":"instock","12":"taxable","13":"shipping-taxable","14":"purchasable","15":"product-type-variable"},"acf":[],"yoast_head":"<!-- This site is optimized with the Yoast SEO plugin v27.3 - https:\/\/yoast.com\/product\/yoast-seo-wordpress\/ -->\n<title>3M 2552 Pellicola smorzante autoadesiva | Nastri cardinalizi<\/title>\n<meta name=\"description\" content=\"Il foglio smorzante autoadesivo 3M 2552 \u00e8 costituito da alluminio come materiale portante e da un adesivo acrilico antivibrazioni. Per saperne di pi\u00f9.\" \/>\n<meta name=\"robots\" content=\"index, follow, max-snippet:-1, max-image-preview:large, max-video-preview:-1\" \/>\n<link rel=\"canonical\" href=\"https:\/\/cardinal-tapes.com\/it\/nastri-adesivi\/aree-di-applicazione\/nastri-adesivi-in-alluminio\/3m-2552-pellicola-isolante-autoadesiva\/\" \/>\n<meta property=\"og:locale\" content=\"it_IT\" \/>\n<meta property=\"og:type\" content=\"article\" \/>\n<meta property=\"og:title\" content=\"3M 2552 Pellicola smorzante autoadesiva | Nastri cardinalizi\" \/>\n<meta property=\"og:description\" content=\"Il foglio smorzante autoadesivo 3M 2552 \u00e8 costituito da alluminio come materiale portante e da un adesivo acrilico antivibrazioni. Per saperne di pi\u00f9.\" \/>\n<meta property=\"og:url\" content=\"https:\/\/cardinal-tapes.com\/it\/nastri-adesivi\/aree-di-applicazione\/nastri-adesivi-in-alluminio\/3m-2552-pellicola-isolante-autoadesiva\/\" \/>\n<meta property=\"og:site_name\" content=\"cardinal TAPES\" \/>\n<meta property=\"article:modified_time\" content=\"2025-07-11T07:06:25+00:00\" \/>\n<meta property=\"og:image\" content=\"https:\/\/cardinal-tapes.com\/wp-content\/uploads\/3m_selbstklebene_daempfungsfolie_2552.jpg\" \/>\n\t<meta property=\"og:image:width\" content=\"600\" \/>\n\t<meta property=\"og:image:height\" content=\"600\" \/>\n\t<meta property=\"og:image:type\" content=\"image\/jpeg\" \/>\n<meta name=\"twitter:card\" content=\"summary_large_image\" \/>\n<meta name=\"twitter:label1\" content=\"Tempo di lettura stimato\" \/>\n\t<meta name=\"twitter:data1\" content=\"1 minuto\" \/>\n<script type=\"application\/ld+json\" class=\"yoast-schema-graph\">{\"@context\":\"https:\\\/\\\/schema.org\",\"@graph\":[{\"@type\":\"WebPage\",\"@id\":\"https:\\\/\\\/cardinal-tapes.com\\\/it\\\/nastri-adesivi\\\/aree-di-applicazione\\\/nastri-adesivi-in-alluminio\\\/3m-2552-pellicola-isolante-autoadesiva\\\/\",\"url\":\"https:\\\/\\\/cardinal-tapes.com\\\/it\\\/nastri-adesivi\\\/aree-di-applicazione\\\/nastri-adesivi-in-alluminio\\\/3m-2552-pellicola-isolante-autoadesiva\\\/\",\"name\":\"3M 2552 Pellicola smorzante autoadesiva | Nastri cardinalizi\",\"isPartOf\":{\"@id\":\"https:\\\/\\\/cardinal-tapes.com\\\/#website\"},\"primaryImageOfPage\":{\"@id\":\"https:\\\/\\\/cardinal-tapes.com\\\/it\\\/nastri-adesivi\\\/aree-di-applicazione\\\/nastri-adesivi-in-alluminio\\\/3m-2552-pellicola-isolante-autoadesiva\\\/#primaryimage\"},\"image\":{\"@id\":\"https:\\\/\\\/cardinal-tapes.com\\\/it\\\/nastri-adesivi\\\/aree-di-applicazione\\\/nastri-adesivi-in-alluminio\\\/3m-2552-pellicola-isolante-autoadesiva\\\/#primaryimage\"},\"thumbnailUrl\":\"https:\\\/\\\/cardinal-tapes.com\\\/wp-content\\\/uploads\\\/3m_selbstklebene_daempfungsfolie_2552.jpg\",\"datePublished\":\"2023-06-06T08:21:05+00:00\",\"dateModified\":\"2025-07-11T07:06:25+00:00\",\"description\":\"Il foglio smorzante autoadesivo 3M 2552 \u00e8 costituito da alluminio come materiale portante e da un adesivo acrilico antivibrazioni. Per saperne di pi\u00f9.\",\"breadcrumb\":{\"@id\":\"https:\\\/\\\/cardinal-tapes.com\\\/it\\\/nastri-adesivi\\\/aree-di-applicazione\\\/nastri-adesivi-in-alluminio\\\/3m-2552-pellicola-isolante-autoadesiva\\\/#breadcrumb\"},\"inLanguage\":\"it-IT\",\"potentialAction\":[{\"@type\":\"ReadAction\",\"target\":[\"https:\\\/\\\/cardinal-tapes.com\\\/it\\\/nastri-adesivi\\\/aree-di-applicazione\\\/nastri-adesivi-in-alluminio\\\/3m-2552-pellicola-isolante-autoadesiva\\\/\"]}]},{\"@type\":\"ImageObject\",\"inLanguage\":\"it-IT\",\"@id\":\"https:\\\/\\\/cardinal-tapes.com\\\/it\\\/nastri-adesivi\\\/aree-di-applicazione\\\/nastri-adesivi-in-alluminio\\\/3m-2552-pellicola-isolante-autoadesiva\\\/#primaryimage\",\"url\":\"https:\\\/\\\/cardinal-tapes.com\\\/wp-content\\\/uploads\\\/3m_selbstklebene_daempfungsfolie_2552.jpg\",\"contentUrl\":\"https:\\\/\\\/cardinal-tapes.com\\\/wp-content\\\/uploads\\\/3m_selbstklebene_daempfungsfolie_2552.jpg\",\"width\":600,\"height\":600,\"caption\":\"Pellicola smorzante autoadesiva 3M 2552\"},{\"@type\":\"BreadcrumbList\",\"@id\":\"https:\\\/\\\/cardinal-tapes.com\\\/it\\\/nastri-adesivi\\\/aree-di-applicazione\\\/nastri-adesivi-in-alluminio\\\/3m-2552-pellicola-isolante-autoadesiva\\\/#breadcrumb\",\"itemListElement\":[{\"@type\":\"ListItem\",\"position\":1,\"name\":\"Startseite\",\"item\":\"https:\\\/\\\/cardinal-tapes.com\\\/it\\\/casa\\\/\"},{\"@type\":\"ListItem\",\"position\":2,\"name\":\"Nastri adesivi\",\"item\":\"https:\\\/\\\/cardinal-tapes.com\\\/it\\\/nastri-adesivi-it\\\/\"},{\"@type\":\"ListItem\",\"position\":3,\"name\":\"Aree di applicazione\",\"item\":\"https:\\\/\\\/cardinal-tapes.com\\\/it\\\/categoria\\\/aree-di-applicazione\\\/\"},{\"@type\":\"ListItem\",\"position\":4,\"name\":\"Nastri adesivi in alluminio\",\"item\":\"https:\\\/\\\/cardinal-tapes.com\\\/it\\\/categoria\\\/nastri-adesivi-in-alluminio\\\/\"},{\"@type\":\"ListItem\",\"position\":5,\"name\":\"3M\u2122 Pellicola smorzante autoadesiva 2552\"}]},{\"@type\":\"WebSite\",\"@id\":\"https:\\\/\\\/cardinal-tapes.com\\\/#website\",\"url\":\"https:\\\/\\\/cardinal-tapes.com\\\/\",\"name\":\"cardinal TAPES\",\"description\":\"Klebetechnik aus Wuppertal\",\"potentialAction\":[{\"@type\":\"SearchAction\",\"target\":{\"@type\":\"EntryPoint\",\"urlTemplate\":\"https:\\\/\\\/cardinal-tapes.com\\\/?s={search_term_string}\"},\"query-input\":{\"@type\":\"PropertyValueSpecification\",\"valueRequired\":true,\"valueName\":\"search_term_string\"}}],\"inLanguage\":\"it-IT\"}]}<\/script>\n<!-- \/ Yoast SEO plugin. -->","yoast_head_json":{"title":"3M 2552 Pellicola smorzante autoadesiva | Nastri cardinalizi","description":"Il foglio smorzante autoadesivo 3M 2552 \u00e8 costituito da alluminio come materiale portante e da un adesivo acrilico antivibrazioni. Per saperne di pi\u00f9.","robots":{"index":"index","follow":"follow","max-snippet":"max-snippet:-1","max-image-preview":"max-image-preview:large","max-video-preview":"max-video-preview:-1"},"canonical":"https:\/\/cardinal-tapes.com\/it\/nastri-adesivi\/aree-di-applicazione\/nastri-adesivi-in-alluminio\/3m-2552-pellicola-isolante-autoadesiva\/","og_locale":"it_IT","og_type":"article","og_title":"3M 2552 Pellicola smorzante autoadesiva | Nastri cardinalizi","og_description":"Il foglio smorzante autoadesivo 3M 2552 \u00e8 costituito da alluminio come materiale portante e da un adesivo acrilico antivibrazioni. Per saperne di pi\u00f9.","og_url":"https:\/\/cardinal-tapes.com\/it\/nastri-adesivi\/aree-di-applicazione\/nastri-adesivi-in-alluminio\/3m-2552-pellicola-isolante-autoadesiva\/","og_site_name":"cardinal TAPES","article_modified_time":"2025-07-11T07:06:25+00:00","og_image":[{"width":600,"height":600,"url":"https:\/\/cardinal-tapes.com\/wp-content\/uploads\/3m_selbstklebene_daempfungsfolie_2552.jpg","type":"image\/jpeg"}],"twitter_card":"summary_large_image","twitter_misc":{"Tempo di lettura stimato":"1 minuto"},"schema":{"@context":"https:\/\/schema.org","@graph":[{"@type":"WebPage","@id":"https:\/\/cardinal-tapes.com\/it\/nastri-adesivi\/aree-di-applicazione\/nastri-adesivi-in-alluminio\/3m-2552-pellicola-isolante-autoadesiva\/","url":"https:\/\/cardinal-tapes.com\/it\/nastri-adesivi\/aree-di-applicazione\/nastri-adesivi-in-alluminio\/3m-2552-pellicola-isolante-autoadesiva\/","name":"3M 2552 Pellicola smorzante autoadesiva | Nastri cardinalizi","isPartOf":{"@id":"https:\/\/cardinal-tapes.com\/#website"},"primaryImageOfPage":{"@id":"https:\/\/cardinal-tapes.com\/it\/nastri-adesivi\/aree-di-applicazione\/nastri-adesivi-in-alluminio\/3m-2552-pellicola-isolante-autoadesiva\/#primaryimage"},"image":{"@id":"https:\/\/cardinal-tapes.com\/it\/nastri-adesivi\/aree-di-applicazione\/nastri-adesivi-in-alluminio\/3m-2552-pellicola-isolante-autoadesiva\/#primaryimage"},"thumbnailUrl":"https:\/\/cardinal-tapes.com\/wp-content\/uploads\/3m_selbstklebene_daempfungsfolie_2552.jpg","datePublished":"2023-06-06T08:21:05+00:00","dateModified":"2025-07-11T07:06:25+00:00","description":"Il foglio smorzante autoadesivo 3M 2552 \u00e8 costituito da alluminio come materiale portante e da un adesivo acrilico antivibrazioni. Per saperne di pi\u00f9.","breadcrumb":{"@id":"https:\/\/cardinal-tapes.com\/it\/nastri-adesivi\/aree-di-applicazione\/nastri-adesivi-in-alluminio\/3m-2552-pellicola-isolante-autoadesiva\/#breadcrumb"},"inLanguage":"it-IT","potentialAction":[{"@type":"ReadAction","target":["https:\/\/cardinal-tapes.com\/it\/nastri-adesivi\/aree-di-applicazione\/nastri-adesivi-in-alluminio\/3m-2552-pellicola-isolante-autoadesiva\/"]}]},{"@type":"ImageObject","inLanguage":"it-IT","@id":"https:\/\/cardinal-tapes.com\/it\/nastri-adesivi\/aree-di-applicazione\/nastri-adesivi-in-alluminio\/3m-2552-pellicola-isolante-autoadesiva\/#primaryimage","url":"https:\/\/cardinal-tapes.com\/wp-content\/uploads\/3m_selbstklebene_daempfungsfolie_2552.jpg","contentUrl":"https:\/\/cardinal-tapes.com\/wp-content\/uploads\/3m_selbstklebene_daempfungsfolie_2552.jpg","width":600,"height":600,"caption":"Pellicola smorzante autoadesiva 3M 2552"},{"@type":"BreadcrumbList","@id":"https:\/\/cardinal-tapes.com\/it\/nastri-adesivi\/aree-di-applicazione\/nastri-adesivi-in-alluminio\/3m-2552-pellicola-isolante-autoadesiva\/#breadcrumb","itemListElement":[{"@type":"ListItem","position":1,"name":"Startseite","item":"https:\/\/cardinal-tapes.com\/it\/casa\/"},{"@type":"ListItem","position":2,"name":"Nastri adesivi","item":"https:\/\/cardinal-tapes.com\/it\/nastri-adesivi-it\/"},{"@type":"ListItem","position":3,"name":"Aree di applicazione","item":"https:\/\/cardinal-tapes.com\/it\/categoria\/aree-di-applicazione\/"},{"@type":"ListItem","position":4,"name":"Nastri adesivi in alluminio","item":"https:\/\/cardinal-tapes.com\/it\/categoria\/nastri-adesivi-in-alluminio\/"},{"@type":"ListItem","position":5,"name":"3M\u2122 Pellicola smorzante autoadesiva 2552"}]},{"@type":"WebSite","@id":"https:\/\/cardinal-tapes.com\/#website","url":"https:\/\/cardinal-tapes.com\/","name":"cardinal TAPES","description":"Klebetechnik aus Wuppertal","potentialAction":[{"@type":"SearchAction","target":{"@type":"EntryPoint","urlTemplate":"https:\/\/cardinal-tapes.com\/?s={search_term_string}"},"query-input":{"@type":"PropertyValueSpecification","valueRequired":true,"valueName":"search_term_string"}}],"inLanguage":"it-IT"}]}},"brands":[{"id":2166,"name":"3M","slug":"3m-it"}],"_links":{"self":[{"href":"https:\/\/cardinal-tapes.com\/it\/wp-json\/wp\/v2\/product\/63281","targetHints":{"allow":["GET"]}}],"collection":[{"href":"https:\/\/cardinal-tapes.com\/it\/wp-json\/wp\/v2\/product"}],"about":[{"href":"https:\/\/cardinal-tapes.com\/it\/wp-json\/wp\/v2\/types\/product"}],"wp:featuredmedia":[{"embeddable":true,"href":"https:\/\/cardinal-tapes.com\/it\/wp-json\/wp\/v2\/media\/24361"}],"wp:attachment":[{"href":"https:\/\/cardinal-tapes.com\/it\/wp-json\/wp\/v2\/media?parent=63281"}],"wp:term":[{"taxonomy":"pwb-brand","embeddable":true,"href":"https:\/\/cardinal-tapes.com\/it\/wp-json\/wp\/v2\/pwb-brand?post=63281"},{"taxonomy":"product_brand","embeddable":true,"href":"https:\/\/cardinal-tapes.com\/it\/wp-json\/wp\/v2\/product_brand?post=63281"},{"taxonomy":"product_cat","embeddable":true,"href":"https:\/\/cardinal-tapes.com\/it\/wp-json\/wp\/v2\/product_cat?post=63281"},{"taxonomy":"product_tag","embeddable":true,"href":"https:\/\/cardinal-tapes.com\/it\/wp-json\/wp\/v2\/product_tag?post=63281"}],"curies":[{"name":"wp","href":"https:\/\/api.w.org\/{rel}","templated":true}]}}