{"id":63202,"date":"2017-12-08T08:45:55","date_gmt":"2023-06-06T08:21:03","guid":{"rendered":"https:\/\/cardinal.pixel-tal.de\/klebebaender\/senza-categoria\/nastro-in-tessuto-resistente-ai-raggi-uv-3m-8979\/"},"modified":"2025-07-11T09:03:05","modified_gmt":"2025-07-11T07:03:05","slug":"3m-8979-uv-nastro-adesivo-tessuto-resistente","status":"publish","type":"product","link":"https:\/\/cardinal-tapes.com\/it\/nastri-adesivi\/nastri-monoadesivi\/3m-8979-uv-nastro-adesivo-tessuto-resistente\/","title":{"rendered":"Nastro in tessuto resistente ai raggi UV 3M\u2122 8979"},"content":{"rendered":"<p>Il nastro 3M\u2122 Fabric Tape 8979 ha una struttura unica per applicazioni permanenti e temporanee in interni ed esterni. Pu\u00f2 essere rimosso dalla maggior parte delle superfici opache con pochi o nessun residuo di adesivo fino a sei mesi dopo l&#8217;applicazione.<br \/>\nIl nastro non si arrotola una volta srotolato, il che lo rende facile da applicare. \u00c8 una scelta eccellente per le applicazioni in cui pu\u00f2 essere utilizzato per sigillare coperture e chiudere polsini.<\/p>\n<p><strong>Propriet\u00e0<\/strong><br \/>\nIl nastro adesivo 8979 \u00e8 costituito da un tessuto accoppiato con un film di polietilene e rivestito con un adesivo di gomma e si adatta a superfici irregolari e curve. Grazie alla resistenza ai raggi UV, alla luce solare e agli agenti atmosferici, aderisce fino a un anno senza invecchiare e pu\u00f2 essere utilizzato anche a temperature fino a 93 \u00b0C.<\/p>\n<p><strong>Applicazioni<\/strong><br \/>\n&#8211; Giunzione e sigillatura di pellicole, pannelli murali e sistemi di tubi in metallo e plastica<br \/>\n&#8211; Per la giunzione di isolanti, tubi e pannellature (effetto cerniera)<br \/>\n&#8211; Per la giunzione di pellicole per proteggerle durante il trattamento o la decontaminazione<br \/>\n&#8211; Per l&#8217;avvolgimento di contenitori e tubi<br \/>\n&#8211; Per la sigillatura di contenitori e la riparazione di teloni<\/p>\n","protected":false},"excerpt":{"rendered":"<p>Il nastro 3M\u2122 Fabric Tape 8979 ha una struttura unica per applicazioni permanenti e temporanee in interni ed esterni. Pu\u00f2 essere rimosso dalla maggior parte delle superfici opache con pochi o nessun residuo di adesivo fino a sei mesi dopo l&#8217;applicazione. Il nastro non si arrotola una volta srotolato, il che lo rende facile da [&hellip;]<\/p>\n","protected":false},"featured_media":24373,"template":"","meta":{"_acf_changed":false},"pwb-brand":[2166],"product_brand":[],"product_cat":[1826],"product_tag":[],"class_list":{"0":"post-63202","1":"product","2":"type-product","3":"status-publish","4":"has-post-thumbnail","6":"pwb-brand-3m-it","7":"product_cat-nastri-monoadesivi","9":"first","10":"instock","11":"taxable","12":"shipping-taxable","13":"purchasable","14":"product-type-simple"},"acf":[],"yoast_head":"<!-- This site is optimized with the Yoast SEO plugin v27.3 - https:\/\/yoast.com\/product\/yoast-seo-wordpress\/ -->\n<title>3M\u2122 8979 nastro in tessuto resistente ai raggi UV | Cardinal TAPES<\/title>\n<meta name=\"description\" content=\"Il nastro adesivo in tessuto 3M resistente ai raggi UV \u00e8 caratterizzato dal fatto che pu\u00f2 essere utilizzato molto bene sia all&#039;interno che all&#039;esterno. Per saperne di pi\u00f9.\" \/>\n<meta name=\"robots\" content=\"index, follow, max-snippet:-1, max-image-preview:large, max-video-preview:-1\" \/>\n<link rel=\"canonical\" href=\"https:\/\/cardinal-tapes.com\/it\/nastri-adesivi\/nastri-monoadesivi\/3m-8979-uv-nastro-adesivo-tessuto-resistente\/\" \/>\n<meta property=\"og:locale\" content=\"it_IT\" \/>\n<meta property=\"og:type\" content=\"article\" \/>\n<meta property=\"og:title\" content=\"3M\u2122 8979 nastro in tessuto resistente ai raggi UV | Cardinal TAPES\" \/>\n<meta property=\"og:description\" content=\"Il nastro adesivo in tessuto 3M resistente ai raggi UV \u00e8 caratterizzato dal fatto che pu\u00f2 essere utilizzato molto bene sia all&#039;interno che all&#039;esterno. Per saperne di pi\u00f9.\" \/>\n<meta property=\"og:url\" content=\"https:\/\/cardinal-tapes.com\/it\/nastri-adesivi\/nastri-monoadesivi\/3m-8979-uv-nastro-adesivo-tessuto-resistente\/\" \/>\n<meta property=\"og:site_name\" content=\"cardinal TAPES\" \/>\n<meta property=\"article:modified_time\" content=\"2025-07-11T07:03:05+00:00\" \/>\n<meta property=\"og:image\" content=\"https:\/\/cardinal-tapes.com\/wp-content\/uploads\/3m_uvbestaendig_gewebeklebeband_8979.jpg\" \/>\n\t<meta property=\"og:image:width\" content=\"600\" \/>\n\t<meta property=\"og:image:height\" content=\"600\" \/>\n\t<meta property=\"og:image:type\" content=\"image\/jpeg\" \/>\n<meta name=\"twitter:card\" content=\"summary_large_image\" \/>\n<meta name=\"twitter:label1\" content=\"Tempo di lettura stimato\" \/>\n\t<meta name=\"twitter:data1\" content=\"1 minuto\" \/>\n<script type=\"application\/ld+json\" class=\"yoast-schema-graph\">{\"@context\":\"https:\\\/\\\/schema.org\",\"@graph\":[{\"@type\":\"WebPage\",\"@id\":\"https:\\\/\\\/cardinal-tapes.com\\\/it\\\/nastri-adesivi\\\/nastri-monoadesivi\\\/3m-8979-uv-nastro-adesivo-tessuto-resistente\\\/\",\"url\":\"https:\\\/\\\/cardinal-tapes.com\\\/it\\\/nastri-adesivi\\\/nastri-monoadesivi\\\/3m-8979-uv-nastro-adesivo-tessuto-resistente\\\/\",\"name\":\"3M\u2122 8979 nastro in tessuto resistente ai raggi UV | Cardinal TAPES\",\"isPartOf\":{\"@id\":\"https:\\\/\\\/cardinal-tapes.com\\\/#website\"},\"primaryImageOfPage\":{\"@id\":\"https:\\\/\\\/cardinal-tapes.com\\\/it\\\/nastri-adesivi\\\/nastri-monoadesivi\\\/3m-8979-uv-nastro-adesivo-tessuto-resistente\\\/#primaryimage\"},\"image\":{\"@id\":\"https:\\\/\\\/cardinal-tapes.com\\\/it\\\/nastri-adesivi\\\/nastri-monoadesivi\\\/3m-8979-uv-nastro-adesivo-tessuto-resistente\\\/#primaryimage\"},\"thumbnailUrl\":\"https:\\\/\\\/cardinal-tapes.com\\\/wp-content\\\/uploads\\\/3m_uvbestaendig_gewebeklebeband_8979.jpg\",\"datePublished\":\"2023-06-06T08:21:03+00:00\",\"dateModified\":\"2025-07-11T07:03:05+00:00\",\"description\":\"Il nastro adesivo in tessuto 3M resistente ai raggi UV \u00e8 caratterizzato dal fatto che pu\u00f2 essere utilizzato molto bene sia all'interno che all'esterno. Per saperne di pi\u00f9.\",\"breadcrumb\":{\"@id\":\"https:\\\/\\\/cardinal-tapes.com\\\/it\\\/nastri-adesivi\\\/nastri-monoadesivi\\\/3m-8979-uv-nastro-adesivo-tessuto-resistente\\\/#breadcrumb\"},\"inLanguage\":\"it-IT\",\"potentialAction\":[{\"@type\":\"ReadAction\",\"target\":[\"https:\\\/\\\/cardinal-tapes.com\\\/it\\\/nastri-adesivi\\\/nastri-monoadesivi\\\/3m-8979-uv-nastro-adesivo-tessuto-resistente\\\/\"]}]},{\"@type\":\"ImageObject\",\"inLanguage\":\"it-IT\",\"@id\":\"https:\\\/\\\/cardinal-tapes.com\\\/it\\\/nastri-adesivi\\\/nastri-monoadesivi\\\/3m-8979-uv-nastro-adesivo-tessuto-resistente\\\/#primaryimage\",\"url\":\"https:\\\/\\\/cardinal-tapes.com\\\/wp-content\\\/uploads\\\/3m_uvbestaendig_gewebeklebeband_8979.jpg\",\"contentUrl\":\"https:\\\/\\\/cardinal-tapes.com\\\/wp-content\\\/uploads\\\/3m_uvbestaendig_gewebeklebeband_8979.jpg\",\"width\":600,\"height\":600,\"caption\":\"Nastro adesivo in tessuto 3M resistente ai raggi UV 8979\"},{\"@type\":\"BreadcrumbList\",\"@id\":\"https:\\\/\\\/cardinal-tapes.com\\\/it\\\/nastri-adesivi\\\/nastri-monoadesivi\\\/3m-8979-uv-nastro-adesivo-tessuto-resistente\\\/#breadcrumb\",\"itemListElement\":[{\"@type\":\"ListItem\",\"position\":1,\"name\":\"Startseite\",\"item\":\"https:\\\/\\\/cardinal-tapes.com\\\/it\\\/casa\\\/\"},{\"@type\":\"ListItem\",\"position\":2,\"name\":\"Nastri adesivi\",\"item\":\"https:\\\/\\\/cardinal-tapes.com\\\/it\\\/nastri-adesivi-it\\\/\"},{\"@type\":\"ListItem\",\"position\":3,\"name\":\"Nastri monoadesivi\",\"item\":\"https:\\\/\\\/cardinal-tapes.com\\\/it\\\/categoria\\\/nastri-monoadesivi\\\/\"},{\"@type\":\"ListItem\",\"position\":4,\"name\":\"Nastro in tessuto resistente ai raggi UV 3M\u2122 8979\"}]},{\"@type\":\"WebSite\",\"@id\":\"https:\\\/\\\/cardinal-tapes.com\\\/#website\",\"url\":\"https:\\\/\\\/cardinal-tapes.com\\\/\",\"name\":\"cardinal TAPES\",\"description\":\"Klebetechnik aus Wuppertal\",\"potentialAction\":[{\"@type\":\"SearchAction\",\"target\":{\"@type\":\"EntryPoint\",\"urlTemplate\":\"https:\\\/\\\/cardinal-tapes.com\\\/?s={search_term_string}\"},\"query-input\":{\"@type\":\"PropertyValueSpecification\",\"valueRequired\":true,\"valueName\":\"search_term_string\"}}],\"inLanguage\":\"it-IT\"}]}<\/script>\n<!-- \/ Yoast SEO plugin. -->","yoast_head_json":{"title":"3M\u2122 8979 nastro in tessuto resistente ai raggi UV | Cardinal TAPES","description":"Il nastro adesivo in tessuto 3M resistente ai raggi UV \u00e8 caratterizzato dal fatto che pu\u00f2 essere utilizzato molto bene sia all'interno che all'esterno. Per saperne di pi\u00f9.","robots":{"index":"index","follow":"follow","max-snippet":"max-snippet:-1","max-image-preview":"max-image-preview:large","max-video-preview":"max-video-preview:-1"},"canonical":"https:\/\/cardinal-tapes.com\/it\/nastri-adesivi\/nastri-monoadesivi\/3m-8979-uv-nastro-adesivo-tessuto-resistente\/","og_locale":"it_IT","og_type":"article","og_title":"3M\u2122 8979 nastro in tessuto resistente ai raggi UV | Cardinal TAPES","og_description":"Il nastro adesivo in tessuto 3M resistente ai raggi UV \u00e8 caratterizzato dal fatto che pu\u00f2 essere utilizzato molto bene sia all'interno che all'esterno. Per saperne di pi\u00f9.","og_url":"https:\/\/cardinal-tapes.com\/it\/nastri-adesivi\/nastri-monoadesivi\/3m-8979-uv-nastro-adesivo-tessuto-resistente\/","og_site_name":"cardinal TAPES","article_modified_time":"2025-07-11T07:03:05+00:00","og_image":[{"width":600,"height":600,"url":"https:\/\/cardinal-tapes.com\/wp-content\/uploads\/3m_uvbestaendig_gewebeklebeband_8979.jpg","type":"image\/jpeg"}],"twitter_card":"summary_large_image","twitter_misc":{"Tempo di lettura stimato":"1 minuto"},"schema":{"@context":"https:\/\/schema.org","@graph":[{"@type":"WebPage","@id":"https:\/\/cardinal-tapes.com\/it\/nastri-adesivi\/nastri-monoadesivi\/3m-8979-uv-nastro-adesivo-tessuto-resistente\/","url":"https:\/\/cardinal-tapes.com\/it\/nastri-adesivi\/nastri-monoadesivi\/3m-8979-uv-nastro-adesivo-tessuto-resistente\/","name":"3M\u2122 8979 nastro in tessuto resistente ai raggi UV | Cardinal TAPES","isPartOf":{"@id":"https:\/\/cardinal-tapes.com\/#website"},"primaryImageOfPage":{"@id":"https:\/\/cardinal-tapes.com\/it\/nastri-adesivi\/nastri-monoadesivi\/3m-8979-uv-nastro-adesivo-tessuto-resistente\/#primaryimage"},"image":{"@id":"https:\/\/cardinal-tapes.com\/it\/nastri-adesivi\/nastri-monoadesivi\/3m-8979-uv-nastro-adesivo-tessuto-resistente\/#primaryimage"},"thumbnailUrl":"https:\/\/cardinal-tapes.com\/wp-content\/uploads\/3m_uvbestaendig_gewebeklebeband_8979.jpg","datePublished":"2023-06-06T08:21:03+00:00","dateModified":"2025-07-11T07:03:05+00:00","description":"Il nastro adesivo in tessuto 3M resistente ai raggi UV \u00e8 caratterizzato dal fatto che pu\u00f2 essere utilizzato molto bene sia all'interno che all'esterno. Per saperne di pi\u00f9.","breadcrumb":{"@id":"https:\/\/cardinal-tapes.com\/it\/nastri-adesivi\/nastri-monoadesivi\/3m-8979-uv-nastro-adesivo-tessuto-resistente\/#breadcrumb"},"inLanguage":"it-IT","potentialAction":[{"@type":"ReadAction","target":["https:\/\/cardinal-tapes.com\/it\/nastri-adesivi\/nastri-monoadesivi\/3m-8979-uv-nastro-adesivo-tessuto-resistente\/"]}]},{"@type":"ImageObject","inLanguage":"it-IT","@id":"https:\/\/cardinal-tapes.com\/it\/nastri-adesivi\/nastri-monoadesivi\/3m-8979-uv-nastro-adesivo-tessuto-resistente\/#primaryimage","url":"https:\/\/cardinal-tapes.com\/wp-content\/uploads\/3m_uvbestaendig_gewebeklebeband_8979.jpg","contentUrl":"https:\/\/cardinal-tapes.com\/wp-content\/uploads\/3m_uvbestaendig_gewebeklebeband_8979.jpg","width":600,"height":600,"caption":"Nastro adesivo in tessuto 3M resistente ai raggi UV 8979"},{"@type":"BreadcrumbList","@id":"https:\/\/cardinal-tapes.com\/it\/nastri-adesivi\/nastri-monoadesivi\/3m-8979-uv-nastro-adesivo-tessuto-resistente\/#breadcrumb","itemListElement":[{"@type":"ListItem","position":1,"name":"Startseite","item":"https:\/\/cardinal-tapes.com\/it\/casa\/"},{"@type":"ListItem","position":2,"name":"Nastri adesivi","item":"https:\/\/cardinal-tapes.com\/it\/nastri-adesivi-it\/"},{"@type":"ListItem","position":3,"name":"Nastri monoadesivi","item":"https:\/\/cardinal-tapes.com\/it\/categoria\/nastri-monoadesivi\/"},{"@type":"ListItem","position":4,"name":"Nastro in tessuto resistente ai raggi UV 3M\u2122 8979"}]},{"@type":"WebSite","@id":"https:\/\/cardinal-tapes.com\/#website","url":"https:\/\/cardinal-tapes.com\/","name":"cardinal TAPES","description":"Klebetechnik aus Wuppertal","potentialAction":[{"@type":"SearchAction","target":{"@type":"EntryPoint","urlTemplate":"https:\/\/cardinal-tapes.com\/?s={search_term_string}"},"query-input":{"@type":"PropertyValueSpecification","valueRequired":true,"valueName":"search_term_string"}}],"inLanguage":"it-IT"}]}},"brands":[{"id":2166,"name":"3M","slug":"3m-it"}],"_links":{"self":[{"href":"https:\/\/cardinal-tapes.com\/it\/wp-json\/wp\/v2\/product\/63202","targetHints":{"allow":["GET"]}}],"collection":[{"href":"https:\/\/cardinal-tapes.com\/it\/wp-json\/wp\/v2\/product"}],"about":[{"href":"https:\/\/cardinal-tapes.com\/it\/wp-json\/wp\/v2\/types\/product"}],"wp:featuredmedia":[{"embeddable":true,"href":"https:\/\/cardinal-tapes.com\/it\/wp-json\/wp\/v2\/media\/24373"}],"wp:attachment":[{"href":"https:\/\/cardinal-tapes.com\/it\/wp-json\/wp\/v2\/media?parent=63202"}],"wp:term":[{"taxonomy":"pwb-brand","embeddable":true,"href":"https:\/\/cardinal-tapes.com\/it\/wp-json\/wp\/v2\/pwb-brand?post=63202"},{"taxonomy":"product_brand","embeddable":true,"href":"https:\/\/cardinal-tapes.com\/it\/wp-json\/wp\/v2\/product_brand?post=63202"},{"taxonomy":"product_cat","embeddable":true,"href":"https:\/\/cardinal-tapes.com\/it\/wp-json\/wp\/v2\/product_cat?post=63202"},{"taxonomy":"product_tag","embeddable":true,"href":"https:\/\/cardinal-tapes.com\/it\/wp-json\/wp\/v2\/product_tag?post=63202"}],"curies":[{"name":"wp","href":"https:\/\/api.w.org\/{rel}","templated":true}]}}