{"id":62765,"date":"2017-12-08T09:02:45","date_gmt":"2023-06-06T08:20:47","guid":{"rendered":"https:\/\/cardinal.pixel-tal.de\/klebebaender\/senza-categoria\/3m-scotch-nastro-per-mascheratura-301e\/"},"modified":"2025-07-07T17:00:57","modified_gmt":"2025-07-07T15:00:57","slug":"nastro-per-mascheratura-3m-301e","status":"publish","type":"product","link":"https:\/\/cardinal-tapes.com\/it\/nastri-adesivi\/aree-di-applicazione\/nastro-di-carta\/nastro-per-mascheratura-3m-301e\/","title":{"rendered":"3M\u2122 Scotch\u00ae Nastro per mascheratura 301E"},"content":{"rendered":"<p>Il nastro per mascheratura 3M\u2122 301E pu\u00f2 essere utilizzato in modo particolarmente efficace per i processi di essiccazione in forno dei sistemi di verniciatura a una temperatura fino a 149\u00b0C. Il rivestimento posteriore garantisce un roll-off controllato e pu\u00f2 ridurre gli scarti.<\/p>\n<p><strong>Propriet\u00e0<\/strong><br \/>\nIl nastro adesivo 301E \u00e8 caratterizzato da una buona resistenza ai solventi e all&#8217;umidit\u00e0. Un vantaggio particolare di questo nastro \u00e8 che pu\u00f2 essere utilizzato per la polimerizzazione a infrarossi e UV. Questo rende il nastro per mascheratura 301E particolarmente prezioso per le applicazioni speciali.<\/p>\n<p><strong>Applicazioni<br \/>\n<\/strong>&#8211; Nastro per mascheratura universale per lavori di verniciatura industriale<br \/>\n&#8211; Per l&#8217;essiccazione e la polimerizzazione di pitture e vernici all&#8217;aria o in forno<br \/>\n&#8211; Per impacchettare, tenere o etichettare<\/p>\n","protected":false},"excerpt":{"rendered":"<p>Il nastro per mascheratura 3M\u2122 301E pu\u00f2 essere utilizzato in modo particolarmente efficace per i processi di essiccazione in forno dei sistemi di verniciatura a una temperatura fino a 149\u00b0C. Il rivestimento posteriore garantisce un roll-off controllato e pu\u00f2 ridurre gli scarti. Propriet\u00e0 Il nastro adesivo 301E \u00e8 caratterizzato da una buona resistenza ai solventi [&hellip;]<\/p>\n","protected":false},"featured_media":24337,"template":"","meta":{"_acf_changed":false},"pwb-brand":[2166],"product_brand":[],"product_cat":[1776,1826],"product_tag":[],"class_list":{"0":"post-62765","1":"product","2":"type-product","3":"status-publish","4":"has-post-thumbnail","6":"pwb-brand-3m-it","7":"product_cat-nastro-di-carta","8":"product_cat-nastri-monoadesivi","10":"first","11":"outofstock","12":"taxable","13":"shipping-taxable","14":"purchasable","15":"product-type-variable"},"acf":[],"yoast_head":"<!-- This site is optimized with the Yoast SEO plugin v27.3 - https:\/\/yoast.com\/product\/yoast-seo-wordpress\/ -->\n<title>Nastro per mascheratura Scotch\u00ae 3M\u2122 301E | Cardinal TAPES<\/title>\n<meta name=\"description\" content=\"Il nastro per mascheratura 3M 301E pu\u00f2 essere utilizzato con particolare facilit\u00e0 per i processi di essiccazione in forno dei sistemi di verniciatura a una temperatura fino a 100 \u00b0C.\" \/>\n<meta name=\"robots\" content=\"index, follow, max-snippet:-1, max-image-preview:large, max-video-preview:-1\" \/>\n<link rel=\"canonical\" href=\"https:\/\/cardinal-tapes.com\/it\/nastri-adesivi\/aree-di-applicazione\/nastro-di-carta\/nastro-per-mascheratura-3m-301e\/\" \/>\n<meta property=\"og:locale\" content=\"it_IT\" \/>\n<meta property=\"og:type\" content=\"article\" \/>\n<meta property=\"og:title\" content=\"Nastro per mascheratura Scotch\u00ae 3M\u2122 301E | Cardinal TAPES\" \/>\n<meta property=\"og:description\" content=\"Il nastro per mascheratura 3M 301E pu\u00f2 essere utilizzato con particolare facilit\u00e0 per i processi di essiccazione in forno dei sistemi di verniciatura a una temperatura fino a 100 \u00b0C.\" \/>\n<meta property=\"og:url\" content=\"https:\/\/cardinal-tapes.com\/it\/nastri-adesivi\/aree-di-applicazione\/nastro-di-carta\/nastro-per-mascheratura-3m-301e\/\" \/>\n<meta property=\"og:site_name\" content=\"cardinal TAPES\" \/>\n<meta property=\"article:modified_time\" content=\"2025-07-07T15:00:57+00:00\" \/>\n<meta property=\"og:image\" content=\"https:\/\/cardinal-tapes.com\/wp-content\/uploads\/3m_kreppklebeband_301e.jpg\" \/>\n\t<meta property=\"og:image:width\" content=\"600\" \/>\n\t<meta property=\"og:image:height\" content=\"600\" \/>\n\t<meta property=\"og:image:type\" content=\"image\/jpeg\" \/>\n<meta name=\"twitter:card\" content=\"summary_large_image\" \/>\n<meta name=\"twitter:label1\" content=\"Tempo di lettura stimato\" \/>\n\t<meta name=\"twitter:data1\" content=\"1 minuto\" \/>\n<script type=\"application\/ld+json\" class=\"yoast-schema-graph\">{\"@context\":\"https:\\\/\\\/schema.org\",\"@graph\":[{\"@type\":\"WebPage\",\"@id\":\"https:\\\/\\\/cardinal-tapes.com\\\/it\\\/nastri-adesivi\\\/aree-di-applicazione\\\/nastro-di-carta\\\/nastro-per-mascheratura-3m-301e\\\/\",\"url\":\"https:\\\/\\\/cardinal-tapes.com\\\/it\\\/nastri-adesivi\\\/aree-di-applicazione\\\/nastro-di-carta\\\/nastro-per-mascheratura-3m-301e\\\/\",\"name\":\"Nastro per mascheratura Scotch\u00ae 3M\u2122 301E | Cardinal TAPES\",\"isPartOf\":{\"@id\":\"https:\\\/\\\/cardinal-tapes.com\\\/#website\"},\"primaryImageOfPage\":{\"@id\":\"https:\\\/\\\/cardinal-tapes.com\\\/it\\\/nastri-adesivi\\\/aree-di-applicazione\\\/nastro-di-carta\\\/nastro-per-mascheratura-3m-301e\\\/#primaryimage\"},\"image\":{\"@id\":\"https:\\\/\\\/cardinal-tapes.com\\\/it\\\/nastri-adesivi\\\/aree-di-applicazione\\\/nastro-di-carta\\\/nastro-per-mascheratura-3m-301e\\\/#primaryimage\"},\"thumbnailUrl\":\"https:\\\/\\\/cardinal-tapes.com\\\/wp-content\\\/uploads\\\/3m_kreppklebeband_301e.jpg\",\"datePublished\":\"2023-06-06T08:20:47+00:00\",\"dateModified\":\"2025-07-07T15:00:57+00:00\",\"description\":\"Il nastro per mascheratura 3M 301E pu\u00f2 essere utilizzato con particolare facilit\u00e0 per i processi di essiccazione in forno dei sistemi di verniciatura a una temperatura fino a 100 \u00b0C.\",\"breadcrumb\":{\"@id\":\"https:\\\/\\\/cardinal-tapes.com\\\/it\\\/nastri-adesivi\\\/aree-di-applicazione\\\/nastro-di-carta\\\/nastro-per-mascheratura-3m-301e\\\/#breadcrumb\"},\"inLanguage\":\"it-IT\",\"potentialAction\":[{\"@type\":\"ReadAction\",\"target\":[\"https:\\\/\\\/cardinal-tapes.com\\\/it\\\/nastri-adesivi\\\/aree-di-applicazione\\\/nastro-di-carta\\\/nastro-per-mascheratura-3m-301e\\\/\"]}]},{\"@type\":\"ImageObject\",\"inLanguage\":\"it-IT\",\"@id\":\"https:\\\/\\\/cardinal-tapes.com\\\/it\\\/nastri-adesivi\\\/aree-di-applicazione\\\/nastro-di-carta\\\/nastro-per-mascheratura-3m-301e\\\/#primaryimage\",\"url\":\"https:\\\/\\\/cardinal-tapes.com\\\/wp-content\\\/uploads\\\/3m_kreppklebeband_301e.jpg\",\"contentUrl\":\"https:\\\/\\\/cardinal-tapes.com\\\/wp-content\\\/uploads\\\/3m_kreppklebeband_301e.jpg\",\"width\":600,\"height\":600,\"caption\":\"Nastro adesivo 3M 301e\"},{\"@type\":\"BreadcrumbList\",\"@id\":\"https:\\\/\\\/cardinal-tapes.com\\\/it\\\/nastri-adesivi\\\/aree-di-applicazione\\\/nastro-di-carta\\\/nastro-per-mascheratura-3m-301e\\\/#breadcrumb\",\"itemListElement\":[{\"@type\":\"ListItem\",\"position\":1,\"name\":\"Startseite\",\"item\":\"https:\\\/\\\/cardinal-tapes.com\\\/it\\\/casa\\\/\"},{\"@type\":\"ListItem\",\"position\":2,\"name\":\"Nastri adesivi\",\"item\":\"https:\\\/\\\/cardinal-tapes.com\\\/it\\\/nastri-adesivi-it\\\/\"},{\"@type\":\"ListItem\",\"position\":3,\"name\":\"Aree di applicazione\",\"item\":\"https:\\\/\\\/cardinal-tapes.com\\\/it\\\/categoria\\\/aree-di-applicazione\\\/\"},{\"@type\":\"ListItem\",\"position\":4,\"name\":\"Nastro di carta\",\"item\":\"https:\\\/\\\/cardinal-tapes.com\\\/it\\\/categoria\\\/nastro-di-carta\\\/\"},{\"@type\":\"ListItem\",\"position\":5,\"name\":\"3M\u2122 Scotch\u00ae Nastro per mascheratura 301E\"}]},{\"@type\":\"WebSite\",\"@id\":\"https:\\\/\\\/cardinal-tapes.com\\\/#website\",\"url\":\"https:\\\/\\\/cardinal-tapes.com\\\/\",\"name\":\"cardinal TAPES\",\"description\":\"Klebetechnik aus Wuppertal\",\"potentialAction\":[{\"@type\":\"SearchAction\",\"target\":{\"@type\":\"EntryPoint\",\"urlTemplate\":\"https:\\\/\\\/cardinal-tapes.com\\\/?s={search_term_string}\"},\"query-input\":{\"@type\":\"PropertyValueSpecification\",\"valueRequired\":true,\"valueName\":\"search_term_string\"}}],\"inLanguage\":\"it-IT\"}]}<\/script>\n<!-- \/ Yoast SEO plugin. -->","yoast_head_json":{"title":"Nastro per mascheratura Scotch\u00ae 3M\u2122 301E | Cardinal TAPES","description":"Il nastro per mascheratura 3M 301E pu\u00f2 essere utilizzato con particolare facilit\u00e0 per i processi di essiccazione in forno dei sistemi di verniciatura a una temperatura fino a 100 \u00b0C.","robots":{"index":"index","follow":"follow","max-snippet":"max-snippet:-1","max-image-preview":"max-image-preview:large","max-video-preview":"max-video-preview:-1"},"canonical":"https:\/\/cardinal-tapes.com\/it\/nastri-adesivi\/aree-di-applicazione\/nastro-di-carta\/nastro-per-mascheratura-3m-301e\/","og_locale":"it_IT","og_type":"article","og_title":"Nastro per mascheratura Scotch\u00ae 3M\u2122 301E | Cardinal TAPES","og_description":"Il nastro per mascheratura 3M 301E pu\u00f2 essere utilizzato con particolare facilit\u00e0 per i processi di essiccazione in forno dei sistemi di verniciatura a una temperatura fino a 100 \u00b0C.","og_url":"https:\/\/cardinal-tapes.com\/it\/nastri-adesivi\/aree-di-applicazione\/nastro-di-carta\/nastro-per-mascheratura-3m-301e\/","og_site_name":"cardinal TAPES","article_modified_time":"2025-07-07T15:00:57+00:00","og_image":[{"width":600,"height":600,"url":"https:\/\/cardinal-tapes.com\/wp-content\/uploads\/3m_kreppklebeband_301e.jpg","type":"image\/jpeg"}],"twitter_card":"summary_large_image","twitter_misc":{"Tempo di lettura stimato":"1 minuto"},"schema":{"@context":"https:\/\/schema.org","@graph":[{"@type":"WebPage","@id":"https:\/\/cardinal-tapes.com\/it\/nastri-adesivi\/aree-di-applicazione\/nastro-di-carta\/nastro-per-mascheratura-3m-301e\/","url":"https:\/\/cardinal-tapes.com\/it\/nastri-adesivi\/aree-di-applicazione\/nastro-di-carta\/nastro-per-mascheratura-3m-301e\/","name":"Nastro per mascheratura Scotch\u00ae 3M\u2122 301E | Cardinal TAPES","isPartOf":{"@id":"https:\/\/cardinal-tapes.com\/#website"},"primaryImageOfPage":{"@id":"https:\/\/cardinal-tapes.com\/it\/nastri-adesivi\/aree-di-applicazione\/nastro-di-carta\/nastro-per-mascheratura-3m-301e\/#primaryimage"},"image":{"@id":"https:\/\/cardinal-tapes.com\/it\/nastri-adesivi\/aree-di-applicazione\/nastro-di-carta\/nastro-per-mascheratura-3m-301e\/#primaryimage"},"thumbnailUrl":"https:\/\/cardinal-tapes.com\/wp-content\/uploads\/3m_kreppklebeband_301e.jpg","datePublished":"2023-06-06T08:20:47+00:00","dateModified":"2025-07-07T15:00:57+00:00","description":"Il nastro per mascheratura 3M 301E pu\u00f2 essere utilizzato con particolare facilit\u00e0 per i processi di essiccazione in forno dei sistemi di verniciatura a una temperatura fino a 100 \u00b0C.","breadcrumb":{"@id":"https:\/\/cardinal-tapes.com\/it\/nastri-adesivi\/aree-di-applicazione\/nastro-di-carta\/nastro-per-mascheratura-3m-301e\/#breadcrumb"},"inLanguage":"it-IT","potentialAction":[{"@type":"ReadAction","target":["https:\/\/cardinal-tapes.com\/it\/nastri-adesivi\/aree-di-applicazione\/nastro-di-carta\/nastro-per-mascheratura-3m-301e\/"]}]},{"@type":"ImageObject","inLanguage":"it-IT","@id":"https:\/\/cardinal-tapes.com\/it\/nastri-adesivi\/aree-di-applicazione\/nastro-di-carta\/nastro-per-mascheratura-3m-301e\/#primaryimage","url":"https:\/\/cardinal-tapes.com\/wp-content\/uploads\/3m_kreppklebeband_301e.jpg","contentUrl":"https:\/\/cardinal-tapes.com\/wp-content\/uploads\/3m_kreppklebeband_301e.jpg","width":600,"height":600,"caption":"Nastro adesivo 3M 301e"},{"@type":"BreadcrumbList","@id":"https:\/\/cardinal-tapes.com\/it\/nastri-adesivi\/aree-di-applicazione\/nastro-di-carta\/nastro-per-mascheratura-3m-301e\/#breadcrumb","itemListElement":[{"@type":"ListItem","position":1,"name":"Startseite","item":"https:\/\/cardinal-tapes.com\/it\/casa\/"},{"@type":"ListItem","position":2,"name":"Nastri adesivi","item":"https:\/\/cardinal-tapes.com\/it\/nastri-adesivi-it\/"},{"@type":"ListItem","position":3,"name":"Aree di applicazione","item":"https:\/\/cardinal-tapes.com\/it\/categoria\/aree-di-applicazione\/"},{"@type":"ListItem","position":4,"name":"Nastro di carta","item":"https:\/\/cardinal-tapes.com\/it\/categoria\/nastro-di-carta\/"},{"@type":"ListItem","position":5,"name":"3M\u2122 Scotch\u00ae Nastro per mascheratura 301E"}]},{"@type":"WebSite","@id":"https:\/\/cardinal-tapes.com\/#website","url":"https:\/\/cardinal-tapes.com\/","name":"cardinal TAPES","description":"Klebetechnik aus Wuppertal","potentialAction":[{"@type":"SearchAction","target":{"@type":"EntryPoint","urlTemplate":"https:\/\/cardinal-tapes.com\/?s={search_term_string}"},"query-input":{"@type":"PropertyValueSpecification","valueRequired":true,"valueName":"search_term_string"}}],"inLanguage":"it-IT"}]}},"brands":[{"id":2166,"name":"3M","slug":"3m-it"}],"_links":{"self":[{"href":"https:\/\/cardinal-tapes.com\/it\/wp-json\/wp\/v2\/product\/62765","targetHints":{"allow":["GET"]}}],"collection":[{"href":"https:\/\/cardinal-tapes.com\/it\/wp-json\/wp\/v2\/product"}],"about":[{"href":"https:\/\/cardinal-tapes.com\/it\/wp-json\/wp\/v2\/types\/product"}],"wp:featuredmedia":[{"embeddable":true,"href":"https:\/\/cardinal-tapes.com\/it\/wp-json\/wp\/v2\/media\/24337"}],"wp:attachment":[{"href":"https:\/\/cardinal-tapes.com\/it\/wp-json\/wp\/v2\/media?parent=62765"}],"wp:term":[{"taxonomy":"pwb-brand","embeddable":true,"href":"https:\/\/cardinal-tapes.com\/it\/wp-json\/wp\/v2\/pwb-brand?post=62765"},{"taxonomy":"product_brand","embeddable":true,"href":"https:\/\/cardinal-tapes.com\/it\/wp-json\/wp\/v2\/product_brand?post=62765"},{"taxonomy":"product_cat","embeddable":true,"href":"https:\/\/cardinal-tapes.com\/it\/wp-json\/wp\/v2\/product_cat?post=62765"},{"taxonomy":"product_tag","embeddable":true,"href":"https:\/\/cardinal-tapes.com\/it\/wp-json\/wp\/v2\/product_tag?post=62765"}],"curies":[{"name":"wp","href":"https:\/\/api.w.org\/{rel}","templated":true}]}}