{"id":62755,"date":"2017-12-08T09:09:58","date_gmt":"2023-06-06T08:20:46","guid":{"rendered":"https:\/\/cardinal.pixel-tal.de\/klebebaender\/senza-categoria\/nastro-per-mascheratura-3m-2321\/"},"modified":"2025-07-03T16:28:38","modified_gmt":"2025-07-03T14:28:38","slug":"nastro-adesivo-3m-2321","status":"publish","type":"product","link":"https:\/\/cardinal-tapes.com\/it\/nastri-adesivi\/aree-di-applicazione\/nastro-di-carta\/nastro-adesivo-3m-2321\/","title":{"rendered":"Nastro per mascheratura 3M\u2122 2321"},"content":{"rendered":"<p>Il nastro di carta 3M\u2122 Scotch 2321 \u00e8 a grana fine e di colore beige e viene utilizzato per mascherare e trattenere in generale nell&#8217;industria. Le applicazioni tipiche del nastro adesivo Scotch 2321 sono brevi lavori di verniciatura, assemblaggio e altro. La particolarit\u00e0 \u00e8 che il nastro adesivo \u00e8 molto resistente allo strappo nonostante lo spessore molto ridotto. Altri vantaggi sono la buona adesione immediata, la facilit\u00e0 di manipolazione e la buona resistenza ai solventi. La larghezza dei rotoli \u00e8 disponibile su richiesta.<\/p>\n<p><strong>Propriet\u00e0<\/strong><br \/>\n&#8211; Buona adesione immediata<br \/>\n&#8211; Facile manipolazione<br \/>\n&#8211; Buona resistenza ai solventi<\/p>\n<p><strong>Applicazioni<\/strong><br \/>\n&#8211; Per scopi generali di mascheratura e tenuta, nonch\u00e9 per sigillare e impacchettare<\/p>\n","protected":false},"excerpt":{"rendered":"<p>Il nastro di carta 3M\u2122 Scotch 2321 \u00e8 a grana fine e di colore beige e viene utilizzato per mascherare e trattenere in generale nell&#8217;industria. Le applicazioni tipiche del nastro adesivo Scotch 2321 sono brevi lavori di verniciatura, assemblaggio e altro. La particolarit\u00e0 \u00e8 che il nastro adesivo \u00e8 molto resistente allo strappo nonostante lo [&hellip;]<\/p>\n","protected":false},"featured_media":26773,"template":"","meta":{"_acf_changed":false},"pwb-brand":[2166],"product_brand":[],"product_cat":[1776,1826],"product_tag":[],"class_list":{"0":"post-62755","1":"product","2":"type-product","3":"status-publish","4":"has-post-thumbnail","6":"pwb-brand-3m-it","7":"product_cat-nastro-di-carta","8":"product_cat-nastri-monoadesivi","10":"first","11":"instock","12":"taxable","13":"shipping-taxable","14":"purchasable","15":"product-type-variable"},"acf":[],"yoast_head":"<!-- This site is optimized with the Yoast SEO plugin v27.3 - https:\/\/yoast.com\/product\/yoast-seo-wordpress\/ -->\n<title>Nastro adesivo 3M 2321 | Cardinal TAPES<\/title>\n<meta name=\"description\" content=\"Il nastro di carta Scotch 2321 \u00e8 a grana fine e di colore beige ed \u00e8 utilizzato per mascherature e trattenimenti generici nell&#039;industria. Per saperne di pi\u00f9.\" \/>\n<meta name=\"robots\" content=\"index, follow, max-snippet:-1, max-image-preview:large, max-video-preview:-1\" \/>\n<link rel=\"canonical\" href=\"https:\/\/cardinal-tapes.com\/it\/nastri-adesivi\/aree-di-applicazione\/nastro-di-carta\/nastro-adesivo-3m-2321\/\" \/>\n<meta property=\"og:locale\" content=\"it_IT\" \/>\n<meta property=\"og:type\" content=\"article\" \/>\n<meta property=\"og:title\" content=\"Nastro adesivo 3M 2321 | Cardinal TAPES\" \/>\n<meta property=\"og:description\" content=\"Il nastro di carta Scotch 2321 \u00e8 a grana fine e di colore beige ed \u00e8 utilizzato per mascherature e trattenimenti generici nell&#039;industria. Per saperne di pi\u00f9.\" \/>\n<meta property=\"og:url\" content=\"https:\/\/cardinal-tapes.com\/it\/nastri-adesivi\/aree-di-applicazione\/nastro-di-carta\/nastro-adesivo-3m-2321\/\" \/>\n<meta property=\"og:site_name\" content=\"cardinal TAPES\" \/>\n<meta property=\"article:modified_time\" content=\"2025-07-03T14:28:38+00:00\" \/>\n<meta property=\"og:image\" content=\"https:\/\/cardinal-tapes.com\/wp-content\/uploads\/scotch-malerband-2321.jpg\" \/>\n\t<meta property=\"og:image:width\" content=\"353\" \/>\n\t<meta property=\"og:image:height\" content=\"400\" \/>\n\t<meta property=\"og:image:type\" content=\"image\/jpeg\" \/>\n<meta name=\"twitter:card\" content=\"summary_large_image\" \/>\n<meta name=\"twitter:label1\" content=\"Tempo di lettura stimato\" \/>\n\t<meta name=\"twitter:data1\" content=\"1 minuto\" \/>\n<script type=\"application\/ld+json\" class=\"yoast-schema-graph\">{\"@context\":\"https:\\\/\\\/schema.org\",\"@graph\":[{\"@type\":\"WebPage\",\"@id\":\"https:\\\/\\\/cardinal-tapes.com\\\/it\\\/nastri-adesivi\\\/aree-di-applicazione\\\/nastro-di-carta\\\/nastro-adesivo-3m-2321\\\/\",\"url\":\"https:\\\/\\\/cardinal-tapes.com\\\/it\\\/nastri-adesivi\\\/aree-di-applicazione\\\/nastro-di-carta\\\/nastro-adesivo-3m-2321\\\/\",\"name\":\"Nastro adesivo 3M 2321 | Cardinal TAPES\",\"isPartOf\":{\"@id\":\"https:\\\/\\\/cardinal-tapes.com\\\/#website\"},\"primaryImageOfPage\":{\"@id\":\"https:\\\/\\\/cardinal-tapes.com\\\/it\\\/nastri-adesivi\\\/aree-di-applicazione\\\/nastro-di-carta\\\/nastro-adesivo-3m-2321\\\/#primaryimage\"},\"image\":{\"@id\":\"https:\\\/\\\/cardinal-tapes.com\\\/it\\\/nastri-adesivi\\\/aree-di-applicazione\\\/nastro-di-carta\\\/nastro-adesivo-3m-2321\\\/#primaryimage\"},\"thumbnailUrl\":\"https:\\\/\\\/cardinal-tapes.com\\\/wp-content\\\/uploads\\\/scotch-malerband-2321.jpg\",\"datePublished\":\"2023-06-06T08:20:46+00:00\",\"dateModified\":\"2025-07-03T14:28:38+00:00\",\"description\":\"Il nastro di carta Scotch 2321 \u00e8 a grana fine e di colore beige ed \u00e8 utilizzato per mascherature e trattenimenti generici nell'industria. Per saperne di pi\u00f9.\",\"breadcrumb\":{\"@id\":\"https:\\\/\\\/cardinal-tapes.com\\\/it\\\/nastri-adesivi\\\/aree-di-applicazione\\\/nastro-di-carta\\\/nastro-adesivo-3m-2321\\\/#breadcrumb\"},\"inLanguage\":\"it-IT\",\"potentialAction\":[{\"@type\":\"ReadAction\",\"target\":[\"https:\\\/\\\/cardinal-tapes.com\\\/it\\\/nastri-adesivi\\\/aree-di-applicazione\\\/nastro-di-carta\\\/nastro-adesivo-3m-2321\\\/\"]}]},{\"@type\":\"ImageObject\",\"inLanguage\":\"it-IT\",\"@id\":\"https:\\\/\\\/cardinal-tapes.com\\\/it\\\/nastri-adesivi\\\/aree-di-applicazione\\\/nastro-di-carta\\\/nastro-adesivo-3m-2321\\\/#primaryimage\",\"url\":\"https:\\\/\\\/cardinal-tapes.com\\\/wp-content\\\/uploads\\\/scotch-malerband-2321.jpg\",\"contentUrl\":\"https:\\\/\\\/cardinal-tapes.com\\\/wp-content\\\/uploads\\\/scotch-malerband-2321.jpg\",\"width\":353,\"height\":400,\"caption\":\"scotch-painter-tape-2321\"},{\"@type\":\"BreadcrumbList\",\"@id\":\"https:\\\/\\\/cardinal-tapes.com\\\/it\\\/nastri-adesivi\\\/aree-di-applicazione\\\/nastro-di-carta\\\/nastro-adesivo-3m-2321\\\/#breadcrumb\",\"itemListElement\":[{\"@type\":\"ListItem\",\"position\":1,\"name\":\"Startseite\",\"item\":\"https:\\\/\\\/cardinal-tapes.com\\\/it\\\/casa\\\/\"},{\"@type\":\"ListItem\",\"position\":2,\"name\":\"Nastri adesivi\",\"item\":\"https:\\\/\\\/cardinal-tapes.com\\\/it\\\/nastri-adesivi-it\\\/\"},{\"@type\":\"ListItem\",\"position\":3,\"name\":\"Aree di applicazione\",\"item\":\"https:\\\/\\\/cardinal-tapes.com\\\/it\\\/categoria\\\/aree-di-applicazione\\\/\"},{\"@type\":\"ListItem\",\"position\":4,\"name\":\"Nastro di carta\",\"item\":\"https:\\\/\\\/cardinal-tapes.com\\\/it\\\/categoria\\\/nastro-di-carta\\\/\"},{\"@type\":\"ListItem\",\"position\":5,\"name\":\"Nastro per mascheratura 3M\u2122 2321\"}]},{\"@type\":\"WebSite\",\"@id\":\"https:\\\/\\\/cardinal-tapes.com\\\/#website\",\"url\":\"https:\\\/\\\/cardinal-tapes.com\\\/\",\"name\":\"cardinal TAPES\",\"description\":\"Klebetechnik aus Wuppertal\",\"potentialAction\":[{\"@type\":\"SearchAction\",\"target\":{\"@type\":\"EntryPoint\",\"urlTemplate\":\"https:\\\/\\\/cardinal-tapes.com\\\/?s={search_term_string}\"},\"query-input\":{\"@type\":\"PropertyValueSpecification\",\"valueRequired\":true,\"valueName\":\"search_term_string\"}}],\"inLanguage\":\"it-IT\"}]}<\/script>\n<!-- \/ Yoast SEO plugin. -->","yoast_head_json":{"title":"Nastro adesivo 3M 2321 | Cardinal TAPES","description":"Il nastro di carta Scotch 2321 \u00e8 a grana fine e di colore beige ed \u00e8 utilizzato per mascherature e trattenimenti generici nell'industria. Per saperne di pi\u00f9.","robots":{"index":"index","follow":"follow","max-snippet":"max-snippet:-1","max-image-preview":"max-image-preview:large","max-video-preview":"max-video-preview:-1"},"canonical":"https:\/\/cardinal-tapes.com\/it\/nastri-adesivi\/aree-di-applicazione\/nastro-di-carta\/nastro-adesivo-3m-2321\/","og_locale":"it_IT","og_type":"article","og_title":"Nastro adesivo 3M 2321 | Cardinal TAPES","og_description":"Il nastro di carta Scotch 2321 \u00e8 a grana fine e di colore beige ed \u00e8 utilizzato per mascherature e trattenimenti generici nell'industria. Per saperne di pi\u00f9.","og_url":"https:\/\/cardinal-tapes.com\/it\/nastri-adesivi\/aree-di-applicazione\/nastro-di-carta\/nastro-adesivo-3m-2321\/","og_site_name":"cardinal TAPES","article_modified_time":"2025-07-03T14:28:38+00:00","og_image":[{"width":353,"height":400,"url":"https:\/\/cardinal-tapes.com\/wp-content\/uploads\/scotch-malerband-2321.jpg","type":"image\/jpeg"}],"twitter_card":"summary_large_image","twitter_misc":{"Tempo di lettura stimato":"1 minuto"},"schema":{"@context":"https:\/\/schema.org","@graph":[{"@type":"WebPage","@id":"https:\/\/cardinal-tapes.com\/it\/nastri-adesivi\/aree-di-applicazione\/nastro-di-carta\/nastro-adesivo-3m-2321\/","url":"https:\/\/cardinal-tapes.com\/it\/nastri-adesivi\/aree-di-applicazione\/nastro-di-carta\/nastro-adesivo-3m-2321\/","name":"Nastro adesivo 3M 2321 | Cardinal TAPES","isPartOf":{"@id":"https:\/\/cardinal-tapes.com\/#website"},"primaryImageOfPage":{"@id":"https:\/\/cardinal-tapes.com\/it\/nastri-adesivi\/aree-di-applicazione\/nastro-di-carta\/nastro-adesivo-3m-2321\/#primaryimage"},"image":{"@id":"https:\/\/cardinal-tapes.com\/it\/nastri-adesivi\/aree-di-applicazione\/nastro-di-carta\/nastro-adesivo-3m-2321\/#primaryimage"},"thumbnailUrl":"https:\/\/cardinal-tapes.com\/wp-content\/uploads\/scotch-malerband-2321.jpg","datePublished":"2023-06-06T08:20:46+00:00","dateModified":"2025-07-03T14:28:38+00:00","description":"Il nastro di carta Scotch 2321 \u00e8 a grana fine e di colore beige ed \u00e8 utilizzato per mascherature e trattenimenti generici nell'industria. Per saperne di pi\u00f9.","breadcrumb":{"@id":"https:\/\/cardinal-tapes.com\/it\/nastri-adesivi\/aree-di-applicazione\/nastro-di-carta\/nastro-adesivo-3m-2321\/#breadcrumb"},"inLanguage":"it-IT","potentialAction":[{"@type":"ReadAction","target":["https:\/\/cardinal-tapes.com\/it\/nastri-adesivi\/aree-di-applicazione\/nastro-di-carta\/nastro-adesivo-3m-2321\/"]}]},{"@type":"ImageObject","inLanguage":"it-IT","@id":"https:\/\/cardinal-tapes.com\/it\/nastri-adesivi\/aree-di-applicazione\/nastro-di-carta\/nastro-adesivo-3m-2321\/#primaryimage","url":"https:\/\/cardinal-tapes.com\/wp-content\/uploads\/scotch-malerband-2321.jpg","contentUrl":"https:\/\/cardinal-tapes.com\/wp-content\/uploads\/scotch-malerband-2321.jpg","width":353,"height":400,"caption":"scotch-painter-tape-2321"},{"@type":"BreadcrumbList","@id":"https:\/\/cardinal-tapes.com\/it\/nastri-adesivi\/aree-di-applicazione\/nastro-di-carta\/nastro-adesivo-3m-2321\/#breadcrumb","itemListElement":[{"@type":"ListItem","position":1,"name":"Startseite","item":"https:\/\/cardinal-tapes.com\/it\/casa\/"},{"@type":"ListItem","position":2,"name":"Nastri adesivi","item":"https:\/\/cardinal-tapes.com\/it\/nastri-adesivi-it\/"},{"@type":"ListItem","position":3,"name":"Aree di applicazione","item":"https:\/\/cardinal-tapes.com\/it\/categoria\/aree-di-applicazione\/"},{"@type":"ListItem","position":4,"name":"Nastro di carta","item":"https:\/\/cardinal-tapes.com\/it\/categoria\/nastro-di-carta\/"},{"@type":"ListItem","position":5,"name":"Nastro per mascheratura 3M\u2122 2321"}]},{"@type":"WebSite","@id":"https:\/\/cardinal-tapes.com\/#website","url":"https:\/\/cardinal-tapes.com\/","name":"cardinal TAPES","description":"Klebetechnik aus Wuppertal","potentialAction":[{"@type":"SearchAction","target":{"@type":"EntryPoint","urlTemplate":"https:\/\/cardinal-tapes.com\/?s={search_term_string}"},"query-input":{"@type":"PropertyValueSpecification","valueRequired":true,"valueName":"search_term_string"}}],"inLanguage":"it-IT"}]}},"brands":[{"id":2166,"name":"3M","slug":"3m-it"}],"_links":{"self":[{"href":"https:\/\/cardinal-tapes.com\/it\/wp-json\/wp\/v2\/product\/62755","targetHints":{"allow":["GET"]}}],"collection":[{"href":"https:\/\/cardinal-tapes.com\/it\/wp-json\/wp\/v2\/product"}],"about":[{"href":"https:\/\/cardinal-tapes.com\/it\/wp-json\/wp\/v2\/types\/product"}],"wp:featuredmedia":[{"embeddable":true,"href":"https:\/\/cardinal-tapes.com\/it\/wp-json\/wp\/v2\/media\/26773"}],"wp:attachment":[{"href":"https:\/\/cardinal-tapes.com\/it\/wp-json\/wp\/v2\/media?parent=62755"}],"wp:term":[{"taxonomy":"pwb-brand","embeddable":true,"href":"https:\/\/cardinal-tapes.com\/it\/wp-json\/wp\/v2\/pwb-brand?post=62755"},{"taxonomy":"product_brand","embeddable":true,"href":"https:\/\/cardinal-tapes.com\/it\/wp-json\/wp\/v2\/product_brand?post=62755"},{"taxonomy":"product_cat","embeddable":true,"href":"https:\/\/cardinal-tapes.com\/it\/wp-json\/wp\/v2\/product_cat?post=62755"},{"taxonomy":"product_tag","embeddable":true,"href":"https:\/\/cardinal-tapes.com\/it\/wp-json\/wp\/v2\/product_tag?post=62755"}],"curies":[{"name":"wp","href":"https:\/\/api.w.org\/{rel}","templated":true}]}}