{"id":62754,"date":"2017-12-08T09:05:07","date_gmt":"2023-06-06T08:20:46","guid":{"rendered":"https:\/\/cardinal.pixel-tal.de\/klebebaender\/senza-categoria\/nastro-adesivo-3m-501e\/"},"modified":"2025-07-03T16:25:16","modified_gmt":"2025-07-03T14:25:16","slug":"nastro-per-mascheratura-3m-501e","status":"publish","type":"product","link":"https:\/\/cardinal-tapes.com\/it\/nastri-adesivi\/aree-di-applicazione\/industria-automobilistica\/nastro-per-mascheratura-3m-501e\/","title":{"rendered":"Nastro adesivo 3M\u2122 501E"},"content":{"rendered":"<p>Il nastro per mascheratura 3M\u2122 501E \u00e8 particolarmente adatto ai processi di essiccazione ad alta temperatura grazie alle sue speciali propriet\u00e0. Lo speciale rivestimento posteriore assicura un rotolamento controllato e pu\u00f2 aiutare a ridurre gli sprechi.<\/p>\n<p><strong>Propriet\u00e0<\/strong><br \/>\nIl nastro adesivo 501E \u00e8 un nastro per mascheratura resistente agli infrarossi e ai raggi UV, che pu\u00f2 essere esposto a temperature elevate fino a 160\u00b0C. Questo fa del nastro per mascheratura 3M\u2122 501E l&#8217;aiutante perfetto quando si tratta di applicazioni ad alto calore. Inoltre, il supporto in carta crespata del 3M\u2122 501E consente di strappare facilmente i fogli mantenendo una buona strappabilit\u00e0.<\/p>\n<p><strong>Applicazioni<\/strong><br \/>\n&#8211; Per la mascheratura durante i lavori di verniciatura di alta qualit\u00e0 nell&#8217;industria automobilistica e in altre industrie<br \/>\n&#8211; Adatto per la polimerizzazione a infrarossi\/UV e per i cicli di stoving<br \/>\n&#8211; Per i sistemi di essiccazione a forno e per i riscaldatori a infrarossi o radianti<\/p>\n<p>&nbsp;<\/p>\n","protected":false},"excerpt":{"rendered":"<p>Il nastro per mascheratura 3M\u2122 501E \u00e8 particolarmente adatto ai processi di essiccazione ad alta temperatura grazie alle sue speciali propriet\u00e0. Lo speciale rivestimento posteriore assicura un rotolamento controllato e pu\u00f2 aiutare a ridurre gli sprechi. Propriet\u00e0 Il nastro adesivo 501E \u00e8 un nastro per mascheratura resistente agli infrarossi e ai raggi UV, che pu\u00f2 [&hellip;]<\/p>\n","protected":false},"featured_media":24329,"template":"","meta":{"_acf_changed":false},"pwb-brand":[2166],"product_brand":[],"product_cat":[1677,1776,1826],"product_tag":[],"class_list":{"0":"post-62754","1":"product","2":"type-product","3":"status-publish","4":"has-post-thumbnail","6":"pwb-brand-3m-it","7":"product_cat-industria-automobilistica","8":"product_cat-nastro-di-carta","9":"product_cat-nastri-monoadesivi","11":"first","12":"instock","13":"taxable","14":"shipping-taxable","15":"purchasable","16":"product-type-variable"},"acf":[],"yoast_head":"<!-- This site is optimized with the Yoast SEO plugin v27.3 - https:\/\/yoast.com\/product\/yoast-seo-wordpress\/ -->\n<title>3M\u2122 501E Nastro per mascheratura | Cardinal TAPES<\/title>\n<meta name=\"description\" content=\"Il nastro per mascheratura 3M 501E \u00e8 particolarmente adatto ai processi di essiccazione ad alta temperatura grazie alle sue speciali propriet\u00e0. Per saperne di pi\u00f9.\" \/>\n<meta name=\"robots\" content=\"index, follow, max-snippet:-1, max-image-preview:large, max-video-preview:-1\" \/>\n<link rel=\"canonical\" href=\"https:\/\/cardinal-tapes.com\/it\/nastri-adesivi\/aree-di-applicazione\/industria-automobilistica\/nastro-per-mascheratura-3m-501e\/\" \/>\n<meta property=\"og:locale\" content=\"it_IT\" \/>\n<meta property=\"og:type\" content=\"article\" \/>\n<meta property=\"og:title\" content=\"3M\u2122 501E Nastro per mascheratura | Cardinal TAPES\" \/>\n<meta property=\"og:description\" content=\"Il nastro per mascheratura 3M 501E \u00e8 particolarmente adatto ai processi di essiccazione ad alta temperatura grazie alle sue speciali propriet\u00e0. Per saperne di pi\u00f9.\" \/>\n<meta property=\"og:url\" content=\"https:\/\/cardinal-tapes.com\/it\/nastri-adesivi\/aree-di-applicazione\/industria-automobilistica\/nastro-per-mascheratura-3m-501e\/\" \/>\n<meta property=\"og:site_name\" content=\"cardinal TAPES\" \/>\n<meta property=\"article:modified_time\" content=\"2025-07-03T14:25:16+00:00\" \/>\n<meta property=\"og:image\" content=\"https:\/\/cardinal-tapes.com\/wp-content\/uploads\/3m_kreppklebeband_501e.jpg\" \/>\n\t<meta property=\"og:image:width\" content=\"600\" \/>\n\t<meta property=\"og:image:height\" content=\"600\" \/>\n\t<meta property=\"og:image:type\" content=\"image\/jpeg\" \/>\n<meta name=\"twitter:card\" content=\"summary_large_image\" \/>\n<meta name=\"twitter:label1\" content=\"Tempo di lettura stimato\" \/>\n\t<meta name=\"twitter:data1\" content=\"1 minuto\" \/>\n<script type=\"application\/ld+json\" class=\"yoast-schema-graph\">{\"@context\":\"https:\\\/\\\/schema.org\",\"@graph\":[{\"@type\":\"WebPage\",\"@id\":\"https:\\\/\\\/cardinal-tapes.com\\\/it\\\/nastri-adesivi\\\/aree-di-applicazione\\\/industria-automobilistica\\\/nastro-per-mascheratura-3m-501e\\\/\",\"url\":\"https:\\\/\\\/cardinal-tapes.com\\\/it\\\/nastri-adesivi\\\/aree-di-applicazione\\\/industria-automobilistica\\\/nastro-per-mascheratura-3m-501e\\\/\",\"name\":\"3M\u2122 501E Nastro per mascheratura | Cardinal TAPES\",\"isPartOf\":{\"@id\":\"https:\\\/\\\/cardinal-tapes.com\\\/#website\"},\"primaryImageOfPage\":{\"@id\":\"https:\\\/\\\/cardinal-tapes.com\\\/it\\\/nastri-adesivi\\\/aree-di-applicazione\\\/industria-automobilistica\\\/nastro-per-mascheratura-3m-501e\\\/#primaryimage\"},\"image\":{\"@id\":\"https:\\\/\\\/cardinal-tapes.com\\\/it\\\/nastri-adesivi\\\/aree-di-applicazione\\\/industria-automobilistica\\\/nastro-per-mascheratura-3m-501e\\\/#primaryimage\"},\"thumbnailUrl\":\"https:\\\/\\\/cardinal-tapes.com\\\/wp-content\\\/uploads\\\/3m_kreppklebeband_501e.jpg\",\"datePublished\":\"2023-06-06T08:20:46+00:00\",\"dateModified\":\"2025-07-03T14:25:16+00:00\",\"description\":\"Il nastro per mascheratura 3M 501E \u00e8 particolarmente adatto ai processi di essiccazione ad alta temperatura grazie alle sue speciali propriet\u00e0. Per saperne di pi\u00f9.\",\"breadcrumb\":{\"@id\":\"https:\\\/\\\/cardinal-tapes.com\\\/it\\\/nastri-adesivi\\\/aree-di-applicazione\\\/industria-automobilistica\\\/nastro-per-mascheratura-3m-501e\\\/#breadcrumb\"},\"inLanguage\":\"it-IT\",\"potentialAction\":[{\"@type\":\"ReadAction\",\"target\":[\"https:\\\/\\\/cardinal-tapes.com\\\/it\\\/nastri-adesivi\\\/aree-di-applicazione\\\/industria-automobilistica\\\/nastro-per-mascheratura-3m-501e\\\/\"]}]},{\"@type\":\"ImageObject\",\"inLanguage\":\"it-IT\",\"@id\":\"https:\\\/\\\/cardinal-tapes.com\\\/it\\\/nastri-adesivi\\\/aree-di-applicazione\\\/industria-automobilistica\\\/nastro-per-mascheratura-3m-501e\\\/#primaryimage\",\"url\":\"https:\\\/\\\/cardinal-tapes.com\\\/wp-content\\\/uploads\\\/3m_kreppklebeband_501e.jpg\",\"contentUrl\":\"https:\\\/\\\/cardinal-tapes.com\\\/wp-content\\\/uploads\\\/3m_kreppklebeband_501e.jpg\",\"width\":600,\"height\":600,\"caption\":\"Nastro adesivo 3M 501e\"},{\"@type\":\"BreadcrumbList\",\"@id\":\"https:\\\/\\\/cardinal-tapes.com\\\/it\\\/nastri-adesivi\\\/aree-di-applicazione\\\/industria-automobilistica\\\/nastro-per-mascheratura-3m-501e\\\/#breadcrumb\",\"itemListElement\":[{\"@type\":\"ListItem\",\"position\":1,\"name\":\"Startseite\",\"item\":\"https:\\\/\\\/cardinal-tapes.com\\\/it\\\/casa\\\/\"},{\"@type\":\"ListItem\",\"position\":2,\"name\":\"Nastri adesivi\",\"item\":\"https:\\\/\\\/cardinal-tapes.com\\\/it\\\/nastri-adesivi-it\\\/\"},{\"@type\":\"ListItem\",\"position\":3,\"name\":\"Aree di applicazione\",\"item\":\"https:\\\/\\\/cardinal-tapes.com\\\/it\\\/categoria\\\/aree-di-applicazione\\\/\"},{\"@type\":\"ListItem\",\"position\":4,\"name\":\"Industria automobilistica\",\"item\":\"https:\\\/\\\/cardinal-tapes.com\\\/it\\\/categoria\\\/industria-automobilistica\\\/\"},{\"@type\":\"ListItem\",\"position\":5,\"name\":\"Nastro adesivo 3M\u2122 501E\"}]},{\"@type\":\"WebSite\",\"@id\":\"https:\\\/\\\/cardinal-tapes.com\\\/#website\",\"url\":\"https:\\\/\\\/cardinal-tapes.com\\\/\",\"name\":\"cardinal TAPES\",\"description\":\"Klebetechnik aus Wuppertal\",\"potentialAction\":[{\"@type\":\"SearchAction\",\"target\":{\"@type\":\"EntryPoint\",\"urlTemplate\":\"https:\\\/\\\/cardinal-tapes.com\\\/?s={search_term_string}\"},\"query-input\":{\"@type\":\"PropertyValueSpecification\",\"valueRequired\":true,\"valueName\":\"search_term_string\"}}],\"inLanguage\":\"it-IT\"}]}<\/script>\n<!-- \/ Yoast SEO plugin. -->","yoast_head_json":{"title":"3M\u2122 501E Nastro per mascheratura | Cardinal TAPES","description":"Il nastro per mascheratura 3M 501E \u00e8 particolarmente adatto ai processi di essiccazione ad alta temperatura grazie alle sue speciali propriet\u00e0. Per saperne di pi\u00f9.","robots":{"index":"index","follow":"follow","max-snippet":"max-snippet:-1","max-image-preview":"max-image-preview:large","max-video-preview":"max-video-preview:-1"},"canonical":"https:\/\/cardinal-tapes.com\/it\/nastri-adesivi\/aree-di-applicazione\/industria-automobilistica\/nastro-per-mascheratura-3m-501e\/","og_locale":"it_IT","og_type":"article","og_title":"3M\u2122 501E Nastro per mascheratura | Cardinal TAPES","og_description":"Il nastro per mascheratura 3M 501E \u00e8 particolarmente adatto ai processi di essiccazione ad alta temperatura grazie alle sue speciali propriet\u00e0. Per saperne di pi\u00f9.","og_url":"https:\/\/cardinal-tapes.com\/it\/nastri-adesivi\/aree-di-applicazione\/industria-automobilistica\/nastro-per-mascheratura-3m-501e\/","og_site_name":"cardinal TAPES","article_modified_time":"2025-07-03T14:25:16+00:00","og_image":[{"width":600,"height":600,"url":"https:\/\/cardinal-tapes.com\/wp-content\/uploads\/3m_kreppklebeband_501e.jpg","type":"image\/jpeg"}],"twitter_card":"summary_large_image","twitter_misc":{"Tempo di lettura stimato":"1 minuto"},"schema":{"@context":"https:\/\/schema.org","@graph":[{"@type":"WebPage","@id":"https:\/\/cardinal-tapes.com\/it\/nastri-adesivi\/aree-di-applicazione\/industria-automobilistica\/nastro-per-mascheratura-3m-501e\/","url":"https:\/\/cardinal-tapes.com\/it\/nastri-adesivi\/aree-di-applicazione\/industria-automobilistica\/nastro-per-mascheratura-3m-501e\/","name":"3M\u2122 501E Nastro per mascheratura | Cardinal TAPES","isPartOf":{"@id":"https:\/\/cardinal-tapes.com\/#website"},"primaryImageOfPage":{"@id":"https:\/\/cardinal-tapes.com\/it\/nastri-adesivi\/aree-di-applicazione\/industria-automobilistica\/nastro-per-mascheratura-3m-501e\/#primaryimage"},"image":{"@id":"https:\/\/cardinal-tapes.com\/it\/nastri-adesivi\/aree-di-applicazione\/industria-automobilistica\/nastro-per-mascheratura-3m-501e\/#primaryimage"},"thumbnailUrl":"https:\/\/cardinal-tapes.com\/wp-content\/uploads\/3m_kreppklebeband_501e.jpg","datePublished":"2023-06-06T08:20:46+00:00","dateModified":"2025-07-03T14:25:16+00:00","description":"Il nastro per mascheratura 3M 501E \u00e8 particolarmente adatto ai processi di essiccazione ad alta temperatura grazie alle sue speciali propriet\u00e0. Per saperne di pi\u00f9.","breadcrumb":{"@id":"https:\/\/cardinal-tapes.com\/it\/nastri-adesivi\/aree-di-applicazione\/industria-automobilistica\/nastro-per-mascheratura-3m-501e\/#breadcrumb"},"inLanguage":"it-IT","potentialAction":[{"@type":"ReadAction","target":["https:\/\/cardinal-tapes.com\/it\/nastri-adesivi\/aree-di-applicazione\/industria-automobilistica\/nastro-per-mascheratura-3m-501e\/"]}]},{"@type":"ImageObject","inLanguage":"it-IT","@id":"https:\/\/cardinal-tapes.com\/it\/nastri-adesivi\/aree-di-applicazione\/industria-automobilistica\/nastro-per-mascheratura-3m-501e\/#primaryimage","url":"https:\/\/cardinal-tapes.com\/wp-content\/uploads\/3m_kreppklebeband_501e.jpg","contentUrl":"https:\/\/cardinal-tapes.com\/wp-content\/uploads\/3m_kreppklebeband_501e.jpg","width":600,"height":600,"caption":"Nastro adesivo 3M 501e"},{"@type":"BreadcrumbList","@id":"https:\/\/cardinal-tapes.com\/it\/nastri-adesivi\/aree-di-applicazione\/industria-automobilistica\/nastro-per-mascheratura-3m-501e\/#breadcrumb","itemListElement":[{"@type":"ListItem","position":1,"name":"Startseite","item":"https:\/\/cardinal-tapes.com\/it\/casa\/"},{"@type":"ListItem","position":2,"name":"Nastri adesivi","item":"https:\/\/cardinal-tapes.com\/it\/nastri-adesivi-it\/"},{"@type":"ListItem","position":3,"name":"Aree di applicazione","item":"https:\/\/cardinal-tapes.com\/it\/categoria\/aree-di-applicazione\/"},{"@type":"ListItem","position":4,"name":"Industria automobilistica","item":"https:\/\/cardinal-tapes.com\/it\/categoria\/industria-automobilistica\/"},{"@type":"ListItem","position":5,"name":"Nastro adesivo 3M\u2122 501E"}]},{"@type":"WebSite","@id":"https:\/\/cardinal-tapes.com\/#website","url":"https:\/\/cardinal-tapes.com\/","name":"cardinal TAPES","description":"Klebetechnik aus Wuppertal","potentialAction":[{"@type":"SearchAction","target":{"@type":"EntryPoint","urlTemplate":"https:\/\/cardinal-tapes.com\/?s={search_term_string}"},"query-input":{"@type":"PropertyValueSpecification","valueRequired":true,"valueName":"search_term_string"}}],"inLanguage":"it-IT"}]}},"brands":[{"id":2166,"name":"3M","slug":"3m-it"}],"_links":{"self":[{"href":"https:\/\/cardinal-tapes.com\/it\/wp-json\/wp\/v2\/product\/62754","targetHints":{"allow":["GET"]}}],"collection":[{"href":"https:\/\/cardinal-tapes.com\/it\/wp-json\/wp\/v2\/product"}],"about":[{"href":"https:\/\/cardinal-tapes.com\/it\/wp-json\/wp\/v2\/types\/product"}],"wp:featuredmedia":[{"embeddable":true,"href":"https:\/\/cardinal-tapes.com\/it\/wp-json\/wp\/v2\/media\/24329"}],"wp:attachment":[{"href":"https:\/\/cardinal-tapes.com\/it\/wp-json\/wp\/v2\/media?parent=62754"}],"wp:term":[{"taxonomy":"pwb-brand","embeddable":true,"href":"https:\/\/cardinal-tapes.com\/it\/wp-json\/wp\/v2\/pwb-brand?post=62754"},{"taxonomy":"product_brand","embeddable":true,"href":"https:\/\/cardinal-tapes.com\/it\/wp-json\/wp\/v2\/product_brand?post=62754"},{"taxonomy":"product_cat","embeddable":true,"href":"https:\/\/cardinal-tapes.com\/it\/wp-json\/wp\/v2\/product_cat?post=62754"},{"taxonomy":"product_tag","embeddable":true,"href":"https:\/\/cardinal-tapes.com\/it\/wp-json\/wp\/v2\/product_tag?post=62754"}],"curies":[{"name":"wp","href":"https:\/\/api.w.org\/{rel}","templated":true}]}}