{"id":62642,"date":"2017-12-08T09:06:20","date_gmt":"2023-06-06T08:20:43","guid":{"rendered":"https:\/\/cardinal.pixel-tal.de\/klebebaender\/senza-categoria\/nastro-adesivo-3m-1104\/"},"modified":"2025-07-03T16:25:12","modified_gmt":"2025-07-03T14:25:12","slug":"3m-tape-1104","status":"publish","type":"product","link":"https:\/\/cardinal-tapes.com\/it\/nastri-adesivi\/aree-di-applicazione\/nastro-per-mascheratura-di-vernici\/3m-tape-1104\/","title":{"rendered":"Nastro adesivo 3M\u2122 1104"},"content":{"rendered":"<p>Il nastro adesivo 3M\u2122 Scotch Tape 1104 \u00e8 utilizzato principalmente su materiali sensibili, come il titanio, il metallo anodizzato o il legno trattato. In particolare, la rimozione senza residui consente di ottenere queste aree speciali di applicazione. Allo stesso tempo, il nastro \u00e8 molto sottile e resistente agli strappi. La resistenza alla temperatura fino a 135 \u00b0C garantisce inoltre che il nastro Scotch possa essere utilizzato in aree con temperature elevate.<\/p>\n<p><strong>Propriet\u00e0<\/strong><br \/>\nIl nastro adesivo 1104 \u00e8 caratterizzato da un&#8217;ottima conformabilit\u00e0 e resistenza ai solventi. Inoltre, \u00e8 molto resistente alle temperature e pu\u00f2 essere rimosso senza lasciare residui nonostante la buona adesione dell&#8217;adesivo.<\/p>\n<p><strong>Applicazioni<\/strong><br \/>\n&#8211; Adatto per l&#8217;uso su materiali sensibili come metalli anodizzati, legno trattato o altre superfici critiche<br \/>\n&#8211; Lavori di verniciatura di qualsiasi tipo<\/p>\n<p>&nbsp;<\/p>\n","protected":false},"excerpt":{"rendered":"<p>Il nastro adesivo 3M\u2122 Scotch Tape 1104 \u00e8 utilizzato principalmente su materiali sensibili, come il titanio, il metallo anodizzato o il legno trattato. In particolare, la rimozione senza residui consente di ottenere queste aree speciali di applicazione. Allo stesso tempo, il nastro \u00e8 molto sottile e resistente agli strappi. La resistenza alla temperatura fino a [&hellip;]<\/p>\n","protected":false},"featured_media":24473,"template":"","meta":{"_acf_changed":false},"pwb-brand":[2166],"product_brand":[],"product_cat":[1729,1826],"product_tag":[],"class_list":{"0":"post-62642","1":"product","2":"type-product","3":"status-publish","4":"has-post-thumbnail","6":"pwb-brand-3m-it","7":"product_cat-nastro-per-mascheratura-di-vernici","8":"product_cat-nastri-monoadesivi","10":"first","11":"instock","12":"taxable","13":"shipping-taxable","14":"purchasable","15":"product-type-variable"},"acf":[],"yoast_head":"<!-- This site is optimized with the Yoast SEO plugin v27.3 - https:\/\/yoast.com\/product\/yoast-seo-wordpress\/ -->\n<title>Nastro adesivo 3M 1104 | Cardinal TAPES<\/title>\n<meta name=\"description\" content=\"Il nastro Scotch 1104 viene utilizzato principalmente su materiali sensibili, come il titanio, il metallo anodizzato o il legno trattato. Per saperne di pi\u00f9.\" \/>\n<meta name=\"robots\" content=\"index, follow, max-snippet:-1, max-image-preview:large, max-video-preview:-1\" \/>\n<link rel=\"canonical\" href=\"https:\/\/cardinal-tapes.com\/it\/nastri-adesivi\/aree-di-applicazione\/nastro-per-mascheratura-di-vernici\/3m-tape-1104\/\" \/>\n<meta property=\"og:locale\" content=\"it_IT\" \/>\n<meta property=\"og:type\" content=\"article\" \/>\n<meta property=\"og:title\" content=\"Nastro adesivo 3M 1104 | Cardinal TAPES\" \/>\n<meta property=\"og:description\" content=\"Il nastro Scotch 1104 viene utilizzato principalmente su materiali sensibili, come il titanio, il metallo anodizzato o il legno trattato. Per saperne di pi\u00f9.\" \/>\n<meta property=\"og:url\" content=\"https:\/\/cardinal-tapes.com\/it\/nastri-adesivi\/aree-di-applicazione\/nastro-per-mascheratura-di-vernici\/3m-tape-1104\/\" \/>\n<meta property=\"og:site_name\" content=\"cardinal TAPES\" \/>\n<meta property=\"article:modified_time\" content=\"2025-07-03T14:25:12+00:00\" \/>\n<meta property=\"og:image\" content=\"https:\/\/cardinal-tapes.com\/wp-content\/uploads\/3m_scotch_spezial_lackier_abdeckband_1104.jpg\" \/>\n\t<meta property=\"og:image:width\" content=\"600\" \/>\n\t<meta property=\"og:image:height\" content=\"600\" \/>\n\t<meta property=\"og:image:type\" content=\"image\/jpeg\" \/>\n<meta name=\"twitter:card\" content=\"summary_large_image\" \/>\n<meta name=\"twitter:label1\" content=\"Tempo di lettura stimato\" \/>\n\t<meta name=\"twitter:data1\" content=\"1 minuto\" \/>\n<script type=\"application\/ld+json\" class=\"yoast-schema-graph\">{\"@context\":\"https:\\\/\\\/schema.org\",\"@graph\":[{\"@type\":\"WebPage\",\"@id\":\"https:\\\/\\\/cardinal-tapes.com\\\/it\\\/nastri-adesivi\\\/aree-di-applicazione\\\/nastro-per-mascheratura-di-vernici\\\/3m-tape-1104\\\/\",\"url\":\"https:\\\/\\\/cardinal-tapes.com\\\/it\\\/nastri-adesivi\\\/aree-di-applicazione\\\/nastro-per-mascheratura-di-vernici\\\/3m-tape-1104\\\/\",\"name\":\"Nastro adesivo 3M 1104 | Cardinal TAPES\",\"isPartOf\":{\"@id\":\"https:\\\/\\\/cardinal-tapes.com\\\/#website\"},\"primaryImageOfPage\":{\"@id\":\"https:\\\/\\\/cardinal-tapes.com\\\/it\\\/nastri-adesivi\\\/aree-di-applicazione\\\/nastro-per-mascheratura-di-vernici\\\/3m-tape-1104\\\/#primaryimage\"},\"image\":{\"@id\":\"https:\\\/\\\/cardinal-tapes.com\\\/it\\\/nastri-adesivi\\\/aree-di-applicazione\\\/nastro-per-mascheratura-di-vernici\\\/3m-tape-1104\\\/#primaryimage\"},\"thumbnailUrl\":\"https:\\\/\\\/cardinal-tapes.com\\\/wp-content\\\/uploads\\\/3m_scotch_spezial_lackier_abdeckband_1104.jpg\",\"datePublished\":\"2023-06-06T08:20:43+00:00\",\"dateModified\":\"2025-07-03T14:25:12+00:00\",\"description\":\"Il nastro Scotch 1104 viene utilizzato principalmente su materiali sensibili, come il titanio, il metallo anodizzato o il legno trattato. Per saperne di pi\u00f9.\",\"breadcrumb\":{\"@id\":\"https:\\\/\\\/cardinal-tapes.com\\\/it\\\/nastri-adesivi\\\/aree-di-applicazione\\\/nastro-per-mascheratura-di-vernici\\\/3m-tape-1104\\\/#breadcrumb\"},\"inLanguage\":\"it-IT\",\"potentialAction\":[{\"@type\":\"ReadAction\",\"target\":[\"https:\\\/\\\/cardinal-tapes.com\\\/it\\\/nastri-adesivi\\\/aree-di-applicazione\\\/nastro-per-mascheratura-di-vernici\\\/3m-tape-1104\\\/\"]}]},{\"@type\":\"ImageObject\",\"inLanguage\":\"it-IT\",\"@id\":\"https:\\\/\\\/cardinal-tapes.com\\\/it\\\/nastri-adesivi\\\/aree-di-applicazione\\\/nastro-per-mascheratura-di-vernici\\\/3m-tape-1104\\\/#primaryimage\",\"url\":\"https:\\\/\\\/cardinal-tapes.com\\\/wp-content\\\/uploads\\\/3m_scotch_spezial_lackier_abdeckband_1104.jpg\",\"contentUrl\":\"https:\\\/\\\/cardinal-tapes.com\\\/wp-content\\\/uploads\\\/3m_scotch_spezial_lackier_abdeckband_1104.jpg\",\"width\":600,\"height\":600,\"caption\":\"Nastro adesivo Scotch 3M\"},{\"@type\":\"BreadcrumbList\",\"@id\":\"https:\\\/\\\/cardinal-tapes.com\\\/it\\\/nastri-adesivi\\\/aree-di-applicazione\\\/nastro-per-mascheratura-di-vernici\\\/3m-tape-1104\\\/#breadcrumb\",\"itemListElement\":[{\"@type\":\"ListItem\",\"position\":1,\"name\":\"Startseite\",\"item\":\"https:\\\/\\\/cardinal-tapes.com\\\/it\\\/casa\\\/\"},{\"@type\":\"ListItem\",\"position\":2,\"name\":\"Nastri adesivi\",\"item\":\"https:\\\/\\\/cardinal-tapes.com\\\/it\\\/nastri-adesivi-it\\\/\"},{\"@type\":\"ListItem\",\"position\":3,\"name\":\"Aree di applicazione\",\"item\":\"https:\\\/\\\/cardinal-tapes.com\\\/it\\\/categoria\\\/aree-di-applicazione\\\/\"},{\"@type\":\"ListItem\",\"position\":4,\"name\":\"Nastro per mascheratura di vernici\",\"item\":\"https:\\\/\\\/cardinal-tapes.com\\\/it\\\/categoria\\\/nastro-per-mascheratura-di-vernici\\\/\"},{\"@type\":\"ListItem\",\"position\":5,\"name\":\"Nastro adesivo 3M\u2122 1104\"}]},{\"@type\":\"WebSite\",\"@id\":\"https:\\\/\\\/cardinal-tapes.com\\\/#website\",\"url\":\"https:\\\/\\\/cardinal-tapes.com\\\/\",\"name\":\"cardinal TAPES\",\"description\":\"Klebetechnik aus Wuppertal\",\"potentialAction\":[{\"@type\":\"SearchAction\",\"target\":{\"@type\":\"EntryPoint\",\"urlTemplate\":\"https:\\\/\\\/cardinal-tapes.com\\\/?s={search_term_string}\"},\"query-input\":{\"@type\":\"PropertyValueSpecification\",\"valueRequired\":true,\"valueName\":\"search_term_string\"}}],\"inLanguage\":\"it-IT\"}]}<\/script>\n<!-- \/ Yoast SEO plugin. -->","yoast_head_json":{"title":"Nastro adesivo 3M 1104 | Cardinal TAPES","description":"Il nastro Scotch 1104 viene utilizzato principalmente su materiali sensibili, come il titanio, il metallo anodizzato o il legno trattato. Per saperne di pi\u00f9.","robots":{"index":"index","follow":"follow","max-snippet":"max-snippet:-1","max-image-preview":"max-image-preview:large","max-video-preview":"max-video-preview:-1"},"canonical":"https:\/\/cardinal-tapes.com\/it\/nastri-adesivi\/aree-di-applicazione\/nastro-per-mascheratura-di-vernici\/3m-tape-1104\/","og_locale":"it_IT","og_type":"article","og_title":"Nastro adesivo 3M 1104 | Cardinal TAPES","og_description":"Il nastro Scotch 1104 viene utilizzato principalmente su materiali sensibili, come il titanio, il metallo anodizzato o il legno trattato. Per saperne di pi\u00f9.","og_url":"https:\/\/cardinal-tapes.com\/it\/nastri-adesivi\/aree-di-applicazione\/nastro-per-mascheratura-di-vernici\/3m-tape-1104\/","og_site_name":"cardinal TAPES","article_modified_time":"2025-07-03T14:25:12+00:00","og_image":[{"width":600,"height":600,"url":"https:\/\/cardinal-tapes.com\/wp-content\/uploads\/3m_scotch_spezial_lackier_abdeckband_1104.jpg","type":"image\/jpeg"}],"twitter_card":"summary_large_image","twitter_misc":{"Tempo di lettura stimato":"1 minuto"},"schema":{"@context":"https:\/\/schema.org","@graph":[{"@type":"WebPage","@id":"https:\/\/cardinal-tapes.com\/it\/nastri-adesivi\/aree-di-applicazione\/nastro-per-mascheratura-di-vernici\/3m-tape-1104\/","url":"https:\/\/cardinal-tapes.com\/it\/nastri-adesivi\/aree-di-applicazione\/nastro-per-mascheratura-di-vernici\/3m-tape-1104\/","name":"Nastro adesivo 3M 1104 | Cardinal TAPES","isPartOf":{"@id":"https:\/\/cardinal-tapes.com\/#website"},"primaryImageOfPage":{"@id":"https:\/\/cardinal-tapes.com\/it\/nastri-adesivi\/aree-di-applicazione\/nastro-per-mascheratura-di-vernici\/3m-tape-1104\/#primaryimage"},"image":{"@id":"https:\/\/cardinal-tapes.com\/it\/nastri-adesivi\/aree-di-applicazione\/nastro-per-mascheratura-di-vernici\/3m-tape-1104\/#primaryimage"},"thumbnailUrl":"https:\/\/cardinal-tapes.com\/wp-content\/uploads\/3m_scotch_spezial_lackier_abdeckband_1104.jpg","datePublished":"2023-06-06T08:20:43+00:00","dateModified":"2025-07-03T14:25:12+00:00","description":"Il nastro Scotch 1104 viene utilizzato principalmente su materiali sensibili, come il titanio, il metallo anodizzato o il legno trattato. Per saperne di pi\u00f9.","breadcrumb":{"@id":"https:\/\/cardinal-tapes.com\/it\/nastri-adesivi\/aree-di-applicazione\/nastro-per-mascheratura-di-vernici\/3m-tape-1104\/#breadcrumb"},"inLanguage":"it-IT","potentialAction":[{"@type":"ReadAction","target":["https:\/\/cardinal-tapes.com\/it\/nastri-adesivi\/aree-di-applicazione\/nastro-per-mascheratura-di-vernici\/3m-tape-1104\/"]}]},{"@type":"ImageObject","inLanguage":"it-IT","@id":"https:\/\/cardinal-tapes.com\/it\/nastri-adesivi\/aree-di-applicazione\/nastro-per-mascheratura-di-vernici\/3m-tape-1104\/#primaryimage","url":"https:\/\/cardinal-tapes.com\/wp-content\/uploads\/3m_scotch_spezial_lackier_abdeckband_1104.jpg","contentUrl":"https:\/\/cardinal-tapes.com\/wp-content\/uploads\/3m_scotch_spezial_lackier_abdeckband_1104.jpg","width":600,"height":600,"caption":"Nastro adesivo Scotch 3M"},{"@type":"BreadcrumbList","@id":"https:\/\/cardinal-tapes.com\/it\/nastri-adesivi\/aree-di-applicazione\/nastro-per-mascheratura-di-vernici\/3m-tape-1104\/#breadcrumb","itemListElement":[{"@type":"ListItem","position":1,"name":"Startseite","item":"https:\/\/cardinal-tapes.com\/it\/casa\/"},{"@type":"ListItem","position":2,"name":"Nastri adesivi","item":"https:\/\/cardinal-tapes.com\/it\/nastri-adesivi-it\/"},{"@type":"ListItem","position":3,"name":"Aree di applicazione","item":"https:\/\/cardinal-tapes.com\/it\/categoria\/aree-di-applicazione\/"},{"@type":"ListItem","position":4,"name":"Nastro per mascheratura di vernici","item":"https:\/\/cardinal-tapes.com\/it\/categoria\/nastro-per-mascheratura-di-vernici\/"},{"@type":"ListItem","position":5,"name":"Nastro adesivo 3M\u2122 1104"}]},{"@type":"WebSite","@id":"https:\/\/cardinal-tapes.com\/#website","url":"https:\/\/cardinal-tapes.com\/","name":"cardinal TAPES","description":"Klebetechnik aus Wuppertal","potentialAction":[{"@type":"SearchAction","target":{"@type":"EntryPoint","urlTemplate":"https:\/\/cardinal-tapes.com\/?s={search_term_string}"},"query-input":{"@type":"PropertyValueSpecification","valueRequired":true,"valueName":"search_term_string"}}],"inLanguage":"it-IT"}]}},"brands":[{"id":2166,"name":"3M","slug":"3m-it"}],"_links":{"self":[{"href":"https:\/\/cardinal-tapes.com\/it\/wp-json\/wp\/v2\/product\/62642","targetHints":{"allow":["GET"]}}],"collection":[{"href":"https:\/\/cardinal-tapes.com\/it\/wp-json\/wp\/v2\/product"}],"about":[{"href":"https:\/\/cardinal-tapes.com\/it\/wp-json\/wp\/v2\/types\/product"}],"wp:featuredmedia":[{"embeddable":true,"href":"https:\/\/cardinal-tapes.com\/it\/wp-json\/wp\/v2\/media\/24473"}],"wp:attachment":[{"href":"https:\/\/cardinal-tapes.com\/it\/wp-json\/wp\/v2\/media?parent=62642"}],"wp:term":[{"taxonomy":"pwb-brand","embeddable":true,"href":"https:\/\/cardinal-tapes.com\/it\/wp-json\/wp\/v2\/pwb-brand?post=62642"},{"taxonomy":"product_brand","embeddable":true,"href":"https:\/\/cardinal-tapes.com\/it\/wp-json\/wp\/v2\/product_brand?post=62642"},{"taxonomy":"product_cat","embeddable":true,"href":"https:\/\/cardinal-tapes.com\/it\/wp-json\/wp\/v2\/product_cat?post=62642"},{"taxonomy":"product_tag","embeddable":true,"href":"https:\/\/cardinal-tapes.com\/it\/wp-json\/wp\/v2\/product_tag?post=62642"}],"curies":[{"name":"wp","href":"https:\/\/api.w.org\/{rel}","templated":true}]}}