{"id":61429,"date":"2017-12-08T09:17:56","date_gmt":"2017-12-08T08:17:56","guid":{"rendered":"https:\/\/cardinal.pixel-tal.de\/klebebaender\/senza-categoria\/nastro-adesivo-3m-2836\/"},"modified":"2025-07-07T12:08:04","modified_gmt":"2025-07-07T10:08:04","slug":"nastro-adesivo-3m-2836","status":"publish","type":"product","link":"https:\/\/cardinal-tapes.com\/it\/nastri-adesivi\/aree-di-applicazione\/nastro-di-carta\/nastro-adesivo-3m-2836\/","title":{"rendered":"Nastro adesivo 3M\u2122 2836"},"content":{"rendered":"<p>Il nastro 3M\u2122 Scotch Tape 2836 \u00e8 utilizzato principalmente nell&#8217;industria automobilistica e nei processi di verniciatura a temperature elevate. Ci\u00f2 \u00e8 dovuto principalmente alla resistenza alle alte temperature, pari a 140 \u00b0C. Inoltre, il nastro 2836 presenta una serie di altri vantaggi. Tra queste, soprattutto la maneggevolezza, l&#8217;elevata resistenza allo strappo, la buona resistenza all&#8217;acqua e ai solventi. Grazie a queste propriet\u00e0, il nastro adesivo pu\u00f2 essere utilizzato anche in modo molto individuale. La larghezza del rotolo pu\u00f2 essere ordinata individualmente su richiesta.<\/p>\n<p><strong>Propriet\u00e0<\/strong><br \/>\nIl nastro adesivo crespo2836 \u00e8 un nastro malleabile, resistente alla carteggiatura a umido e caratterizzato da una buona rimovibilit\u00e0 anche su superfici critiche. \u00c8 inoltre resistente a temperature fino a 140\u00b0C per brevi periodi e ai solventi.<\/p>\n<p><strong>Applicazioni<\/strong><br \/>\n&#8211; Mascheratura durante la pittura e la verniciatura<\/p>\n","protected":false},"excerpt":{"rendered":"<p>Il nastro 3M\u2122 Scotch Tape 2836 \u00e8 utilizzato principalmente nell&#8217;industria automobilistica e nei processi di verniciatura a temperature elevate. Ci\u00f2 \u00e8 dovuto principalmente alla resistenza alle alte temperature, pari a 140 \u00b0C. Inoltre, il nastro 2836 presenta una serie di altri vantaggi. Tra queste, soprattutto la maneggevolezza, l&#8217;elevata resistenza allo strappo, la buona resistenza all&#8217;acqua [&hellip;]<\/p>\n","protected":false},"featured_media":24445,"template":"","meta":{"_acf_changed":false},"pwb-brand":[2166],"product_brand":[],"product_cat":[1776,1826],"product_tag":[],"class_list":{"0":"post-61429","1":"product","2":"type-product","3":"status-publish","4":"has-post-thumbnail","6":"pwb-brand-3m-it","7":"product_cat-nastro-di-carta","8":"product_cat-nastri-monoadesivi","10":"first","11":"instock","12":"taxable","13":"shipping-taxable","14":"purchasable","15":"product-type-simple"},"acf":[],"yoast_head":"<!-- This site is optimized with the Yoast SEO plugin v27.3 - https:\/\/yoast.com\/product\/yoast-seo-wordpress\/ -->\n<title>Nastro adesivo 3M 2836 | Cardinal TAPES<\/title>\n<meta name=\"description\" content=\"Il nastro adesivo Scotch 2836 \u00e8 utilizzato principalmente nell&#039;industria automobilistica e nei processi di verniciatura a temperature elevate. Per saperne di pi\u00f9.\" \/>\n<meta name=\"robots\" content=\"index, follow, max-snippet:-1, max-image-preview:large, max-video-preview:-1\" \/>\n<link rel=\"canonical\" href=\"https:\/\/cardinal-tapes.com\/it\/nastri-adesivi\/aree-di-applicazione\/nastro-di-carta\/nastro-adesivo-3m-2836\/\" \/>\n<meta property=\"og:locale\" content=\"it_IT\" \/>\n<meta property=\"og:type\" content=\"article\" \/>\n<meta property=\"og:title\" content=\"Nastro adesivo 3M 2836 | Cardinal TAPES\" \/>\n<meta property=\"og:description\" content=\"Il nastro adesivo Scotch 2836 \u00e8 utilizzato principalmente nell&#039;industria automobilistica e nei processi di verniciatura a temperature elevate. Per saperne di pi\u00f9.\" \/>\n<meta property=\"og:url\" content=\"https:\/\/cardinal-tapes.com\/it\/nastri-adesivi\/aree-di-applicazione\/nastro-di-carta\/nastro-adesivo-3m-2836\/\" \/>\n<meta property=\"og:site_name\" content=\"cardinal TAPES\" \/>\n<meta property=\"article:modified_time\" content=\"2025-07-07T10:08:04+00:00\" \/>\n<meta property=\"og:image\" content=\"https:\/\/cardinal-tapes.com\/wp-content\/uploads\/3m_scotch_papierklebeband_2836.jpg\" \/>\n\t<meta property=\"og:image:width\" content=\"600\" \/>\n\t<meta property=\"og:image:height\" content=\"600\" \/>\n\t<meta property=\"og:image:type\" content=\"image\/jpeg\" \/>\n<meta name=\"twitter:card\" content=\"summary_large_image\" \/>\n<meta name=\"twitter:label1\" content=\"Tempo di lettura stimato\" \/>\n\t<meta name=\"twitter:data1\" content=\"1 minuto\" \/>\n<script type=\"application\/ld+json\" class=\"yoast-schema-graph\">{\"@context\":\"https:\\\/\\\/schema.org\",\"@graph\":[{\"@type\":\"WebPage\",\"@id\":\"https:\\\/\\\/cardinal-tapes.com\\\/it\\\/nastri-adesivi\\\/aree-di-applicazione\\\/nastro-di-carta\\\/nastro-adesivo-3m-2836\\\/\",\"url\":\"https:\\\/\\\/cardinal-tapes.com\\\/it\\\/nastri-adesivi\\\/aree-di-applicazione\\\/nastro-di-carta\\\/nastro-adesivo-3m-2836\\\/\",\"name\":\"Nastro adesivo 3M 2836 | Cardinal TAPES\",\"isPartOf\":{\"@id\":\"https:\\\/\\\/cardinal-tapes.com\\\/#website\"},\"primaryImageOfPage\":{\"@id\":\"https:\\\/\\\/cardinal-tapes.com\\\/it\\\/nastri-adesivi\\\/aree-di-applicazione\\\/nastro-di-carta\\\/nastro-adesivo-3m-2836\\\/#primaryimage\"},\"image\":{\"@id\":\"https:\\\/\\\/cardinal-tapes.com\\\/it\\\/nastri-adesivi\\\/aree-di-applicazione\\\/nastro-di-carta\\\/nastro-adesivo-3m-2836\\\/#primaryimage\"},\"thumbnailUrl\":\"https:\\\/\\\/cardinal-tapes.com\\\/wp-content\\\/uploads\\\/3m_scotch_papierklebeband_2836.jpg\",\"datePublished\":\"2017-12-08T08:17:56+00:00\",\"dateModified\":\"2025-07-07T10:08:04+00:00\",\"description\":\"Il nastro adesivo Scotch 2836 \u00e8 utilizzato principalmente nell'industria automobilistica e nei processi di verniciatura a temperature elevate. Per saperne di pi\u00f9.\",\"breadcrumb\":{\"@id\":\"https:\\\/\\\/cardinal-tapes.com\\\/it\\\/nastri-adesivi\\\/aree-di-applicazione\\\/nastro-di-carta\\\/nastro-adesivo-3m-2836\\\/#breadcrumb\"},\"inLanguage\":\"it-IT\",\"potentialAction\":[{\"@type\":\"ReadAction\",\"target\":[\"https:\\\/\\\/cardinal-tapes.com\\\/it\\\/nastri-adesivi\\\/aree-di-applicazione\\\/nastro-di-carta\\\/nastro-adesivo-3m-2836\\\/\"]}]},{\"@type\":\"ImageObject\",\"inLanguage\":\"it-IT\",\"@id\":\"https:\\\/\\\/cardinal-tapes.com\\\/it\\\/nastri-adesivi\\\/aree-di-applicazione\\\/nastro-di-carta\\\/nastro-adesivo-3m-2836\\\/#primaryimage\",\"url\":\"https:\\\/\\\/cardinal-tapes.com\\\/wp-content\\\/uploads\\\/3m_scotch_papierklebeband_2836.jpg\",\"contentUrl\":\"https:\\\/\\\/cardinal-tapes.com\\\/wp-content\\\/uploads\\\/3m_scotch_papierklebeband_2836.jpg\",\"width\":600,\"height\":600,\"caption\":\"Nastro di carta 3M Scotch 2836\"},{\"@type\":\"BreadcrumbList\",\"@id\":\"https:\\\/\\\/cardinal-tapes.com\\\/it\\\/nastri-adesivi\\\/aree-di-applicazione\\\/nastro-di-carta\\\/nastro-adesivo-3m-2836\\\/#breadcrumb\",\"itemListElement\":[{\"@type\":\"ListItem\",\"position\":1,\"name\":\"Startseite\",\"item\":\"https:\\\/\\\/cardinal-tapes.com\\\/it\\\/casa\\\/\"},{\"@type\":\"ListItem\",\"position\":2,\"name\":\"Nastri adesivi\",\"item\":\"https:\\\/\\\/cardinal-tapes.com\\\/it\\\/nastri-adesivi-it\\\/\"},{\"@type\":\"ListItem\",\"position\":3,\"name\":\"Einseitige Klebeb\u00e4nder\",\"item\":\"https:\\\/\\\/cardinal-tapes.com\\\/kategorie\\\/einseitige-klebebaender\\\/\"},{\"@type\":\"ListItem\",\"position\":4,\"name\":\"Nastro adesivo 3M\u2122 2836\"}]},{\"@type\":\"WebSite\",\"@id\":\"https:\\\/\\\/cardinal-tapes.com\\\/#website\",\"url\":\"https:\\\/\\\/cardinal-tapes.com\\\/\",\"name\":\"cardinal TAPES\",\"description\":\"Klebetechnik aus Wuppertal\",\"potentialAction\":[{\"@type\":\"SearchAction\",\"target\":{\"@type\":\"EntryPoint\",\"urlTemplate\":\"https:\\\/\\\/cardinal-tapes.com\\\/?s={search_term_string}\"},\"query-input\":{\"@type\":\"PropertyValueSpecification\",\"valueRequired\":true,\"valueName\":\"search_term_string\"}}],\"inLanguage\":\"it-IT\"}]}<\/script>\n<!-- \/ Yoast SEO plugin. -->","yoast_head_json":{"title":"Nastro adesivo 3M 2836 | Cardinal TAPES","description":"Il nastro adesivo Scotch 2836 \u00e8 utilizzato principalmente nell'industria automobilistica e nei processi di verniciatura a temperature elevate. Per saperne di pi\u00f9.","robots":{"index":"index","follow":"follow","max-snippet":"max-snippet:-1","max-image-preview":"max-image-preview:large","max-video-preview":"max-video-preview:-1"},"canonical":"https:\/\/cardinal-tapes.com\/it\/nastri-adesivi\/aree-di-applicazione\/nastro-di-carta\/nastro-adesivo-3m-2836\/","og_locale":"it_IT","og_type":"article","og_title":"Nastro adesivo 3M 2836 | Cardinal TAPES","og_description":"Il nastro adesivo Scotch 2836 \u00e8 utilizzato principalmente nell'industria automobilistica e nei processi di verniciatura a temperature elevate. Per saperne di pi\u00f9.","og_url":"https:\/\/cardinal-tapes.com\/it\/nastri-adesivi\/aree-di-applicazione\/nastro-di-carta\/nastro-adesivo-3m-2836\/","og_site_name":"cardinal TAPES","article_modified_time":"2025-07-07T10:08:04+00:00","og_image":[{"width":600,"height":600,"url":"https:\/\/cardinal-tapes.com\/wp-content\/uploads\/3m_scotch_papierklebeband_2836.jpg","type":"image\/jpeg"}],"twitter_card":"summary_large_image","twitter_misc":{"Tempo di lettura stimato":"1 minuto"},"schema":{"@context":"https:\/\/schema.org","@graph":[{"@type":"WebPage","@id":"https:\/\/cardinal-tapes.com\/it\/nastri-adesivi\/aree-di-applicazione\/nastro-di-carta\/nastro-adesivo-3m-2836\/","url":"https:\/\/cardinal-tapes.com\/it\/nastri-adesivi\/aree-di-applicazione\/nastro-di-carta\/nastro-adesivo-3m-2836\/","name":"Nastro adesivo 3M 2836 | Cardinal TAPES","isPartOf":{"@id":"https:\/\/cardinal-tapes.com\/#website"},"primaryImageOfPage":{"@id":"https:\/\/cardinal-tapes.com\/it\/nastri-adesivi\/aree-di-applicazione\/nastro-di-carta\/nastro-adesivo-3m-2836\/#primaryimage"},"image":{"@id":"https:\/\/cardinal-tapes.com\/it\/nastri-adesivi\/aree-di-applicazione\/nastro-di-carta\/nastro-adesivo-3m-2836\/#primaryimage"},"thumbnailUrl":"https:\/\/cardinal-tapes.com\/wp-content\/uploads\/3m_scotch_papierklebeband_2836.jpg","datePublished":"2017-12-08T08:17:56+00:00","dateModified":"2025-07-07T10:08:04+00:00","description":"Il nastro adesivo Scotch 2836 \u00e8 utilizzato principalmente nell'industria automobilistica e nei processi di verniciatura a temperature elevate. Per saperne di pi\u00f9.","breadcrumb":{"@id":"https:\/\/cardinal-tapes.com\/it\/nastri-adesivi\/aree-di-applicazione\/nastro-di-carta\/nastro-adesivo-3m-2836\/#breadcrumb"},"inLanguage":"it-IT","potentialAction":[{"@type":"ReadAction","target":["https:\/\/cardinal-tapes.com\/it\/nastri-adesivi\/aree-di-applicazione\/nastro-di-carta\/nastro-adesivo-3m-2836\/"]}]},{"@type":"ImageObject","inLanguage":"it-IT","@id":"https:\/\/cardinal-tapes.com\/it\/nastri-adesivi\/aree-di-applicazione\/nastro-di-carta\/nastro-adesivo-3m-2836\/#primaryimage","url":"https:\/\/cardinal-tapes.com\/wp-content\/uploads\/3m_scotch_papierklebeband_2836.jpg","contentUrl":"https:\/\/cardinal-tapes.com\/wp-content\/uploads\/3m_scotch_papierklebeband_2836.jpg","width":600,"height":600,"caption":"Nastro di carta 3M Scotch 2836"},{"@type":"BreadcrumbList","@id":"https:\/\/cardinal-tapes.com\/it\/nastri-adesivi\/aree-di-applicazione\/nastro-di-carta\/nastro-adesivo-3m-2836\/#breadcrumb","itemListElement":[{"@type":"ListItem","position":1,"name":"Startseite","item":"https:\/\/cardinal-tapes.com\/it\/casa\/"},{"@type":"ListItem","position":2,"name":"Nastri adesivi","item":"https:\/\/cardinal-tapes.com\/it\/nastri-adesivi-it\/"},{"@type":"ListItem","position":3,"name":"Einseitige Klebeb\u00e4nder","item":"https:\/\/cardinal-tapes.com\/kategorie\/einseitige-klebebaender\/"},{"@type":"ListItem","position":4,"name":"Nastro adesivo 3M\u2122 2836"}]},{"@type":"WebSite","@id":"https:\/\/cardinal-tapes.com\/#website","url":"https:\/\/cardinal-tapes.com\/","name":"cardinal TAPES","description":"Klebetechnik aus Wuppertal","potentialAction":[{"@type":"SearchAction","target":{"@type":"EntryPoint","urlTemplate":"https:\/\/cardinal-tapes.com\/?s={search_term_string}"},"query-input":{"@type":"PropertyValueSpecification","valueRequired":true,"valueName":"search_term_string"}}],"inLanguage":"it-IT"}]}},"brands":[{"id":2166,"name":"3M","slug":"3m-it"}],"_links":{"self":[{"href":"https:\/\/cardinal-tapes.com\/it\/wp-json\/wp\/v2\/product\/61429","targetHints":{"allow":["GET"]}}],"collection":[{"href":"https:\/\/cardinal-tapes.com\/it\/wp-json\/wp\/v2\/product"}],"about":[{"href":"https:\/\/cardinal-tapes.com\/it\/wp-json\/wp\/v2\/types\/product"}],"wp:featuredmedia":[{"embeddable":true,"href":"https:\/\/cardinal-tapes.com\/it\/wp-json\/wp\/v2\/media\/24445"}],"wp:attachment":[{"href":"https:\/\/cardinal-tapes.com\/it\/wp-json\/wp\/v2\/media?parent=61429"}],"wp:term":[{"taxonomy":"pwb-brand","embeddable":true,"href":"https:\/\/cardinal-tapes.com\/it\/wp-json\/wp\/v2\/pwb-brand?post=61429"},{"taxonomy":"product_brand","embeddable":true,"href":"https:\/\/cardinal-tapes.com\/it\/wp-json\/wp\/v2\/product_brand?post=61429"},{"taxonomy":"product_cat","embeddable":true,"href":"https:\/\/cardinal-tapes.com\/it\/wp-json\/wp\/v2\/product_cat?post=61429"},{"taxonomy":"product_tag","embeddable":true,"href":"https:\/\/cardinal-tapes.com\/it\/wp-json\/wp\/v2\/product_tag?post=61429"}],"curies":[{"name":"wp","href":"https:\/\/api.w.org\/{rel}","templated":true}]}}