{"id":61048,"date":"2017-12-08T09:48:10","date_gmt":"2023-06-06T08:09:57","guid":{"rendered":"https:\/\/cardinal.pixel-tal.de\/klebebaender\/senza-categoria\/nastro-in-poliuretano-floccato-3m-8581\/"},"modified":"2023-06-06T10:09:57","modified_gmt":"2023-06-06T08:09:57","slug":"3m-8581-nastro-adesivo-in-poliammide-flottato-poliuretano","status":"publish","type":"product","link":"https:\/\/cardinal-tapes.com\/it\/nastri-adesivi\/nastri-monoadesivi\/3m-8581-nastro-adesivo-in-poliammide-flottato-poliuretano\/","title":{"rendered":"Nastro in poliuretano floccato 3M\u2122 8581"},"content":{"rendered":"<p>Lo Scotch\u2122 8581 \u00e8 un nastro in poliuretano floccato con fibre di poliammide nere, ricoperto da una carta protettiva repellente all&#8217;adesivo.<br \/>\nL&#8217;eccellente ancoraggio dei fiocchi e l&#8217;elevata resistenza all&#8217;abrasione del materiale del fiocco e del supporto in poliuretano garantiscono un uso prolungato anche nelle condizioni pi\u00f9 difficili.<\/p>\n<p><strong>Propriet\u00e0<br \/>\n<\/strong>Il nastro adesivo 8581 \u00e8 caratterizzato da una buona resistenza alla temperatura e da un&#8217;eccellente conformabilit\u00e0 con una lunga durata.<\/p>\n<p class=\"SNAPS--pdpTabDes\"><strong>Applicazioni:<br \/>\n<\/strong>&#8211; smorzamento del rumore tra parti mobili e non mobili da unire<br \/>\n&#8211; Rivestimento antigraffio e smorzamento degli urti nella produzione e nella finitura della lamiera<br \/>\n&#8211; Guarnizione o nastro di arresto su porte e finestre scorrevoli<br \/>\n&#8211; Rivestimento antigraffio per la protezione di parti di macchine per lo stampaggio a iniezione di materie plastiche<\/p>\n","protected":false},"excerpt":{"rendered":"<p>Lo Scotch\u2122 8581 \u00e8 un nastro in poliuretano floccato con fibre di poliammide nere, ricoperto da una carta protettiva repellente all&#8217;adesivo. L&#8217;eccellente ancoraggio dei fiocchi e l&#8217;elevata resistenza all&#8217;abrasione del materiale del fiocco e del supporto in poliuretano garantiscono un uso prolungato anche nelle condizioni pi\u00f9 difficili. Propriet\u00e0 Il nastro adesivo 8581 \u00e8 caratterizzato da [&hellip;]<\/p>\n","protected":false},"featured_media":24481,"template":"","meta":{"_acf_changed":false},"pwb-brand":[2166],"product_brand":[],"product_cat":[1826],"product_tag":[],"class_list":{"0":"post-61048","1":"product","2":"type-product","3":"status-publish","4":"has-post-thumbnail","6":"pwb-brand-3m-it","7":"product_cat-nastri-monoadesivi","9":"first","10":"instock","11":"taxable","12":"shipping-taxable","13":"purchasable","14":"product-type-variable"},"acf":[],"yoast_head":"<!-- This site is optimized with the Yoast SEO plugin v27.3 - https:\/\/yoast.com\/product\/yoast-seo-wordpress\/ -->\n<title>Nastro in poliuretano floccato poliestere 3M\u2122 8581 | Nastri cardinali<\/title>\n<meta name=\"description\" content=\"Scotch\u2122 8581 \u00e8 un nastro poliuretanico floccato con fibre di poliammide nere, ricoperto da una carta protettiva repellente all&#039;adesivo.\" \/>\n<meta name=\"robots\" content=\"index, follow, max-snippet:-1, max-image-preview:large, max-video-preview:-1\" \/>\n<link rel=\"canonical\" href=\"https:\/\/cardinal-tapes.com\/it\/nastri-adesivi\/nastri-monoadesivi\/3m-8581-nastro-adesivo-in-poliammide-flottato-poliuretano\/\" \/>\n<meta property=\"og:locale\" content=\"it_IT\" \/>\n<meta property=\"og:type\" content=\"article\" \/>\n<meta property=\"og:title\" content=\"Nastro in poliuretano floccato poliestere 3M\u2122 8581 | Nastri cardinali\" \/>\n<meta property=\"og:description\" content=\"Scotch\u2122 8581 \u00e8 un nastro poliuretanico floccato con fibre di poliammide nere, ricoperto da una carta protettiva repellente all&#039;adesivo.\" \/>\n<meta property=\"og:url\" content=\"https:\/\/cardinal-tapes.com\/it\/nastri-adesivi\/nastri-monoadesivi\/3m-8581-nastro-adesivo-in-poliammide-flottato-poliuretano\/\" \/>\n<meta property=\"og:site_name\" content=\"cardinal TAPES\" \/>\n<meta property=\"og:image\" content=\"https:\/\/cardinal-tapes.com\/wp-content\/uploads\/3m_polyesterbeflocktes_polyurethanklebeband_8581.jpg\" \/>\n\t<meta property=\"og:image:width\" content=\"600\" \/>\n\t<meta property=\"og:image:height\" content=\"600\" \/>\n\t<meta property=\"og:image:type\" content=\"image\/jpeg\" \/>\n<meta name=\"twitter:card\" content=\"summary_large_image\" \/>\n<meta name=\"twitter:label1\" content=\"Tempo di lettura stimato\" \/>\n\t<meta name=\"twitter:data1\" content=\"1 minuto\" \/>\n<script type=\"application\/ld+json\" class=\"yoast-schema-graph\">{\"@context\":\"https:\\\/\\\/schema.org\",\"@graph\":[{\"@type\":\"WebPage\",\"@id\":\"https:\\\/\\\/cardinal-tapes.com\\\/it\\\/nastri-adesivi\\\/nastri-monoadesivi\\\/3m-8581-nastro-adesivo-in-poliammide-flottato-poliuretano\\\/\",\"url\":\"https:\\\/\\\/cardinal-tapes.com\\\/it\\\/nastri-adesivi\\\/nastri-monoadesivi\\\/3m-8581-nastro-adesivo-in-poliammide-flottato-poliuretano\\\/\",\"name\":\"Nastro in poliuretano floccato poliestere 3M\u2122 8581 | Nastri cardinali\",\"isPartOf\":{\"@id\":\"https:\\\/\\\/cardinal-tapes.com\\\/#website\"},\"primaryImageOfPage\":{\"@id\":\"https:\\\/\\\/cardinal-tapes.com\\\/it\\\/nastri-adesivi\\\/nastri-monoadesivi\\\/3m-8581-nastro-adesivo-in-poliammide-flottato-poliuretano\\\/#primaryimage\"},\"image\":{\"@id\":\"https:\\\/\\\/cardinal-tapes.com\\\/it\\\/nastri-adesivi\\\/nastri-monoadesivi\\\/3m-8581-nastro-adesivo-in-poliammide-flottato-poliuretano\\\/#primaryimage\"},\"thumbnailUrl\":\"https:\\\/\\\/cardinal-tapes.com\\\/wp-content\\\/uploads\\\/3m_polyesterbeflocktes_polyurethanklebeband_8581.jpg\",\"datePublished\":\"2023-06-06T08:09:57+00:00\",\"description\":\"Scotch\u2122 8581 \u00e8 un nastro poliuretanico floccato con fibre di poliammide nere, ricoperto da una carta protettiva repellente all'adesivo.\",\"breadcrumb\":{\"@id\":\"https:\\\/\\\/cardinal-tapes.com\\\/it\\\/nastri-adesivi\\\/nastri-monoadesivi\\\/3m-8581-nastro-adesivo-in-poliammide-flottato-poliuretano\\\/#breadcrumb\"},\"inLanguage\":\"it-IT\",\"potentialAction\":[{\"@type\":\"ReadAction\",\"target\":[\"https:\\\/\\\/cardinal-tapes.com\\\/it\\\/nastri-adesivi\\\/nastri-monoadesivi\\\/3m-8581-nastro-adesivo-in-poliammide-flottato-poliuretano\\\/\"]}]},{\"@type\":\"ImageObject\",\"inLanguage\":\"it-IT\",\"@id\":\"https:\\\/\\\/cardinal-tapes.com\\\/it\\\/nastri-adesivi\\\/nastri-monoadesivi\\\/3m-8581-nastro-adesivo-in-poliammide-flottato-poliuretano\\\/#primaryimage\",\"url\":\"https:\\\/\\\/cardinal-tapes.com\\\/wp-content\\\/uploads\\\/3m_polyesterbeflocktes_polyurethanklebeband_8581.jpg\",\"contentUrl\":\"https:\\\/\\\/cardinal-tapes.com\\\/wp-content\\\/uploads\\\/3m_polyesterbeflocktes_polyurethanklebeband_8581.jpg\",\"width\":600,\"height\":600,\"caption\":\"Nastro in poliuretano floccato 3M 8581\"},{\"@type\":\"BreadcrumbList\",\"@id\":\"https:\\\/\\\/cardinal-tapes.com\\\/it\\\/nastri-adesivi\\\/nastri-monoadesivi\\\/3m-8581-nastro-adesivo-in-poliammide-flottato-poliuretano\\\/#breadcrumb\",\"itemListElement\":[{\"@type\":\"ListItem\",\"position\":1,\"name\":\"Startseite\",\"item\":\"https:\\\/\\\/cardinal-tapes.com\\\/it\\\/casa\\\/\"},{\"@type\":\"ListItem\",\"position\":2,\"name\":\"Nastri adesivi\",\"item\":\"https:\\\/\\\/cardinal-tapes.com\\\/it\\\/nastri-adesivi-it\\\/\"},{\"@type\":\"ListItem\",\"position\":3,\"name\":\"Nastri monoadesivi\",\"item\":\"https:\\\/\\\/cardinal-tapes.com\\\/it\\\/categoria\\\/nastri-monoadesivi\\\/\"},{\"@type\":\"ListItem\",\"position\":4,\"name\":\"Nastro in poliuretano floccato 3M\u2122 8581\"}]},{\"@type\":\"WebSite\",\"@id\":\"https:\\\/\\\/cardinal-tapes.com\\\/#website\",\"url\":\"https:\\\/\\\/cardinal-tapes.com\\\/\",\"name\":\"cardinal TAPES\",\"description\":\"Klebetechnik aus Wuppertal\",\"potentialAction\":[{\"@type\":\"SearchAction\",\"target\":{\"@type\":\"EntryPoint\",\"urlTemplate\":\"https:\\\/\\\/cardinal-tapes.com\\\/?s={search_term_string}\"},\"query-input\":{\"@type\":\"PropertyValueSpecification\",\"valueRequired\":true,\"valueName\":\"search_term_string\"}}],\"inLanguage\":\"it-IT\"}]}<\/script>\n<!-- \/ Yoast SEO plugin. -->","yoast_head_json":{"title":"Nastro in poliuretano floccato poliestere 3M\u2122 8581 | Nastri cardinali","description":"Scotch\u2122 8581 \u00e8 un nastro poliuretanico floccato con fibre di poliammide nere, ricoperto da una carta protettiva repellente all'adesivo.","robots":{"index":"index","follow":"follow","max-snippet":"max-snippet:-1","max-image-preview":"max-image-preview:large","max-video-preview":"max-video-preview:-1"},"canonical":"https:\/\/cardinal-tapes.com\/it\/nastri-adesivi\/nastri-monoadesivi\/3m-8581-nastro-adesivo-in-poliammide-flottato-poliuretano\/","og_locale":"it_IT","og_type":"article","og_title":"Nastro in poliuretano floccato poliestere 3M\u2122 8581 | Nastri cardinali","og_description":"Scotch\u2122 8581 \u00e8 un nastro poliuretanico floccato con fibre di poliammide nere, ricoperto da una carta protettiva repellente all'adesivo.","og_url":"https:\/\/cardinal-tapes.com\/it\/nastri-adesivi\/nastri-monoadesivi\/3m-8581-nastro-adesivo-in-poliammide-flottato-poliuretano\/","og_site_name":"cardinal TAPES","og_image":[{"width":600,"height":600,"url":"https:\/\/cardinal-tapes.com\/wp-content\/uploads\/3m_polyesterbeflocktes_polyurethanklebeband_8581.jpg","type":"image\/jpeg"}],"twitter_card":"summary_large_image","twitter_misc":{"Tempo di lettura stimato":"1 minuto"},"schema":{"@context":"https:\/\/schema.org","@graph":[{"@type":"WebPage","@id":"https:\/\/cardinal-tapes.com\/it\/nastri-adesivi\/nastri-monoadesivi\/3m-8581-nastro-adesivo-in-poliammide-flottato-poliuretano\/","url":"https:\/\/cardinal-tapes.com\/it\/nastri-adesivi\/nastri-monoadesivi\/3m-8581-nastro-adesivo-in-poliammide-flottato-poliuretano\/","name":"Nastro in poliuretano floccato poliestere 3M\u2122 8581 | Nastri cardinali","isPartOf":{"@id":"https:\/\/cardinal-tapes.com\/#website"},"primaryImageOfPage":{"@id":"https:\/\/cardinal-tapes.com\/it\/nastri-adesivi\/nastri-monoadesivi\/3m-8581-nastro-adesivo-in-poliammide-flottato-poliuretano\/#primaryimage"},"image":{"@id":"https:\/\/cardinal-tapes.com\/it\/nastri-adesivi\/nastri-monoadesivi\/3m-8581-nastro-adesivo-in-poliammide-flottato-poliuretano\/#primaryimage"},"thumbnailUrl":"https:\/\/cardinal-tapes.com\/wp-content\/uploads\/3m_polyesterbeflocktes_polyurethanklebeband_8581.jpg","datePublished":"2023-06-06T08:09:57+00:00","description":"Scotch\u2122 8581 \u00e8 un nastro poliuretanico floccato con fibre di poliammide nere, ricoperto da una carta protettiva repellente all'adesivo.","breadcrumb":{"@id":"https:\/\/cardinal-tapes.com\/it\/nastri-adesivi\/nastri-monoadesivi\/3m-8581-nastro-adesivo-in-poliammide-flottato-poliuretano\/#breadcrumb"},"inLanguage":"it-IT","potentialAction":[{"@type":"ReadAction","target":["https:\/\/cardinal-tapes.com\/it\/nastri-adesivi\/nastri-monoadesivi\/3m-8581-nastro-adesivo-in-poliammide-flottato-poliuretano\/"]}]},{"@type":"ImageObject","inLanguage":"it-IT","@id":"https:\/\/cardinal-tapes.com\/it\/nastri-adesivi\/nastri-monoadesivi\/3m-8581-nastro-adesivo-in-poliammide-flottato-poliuretano\/#primaryimage","url":"https:\/\/cardinal-tapes.com\/wp-content\/uploads\/3m_polyesterbeflocktes_polyurethanklebeband_8581.jpg","contentUrl":"https:\/\/cardinal-tapes.com\/wp-content\/uploads\/3m_polyesterbeflocktes_polyurethanklebeband_8581.jpg","width":600,"height":600,"caption":"Nastro in poliuretano floccato 3M 8581"},{"@type":"BreadcrumbList","@id":"https:\/\/cardinal-tapes.com\/it\/nastri-adesivi\/nastri-monoadesivi\/3m-8581-nastro-adesivo-in-poliammide-flottato-poliuretano\/#breadcrumb","itemListElement":[{"@type":"ListItem","position":1,"name":"Startseite","item":"https:\/\/cardinal-tapes.com\/it\/casa\/"},{"@type":"ListItem","position":2,"name":"Nastri adesivi","item":"https:\/\/cardinal-tapes.com\/it\/nastri-adesivi-it\/"},{"@type":"ListItem","position":3,"name":"Nastri monoadesivi","item":"https:\/\/cardinal-tapes.com\/it\/categoria\/nastri-monoadesivi\/"},{"@type":"ListItem","position":4,"name":"Nastro in poliuretano floccato 3M\u2122 8581"}]},{"@type":"WebSite","@id":"https:\/\/cardinal-tapes.com\/#website","url":"https:\/\/cardinal-tapes.com\/","name":"cardinal TAPES","description":"Klebetechnik aus Wuppertal","potentialAction":[{"@type":"SearchAction","target":{"@type":"EntryPoint","urlTemplate":"https:\/\/cardinal-tapes.com\/?s={search_term_string}"},"query-input":{"@type":"PropertyValueSpecification","valueRequired":true,"valueName":"search_term_string"}}],"inLanguage":"it-IT"}]}},"brands":[{"id":2166,"name":"3M","slug":"3m-it"}],"_links":{"self":[{"href":"https:\/\/cardinal-tapes.com\/it\/wp-json\/wp\/v2\/product\/61048","targetHints":{"allow":["GET"]}}],"collection":[{"href":"https:\/\/cardinal-tapes.com\/it\/wp-json\/wp\/v2\/product"}],"about":[{"href":"https:\/\/cardinal-tapes.com\/it\/wp-json\/wp\/v2\/types\/product"}],"wp:featuredmedia":[{"embeddable":true,"href":"https:\/\/cardinal-tapes.com\/it\/wp-json\/wp\/v2\/media\/24481"}],"wp:attachment":[{"href":"https:\/\/cardinal-tapes.com\/it\/wp-json\/wp\/v2\/media?parent=61048"}],"wp:term":[{"taxonomy":"pwb-brand","embeddable":true,"href":"https:\/\/cardinal-tapes.com\/it\/wp-json\/wp\/v2\/pwb-brand?post=61048"},{"taxonomy":"product_brand","embeddable":true,"href":"https:\/\/cardinal-tapes.com\/it\/wp-json\/wp\/v2\/product_brand?post=61048"},{"taxonomy":"product_cat","embeddable":true,"href":"https:\/\/cardinal-tapes.com\/it\/wp-json\/wp\/v2\/product_cat?post=61048"},{"taxonomy":"product_tag","embeddable":true,"href":"https:\/\/cardinal-tapes.com\/it\/wp-json\/wp\/v2\/product_tag?post=61048"}],"curies":[{"name":"wp","href":"https:\/\/api.w.org\/{rel}","templated":true}]}}