{"id":60950,"date":"2017-12-08T09:45:53","date_gmt":"2023-06-06T08:09:55","guid":{"rendered":"https:\/\/cardinal.pixel-tal.de\/klebebaender\/senza-categoria\/nastro-in-pvc-3m-per-usi-generici-764\/"},"modified":"2025-07-03T16:10:21","modified_gmt":"2025-07-03T14:10:21","slug":"3m-764-nastro-adesivo-in-pvc","status":"publish","type":"product","link":"https:\/\/cardinal-tapes.com\/it\/nastri-adesivi\/nastri-monoadesivi\/film-in-pvc\/3m-764-nastro-adesivo-in-pvc\/","title":{"rendered":"Nastro in PVC 3M\u2122 per usi generici 764"},"content":{"rendered":"<p>Il nastro adesivo 3M\u2122 in PVC morbido \u00e8 adatto a tutte le applicazioni non critiche. Ad esempio, questo nastro pu\u00f2 essere utilizzato per la semplice marcatura a colori, l&#8217;impacchettamento, la marcatura temporanea di parti o macchine e per molti altri scopi. Pu\u00f2 essere utilizzato anche per proteggere dall&#8217;abrasione componenti, dispositivi e prodotti.<\/p>\n<p><strong>Propriet\u00e0<\/strong><br \/>\nIl nastro adesivo in PVC morbido \u00e8 caratterizzato da una buona resistenza alla corrosione, oltre che da flessibilit\u00e0, resistenza all&#8217;abrasione ed elasticit\u00e0. \u00c8 inoltre resistente ai solventi e all&#8217;umidit\u00e0.<\/p>\n<p><strong>Applicazioni<br \/>\n<\/strong>&#8211; Marcatura di aree con carichi giornalieri ridotti, nonch\u00e9 di pareti e tubature<br \/>\n&#8211; Fissaggio generale e impacchettamento<br \/>\n&#8211; Marcatura di pezzi o macchine<br \/>\n&#8211; Protezione di pezzi, sistemi o prodotti dall&#8217;abrasione<br \/>\n&#8211; Incollaggio, avvolgimento o sigillatura di molte superfici curve o di forma tridimensionale<\/p>\n","protected":false},"excerpt":{"rendered":"<p>Il nastro adesivo 3M\u2122 in PVC morbido \u00e8 adatto a tutte le applicazioni non critiche. Ad esempio, questo nastro pu\u00f2 essere utilizzato per la semplice marcatura a colori, l&#8217;impacchettamento, la marcatura temporanea di parti o macchine e per molti altri scopi. Pu\u00f2 essere utilizzato anche per proteggere dall&#8217;abrasione componenti, dispositivi e prodotti. Propriet\u00e0 Il nastro [&hellip;]<\/p>\n","protected":false},"featured_media":24409,"template":"","meta":{"_acf_changed":false},"pwb-brand":[2166],"product_brand":[],"product_cat":[1826,1831],"product_tag":[],"class_list":{"0":"post-60950","1":"product","2":"type-product","3":"status-publish","4":"has-post-thumbnail","6":"pwb-brand-3m-it","7":"product_cat-nastri-monoadesivi","8":"product_cat-film-in-pvc","10":"first","11":"instock","12":"taxable","13":"shipping-taxable","14":"purchasable","15":"product-type-variable"},"acf":[],"yoast_head":"<!-- This site is optimized with the Yoast SEO plugin v27.3 - https:\/\/yoast.com\/product\/yoast-seo-wordpress\/ -->\n<title>Nastro in PVC per uso generale 3M\u2122 764 | Nastri Cardinal<\/title>\n<meta name=\"description\" content=\"Il nastro adesivo 3M in PVC morbido offre una soluzione economica per marcare, impacchettare e sigillare diversi materiali e superfici. Per saperne di pi\u00f9.\" \/>\n<meta name=\"robots\" content=\"index, follow, max-snippet:-1, max-image-preview:large, max-video-preview:-1\" \/>\n<link rel=\"canonical\" href=\"https:\/\/cardinal-tapes.com\/it\/nastri-adesivi\/nastri-monoadesivi\/film-in-pvc\/3m-764-nastro-adesivo-in-pvc\/\" \/>\n<meta property=\"og:locale\" content=\"it_IT\" \/>\n<meta property=\"og:type\" content=\"article\" \/>\n<meta property=\"og:title\" content=\"Nastro in PVC per uso generale 3M\u2122 764 | Nastri Cardinal\" \/>\n<meta property=\"og:description\" content=\"Il nastro adesivo 3M in PVC morbido offre una soluzione economica per marcare, impacchettare e sigillare diversi materiali e superfici. Per saperne di pi\u00f9.\" \/>\n<meta property=\"og:url\" content=\"https:\/\/cardinal-tapes.com\/it\/nastri-adesivi\/nastri-monoadesivi\/film-in-pvc\/3m-764-nastro-adesivo-in-pvc\/\" \/>\n<meta property=\"og:site_name\" content=\"cardinal TAPES\" \/>\n<meta property=\"article:modified_time\" content=\"2025-07-03T14:10:21+00:00\" \/>\n<meta property=\"og:image\" content=\"https:\/\/cardinal-tapes.com\/wp-content\/uploads\/3m_scotch_allzweck_weich_pvc_764.jpg\" \/>\n\t<meta property=\"og:image:width\" content=\"600\" \/>\n\t<meta property=\"og:image:height\" content=\"600\" \/>\n\t<meta property=\"og:image:type\" content=\"image\/jpeg\" \/>\n<meta name=\"twitter:card\" content=\"summary_large_image\" \/>\n<meta name=\"twitter:label1\" content=\"Tempo di lettura stimato\" \/>\n\t<meta name=\"twitter:data1\" content=\"1 minuto\" \/>\n<script type=\"application\/ld+json\" class=\"yoast-schema-graph\">{\"@context\":\"https:\\\/\\\/schema.org\",\"@graph\":[{\"@type\":\"WebPage\",\"@id\":\"https:\\\/\\\/cardinal-tapes.com\\\/it\\\/nastri-adesivi\\\/nastri-monoadesivi\\\/film-in-pvc\\\/3m-764-nastro-adesivo-in-pvc\\\/\",\"url\":\"https:\\\/\\\/cardinal-tapes.com\\\/it\\\/nastri-adesivi\\\/nastri-monoadesivi\\\/film-in-pvc\\\/3m-764-nastro-adesivo-in-pvc\\\/\",\"name\":\"Nastro in PVC per uso generale 3M\u2122 764 | Nastri Cardinal\",\"isPartOf\":{\"@id\":\"https:\\\/\\\/cardinal-tapes.com\\\/#website\"},\"primaryImageOfPage\":{\"@id\":\"https:\\\/\\\/cardinal-tapes.com\\\/it\\\/nastri-adesivi\\\/nastri-monoadesivi\\\/film-in-pvc\\\/3m-764-nastro-adesivo-in-pvc\\\/#primaryimage\"},\"image\":{\"@id\":\"https:\\\/\\\/cardinal-tapes.com\\\/it\\\/nastri-adesivi\\\/nastri-monoadesivi\\\/film-in-pvc\\\/3m-764-nastro-adesivo-in-pvc\\\/#primaryimage\"},\"thumbnailUrl\":\"https:\\\/\\\/cardinal-tapes.com\\\/wp-content\\\/uploads\\\/3m_scotch_allzweck_weich_pvc_764.jpg\",\"datePublished\":\"2023-06-06T08:09:55+00:00\",\"dateModified\":\"2025-07-03T14:10:21+00:00\",\"description\":\"Il nastro adesivo 3M in PVC morbido offre una soluzione economica per marcare, impacchettare e sigillare diversi materiali e superfici. Per saperne di pi\u00f9.\",\"breadcrumb\":{\"@id\":\"https:\\\/\\\/cardinal-tapes.com\\\/it\\\/nastri-adesivi\\\/nastri-monoadesivi\\\/film-in-pvc\\\/3m-764-nastro-adesivo-in-pvc\\\/#breadcrumb\"},\"inLanguage\":\"it-IT\",\"potentialAction\":[{\"@type\":\"ReadAction\",\"target\":[\"https:\\\/\\\/cardinal-tapes.com\\\/it\\\/nastri-adesivi\\\/nastri-monoadesivi\\\/film-in-pvc\\\/3m-764-nastro-adesivo-in-pvc\\\/\"]}]},{\"@type\":\"ImageObject\",\"inLanguage\":\"it-IT\",\"@id\":\"https:\\\/\\\/cardinal-tapes.com\\\/it\\\/nastri-adesivi\\\/nastri-monoadesivi\\\/film-in-pvc\\\/3m-764-nastro-adesivo-in-pvc\\\/#primaryimage\",\"url\":\"https:\\\/\\\/cardinal-tapes.com\\\/wp-content\\\/uploads\\\/3m_scotch_allzweck_weich_pvc_764.jpg\",\"contentUrl\":\"https:\\\/\\\/cardinal-tapes.com\\\/wp-content\\\/uploads\\\/3m_scotch_allzweck_weich_pvc_764.jpg\",\"width\":600,\"height\":600,\"caption\":\"Nastro adesivo in PVC 3M Scotch 764\"},{\"@type\":\"BreadcrumbList\",\"@id\":\"https:\\\/\\\/cardinal-tapes.com\\\/it\\\/nastri-adesivi\\\/nastri-monoadesivi\\\/film-in-pvc\\\/3m-764-nastro-adesivo-in-pvc\\\/#breadcrumb\",\"itemListElement\":[{\"@type\":\"ListItem\",\"position\":1,\"name\":\"Startseite\",\"item\":\"https:\\\/\\\/cardinal-tapes.com\\\/it\\\/casa\\\/\"},{\"@type\":\"ListItem\",\"position\":2,\"name\":\"Nastri adesivi\",\"item\":\"https:\\\/\\\/cardinal-tapes.com\\\/it\\\/nastri-adesivi-it\\\/\"},{\"@type\":\"ListItem\",\"position\":3,\"name\":\"Nastri monoadesivi\",\"item\":\"https:\\\/\\\/cardinal-tapes.com\\\/it\\\/categoria\\\/nastri-monoadesivi\\\/\"},{\"@type\":\"ListItem\",\"position\":4,\"name\":\"Film in PVC\",\"item\":\"https:\\\/\\\/cardinal-tapes.com\\\/it\\\/categoria\\\/film-in-pvc\\\/\"},{\"@type\":\"ListItem\",\"position\":5,\"name\":\"Nastro in PVC 3M\u2122 per usi generici 764\"}]},{\"@type\":\"WebSite\",\"@id\":\"https:\\\/\\\/cardinal-tapes.com\\\/#website\",\"url\":\"https:\\\/\\\/cardinal-tapes.com\\\/\",\"name\":\"cardinal TAPES\",\"description\":\"Klebetechnik aus Wuppertal\",\"potentialAction\":[{\"@type\":\"SearchAction\",\"target\":{\"@type\":\"EntryPoint\",\"urlTemplate\":\"https:\\\/\\\/cardinal-tapes.com\\\/?s={search_term_string}\"},\"query-input\":{\"@type\":\"PropertyValueSpecification\",\"valueRequired\":true,\"valueName\":\"search_term_string\"}}],\"inLanguage\":\"it-IT\"}]}<\/script>\n<!-- \/ Yoast SEO plugin. -->","yoast_head_json":{"title":"Nastro in PVC per uso generale 3M\u2122 764 | Nastri Cardinal","description":"Il nastro adesivo 3M in PVC morbido offre una soluzione economica per marcare, impacchettare e sigillare diversi materiali e superfici. Per saperne di pi\u00f9.","robots":{"index":"index","follow":"follow","max-snippet":"max-snippet:-1","max-image-preview":"max-image-preview:large","max-video-preview":"max-video-preview:-1"},"canonical":"https:\/\/cardinal-tapes.com\/it\/nastri-adesivi\/nastri-monoadesivi\/film-in-pvc\/3m-764-nastro-adesivo-in-pvc\/","og_locale":"it_IT","og_type":"article","og_title":"Nastro in PVC per uso generale 3M\u2122 764 | Nastri Cardinal","og_description":"Il nastro adesivo 3M in PVC morbido offre una soluzione economica per marcare, impacchettare e sigillare diversi materiali e superfici. Per saperne di pi\u00f9.","og_url":"https:\/\/cardinal-tapes.com\/it\/nastri-adesivi\/nastri-monoadesivi\/film-in-pvc\/3m-764-nastro-adesivo-in-pvc\/","og_site_name":"cardinal TAPES","article_modified_time":"2025-07-03T14:10:21+00:00","og_image":[{"width":600,"height":600,"url":"https:\/\/cardinal-tapes.com\/wp-content\/uploads\/3m_scotch_allzweck_weich_pvc_764.jpg","type":"image\/jpeg"}],"twitter_card":"summary_large_image","twitter_misc":{"Tempo di lettura stimato":"1 minuto"},"schema":{"@context":"https:\/\/schema.org","@graph":[{"@type":"WebPage","@id":"https:\/\/cardinal-tapes.com\/it\/nastri-adesivi\/nastri-monoadesivi\/film-in-pvc\/3m-764-nastro-adesivo-in-pvc\/","url":"https:\/\/cardinal-tapes.com\/it\/nastri-adesivi\/nastri-monoadesivi\/film-in-pvc\/3m-764-nastro-adesivo-in-pvc\/","name":"Nastro in PVC per uso generale 3M\u2122 764 | Nastri Cardinal","isPartOf":{"@id":"https:\/\/cardinal-tapes.com\/#website"},"primaryImageOfPage":{"@id":"https:\/\/cardinal-tapes.com\/it\/nastri-adesivi\/nastri-monoadesivi\/film-in-pvc\/3m-764-nastro-adesivo-in-pvc\/#primaryimage"},"image":{"@id":"https:\/\/cardinal-tapes.com\/it\/nastri-adesivi\/nastri-monoadesivi\/film-in-pvc\/3m-764-nastro-adesivo-in-pvc\/#primaryimage"},"thumbnailUrl":"https:\/\/cardinal-tapes.com\/wp-content\/uploads\/3m_scotch_allzweck_weich_pvc_764.jpg","datePublished":"2023-06-06T08:09:55+00:00","dateModified":"2025-07-03T14:10:21+00:00","description":"Il nastro adesivo 3M in PVC morbido offre una soluzione economica per marcare, impacchettare e sigillare diversi materiali e superfici. Per saperne di pi\u00f9.","breadcrumb":{"@id":"https:\/\/cardinal-tapes.com\/it\/nastri-adesivi\/nastri-monoadesivi\/film-in-pvc\/3m-764-nastro-adesivo-in-pvc\/#breadcrumb"},"inLanguage":"it-IT","potentialAction":[{"@type":"ReadAction","target":["https:\/\/cardinal-tapes.com\/it\/nastri-adesivi\/nastri-monoadesivi\/film-in-pvc\/3m-764-nastro-adesivo-in-pvc\/"]}]},{"@type":"ImageObject","inLanguage":"it-IT","@id":"https:\/\/cardinal-tapes.com\/it\/nastri-adesivi\/nastri-monoadesivi\/film-in-pvc\/3m-764-nastro-adesivo-in-pvc\/#primaryimage","url":"https:\/\/cardinal-tapes.com\/wp-content\/uploads\/3m_scotch_allzweck_weich_pvc_764.jpg","contentUrl":"https:\/\/cardinal-tapes.com\/wp-content\/uploads\/3m_scotch_allzweck_weich_pvc_764.jpg","width":600,"height":600,"caption":"Nastro adesivo in PVC 3M Scotch 764"},{"@type":"BreadcrumbList","@id":"https:\/\/cardinal-tapes.com\/it\/nastri-adesivi\/nastri-monoadesivi\/film-in-pvc\/3m-764-nastro-adesivo-in-pvc\/#breadcrumb","itemListElement":[{"@type":"ListItem","position":1,"name":"Startseite","item":"https:\/\/cardinal-tapes.com\/it\/casa\/"},{"@type":"ListItem","position":2,"name":"Nastri adesivi","item":"https:\/\/cardinal-tapes.com\/it\/nastri-adesivi-it\/"},{"@type":"ListItem","position":3,"name":"Nastri monoadesivi","item":"https:\/\/cardinal-tapes.com\/it\/categoria\/nastri-monoadesivi\/"},{"@type":"ListItem","position":4,"name":"Film in PVC","item":"https:\/\/cardinal-tapes.com\/it\/categoria\/film-in-pvc\/"},{"@type":"ListItem","position":5,"name":"Nastro in PVC 3M\u2122 per usi generici 764"}]},{"@type":"WebSite","@id":"https:\/\/cardinal-tapes.com\/#website","url":"https:\/\/cardinal-tapes.com\/","name":"cardinal TAPES","description":"Klebetechnik aus Wuppertal","potentialAction":[{"@type":"SearchAction","target":{"@type":"EntryPoint","urlTemplate":"https:\/\/cardinal-tapes.com\/?s={search_term_string}"},"query-input":{"@type":"PropertyValueSpecification","valueRequired":true,"valueName":"search_term_string"}}],"inLanguage":"it-IT"}]}},"brands":[{"id":2166,"name":"3M","slug":"3m-it"}],"_links":{"self":[{"href":"https:\/\/cardinal-tapes.com\/it\/wp-json\/wp\/v2\/product\/60950","targetHints":{"allow":["GET"]}}],"collection":[{"href":"https:\/\/cardinal-tapes.com\/it\/wp-json\/wp\/v2\/product"}],"about":[{"href":"https:\/\/cardinal-tapes.com\/it\/wp-json\/wp\/v2\/types\/product"}],"wp:featuredmedia":[{"embeddable":true,"href":"https:\/\/cardinal-tapes.com\/it\/wp-json\/wp\/v2\/media\/24409"}],"wp:attachment":[{"href":"https:\/\/cardinal-tapes.com\/it\/wp-json\/wp\/v2\/media?parent=60950"}],"wp:term":[{"taxonomy":"pwb-brand","embeddable":true,"href":"https:\/\/cardinal-tapes.com\/it\/wp-json\/wp\/v2\/pwb-brand?post=60950"},{"taxonomy":"product_brand","embeddable":true,"href":"https:\/\/cardinal-tapes.com\/it\/wp-json\/wp\/v2\/product_brand?post=60950"},{"taxonomy":"product_cat","embeddable":true,"href":"https:\/\/cardinal-tapes.com\/it\/wp-json\/wp\/v2\/product_cat?post=60950"},{"taxonomy":"product_tag","embeddable":true,"href":"https:\/\/cardinal-tapes.com\/it\/wp-json\/wp\/v2\/product_tag?post=60950"}],"curies":[{"name":"wp","href":"https:\/\/api.w.org\/{rel}","templated":true}]}}