{"id":60923,"date":"2017-12-08T09:53:37","date_gmt":"2023-06-06T08:09:53","guid":{"rendered":"https:\/\/cardinal.pixel-tal.de\/klebebaender\/senza-categoria\/nastro-da-imballaggio-in-pvc-3m-6890\/"},"modified":"2023-06-06T10:09:53","modified_gmt":"2023-06-06T08:09:53","slug":"3m-6890-pvc-packaging-tape","status":"publish","type":"product","link":"https:\/\/cardinal-tapes.com\/it\/nastri-adesivi\/sistemi-di-imballaggio\/3m-6890-pvc-packaging-tape\/","title":{"rendered":"Nastro da imballaggio in PVC 3M\u2122 6890"},"content":{"rendered":"<p>Il nastro da imballaggio in PVC 3M\u2122 \u00e8 utilizzato principalmente nel settore dei trasporti. Altri vantaggi del nastro sono che pu\u00f2 essere facilmente strappato a mano ed \u00e8 molto silenzioso quando si srotola. L&#8217;adesivo presenta inoltre un&#8217;elevata adesione iniziale e resistenza al taglio su cartone.<\/p>\n<p><strong>Propriet\u00e0<\/strong><br \/>\nLa particolarit\u00e0 del 3M\u2122 3444 \u00e8 che il nastro mantiene la sua adesione a tutte le temperature a cui una confezione \u00e8 solitamente esposta. Questo vale anche per il settore dei surgelati. Il materiale di supporto in PVC \u00e8 resistente all&#8217;umidit\u00e0 e alle sostanze chimiche, pu\u00f2 essere strappato a mano e garantisce uno srotolamento silenzioso.<\/p>\n<p><strong>Applicazioni<\/strong><br \/>\n&#8211; Per la sigillatura di pacchi, l&#8217;unione, il fissaggio, il rinforzo, la termoretrazione e l&#8217;impacchettamento di pacchi leggeri.<\/p>\n","protected":false},"excerpt":{"rendered":"<p>Il nastro da imballaggio in PVC 3M\u2122 \u00e8 utilizzato principalmente nel settore dei trasporti. Altri vantaggi del nastro sono che pu\u00f2 essere facilmente strappato a mano ed \u00e8 molto silenzioso quando si srotola. L&#8217;adesivo presenta inoltre un&#8217;elevata adesione iniziale e resistenza al taglio su cartone. Propriet\u00e0 La particolarit\u00e0 del 3M\u2122 3444 \u00e8 che il nastro [&hellip;]<\/p>\n","protected":false},"featured_media":24505,"template":"","meta":{"_acf_changed":false},"pwb-brand":[2166],"product_brand":[],"product_cat":[1863],"product_tag":[],"class_list":{"0":"post-60923","1":"product","2":"type-product","3":"status-publish","4":"has-post-thumbnail","6":"pwb-brand-3m-it","7":"product_cat-sistemi-di-imballaggio","9":"first","10":"instock","11":"taxable","12":"shipping-taxable","13":"purchasable","14":"product-type-variable"},"acf":[],"yoast_head":"<!-- This site is optimized with the Yoast SEO plugin v27.3 - https:\/\/yoast.com\/product\/yoast-seo-wordpress\/ -->\n<title>Nastro da imballaggio in PVC 3M 6890 | Cardinal TAPES<\/title>\n<meta name=\"description\" content=\"Il nastro da imballaggio in PVC 3M \u00e8 utilizzato principalmente nel settore dei trasporti. Per saperne di pi\u00f9 sulla cassetta, cliccate qui.\" \/>\n<meta name=\"robots\" content=\"index, follow, max-snippet:-1, max-image-preview:large, max-video-preview:-1\" \/>\n<link rel=\"canonical\" href=\"https:\/\/cardinal-tapes.com\/it\/nastri-adesivi\/sistemi-di-imballaggio\/3m-6890-pvc-packaging-tape\/\" \/>\n<meta property=\"og:locale\" content=\"it_IT\" \/>\n<meta property=\"og:type\" content=\"article\" \/>\n<meta property=\"og:title\" content=\"Nastro da imballaggio in PVC 3M 6890 | Cardinal TAPES\" \/>\n<meta property=\"og:description\" content=\"Il nastro da imballaggio in PVC 3M \u00e8 utilizzato principalmente nel settore dei trasporti. Per saperne di pi\u00f9 sulla cassetta, cliccate qui.\" \/>\n<meta property=\"og:url\" content=\"https:\/\/cardinal-tapes.com\/it\/nastri-adesivi\/sistemi-di-imballaggio\/3m-6890-pvc-packaging-tape\/\" \/>\n<meta property=\"og:site_name\" content=\"cardinal TAPES\" \/>\n<meta property=\"og:image\" content=\"https:\/\/cardinal-tapes.com\/wp-content\/uploads\/3m_scotch_verpackungsklebeband_6890.jpg\" \/>\n\t<meta property=\"og:image:width\" content=\"600\" \/>\n\t<meta property=\"og:image:height\" content=\"600\" \/>\n\t<meta property=\"og:image:type\" content=\"image\/jpeg\" \/>\n<meta name=\"twitter:card\" content=\"summary_large_image\" \/>\n<meta name=\"twitter:label1\" content=\"Tempo di lettura stimato\" \/>\n\t<meta name=\"twitter:data1\" content=\"1 minuto\" \/>\n<script type=\"application\/ld+json\" class=\"yoast-schema-graph\">{\"@context\":\"https:\\\/\\\/schema.org\",\"@graph\":[{\"@type\":\"WebPage\",\"@id\":\"https:\\\/\\\/cardinal-tapes.com\\\/it\\\/nastri-adesivi\\\/sistemi-di-imballaggio\\\/3m-6890-pvc-packaging-tape\\\/\",\"url\":\"https:\\\/\\\/cardinal-tapes.com\\\/it\\\/nastri-adesivi\\\/sistemi-di-imballaggio\\\/3m-6890-pvc-packaging-tape\\\/\",\"name\":\"Nastro da imballaggio in PVC 3M 6890 | Cardinal TAPES\",\"isPartOf\":{\"@id\":\"https:\\\/\\\/cardinal-tapes.com\\\/#website\"},\"primaryImageOfPage\":{\"@id\":\"https:\\\/\\\/cardinal-tapes.com\\\/it\\\/nastri-adesivi\\\/sistemi-di-imballaggio\\\/3m-6890-pvc-packaging-tape\\\/#primaryimage\"},\"image\":{\"@id\":\"https:\\\/\\\/cardinal-tapes.com\\\/it\\\/nastri-adesivi\\\/sistemi-di-imballaggio\\\/3m-6890-pvc-packaging-tape\\\/#primaryimage\"},\"thumbnailUrl\":\"https:\\\/\\\/cardinal-tapes.com\\\/wp-content\\\/uploads\\\/3m_scotch_verpackungsklebeband_6890.jpg\",\"datePublished\":\"2023-06-06T08:09:53+00:00\",\"description\":\"Il nastro da imballaggio in PVC 3M \u00e8 utilizzato principalmente nel settore dei trasporti. Per saperne di pi\u00f9 sulla cassetta, cliccate qui.\",\"breadcrumb\":{\"@id\":\"https:\\\/\\\/cardinal-tapes.com\\\/it\\\/nastri-adesivi\\\/sistemi-di-imballaggio\\\/3m-6890-pvc-packaging-tape\\\/#breadcrumb\"},\"inLanguage\":\"it-IT\",\"potentialAction\":[{\"@type\":\"ReadAction\",\"target\":[\"https:\\\/\\\/cardinal-tapes.com\\\/it\\\/nastri-adesivi\\\/sistemi-di-imballaggio\\\/3m-6890-pvc-packaging-tape\\\/\"]}]},{\"@type\":\"ImageObject\",\"inLanguage\":\"it-IT\",\"@id\":\"https:\\\/\\\/cardinal-tapes.com\\\/it\\\/nastri-adesivi\\\/sistemi-di-imballaggio\\\/3m-6890-pvc-packaging-tape\\\/#primaryimage\",\"url\":\"https:\\\/\\\/cardinal-tapes.com\\\/wp-content\\\/uploads\\\/3m_scotch_verpackungsklebeband_6890.jpg\",\"contentUrl\":\"https:\\\/\\\/cardinal-tapes.com\\\/wp-content\\\/uploads\\\/3m_scotch_verpackungsklebeband_6890.jpg\",\"width\":600,\"height\":600,\"caption\":\"Nastro da imballaggio 3M Scotch 6890\"},{\"@type\":\"BreadcrumbList\",\"@id\":\"https:\\\/\\\/cardinal-tapes.com\\\/it\\\/nastri-adesivi\\\/sistemi-di-imballaggio\\\/3m-6890-pvc-packaging-tape\\\/#breadcrumb\",\"itemListElement\":[{\"@type\":\"ListItem\",\"position\":1,\"name\":\"Startseite\",\"item\":\"https:\\\/\\\/cardinal-tapes.com\\\/it\\\/casa\\\/\"},{\"@type\":\"ListItem\",\"position\":2,\"name\":\"Nastri adesivi\",\"item\":\"https:\\\/\\\/cardinal-tapes.com\\\/it\\\/nastri-adesivi-it\\\/\"},{\"@type\":\"ListItem\",\"position\":3,\"name\":\"Sistemi di imballaggio\",\"item\":\"https:\\\/\\\/cardinal-tapes.com\\\/it\\\/categoria\\\/sistemi-di-imballaggio\\\/\"},{\"@type\":\"ListItem\",\"position\":4,\"name\":\"Nastro da imballaggio in PVC 3M\u2122 6890\"}]},{\"@type\":\"WebSite\",\"@id\":\"https:\\\/\\\/cardinal-tapes.com\\\/#website\",\"url\":\"https:\\\/\\\/cardinal-tapes.com\\\/\",\"name\":\"cardinal TAPES\",\"description\":\"Klebetechnik aus Wuppertal\",\"potentialAction\":[{\"@type\":\"SearchAction\",\"target\":{\"@type\":\"EntryPoint\",\"urlTemplate\":\"https:\\\/\\\/cardinal-tapes.com\\\/?s={search_term_string}\"},\"query-input\":{\"@type\":\"PropertyValueSpecification\",\"valueRequired\":true,\"valueName\":\"search_term_string\"}}],\"inLanguage\":\"it-IT\"}]}<\/script>\n<!-- \/ Yoast SEO plugin. -->","yoast_head_json":{"title":"Nastro da imballaggio in PVC 3M 6890 | Cardinal TAPES","description":"Il nastro da imballaggio in PVC 3M \u00e8 utilizzato principalmente nel settore dei trasporti. Per saperne di pi\u00f9 sulla cassetta, cliccate qui.","robots":{"index":"index","follow":"follow","max-snippet":"max-snippet:-1","max-image-preview":"max-image-preview:large","max-video-preview":"max-video-preview:-1"},"canonical":"https:\/\/cardinal-tapes.com\/it\/nastri-adesivi\/sistemi-di-imballaggio\/3m-6890-pvc-packaging-tape\/","og_locale":"it_IT","og_type":"article","og_title":"Nastro da imballaggio in PVC 3M 6890 | Cardinal TAPES","og_description":"Il nastro da imballaggio in PVC 3M \u00e8 utilizzato principalmente nel settore dei trasporti. Per saperne di pi\u00f9 sulla cassetta, cliccate qui.","og_url":"https:\/\/cardinal-tapes.com\/it\/nastri-adesivi\/sistemi-di-imballaggio\/3m-6890-pvc-packaging-tape\/","og_site_name":"cardinal TAPES","og_image":[{"width":600,"height":600,"url":"https:\/\/cardinal-tapes.com\/wp-content\/uploads\/3m_scotch_verpackungsklebeband_6890.jpg","type":"image\/jpeg"}],"twitter_card":"summary_large_image","twitter_misc":{"Tempo di lettura stimato":"1 minuto"},"schema":{"@context":"https:\/\/schema.org","@graph":[{"@type":"WebPage","@id":"https:\/\/cardinal-tapes.com\/it\/nastri-adesivi\/sistemi-di-imballaggio\/3m-6890-pvc-packaging-tape\/","url":"https:\/\/cardinal-tapes.com\/it\/nastri-adesivi\/sistemi-di-imballaggio\/3m-6890-pvc-packaging-tape\/","name":"Nastro da imballaggio in PVC 3M 6890 | Cardinal TAPES","isPartOf":{"@id":"https:\/\/cardinal-tapes.com\/#website"},"primaryImageOfPage":{"@id":"https:\/\/cardinal-tapes.com\/it\/nastri-adesivi\/sistemi-di-imballaggio\/3m-6890-pvc-packaging-tape\/#primaryimage"},"image":{"@id":"https:\/\/cardinal-tapes.com\/it\/nastri-adesivi\/sistemi-di-imballaggio\/3m-6890-pvc-packaging-tape\/#primaryimage"},"thumbnailUrl":"https:\/\/cardinal-tapes.com\/wp-content\/uploads\/3m_scotch_verpackungsklebeband_6890.jpg","datePublished":"2023-06-06T08:09:53+00:00","description":"Il nastro da imballaggio in PVC 3M \u00e8 utilizzato principalmente nel settore dei trasporti. Per saperne di pi\u00f9 sulla cassetta, cliccate qui.","breadcrumb":{"@id":"https:\/\/cardinal-tapes.com\/it\/nastri-adesivi\/sistemi-di-imballaggio\/3m-6890-pvc-packaging-tape\/#breadcrumb"},"inLanguage":"it-IT","potentialAction":[{"@type":"ReadAction","target":["https:\/\/cardinal-tapes.com\/it\/nastri-adesivi\/sistemi-di-imballaggio\/3m-6890-pvc-packaging-tape\/"]}]},{"@type":"ImageObject","inLanguage":"it-IT","@id":"https:\/\/cardinal-tapes.com\/it\/nastri-adesivi\/sistemi-di-imballaggio\/3m-6890-pvc-packaging-tape\/#primaryimage","url":"https:\/\/cardinal-tapes.com\/wp-content\/uploads\/3m_scotch_verpackungsklebeband_6890.jpg","contentUrl":"https:\/\/cardinal-tapes.com\/wp-content\/uploads\/3m_scotch_verpackungsklebeband_6890.jpg","width":600,"height":600,"caption":"Nastro da imballaggio 3M Scotch 6890"},{"@type":"BreadcrumbList","@id":"https:\/\/cardinal-tapes.com\/it\/nastri-adesivi\/sistemi-di-imballaggio\/3m-6890-pvc-packaging-tape\/#breadcrumb","itemListElement":[{"@type":"ListItem","position":1,"name":"Startseite","item":"https:\/\/cardinal-tapes.com\/it\/casa\/"},{"@type":"ListItem","position":2,"name":"Nastri adesivi","item":"https:\/\/cardinal-tapes.com\/it\/nastri-adesivi-it\/"},{"@type":"ListItem","position":3,"name":"Sistemi di imballaggio","item":"https:\/\/cardinal-tapes.com\/it\/categoria\/sistemi-di-imballaggio\/"},{"@type":"ListItem","position":4,"name":"Nastro da imballaggio in PVC 3M\u2122 6890"}]},{"@type":"WebSite","@id":"https:\/\/cardinal-tapes.com\/#website","url":"https:\/\/cardinal-tapes.com\/","name":"cardinal TAPES","description":"Klebetechnik aus Wuppertal","potentialAction":[{"@type":"SearchAction","target":{"@type":"EntryPoint","urlTemplate":"https:\/\/cardinal-tapes.com\/?s={search_term_string}"},"query-input":{"@type":"PropertyValueSpecification","valueRequired":true,"valueName":"search_term_string"}}],"inLanguage":"it-IT"}]}},"brands":[{"id":2166,"name":"3M","slug":"3m-it"}],"_links":{"self":[{"href":"https:\/\/cardinal-tapes.com\/it\/wp-json\/wp\/v2\/product\/60923","targetHints":{"allow":["GET"]}}],"collection":[{"href":"https:\/\/cardinal-tapes.com\/it\/wp-json\/wp\/v2\/product"}],"about":[{"href":"https:\/\/cardinal-tapes.com\/it\/wp-json\/wp\/v2\/types\/product"}],"wp:featuredmedia":[{"embeddable":true,"href":"https:\/\/cardinal-tapes.com\/it\/wp-json\/wp\/v2\/media\/24505"}],"wp:attachment":[{"href":"https:\/\/cardinal-tapes.com\/it\/wp-json\/wp\/v2\/media?parent=60923"}],"wp:term":[{"taxonomy":"pwb-brand","embeddable":true,"href":"https:\/\/cardinal-tapes.com\/it\/wp-json\/wp\/v2\/pwb-brand?post=60923"},{"taxonomy":"product_brand","embeddable":true,"href":"https:\/\/cardinal-tapes.com\/it\/wp-json\/wp\/v2\/product_brand?post=60923"},{"taxonomy":"product_cat","embeddable":true,"href":"https:\/\/cardinal-tapes.com\/it\/wp-json\/wp\/v2\/product_cat?post=60923"},{"taxonomy":"product_tag","embeddable":true,"href":"https:\/\/cardinal-tapes.com\/it\/wp-json\/wp\/v2\/product_tag?post=60923"}],"curies":[{"name":"wp","href":"https:\/\/api.w.org\/{rel}","templated":true}]}}