{"id":60552,"date":"2017-12-22T09:11:33","date_gmt":"2023-06-06T08:06:31","guid":{"rendered":"https:\/\/cardinal.pixel-tal.de\/klebebaender\/senza-categoria\/nastro-biadesivo-3m-415\/"},"modified":"2025-07-04T15:38:09","modified_gmt":"2025-07-04T13:38:09","slug":"3m-415-nastro-adesivo-bifacciale-con-supporto","status":"publish","type":"product","link":"https:\/\/cardinal-tapes.com\/it\/nastri-adesivi\/nastri-monoadesivi\/film-in-pet\/3m-415-nastro-adesivo-bifacciale-con-supporto\/","title":{"rendered":"Nastro biadesivo 3M\u2122 415"},"content":{"rendered":"<p>Il nastro biadesivo 3M\u2122 con supporto in poliestere 415 della serie 400 convince per le sue eccellenti propriet\u00e0 adesive. Il vantaggio particolare di questo nastro adesivo \u00e8 che la forza adesiva sulla maggior parte dei materiali aumenta con l&#8217;aumentare del tempo di permanenza.<\/p>\n<p><strong>Propriet\u00e0<\/strong><br \/>\nL&#8217;adesivo acrilico puro aderisce a superfici diverse come metallo, vernice e la maggior parte delle plastiche, ma anche a carta, vetro e legno. Il nastro \u00e8 estremamente resistente ai raggi UV e presenta una buona resistenza alla temperatura e all&#8217;umidit\u00e0. Anche dopo un lungo periodo di utilizzo, non mostra praticamente alcuno scolorimento o segno di invecchiamento. Inoltre, il nastro biadesivo ha un&#8217;elevata adesione istantanea e una buona resistenza al taglio.<\/p>\n<p><strong>Applicazioni<\/strong><br \/>\n&#8211; Incollaggio di materiali con alta o bassa energia superficiale e metalli<br \/>\n&#8211; Fissaggio di materiali sottili e leggeri come carta o cartone<\/p>\n","protected":false},"excerpt":{"rendered":"<p>Il nastro biadesivo 3M\u2122 con supporto in poliestere 415 della serie 400 convince per le sue eccellenti propriet\u00e0 adesive. Il vantaggio particolare di questo nastro adesivo \u00e8 che la forza adesiva sulla maggior parte dei materiali aumenta con l&#8217;aumentare del tempo di permanenza. Propriet\u00e0 L&#8217;adesivo acrilico puro aderisce a superfici diverse come metallo, vernice e [&hellip;]<\/p>\n","protected":false},"featured_media":25457,"template":"","meta":{"_acf_changed":false},"pwb-brand":[2166],"product_brand":[],"product_cat":[1824,1829],"product_tag":[],"class_list":{"0":"post-60552","1":"product","2":"type-product","3":"status-publish","4":"has-post-thumbnail","6":"pwb-brand-3m-it","7":"product_cat-nastri-biadesivi","8":"product_cat-film-in-pet","10":"first","11":"instock","12":"taxable","13":"shipping-taxable","14":"purchasable","15":"product-type-variable"},"acf":[],"yoast_head":"<!-- This site is optimized with the Yoast SEO plugin v27.3 - https:\/\/yoast.com\/product\/yoast-seo-wordpress\/ -->\n<title>3M 415 Nastro biadesivo con supporto | Cardinal TAPES<\/title>\n<meta name=\"description\" content=\"Il nastro biadesivo 3M 415 \u00e8 rivestito su entrambi i lati con un adesivo acrilico. Per saperne di pi\u00f9, cliccate qui.\" \/>\n<meta name=\"robots\" content=\"index, follow, max-snippet:-1, max-image-preview:large, max-video-preview:-1\" \/>\n<link rel=\"canonical\" href=\"https:\/\/cardinal-tapes.com\/it\/nastri-adesivi\/nastri-monoadesivi\/film-in-pet\/3m-415-nastro-adesivo-bifacciale-con-supporto\/\" \/>\n<meta property=\"og:locale\" content=\"it_IT\" \/>\n<meta property=\"og:type\" content=\"article\" \/>\n<meta property=\"og:title\" content=\"3M 415 Nastro biadesivo con supporto | Cardinal TAPES\" \/>\n<meta property=\"og:description\" content=\"Il nastro biadesivo 3M 415 \u00e8 rivestito su entrambi i lati con un adesivo acrilico. Per saperne di pi\u00f9, cliccate qui.\" \/>\n<meta property=\"og:url\" content=\"https:\/\/cardinal-tapes.com\/it\/nastri-adesivi\/nastri-monoadesivi\/film-in-pet\/3m-415-nastro-adesivo-bifacciale-con-supporto\/\" \/>\n<meta property=\"og:site_name\" content=\"cardinal TAPES\" \/>\n<meta property=\"article:modified_time\" content=\"2025-07-04T13:38:09+00:00\" \/>\n<meta property=\"og:image\" content=\"https:\/\/cardinal-tapes.com\/wp-content\/uploads\/3m_doppelseitig_klebeband_traeger_415.jpg\" \/>\n\t<meta property=\"og:image:width\" content=\"600\" \/>\n\t<meta property=\"og:image:height\" content=\"600\" \/>\n\t<meta property=\"og:image:type\" content=\"image\/jpeg\" \/>\n<meta name=\"twitter:card\" content=\"summary_large_image\" \/>\n<meta name=\"twitter:label1\" content=\"Tempo di lettura stimato\" \/>\n\t<meta name=\"twitter:data1\" content=\"1 minuto\" \/>\n<script type=\"application\/ld+json\" class=\"yoast-schema-graph\">{\"@context\":\"https:\\\/\\\/schema.org\",\"@graph\":[{\"@type\":\"WebPage\",\"@id\":\"https:\\\/\\\/cardinal-tapes.com\\\/it\\\/nastri-adesivi\\\/nastri-monoadesivi\\\/film-in-pet\\\/3m-415-nastro-adesivo-bifacciale-con-supporto\\\/\",\"url\":\"https:\\\/\\\/cardinal-tapes.com\\\/it\\\/nastri-adesivi\\\/nastri-monoadesivi\\\/film-in-pet\\\/3m-415-nastro-adesivo-bifacciale-con-supporto\\\/\",\"name\":\"3M 415 Nastro biadesivo con supporto | Cardinal TAPES\",\"isPartOf\":{\"@id\":\"https:\\\/\\\/cardinal-tapes.com\\\/#website\"},\"primaryImageOfPage\":{\"@id\":\"https:\\\/\\\/cardinal-tapes.com\\\/it\\\/nastri-adesivi\\\/nastri-monoadesivi\\\/film-in-pet\\\/3m-415-nastro-adesivo-bifacciale-con-supporto\\\/#primaryimage\"},\"image\":{\"@id\":\"https:\\\/\\\/cardinal-tapes.com\\\/it\\\/nastri-adesivi\\\/nastri-monoadesivi\\\/film-in-pet\\\/3m-415-nastro-adesivo-bifacciale-con-supporto\\\/#primaryimage\"},\"thumbnailUrl\":\"https:\\\/\\\/cardinal-tapes.com\\\/wp-content\\\/uploads\\\/3m_doppelseitig_klebeband_traeger_415.jpg\",\"datePublished\":\"2023-06-06T08:06:31+00:00\",\"dateModified\":\"2025-07-04T13:38:09+00:00\",\"description\":\"Il nastro biadesivo 3M 415 \u00e8 rivestito su entrambi i lati con un adesivo acrilico. Per saperne di pi\u00f9, cliccate qui.\",\"breadcrumb\":{\"@id\":\"https:\\\/\\\/cardinal-tapes.com\\\/it\\\/nastri-adesivi\\\/nastri-monoadesivi\\\/film-in-pet\\\/3m-415-nastro-adesivo-bifacciale-con-supporto\\\/#breadcrumb\"},\"inLanguage\":\"it-IT\",\"potentialAction\":[{\"@type\":\"ReadAction\",\"target\":[\"https:\\\/\\\/cardinal-tapes.com\\\/it\\\/nastri-adesivi\\\/nastri-monoadesivi\\\/film-in-pet\\\/3m-415-nastro-adesivo-bifacciale-con-supporto\\\/\"]}]},{\"@type\":\"ImageObject\",\"inLanguage\":\"it-IT\",\"@id\":\"https:\\\/\\\/cardinal-tapes.com\\\/it\\\/nastri-adesivi\\\/nastri-monoadesivi\\\/film-in-pet\\\/3m-415-nastro-adesivo-bifacciale-con-supporto\\\/#primaryimage\",\"url\":\"https:\\\/\\\/cardinal-tapes.com\\\/wp-content\\\/uploads\\\/3m_doppelseitig_klebeband_traeger_415.jpg\",\"contentUrl\":\"https:\\\/\\\/cardinal-tapes.com\\\/wp-content\\\/uploads\\\/3m_doppelseitig_klebeband_traeger_415.jpg\",\"width\":600,\"height\":600,\"caption\":\"Nastro biadesivo 3M con supporto 415\"},{\"@type\":\"BreadcrumbList\",\"@id\":\"https:\\\/\\\/cardinal-tapes.com\\\/it\\\/nastri-adesivi\\\/nastri-monoadesivi\\\/film-in-pet\\\/3m-415-nastro-adesivo-bifacciale-con-supporto\\\/#breadcrumb\",\"itemListElement\":[{\"@type\":\"ListItem\",\"position\":1,\"name\":\"Startseite\",\"item\":\"https:\\\/\\\/cardinal-tapes.com\\\/it\\\/casa\\\/\"},{\"@type\":\"ListItem\",\"position\":2,\"name\":\"Nastri adesivi\",\"item\":\"https:\\\/\\\/cardinal-tapes.com\\\/it\\\/nastri-adesivi-it\\\/\"},{\"@type\":\"ListItem\",\"position\":3,\"name\":\"Nastri monoadesivi\",\"item\":\"https:\\\/\\\/cardinal-tapes.com\\\/it\\\/categoria\\\/nastri-monoadesivi\\\/\"},{\"@type\":\"ListItem\",\"position\":4,\"name\":\"Film in PET\",\"item\":\"https:\\\/\\\/cardinal-tapes.com\\\/it\\\/categoria\\\/film-in-pet\\\/\"},{\"@type\":\"ListItem\",\"position\":5,\"name\":\"Nastro biadesivo 3M\u2122 415\"}]},{\"@type\":\"WebSite\",\"@id\":\"https:\\\/\\\/cardinal-tapes.com\\\/#website\",\"url\":\"https:\\\/\\\/cardinal-tapes.com\\\/\",\"name\":\"cardinal TAPES\",\"description\":\"Klebetechnik aus Wuppertal\",\"potentialAction\":[{\"@type\":\"SearchAction\",\"target\":{\"@type\":\"EntryPoint\",\"urlTemplate\":\"https:\\\/\\\/cardinal-tapes.com\\\/?s={search_term_string}\"},\"query-input\":{\"@type\":\"PropertyValueSpecification\",\"valueRequired\":true,\"valueName\":\"search_term_string\"}}],\"inLanguage\":\"it-IT\"}]}<\/script>\n<!-- \/ Yoast SEO plugin. -->","yoast_head_json":{"title":"3M 415 Nastro biadesivo con supporto | Cardinal TAPES","description":"Il nastro biadesivo 3M 415 \u00e8 rivestito su entrambi i lati con un adesivo acrilico. Per saperne di pi\u00f9, cliccate qui.","robots":{"index":"index","follow":"follow","max-snippet":"max-snippet:-1","max-image-preview":"max-image-preview:large","max-video-preview":"max-video-preview:-1"},"canonical":"https:\/\/cardinal-tapes.com\/it\/nastri-adesivi\/nastri-monoadesivi\/film-in-pet\/3m-415-nastro-adesivo-bifacciale-con-supporto\/","og_locale":"it_IT","og_type":"article","og_title":"3M 415 Nastro biadesivo con supporto | Cardinal TAPES","og_description":"Il nastro biadesivo 3M 415 \u00e8 rivestito su entrambi i lati con un adesivo acrilico. Per saperne di pi\u00f9, cliccate qui.","og_url":"https:\/\/cardinal-tapes.com\/it\/nastri-adesivi\/nastri-monoadesivi\/film-in-pet\/3m-415-nastro-adesivo-bifacciale-con-supporto\/","og_site_name":"cardinal TAPES","article_modified_time":"2025-07-04T13:38:09+00:00","og_image":[{"width":600,"height":600,"url":"https:\/\/cardinal-tapes.com\/wp-content\/uploads\/3m_doppelseitig_klebeband_traeger_415.jpg","type":"image\/jpeg"}],"twitter_card":"summary_large_image","twitter_misc":{"Tempo di lettura stimato":"1 minuto"},"schema":{"@context":"https:\/\/schema.org","@graph":[{"@type":"WebPage","@id":"https:\/\/cardinal-tapes.com\/it\/nastri-adesivi\/nastri-monoadesivi\/film-in-pet\/3m-415-nastro-adesivo-bifacciale-con-supporto\/","url":"https:\/\/cardinal-tapes.com\/it\/nastri-adesivi\/nastri-monoadesivi\/film-in-pet\/3m-415-nastro-adesivo-bifacciale-con-supporto\/","name":"3M 415 Nastro biadesivo con supporto | Cardinal TAPES","isPartOf":{"@id":"https:\/\/cardinal-tapes.com\/#website"},"primaryImageOfPage":{"@id":"https:\/\/cardinal-tapes.com\/it\/nastri-adesivi\/nastri-monoadesivi\/film-in-pet\/3m-415-nastro-adesivo-bifacciale-con-supporto\/#primaryimage"},"image":{"@id":"https:\/\/cardinal-tapes.com\/it\/nastri-adesivi\/nastri-monoadesivi\/film-in-pet\/3m-415-nastro-adesivo-bifacciale-con-supporto\/#primaryimage"},"thumbnailUrl":"https:\/\/cardinal-tapes.com\/wp-content\/uploads\/3m_doppelseitig_klebeband_traeger_415.jpg","datePublished":"2023-06-06T08:06:31+00:00","dateModified":"2025-07-04T13:38:09+00:00","description":"Il nastro biadesivo 3M 415 \u00e8 rivestito su entrambi i lati con un adesivo acrilico. Per saperne di pi\u00f9, cliccate qui.","breadcrumb":{"@id":"https:\/\/cardinal-tapes.com\/it\/nastri-adesivi\/nastri-monoadesivi\/film-in-pet\/3m-415-nastro-adesivo-bifacciale-con-supporto\/#breadcrumb"},"inLanguage":"it-IT","potentialAction":[{"@type":"ReadAction","target":["https:\/\/cardinal-tapes.com\/it\/nastri-adesivi\/nastri-monoadesivi\/film-in-pet\/3m-415-nastro-adesivo-bifacciale-con-supporto\/"]}]},{"@type":"ImageObject","inLanguage":"it-IT","@id":"https:\/\/cardinal-tapes.com\/it\/nastri-adesivi\/nastri-monoadesivi\/film-in-pet\/3m-415-nastro-adesivo-bifacciale-con-supporto\/#primaryimage","url":"https:\/\/cardinal-tapes.com\/wp-content\/uploads\/3m_doppelseitig_klebeband_traeger_415.jpg","contentUrl":"https:\/\/cardinal-tapes.com\/wp-content\/uploads\/3m_doppelseitig_klebeband_traeger_415.jpg","width":600,"height":600,"caption":"Nastro biadesivo 3M con supporto 415"},{"@type":"BreadcrumbList","@id":"https:\/\/cardinal-tapes.com\/it\/nastri-adesivi\/nastri-monoadesivi\/film-in-pet\/3m-415-nastro-adesivo-bifacciale-con-supporto\/#breadcrumb","itemListElement":[{"@type":"ListItem","position":1,"name":"Startseite","item":"https:\/\/cardinal-tapes.com\/it\/casa\/"},{"@type":"ListItem","position":2,"name":"Nastri adesivi","item":"https:\/\/cardinal-tapes.com\/it\/nastri-adesivi-it\/"},{"@type":"ListItem","position":3,"name":"Nastri monoadesivi","item":"https:\/\/cardinal-tapes.com\/it\/categoria\/nastri-monoadesivi\/"},{"@type":"ListItem","position":4,"name":"Film in PET","item":"https:\/\/cardinal-tapes.com\/it\/categoria\/film-in-pet\/"},{"@type":"ListItem","position":5,"name":"Nastro biadesivo 3M\u2122 415"}]},{"@type":"WebSite","@id":"https:\/\/cardinal-tapes.com\/#website","url":"https:\/\/cardinal-tapes.com\/","name":"cardinal TAPES","description":"Klebetechnik aus Wuppertal","potentialAction":[{"@type":"SearchAction","target":{"@type":"EntryPoint","urlTemplate":"https:\/\/cardinal-tapes.com\/?s={search_term_string}"},"query-input":{"@type":"PropertyValueSpecification","valueRequired":true,"valueName":"search_term_string"}}],"inLanguage":"it-IT"}]}},"brands":[{"id":2166,"name":"3M","slug":"3m-it"}],"_links":{"self":[{"href":"https:\/\/cardinal-tapes.com\/it\/wp-json\/wp\/v2\/product\/60552","targetHints":{"allow":["GET"]}}],"collection":[{"href":"https:\/\/cardinal-tapes.com\/it\/wp-json\/wp\/v2\/product"}],"about":[{"href":"https:\/\/cardinal-tapes.com\/it\/wp-json\/wp\/v2\/types\/product"}],"wp:featuredmedia":[{"embeddable":true,"href":"https:\/\/cardinal-tapes.com\/it\/wp-json\/wp\/v2\/media\/25457"}],"wp:attachment":[{"href":"https:\/\/cardinal-tapes.com\/it\/wp-json\/wp\/v2\/media?parent=60552"}],"wp:term":[{"taxonomy":"pwb-brand","embeddable":true,"href":"https:\/\/cardinal-tapes.com\/it\/wp-json\/wp\/v2\/pwb-brand?post=60552"},{"taxonomy":"product_brand","embeddable":true,"href":"https:\/\/cardinal-tapes.com\/it\/wp-json\/wp\/v2\/product_brand?post=60552"},{"taxonomy":"product_cat","embeddable":true,"href":"https:\/\/cardinal-tapes.com\/it\/wp-json\/wp\/v2\/product_cat?post=60552"},{"taxonomy":"product_tag","embeddable":true,"href":"https:\/\/cardinal-tapes.com\/it\/wp-json\/wp\/v2\/product_tag?post=60552"}],"curies":[{"name":"wp","href":"https:\/\/api.w.org\/{rel}","templated":true}]}}