{"id":60536,"date":"2017-12-22T09:13:07","date_gmt":"2023-06-06T08:06:30","guid":{"rendered":"https:\/\/cardinal.pixel-tal.de\/klebebaender\/senza-categoria\/nastro-biadesivo-3m-9629pc\/"},"modified":"2023-06-06T10:06:30","modified_gmt":"2023-06-06T08:06:30","slug":"3m-9629pc-nastro-adesivo-bifacciale","status":"publish","type":"product","link":"https:\/\/cardinal-tapes.com\/it\/nastri-adesivi\/nastri-biadesivi\/3m-9629pc-nastro-adesivo-bifacciale\/","title":{"rendered":"Nastro biadesivo 3M\u2122 9629PC"},"content":{"rendered":"<p>Il nastro biadesivo 3M 9629PC \u00e8 rivestito su entrambi i lati con un adesivo acrilico ad alta adesivit\u00e0 iniziale. I vantaggi di questo nastro adesivo sono la sua buona adesione anche a substrati a bassa energia. Ci\u00f2 significa che il nastro biadesivo pu\u00f2 essere utilizzato anche in molti casi in cui altri nastri non sono ottimali.<\/p>\n<p><strong>Propriet\u00e0<\/strong><br \/>\nIl 3M\u2122 9628 ha un&#8217;adesione istantanea molto elevata su un&#8217;ampia gamma di superfici ad alta e bassa energia. Il nastro adesivo ha un&#8217;ottima forza di spellatura anche a basso spessore. \u00c8 inoltre caratterizzato da un basso sviluppo di odori, da un&#8217;eccellente ulteriore lavorabilit\u00e0 e da una bassa perdita di adesivo.<\/p>\n<p><strong>Applicazioni<\/strong><br \/>\n&#8211; Applicazione di finiture ed elementi decorativi<br \/>\n&#8211; Possibili applicazioni su supporti verniciati a polvere o rivestiti con inchiostro UV<br \/>\n&#8211; Incollaggio di PE o PP<br \/>\n&#8211; Assemblaggio di alloggiamenti e componenti in plastica<\/p>\n","protected":false},"excerpt":{"rendered":"<p>Il nastro biadesivo 3M 9629PC \u00e8 rivestito su entrambi i lati con un adesivo acrilico ad alta adesivit\u00e0 iniziale. I vantaggi di questo nastro adesivo sono la sua buona adesione anche a substrati a bassa energia. Ci\u00f2 significa che il nastro biadesivo pu\u00f2 essere utilizzato anche in molti casi in cui altri nastri non sono [&hellip;]<\/p>\n","protected":false},"featured_media":25453,"template":"","meta":{"_acf_changed":false},"pwb-brand":[2166],"product_brand":[],"product_cat":[1824],"product_tag":[],"class_list":{"0":"post-60536","1":"product","2":"type-product","3":"status-publish","4":"has-post-thumbnail","6":"pwb-brand-3m-it","7":"product_cat-nastri-biadesivi","9":"first","10":"instock","11":"taxable","12":"shipping-taxable","13":"purchasable","14":"product-type-variable"},"acf":[],"yoast_head":"<!-- This site is optimized with the Yoast SEO plugin v27.4 - https:\/\/yoast.com\/product\/yoast-seo-wordpress\/ -->\n<title>3M 9629PC Nastro biadesivo | Cardinal TAPES<\/title>\n<meta name=\"description\" content=\"Il nastro biadesivo 3M 9629PC \u00e8 rivestito su entrambi i lati con un adesivo acrilico ad alta adesivit\u00e0 iniziale. Per saperne di pi\u00f9.\" \/>\n<meta name=\"robots\" content=\"index, follow, max-snippet:-1, max-image-preview:large, max-video-preview:-1\" \/>\n<link rel=\"canonical\" href=\"https:\/\/cardinal-tapes.com\/it\/nastri-adesivi\/nastri-biadesivi\/3m-9629pc-nastro-adesivo-bifacciale\/\" \/>\n<meta property=\"og:locale\" content=\"it_IT\" \/>\n<meta property=\"og:type\" content=\"article\" \/>\n<meta property=\"og:title\" content=\"3M 9629PC Nastro biadesivo | Cardinal TAPES\" \/>\n<meta property=\"og:description\" content=\"Il nastro biadesivo 3M 9629PC \u00e8 rivestito su entrambi i lati con un adesivo acrilico ad alta adesivit\u00e0 iniziale. Per saperne di pi\u00f9.\" \/>\n<meta property=\"og:url\" content=\"https:\/\/cardinal-tapes.com\/it\/nastri-adesivi\/nastri-biadesivi\/3m-9629pc-nastro-adesivo-bifacciale\/\" \/>\n<meta property=\"og:site_name\" content=\"cardinal TAPES\" \/>\n<meta property=\"og:image\" content=\"https:\/\/cardinal-tapes.com\/wp-content\/uploads\/3m_doppelseitig_klebeband_polyester_9629.jpg\" \/>\n\t<meta property=\"og:image:width\" content=\"600\" \/>\n\t<meta property=\"og:image:height\" content=\"600\" \/>\n\t<meta property=\"og:image:type\" content=\"image\/jpeg\" \/>\n<meta name=\"twitter:card\" content=\"summary_large_image\" \/>\n<meta name=\"twitter:label1\" content=\"Tempo di lettura stimato\" \/>\n\t<meta name=\"twitter:data1\" content=\"1 minuto\" \/>\n<script type=\"application\/ld+json\" class=\"yoast-schema-graph\">{\"@context\":\"https:\\\/\\\/schema.org\",\"@graph\":[{\"@type\":\"WebPage\",\"@id\":\"https:\\\/\\\/cardinal-tapes.com\\\/it\\\/nastri-adesivi\\\/nastri-biadesivi\\\/3m-9629pc-nastro-adesivo-bifacciale\\\/\",\"url\":\"https:\\\/\\\/cardinal-tapes.com\\\/it\\\/nastri-adesivi\\\/nastri-biadesivi\\\/3m-9629pc-nastro-adesivo-bifacciale\\\/\",\"name\":\"3M 9629PC Nastro biadesivo | Cardinal TAPES\",\"isPartOf\":{\"@id\":\"https:\\\/\\\/cardinal-tapes.com\\\/#website\"},\"primaryImageOfPage\":{\"@id\":\"https:\\\/\\\/cardinal-tapes.com\\\/it\\\/nastri-adesivi\\\/nastri-biadesivi\\\/3m-9629pc-nastro-adesivo-bifacciale\\\/#primaryimage\"},\"image\":{\"@id\":\"https:\\\/\\\/cardinal-tapes.com\\\/it\\\/nastri-adesivi\\\/nastri-biadesivi\\\/3m-9629pc-nastro-adesivo-bifacciale\\\/#primaryimage\"},\"thumbnailUrl\":\"https:\\\/\\\/cardinal-tapes.com\\\/wp-content\\\/uploads\\\/3m_doppelseitig_klebeband_polyester_9629.jpg\",\"datePublished\":\"2023-06-06T08:06:30+00:00\",\"description\":\"Il nastro biadesivo 3M 9629PC \u00e8 rivestito su entrambi i lati con un adesivo acrilico ad alta adesivit\u00e0 iniziale. Per saperne di pi\u00f9.\",\"breadcrumb\":{\"@id\":\"https:\\\/\\\/cardinal-tapes.com\\\/it\\\/nastri-adesivi\\\/nastri-biadesivi\\\/3m-9629pc-nastro-adesivo-bifacciale\\\/#breadcrumb\"},\"inLanguage\":\"it-IT\",\"potentialAction\":[{\"@type\":\"ReadAction\",\"target\":[\"https:\\\/\\\/cardinal-tapes.com\\\/it\\\/nastri-adesivi\\\/nastri-biadesivi\\\/3m-9629pc-nastro-adesivo-bifacciale\\\/\"]}]},{\"@type\":\"ImageObject\",\"inLanguage\":\"it-IT\",\"@id\":\"https:\\\/\\\/cardinal-tapes.com\\\/it\\\/nastri-adesivi\\\/nastri-biadesivi\\\/3m-9629pc-nastro-adesivo-bifacciale\\\/#primaryimage\",\"url\":\"https:\\\/\\\/cardinal-tapes.com\\\/wp-content\\\/uploads\\\/3m_doppelseitig_klebeband_polyester_9629.jpg\",\"contentUrl\":\"https:\\\/\\\/cardinal-tapes.com\\\/wp-content\\\/uploads\\\/3m_doppelseitig_klebeband_polyester_9629.jpg\",\"width\":600,\"height\":600,\"caption\":\"Nastro biadesivo in poliestere 3M 9629\"},{\"@type\":\"BreadcrumbList\",\"@id\":\"https:\\\/\\\/cardinal-tapes.com\\\/it\\\/nastri-adesivi\\\/nastri-biadesivi\\\/3m-9629pc-nastro-adesivo-bifacciale\\\/#breadcrumb\",\"itemListElement\":[{\"@type\":\"ListItem\",\"position\":1,\"name\":\"Startseite\",\"item\":\"https:\\\/\\\/cardinal-tapes.com\\\/it\\\/casa\\\/\"},{\"@type\":\"ListItem\",\"position\":2,\"name\":\"Nastri adesivi\",\"item\":\"https:\\\/\\\/cardinal-tapes.com\\\/it\\\/nastri-adesivi-it\\\/\"},{\"@type\":\"ListItem\",\"position\":3,\"name\":\"Nastri biadesivi\",\"item\":\"https:\\\/\\\/cardinal-tapes.com\\\/it\\\/categoria\\\/nastri-biadesivi\\\/\"},{\"@type\":\"ListItem\",\"position\":4,\"name\":\"Nastro biadesivo 3M\u2122 9629PC\"}]},{\"@type\":\"WebSite\",\"@id\":\"https:\\\/\\\/cardinal-tapes.com\\\/#website\",\"url\":\"https:\\\/\\\/cardinal-tapes.com\\\/\",\"name\":\"cardinal TAPES\",\"description\":\"Klebetechnik aus Wuppertal\",\"potentialAction\":[{\"@type\":\"SearchAction\",\"target\":{\"@type\":\"EntryPoint\",\"urlTemplate\":\"https:\\\/\\\/cardinal-tapes.com\\\/?s={search_term_string}\"},\"query-input\":{\"@type\":\"PropertyValueSpecification\",\"valueRequired\":true,\"valueName\":\"search_term_string\"}}],\"inLanguage\":\"it-IT\"}]}<\/script>\n<!-- \/ Yoast SEO plugin. -->","yoast_head_json":{"title":"3M 9629PC Nastro biadesivo | Cardinal TAPES","description":"Il nastro biadesivo 3M 9629PC \u00e8 rivestito su entrambi i lati con un adesivo acrilico ad alta adesivit\u00e0 iniziale. Per saperne di pi\u00f9.","robots":{"index":"index","follow":"follow","max-snippet":"max-snippet:-1","max-image-preview":"max-image-preview:large","max-video-preview":"max-video-preview:-1"},"canonical":"https:\/\/cardinal-tapes.com\/it\/nastri-adesivi\/nastri-biadesivi\/3m-9629pc-nastro-adesivo-bifacciale\/","og_locale":"it_IT","og_type":"article","og_title":"3M 9629PC Nastro biadesivo | Cardinal TAPES","og_description":"Il nastro biadesivo 3M 9629PC \u00e8 rivestito su entrambi i lati con un adesivo acrilico ad alta adesivit\u00e0 iniziale. Per saperne di pi\u00f9.","og_url":"https:\/\/cardinal-tapes.com\/it\/nastri-adesivi\/nastri-biadesivi\/3m-9629pc-nastro-adesivo-bifacciale\/","og_site_name":"cardinal TAPES","og_image":[{"width":600,"height":600,"url":"https:\/\/cardinal-tapes.com\/wp-content\/uploads\/3m_doppelseitig_klebeband_polyester_9629.jpg","type":"image\/jpeg"}],"twitter_card":"summary_large_image","twitter_misc":{"Tempo di lettura stimato":"1 minuto"},"schema":{"@context":"https:\/\/schema.org","@graph":[{"@type":"WebPage","@id":"https:\/\/cardinal-tapes.com\/it\/nastri-adesivi\/nastri-biadesivi\/3m-9629pc-nastro-adesivo-bifacciale\/","url":"https:\/\/cardinal-tapes.com\/it\/nastri-adesivi\/nastri-biadesivi\/3m-9629pc-nastro-adesivo-bifacciale\/","name":"3M 9629PC Nastro biadesivo | Cardinal TAPES","isPartOf":{"@id":"https:\/\/cardinal-tapes.com\/#website"},"primaryImageOfPage":{"@id":"https:\/\/cardinal-tapes.com\/it\/nastri-adesivi\/nastri-biadesivi\/3m-9629pc-nastro-adesivo-bifacciale\/#primaryimage"},"image":{"@id":"https:\/\/cardinal-tapes.com\/it\/nastri-adesivi\/nastri-biadesivi\/3m-9629pc-nastro-adesivo-bifacciale\/#primaryimage"},"thumbnailUrl":"https:\/\/cardinal-tapes.com\/wp-content\/uploads\/3m_doppelseitig_klebeband_polyester_9629.jpg","datePublished":"2023-06-06T08:06:30+00:00","description":"Il nastro biadesivo 3M 9629PC \u00e8 rivestito su entrambi i lati con un adesivo acrilico ad alta adesivit\u00e0 iniziale. Per saperne di pi\u00f9.","breadcrumb":{"@id":"https:\/\/cardinal-tapes.com\/it\/nastri-adesivi\/nastri-biadesivi\/3m-9629pc-nastro-adesivo-bifacciale\/#breadcrumb"},"inLanguage":"it-IT","potentialAction":[{"@type":"ReadAction","target":["https:\/\/cardinal-tapes.com\/it\/nastri-adesivi\/nastri-biadesivi\/3m-9629pc-nastro-adesivo-bifacciale\/"]}]},{"@type":"ImageObject","inLanguage":"it-IT","@id":"https:\/\/cardinal-tapes.com\/it\/nastri-adesivi\/nastri-biadesivi\/3m-9629pc-nastro-adesivo-bifacciale\/#primaryimage","url":"https:\/\/cardinal-tapes.com\/wp-content\/uploads\/3m_doppelseitig_klebeband_polyester_9629.jpg","contentUrl":"https:\/\/cardinal-tapes.com\/wp-content\/uploads\/3m_doppelseitig_klebeband_polyester_9629.jpg","width":600,"height":600,"caption":"Nastro biadesivo in poliestere 3M 9629"},{"@type":"BreadcrumbList","@id":"https:\/\/cardinal-tapes.com\/it\/nastri-adesivi\/nastri-biadesivi\/3m-9629pc-nastro-adesivo-bifacciale\/#breadcrumb","itemListElement":[{"@type":"ListItem","position":1,"name":"Startseite","item":"https:\/\/cardinal-tapes.com\/it\/casa\/"},{"@type":"ListItem","position":2,"name":"Nastri adesivi","item":"https:\/\/cardinal-tapes.com\/it\/nastri-adesivi-it\/"},{"@type":"ListItem","position":3,"name":"Nastri biadesivi","item":"https:\/\/cardinal-tapes.com\/it\/categoria\/nastri-biadesivi\/"},{"@type":"ListItem","position":4,"name":"Nastro biadesivo 3M\u2122 9629PC"}]},{"@type":"WebSite","@id":"https:\/\/cardinal-tapes.com\/#website","url":"https:\/\/cardinal-tapes.com\/","name":"cardinal TAPES","description":"Klebetechnik aus Wuppertal","potentialAction":[{"@type":"SearchAction","target":{"@type":"EntryPoint","urlTemplate":"https:\/\/cardinal-tapes.com\/?s={search_term_string}"},"query-input":{"@type":"PropertyValueSpecification","valueRequired":true,"valueName":"search_term_string"}}],"inLanguage":"it-IT"}]}},"brands":[{"id":2166,"name":"3M","slug":"3m-it"}],"_links":{"self":[{"href":"https:\/\/cardinal-tapes.com\/it\/wp-json\/wp\/v2\/product\/60536","targetHints":{"allow":["GET"]}}],"collection":[{"href":"https:\/\/cardinal-tapes.com\/it\/wp-json\/wp\/v2\/product"}],"about":[{"href":"https:\/\/cardinal-tapes.com\/it\/wp-json\/wp\/v2\/types\/product"}],"wp:featuredmedia":[{"embeddable":true,"href":"https:\/\/cardinal-tapes.com\/it\/wp-json\/wp\/v2\/media\/25453"}],"wp:attachment":[{"href":"https:\/\/cardinal-tapes.com\/it\/wp-json\/wp\/v2\/media?parent=60536"}],"wp:term":[{"taxonomy":"pwb-brand","embeddable":true,"href":"https:\/\/cardinal-tapes.com\/it\/wp-json\/wp\/v2\/pwb-brand?post=60536"},{"taxonomy":"product_brand","embeddable":true,"href":"https:\/\/cardinal-tapes.com\/it\/wp-json\/wp\/v2\/product_brand?post=60536"},{"taxonomy":"product_cat","embeddable":true,"href":"https:\/\/cardinal-tapes.com\/it\/wp-json\/wp\/v2\/product_cat?post=60536"},{"taxonomy":"product_tag","embeddable":true,"href":"https:\/\/cardinal-tapes.com\/it\/wp-json\/wp\/v2\/product_tag?post=60536"}],"curies":[{"name":"wp","href":"https:\/\/api.w.org\/{rel}","templated":true}]}}