{"id":60392,"date":"2017-12-22T15:40:08","date_gmt":"2017-12-22T14:40:08","guid":{"rendered":"https:\/\/cardinal.pixel-tal.de\/klebebaender\/senza-categoria\/3m-dp-110-adesivo-bicomponente-a-base-epossidica-per-ledilizia\/"},"modified":"2025-07-03T13:35:06","modified_gmt":"2025-07-03T11:35:06","slug":"3m-dp-110-adesivo-da-costruzione-bicomponente-su-base-di-resina-epossidica","status":"publish","type":"product","link":"https:\/\/cardinal-tapes.com\/it\/nastri-adesivi\/adesivi-liquidi\/adesivi\/3m-dp-110-adesivo-da-costruzione-bicomponente-su-base-di-resina-epossidica\/","title":{"rendered":"3M\u2122 DP 110 Adesivo bicomponente a base epossidica per l&#8217;edilizia"},"content":{"rendered":"<p>Scotch-Weld\u2122 DP 110 \u00e8 un adesivo da costruzione bicomponente a indurimento rapido che polimerizza a temperatura ambiente. \u00c8 stato sviluppato per<br \/>\nl&#8217;incollaggio di metalli come acciaio, alluminio, rame, ottone e una variet\u00e0 di materie plastiche come PC, PVC rigido, GRP, ABS e altri materiali. <\/p>\n<p><strong>Propriet\u00e0<\/strong><\/p>\n<ul>\n<li class=\"sps2-pdp_details--highlights_item mds-font_paragraph\">resiste a carichi dinamici elevati<\/li>\n<li class=\"sps2-pdp_details--highlights_item mds-font_paragraph\">Elevata resistenza al taglio e alla pelatura<\/li>\n<li>Buona flessibilit\u00e0 quando si polimerizza<\/li>\n<\/ul>\n<p><strong>Applicazioni<\/strong><\/p>\n<ul>\n<li>Incollaggio dell&#8217;alluminio<\/li>\n<li>Connessione a punti<\/li>\n<li>Incollaggio del metallo<\/li>\n<li>Incollaggio di materiali compositi<\/li>\n<\/ul>\n","protected":false},"excerpt":{"rendered":"<p>Scotch-Weld\u2122 DP 110 \u00e8 un adesivo da costruzione bicomponente a indurimento rapido che polimerizza a temperatura ambiente. \u00c8 stato sviluppato per l&#8217;incollaggio di metalli come acciaio, alluminio, rame, ottone e una variet\u00e0 di materie plastiche come PC, PVC rigido, GRP, ABS e altri materiali. Propriet\u00e0 resiste a carichi dinamici elevati Elevata resistenza al taglio e [&hellip;]<\/p>\n","protected":false},"featured_media":25541,"template":"","meta":{"_acf_changed":false},"pwb-brand":[2166],"product_brand":[],"product_cat":[1861],"product_tag":[],"class_list":{"0":"post-60392","1":"product","2":"type-product","3":"status-publish","4":"has-post-thumbnail","6":"pwb-brand-3m-it","7":"product_cat-adesivi","9":"first","10":"instock","11":"taxable","12":"shipping-taxable","13":"purchasable","14":"product-type-simple"},"acf":[],"yoast_head":"<!-- This site is optimized with the Yoast SEO plugin v27.3 - https:\/\/yoast.com\/product\/yoast-seo-wordpress\/ -->\n<title>3M DP 110 Adesivo per costruzioni bicomponente a base epossidica<\/title>\n<meta name=\"description\" content=\"L&#039;adesivo per edilizia 3M DP 110 componenti a base di resina epossidica \u00e8 caratterizzato da una forte elasticit\u00e0 e facilit\u00e0 di applicazione. Per saperne di pi\u00f9 sul modello 3M DP 110\" \/>\n<meta name=\"robots\" content=\"index, follow, max-snippet:-1, max-image-preview:large, max-video-preview:-1\" \/>\n<link rel=\"canonical\" href=\"https:\/\/cardinal-tapes.com\/it\/nastri-adesivi\/adesivi-liquidi\/adesivi\/3m-dp-110-adesivo-da-costruzione-bicomponente-su-base-di-resina-epossidica\/\" \/>\n<meta property=\"og:locale\" content=\"it_IT\" \/>\n<meta property=\"og:type\" content=\"article\" \/>\n<meta property=\"og:title\" content=\"3M DP 110 Adesivo per costruzioni bicomponente a base epossidica\" \/>\n<meta property=\"og:description\" content=\"L&#039;adesivo per edilizia 3M DP 110 componenti a base di resina epossidica \u00e8 caratterizzato da una forte elasticit\u00e0 e facilit\u00e0 di applicazione. Per saperne di pi\u00f9 sul modello 3M DP 110\" \/>\n<meta property=\"og:url\" content=\"https:\/\/cardinal-tapes.com\/it\/nastri-adesivi\/adesivi-liquidi\/adesivi\/3m-dp-110-adesivo-da-costruzione-bicomponente-su-base-di-resina-epossidica\/\" \/>\n<meta property=\"og:site_name\" content=\"cardinal TAPES\" \/>\n<meta property=\"article:modified_time\" content=\"2025-07-03T11:35:06+00:00\" \/>\n<meta property=\"og:image\" content=\"https:\/\/cardinal-tapes.com\/wp-content\/uploads\/3m_zk-konstruktionsklebestoff_dp110.jpg\" \/>\n\t<meta property=\"og:image:width\" content=\"600\" \/>\n\t<meta property=\"og:image:height\" content=\"600\" \/>\n\t<meta property=\"og:image:type\" content=\"image\/jpeg\" \/>\n<meta name=\"twitter:card\" content=\"summary_large_image\" \/>\n<script type=\"application\/ld+json\" class=\"yoast-schema-graph\">{\"@context\":\"https:\\\/\\\/schema.org\",\"@graph\":[{\"@type\":\"WebPage\",\"@id\":\"https:\\\/\\\/cardinal-tapes.com\\\/it\\\/nastri-adesivi\\\/adesivi-liquidi\\\/adesivi\\\/3m-dp-110-adesivo-da-costruzione-bicomponente-su-base-di-resina-epossidica\\\/\",\"url\":\"https:\\\/\\\/cardinal-tapes.com\\\/it\\\/nastri-adesivi\\\/adesivi-liquidi\\\/adesivi\\\/3m-dp-110-adesivo-da-costruzione-bicomponente-su-base-di-resina-epossidica\\\/\",\"name\":\"3M DP 110 Adesivo per costruzioni bicomponente a base epossidica\",\"isPartOf\":{\"@id\":\"https:\\\/\\\/cardinal-tapes.com\\\/#website\"},\"primaryImageOfPage\":{\"@id\":\"https:\\\/\\\/cardinal-tapes.com\\\/it\\\/nastri-adesivi\\\/adesivi-liquidi\\\/adesivi\\\/3m-dp-110-adesivo-da-costruzione-bicomponente-su-base-di-resina-epossidica\\\/#primaryimage\"},\"image\":{\"@id\":\"https:\\\/\\\/cardinal-tapes.com\\\/it\\\/nastri-adesivi\\\/adesivi-liquidi\\\/adesivi\\\/3m-dp-110-adesivo-da-costruzione-bicomponente-su-base-di-resina-epossidica\\\/#primaryimage\"},\"thumbnailUrl\":\"https:\\\/\\\/cardinal-tapes.com\\\/wp-content\\\/uploads\\\/3m_zk-konstruktionsklebestoff_dp110.jpg\",\"datePublished\":\"2017-12-22T14:40:08+00:00\",\"dateModified\":\"2025-07-03T11:35:06+00:00\",\"description\":\"L'adesivo per edilizia 3M DP 110 componenti a base di resina epossidica \u00e8 caratterizzato da una forte elasticit\u00e0 e facilit\u00e0 di applicazione. Per saperne di pi\u00f9 sul modello 3M DP 110\",\"breadcrumb\":{\"@id\":\"https:\\\/\\\/cardinal-tapes.com\\\/it\\\/nastri-adesivi\\\/adesivi-liquidi\\\/adesivi\\\/3m-dp-110-adesivo-da-costruzione-bicomponente-su-base-di-resina-epossidica\\\/#breadcrumb\"},\"inLanguage\":\"it-IT\",\"potentialAction\":[{\"@type\":\"ReadAction\",\"target\":[\"https:\\\/\\\/cardinal-tapes.com\\\/it\\\/nastri-adesivi\\\/adesivi-liquidi\\\/adesivi\\\/3m-dp-110-adesivo-da-costruzione-bicomponente-su-base-di-resina-epossidica\\\/\"]}]},{\"@type\":\"ImageObject\",\"inLanguage\":\"it-IT\",\"@id\":\"https:\\\/\\\/cardinal-tapes.com\\\/it\\\/nastri-adesivi\\\/adesivi-liquidi\\\/adesivi\\\/3m-dp-110-adesivo-da-costruzione-bicomponente-su-base-di-resina-epossidica\\\/#primaryimage\",\"url\":\"https:\\\/\\\/cardinal-tapes.com\\\/wp-content\\\/uploads\\\/3m_zk-konstruktionsklebestoff_dp110.jpg\",\"contentUrl\":\"https:\\\/\\\/cardinal-tapes.com\\\/wp-content\\\/uploads\\\/3m_zk-konstruktionsklebestoff_dp110.jpg\",\"width\":600,\"height\":600,\"caption\":\"Adesivo per costruzioni 3M DP110\"},{\"@type\":\"BreadcrumbList\",\"@id\":\"https:\\\/\\\/cardinal-tapes.com\\\/it\\\/nastri-adesivi\\\/adesivi-liquidi\\\/adesivi\\\/3m-dp-110-adesivo-da-costruzione-bicomponente-su-base-di-resina-epossidica\\\/#breadcrumb\",\"itemListElement\":[{\"@type\":\"ListItem\",\"position\":1,\"name\":\"Startseite\",\"item\":\"https:\\\/\\\/cardinal-tapes.com\\\/it\\\/casa\\\/\"},{\"@type\":\"ListItem\",\"position\":2,\"name\":\"Nastri adesivi\",\"item\":\"https:\\\/\\\/cardinal-tapes.com\\\/it\\\/nastri-adesivi-it\\\/\"},{\"@type\":\"ListItem\",\"position\":3,\"name\":\"Adesivi liquidi\",\"item\":\"https:\\\/\\\/cardinal-tapes.com\\\/it\\\/categoria\\\/adesivi-liquidi\\\/\"},{\"@type\":\"ListItem\",\"position\":4,\"name\":\"Adesivi\",\"item\":\"https:\\\/\\\/cardinal-tapes.com\\\/it\\\/categoria\\\/adesivi\\\/\"},{\"@type\":\"ListItem\",\"position\":5,\"name\":\"3M\u2122 DP 110 Adesivo bicomponente a base epossidica per l&#8217;edilizia\"}]},{\"@type\":\"WebSite\",\"@id\":\"https:\\\/\\\/cardinal-tapes.com\\\/#website\",\"url\":\"https:\\\/\\\/cardinal-tapes.com\\\/\",\"name\":\"cardinal TAPES\",\"description\":\"Klebetechnik aus Wuppertal\",\"potentialAction\":[{\"@type\":\"SearchAction\",\"target\":{\"@type\":\"EntryPoint\",\"urlTemplate\":\"https:\\\/\\\/cardinal-tapes.com\\\/?s={search_term_string}\"},\"query-input\":{\"@type\":\"PropertyValueSpecification\",\"valueRequired\":true,\"valueName\":\"search_term_string\"}}],\"inLanguage\":\"it-IT\"}]}<\/script>\n<!-- \/ Yoast SEO plugin. -->","yoast_head_json":{"title":"3M DP 110 Adesivo per costruzioni bicomponente a base epossidica","description":"L'adesivo per edilizia 3M DP 110 componenti a base di resina epossidica \u00e8 caratterizzato da una forte elasticit\u00e0 e facilit\u00e0 di applicazione. Per saperne di pi\u00f9 sul modello 3M DP 110","robots":{"index":"index","follow":"follow","max-snippet":"max-snippet:-1","max-image-preview":"max-image-preview:large","max-video-preview":"max-video-preview:-1"},"canonical":"https:\/\/cardinal-tapes.com\/it\/nastri-adesivi\/adesivi-liquidi\/adesivi\/3m-dp-110-adesivo-da-costruzione-bicomponente-su-base-di-resina-epossidica\/","og_locale":"it_IT","og_type":"article","og_title":"3M DP 110 Adesivo per costruzioni bicomponente a base epossidica","og_description":"L'adesivo per edilizia 3M DP 110 componenti a base di resina epossidica \u00e8 caratterizzato da una forte elasticit\u00e0 e facilit\u00e0 di applicazione. Per saperne di pi\u00f9 sul modello 3M DP 110","og_url":"https:\/\/cardinal-tapes.com\/it\/nastri-adesivi\/adesivi-liquidi\/adesivi\/3m-dp-110-adesivo-da-costruzione-bicomponente-su-base-di-resina-epossidica\/","og_site_name":"cardinal TAPES","article_modified_time":"2025-07-03T11:35:06+00:00","og_image":[{"width":600,"height":600,"url":"https:\/\/cardinal-tapes.com\/wp-content\/uploads\/3m_zk-konstruktionsklebestoff_dp110.jpg","type":"image\/jpeg"}],"twitter_card":"summary_large_image","schema":{"@context":"https:\/\/schema.org","@graph":[{"@type":"WebPage","@id":"https:\/\/cardinal-tapes.com\/it\/nastri-adesivi\/adesivi-liquidi\/adesivi\/3m-dp-110-adesivo-da-costruzione-bicomponente-su-base-di-resina-epossidica\/","url":"https:\/\/cardinal-tapes.com\/it\/nastri-adesivi\/adesivi-liquidi\/adesivi\/3m-dp-110-adesivo-da-costruzione-bicomponente-su-base-di-resina-epossidica\/","name":"3M DP 110 Adesivo per costruzioni bicomponente a base epossidica","isPartOf":{"@id":"https:\/\/cardinal-tapes.com\/#website"},"primaryImageOfPage":{"@id":"https:\/\/cardinal-tapes.com\/it\/nastri-adesivi\/adesivi-liquidi\/adesivi\/3m-dp-110-adesivo-da-costruzione-bicomponente-su-base-di-resina-epossidica\/#primaryimage"},"image":{"@id":"https:\/\/cardinal-tapes.com\/it\/nastri-adesivi\/adesivi-liquidi\/adesivi\/3m-dp-110-adesivo-da-costruzione-bicomponente-su-base-di-resina-epossidica\/#primaryimage"},"thumbnailUrl":"https:\/\/cardinal-tapes.com\/wp-content\/uploads\/3m_zk-konstruktionsklebestoff_dp110.jpg","datePublished":"2017-12-22T14:40:08+00:00","dateModified":"2025-07-03T11:35:06+00:00","description":"L'adesivo per edilizia 3M DP 110 componenti a base di resina epossidica \u00e8 caratterizzato da una forte elasticit\u00e0 e facilit\u00e0 di applicazione. Per saperne di pi\u00f9 sul modello 3M DP 110","breadcrumb":{"@id":"https:\/\/cardinal-tapes.com\/it\/nastri-adesivi\/adesivi-liquidi\/adesivi\/3m-dp-110-adesivo-da-costruzione-bicomponente-su-base-di-resina-epossidica\/#breadcrumb"},"inLanguage":"it-IT","potentialAction":[{"@type":"ReadAction","target":["https:\/\/cardinal-tapes.com\/it\/nastri-adesivi\/adesivi-liquidi\/adesivi\/3m-dp-110-adesivo-da-costruzione-bicomponente-su-base-di-resina-epossidica\/"]}]},{"@type":"ImageObject","inLanguage":"it-IT","@id":"https:\/\/cardinal-tapes.com\/it\/nastri-adesivi\/adesivi-liquidi\/adesivi\/3m-dp-110-adesivo-da-costruzione-bicomponente-su-base-di-resina-epossidica\/#primaryimage","url":"https:\/\/cardinal-tapes.com\/wp-content\/uploads\/3m_zk-konstruktionsklebestoff_dp110.jpg","contentUrl":"https:\/\/cardinal-tapes.com\/wp-content\/uploads\/3m_zk-konstruktionsklebestoff_dp110.jpg","width":600,"height":600,"caption":"Adesivo per costruzioni 3M DP110"},{"@type":"BreadcrumbList","@id":"https:\/\/cardinal-tapes.com\/it\/nastri-adesivi\/adesivi-liquidi\/adesivi\/3m-dp-110-adesivo-da-costruzione-bicomponente-su-base-di-resina-epossidica\/#breadcrumb","itemListElement":[{"@type":"ListItem","position":1,"name":"Startseite","item":"https:\/\/cardinal-tapes.com\/it\/casa\/"},{"@type":"ListItem","position":2,"name":"Nastri adesivi","item":"https:\/\/cardinal-tapes.com\/it\/nastri-adesivi-it\/"},{"@type":"ListItem","position":3,"name":"Adesivi liquidi","item":"https:\/\/cardinal-tapes.com\/it\/categoria\/adesivi-liquidi\/"},{"@type":"ListItem","position":4,"name":"Adesivi","item":"https:\/\/cardinal-tapes.com\/it\/categoria\/adesivi\/"},{"@type":"ListItem","position":5,"name":"3M\u2122 DP 110 Adesivo bicomponente a base epossidica per l&#8217;edilizia"}]},{"@type":"WebSite","@id":"https:\/\/cardinal-tapes.com\/#website","url":"https:\/\/cardinal-tapes.com\/","name":"cardinal TAPES","description":"Klebetechnik aus Wuppertal","potentialAction":[{"@type":"SearchAction","target":{"@type":"EntryPoint","urlTemplate":"https:\/\/cardinal-tapes.com\/?s={search_term_string}"},"query-input":{"@type":"PropertyValueSpecification","valueRequired":true,"valueName":"search_term_string"}}],"inLanguage":"it-IT"}]}},"brands":[{"id":2166,"name":"3M","slug":"3m-it"}],"_links":{"self":[{"href":"https:\/\/cardinal-tapes.com\/it\/wp-json\/wp\/v2\/product\/60392","targetHints":{"allow":["GET"]}}],"collection":[{"href":"https:\/\/cardinal-tapes.com\/it\/wp-json\/wp\/v2\/product"}],"about":[{"href":"https:\/\/cardinal-tapes.com\/it\/wp-json\/wp\/v2\/types\/product"}],"wp:featuredmedia":[{"embeddable":true,"href":"https:\/\/cardinal-tapes.com\/it\/wp-json\/wp\/v2\/media\/25541"}],"wp:attachment":[{"href":"https:\/\/cardinal-tapes.com\/it\/wp-json\/wp\/v2\/media?parent=60392"}],"wp:term":[{"taxonomy":"pwb-brand","embeddable":true,"href":"https:\/\/cardinal-tapes.com\/it\/wp-json\/wp\/v2\/pwb-brand?post=60392"},{"taxonomy":"product_brand","embeddable":true,"href":"https:\/\/cardinal-tapes.com\/it\/wp-json\/wp\/v2\/product_brand?post=60392"},{"taxonomy":"product_cat","embeddable":true,"href":"https:\/\/cardinal-tapes.com\/it\/wp-json\/wp\/v2\/product_cat?post=60392"},{"taxonomy":"product_tag","embeddable":true,"href":"https:\/\/cardinal-tapes.com\/it\/wp-json\/wp\/v2\/product_tag?post=60392"}],"curies":[{"name":"wp","href":"https:\/\/api.w.org\/{rel}","templated":true}]}}