{"id":60388,"date":"2017-12-22T15:37:20","date_gmt":"2017-12-22T14:37:20","guid":{"rendered":"https:\/\/cardinal.pixel-tal.de\/klebebaender\/senza-categoria\/3m-dp-270-adesivo-bicomponente-a-base-epossidica-per-ledilizia\/"},"modified":"2025-07-03T13:02:05","modified_gmt":"2025-07-03T11:02:05","slug":"3m-dp-270-adesivo-da-costruzione-bicomponente-su-base-di-resina-epossidica","status":"publish","type":"product","link":"https:\/\/cardinal-tapes.com\/it\/nastri-adesivi\/adesivi-liquidi\/adesivi\/3m-dp-270-adesivo-da-costruzione-bicomponente-su-base-di-resina-epossidica\/","title":{"rendered":"3M\u2122 DP 270 Adesivo bicomponente a base epossidica per l&#8217;edilizia"},"content":{"rendered":"<p>3M\u2122 Scotch-Weld\u2122 DP 270 \u00e8 un adesivo da costruzione bicomponente a base di resina epossidica. Il prodotto \u00e8 classificato UL e pu\u00f2 essere utilizzato come composto per l&#8217;invasatura. Tempo di lavoro a temperatura ambiente 70 minuti &#8211; resistenza alla mano dopo 3 ore.  <\/p>\n<p><strong>Propriet\u00e0<\/strong><\/p>\n<ul>\n<li class=\"sps2-pdp_details--highlights_item mds-font_paragraph\">Nessuna corrosione sul rame<\/li>\n<li class=\"sps2-pdp_details--highlights_item mds-font_paragraph\">Composto per l&#8217;intaso<\/li>\n<li class=\"sps2-pdp_details--highlights_item mds-font_paragraph\">Infiammabilit\u00e0 testata in conformit\u00e0 alla norma UL 94 HB<\/li>\n<li class=\"sps2-pdp_details--highlights_item mds-font_paragraph\">Tempo di lavorazione a temperatura ambiente 70 minuti<\/li>\n<\/ul>\n<p><strong>Applicazioni<\/strong><\/p>\n<ul>\n<li>Protezione dei componenti elettrici ed elettronici<\/li>\n<li>Legame dei metalli<\/li>\n<\/ul>\n","protected":false},"excerpt":{"rendered":"<p>3M\u2122 Scotch-Weld\u2122 DP 270 \u00e8 un adesivo da costruzione bicomponente a base di resina epossidica. Il prodotto \u00e8 classificato UL e pu\u00f2 essere utilizzato come composto per l&#8217;invasatura. Tempo di lavoro a temperatura ambiente 70 minuti &#8211; resistenza alla mano dopo 3 ore. Propriet\u00e0 Nessuna corrosione sul rame Composto per l&#8217;intaso Infiammabilit\u00e0 testata in conformit\u00e0 [&hellip;]<\/p>\n","protected":false},"featured_media":25553,"template":"","meta":{"_acf_changed":false},"pwb-brand":[2166],"product_brand":[],"product_cat":[1861],"product_tag":[],"class_list":{"0":"post-60388","1":"product","2":"type-product","3":"status-publish","4":"has-post-thumbnail","6":"pwb-brand-3m-it","7":"product_cat-adesivi","9":"first","10":"instock","11":"taxable","12":"shipping-taxable","13":"purchasable","14":"product-type-simple"},"acf":[],"yoast_head":"<!-- This site is optimized with the Yoast SEO plugin v27.3 - https:\/\/yoast.com\/product\/yoast-seo-wordpress\/ -->\n<title>3M DP 270 Adesivo da costruzione bicomponente a base epossidica<\/title>\n<meta name=\"description\" content=\"L&#039;adesivo da costruzione bicomponente 3M DP 270 a base di resina epossidica pu\u00f2 essere utilizzato per proteggere componenti elettronici come sensori, connettori, ecc.\" \/>\n<meta name=\"robots\" content=\"index, follow, max-snippet:-1, max-image-preview:large, max-video-preview:-1\" \/>\n<link rel=\"canonical\" href=\"https:\/\/cardinal-tapes.com\/it\/nastri-adesivi\/adesivi-liquidi\/adesivi\/3m-dp-270-adesivo-da-costruzione-bicomponente-su-base-di-resina-epossidica\/\" \/>\n<meta property=\"og:locale\" content=\"it_IT\" \/>\n<meta property=\"og:type\" content=\"article\" \/>\n<meta property=\"og:title\" content=\"3M DP 270 Adesivo da costruzione bicomponente a base epossidica\" \/>\n<meta property=\"og:description\" content=\"L&#039;adesivo da costruzione bicomponente 3M DP 270 a base di resina epossidica pu\u00f2 essere utilizzato per proteggere componenti elettronici come sensori, connettori, ecc.\" \/>\n<meta property=\"og:url\" content=\"https:\/\/cardinal-tapes.com\/it\/nastri-adesivi\/adesivi-liquidi\/adesivi\/3m-dp-270-adesivo-da-costruzione-bicomponente-su-base-di-resina-epossidica\/\" \/>\n<meta property=\"og:site_name\" content=\"cardinal TAPES\" \/>\n<meta property=\"article:modified_time\" content=\"2025-07-03T11:02:05+00:00\" \/>\n<meta property=\"og:image\" content=\"https:\/\/cardinal-tapes.com\/wp-content\/uploads\/3m_zk-konstruktionsklebestoff_dp270.jpg\" \/>\n\t<meta property=\"og:image:width\" content=\"600\" \/>\n\t<meta property=\"og:image:height\" content=\"600\" \/>\n\t<meta property=\"og:image:type\" content=\"image\/jpeg\" \/>\n<meta name=\"twitter:card\" content=\"summary_large_image\" \/>\n<script type=\"application\/ld+json\" class=\"yoast-schema-graph\">{\"@context\":\"https:\\\/\\\/schema.org\",\"@graph\":[{\"@type\":\"WebPage\",\"@id\":\"https:\\\/\\\/cardinal-tapes.com\\\/it\\\/nastri-adesivi\\\/adesivi-liquidi\\\/adesivi\\\/3m-dp-270-adesivo-da-costruzione-bicomponente-su-base-di-resina-epossidica\\\/\",\"url\":\"https:\\\/\\\/cardinal-tapes.com\\\/it\\\/nastri-adesivi\\\/adesivi-liquidi\\\/adesivi\\\/3m-dp-270-adesivo-da-costruzione-bicomponente-su-base-di-resina-epossidica\\\/\",\"name\":\"3M DP 270 Adesivo da costruzione bicomponente a base epossidica\",\"isPartOf\":{\"@id\":\"https:\\\/\\\/cardinal-tapes.com\\\/#website\"},\"primaryImageOfPage\":{\"@id\":\"https:\\\/\\\/cardinal-tapes.com\\\/it\\\/nastri-adesivi\\\/adesivi-liquidi\\\/adesivi\\\/3m-dp-270-adesivo-da-costruzione-bicomponente-su-base-di-resina-epossidica\\\/#primaryimage\"},\"image\":{\"@id\":\"https:\\\/\\\/cardinal-tapes.com\\\/it\\\/nastri-adesivi\\\/adesivi-liquidi\\\/adesivi\\\/3m-dp-270-adesivo-da-costruzione-bicomponente-su-base-di-resina-epossidica\\\/#primaryimage\"},\"thumbnailUrl\":\"https:\\\/\\\/cardinal-tapes.com\\\/wp-content\\\/uploads\\\/3m_zk-konstruktionsklebestoff_dp270.jpg\",\"datePublished\":\"2017-12-22T14:37:20+00:00\",\"dateModified\":\"2025-07-03T11:02:05+00:00\",\"description\":\"L'adesivo da costruzione bicomponente 3M DP 270 a base di resina epossidica pu\u00f2 essere utilizzato per proteggere componenti elettronici come sensori, connettori, ecc.\",\"breadcrumb\":{\"@id\":\"https:\\\/\\\/cardinal-tapes.com\\\/it\\\/nastri-adesivi\\\/adesivi-liquidi\\\/adesivi\\\/3m-dp-270-adesivo-da-costruzione-bicomponente-su-base-di-resina-epossidica\\\/#breadcrumb\"},\"inLanguage\":\"it-IT\",\"potentialAction\":[{\"@type\":\"ReadAction\",\"target\":[\"https:\\\/\\\/cardinal-tapes.com\\\/it\\\/nastri-adesivi\\\/adesivi-liquidi\\\/adesivi\\\/3m-dp-270-adesivo-da-costruzione-bicomponente-su-base-di-resina-epossidica\\\/\"]}]},{\"@type\":\"ImageObject\",\"inLanguage\":\"it-IT\",\"@id\":\"https:\\\/\\\/cardinal-tapes.com\\\/it\\\/nastri-adesivi\\\/adesivi-liquidi\\\/adesivi\\\/3m-dp-270-adesivo-da-costruzione-bicomponente-su-base-di-resina-epossidica\\\/#primaryimage\",\"url\":\"https:\\\/\\\/cardinal-tapes.com\\\/wp-content\\\/uploads\\\/3m_zk-konstruktionsklebestoff_dp270.jpg\",\"contentUrl\":\"https:\\\/\\\/cardinal-tapes.com\\\/wp-content\\\/uploads\\\/3m_zk-konstruktionsklebestoff_dp270.jpg\",\"width\":600,\"height\":600,\"caption\":\"Adesivo per costruzioni 3M DP270\"},{\"@type\":\"BreadcrumbList\",\"@id\":\"https:\\\/\\\/cardinal-tapes.com\\\/it\\\/nastri-adesivi\\\/adesivi-liquidi\\\/adesivi\\\/3m-dp-270-adesivo-da-costruzione-bicomponente-su-base-di-resina-epossidica\\\/#breadcrumb\",\"itemListElement\":[{\"@type\":\"ListItem\",\"position\":1,\"name\":\"Startseite\",\"item\":\"https:\\\/\\\/cardinal-tapes.com\\\/it\\\/casa\\\/\"},{\"@type\":\"ListItem\",\"position\":2,\"name\":\"Nastri adesivi\",\"item\":\"https:\\\/\\\/cardinal-tapes.com\\\/it\\\/nastri-adesivi-it\\\/\"},{\"@type\":\"ListItem\",\"position\":3,\"name\":\"Adesivi liquidi\",\"item\":\"https:\\\/\\\/cardinal-tapes.com\\\/it\\\/categoria\\\/adesivi-liquidi\\\/\"},{\"@type\":\"ListItem\",\"position\":4,\"name\":\"Adesivi\",\"item\":\"https:\\\/\\\/cardinal-tapes.com\\\/it\\\/categoria\\\/adesivi\\\/\"},{\"@type\":\"ListItem\",\"position\":5,\"name\":\"3M\u2122 DP 270 Adesivo bicomponente a base epossidica per l&#8217;edilizia\"}]},{\"@type\":\"WebSite\",\"@id\":\"https:\\\/\\\/cardinal-tapes.com\\\/#website\",\"url\":\"https:\\\/\\\/cardinal-tapes.com\\\/\",\"name\":\"cardinal TAPES\",\"description\":\"Klebetechnik aus Wuppertal\",\"potentialAction\":[{\"@type\":\"SearchAction\",\"target\":{\"@type\":\"EntryPoint\",\"urlTemplate\":\"https:\\\/\\\/cardinal-tapes.com\\\/?s={search_term_string}\"},\"query-input\":{\"@type\":\"PropertyValueSpecification\",\"valueRequired\":true,\"valueName\":\"search_term_string\"}}],\"inLanguage\":\"it-IT\"}]}<\/script>\n<!-- \/ Yoast SEO plugin. -->","yoast_head_json":{"title":"3M DP 270 Adesivo da costruzione bicomponente a base epossidica","description":"L'adesivo da costruzione bicomponente 3M DP 270 a base di resina epossidica pu\u00f2 essere utilizzato per proteggere componenti elettronici come sensori, connettori, ecc.","robots":{"index":"index","follow":"follow","max-snippet":"max-snippet:-1","max-image-preview":"max-image-preview:large","max-video-preview":"max-video-preview:-1"},"canonical":"https:\/\/cardinal-tapes.com\/it\/nastri-adesivi\/adesivi-liquidi\/adesivi\/3m-dp-270-adesivo-da-costruzione-bicomponente-su-base-di-resina-epossidica\/","og_locale":"it_IT","og_type":"article","og_title":"3M DP 270 Adesivo da costruzione bicomponente a base epossidica","og_description":"L'adesivo da costruzione bicomponente 3M DP 270 a base di resina epossidica pu\u00f2 essere utilizzato per proteggere componenti elettronici come sensori, connettori, ecc.","og_url":"https:\/\/cardinal-tapes.com\/it\/nastri-adesivi\/adesivi-liquidi\/adesivi\/3m-dp-270-adesivo-da-costruzione-bicomponente-su-base-di-resina-epossidica\/","og_site_name":"cardinal TAPES","article_modified_time":"2025-07-03T11:02:05+00:00","og_image":[{"width":600,"height":600,"url":"https:\/\/cardinal-tapes.com\/wp-content\/uploads\/3m_zk-konstruktionsklebestoff_dp270.jpg","type":"image\/jpeg"}],"twitter_card":"summary_large_image","schema":{"@context":"https:\/\/schema.org","@graph":[{"@type":"WebPage","@id":"https:\/\/cardinal-tapes.com\/it\/nastri-adesivi\/adesivi-liquidi\/adesivi\/3m-dp-270-adesivo-da-costruzione-bicomponente-su-base-di-resina-epossidica\/","url":"https:\/\/cardinal-tapes.com\/it\/nastri-adesivi\/adesivi-liquidi\/adesivi\/3m-dp-270-adesivo-da-costruzione-bicomponente-su-base-di-resina-epossidica\/","name":"3M DP 270 Adesivo da costruzione bicomponente a base epossidica","isPartOf":{"@id":"https:\/\/cardinal-tapes.com\/#website"},"primaryImageOfPage":{"@id":"https:\/\/cardinal-tapes.com\/it\/nastri-adesivi\/adesivi-liquidi\/adesivi\/3m-dp-270-adesivo-da-costruzione-bicomponente-su-base-di-resina-epossidica\/#primaryimage"},"image":{"@id":"https:\/\/cardinal-tapes.com\/it\/nastri-adesivi\/adesivi-liquidi\/adesivi\/3m-dp-270-adesivo-da-costruzione-bicomponente-su-base-di-resina-epossidica\/#primaryimage"},"thumbnailUrl":"https:\/\/cardinal-tapes.com\/wp-content\/uploads\/3m_zk-konstruktionsklebestoff_dp270.jpg","datePublished":"2017-12-22T14:37:20+00:00","dateModified":"2025-07-03T11:02:05+00:00","description":"L'adesivo da costruzione bicomponente 3M DP 270 a base di resina epossidica pu\u00f2 essere utilizzato per proteggere componenti elettronici come sensori, connettori, ecc.","breadcrumb":{"@id":"https:\/\/cardinal-tapes.com\/it\/nastri-adesivi\/adesivi-liquidi\/adesivi\/3m-dp-270-adesivo-da-costruzione-bicomponente-su-base-di-resina-epossidica\/#breadcrumb"},"inLanguage":"it-IT","potentialAction":[{"@type":"ReadAction","target":["https:\/\/cardinal-tapes.com\/it\/nastri-adesivi\/adesivi-liquidi\/adesivi\/3m-dp-270-adesivo-da-costruzione-bicomponente-su-base-di-resina-epossidica\/"]}]},{"@type":"ImageObject","inLanguage":"it-IT","@id":"https:\/\/cardinal-tapes.com\/it\/nastri-adesivi\/adesivi-liquidi\/adesivi\/3m-dp-270-adesivo-da-costruzione-bicomponente-su-base-di-resina-epossidica\/#primaryimage","url":"https:\/\/cardinal-tapes.com\/wp-content\/uploads\/3m_zk-konstruktionsklebestoff_dp270.jpg","contentUrl":"https:\/\/cardinal-tapes.com\/wp-content\/uploads\/3m_zk-konstruktionsklebestoff_dp270.jpg","width":600,"height":600,"caption":"Adesivo per costruzioni 3M DP270"},{"@type":"BreadcrumbList","@id":"https:\/\/cardinal-tapes.com\/it\/nastri-adesivi\/adesivi-liquidi\/adesivi\/3m-dp-270-adesivo-da-costruzione-bicomponente-su-base-di-resina-epossidica\/#breadcrumb","itemListElement":[{"@type":"ListItem","position":1,"name":"Startseite","item":"https:\/\/cardinal-tapes.com\/it\/casa\/"},{"@type":"ListItem","position":2,"name":"Nastri adesivi","item":"https:\/\/cardinal-tapes.com\/it\/nastri-adesivi-it\/"},{"@type":"ListItem","position":3,"name":"Adesivi liquidi","item":"https:\/\/cardinal-tapes.com\/it\/categoria\/adesivi-liquidi\/"},{"@type":"ListItem","position":4,"name":"Adesivi","item":"https:\/\/cardinal-tapes.com\/it\/categoria\/adesivi\/"},{"@type":"ListItem","position":5,"name":"3M\u2122 DP 270 Adesivo bicomponente a base epossidica per l&#8217;edilizia"}]},{"@type":"WebSite","@id":"https:\/\/cardinal-tapes.com\/#website","url":"https:\/\/cardinal-tapes.com\/","name":"cardinal TAPES","description":"Klebetechnik aus Wuppertal","potentialAction":[{"@type":"SearchAction","target":{"@type":"EntryPoint","urlTemplate":"https:\/\/cardinal-tapes.com\/?s={search_term_string}"},"query-input":{"@type":"PropertyValueSpecification","valueRequired":true,"valueName":"search_term_string"}}],"inLanguage":"it-IT"}]}},"brands":[{"id":2166,"name":"3M","slug":"3m-it"}],"_links":{"self":[{"href":"https:\/\/cardinal-tapes.com\/it\/wp-json\/wp\/v2\/product\/60388","targetHints":{"allow":["GET"]}}],"collection":[{"href":"https:\/\/cardinal-tapes.com\/it\/wp-json\/wp\/v2\/product"}],"about":[{"href":"https:\/\/cardinal-tapes.com\/it\/wp-json\/wp\/v2\/types\/product"}],"wp:featuredmedia":[{"embeddable":true,"href":"https:\/\/cardinal-tapes.com\/it\/wp-json\/wp\/v2\/media\/25553"}],"wp:attachment":[{"href":"https:\/\/cardinal-tapes.com\/it\/wp-json\/wp\/v2\/media?parent=60388"}],"wp:term":[{"taxonomy":"pwb-brand","embeddable":true,"href":"https:\/\/cardinal-tapes.com\/it\/wp-json\/wp\/v2\/pwb-brand?post=60388"},{"taxonomy":"product_brand","embeddable":true,"href":"https:\/\/cardinal-tapes.com\/it\/wp-json\/wp\/v2\/product_brand?post=60388"},{"taxonomy":"product_cat","embeddable":true,"href":"https:\/\/cardinal-tapes.com\/it\/wp-json\/wp\/v2\/product_cat?post=60388"},{"taxonomy":"product_tag","embeddable":true,"href":"https:\/\/cardinal-tapes.com\/it\/wp-json\/wp\/v2\/product_tag?post=60388"}],"curies":[{"name":"wp","href":"https:\/\/api.w.org\/{rel}","templated":true}]}}