{"id":60229,"date":"2017-12-08T09:36:05","date_gmt":"2023-06-05T15:34:45","guid":{"rendered":"https:\/\/cardinal.pixel-tal.de\/klebebaender\/senza-categoria\/nastro-elastico-in-poliuretano-3m-9343\/"},"modified":"2025-07-07T13:08:44","modified_gmt":"2025-07-07T11:08:44","slug":"3m-9343-polyurethan-klebeband-2","status":"publish","type":"product","link":"https:\/\/cardinal-tapes.com\/it\/nastri-adesivi\/nastri-monoadesivi\/3m-9343-polyurethan-klebeband-2\/","title":{"rendered":"Nastro elastico in poliuretano 3M\u2122 9343"},"content":{"rendered":"<p>Il nastro poliuretanico elastico 3M\u2122 9343 \u00e8 stato progettato specificamente per ridurre il rumore, le vibrazioni, i cigolii e i rumori negli interni dei veicoli. I materiali attualmente disponibili per queste applicazioni, come il tessuto floccato e\/o i feltri, non sono elastici, il che ne limita l&#8217;uso su superfici piane. L&#8217;esclusivo supporto in microfibra offre una combinazione di conformabilit\u00e0, elasticit\u00e0, comprimibilit\u00e0 e durata.<\/p>\n<p><strong>Propriet\u00e0<\/strong><br \/>\nIl nastro adesivo 9343 pu\u00f2 essere facilmente utilizzato su superfici irregolari e per isolare parti adiacenti. Inoltre, il nastro \u00e8 estremamente potente e ha una lunga durata grazie all&#8217;adesivo acrilico.<\/p>\n<p><strong>Applicazioni<\/strong><br \/>\n&#8211; Isolamento dal rumore all&#8217;interno del veicolo, ad esempio isolamento dei componenti vicini nel cruscotto e nelle aree di rivestimento<br \/>\n&#8211; Prevenzione dell&#8217;usura dei componenti vicini <\/p>\n","protected":false},"excerpt":{"rendered":"<p>Il nastro poliuretanico elastico 3M\u2122 9343 \u00e8 stato progettato specificamente per ridurre il rumore, le vibrazioni, i cigolii e i rumori negli interni dei veicoli. I materiali attualmente disponibili per queste applicazioni, come il tessuto floccato e\/o i feltri, non sono elastici, il che ne limita l&#8217;uso su superfici piane. L&#8217;esclusivo supporto in microfibra offre [&hellip;]<\/p>\n","protected":false},"featured_media":24425,"template":"","meta":{"_acf_changed":false},"pwb-brand":[2166],"product_brand":[],"product_cat":[1826],"product_tag":[],"class_list":{"0":"post-60229","1":"product","2":"type-product","3":"status-publish","4":"has-post-thumbnail","6":"pwb-brand-3m-it","7":"product_cat-nastri-monoadesivi","9":"first","10":"instock","11":"taxable","12":"shipping-taxable","13":"purchasable","14":"product-type-variable"},"acf":[],"yoast_head":"<!-- This site is optimized with the Yoast SEO plugin v27.3 - https:\/\/yoast.com\/product\/yoast-seo-wordpress\/ -->\n<title>Nastro in poliuretano elastico 3M\u2122 9343 | Cardinal TAPES<\/title>\n<meta name=\"description\" content=\"Il nastro poliuretanico elastico 3M\u2122 9343 \u00e8 stato progettato specificamente per ridurre il rumore, le vibrazioni, i cigolii e i rumori negli interni dei veicoli.\" \/>\n<meta name=\"robots\" content=\"index, follow, max-snippet:-1, max-image-preview:large, max-video-preview:-1\" \/>\n<link rel=\"canonical\" href=\"https:\/\/cardinal-tapes.com\/it\/nastri-adesivi\/nastri-monoadesivi\/3m-9343-polyurethan-klebeband-2\/\" \/>\n<meta property=\"og:locale\" content=\"it_IT\" \/>\n<meta property=\"og:type\" content=\"article\" \/>\n<meta property=\"og:title\" content=\"Nastro in poliuretano elastico 3M\u2122 9343 | Cardinal TAPES\" \/>\n<meta property=\"og:description\" content=\"Il nastro poliuretanico elastico 3M\u2122 9343 \u00e8 stato progettato specificamente per ridurre il rumore, le vibrazioni, i cigolii e i rumori negli interni dei veicoli.\" \/>\n<meta property=\"og:url\" content=\"https:\/\/cardinal-tapes.com\/it\/nastri-adesivi\/nastri-monoadesivi\/3m-9343-polyurethan-klebeband-2\/\" \/>\n<meta property=\"og:site_name\" content=\"cardinal TAPES\" \/>\n<meta property=\"article:modified_time\" content=\"2025-07-07T11:08:44+00:00\" \/>\n<meta property=\"og:image\" content=\"https:\/\/cardinal-tapes.com\/wp-content\/uploads\/3m_eleastisches_polyurethanklebeband_9343.jpg\" \/>\n\t<meta property=\"og:image:width\" content=\"600\" \/>\n\t<meta property=\"og:image:height\" content=\"600\" \/>\n\t<meta property=\"og:image:type\" content=\"image\/jpeg\" \/>\n<meta name=\"twitter:card\" content=\"summary_large_image\" \/>\n<meta name=\"twitter:label1\" content=\"Tempo di lettura stimato\" \/>\n\t<meta name=\"twitter:data1\" content=\"1 minuto\" \/>\n<script type=\"application\/ld+json\" class=\"yoast-schema-graph\">{\"@context\":\"https:\\\/\\\/schema.org\",\"@graph\":[{\"@type\":\"WebPage\",\"@id\":\"https:\\\/\\\/cardinal-tapes.com\\\/it\\\/nastri-adesivi\\\/nastri-monoadesivi\\\/3m-9343-polyurethan-klebeband-2\\\/\",\"url\":\"https:\\\/\\\/cardinal-tapes.com\\\/it\\\/nastri-adesivi\\\/nastri-monoadesivi\\\/3m-9343-polyurethan-klebeband-2\\\/\",\"name\":\"Nastro in poliuretano elastico 3M\u2122 9343 | Cardinal TAPES\",\"isPartOf\":{\"@id\":\"https:\\\/\\\/cardinal-tapes.com\\\/#website\"},\"primaryImageOfPage\":{\"@id\":\"https:\\\/\\\/cardinal-tapes.com\\\/it\\\/nastri-adesivi\\\/nastri-monoadesivi\\\/3m-9343-polyurethan-klebeband-2\\\/#primaryimage\"},\"image\":{\"@id\":\"https:\\\/\\\/cardinal-tapes.com\\\/it\\\/nastri-adesivi\\\/nastri-monoadesivi\\\/3m-9343-polyurethan-klebeband-2\\\/#primaryimage\"},\"thumbnailUrl\":\"https:\\\/\\\/cardinal-tapes.com\\\/wp-content\\\/uploads\\\/3m_eleastisches_polyurethanklebeband_9343.jpg\",\"datePublished\":\"2023-06-05T15:34:45+00:00\",\"dateModified\":\"2025-07-07T11:08:44+00:00\",\"description\":\"Il nastro poliuretanico elastico 3M\u2122 9343 \u00e8 stato progettato specificamente per ridurre il rumore, le vibrazioni, i cigolii e i rumori negli interni dei veicoli.\",\"breadcrumb\":{\"@id\":\"https:\\\/\\\/cardinal-tapes.com\\\/it\\\/nastri-adesivi\\\/nastri-monoadesivi\\\/3m-9343-polyurethan-klebeband-2\\\/#breadcrumb\"},\"inLanguage\":\"it-IT\",\"potentialAction\":[{\"@type\":\"ReadAction\",\"target\":[\"https:\\\/\\\/cardinal-tapes.com\\\/it\\\/nastri-adesivi\\\/nastri-monoadesivi\\\/3m-9343-polyurethan-klebeband-2\\\/\"]}]},{\"@type\":\"ImageObject\",\"inLanguage\":\"it-IT\",\"@id\":\"https:\\\/\\\/cardinal-tapes.com\\\/it\\\/nastri-adesivi\\\/nastri-monoadesivi\\\/3m-9343-polyurethan-klebeband-2\\\/#primaryimage\",\"url\":\"https:\\\/\\\/cardinal-tapes.com\\\/wp-content\\\/uploads\\\/3m_eleastisches_polyurethanklebeband_9343.jpg\",\"contentUrl\":\"https:\\\/\\\/cardinal-tapes.com\\\/wp-content\\\/uploads\\\/3m_eleastisches_polyurethanklebeband_9343.jpg\",\"width\":600,\"height\":600,\"caption\":\"Nastro in poliuretano 3M 9343\"},{\"@type\":\"BreadcrumbList\",\"@id\":\"https:\\\/\\\/cardinal-tapes.com\\\/it\\\/nastri-adesivi\\\/nastri-monoadesivi\\\/3m-9343-polyurethan-klebeband-2\\\/#breadcrumb\",\"itemListElement\":[{\"@type\":\"ListItem\",\"position\":1,\"name\":\"Startseite\",\"item\":\"https:\\\/\\\/cardinal-tapes.com\\\/it\\\/casa\\\/\"},{\"@type\":\"ListItem\",\"position\":2,\"name\":\"Nastri adesivi\",\"item\":\"https:\\\/\\\/cardinal-tapes.com\\\/it\\\/nastri-adesivi-it\\\/\"},{\"@type\":\"ListItem\",\"position\":3,\"name\":\"Nastri monoadesivi\",\"item\":\"https:\\\/\\\/cardinal-tapes.com\\\/it\\\/categoria\\\/nastri-monoadesivi\\\/\"},{\"@type\":\"ListItem\",\"position\":4,\"name\":\"Nastro elastico in poliuretano 3M\u2122 9343\"}]},{\"@type\":\"WebSite\",\"@id\":\"https:\\\/\\\/cardinal-tapes.com\\\/#website\",\"url\":\"https:\\\/\\\/cardinal-tapes.com\\\/\",\"name\":\"cardinal TAPES\",\"description\":\"Klebetechnik aus Wuppertal\",\"potentialAction\":[{\"@type\":\"SearchAction\",\"target\":{\"@type\":\"EntryPoint\",\"urlTemplate\":\"https:\\\/\\\/cardinal-tapes.com\\\/?s={search_term_string}\"},\"query-input\":{\"@type\":\"PropertyValueSpecification\",\"valueRequired\":true,\"valueName\":\"search_term_string\"}}],\"inLanguage\":\"it-IT\"}]}<\/script>\n<!-- \/ Yoast SEO plugin. -->","yoast_head_json":{"title":"Nastro in poliuretano elastico 3M\u2122 9343 | Cardinal TAPES","description":"Il nastro poliuretanico elastico 3M\u2122 9343 \u00e8 stato progettato specificamente per ridurre il rumore, le vibrazioni, i cigolii e i rumori negli interni dei veicoli.","robots":{"index":"index","follow":"follow","max-snippet":"max-snippet:-1","max-image-preview":"max-image-preview:large","max-video-preview":"max-video-preview:-1"},"canonical":"https:\/\/cardinal-tapes.com\/it\/nastri-adesivi\/nastri-monoadesivi\/3m-9343-polyurethan-klebeband-2\/","og_locale":"it_IT","og_type":"article","og_title":"Nastro in poliuretano elastico 3M\u2122 9343 | Cardinal TAPES","og_description":"Il nastro poliuretanico elastico 3M\u2122 9343 \u00e8 stato progettato specificamente per ridurre il rumore, le vibrazioni, i cigolii e i rumori negli interni dei veicoli.","og_url":"https:\/\/cardinal-tapes.com\/it\/nastri-adesivi\/nastri-monoadesivi\/3m-9343-polyurethan-klebeband-2\/","og_site_name":"cardinal TAPES","article_modified_time":"2025-07-07T11:08:44+00:00","og_image":[{"width":600,"height":600,"url":"https:\/\/cardinal-tapes.com\/wp-content\/uploads\/3m_eleastisches_polyurethanklebeband_9343.jpg","type":"image\/jpeg"}],"twitter_card":"summary_large_image","twitter_misc":{"Tempo di lettura stimato":"1 minuto"},"schema":{"@context":"https:\/\/schema.org","@graph":[{"@type":"WebPage","@id":"https:\/\/cardinal-tapes.com\/it\/nastri-adesivi\/nastri-monoadesivi\/3m-9343-polyurethan-klebeband-2\/","url":"https:\/\/cardinal-tapes.com\/it\/nastri-adesivi\/nastri-monoadesivi\/3m-9343-polyurethan-klebeband-2\/","name":"Nastro in poliuretano elastico 3M\u2122 9343 | Cardinal TAPES","isPartOf":{"@id":"https:\/\/cardinal-tapes.com\/#website"},"primaryImageOfPage":{"@id":"https:\/\/cardinal-tapes.com\/it\/nastri-adesivi\/nastri-monoadesivi\/3m-9343-polyurethan-klebeband-2\/#primaryimage"},"image":{"@id":"https:\/\/cardinal-tapes.com\/it\/nastri-adesivi\/nastri-monoadesivi\/3m-9343-polyurethan-klebeband-2\/#primaryimage"},"thumbnailUrl":"https:\/\/cardinal-tapes.com\/wp-content\/uploads\/3m_eleastisches_polyurethanklebeband_9343.jpg","datePublished":"2023-06-05T15:34:45+00:00","dateModified":"2025-07-07T11:08:44+00:00","description":"Il nastro poliuretanico elastico 3M\u2122 9343 \u00e8 stato progettato specificamente per ridurre il rumore, le vibrazioni, i cigolii e i rumori negli interni dei veicoli.","breadcrumb":{"@id":"https:\/\/cardinal-tapes.com\/it\/nastri-adesivi\/nastri-monoadesivi\/3m-9343-polyurethan-klebeband-2\/#breadcrumb"},"inLanguage":"it-IT","potentialAction":[{"@type":"ReadAction","target":["https:\/\/cardinal-tapes.com\/it\/nastri-adesivi\/nastri-monoadesivi\/3m-9343-polyurethan-klebeband-2\/"]}]},{"@type":"ImageObject","inLanguage":"it-IT","@id":"https:\/\/cardinal-tapes.com\/it\/nastri-adesivi\/nastri-monoadesivi\/3m-9343-polyurethan-klebeband-2\/#primaryimage","url":"https:\/\/cardinal-tapes.com\/wp-content\/uploads\/3m_eleastisches_polyurethanklebeband_9343.jpg","contentUrl":"https:\/\/cardinal-tapes.com\/wp-content\/uploads\/3m_eleastisches_polyurethanklebeband_9343.jpg","width":600,"height":600,"caption":"Nastro in poliuretano 3M 9343"},{"@type":"BreadcrumbList","@id":"https:\/\/cardinal-tapes.com\/it\/nastri-adesivi\/nastri-monoadesivi\/3m-9343-polyurethan-klebeband-2\/#breadcrumb","itemListElement":[{"@type":"ListItem","position":1,"name":"Startseite","item":"https:\/\/cardinal-tapes.com\/it\/casa\/"},{"@type":"ListItem","position":2,"name":"Nastri adesivi","item":"https:\/\/cardinal-tapes.com\/it\/nastri-adesivi-it\/"},{"@type":"ListItem","position":3,"name":"Nastri monoadesivi","item":"https:\/\/cardinal-tapes.com\/it\/categoria\/nastri-monoadesivi\/"},{"@type":"ListItem","position":4,"name":"Nastro elastico in poliuretano 3M\u2122 9343"}]},{"@type":"WebSite","@id":"https:\/\/cardinal-tapes.com\/#website","url":"https:\/\/cardinal-tapes.com\/","name":"cardinal TAPES","description":"Klebetechnik aus Wuppertal","potentialAction":[{"@type":"SearchAction","target":{"@type":"EntryPoint","urlTemplate":"https:\/\/cardinal-tapes.com\/?s={search_term_string}"},"query-input":{"@type":"PropertyValueSpecification","valueRequired":true,"valueName":"search_term_string"}}],"inLanguage":"it-IT"}]}},"brands":[{"id":2166,"name":"3M","slug":"3m-it"}],"_links":{"self":[{"href":"https:\/\/cardinal-tapes.com\/it\/wp-json\/wp\/v2\/product\/60229","targetHints":{"allow":["GET"]}}],"collection":[{"href":"https:\/\/cardinal-tapes.com\/it\/wp-json\/wp\/v2\/product"}],"about":[{"href":"https:\/\/cardinal-tapes.com\/it\/wp-json\/wp\/v2\/types\/product"}],"wp:featuredmedia":[{"embeddable":true,"href":"https:\/\/cardinal-tapes.com\/it\/wp-json\/wp\/v2\/media\/24425"}],"wp:attachment":[{"href":"https:\/\/cardinal-tapes.com\/it\/wp-json\/wp\/v2\/media?parent=60229"}],"wp:term":[{"taxonomy":"pwb-brand","embeddable":true,"href":"https:\/\/cardinal-tapes.com\/it\/wp-json\/wp\/v2\/pwb-brand?post=60229"},{"taxonomy":"product_brand","embeddable":true,"href":"https:\/\/cardinal-tapes.com\/it\/wp-json\/wp\/v2\/product_brand?post=60229"},{"taxonomy":"product_cat","embeddable":true,"href":"https:\/\/cardinal-tapes.com\/it\/wp-json\/wp\/v2\/product_cat?post=60229"},{"taxonomy":"product_tag","embeddable":true,"href":"https:\/\/cardinal-tapes.com\/it\/wp-json\/wp\/v2\/product_tag?post=60229"}],"curies":[{"name":"wp","href":"https:\/\/api.w.org\/{rel}","templated":true}]}}