{"id":59866,"date":"2018-02-07T09:18:29","date_gmt":"2023-06-05T15:29:41","guid":{"rendered":"https:\/\/cardinal.pixel-tal.de\/klebebaender\/senza-categoria\/tesa-50600-nastro-per-mascheratura-in-silicone-pet\/"},"modified":"2025-07-03T14:45:11","modified_gmt":"2025-07-03T12:45:11","slug":"tesa-50600-pet-nastro-di-mascheratura-in-silicone","status":"publish","type":"product","link":"https:\/\/cardinal-tapes.com\/it\/nastri-adesivi\/nastri-monoadesivi\/film-in-pet\/tesa-50600-pet-nastro-di-mascheratura-in-silicone\/","title":{"rendered":"tesa\u00ae 50600 Nastro per mascheratura in silicone PET"},"content":{"rendered":"<p><sup>tesa\u00ae<\/sup> 50600 \u00e8 un nastro di mascheratura in poliestere verde, estremamente resistente al calore, con un composto di silicone. Disponibile in misure speciali.<\/p>\n<p><strong>Propriet\u00e0<\/strong><br \/>\n&#8211; Alta resistenza<br \/>\n&#8211; Forte adesivit\u00e0 e resistenza alle alte temperature<br \/>\n&#8211; Rimuovibilit\u00e0 senza residui<\/p>\n<p><strong>Applicazioni<br \/>\n<\/strong>&#8211; Per mascherare le superfici che non devono essere rivestite durante la verniciatura a polvere.<\/p>\n","protected":false},"excerpt":{"rendered":"<p>tesa\u00ae 50600 \u00e8 un nastro di mascheratura in poliestere verde, estremamente resistente al calore, con un composto di silicone. Disponibile in misure speciali. Propriet\u00e0 &#8211; Alta resistenza &#8211; Forte adesivit\u00e0 e resistenza alle alte temperature &#8211; Rimuovibilit\u00e0 senza residui Applicazioni &#8211; Per mascherare le superfici che non devono essere rivestite durante la verniciatura a polvere.<\/p>\n","protected":false},"featured_media":75205,"template":"","meta":{"_acf_changed":false},"pwb-brand":[2162],"product_brand":[],"product_cat":[1826,1829],"product_tag":[],"class_list":{"0":"post-59866","1":"product","2":"type-product","3":"status-publish","4":"has-post-thumbnail","6":"pwb-brand-tesa-it","7":"product_cat-nastri-monoadesivi","8":"product_cat-film-in-pet","10":"first","11":"instock","12":"taxable","13":"shipping-taxable","14":"purchasable","15":"product-type-variable"},"acf":[],"yoast_head":"<!-- This site is optimized with the Yoast SEO plugin v27.3 - https:\/\/yoast.com\/product\/yoast-seo-wordpress\/ -->\n<title>tesa\u00ae 50600 PET Nastro per mascheratura in silicone | Cardinal TAPES<\/title>\n<meta name=\"description\" content=\"tesa\u00ae 50600 resiste a temperature fino a 220 gradi. L&#039;adesione \u00e8 forte e pu\u00f2 essere facilmente rimossa senza residui.\" \/>\n<meta name=\"robots\" content=\"index, follow, max-snippet:-1, max-image-preview:large, max-video-preview:-1\" \/>\n<link rel=\"canonical\" href=\"https:\/\/cardinal-tapes.com\/it\/nastri-adesivi\/nastri-monoadesivi\/film-in-pet\/tesa-50600-pet-nastro-di-mascheratura-in-silicone\/\" \/>\n<meta property=\"og:locale\" content=\"it_IT\" \/>\n<meta property=\"og:type\" content=\"article\" \/>\n<meta property=\"og:title\" content=\"tesa\u00ae 50600 PET Nastro per mascheratura in silicone | Cardinal TAPES\" \/>\n<meta property=\"og:description\" content=\"tesa\u00ae 50600 resiste a temperature fino a 220 gradi. L&#039;adesione \u00e8 forte e pu\u00f2 essere facilmente rimossa senza residui.\" \/>\n<meta property=\"og:url\" content=\"https:\/\/cardinal-tapes.com\/it\/nastri-adesivi\/nastri-monoadesivi\/film-in-pet\/tesa-50600-pet-nastro-di-mascheratura-in-silicone\/\" \/>\n<meta property=\"og:site_name\" content=\"cardinal TAPES\" \/>\n<meta property=\"article:modified_time\" content=\"2025-07-03T12:45:11+00:00\" \/>\n<meta property=\"og:image\" content=\"https:\/\/cardinal-tapes.com\/wp-content\/uploads\/tesa-50600-polyester-silicone-masking-tape-green-translucent-506000000000-pr2079534_padded16x9_18.webp\" \/>\n\t<meta property=\"og:image:width\" content=\"1888\" \/>\n\t<meta property=\"og:image:height\" content=\"1062\" \/>\n\t<meta property=\"og:image:type\" content=\"image\/webp\" \/>\n<meta name=\"twitter:card\" content=\"summary_large_image\" \/>\n<script type=\"application\/ld+json\" class=\"yoast-schema-graph\">{\"@context\":\"https:\\\/\\\/schema.org\",\"@graph\":[{\"@type\":\"WebPage\",\"@id\":\"https:\\\/\\\/cardinal-tapes.com\\\/it\\\/nastri-adesivi\\\/nastri-monoadesivi\\\/film-in-pet\\\/tesa-50600-pet-nastro-di-mascheratura-in-silicone\\\/\",\"url\":\"https:\\\/\\\/cardinal-tapes.com\\\/it\\\/nastri-adesivi\\\/nastri-monoadesivi\\\/film-in-pet\\\/tesa-50600-pet-nastro-di-mascheratura-in-silicone\\\/\",\"name\":\"tesa\u00ae 50600 PET Nastro per mascheratura in silicone | Cardinal TAPES\",\"isPartOf\":{\"@id\":\"https:\\\/\\\/cardinal-tapes.com\\\/#website\"},\"primaryImageOfPage\":{\"@id\":\"https:\\\/\\\/cardinal-tapes.com\\\/it\\\/nastri-adesivi\\\/nastri-monoadesivi\\\/film-in-pet\\\/tesa-50600-pet-nastro-di-mascheratura-in-silicone\\\/#primaryimage\"},\"image\":{\"@id\":\"https:\\\/\\\/cardinal-tapes.com\\\/it\\\/nastri-adesivi\\\/nastri-monoadesivi\\\/film-in-pet\\\/tesa-50600-pet-nastro-di-mascheratura-in-silicone\\\/#primaryimage\"},\"thumbnailUrl\":\"https:\\\/\\\/cardinal-tapes.com\\\/wp-content\\\/uploads\\\/tesa-50600-polyester-silicone-masking-tape-green-translucent-506000000000-pr2079534_padded16x9_18.webp\",\"datePublished\":\"2023-06-05T15:29:41+00:00\",\"dateModified\":\"2025-07-03T12:45:11+00:00\",\"description\":\"tesa\u00ae 50600 resiste a temperature fino a 220 gradi. L'adesione \u00e8 forte e pu\u00f2 essere facilmente rimossa senza residui.\",\"breadcrumb\":{\"@id\":\"https:\\\/\\\/cardinal-tapes.com\\\/it\\\/nastri-adesivi\\\/nastri-monoadesivi\\\/film-in-pet\\\/tesa-50600-pet-nastro-di-mascheratura-in-silicone\\\/#breadcrumb\"},\"inLanguage\":\"it-IT\",\"potentialAction\":[{\"@type\":\"ReadAction\",\"target\":[\"https:\\\/\\\/cardinal-tapes.com\\\/it\\\/nastri-adesivi\\\/nastri-monoadesivi\\\/film-in-pet\\\/tesa-50600-pet-nastro-di-mascheratura-in-silicone\\\/\"]}]},{\"@type\":\"ImageObject\",\"inLanguage\":\"it-IT\",\"@id\":\"https:\\\/\\\/cardinal-tapes.com\\\/it\\\/nastri-adesivi\\\/nastri-monoadesivi\\\/film-in-pet\\\/tesa-50600-pet-nastro-di-mascheratura-in-silicone\\\/#primaryimage\",\"url\":\"https:\\\/\\\/cardinal-tapes.com\\\/wp-content\\\/uploads\\\/tesa-50600-polyester-silicone-masking-tape-green-translucent-506000000000-pr2079534_padded16x9_18.webp\",\"contentUrl\":\"https:\\\/\\\/cardinal-tapes.com\\\/wp-content\\\/uploads\\\/tesa-50600-polyester-silicone-masking-tape-green-translucent-506000000000-pr2079534_padded16x9_18.webp\",\"width\":1888,\"height\":1062},{\"@type\":\"BreadcrumbList\",\"@id\":\"https:\\\/\\\/cardinal-tapes.com\\\/it\\\/nastri-adesivi\\\/nastri-monoadesivi\\\/film-in-pet\\\/tesa-50600-pet-nastro-di-mascheratura-in-silicone\\\/#breadcrumb\",\"itemListElement\":[{\"@type\":\"ListItem\",\"position\":1,\"name\":\"Startseite\",\"item\":\"https:\\\/\\\/cardinal-tapes.com\\\/it\\\/casa\\\/\"},{\"@type\":\"ListItem\",\"position\":2,\"name\":\"Nastri adesivi\",\"item\":\"https:\\\/\\\/cardinal-tapes.com\\\/it\\\/nastri-adesivi-it\\\/\"},{\"@type\":\"ListItem\",\"position\":3,\"name\":\"Nastri monoadesivi\",\"item\":\"https:\\\/\\\/cardinal-tapes.com\\\/it\\\/categoria\\\/nastri-monoadesivi\\\/\"},{\"@type\":\"ListItem\",\"position\":4,\"name\":\"Film in PET\",\"item\":\"https:\\\/\\\/cardinal-tapes.com\\\/it\\\/categoria\\\/film-in-pet\\\/\"},{\"@type\":\"ListItem\",\"position\":5,\"name\":\"tesa\u00ae 50600 Nastro per mascheratura in silicone PET\"}]},{\"@type\":\"WebSite\",\"@id\":\"https:\\\/\\\/cardinal-tapes.com\\\/#website\",\"url\":\"https:\\\/\\\/cardinal-tapes.com\\\/\",\"name\":\"cardinal TAPES\",\"description\":\"Klebetechnik aus Wuppertal\",\"potentialAction\":[{\"@type\":\"SearchAction\",\"target\":{\"@type\":\"EntryPoint\",\"urlTemplate\":\"https:\\\/\\\/cardinal-tapes.com\\\/?s={search_term_string}\"},\"query-input\":{\"@type\":\"PropertyValueSpecification\",\"valueRequired\":true,\"valueName\":\"search_term_string\"}}],\"inLanguage\":\"it-IT\"}]}<\/script>\n<!-- \/ Yoast SEO plugin. -->","yoast_head_json":{"title":"tesa\u00ae 50600 PET Nastro per mascheratura in silicone | Cardinal TAPES","description":"tesa\u00ae 50600 resiste a temperature fino a 220 gradi. L'adesione \u00e8 forte e pu\u00f2 essere facilmente rimossa senza residui.","robots":{"index":"index","follow":"follow","max-snippet":"max-snippet:-1","max-image-preview":"max-image-preview:large","max-video-preview":"max-video-preview:-1"},"canonical":"https:\/\/cardinal-tapes.com\/it\/nastri-adesivi\/nastri-monoadesivi\/film-in-pet\/tesa-50600-pet-nastro-di-mascheratura-in-silicone\/","og_locale":"it_IT","og_type":"article","og_title":"tesa\u00ae 50600 PET Nastro per mascheratura in silicone | Cardinal TAPES","og_description":"tesa\u00ae 50600 resiste a temperature fino a 220 gradi. L'adesione \u00e8 forte e pu\u00f2 essere facilmente rimossa senza residui.","og_url":"https:\/\/cardinal-tapes.com\/it\/nastri-adesivi\/nastri-monoadesivi\/film-in-pet\/tesa-50600-pet-nastro-di-mascheratura-in-silicone\/","og_site_name":"cardinal TAPES","article_modified_time":"2025-07-03T12:45:11+00:00","og_image":[{"width":1888,"height":1062,"url":"https:\/\/cardinal-tapes.com\/wp-content\/uploads\/tesa-50600-polyester-silicone-masking-tape-green-translucent-506000000000-pr2079534_padded16x9_18.webp","type":"image\/webp"}],"twitter_card":"summary_large_image","schema":{"@context":"https:\/\/schema.org","@graph":[{"@type":"WebPage","@id":"https:\/\/cardinal-tapes.com\/it\/nastri-adesivi\/nastri-monoadesivi\/film-in-pet\/tesa-50600-pet-nastro-di-mascheratura-in-silicone\/","url":"https:\/\/cardinal-tapes.com\/it\/nastri-adesivi\/nastri-monoadesivi\/film-in-pet\/tesa-50600-pet-nastro-di-mascheratura-in-silicone\/","name":"tesa\u00ae 50600 PET Nastro per mascheratura in silicone | Cardinal TAPES","isPartOf":{"@id":"https:\/\/cardinal-tapes.com\/#website"},"primaryImageOfPage":{"@id":"https:\/\/cardinal-tapes.com\/it\/nastri-adesivi\/nastri-monoadesivi\/film-in-pet\/tesa-50600-pet-nastro-di-mascheratura-in-silicone\/#primaryimage"},"image":{"@id":"https:\/\/cardinal-tapes.com\/it\/nastri-adesivi\/nastri-monoadesivi\/film-in-pet\/tesa-50600-pet-nastro-di-mascheratura-in-silicone\/#primaryimage"},"thumbnailUrl":"https:\/\/cardinal-tapes.com\/wp-content\/uploads\/tesa-50600-polyester-silicone-masking-tape-green-translucent-506000000000-pr2079534_padded16x9_18.webp","datePublished":"2023-06-05T15:29:41+00:00","dateModified":"2025-07-03T12:45:11+00:00","description":"tesa\u00ae 50600 resiste a temperature fino a 220 gradi. L'adesione \u00e8 forte e pu\u00f2 essere facilmente rimossa senza residui.","breadcrumb":{"@id":"https:\/\/cardinal-tapes.com\/it\/nastri-adesivi\/nastri-monoadesivi\/film-in-pet\/tesa-50600-pet-nastro-di-mascheratura-in-silicone\/#breadcrumb"},"inLanguage":"it-IT","potentialAction":[{"@type":"ReadAction","target":["https:\/\/cardinal-tapes.com\/it\/nastri-adesivi\/nastri-monoadesivi\/film-in-pet\/tesa-50600-pet-nastro-di-mascheratura-in-silicone\/"]}]},{"@type":"ImageObject","inLanguage":"it-IT","@id":"https:\/\/cardinal-tapes.com\/it\/nastri-adesivi\/nastri-monoadesivi\/film-in-pet\/tesa-50600-pet-nastro-di-mascheratura-in-silicone\/#primaryimage","url":"https:\/\/cardinal-tapes.com\/wp-content\/uploads\/tesa-50600-polyester-silicone-masking-tape-green-translucent-506000000000-pr2079534_padded16x9_18.webp","contentUrl":"https:\/\/cardinal-tapes.com\/wp-content\/uploads\/tesa-50600-polyester-silicone-masking-tape-green-translucent-506000000000-pr2079534_padded16x9_18.webp","width":1888,"height":1062},{"@type":"BreadcrumbList","@id":"https:\/\/cardinal-tapes.com\/it\/nastri-adesivi\/nastri-monoadesivi\/film-in-pet\/tesa-50600-pet-nastro-di-mascheratura-in-silicone\/#breadcrumb","itemListElement":[{"@type":"ListItem","position":1,"name":"Startseite","item":"https:\/\/cardinal-tapes.com\/it\/casa\/"},{"@type":"ListItem","position":2,"name":"Nastri adesivi","item":"https:\/\/cardinal-tapes.com\/it\/nastri-adesivi-it\/"},{"@type":"ListItem","position":3,"name":"Nastri monoadesivi","item":"https:\/\/cardinal-tapes.com\/it\/categoria\/nastri-monoadesivi\/"},{"@type":"ListItem","position":4,"name":"Film in PET","item":"https:\/\/cardinal-tapes.com\/it\/categoria\/film-in-pet\/"},{"@type":"ListItem","position":5,"name":"tesa\u00ae 50600 Nastro per mascheratura in silicone PET"}]},{"@type":"WebSite","@id":"https:\/\/cardinal-tapes.com\/#website","url":"https:\/\/cardinal-tapes.com\/","name":"cardinal TAPES","description":"Klebetechnik aus Wuppertal","potentialAction":[{"@type":"SearchAction","target":{"@type":"EntryPoint","urlTemplate":"https:\/\/cardinal-tapes.com\/?s={search_term_string}"},"query-input":{"@type":"PropertyValueSpecification","valueRequired":true,"valueName":"search_term_string"}}],"inLanguage":"it-IT"}]}},"brands":[{"id":2162,"name":"tesa","slug":"tesa-it"}],"_links":{"self":[{"href":"https:\/\/cardinal-tapes.com\/it\/wp-json\/wp\/v2\/product\/59866","targetHints":{"allow":["GET"]}}],"collection":[{"href":"https:\/\/cardinal-tapes.com\/it\/wp-json\/wp\/v2\/product"}],"about":[{"href":"https:\/\/cardinal-tapes.com\/it\/wp-json\/wp\/v2\/types\/product"}],"wp:featuredmedia":[{"embeddable":true,"href":"https:\/\/cardinal-tapes.com\/it\/wp-json\/wp\/v2\/media\/75205"}],"wp:attachment":[{"href":"https:\/\/cardinal-tapes.com\/it\/wp-json\/wp\/v2\/media?parent=59866"}],"wp:term":[{"taxonomy":"pwb-brand","embeddable":true,"href":"https:\/\/cardinal-tapes.com\/it\/wp-json\/wp\/v2\/pwb-brand?post=59866"},{"taxonomy":"product_brand","embeddable":true,"href":"https:\/\/cardinal-tapes.com\/it\/wp-json\/wp\/v2\/product_brand?post=59866"},{"taxonomy":"product_cat","embeddable":true,"href":"https:\/\/cardinal-tapes.com\/it\/wp-json\/wp\/v2\/product_cat?post=59866"},{"taxonomy":"product_tag","embeddable":true,"href":"https:\/\/cardinal-tapes.com\/it\/wp-json\/wp\/v2\/product_tag?post=59866"}],"curies":[{"name":"wp","href":"https:\/\/api.w.org\/{rel}","templated":true}]}}