{"id":59527,"date":"2018-02-09T09:38:35","date_gmt":"2018-02-09T08:38:35","guid":{"rendered":"https:\/\/cardinal.pixel-tal.de\/klebebaender\/senza-categoria\/tesa-acxplus-7054-nastro-biadesivo-con-anima-acrilica\/"},"modified":"2025-07-03T15:11:44","modified_gmt":"2025-07-03T13:11:44","slug":"tesa-7054-nastro-biadesivo-con-anima-acrilica","status":"publish","type":"product","link":"https:\/\/cardinal-tapes.com\/it\/nastri-adesivi\/nastri-biadesivi\/tesa-7054-nastro-biadesivo-con-anima-acrilica\/","title":{"rendered":"tesa\u00ae ACXplus 7054 nastro biadesivo con anima acrilica"},"content":{"rendered":"<p><sup>tesa\u00ae<\/sup> <sup class=\"lowercase\">ACXplus<\/sup> 7054 \u00e8 un nastro adesivo acrilico trasparente. Il prodotto \u00e8 caratterizzato, tra l&#8217;altro, da un&#8217;elevatissima trasparenza ed \u00e8 quindi particolarmente adatto per l&#8217;incollaggio costruttivo e permanente di vetro o plastica trasparente. Le diverse espansioni termiche dei materiali da incollare sono compensate molto bene dal nucleo viscoelastico di acrilato. Il prodotto ha un&#8217;elevata adesivit\u00e0 iniziale e finale.<\/p>\n<p><strong>Propriet\u00e0<\/strong><br \/>\n&#8211; Elevata forza adesiva iniziale e finale<br \/>\n&#8211; Trasparenza molto elevata<\/p>\n<p><strong>Applicazioni<br \/>\n<\/strong>&#8211; Produzione di insegne ed espositori<br \/>\n&#8211; Montaggio di pareti divisorie in vetro<br \/>\n&#8211; Fissaggio di pannelli di vetro decorativi<\/p>\n","protected":false},"excerpt":{"rendered":"<p>tesa\u00ae ACXplus 7054 \u00e8 un nastro adesivo acrilico trasparente. Il prodotto \u00e8 caratterizzato, tra l&#8217;altro, da un&#8217;elevatissima trasparenza ed \u00e8 quindi particolarmente adatto per l&#8217;incollaggio costruttivo e permanente di vetro o plastica trasparente. Le diverse espansioni termiche dei materiali da incollare sono compensate molto bene dal nucleo viscoelastico di acrilato. Il prodotto ha un&#8217;elevata adesivit\u00e0 [&hellip;]<\/p>\n","protected":false},"featured_media":26121,"template":"","meta":{"_acf_changed":false},"pwb-brand":[2162],"product_brand":[],"product_cat":[1824],"product_tag":[],"class_list":{"0":"post-59527","1":"product","2":"type-product","3":"status-publish","4":"has-post-thumbnail","6":"pwb-brand-tesa-it","7":"product_cat-nastri-biadesivi","9":"first","10":"instock","11":"taxable","12":"shipping-taxable","13":"purchasable","14":"product-type-variable"},"acf":[],"yoast_head":"<!-- This site is optimized with the Yoast SEO plugin v27.3 - https:\/\/yoast.com\/product\/yoast-seo-wordpress\/ -->\n<title>Nastro adesivo biadesivo con anima acrilica Tesa 7054 | Cardinal TAPES<\/title>\n<meta name=\"description\" content=\"tesa\u00ae ACXplus 7054 \u00e8 un nastro adesivo acrilico trasparente\" \/>\n<meta name=\"robots\" content=\"index, follow, max-snippet:-1, max-image-preview:large, max-video-preview:-1\" \/>\n<link rel=\"canonical\" href=\"https:\/\/cardinal-tapes.com\/it\/nastri-adesivi\/nastri-biadesivi\/tesa-7054-nastro-biadesivo-con-anima-acrilica\/\" \/>\n<meta property=\"og:locale\" content=\"it_IT\" \/>\n<meta property=\"og:type\" content=\"article\" \/>\n<meta property=\"og:title\" content=\"Nastro adesivo biadesivo con anima acrilica Tesa 7054 | Cardinal TAPES\" \/>\n<meta property=\"og:description\" content=\"tesa\u00ae ACXplus 7054 \u00e8 un nastro adesivo acrilico trasparente\" \/>\n<meta property=\"og:url\" content=\"https:\/\/cardinal-tapes.com\/it\/nastri-adesivi\/nastri-biadesivi\/tesa-7054-nastro-biadesivo-con-anima-acrilica\/\" \/>\n<meta property=\"og:site_name\" content=\"cardinal TAPES\" \/>\n<meta property=\"article:modified_time\" content=\"2025-07-03T13:11:44+00:00\" \/>\n<meta property=\"og:image\" content=\"https:\/\/cardinal-tapes.com\/wp-content\/uploads\/tesa-07054.jpg\" \/>\n\t<meta property=\"og:image:width\" content=\"600\" \/>\n\t<meta property=\"og:image:height\" content=\"600\" \/>\n\t<meta property=\"og:image:type\" content=\"image\/jpeg\" \/>\n<meta name=\"twitter:card\" content=\"summary_large_image\" \/>\n<script type=\"application\/ld+json\" class=\"yoast-schema-graph\">{\"@context\":\"https:\\\/\\\/schema.org\",\"@graph\":[{\"@type\":\"WebPage\",\"@id\":\"https:\\\/\\\/cardinal-tapes.com\\\/it\\\/nastri-adesivi\\\/nastri-biadesivi\\\/tesa-7054-nastro-biadesivo-con-anima-acrilica\\\/\",\"url\":\"https:\\\/\\\/cardinal-tapes.com\\\/it\\\/nastri-adesivi\\\/nastri-biadesivi\\\/tesa-7054-nastro-biadesivo-con-anima-acrilica\\\/\",\"name\":\"Nastro adesivo biadesivo con anima acrilica Tesa 7054 | Cardinal TAPES\",\"isPartOf\":{\"@id\":\"https:\\\/\\\/cardinal-tapes.com\\\/#website\"},\"primaryImageOfPage\":{\"@id\":\"https:\\\/\\\/cardinal-tapes.com\\\/it\\\/nastri-adesivi\\\/nastri-biadesivi\\\/tesa-7054-nastro-biadesivo-con-anima-acrilica\\\/#primaryimage\"},\"image\":{\"@id\":\"https:\\\/\\\/cardinal-tapes.com\\\/it\\\/nastri-adesivi\\\/nastri-biadesivi\\\/tesa-7054-nastro-biadesivo-con-anima-acrilica\\\/#primaryimage\"},\"thumbnailUrl\":\"https:\\\/\\\/cardinal-tapes.com\\\/wp-content\\\/uploads\\\/tesa-07054.jpg\",\"datePublished\":\"2018-02-09T08:38:35+00:00\",\"dateModified\":\"2025-07-03T13:11:44+00:00\",\"description\":\"tesa\u00ae ACXplus 7054 \u00e8 un nastro adesivo acrilico trasparente\",\"breadcrumb\":{\"@id\":\"https:\\\/\\\/cardinal-tapes.com\\\/it\\\/nastri-adesivi\\\/nastri-biadesivi\\\/tesa-7054-nastro-biadesivo-con-anima-acrilica\\\/#breadcrumb\"},\"inLanguage\":\"it-IT\",\"potentialAction\":[{\"@type\":\"ReadAction\",\"target\":[\"https:\\\/\\\/cardinal-tapes.com\\\/it\\\/nastri-adesivi\\\/nastri-biadesivi\\\/tesa-7054-nastro-biadesivo-con-anima-acrilica\\\/\"]}]},{\"@type\":\"ImageObject\",\"inLanguage\":\"it-IT\",\"@id\":\"https:\\\/\\\/cardinal-tapes.com\\\/it\\\/nastri-adesivi\\\/nastri-biadesivi\\\/tesa-7054-nastro-biadesivo-con-anima-acrilica\\\/#primaryimage\",\"url\":\"https:\\\/\\\/cardinal-tapes.com\\\/wp-content\\\/uploads\\\/tesa-07054.jpg\",\"contentUrl\":\"https:\\\/\\\/cardinal-tapes.com\\\/wp-content\\\/uploads\\\/tesa-07054.jpg\",\"width\":600,\"height\":600,\"caption\":\"tesa 7054\"},{\"@type\":\"BreadcrumbList\",\"@id\":\"https:\\\/\\\/cardinal-tapes.com\\\/it\\\/nastri-adesivi\\\/nastri-biadesivi\\\/tesa-7054-nastro-biadesivo-con-anima-acrilica\\\/#breadcrumb\",\"itemListElement\":[{\"@type\":\"ListItem\",\"position\":1,\"name\":\"Startseite\",\"item\":\"https:\\\/\\\/cardinal-tapes.com\\\/it\\\/casa\\\/\"},{\"@type\":\"ListItem\",\"position\":2,\"name\":\"Nastri adesivi\",\"item\":\"https:\\\/\\\/cardinal-tapes.com\\\/it\\\/nastri-adesivi-it\\\/\"},{\"@type\":\"ListItem\",\"position\":3,\"name\":\"Nastri biadesivi\",\"item\":\"https:\\\/\\\/cardinal-tapes.com\\\/it\\\/categoria\\\/nastri-biadesivi\\\/\"},{\"@type\":\"ListItem\",\"position\":4,\"name\":\"tesa\u00ae ACXplus 7054 nastro biadesivo con anima acrilica\"}]},{\"@type\":\"WebSite\",\"@id\":\"https:\\\/\\\/cardinal-tapes.com\\\/#website\",\"url\":\"https:\\\/\\\/cardinal-tapes.com\\\/\",\"name\":\"cardinal TAPES\",\"description\":\"Klebetechnik aus Wuppertal\",\"potentialAction\":[{\"@type\":\"SearchAction\",\"target\":{\"@type\":\"EntryPoint\",\"urlTemplate\":\"https:\\\/\\\/cardinal-tapes.com\\\/?s={search_term_string}\"},\"query-input\":{\"@type\":\"PropertyValueSpecification\",\"valueRequired\":true,\"valueName\":\"search_term_string\"}}],\"inLanguage\":\"it-IT\"}]}<\/script>\n<!-- \/ Yoast SEO plugin. -->","yoast_head_json":{"title":"Nastro adesivo biadesivo con anima acrilica Tesa 7054 | Cardinal TAPES","description":"tesa\u00ae ACXplus 7054 \u00e8 un nastro adesivo acrilico trasparente","robots":{"index":"index","follow":"follow","max-snippet":"max-snippet:-1","max-image-preview":"max-image-preview:large","max-video-preview":"max-video-preview:-1"},"canonical":"https:\/\/cardinal-tapes.com\/it\/nastri-adesivi\/nastri-biadesivi\/tesa-7054-nastro-biadesivo-con-anima-acrilica\/","og_locale":"it_IT","og_type":"article","og_title":"Nastro adesivo biadesivo con anima acrilica Tesa 7054 | Cardinal TAPES","og_description":"tesa\u00ae ACXplus 7054 \u00e8 un nastro adesivo acrilico trasparente","og_url":"https:\/\/cardinal-tapes.com\/it\/nastri-adesivi\/nastri-biadesivi\/tesa-7054-nastro-biadesivo-con-anima-acrilica\/","og_site_name":"cardinal TAPES","article_modified_time":"2025-07-03T13:11:44+00:00","og_image":[{"width":600,"height":600,"url":"https:\/\/cardinal-tapes.com\/wp-content\/uploads\/tesa-07054.jpg","type":"image\/jpeg"}],"twitter_card":"summary_large_image","schema":{"@context":"https:\/\/schema.org","@graph":[{"@type":"WebPage","@id":"https:\/\/cardinal-tapes.com\/it\/nastri-adesivi\/nastri-biadesivi\/tesa-7054-nastro-biadesivo-con-anima-acrilica\/","url":"https:\/\/cardinal-tapes.com\/it\/nastri-adesivi\/nastri-biadesivi\/tesa-7054-nastro-biadesivo-con-anima-acrilica\/","name":"Nastro adesivo biadesivo con anima acrilica Tesa 7054 | Cardinal TAPES","isPartOf":{"@id":"https:\/\/cardinal-tapes.com\/#website"},"primaryImageOfPage":{"@id":"https:\/\/cardinal-tapes.com\/it\/nastri-adesivi\/nastri-biadesivi\/tesa-7054-nastro-biadesivo-con-anima-acrilica\/#primaryimage"},"image":{"@id":"https:\/\/cardinal-tapes.com\/it\/nastri-adesivi\/nastri-biadesivi\/tesa-7054-nastro-biadesivo-con-anima-acrilica\/#primaryimage"},"thumbnailUrl":"https:\/\/cardinal-tapes.com\/wp-content\/uploads\/tesa-07054.jpg","datePublished":"2018-02-09T08:38:35+00:00","dateModified":"2025-07-03T13:11:44+00:00","description":"tesa\u00ae ACXplus 7054 \u00e8 un nastro adesivo acrilico trasparente","breadcrumb":{"@id":"https:\/\/cardinal-tapes.com\/it\/nastri-adesivi\/nastri-biadesivi\/tesa-7054-nastro-biadesivo-con-anima-acrilica\/#breadcrumb"},"inLanguage":"it-IT","potentialAction":[{"@type":"ReadAction","target":["https:\/\/cardinal-tapes.com\/it\/nastri-adesivi\/nastri-biadesivi\/tesa-7054-nastro-biadesivo-con-anima-acrilica\/"]}]},{"@type":"ImageObject","inLanguage":"it-IT","@id":"https:\/\/cardinal-tapes.com\/it\/nastri-adesivi\/nastri-biadesivi\/tesa-7054-nastro-biadesivo-con-anima-acrilica\/#primaryimage","url":"https:\/\/cardinal-tapes.com\/wp-content\/uploads\/tesa-07054.jpg","contentUrl":"https:\/\/cardinal-tapes.com\/wp-content\/uploads\/tesa-07054.jpg","width":600,"height":600,"caption":"tesa 7054"},{"@type":"BreadcrumbList","@id":"https:\/\/cardinal-tapes.com\/it\/nastri-adesivi\/nastri-biadesivi\/tesa-7054-nastro-biadesivo-con-anima-acrilica\/#breadcrumb","itemListElement":[{"@type":"ListItem","position":1,"name":"Startseite","item":"https:\/\/cardinal-tapes.com\/it\/casa\/"},{"@type":"ListItem","position":2,"name":"Nastri adesivi","item":"https:\/\/cardinal-tapes.com\/it\/nastri-adesivi-it\/"},{"@type":"ListItem","position":3,"name":"Nastri biadesivi","item":"https:\/\/cardinal-tapes.com\/it\/categoria\/nastri-biadesivi\/"},{"@type":"ListItem","position":4,"name":"tesa\u00ae ACXplus 7054 nastro biadesivo con anima acrilica"}]},{"@type":"WebSite","@id":"https:\/\/cardinal-tapes.com\/#website","url":"https:\/\/cardinal-tapes.com\/","name":"cardinal TAPES","description":"Klebetechnik aus Wuppertal","potentialAction":[{"@type":"SearchAction","target":{"@type":"EntryPoint","urlTemplate":"https:\/\/cardinal-tapes.com\/?s={search_term_string}"},"query-input":{"@type":"PropertyValueSpecification","valueRequired":true,"valueName":"search_term_string"}}],"inLanguage":"it-IT"}]}},"brands":[{"id":2162,"name":"tesa","slug":"tesa-it"}],"_links":{"self":[{"href":"https:\/\/cardinal-tapes.com\/it\/wp-json\/wp\/v2\/product\/59527","targetHints":{"allow":["GET"]}}],"collection":[{"href":"https:\/\/cardinal-tapes.com\/it\/wp-json\/wp\/v2\/product"}],"about":[{"href":"https:\/\/cardinal-tapes.com\/it\/wp-json\/wp\/v2\/types\/product"}],"wp:featuredmedia":[{"embeddable":true,"href":"https:\/\/cardinal-tapes.com\/it\/wp-json\/wp\/v2\/media\/26121"}],"wp:attachment":[{"href":"https:\/\/cardinal-tapes.com\/it\/wp-json\/wp\/v2\/media?parent=59527"}],"wp:term":[{"taxonomy":"pwb-brand","embeddable":true,"href":"https:\/\/cardinal-tapes.com\/it\/wp-json\/wp\/v2\/pwb-brand?post=59527"},{"taxonomy":"product_brand","embeddable":true,"href":"https:\/\/cardinal-tapes.com\/it\/wp-json\/wp\/v2\/product_brand?post=59527"},{"taxonomy":"product_cat","embeddable":true,"href":"https:\/\/cardinal-tapes.com\/it\/wp-json\/wp\/v2\/product_cat?post=59527"},{"taxonomy":"product_tag","embeddable":true,"href":"https:\/\/cardinal-tapes.com\/it\/wp-json\/wp\/v2\/product_tag?post=59527"}],"curies":[{"name":"wp","href":"https:\/\/api.w.org\/{rel}","templated":true}]}}