{"id":59509,"date":"2018-02-07T16:12:23","date_gmt":"2023-06-05T15:28:17","guid":{"rendered":"https:\/\/cardinal.pixel-tal.de\/klebebaender\/senza-categoria\/tesa-6400-dispenser-premium-per-le-mani\/"},"modified":"2023-06-05T17:28:17","modified_gmt":"2023-06-05T15:28:17","slug":"tesa-6400-distributore-manuale-premium","status":"publish","type":"product","link":"https:\/\/cardinal-tapes.com\/it\/nastri-adesivi\/aree-di-applicazione\/settore-dei-trasporti\/tesa-6400-distributore-manuale-premium\/","title":{"rendered":"tesa\u00ae 6400 Dispenser Premium per le mani"},"content":{"rendered":"<p>Il dispenser di nastro da imballaggio <sup>tesapack\u00ae<\/sup> Comfort di alta qualit\u00e0 definisce lo standard quando si tratta di sigillare in modo sicuro e pulito tutti i tipi di confezioni. \u00c8 molto robusto grazie a una solida struttura in metallo ed \u00e8 destinato a un uso permanente. La lama affilata \u00e8 retrattile e riduce il rischio di lesioni. L&#8217;impugnatura gommata consente di utilizzare comodamente il dispenser per nastri da imballaggio<\/p>\n<p><strong>Propriet\u00e0<\/strong><br \/>\n&#8211; Distributore manuale molto robusto e professionale con una robusta struttura in metallo<br \/>\n&#8211; Con lama retrattile per un uso sicuro (protezione dalle lesioni)<br \/>\n&#8211; Freno di stacco regolabile manualmente<br \/>\n&#8211; Impugnatura gommata per una presa sicura e confortevole<br \/>\n&#8211; Rullo in gomma per una facile applicazione<br \/>\n&#8211; Servizio ricambi<\/p>\n<p><strong>Applicazioni<\/strong><br \/>\n&#8211; Adatto a srotolare il nastro da pacchi fino a 50 mm di larghezza<\/p>\n","protected":false},"excerpt":{"rendered":"<p>Il dispenser di nastro da imballaggio tesapack\u00ae Comfort di alta qualit\u00e0 definisce lo standard quando si tratta di sigillare in modo sicuro e pulito tutti i tipi di confezioni. \u00c8 molto robusto grazie a una solida struttura in metallo ed \u00e8 destinato a un uso permanente. La lama affilata \u00e8 retrattile e riduce il rischio [&hellip;]<\/p>\n","protected":false},"featured_media":25889,"template":"","meta":{"_acf_changed":false},"pwb-brand":[2162],"product_brand":[],"product_cat":[1782,1826,1863],"product_tag":[],"class_list":{"0":"post-59509","1":"product","2":"type-product","3":"status-publish","4":"has-post-thumbnail","6":"pwb-brand-tesa-it","7":"product_cat-settore-dei-trasporti","8":"product_cat-nastri-monoadesivi","9":"product_cat-sistemi-di-imballaggio","11":"first","12":"instock","13":"taxable","14":"shipping-taxable","15":"purchasable","16":"product-type-variable"},"acf":[],"yoast_head":"<!-- This site is optimized with the Yoast SEO plugin v27.3 - https:\/\/yoast.com\/product\/yoast-seo-wordpress\/ -->\n<title>tesa\u00ae 6400 Dispenser manuale Premium | Cardinal TAPES<\/title>\n<meta name=\"description\" content=\"tesa\u00ae 6400 \u00e8 un robusto dispenser manuale per la lavorazione di nastri da imballaggio con larghezza fino a 50 mm. Per saperne di pi\u00f9 sul tesa 6400, cliccate qui.\" \/>\n<meta name=\"robots\" content=\"index, follow, max-snippet:-1, max-image-preview:large, max-video-preview:-1\" \/>\n<link rel=\"canonical\" href=\"https:\/\/cardinal-tapes.com\/it\/nastri-adesivi\/settore-dei-trasporti\/tesa-6400-distributore-manuale-premium\/\" \/>\n<meta property=\"og:locale\" content=\"it_IT\" \/>\n<meta property=\"og:type\" content=\"article\" \/>\n<meta property=\"og:title\" content=\"tesa\u00ae 6400 Dispenser manuale Premium | Cardinal TAPES\" \/>\n<meta property=\"og:description\" content=\"tesa\u00ae 6400 \u00e8 un robusto dispenser manuale per la lavorazione di nastri da imballaggio con larghezza fino a 50 mm. Per saperne di pi\u00f9 sul tesa 6400, cliccate qui.\" \/>\n<meta property=\"og:url\" content=\"https:\/\/cardinal-tapes.com\/it\/nastri-adesivi\/settore-dei-trasporti\/tesa-6400-distributore-manuale-premium\/\" \/>\n<meta property=\"og:site_name\" content=\"cardinal TAPES\" \/>\n<meta property=\"og:image\" content=\"https:\/\/cardinal-tapes.com\/wp-content\/uploads\/xxtesa-06400int-pr-2-fullsize170336_canvas1x1_6.jpg\" \/>\n\t<meta property=\"og:image:width\" content=\"567\" \/>\n\t<meta property=\"og:image:height\" content=\"640\" \/>\n\t<meta property=\"og:image:type\" content=\"image\/jpeg\" \/>\n<meta name=\"twitter:card\" content=\"summary_large_image\" \/>\n<meta name=\"twitter:label1\" content=\"Tempo di lettura stimato\" \/>\n\t<meta name=\"twitter:data1\" content=\"1 minuto\" \/>\n<script type=\"application\/ld+json\" class=\"yoast-schema-graph\">{\"@context\":\"https:\\\/\\\/schema.org\",\"@graph\":[{\"@type\":\"WebPage\",\"@id\":\"https:\\\/\\\/cardinal-tapes.com\\\/it\\\/nastri-adesivi\\\/settore-dei-trasporti\\\/tesa-6400-distributore-manuale-premium\\\/\",\"url\":\"https:\\\/\\\/cardinal-tapes.com\\\/it\\\/nastri-adesivi\\\/settore-dei-trasporti\\\/tesa-6400-distributore-manuale-premium\\\/\",\"name\":\"tesa\u00ae 6400 Dispenser manuale Premium | Cardinal TAPES\",\"isPartOf\":{\"@id\":\"https:\\\/\\\/cardinal-tapes.com\\\/#website\"},\"primaryImageOfPage\":{\"@id\":\"https:\\\/\\\/cardinal-tapes.com\\\/it\\\/nastri-adesivi\\\/settore-dei-trasporti\\\/tesa-6400-distributore-manuale-premium\\\/#primaryimage\"},\"image\":{\"@id\":\"https:\\\/\\\/cardinal-tapes.com\\\/it\\\/nastri-adesivi\\\/settore-dei-trasporti\\\/tesa-6400-distributore-manuale-premium\\\/#primaryimage\"},\"thumbnailUrl\":\"https:\\\/\\\/cardinal-tapes.com\\\/wp-content\\\/uploads\\\/xxtesa-06400int-pr-2-fullsize170336_canvas1x1_6.jpg\",\"datePublished\":\"2023-06-05T15:28:17+00:00\",\"description\":\"tesa\u00ae 6400 \u00e8 un robusto dispenser manuale per la lavorazione di nastri da imballaggio con larghezza fino a 50 mm. Per saperne di pi\u00f9 sul tesa 6400, cliccate qui.\",\"breadcrumb\":{\"@id\":\"https:\\\/\\\/cardinal-tapes.com\\\/it\\\/nastri-adesivi\\\/settore-dei-trasporti\\\/tesa-6400-distributore-manuale-premium\\\/#breadcrumb\"},\"inLanguage\":\"it-IT\",\"potentialAction\":[{\"@type\":\"ReadAction\",\"target\":[\"https:\\\/\\\/cardinal-tapes.com\\\/it\\\/nastri-adesivi\\\/settore-dei-trasporti\\\/tesa-6400-distributore-manuale-premium\\\/\"]}]},{\"@type\":\"ImageObject\",\"inLanguage\":\"it-IT\",\"@id\":\"https:\\\/\\\/cardinal-tapes.com\\\/it\\\/nastri-adesivi\\\/settore-dei-trasporti\\\/tesa-6400-distributore-manuale-premium\\\/#primaryimage\",\"url\":\"https:\\\/\\\/cardinal-tapes.com\\\/wp-content\\\/uploads\\\/xxtesa-06400int-pr-2-fullsize170336_canvas1x1_6.jpg\",\"contentUrl\":\"https:\\\/\\\/cardinal-tapes.com\\\/wp-content\\\/uploads\\\/xxtesa-06400int-pr-2-fullsize170336_canvas1x1_6.jpg\",\"width\":567,\"height\":640,\"caption\":\"xxtesa 6400\"},{\"@type\":\"BreadcrumbList\",\"@id\":\"https:\\\/\\\/cardinal-tapes.com\\\/it\\\/nastri-adesivi\\\/settore-dei-trasporti\\\/tesa-6400-distributore-manuale-premium\\\/#breadcrumb\",\"itemListElement\":[{\"@type\":\"ListItem\",\"position\":1,\"name\":\"Startseite\",\"item\":\"https:\\\/\\\/cardinal-tapes.com\\\/it\\\/casa\\\/\"},{\"@type\":\"ListItem\",\"position\":2,\"name\":\"Nastri adesivi\",\"item\":\"https:\\\/\\\/cardinal-tapes.com\\\/it\\\/nastri-adesivi-it\\\/\"},{\"@type\":\"ListItem\",\"position\":3,\"name\":\"Nastri monoadesivi\",\"item\":\"https:\\\/\\\/cardinal-tapes.com\\\/it\\\/categoria\\\/nastri-monoadesivi\\\/\"},{\"@type\":\"ListItem\",\"position\":4,\"name\":\"tesa\u00ae 6400 Dispenser Premium per le mani\"}]},{\"@type\":\"WebSite\",\"@id\":\"https:\\\/\\\/cardinal-tapes.com\\\/#website\",\"url\":\"https:\\\/\\\/cardinal-tapes.com\\\/\",\"name\":\"cardinal TAPES\",\"description\":\"Klebetechnik aus Wuppertal\",\"potentialAction\":[{\"@type\":\"SearchAction\",\"target\":{\"@type\":\"EntryPoint\",\"urlTemplate\":\"https:\\\/\\\/cardinal-tapes.com\\\/?s={search_term_string}\"},\"query-input\":{\"@type\":\"PropertyValueSpecification\",\"valueRequired\":true,\"valueName\":\"search_term_string\"}}],\"inLanguage\":\"it-IT\"}]}<\/script>\n<!-- \/ Yoast SEO plugin. -->","yoast_head_json":{"title":"tesa\u00ae 6400 Dispenser manuale Premium | Cardinal TAPES","description":"tesa\u00ae 6400 \u00e8 un robusto dispenser manuale per la lavorazione di nastri da imballaggio con larghezza fino a 50 mm. Per saperne di pi\u00f9 sul tesa 6400, cliccate qui.","robots":{"index":"index","follow":"follow","max-snippet":"max-snippet:-1","max-image-preview":"max-image-preview:large","max-video-preview":"max-video-preview:-1"},"canonical":"https:\/\/cardinal-tapes.com\/it\/nastri-adesivi\/settore-dei-trasporti\/tesa-6400-distributore-manuale-premium\/","og_locale":"it_IT","og_type":"article","og_title":"tesa\u00ae 6400 Dispenser manuale Premium | Cardinal TAPES","og_description":"tesa\u00ae 6400 \u00e8 un robusto dispenser manuale per la lavorazione di nastri da imballaggio con larghezza fino a 50 mm. Per saperne di pi\u00f9 sul tesa 6400, cliccate qui.","og_url":"https:\/\/cardinal-tapes.com\/it\/nastri-adesivi\/settore-dei-trasporti\/tesa-6400-distributore-manuale-premium\/","og_site_name":"cardinal TAPES","og_image":[{"width":567,"height":640,"url":"https:\/\/cardinal-tapes.com\/wp-content\/uploads\/xxtesa-06400int-pr-2-fullsize170336_canvas1x1_6.jpg","type":"image\/jpeg"}],"twitter_card":"summary_large_image","twitter_misc":{"Tempo di lettura stimato":"1 minuto"},"schema":{"@context":"https:\/\/schema.org","@graph":[{"@type":"WebPage","@id":"https:\/\/cardinal-tapes.com\/it\/nastri-adesivi\/settore-dei-trasporti\/tesa-6400-distributore-manuale-premium\/","url":"https:\/\/cardinal-tapes.com\/it\/nastri-adesivi\/settore-dei-trasporti\/tesa-6400-distributore-manuale-premium\/","name":"tesa\u00ae 6400 Dispenser manuale Premium | Cardinal TAPES","isPartOf":{"@id":"https:\/\/cardinal-tapes.com\/#website"},"primaryImageOfPage":{"@id":"https:\/\/cardinal-tapes.com\/it\/nastri-adesivi\/settore-dei-trasporti\/tesa-6400-distributore-manuale-premium\/#primaryimage"},"image":{"@id":"https:\/\/cardinal-tapes.com\/it\/nastri-adesivi\/settore-dei-trasporti\/tesa-6400-distributore-manuale-premium\/#primaryimage"},"thumbnailUrl":"https:\/\/cardinal-tapes.com\/wp-content\/uploads\/xxtesa-06400int-pr-2-fullsize170336_canvas1x1_6.jpg","datePublished":"2023-06-05T15:28:17+00:00","description":"tesa\u00ae 6400 \u00e8 un robusto dispenser manuale per la lavorazione di nastri da imballaggio con larghezza fino a 50 mm. Per saperne di pi\u00f9 sul tesa 6400, cliccate qui.","breadcrumb":{"@id":"https:\/\/cardinal-tapes.com\/it\/nastri-adesivi\/settore-dei-trasporti\/tesa-6400-distributore-manuale-premium\/#breadcrumb"},"inLanguage":"it-IT","potentialAction":[{"@type":"ReadAction","target":["https:\/\/cardinal-tapes.com\/it\/nastri-adesivi\/settore-dei-trasporti\/tesa-6400-distributore-manuale-premium\/"]}]},{"@type":"ImageObject","inLanguage":"it-IT","@id":"https:\/\/cardinal-tapes.com\/it\/nastri-adesivi\/settore-dei-trasporti\/tesa-6400-distributore-manuale-premium\/#primaryimage","url":"https:\/\/cardinal-tapes.com\/wp-content\/uploads\/xxtesa-06400int-pr-2-fullsize170336_canvas1x1_6.jpg","contentUrl":"https:\/\/cardinal-tapes.com\/wp-content\/uploads\/xxtesa-06400int-pr-2-fullsize170336_canvas1x1_6.jpg","width":567,"height":640,"caption":"xxtesa 6400"},{"@type":"BreadcrumbList","@id":"https:\/\/cardinal-tapes.com\/it\/nastri-adesivi\/settore-dei-trasporti\/tesa-6400-distributore-manuale-premium\/#breadcrumb","itemListElement":[{"@type":"ListItem","position":1,"name":"Startseite","item":"https:\/\/cardinal-tapes.com\/it\/casa\/"},{"@type":"ListItem","position":2,"name":"Nastri adesivi","item":"https:\/\/cardinal-tapes.com\/it\/nastri-adesivi-it\/"},{"@type":"ListItem","position":3,"name":"Nastri monoadesivi","item":"https:\/\/cardinal-tapes.com\/it\/categoria\/nastri-monoadesivi\/"},{"@type":"ListItem","position":4,"name":"tesa\u00ae 6400 Dispenser Premium per le mani"}]},{"@type":"WebSite","@id":"https:\/\/cardinal-tapes.com\/#website","url":"https:\/\/cardinal-tapes.com\/","name":"cardinal TAPES","description":"Klebetechnik aus Wuppertal","potentialAction":[{"@type":"SearchAction","target":{"@type":"EntryPoint","urlTemplate":"https:\/\/cardinal-tapes.com\/?s={search_term_string}"},"query-input":{"@type":"PropertyValueSpecification","valueRequired":true,"valueName":"search_term_string"}}],"inLanguage":"it-IT"}]}},"brands":[{"id":2162,"name":"tesa","slug":"tesa-it"}],"_links":{"self":[{"href":"https:\/\/cardinal-tapes.com\/it\/wp-json\/wp\/v2\/product\/59509","targetHints":{"allow":["GET"]}}],"collection":[{"href":"https:\/\/cardinal-tapes.com\/it\/wp-json\/wp\/v2\/product"}],"about":[{"href":"https:\/\/cardinal-tapes.com\/it\/wp-json\/wp\/v2\/types\/product"}],"wp:featuredmedia":[{"embeddable":true,"href":"https:\/\/cardinal-tapes.com\/it\/wp-json\/wp\/v2\/media\/25889"}],"wp:attachment":[{"href":"https:\/\/cardinal-tapes.com\/it\/wp-json\/wp\/v2\/media?parent=59509"}],"wp:term":[{"taxonomy":"pwb-brand","embeddable":true,"href":"https:\/\/cardinal-tapes.com\/it\/wp-json\/wp\/v2\/pwb-brand?post=59509"},{"taxonomy":"product_brand","embeddable":true,"href":"https:\/\/cardinal-tapes.com\/it\/wp-json\/wp\/v2\/product_brand?post=59509"},{"taxonomy":"product_cat","embeddable":true,"href":"https:\/\/cardinal-tapes.com\/it\/wp-json\/wp\/v2\/product_cat?post=59509"},{"taxonomy":"product_tag","embeddable":true,"href":"https:\/\/cardinal-tapes.com\/it\/wp-json\/wp\/v2\/product_tag?post=59509"}],"curies":[{"name":"wp","href":"https:\/\/api.w.org\/{rel}","templated":true}]}}