{"id":59508,"date":"2018-02-07T15:26:06","date_gmt":"2023-06-05T15:28:17","guid":{"rendered":"https:\/\/cardinal.pixel-tal.de\/klebebaender\/senza-categoria\/tesa-6094-chiudi-sacco\/"},"modified":"2023-06-05T17:28:17","modified_gmt":"2023-06-05T15:28:17","slug":"tesa-6094-chiusura-sacchetto","status":"publish","type":"product","link":"https:\/\/cardinal-tapes.com\/it\/nastri-adesivi\/sistemi-di-imballaggio\/tesa-6094-chiusura-sacchetto\/","title":{"rendered":"tesa\u00ae 6094 Chiudi-sacco"},"content":{"rendered":"<section class=\"component js-toc-target\" data-style=\"components\/article-text\" data-toc-name=\"toc-pages-product-product-description\">\n<div class=\"row\">\n<div class=\"col-default-12 col-sm-9\">Il <sup>tesa\u00ae<\/sup> 6094 \u00e8 un chiudi-sacco professionale per la chiusura di sacchi di medie e grandi dimensioni.<br \/>\nIl chiudi-sacco <sup>tesa\u00ae<\/sup> 6094 \u00e8 caratterizzato dalle seguenti caratteristiche:<\/p>\n<ul>\n<li>Robusto alloggiamento in metallo<\/li>\n<li>Adatto per borse con diametro del collo fino a circa 11 mm e peso fino a circa 5 kg.<\/li>\n<li>Fissaggio flessibile mediante avvitamento al piano di lavoro<\/li>\n<li>Adatto per la lavorazione di <sup>tesafilm\u00ae<\/sup> 4104 e 4204 e <sup>tesakrepp\u00ae<\/sup> 4328<\/li>\n<\/ul>\n<\/div>\n<\/div>\n<\/section>\n<section class=\"component js-toc-target\" data-style=\"components\/article-text\" data-toc-name=\"toc-pages-product-main-applications\">\n<div class=\"col-default-12 col-sm-3 col-sm-push-9\"><\/div>\n<div class=\"row\">\n<div class=\"col-default-12 col-sm-9\"><\/div>\n<\/div>\n<\/section>\n<section class=\"component js-controller js-toc-target\" data-style=\"components\/article-slider\" data-controller=\"components\/ArticleSliderController\" data-tracking-disabled=\"\" data-toc-name=\"toc-media-gallery\">\n<div class=\"row\">\n<div class=\"col-default-12 col-sm-9 slider-column-wrapper\">\n<div class=\"main-slider-wrapper\">\n<div class=\"js-main-slider slick-initialized slick-slider\">\n<div class=\"slick-list draggable\" aria-live=\"polite\">\n<div class=\"slick-track\">\n<div class=\"media-slide slick-slide\" data-slick-index=\"1\" aria-hidden=\"true\">\n<div class=\"element canvas aspect-ratio-16-9 below-aspect-ratio\" data-style=\"elements\/image\"><\/div>\n<\/div>\n<div class=\"media-slide slick-slide slick-cloned\" data-slick-index=\"2\" aria-hidden=\"true\">\n<div class=\"element canvas aspect-ratio-16-9 below-aspect-ratio\" data-style=\"elements\/image\"><img decoding=\"async\" class=\"lazyload\" title=\"tesa_06094_ap_001_fullsize\" src=\"data:image\/gif;base64,R0lGODlhAQABAIAAAAAAAP\/\/\/yH5BAEAAAAALAAAAAABAAEAAAIBRAA7\" alt=\"tesa_06094_ap_001_fullsize\" data-src=\"\/de-de\/files\/images\/202008\/0\/tesa-06094-ap-001-fullsize,2032071_canvas16x9_10.jpg\" data-srcset=\"\/de-de\/files\/images\/202008\/0\/tesa-06094-ap-001-fullsize,2032071_canvas16x9_1.jpg 58w, \/de-de\/files\/images\/202008\/0\/tesa-06094-ap-001-fullsize,2032071_canvas16x9_2.jpg 142w, \/de-de\/files\/images\/202008\/0\/tesa-06094-ap-001-fullsize,2032071_canvas16x9_5.jpg 393w, \/de-de\/files\/images\/202008\/0\/tesa-06094-ap-001-fullsize,2032071_canvas16x9_6.jpg 476w, \/de-de\/files\/images\/202008\/0\/tesa-06094-ap-001-fullsize,2032071_canvas16x9_10.jpg 811w, \/de-de\/files\/images\/202008\/0\/tesa-06094-ap-001-fullsize,2032071_canvas16x9_12.jpg 978w, \/de-de\/files\/images\/202008\/0\/tesa-06094-ap-001-fullsize,2032071_canvas16x9_18.jpg 1480w\" data-sizes=\"auto\" data-webp-srcset=\"\/de-de\/files\/images\/202008\/0\/tesa-06094-ap-001-fullsize,2032071_canvas16x9_1.webp 58w, \/de-de\/files\/images\/202008\/0\/tesa-06094-ap-001-fullsize,2032071_canvas16x9_2.webp 142w, \/de-de\/files\/images\/202008\/0\/tesa-06094-ap-001-fullsize,2032071_canvas16x9_5.webp 393w, \/de-de\/files\/images\/202008\/0\/tesa-06094-ap-001-fullsize,2032071_canvas16x9_6.webp 476w, \/de-de\/files\/images\/202008\/0\/tesa-06094-ap-001-fullsize,2032071_canvas16x9_10.webp 811w, \/de-de\/files\/images\/202008\/0\/tesa-06094-ap-001-fullsize,2032071_canvas16x9_12.webp 978w, \/de-de\/files\/images\/202008\/0\/tesa-06094-ap-001-fullsize,2032071_canvas16x9_18.webp 1480w\"><\/div>\n<\/div>\n<\/div>\n<\/div>\n<\/div>\n<div class=\"js-pagination element\" data-style=\"elements\/slider-pagination\">\n<div class=\"pagination-item js-pagination-item active\" data-slide-index=\"0\"><\/div>\n<\/div>\n<\/div>\n<\/div>\n<\/div>\n<\/section>\n<p>&nbsp;<\/p>\n","protected":false},"excerpt":{"rendered":"<p>Il tesa\u00ae 6094 \u00e8 un chiudi-sacco professionale per la chiusura di sacchi di medie e grandi dimensioni. Il chiudi-sacco tesa\u00ae 6094 \u00e8 caratterizzato dalle seguenti caratteristiche: Robusto alloggiamento in metallo Adatto per borse con diametro del collo fino a circa 11 mm e peso fino a circa 5 kg. Fissaggio flessibile mediante avvitamento al piano [&hellip;]<\/p>\n","protected":false},"featured_media":26117,"template":"","meta":{"_acf_changed":false},"pwb-brand":[2162],"product_brand":[],"product_cat":[1863],"product_tag":[],"class_list":{"0":"post-59508","1":"product","2":"type-product","3":"status-publish","4":"has-post-thumbnail","6":"pwb-brand-tesa-it","7":"product_cat-sistemi-di-imballaggio","9":"first","10":"instock","11":"taxable","12":"shipping-taxable","13":"purchasable","14":"product-type-simple"},"acf":[],"yoast_head":"<!-- This site is optimized with the Yoast SEO plugin v27.3 - https:\/\/yoast.com\/product\/yoast-seo-wordpress\/ -->\n<title>tesa\u00ae 6094 Chiudi-sacco | Nastri cardinalizi<\/title>\n<meta name=\"description\" content=\"tesa\u00ae 6094 \u00e8 un chiudi-sacco per la chiusura di sacchi di medie e grandi dimensioni. \u00c8 dotato di un robusto alloggiamento in metallo. Per saperne di pi\u00f9.\" \/>\n<meta name=\"robots\" content=\"index, follow, max-snippet:-1, max-image-preview:large, max-video-preview:-1\" \/>\n<link rel=\"canonical\" href=\"https:\/\/cardinal-tapes.com\/it\/nastri-adesivi\/sistemi-di-imballaggio\/tesa-6094-chiusura-sacchetto\/\" \/>\n<meta property=\"og:locale\" content=\"it_IT\" \/>\n<meta property=\"og:type\" content=\"article\" \/>\n<meta property=\"og:title\" content=\"tesa\u00ae 6094 Chiudi-sacco | Nastri cardinalizi\" \/>\n<meta property=\"og:description\" content=\"tesa\u00ae 6094 \u00e8 un chiudi-sacco per la chiusura di sacchi di medie e grandi dimensioni. \u00c8 dotato di un robusto alloggiamento in metallo. Per saperne di pi\u00f9.\" \/>\n<meta property=\"og:url\" content=\"https:\/\/cardinal-tapes.com\/it\/nastri-adesivi\/sistemi-di-imballaggio\/tesa-6094-chiusura-sacchetto\/\" \/>\n<meta property=\"og:site_name\" content=\"cardinal TAPES\" \/>\n<meta property=\"og:image\" content=\"https:\/\/cardinal-tapes.com\/wp-content\/uploads\/tesa-06094.jpg\" \/>\n\t<meta property=\"og:image:width\" content=\"600\" \/>\n\t<meta property=\"og:image:height\" content=\"600\" \/>\n\t<meta property=\"og:image:type\" content=\"image\/jpeg\" \/>\n<meta name=\"twitter:card\" content=\"summary_large_image\" \/>\n<script type=\"application\/ld+json\" class=\"yoast-schema-graph\">{\"@context\":\"https:\\\/\\\/schema.org\",\"@graph\":[{\"@type\":\"WebPage\",\"@id\":\"https:\\\/\\\/cardinal-tapes.com\\\/it\\\/nastri-adesivi\\\/sistemi-di-imballaggio\\\/tesa-6094-chiusura-sacchetto\\\/\",\"url\":\"https:\\\/\\\/cardinal-tapes.com\\\/it\\\/nastri-adesivi\\\/sistemi-di-imballaggio\\\/tesa-6094-chiusura-sacchetto\\\/\",\"name\":\"tesa\u00ae 6094 Chiudi-sacco | Nastri cardinalizi\",\"isPartOf\":{\"@id\":\"https:\\\/\\\/cardinal-tapes.com\\\/#website\"},\"primaryImageOfPage\":{\"@id\":\"https:\\\/\\\/cardinal-tapes.com\\\/it\\\/nastri-adesivi\\\/sistemi-di-imballaggio\\\/tesa-6094-chiusura-sacchetto\\\/#primaryimage\"},\"image\":{\"@id\":\"https:\\\/\\\/cardinal-tapes.com\\\/it\\\/nastri-adesivi\\\/sistemi-di-imballaggio\\\/tesa-6094-chiusura-sacchetto\\\/#primaryimage\"},\"thumbnailUrl\":\"https:\\\/\\\/cardinal-tapes.com\\\/wp-content\\\/uploads\\\/tesa-06094.jpg\",\"datePublished\":\"2023-06-05T15:28:17+00:00\",\"description\":\"tesa\u00ae 6094 \u00e8 un chiudi-sacco per la chiusura di sacchi di medie e grandi dimensioni. \u00c8 dotato di un robusto alloggiamento in metallo. Per saperne di pi\u00f9.\",\"breadcrumb\":{\"@id\":\"https:\\\/\\\/cardinal-tapes.com\\\/it\\\/nastri-adesivi\\\/sistemi-di-imballaggio\\\/tesa-6094-chiusura-sacchetto\\\/#breadcrumb\"},\"inLanguage\":\"it-IT\",\"potentialAction\":[{\"@type\":\"ReadAction\",\"target\":[\"https:\\\/\\\/cardinal-tapes.com\\\/it\\\/nastri-adesivi\\\/sistemi-di-imballaggio\\\/tesa-6094-chiusura-sacchetto\\\/\"]}]},{\"@type\":\"ImageObject\",\"inLanguage\":\"it-IT\",\"@id\":\"https:\\\/\\\/cardinal-tapes.com\\\/it\\\/nastri-adesivi\\\/sistemi-di-imballaggio\\\/tesa-6094-chiusura-sacchetto\\\/#primaryimage\",\"url\":\"https:\\\/\\\/cardinal-tapes.com\\\/wp-content\\\/uploads\\\/tesa-06094.jpg\",\"contentUrl\":\"https:\\\/\\\/cardinal-tapes.com\\\/wp-content\\\/uploads\\\/tesa-06094.jpg\",\"width\":600,\"height\":600,\"caption\":\"tesa 6094\"},{\"@type\":\"BreadcrumbList\",\"@id\":\"https:\\\/\\\/cardinal-tapes.com\\\/it\\\/nastri-adesivi\\\/sistemi-di-imballaggio\\\/tesa-6094-chiusura-sacchetto\\\/#breadcrumb\",\"itemListElement\":[{\"@type\":\"ListItem\",\"position\":1,\"name\":\"Startseite\",\"item\":\"https:\\\/\\\/cardinal-tapes.com\\\/it\\\/casa\\\/\"},{\"@type\":\"ListItem\",\"position\":2,\"name\":\"Nastri adesivi\",\"item\":\"https:\\\/\\\/cardinal-tapes.com\\\/it\\\/nastri-adesivi-it\\\/\"},{\"@type\":\"ListItem\",\"position\":3,\"name\":\"Sistemi di imballaggio\",\"item\":\"https:\\\/\\\/cardinal-tapes.com\\\/it\\\/categoria\\\/sistemi-di-imballaggio\\\/\"},{\"@type\":\"ListItem\",\"position\":4,\"name\":\"tesa\u00ae 6094 Chiudi-sacco\"}]},{\"@type\":\"WebSite\",\"@id\":\"https:\\\/\\\/cardinal-tapes.com\\\/#website\",\"url\":\"https:\\\/\\\/cardinal-tapes.com\\\/\",\"name\":\"cardinal TAPES\",\"description\":\"Klebetechnik aus Wuppertal\",\"potentialAction\":[{\"@type\":\"SearchAction\",\"target\":{\"@type\":\"EntryPoint\",\"urlTemplate\":\"https:\\\/\\\/cardinal-tapes.com\\\/?s={search_term_string}\"},\"query-input\":{\"@type\":\"PropertyValueSpecification\",\"valueRequired\":true,\"valueName\":\"search_term_string\"}}],\"inLanguage\":\"it-IT\"}]}<\/script>\n<!-- \/ Yoast SEO plugin. -->","yoast_head_json":{"title":"tesa\u00ae 6094 Chiudi-sacco | Nastri cardinalizi","description":"tesa\u00ae 6094 \u00e8 un chiudi-sacco per la chiusura di sacchi di medie e grandi dimensioni. \u00c8 dotato di un robusto alloggiamento in metallo. Per saperne di pi\u00f9.","robots":{"index":"index","follow":"follow","max-snippet":"max-snippet:-1","max-image-preview":"max-image-preview:large","max-video-preview":"max-video-preview:-1"},"canonical":"https:\/\/cardinal-tapes.com\/it\/nastri-adesivi\/sistemi-di-imballaggio\/tesa-6094-chiusura-sacchetto\/","og_locale":"it_IT","og_type":"article","og_title":"tesa\u00ae 6094 Chiudi-sacco | Nastri cardinalizi","og_description":"tesa\u00ae 6094 \u00e8 un chiudi-sacco per la chiusura di sacchi di medie e grandi dimensioni. \u00c8 dotato di un robusto alloggiamento in metallo. Per saperne di pi\u00f9.","og_url":"https:\/\/cardinal-tapes.com\/it\/nastri-adesivi\/sistemi-di-imballaggio\/tesa-6094-chiusura-sacchetto\/","og_site_name":"cardinal TAPES","og_image":[{"width":600,"height":600,"url":"https:\/\/cardinal-tapes.com\/wp-content\/uploads\/tesa-06094.jpg","type":"image\/jpeg"}],"twitter_card":"summary_large_image","schema":{"@context":"https:\/\/schema.org","@graph":[{"@type":"WebPage","@id":"https:\/\/cardinal-tapes.com\/it\/nastri-adesivi\/sistemi-di-imballaggio\/tesa-6094-chiusura-sacchetto\/","url":"https:\/\/cardinal-tapes.com\/it\/nastri-adesivi\/sistemi-di-imballaggio\/tesa-6094-chiusura-sacchetto\/","name":"tesa\u00ae 6094 Chiudi-sacco | Nastri cardinalizi","isPartOf":{"@id":"https:\/\/cardinal-tapes.com\/#website"},"primaryImageOfPage":{"@id":"https:\/\/cardinal-tapes.com\/it\/nastri-adesivi\/sistemi-di-imballaggio\/tesa-6094-chiusura-sacchetto\/#primaryimage"},"image":{"@id":"https:\/\/cardinal-tapes.com\/it\/nastri-adesivi\/sistemi-di-imballaggio\/tesa-6094-chiusura-sacchetto\/#primaryimage"},"thumbnailUrl":"https:\/\/cardinal-tapes.com\/wp-content\/uploads\/tesa-06094.jpg","datePublished":"2023-06-05T15:28:17+00:00","description":"tesa\u00ae 6094 \u00e8 un chiudi-sacco per la chiusura di sacchi di medie e grandi dimensioni. \u00c8 dotato di un robusto alloggiamento in metallo. Per saperne di pi\u00f9.","breadcrumb":{"@id":"https:\/\/cardinal-tapes.com\/it\/nastri-adesivi\/sistemi-di-imballaggio\/tesa-6094-chiusura-sacchetto\/#breadcrumb"},"inLanguage":"it-IT","potentialAction":[{"@type":"ReadAction","target":["https:\/\/cardinal-tapes.com\/it\/nastri-adesivi\/sistemi-di-imballaggio\/tesa-6094-chiusura-sacchetto\/"]}]},{"@type":"ImageObject","inLanguage":"it-IT","@id":"https:\/\/cardinal-tapes.com\/it\/nastri-adesivi\/sistemi-di-imballaggio\/tesa-6094-chiusura-sacchetto\/#primaryimage","url":"https:\/\/cardinal-tapes.com\/wp-content\/uploads\/tesa-06094.jpg","contentUrl":"https:\/\/cardinal-tapes.com\/wp-content\/uploads\/tesa-06094.jpg","width":600,"height":600,"caption":"tesa 6094"},{"@type":"BreadcrumbList","@id":"https:\/\/cardinal-tapes.com\/it\/nastri-adesivi\/sistemi-di-imballaggio\/tesa-6094-chiusura-sacchetto\/#breadcrumb","itemListElement":[{"@type":"ListItem","position":1,"name":"Startseite","item":"https:\/\/cardinal-tapes.com\/it\/casa\/"},{"@type":"ListItem","position":2,"name":"Nastri adesivi","item":"https:\/\/cardinal-tapes.com\/it\/nastri-adesivi-it\/"},{"@type":"ListItem","position":3,"name":"Sistemi di imballaggio","item":"https:\/\/cardinal-tapes.com\/it\/categoria\/sistemi-di-imballaggio\/"},{"@type":"ListItem","position":4,"name":"tesa\u00ae 6094 Chiudi-sacco"}]},{"@type":"WebSite","@id":"https:\/\/cardinal-tapes.com\/#website","url":"https:\/\/cardinal-tapes.com\/","name":"cardinal TAPES","description":"Klebetechnik aus Wuppertal","potentialAction":[{"@type":"SearchAction","target":{"@type":"EntryPoint","urlTemplate":"https:\/\/cardinal-tapes.com\/?s={search_term_string}"},"query-input":{"@type":"PropertyValueSpecification","valueRequired":true,"valueName":"search_term_string"}}],"inLanguage":"it-IT"}]}},"brands":[{"id":2162,"name":"tesa","slug":"tesa-it"}],"_links":{"self":[{"href":"https:\/\/cardinal-tapes.com\/it\/wp-json\/wp\/v2\/product\/59508","targetHints":{"allow":["GET"]}}],"collection":[{"href":"https:\/\/cardinal-tapes.com\/it\/wp-json\/wp\/v2\/product"}],"about":[{"href":"https:\/\/cardinal-tapes.com\/it\/wp-json\/wp\/v2\/types\/product"}],"wp:featuredmedia":[{"embeddable":true,"href":"https:\/\/cardinal-tapes.com\/it\/wp-json\/wp\/v2\/media\/26117"}],"wp:attachment":[{"href":"https:\/\/cardinal-tapes.com\/it\/wp-json\/wp\/v2\/media?parent=59508"}],"wp:term":[{"taxonomy":"pwb-brand","embeddable":true,"href":"https:\/\/cardinal-tapes.com\/it\/wp-json\/wp\/v2\/pwb-brand?post=59508"},{"taxonomy":"product_brand","embeddable":true,"href":"https:\/\/cardinal-tapes.com\/it\/wp-json\/wp\/v2\/product_brand?post=59508"},{"taxonomy":"product_cat","embeddable":true,"href":"https:\/\/cardinal-tapes.com\/it\/wp-json\/wp\/v2\/product_cat?post=59508"},{"taxonomy":"product_tag","embeddable":true,"href":"https:\/\/cardinal-tapes.com\/it\/wp-json\/wp\/v2\/product_tag?post=59508"}],"curies":[{"name":"wp","href":"https:\/\/api.w.org\/{rel}","templated":true}]}}