{"id":58945,"date":"2018-02-20T08:11:14","date_gmt":"2018-02-20T07:11:14","guid":{"rendered":"https:\/\/cardinal.pixel-tal.de\/klebebaender\/senza-categoria\/tesa-fix-4965-nastro-biadesivo\/"},"modified":"2025-07-03T15:35:14","modified_gmt":"2025-07-03T13:35:14","slug":"tesa-4965-nastro-adesivo-bifacciale","status":"publish","type":"product","link":"https:\/\/cardinal-tapes.com\/it\/nastri-adesivi\/aree-di-applicazione\/produzione-e-lavorazione-dellalluminio\/tesa-4965-nastro-adesivo-bifacciale\/","title":{"rendered":"tesafix\u00ae 4965 nastro biadesivo Next Gen"},"content":{"rendered":"<p><span class=\"lowercase hyphens-manual\">tesa\u00ae<\/span>4965 Original Next Gen \u00e8 un nastro biadesivo industriale trasparente con un adesivo a base di biomassa e un supporto in PET PCR al 90% che riduce le emissioni di CO\u2082 del 40% rispetto a <span class=\"lowercase hyphens-manual\">tesa\u00ae<\/span>4965 Original. La tecnologia adesiva dell&#8217;azienda si basa su una formulazione di prodotto brevettata e proprietaria. <span class=\"lowercase hyphens-manual\">tesa\u00ae<\/span>4965 Original Next Gen viene utilizzato in tutti i settori per migliorare i processi e le applicazioni. Basato sulla tecnologia brevettata e proprietaria di <span class=\"lowercase hyphens-manual\">tesa\u00ae<\/span>4965, offre prestazioni eccellenti grazie alle sue eccezionali propriet\u00e0 quali versatilit\u00e0, durata e sicurezza. Il nastro biadesivo industriale resiste a numerose influenze ambientali come umidit\u00e0, raggi UV e temperature fino a 200 \u00b0C per un periodo di tempo limitato. L&#8217;adesivo acrilico modificato, bilanciato con biomasse, offre un&#8217;eccellente adesione a varie superfici, un&#8217;elevata forza adesiva e una buona resistenza al taglio.    <\/p>\n<p><strong>Caratteristiche del prodotto<\/strong><br \/>\n&#8211; Adatto a requisiti critici come l&#8217;uso intensivo e le alte temperature<br \/>\n&#8211; Certificazione del contatto con la pelle in conformit\u00e0 alle norme ISO 10993-5 e ISO 10993-10<br \/>\n&#8211; Conforme allo standard UL 969 File UL: MH 18055<br \/>\n&#8211; Adesione affidabile, anche su superfici a bassa energia superficiale<br \/>\n&#8211; Utilizzabile subito dopo l&#8217;installazione<br \/>\n&#8211; Testato secondo la norma DIN EN 45545-2, soddisfa i requisiti 2R1+HL3<br \/>\n&#8211; Basso contenuto di VOC &#8211; misurato secondo l&#8217;analisi VDA 278 <\/p>\n<p><strong>Applicazioni<\/strong><br \/>\n&#8211; tesa\u00ae 4965 Original Next Gen viene utilizzato in tutti i settori<br \/>\n&#8211; Fissaggio di luci a LED sul pavimento o di insegne sulle porte degli aerei commerciali<br \/>\n&#8211; Fissaggio di materiali decorativi e display POS<\/p>\n","protected":false},"excerpt":{"rendered":"<p>tesa\u00ae4965 Original Next Gen \u00e8 un nastro biadesivo industriale trasparente con un adesivo a base di biomassa e un supporto in PET PCR al 90% che riduce le emissioni di CO\u2082 del 40% rispetto a tesa\u00ae4965 Original. La tecnologia adesiva dell&#8217;azienda si basa su una formulazione di prodotto brevettata e proprietaria. tesa\u00ae4965 Original Next Gen [&hellip;]<\/p>\n","protected":false},"featured_media":76426,"template":"","meta":{"_acf_changed":false},"pwb-brand":[2162],"product_brand":[],"product_cat":[1780,1824,1675,1677,1683,1724,1728,1731,1733,7724],"product_tag":[],"class_list":{"0":"post-58945","1":"product","2":"type-product","3":"status-publish","4":"has-post-thumbnail","6":"pwb-brand-tesa-it","7":"product_cat-industria-tessile","8":"product_cat-nastri-biadesivi","9":"product_cat-produzione-e-lavorazione-dellalluminio","10":"product_cat-industria-automobilistica","11":"product_cat-industria-elettrica","12":"product_cat-produzione-di-film","13":"product_cat-industria-della-plastica","14":"product_cat-ingegneria-meccanica","15":"product_cat-industria-del-mobile","16":"product_cat-notizie_tesa","18":"first","19":"instock","20":"taxable","21":"shipping-taxable","22":"purchasable","23":"product-type-variable"},"acf":[],"yoast_head":"<!-- This site is optimized with the Yoast SEO plugin v27.3 - https:\/\/yoast.com\/product\/yoast-seo-wordpress\/ -->\n<title>tesafix\u00ae 4965 nastro biadesivo | Cardinal TAPES<\/title>\n<meta name=\"description\" content=\"tesa fix\u00ae 4965 \u00e8 un nastro biadesivo in poliestere trasparente con adesivo acrilico. \u00c8 ricoperto da una pellicola rossa. tesa fix\u00ae 4965 \u00e8 caratterizzato da una buona forza adesiva su varie materie plastiche come ABS e persino EPDM.\" \/>\n<meta name=\"robots\" content=\"index, follow, max-snippet:-1, max-image-preview:large, max-video-preview:-1\" \/>\n<link rel=\"canonical\" href=\"https:\/\/cardinal-tapes.com\/it\/nastri-adesivi\/aree-di-applicazione\/produzione-e-lavorazione-dellalluminio\/tesa-4965-nastro-adesivo-bifacciale\/\" \/>\n<meta property=\"og:locale\" content=\"it_IT\" \/>\n<meta property=\"og:type\" content=\"article\" \/>\n<meta property=\"og:title\" content=\"tesafix\u00ae 4965 nastro biadesivo | Cardinal TAPES\" \/>\n<meta property=\"og:description\" content=\"tesa fix\u00ae 4965 \u00e8 un nastro biadesivo in poliestere trasparente con adesivo acrilico. \u00c8 ricoperto da una pellicola rossa. tesa fix\u00ae 4965 \u00e8 caratterizzato da una buona forza adesiva su varie materie plastiche come ABS e persino EPDM.\" \/>\n<meta property=\"og:url\" content=\"https:\/\/cardinal-tapes.com\/it\/nastri-adesivi\/aree-di-applicazione\/produzione-e-lavorazione-dellalluminio\/tesa-4965-nastro-adesivo-bifacciale\/\" \/>\n<meta property=\"og:site_name\" content=\"cardinal TAPES\" \/>\n<meta property=\"article:modified_time\" content=\"2025-07-03T13:35:14+00:00\" \/>\n<meta property=\"og:image\" content=\"https:\/\/cardinal-tapes.com\/wp-content\/uploads\/medium-11168653.jpg\" \/>\n\t<meta property=\"og:image:width\" content=\"2560\" \/>\n\t<meta property=\"og:image:height\" content=\"2560\" \/>\n\t<meta property=\"og:image:type\" content=\"image\/jpeg\" \/>\n<meta name=\"twitter:card\" content=\"summary_large_image\" \/>\n<meta name=\"twitter:label1\" content=\"Tempo di lettura stimato\" \/>\n\t<meta name=\"twitter:data1\" content=\"1 minuto\" \/>\n<script type=\"application\/ld+json\" class=\"yoast-schema-graph\">{\"@context\":\"https:\\\/\\\/schema.org\",\"@graph\":[{\"@type\":\"WebPage\",\"@id\":\"https:\\\/\\\/cardinal-tapes.com\\\/it\\\/nastri-adesivi\\\/aree-di-applicazione\\\/produzione-e-lavorazione-dellalluminio\\\/tesa-4965-nastro-adesivo-bifacciale\\\/\",\"url\":\"https:\\\/\\\/cardinal-tapes.com\\\/it\\\/nastri-adesivi\\\/aree-di-applicazione\\\/produzione-e-lavorazione-dellalluminio\\\/tesa-4965-nastro-adesivo-bifacciale\\\/\",\"name\":\"tesafix\u00ae 4965 nastro biadesivo | Cardinal TAPES\",\"isPartOf\":{\"@id\":\"https:\\\/\\\/cardinal-tapes.com\\\/#website\"},\"primaryImageOfPage\":{\"@id\":\"https:\\\/\\\/cardinal-tapes.com\\\/it\\\/nastri-adesivi\\\/aree-di-applicazione\\\/produzione-e-lavorazione-dellalluminio\\\/tesa-4965-nastro-adesivo-bifacciale\\\/#primaryimage\"},\"image\":{\"@id\":\"https:\\\/\\\/cardinal-tapes.com\\\/it\\\/nastri-adesivi\\\/aree-di-applicazione\\\/produzione-e-lavorazione-dellalluminio\\\/tesa-4965-nastro-adesivo-bifacciale\\\/#primaryimage\"},\"thumbnailUrl\":\"https:\\\/\\\/cardinal-tapes.com\\\/wp-content\\\/uploads\\\/medium-11168653.jpg\",\"datePublished\":\"2018-02-20T07:11:14+00:00\",\"dateModified\":\"2025-07-03T13:35:14+00:00\",\"description\":\"tesa fix\u00ae 4965 \u00e8 un nastro biadesivo in poliestere trasparente con adesivo acrilico. \u00c8 ricoperto da una pellicola rossa. tesa fix\u00ae 4965 \u00e8 caratterizzato da una buona forza adesiva su varie materie plastiche come ABS e persino EPDM.\",\"breadcrumb\":{\"@id\":\"https:\\\/\\\/cardinal-tapes.com\\\/it\\\/nastri-adesivi\\\/aree-di-applicazione\\\/produzione-e-lavorazione-dellalluminio\\\/tesa-4965-nastro-adesivo-bifacciale\\\/#breadcrumb\"},\"inLanguage\":\"it-IT\",\"potentialAction\":[{\"@type\":\"ReadAction\",\"target\":[\"https:\\\/\\\/cardinal-tapes.com\\\/it\\\/nastri-adesivi\\\/aree-di-applicazione\\\/produzione-e-lavorazione-dellalluminio\\\/tesa-4965-nastro-adesivo-bifacciale\\\/\"]}]},{\"@type\":\"ImageObject\",\"inLanguage\":\"it-IT\",\"@id\":\"https:\\\/\\\/cardinal-tapes.com\\\/it\\\/nastri-adesivi\\\/aree-di-applicazione\\\/produzione-e-lavorazione-dellalluminio\\\/tesa-4965-nastro-adesivo-bifacciale\\\/#primaryimage\",\"url\":\"https:\\\/\\\/cardinal-tapes.com\\\/wp-content\\\/uploads\\\/medium-11168653.jpg\",\"contentUrl\":\"https:\\\/\\\/cardinal-tapes.com\\\/wp-content\\\/uploads\\\/medium-11168653.jpg\",\"width\":2560,\"height\":2560},{\"@type\":\"BreadcrumbList\",\"@id\":\"https:\\\/\\\/cardinal-tapes.com\\\/it\\\/nastri-adesivi\\\/aree-di-applicazione\\\/produzione-e-lavorazione-dellalluminio\\\/tesa-4965-nastro-adesivo-bifacciale\\\/#breadcrumb\",\"itemListElement\":[{\"@type\":\"ListItem\",\"position\":1,\"name\":\"Startseite\",\"item\":\"https:\\\/\\\/cardinal-tapes.com\\\/it\\\/casa\\\/\"},{\"@type\":\"ListItem\",\"position\":2,\"name\":\"Nastri adesivi\",\"item\":\"https:\\\/\\\/cardinal-tapes.com\\\/it\\\/nastri-adesivi-it\\\/\"},{\"@type\":\"ListItem\",\"position\":3,\"name\":\"Aree di applicazione\",\"item\":\"https:\\\/\\\/cardinal-tapes.com\\\/it\\\/categoria\\\/aree-di-applicazione\\\/\"},{\"@type\":\"ListItem\",\"position\":4,\"name\":\"Produzione e lavorazione dell&#039;alluminio\",\"item\":\"https:\\\/\\\/cardinal-tapes.com\\\/it\\\/categoria\\\/produzione-e-lavorazione-dellalluminio\\\/\"},{\"@type\":\"ListItem\",\"position\":5,\"name\":\"tesafix\u00ae 4965 nastro biadesivo Next Gen\"}]},{\"@type\":\"WebSite\",\"@id\":\"https:\\\/\\\/cardinal-tapes.com\\\/#website\",\"url\":\"https:\\\/\\\/cardinal-tapes.com\\\/\",\"name\":\"cardinal TAPES\",\"description\":\"Klebetechnik aus Wuppertal\",\"potentialAction\":[{\"@type\":\"SearchAction\",\"target\":{\"@type\":\"EntryPoint\",\"urlTemplate\":\"https:\\\/\\\/cardinal-tapes.com\\\/?s={search_term_string}\"},\"query-input\":{\"@type\":\"PropertyValueSpecification\",\"valueRequired\":true,\"valueName\":\"search_term_string\"}}],\"inLanguage\":\"it-IT\"}]}<\/script>\n<!-- \/ Yoast SEO plugin. -->","yoast_head_json":{"title":"tesafix\u00ae 4965 nastro biadesivo | Cardinal TAPES","description":"tesa fix\u00ae 4965 \u00e8 un nastro biadesivo in poliestere trasparente con adesivo acrilico. \u00c8 ricoperto da una pellicola rossa. tesa fix\u00ae 4965 \u00e8 caratterizzato da una buona forza adesiva su varie materie plastiche come ABS e persino EPDM.","robots":{"index":"index","follow":"follow","max-snippet":"max-snippet:-1","max-image-preview":"max-image-preview:large","max-video-preview":"max-video-preview:-1"},"canonical":"https:\/\/cardinal-tapes.com\/it\/nastri-adesivi\/aree-di-applicazione\/produzione-e-lavorazione-dellalluminio\/tesa-4965-nastro-adesivo-bifacciale\/","og_locale":"it_IT","og_type":"article","og_title":"tesafix\u00ae 4965 nastro biadesivo | Cardinal TAPES","og_description":"tesa fix\u00ae 4965 \u00e8 un nastro biadesivo in poliestere trasparente con adesivo acrilico. \u00c8 ricoperto da una pellicola rossa. tesa fix\u00ae 4965 \u00e8 caratterizzato da una buona forza adesiva su varie materie plastiche come ABS e persino EPDM.","og_url":"https:\/\/cardinal-tapes.com\/it\/nastri-adesivi\/aree-di-applicazione\/produzione-e-lavorazione-dellalluminio\/tesa-4965-nastro-adesivo-bifacciale\/","og_site_name":"cardinal TAPES","article_modified_time":"2025-07-03T13:35:14+00:00","og_image":[{"width":2560,"height":2560,"url":"https:\/\/cardinal-tapes.com\/wp-content\/uploads\/medium-11168653.jpg","type":"image\/jpeg"}],"twitter_card":"summary_large_image","twitter_misc":{"Tempo di lettura stimato":"1 minuto"},"schema":{"@context":"https:\/\/schema.org","@graph":[{"@type":"WebPage","@id":"https:\/\/cardinal-tapes.com\/it\/nastri-adesivi\/aree-di-applicazione\/produzione-e-lavorazione-dellalluminio\/tesa-4965-nastro-adesivo-bifacciale\/","url":"https:\/\/cardinal-tapes.com\/it\/nastri-adesivi\/aree-di-applicazione\/produzione-e-lavorazione-dellalluminio\/tesa-4965-nastro-adesivo-bifacciale\/","name":"tesafix\u00ae 4965 nastro biadesivo | Cardinal TAPES","isPartOf":{"@id":"https:\/\/cardinal-tapes.com\/#website"},"primaryImageOfPage":{"@id":"https:\/\/cardinal-tapes.com\/it\/nastri-adesivi\/aree-di-applicazione\/produzione-e-lavorazione-dellalluminio\/tesa-4965-nastro-adesivo-bifacciale\/#primaryimage"},"image":{"@id":"https:\/\/cardinal-tapes.com\/it\/nastri-adesivi\/aree-di-applicazione\/produzione-e-lavorazione-dellalluminio\/tesa-4965-nastro-adesivo-bifacciale\/#primaryimage"},"thumbnailUrl":"https:\/\/cardinal-tapes.com\/wp-content\/uploads\/medium-11168653.jpg","datePublished":"2018-02-20T07:11:14+00:00","dateModified":"2025-07-03T13:35:14+00:00","description":"tesa fix\u00ae 4965 \u00e8 un nastro biadesivo in poliestere trasparente con adesivo acrilico. \u00c8 ricoperto da una pellicola rossa. tesa fix\u00ae 4965 \u00e8 caratterizzato da una buona forza adesiva su varie materie plastiche come ABS e persino EPDM.","breadcrumb":{"@id":"https:\/\/cardinal-tapes.com\/it\/nastri-adesivi\/aree-di-applicazione\/produzione-e-lavorazione-dellalluminio\/tesa-4965-nastro-adesivo-bifacciale\/#breadcrumb"},"inLanguage":"it-IT","potentialAction":[{"@type":"ReadAction","target":["https:\/\/cardinal-tapes.com\/it\/nastri-adesivi\/aree-di-applicazione\/produzione-e-lavorazione-dellalluminio\/tesa-4965-nastro-adesivo-bifacciale\/"]}]},{"@type":"ImageObject","inLanguage":"it-IT","@id":"https:\/\/cardinal-tapes.com\/it\/nastri-adesivi\/aree-di-applicazione\/produzione-e-lavorazione-dellalluminio\/tesa-4965-nastro-adesivo-bifacciale\/#primaryimage","url":"https:\/\/cardinal-tapes.com\/wp-content\/uploads\/medium-11168653.jpg","contentUrl":"https:\/\/cardinal-tapes.com\/wp-content\/uploads\/medium-11168653.jpg","width":2560,"height":2560},{"@type":"BreadcrumbList","@id":"https:\/\/cardinal-tapes.com\/it\/nastri-adesivi\/aree-di-applicazione\/produzione-e-lavorazione-dellalluminio\/tesa-4965-nastro-adesivo-bifacciale\/#breadcrumb","itemListElement":[{"@type":"ListItem","position":1,"name":"Startseite","item":"https:\/\/cardinal-tapes.com\/it\/casa\/"},{"@type":"ListItem","position":2,"name":"Nastri adesivi","item":"https:\/\/cardinal-tapes.com\/it\/nastri-adesivi-it\/"},{"@type":"ListItem","position":3,"name":"Aree di applicazione","item":"https:\/\/cardinal-tapes.com\/it\/categoria\/aree-di-applicazione\/"},{"@type":"ListItem","position":4,"name":"Produzione e lavorazione dell&#039;alluminio","item":"https:\/\/cardinal-tapes.com\/it\/categoria\/produzione-e-lavorazione-dellalluminio\/"},{"@type":"ListItem","position":5,"name":"tesafix\u00ae 4965 nastro biadesivo Next Gen"}]},{"@type":"WebSite","@id":"https:\/\/cardinal-tapes.com\/#website","url":"https:\/\/cardinal-tapes.com\/","name":"cardinal TAPES","description":"Klebetechnik aus Wuppertal","potentialAction":[{"@type":"SearchAction","target":{"@type":"EntryPoint","urlTemplate":"https:\/\/cardinal-tapes.com\/?s={search_term_string}"},"query-input":{"@type":"PropertyValueSpecification","valueRequired":true,"valueName":"search_term_string"}}],"inLanguage":"it-IT"}]}},"brands":[{"id":2162,"name":"tesa","slug":"tesa-it"}],"_links":{"self":[{"href":"https:\/\/cardinal-tapes.com\/it\/wp-json\/wp\/v2\/product\/58945","targetHints":{"allow":["GET"]}}],"collection":[{"href":"https:\/\/cardinal-tapes.com\/it\/wp-json\/wp\/v2\/product"}],"about":[{"href":"https:\/\/cardinal-tapes.com\/it\/wp-json\/wp\/v2\/types\/product"}],"wp:featuredmedia":[{"embeddable":true,"href":"https:\/\/cardinal-tapes.com\/it\/wp-json\/wp\/v2\/media\/76426"}],"wp:attachment":[{"href":"https:\/\/cardinal-tapes.com\/it\/wp-json\/wp\/v2\/media?parent=58945"}],"wp:term":[{"taxonomy":"pwb-brand","embeddable":true,"href":"https:\/\/cardinal-tapes.com\/it\/wp-json\/wp\/v2\/pwb-brand?post=58945"},{"taxonomy":"product_brand","embeddable":true,"href":"https:\/\/cardinal-tapes.com\/it\/wp-json\/wp\/v2\/product_brand?post=58945"},{"taxonomy":"product_cat","embeddable":true,"href":"https:\/\/cardinal-tapes.com\/it\/wp-json\/wp\/v2\/product_cat?post=58945"},{"taxonomy":"product_tag","embeddable":true,"href":"https:\/\/cardinal-tapes.com\/it\/wp-json\/wp\/v2\/product_tag?post=58945"}],"curies":[{"name":"wp","href":"https:\/\/api.w.org\/{rel}","templated":true}]}}