{"id":58716,"date":"2018-02-19T15:15:44","date_gmt":"2023-06-05T15:27:37","guid":{"rendered":"https:\/\/cardinal.pixel-tal.de\/klebebaender\/senza-categoria\/tesa-64958-nastro-biadesivo-in-schiuma-pe\/"},"modified":"2023-06-05T17:27:37","modified_gmt":"2023-06-05T15:27:37","slug":"tesa-64958-nastro-adesivo-bifacciale-in-schiuma-pe","status":"publish","type":"product","link":"https:\/\/cardinal-tapes.com\/it\/nastri-adesivi\/nastri-biadesivi\/nastro-biadesivo-in-tessuto\/tesa-64958-nastro-adesivo-bifacciale-in-schiuma-pe\/","title":{"rendered":"tesa\u00ae 64958 Nastro biadesivo in schiuma PE"},"content":{"rendered":"<p><sup>tesa\u00ae<\/sup> 64958 \u00e8 un nastro biadesivo in schiuma di PE bianco a base di gomma sintetica.&#8217;Il prodotto \u00e8 caratterizzato da un&#8217;ottima adesivit\u00e0 iniziale, anche su superfici ruvide, dalla compensazione delle irregolarit\u00e0 e delle tensioni tra i materiali incollati e da un&#8217;elevata resistenza al taglio.<\/p>\n<p><strong>Propriet\u00e0<\/strong><br \/>\n&#8211; Ottima adesione iniziale e resistenza al taglio<\/p>\n<p><strong>Applicazioni<\/strong><br \/>\n&#8211; Involucro del display POS.<br \/>\n&#8211; Incollaggio di cartelli e poster.<br \/>\n&#8211; Incollaggio del bordo dello scaffale.<\/p>\n","protected":false},"excerpt":{"rendered":"<p>tesa\u00ae 64958 \u00e8 un nastro biadesivo in schiuma di PE bianco a base di gomma sintetica.&#8217;Il prodotto \u00e8 caratterizzato da un&#8217;ottima adesivit\u00e0 iniziale, anche su superfici ruvide, dalla compensazione delle irregolarit\u00e0 e delle tensioni tra i materiali incollati e da un&#8217;elevata resistenza al taglio. Propriet\u00e0 &#8211; Ottima adesione iniziale e resistenza al taglio Applicazioni &#8211; [&hellip;]<\/p>\n","protected":false},"featured_media":26057,"template":"","meta":{"_acf_changed":false},"pwb-brand":[2162],"product_brand":[],"product_cat":[1773,1824,1825],"product_tag":[],"class_list":{"0":"post-58716","1":"product","2":"type-product","3":"status-publish","4":"has-post-thumbnail","6":"pwb-brand-tesa-it","7":"product_cat-nastro-in-schiuma-di-pe","8":"product_cat-nastri-biadesivi","9":"product_cat-nastro-biadesivo-in-tessuto","11":"first","12":"instock","13":"taxable","14":"shipping-taxable","15":"purchasable","16":"product-type-variable"},"acf":[],"yoast_head":"<!-- This site is optimized with the Yoast SEO plugin v27.3 - https:\/\/yoast.com\/product\/yoast-seo-wordpress\/ -->\n<title>Tesa 64958 Nastro biadesivo in schiuma PE | Cardinal TAPES<\/title>\n<meta name=\"description\" content=\"Tesa 64958 \u00e8 un nastro biadesivo in schiuma PE a base di gomma sintetica. Il prodotto ha un&#039;ottima adesivit\u00e0 iniziale, anche su superfici ruvide.\" \/>\n<meta name=\"robots\" content=\"index, follow, max-snippet:-1, max-image-preview:large, max-video-preview:-1\" \/>\n<link rel=\"canonical\" href=\"https:\/\/cardinal-tapes.com\/it\/nastri-adesivi\/nastro-in-schiuma-di-pe\/tesa-64958-nastro-adesivo-bifacciale-in-schiuma-pe\/\" \/>\n<meta property=\"og:locale\" content=\"it_IT\" \/>\n<meta property=\"og:type\" content=\"article\" \/>\n<meta property=\"og:title\" content=\"Tesa 64958 Nastro biadesivo in schiuma PE | Cardinal TAPES\" \/>\n<meta property=\"og:description\" content=\"Tesa 64958 \u00e8 un nastro biadesivo in schiuma PE a base di gomma sintetica. Il prodotto ha un&#039;ottima adesivit\u00e0 iniziale, anche su superfici ruvide.\" \/>\n<meta property=\"og:url\" content=\"https:\/\/cardinal-tapes.com\/it\/nastri-adesivi\/nastro-in-schiuma-di-pe\/tesa-64958-nastro-adesivo-bifacciale-in-schiuma-pe\/\" \/>\n<meta property=\"og:site_name\" content=\"cardinal TAPES\" \/>\n<meta property=\"og:image\" content=\"https:\/\/cardinal-tapes.com\/wp-content\/uploads\/tesa-double-sided-pe-foam-white-liner-yellow-pr-001172014_canvas1x1_6.jpg\" \/>\n\t<meta property=\"og:image:width\" content=\"640\" \/>\n\t<meta property=\"og:image:height\" content=\"640\" \/>\n\t<meta property=\"og:image:type\" content=\"image\/jpeg\" \/>\n<meta name=\"twitter:card\" content=\"summary_large_image\" \/>\n<script type=\"application\/ld+json\" class=\"yoast-schema-graph\">{\"@context\":\"https:\\\/\\\/schema.org\",\"@graph\":[{\"@type\":\"WebPage\",\"@id\":\"https:\\\/\\\/cardinal-tapes.com\\\/it\\\/nastri-adesivi\\\/nastro-in-schiuma-di-pe\\\/tesa-64958-nastro-adesivo-bifacciale-in-schiuma-pe\\\/\",\"url\":\"https:\\\/\\\/cardinal-tapes.com\\\/it\\\/nastri-adesivi\\\/nastro-in-schiuma-di-pe\\\/tesa-64958-nastro-adesivo-bifacciale-in-schiuma-pe\\\/\",\"name\":\"Tesa 64958 Nastro biadesivo in schiuma PE | Cardinal TAPES\",\"isPartOf\":{\"@id\":\"https:\\\/\\\/cardinal-tapes.com\\\/#website\"},\"primaryImageOfPage\":{\"@id\":\"https:\\\/\\\/cardinal-tapes.com\\\/it\\\/nastri-adesivi\\\/nastro-in-schiuma-di-pe\\\/tesa-64958-nastro-adesivo-bifacciale-in-schiuma-pe\\\/#primaryimage\"},\"image\":{\"@id\":\"https:\\\/\\\/cardinal-tapes.com\\\/it\\\/nastri-adesivi\\\/nastro-in-schiuma-di-pe\\\/tesa-64958-nastro-adesivo-bifacciale-in-schiuma-pe\\\/#primaryimage\"},\"thumbnailUrl\":\"https:\\\/\\\/cardinal-tapes.com\\\/wp-content\\\/uploads\\\/tesa-double-sided-pe-foam-white-liner-yellow-pr-001172014_canvas1x1_6.jpg\",\"datePublished\":\"2023-06-05T15:27:37+00:00\",\"description\":\"Tesa 64958 \u00e8 un nastro biadesivo in schiuma PE a base di gomma sintetica. Il prodotto ha un'ottima adesivit\u00e0 iniziale, anche su superfici ruvide.\",\"breadcrumb\":{\"@id\":\"https:\\\/\\\/cardinal-tapes.com\\\/it\\\/nastri-adesivi\\\/nastro-in-schiuma-di-pe\\\/tesa-64958-nastro-adesivo-bifacciale-in-schiuma-pe\\\/#breadcrumb\"},\"inLanguage\":\"it-IT\",\"potentialAction\":[{\"@type\":\"ReadAction\",\"target\":[\"https:\\\/\\\/cardinal-tapes.com\\\/it\\\/nastri-adesivi\\\/nastro-in-schiuma-di-pe\\\/tesa-64958-nastro-adesivo-bifacciale-in-schiuma-pe\\\/\"]}]},{\"@type\":\"ImageObject\",\"inLanguage\":\"it-IT\",\"@id\":\"https:\\\/\\\/cardinal-tapes.com\\\/it\\\/nastri-adesivi\\\/nastro-in-schiuma-di-pe\\\/tesa-64958-nastro-adesivo-bifacciale-in-schiuma-pe\\\/#primaryimage\",\"url\":\"https:\\\/\\\/cardinal-tapes.com\\\/wp-content\\\/uploads\\\/tesa-double-sided-pe-foam-white-liner-yellow-pr-001172014_canvas1x1_6.jpg\",\"contentUrl\":\"https:\\\/\\\/cardinal-tapes.com\\\/wp-content\\\/uploads\\\/tesa-double-sided-pe-foam-white-liner-yellow-pr-001172014_canvas1x1_6.jpg\",\"width\":640,\"height\":640,\"caption\":\"nastro biadesivo tesa\"},{\"@type\":\"BreadcrumbList\",\"@id\":\"https:\\\/\\\/cardinal-tapes.com\\\/it\\\/nastri-adesivi\\\/nastro-in-schiuma-di-pe\\\/tesa-64958-nastro-adesivo-bifacciale-in-schiuma-pe\\\/#breadcrumb\",\"itemListElement\":[{\"@type\":\"ListItem\",\"position\":1,\"name\":\"Startseite\",\"item\":\"https:\\\/\\\/cardinal-tapes.com\\\/it\\\/casa\\\/\"},{\"@type\":\"ListItem\",\"position\":2,\"name\":\"Nastri adesivi\",\"item\":\"https:\\\/\\\/cardinal-tapes.com\\\/it\\\/nastri-adesivi-it\\\/\"},{\"@type\":\"ListItem\",\"position\":3,\"name\":\"Nastro in schiuma di PE\",\"item\":\"https:\\\/\\\/cardinal-tapes.com\\\/it\\\/categoria\\\/nastro-in-schiuma-di-pe\\\/\"},{\"@type\":\"ListItem\",\"position\":4,\"name\":\"tesa\u00ae 64958 Nastro biadesivo in schiuma PE\"}]},{\"@type\":\"WebSite\",\"@id\":\"https:\\\/\\\/cardinal-tapes.com\\\/#website\",\"url\":\"https:\\\/\\\/cardinal-tapes.com\\\/\",\"name\":\"cardinal TAPES\",\"description\":\"Klebetechnik aus Wuppertal\",\"potentialAction\":[{\"@type\":\"SearchAction\",\"target\":{\"@type\":\"EntryPoint\",\"urlTemplate\":\"https:\\\/\\\/cardinal-tapes.com\\\/?s={search_term_string}\"},\"query-input\":{\"@type\":\"PropertyValueSpecification\",\"valueRequired\":true,\"valueName\":\"search_term_string\"}}],\"inLanguage\":\"it-IT\"}]}<\/script>\n<!-- \/ Yoast SEO plugin. -->","yoast_head_json":{"title":"Tesa 64958 Nastro biadesivo in schiuma PE | Cardinal TAPES","description":"Tesa 64958 \u00e8 un nastro biadesivo in schiuma PE a base di gomma sintetica. Il prodotto ha un'ottima adesivit\u00e0 iniziale, anche su superfici ruvide.","robots":{"index":"index","follow":"follow","max-snippet":"max-snippet:-1","max-image-preview":"max-image-preview:large","max-video-preview":"max-video-preview:-1"},"canonical":"https:\/\/cardinal-tapes.com\/it\/nastri-adesivi\/nastro-in-schiuma-di-pe\/tesa-64958-nastro-adesivo-bifacciale-in-schiuma-pe\/","og_locale":"it_IT","og_type":"article","og_title":"Tesa 64958 Nastro biadesivo in schiuma PE | Cardinal TAPES","og_description":"Tesa 64958 \u00e8 un nastro biadesivo in schiuma PE a base di gomma sintetica. Il prodotto ha un'ottima adesivit\u00e0 iniziale, anche su superfici ruvide.","og_url":"https:\/\/cardinal-tapes.com\/it\/nastri-adesivi\/nastro-in-schiuma-di-pe\/tesa-64958-nastro-adesivo-bifacciale-in-schiuma-pe\/","og_site_name":"cardinal TAPES","og_image":[{"width":640,"height":640,"url":"https:\/\/cardinal-tapes.com\/wp-content\/uploads\/tesa-double-sided-pe-foam-white-liner-yellow-pr-001172014_canvas1x1_6.jpg","type":"image\/jpeg"}],"twitter_card":"summary_large_image","schema":{"@context":"https:\/\/schema.org","@graph":[{"@type":"WebPage","@id":"https:\/\/cardinal-tapes.com\/it\/nastri-adesivi\/nastro-in-schiuma-di-pe\/tesa-64958-nastro-adesivo-bifacciale-in-schiuma-pe\/","url":"https:\/\/cardinal-tapes.com\/it\/nastri-adesivi\/nastro-in-schiuma-di-pe\/tesa-64958-nastro-adesivo-bifacciale-in-schiuma-pe\/","name":"Tesa 64958 Nastro biadesivo in schiuma PE | Cardinal TAPES","isPartOf":{"@id":"https:\/\/cardinal-tapes.com\/#website"},"primaryImageOfPage":{"@id":"https:\/\/cardinal-tapes.com\/it\/nastri-adesivi\/nastro-in-schiuma-di-pe\/tesa-64958-nastro-adesivo-bifacciale-in-schiuma-pe\/#primaryimage"},"image":{"@id":"https:\/\/cardinal-tapes.com\/it\/nastri-adesivi\/nastro-in-schiuma-di-pe\/tesa-64958-nastro-adesivo-bifacciale-in-schiuma-pe\/#primaryimage"},"thumbnailUrl":"https:\/\/cardinal-tapes.com\/wp-content\/uploads\/tesa-double-sided-pe-foam-white-liner-yellow-pr-001172014_canvas1x1_6.jpg","datePublished":"2023-06-05T15:27:37+00:00","description":"Tesa 64958 \u00e8 un nastro biadesivo in schiuma PE a base di gomma sintetica. Il prodotto ha un'ottima adesivit\u00e0 iniziale, anche su superfici ruvide.","breadcrumb":{"@id":"https:\/\/cardinal-tapes.com\/it\/nastri-adesivi\/nastro-in-schiuma-di-pe\/tesa-64958-nastro-adesivo-bifacciale-in-schiuma-pe\/#breadcrumb"},"inLanguage":"it-IT","potentialAction":[{"@type":"ReadAction","target":["https:\/\/cardinal-tapes.com\/it\/nastri-adesivi\/nastro-in-schiuma-di-pe\/tesa-64958-nastro-adesivo-bifacciale-in-schiuma-pe\/"]}]},{"@type":"ImageObject","inLanguage":"it-IT","@id":"https:\/\/cardinal-tapes.com\/it\/nastri-adesivi\/nastro-in-schiuma-di-pe\/tesa-64958-nastro-adesivo-bifacciale-in-schiuma-pe\/#primaryimage","url":"https:\/\/cardinal-tapes.com\/wp-content\/uploads\/tesa-double-sided-pe-foam-white-liner-yellow-pr-001172014_canvas1x1_6.jpg","contentUrl":"https:\/\/cardinal-tapes.com\/wp-content\/uploads\/tesa-double-sided-pe-foam-white-liner-yellow-pr-001172014_canvas1x1_6.jpg","width":640,"height":640,"caption":"nastro biadesivo tesa"},{"@type":"BreadcrumbList","@id":"https:\/\/cardinal-tapes.com\/it\/nastri-adesivi\/nastro-in-schiuma-di-pe\/tesa-64958-nastro-adesivo-bifacciale-in-schiuma-pe\/#breadcrumb","itemListElement":[{"@type":"ListItem","position":1,"name":"Startseite","item":"https:\/\/cardinal-tapes.com\/it\/casa\/"},{"@type":"ListItem","position":2,"name":"Nastri adesivi","item":"https:\/\/cardinal-tapes.com\/it\/nastri-adesivi-it\/"},{"@type":"ListItem","position":3,"name":"Nastro in schiuma di PE","item":"https:\/\/cardinal-tapes.com\/it\/categoria\/nastro-in-schiuma-di-pe\/"},{"@type":"ListItem","position":4,"name":"tesa\u00ae 64958 Nastro biadesivo in schiuma PE"}]},{"@type":"WebSite","@id":"https:\/\/cardinal-tapes.com\/#website","url":"https:\/\/cardinal-tapes.com\/","name":"cardinal TAPES","description":"Klebetechnik aus Wuppertal","potentialAction":[{"@type":"SearchAction","target":{"@type":"EntryPoint","urlTemplate":"https:\/\/cardinal-tapes.com\/?s={search_term_string}"},"query-input":{"@type":"PropertyValueSpecification","valueRequired":true,"valueName":"search_term_string"}}],"inLanguage":"it-IT"}]}},"brands":[{"id":2162,"name":"tesa","slug":"tesa-it"}],"_links":{"self":[{"href":"https:\/\/cardinal-tapes.com\/it\/wp-json\/wp\/v2\/product\/58716","targetHints":{"allow":["GET"]}}],"collection":[{"href":"https:\/\/cardinal-tapes.com\/it\/wp-json\/wp\/v2\/product"}],"about":[{"href":"https:\/\/cardinal-tapes.com\/it\/wp-json\/wp\/v2\/types\/product"}],"wp:featuredmedia":[{"embeddable":true,"href":"https:\/\/cardinal-tapes.com\/it\/wp-json\/wp\/v2\/media\/26057"}],"wp:attachment":[{"href":"https:\/\/cardinal-tapes.com\/it\/wp-json\/wp\/v2\/media?parent=58716"}],"wp:term":[{"taxonomy":"pwb-brand","embeddable":true,"href":"https:\/\/cardinal-tapes.com\/it\/wp-json\/wp\/v2\/pwb-brand?post=58716"},{"taxonomy":"product_brand","embeddable":true,"href":"https:\/\/cardinal-tapes.com\/it\/wp-json\/wp\/v2\/product_brand?post=58716"},{"taxonomy":"product_cat","embeddable":true,"href":"https:\/\/cardinal-tapes.com\/it\/wp-json\/wp\/v2\/product_cat?post=58716"},{"taxonomy":"product_tag","embeddable":true,"href":"https:\/\/cardinal-tapes.com\/it\/wp-json\/wp\/v2\/product_tag?post=58716"}],"curies":[{"name":"wp","href":"https:\/\/api.w.org\/{rel}","templated":true}]}}