{"id":56080,"date":"2018-02-21T07:43:42","date_gmt":"2023-06-05T15:25:31","guid":{"rendered":"https:\/\/cardinal.pixel-tal.de\/klebebaender\/senza-categoria\/ca-14-nastro-per-mascheratura-per-verniciatura\/"},"modified":"2025-07-03T10:06:15","modified_gmt":"2025-07-03T08:06:15","slug":"nastro-per-mascheratura-ca-14","status":"publish","type":"product","link":"https:\/\/cardinal-tapes.com\/it\/nastri-adesivi\/aree-di-applicazione\/industria-automobilistica\/nastro-per-mascheratura-ca-14\/","title":{"rendered":"CA-14 Nastro per mascheratura per verniciatura"},"content":{"rendered":"<p>Il nastro per mascheratura CA-14 \u00e8 un nastro di carta leggermente crespato con una buona forza adesiva. Questo garantisce una rapida ed elevata affidabilit\u00e0 di adesione anche su gomma, vetro e altre superfici.<\/p>\n<p>Il supporto \u00e8 estremamente flessibile, consente un incollaggio preciso su lunghi tratti rettilinei e in curve difficili e favorisce risultati di verniciatura puliti con bordi di verniciatura nitidi e precisi. CA-14 si distingue inoltre per il fatto che pu\u00f2 essere utilizzato per una durata massima di. 4 giorni pu\u00f2 essere utilizzato all&#8217;aperto senza lasciare residui di colla. Anche dopo l&#8217;asciugatura, il nastro \u00e8 solitamente facile da staccare.<\/p>\n","protected":false},"excerpt":{"rendered":"<p>Il nastro per mascheratura CA-14 \u00e8 un nastro di carta leggermente crespato con una buona forza adesiva. Questo garantisce una rapida ed elevata affidabilit\u00e0 di adesione anche su gomma, vetro e altre superfici. Il supporto \u00e8 estremamente flessibile, consente un incollaggio preciso su lunghi tratti rettilinei e in curve difficili e favorisce risultati di verniciatura [&hellip;]<\/p>\n","protected":false},"featured_media":26957,"template":"","meta":{"_acf_changed":false},"pwb-brand":[2174],"product_brand":[],"product_cat":[1826,1677,1729,1731,1776],"product_tag":[],"class_list":{"0":"post-56080","1":"product","2":"type-product","3":"status-publish","4":"has-post-thumbnail","6":"pwb-brand-cardinal-gmbh-it","7":"product_cat-nastri-monoadesivi","8":"product_cat-industria-automobilistica","9":"product_cat-nastro-per-mascheratura-di-vernici","10":"product_cat-ingegneria-meccanica","11":"product_cat-nastro-di-carta","13":"first","14":"instock","15":"taxable","16":"shipping-taxable","17":"purchasable","18":"product-type-variable"},"acf":[],"yoast_head":"<!-- This site is optimized with the Yoast SEO plugin v27.3 - https:\/\/yoast.com\/product\/yoast-seo-wordpress\/ -->\n<title>CA-14 Nastro per mascheratura per verniciatura | Cardinal TAPES<\/title>\n<meta name=\"description\" content=\"CA-14 \u00e8 un nastro per mascheratura della vernice con un&#039;elevata adesione a gomma, vetro e altre superfici. Per saperne di pi\u00f9, cliccate qui.\" \/>\n<meta name=\"robots\" content=\"index, follow, max-snippet:-1, max-image-preview:large, max-video-preview:-1\" \/>\n<link rel=\"canonical\" href=\"https:\/\/cardinal-tapes.com\/it\/nastri-adesivi\/aree-di-applicazione\/industria-automobilistica\/nastro-per-mascheratura-ca-14\/\" \/>\n<meta property=\"og:locale\" content=\"it_IT\" \/>\n<meta property=\"og:type\" content=\"article\" \/>\n<meta property=\"og:title\" content=\"CA-14 Nastro per mascheratura per verniciatura | Cardinal TAPES\" \/>\n<meta property=\"og:description\" content=\"CA-14 \u00e8 un nastro per mascheratura della vernice con un&#039;elevata adesione a gomma, vetro e altre superfici. Per saperne di pi\u00f9, cliccate qui.\" \/>\n<meta property=\"og:url\" content=\"https:\/\/cardinal-tapes.com\/it\/nastri-adesivi\/aree-di-applicazione\/industria-automobilistica\/nastro-per-mascheratura-ca-14\/\" \/>\n<meta property=\"og:site_name\" content=\"cardinal TAPES\" \/>\n<meta property=\"article:modified_time\" content=\"2025-07-03T08:06:15+00:00\" \/>\n<meta property=\"og:image\" content=\"https:\/\/cardinal-tapes.com\/wp-content\/uploads\/CA_14.jpg\" \/>\n\t<meta property=\"og:image:width\" content=\"1400\" \/>\n\t<meta property=\"og:image:height\" content=\"1400\" \/>\n\t<meta property=\"og:image:type\" content=\"image\/jpeg\" \/>\n<meta name=\"twitter:card\" content=\"summary_large_image\" \/>\n<script type=\"application\/ld+json\" class=\"yoast-schema-graph\">{\"@context\":\"https:\\\/\\\/schema.org\",\"@graph\":[{\"@type\":\"WebPage\",\"@id\":\"https:\\\/\\\/cardinal-tapes.com\\\/it\\\/nastri-adesivi\\\/aree-di-applicazione\\\/industria-automobilistica\\\/nastro-per-mascheratura-ca-14\\\/\",\"url\":\"https:\\\/\\\/cardinal-tapes.com\\\/it\\\/nastri-adesivi\\\/aree-di-applicazione\\\/industria-automobilistica\\\/nastro-per-mascheratura-ca-14\\\/\",\"name\":\"CA-14 Nastro per mascheratura per verniciatura | Cardinal TAPES\",\"isPartOf\":{\"@id\":\"https:\\\/\\\/cardinal-tapes.com\\\/#website\"},\"primaryImageOfPage\":{\"@id\":\"https:\\\/\\\/cardinal-tapes.com\\\/it\\\/nastri-adesivi\\\/aree-di-applicazione\\\/industria-automobilistica\\\/nastro-per-mascheratura-ca-14\\\/#primaryimage\"},\"image\":{\"@id\":\"https:\\\/\\\/cardinal-tapes.com\\\/it\\\/nastri-adesivi\\\/aree-di-applicazione\\\/industria-automobilistica\\\/nastro-per-mascheratura-ca-14\\\/#primaryimage\"},\"thumbnailUrl\":\"https:\\\/\\\/cardinal-tapes.com\\\/wp-content\\\/uploads\\\/CA_14.jpg\",\"datePublished\":\"2023-06-05T15:25:31+00:00\",\"dateModified\":\"2025-07-03T08:06:15+00:00\",\"description\":\"CA-14 \u00e8 un nastro per mascheratura della vernice con un'elevata adesione a gomma, vetro e altre superfici. Per saperne di pi\u00f9, cliccate qui.\",\"breadcrumb\":{\"@id\":\"https:\\\/\\\/cardinal-tapes.com\\\/it\\\/nastri-adesivi\\\/aree-di-applicazione\\\/industria-automobilistica\\\/nastro-per-mascheratura-ca-14\\\/#breadcrumb\"},\"inLanguage\":\"it-IT\",\"potentialAction\":[{\"@type\":\"ReadAction\",\"target\":[\"https:\\\/\\\/cardinal-tapes.com\\\/it\\\/nastri-adesivi\\\/aree-di-applicazione\\\/industria-automobilistica\\\/nastro-per-mascheratura-ca-14\\\/\"]}]},{\"@type\":\"ImageObject\",\"inLanguage\":\"it-IT\",\"@id\":\"https:\\\/\\\/cardinal-tapes.com\\\/it\\\/nastri-adesivi\\\/aree-di-applicazione\\\/industria-automobilistica\\\/nastro-per-mascheratura-ca-14\\\/#primaryimage\",\"url\":\"https:\\\/\\\/cardinal-tapes.com\\\/wp-content\\\/uploads\\\/CA_14.jpg\",\"contentUrl\":\"https:\\\/\\\/cardinal-tapes.com\\\/wp-content\\\/uploads\\\/CA_14.jpg\",\"width\":1400,\"height\":1400,\"caption\":\"CA 14\"},{\"@type\":\"BreadcrumbList\",\"@id\":\"https:\\\/\\\/cardinal-tapes.com\\\/it\\\/nastri-adesivi\\\/aree-di-applicazione\\\/industria-automobilistica\\\/nastro-per-mascheratura-ca-14\\\/#breadcrumb\",\"itemListElement\":[{\"@type\":\"ListItem\",\"position\":1,\"name\":\"Startseite\",\"item\":\"https:\\\/\\\/cardinal-tapes.com\\\/it\\\/casa\\\/\"},{\"@type\":\"ListItem\",\"position\":2,\"name\":\"Nastri adesivi\",\"item\":\"https:\\\/\\\/cardinal-tapes.com\\\/it\\\/nastri-adesivi-it\\\/\"},{\"@type\":\"ListItem\",\"position\":3,\"name\":\"Aree di applicazione\",\"item\":\"https:\\\/\\\/cardinal-tapes.com\\\/it\\\/categoria\\\/aree-di-applicazione\\\/\"},{\"@type\":\"ListItem\",\"position\":4,\"name\":\"Industria automobilistica\",\"item\":\"https:\\\/\\\/cardinal-tapes.com\\\/it\\\/categoria\\\/industria-automobilistica\\\/\"},{\"@type\":\"ListItem\",\"position\":5,\"name\":\"CA-14 Nastro per mascheratura per verniciatura\"}]},{\"@type\":\"WebSite\",\"@id\":\"https:\\\/\\\/cardinal-tapes.com\\\/#website\",\"url\":\"https:\\\/\\\/cardinal-tapes.com\\\/\",\"name\":\"cardinal TAPES\",\"description\":\"Klebetechnik aus Wuppertal\",\"potentialAction\":[{\"@type\":\"SearchAction\",\"target\":{\"@type\":\"EntryPoint\",\"urlTemplate\":\"https:\\\/\\\/cardinal-tapes.com\\\/?s={search_term_string}\"},\"query-input\":{\"@type\":\"PropertyValueSpecification\",\"valueRequired\":true,\"valueName\":\"search_term_string\"}}],\"inLanguage\":\"it-IT\"}]}<\/script>\n<!-- \/ Yoast SEO plugin. -->","yoast_head_json":{"title":"CA-14 Nastro per mascheratura per verniciatura | Cardinal TAPES","description":"CA-14 \u00e8 un nastro per mascheratura della vernice con un'elevata adesione a gomma, vetro e altre superfici. Per saperne di pi\u00f9, cliccate qui.","robots":{"index":"index","follow":"follow","max-snippet":"max-snippet:-1","max-image-preview":"max-image-preview:large","max-video-preview":"max-video-preview:-1"},"canonical":"https:\/\/cardinal-tapes.com\/it\/nastri-adesivi\/aree-di-applicazione\/industria-automobilistica\/nastro-per-mascheratura-ca-14\/","og_locale":"it_IT","og_type":"article","og_title":"CA-14 Nastro per mascheratura per verniciatura | Cardinal TAPES","og_description":"CA-14 \u00e8 un nastro per mascheratura della vernice con un'elevata adesione a gomma, vetro e altre superfici. Per saperne di pi\u00f9, cliccate qui.","og_url":"https:\/\/cardinal-tapes.com\/it\/nastri-adesivi\/aree-di-applicazione\/industria-automobilistica\/nastro-per-mascheratura-ca-14\/","og_site_name":"cardinal TAPES","article_modified_time":"2025-07-03T08:06:15+00:00","og_image":[{"width":1400,"height":1400,"url":"https:\/\/cardinal-tapes.com\/wp-content\/uploads\/CA_14.jpg","type":"image\/jpeg"}],"twitter_card":"summary_large_image","schema":{"@context":"https:\/\/schema.org","@graph":[{"@type":"WebPage","@id":"https:\/\/cardinal-tapes.com\/it\/nastri-adesivi\/aree-di-applicazione\/industria-automobilistica\/nastro-per-mascheratura-ca-14\/","url":"https:\/\/cardinal-tapes.com\/it\/nastri-adesivi\/aree-di-applicazione\/industria-automobilistica\/nastro-per-mascheratura-ca-14\/","name":"CA-14 Nastro per mascheratura per verniciatura | Cardinal TAPES","isPartOf":{"@id":"https:\/\/cardinal-tapes.com\/#website"},"primaryImageOfPage":{"@id":"https:\/\/cardinal-tapes.com\/it\/nastri-adesivi\/aree-di-applicazione\/industria-automobilistica\/nastro-per-mascheratura-ca-14\/#primaryimage"},"image":{"@id":"https:\/\/cardinal-tapes.com\/it\/nastri-adesivi\/aree-di-applicazione\/industria-automobilistica\/nastro-per-mascheratura-ca-14\/#primaryimage"},"thumbnailUrl":"https:\/\/cardinal-tapes.com\/wp-content\/uploads\/CA_14.jpg","datePublished":"2023-06-05T15:25:31+00:00","dateModified":"2025-07-03T08:06:15+00:00","description":"CA-14 \u00e8 un nastro per mascheratura della vernice con un'elevata adesione a gomma, vetro e altre superfici. Per saperne di pi\u00f9, cliccate qui.","breadcrumb":{"@id":"https:\/\/cardinal-tapes.com\/it\/nastri-adesivi\/aree-di-applicazione\/industria-automobilistica\/nastro-per-mascheratura-ca-14\/#breadcrumb"},"inLanguage":"it-IT","potentialAction":[{"@type":"ReadAction","target":["https:\/\/cardinal-tapes.com\/it\/nastri-adesivi\/aree-di-applicazione\/industria-automobilistica\/nastro-per-mascheratura-ca-14\/"]}]},{"@type":"ImageObject","inLanguage":"it-IT","@id":"https:\/\/cardinal-tapes.com\/it\/nastri-adesivi\/aree-di-applicazione\/industria-automobilistica\/nastro-per-mascheratura-ca-14\/#primaryimage","url":"https:\/\/cardinal-tapes.com\/wp-content\/uploads\/CA_14.jpg","contentUrl":"https:\/\/cardinal-tapes.com\/wp-content\/uploads\/CA_14.jpg","width":1400,"height":1400,"caption":"CA 14"},{"@type":"BreadcrumbList","@id":"https:\/\/cardinal-tapes.com\/it\/nastri-adesivi\/aree-di-applicazione\/industria-automobilistica\/nastro-per-mascheratura-ca-14\/#breadcrumb","itemListElement":[{"@type":"ListItem","position":1,"name":"Startseite","item":"https:\/\/cardinal-tapes.com\/it\/casa\/"},{"@type":"ListItem","position":2,"name":"Nastri adesivi","item":"https:\/\/cardinal-tapes.com\/it\/nastri-adesivi-it\/"},{"@type":"ListItem","position":3,"name":"Aree di applicazione","item":"https:\/\/cardinal-tapes.com\/it\/categoria\/aree-di-applicazione\/"},{"@type":"ListItem","position":4,"name":"Industria automobilistica","item":"https:\/\/cardinal-tapes.com\/it\/categoria\/industria-automobilistica\/"},{"@type":"ListItem","position":5,"name":"CA-14 Nastro per mascheratura per verniciatura"}]},{"@type":"WebSite","@id":"https:\/\/cardinal-tapes.com\/#website","url":"https:\/\/cardinal-tapes.com\/","name":"cardinal TAPES","description":"Klebetechnik aus Wuppertal","potentialAction":[{"@type":"SearchAction","target":{"@type":"EntryPoint","urlTemplate":"https:\/\/cardinal-tapes.com\/?s={search_term_string}"},"query-input":{"@type":"PropertyValueSpecification","valueRequired":true,"valueName":"search_term_string"}}],"inLanguage":"it-IT"}]}},"brands":[{"id":2174,"name":"cardinal GmbH","slug":"cardinal-gmbh-it"}],"_links":{"self":[{"href":"https:\/\/cardinal-tapes.com\/it\/wp-json\/wp\/v2\/product\/56080","targetHints":{"allow":["GET"]}}],"collection":[{"href":"https:\/\/cardinal-tapes.com\/it\/wp-json\/wp\/v2\/product"}],"about":[{"href":"https:\/\/cardinal-tapes.com\/it\/wp-json\/wp\/v2\/types\/product"}],"wp:featuredmedia":[{"embeddable":true,"href":"https:\/\/cardinal-tapes.com\/it\/wp-json\/wp\/v2\/media\/26957"}],"wp:attachment":[{"href":"https:\/\/cardinal-tapes.com\/it\/wp-json\/wp\/v2\/media?parent=56080"}],"wp:term":[{"taxonomy":"pwb-brand","embeddable":true,"href":"https:\/\/cardinal-tapes.com\/it\/wp-json\/wp\/v2\/pwb-brand?post=56080"},{"taxonomy":"product_brand","embeddable":true,"href":"https:\/\/cardinal-tapes.com\/it\/wp-json\/wp\/v2\/product_brand?post=56080"},{"taxonomy":"product_cat","embeddable":true,"href":"https:\/\/cardinal-tapes.com\/it\/wp-json\/wp\/v2\/product_cat?post=56080"},{"taxonomy":"product_tag","embeddable":true,"href":"https:\/\/cardinal-tapes.com\/it\/wp-json\/wp\/v2\/product_tag?post=56080"}],"curies":[{"name":"wp","href":"https:\/\/api.w.org\/{rel}","templated":true}]}}