{"id":55760,"date":"2018-02-21T09:23:23","date_gmt":"2023-06-05T15:25:24","guid":{"rendered":"https:\/\/cardinal.pixel-tal.de\/klebebaender\/senza-categoria\/ca-32-nastro-in-tessuto-non-rivestito\/"},"modified":"2023-06-05T17:28:56","modified_gmt":"2023-06-05T15:28:56","slug":"ca-32-nastro-adesivo-in-tessuto-non-rivestito","status":"publish","type":"product","link":"https:\/\/cardinal-tapes.com\/it\/nastri-adesivi\/aree-di-applicazione\/nastro-adesivo-per-tessuti\/ca-32-nastro-adesivo-in-tessuto-non-rivestito\/","title":{"rendered":"CA-32 Nastro in tessuto non rivestito"},"content":{"rendered":"<p>CA-32 \u00e8 un tessuto di viscosa di alta qualit\u00e0 combinato con un adesivo sensibile alla pressione a base di gomma sintetica particolarmente forte. Il tessuto \u00e8 particolarmente indicato per la fasciatura dei cavi. Inoltre, pu\u00f2 essere utilizzato anche nel campo della tecnologia degli eventi, ad esempio per fissare le tende e le scritte in generale sul set.<\/p>\n","protected":false},"excerpt":{"rendered":"<p>CA-32 \u00e8 un tessuto di viscosa di alta qualit\u00e0 combinato con un adesivo sensibile alla pressione a base di gomma sintetica particolarmente forte. Il tessuto \u00e8 particolarmente indicato per la fasciatura dei cavi. Inoltre, pu\u00f2 essere utilizzato anche nel campo della tecnologia degli eventi, ad esempio per fissare le tende e le scritte in generale [&hellip;]<\/p>\n","protected":false},"featured_media":26853,"template":"","meta":{"_acf_changed":false},"pwb-brand":[2174],"product_brand":[],"product_cat":[1725,1780,1826],"product_tag":[],"class_list":{"0":"post-55760","1":"product","2":"type-product","3":"status-publish","4":"has-post-thumbnail","6":"pwb-brand-cardinal-gmbh-it","7":"product_cat-nastro-adesivo-per-tessuti","8":"product_cat-industria-tessile","9":"product_cat-nastri-monoadesivi","11":"first","12":"instock","13":"taxable","14":"shipping-taxable","15":"purchasable","16":"product-type-variable"},"acf":[],"yoast_head":"<!-- This site is optimized with the Yoast SEO plugin v27.3 - https:\/\/yoast.com\/product\/yoast-seo-wordpress\/ -->\n<title>CA-32 Nastro in tessuto non rivestito | Cardinal TAPES<\/title>\n<meta name=\"description\" content=\"CA-32 \u00e8 un tessuto di viscosa di alta qualit\u00e0 combinato con un adesivo sensibile alla pressione a base di gomma sintetica particolarmente forte.\" \/>\n<meta name=\"robots\" content=\"index, follow, max-snippet:-1, max-image-preview:large, max-video-preview:-1\" \/>\n<link rel=\"canonical\" href=\"https:\/\/cardinal-tapes.com\/it\/nastri-adesivi\/nastro-adesivo-per-tessuti\/ca-32-nastro-adesivo-in-tessuto-non-rivestito\/\" \/>\n<meta property=\"og:locale\" content=\"it_IT\" \/>\n<meta property=\"og:type\" content=\"article\" \/>\n<meta property=\"og:title\" content=\"CA-32 Nastro in tessuto non rivestito | Cardinal TAPES\" \/>\n<meta property=\"og:description\" content=\"CA-32 \u00e8 un tessuto di viscosa di alta qualit\u00e0 combinato con un adesivo sensibile alla pressione a base di gomma sintetica particolarmente forte.\" \/>\n<meta property=\"og:url\" content=\"https:\/\/cardinal-tapes.com\/it\/nastri-adesivi\/nastro-adesivo-per-tessuti\/ca-32-nastro-adesivo-in-tessuto-non-rivestito\/\" \/>\n<meta property=\"og:site_name\" content=\"cardinal TAPES\" \/>\n<meta property=\"article:modified_time\" content=\"2023-06-05T15:28:56+00:00\" \/>\n<meta property=\"og:image\" content=\"https:\/\/cardinal-tapes.com\/wp-content\/uploads\/CA_32_02-2.jpg\" \/>\n\t<meta property=\"og:image:width\" content=\"1400\" \/>\n\t<meta property=\"og:image:height\" content=\"1400\" \/>\n\t<meta property=\"og:image:type\" content=\"image\/jpeg\" \/>\n<meta name=\"twitter:card\" content=\"summary_large_image\" \/>\n<script type=\"application\/ld+json\" class=\"yoast-schema-graph\">{\"@context\":\"https:\\\/\\\/schema.org\",\"@graph\":[{\"@type\":\"WebPage\",\"@id\":\"https:\\\/\\\/cardinal-tapes.com\\\/it\\\/nastri-adesivi\\\/nastro-adesivo-per-tessuti\\\/ca-32-nastro-adesivo-in-tessuto-non-rivestito\\\/\",\"url\":\"https:\\\/\\\/cardinal-tapes.com\\\/it\\\/nastri-adesivi\\\/nastro-adesivo-per-tessuti\\\/ca-32-nastro-adesivo-in-tessuto-non-rivestito\\\/\",\"name\":\"CA-32 Nastro in tessuto non rivestito | Cardinal TAPES\",\"isPartOf\":{\"@id\":\"https:\\\/\\\/cardinal-tapes.com\\\/#website\"},\"primaryImageOfPage\":{\"@id\":\"https:\\\/\\\/cardinal-tapes.com\\\/it\\\/nastri-adesivi\\\/nastro-adesivo-per-tessuti\\\/ca-32-nastro-adesivo-in-tessuto-non-rivestito\\\/#primaryimage\"},\"image\":{\"@id\":\"https:\\\/\\\/cardinal-tapes.com\\\/it\\\/nastri-adesivi\\\/nastro-adesivo-per-tessuti\\\/ca-32-nastro-adesivo-in-tessuto-non-rivestito\\\/#primaryimage\"},\"thumbnailUrl\":\"https:\\\/\\\/cardinal-tapes.com\\\/wp-content\\\/uploads\\\/CA_32_02-2.jpg\",\"datePublished\":\"2023-06-05T15:25:24+00:00\",\"dateModified\":\"2023-06-05T15:28:56+00:00\",\"description\":\"CA-32 \u00e8 un tessuto di viscosa di alta qualit\u00e0 combinato con un adesivo sensibile alla pressione a base di gomma sintetica particolarmente forte.\",\"breadcrumb\":{\"@id\":\"https:\\\/\\\/cardinal-tapes.com\\\/it\\\/nastri-adesivi\\\/nastro-adesivo-per-tessuti\\\/ca-32-nastro-adesivo-in-tessuto-non-rivestito\\\/#breadcrumb\"},\"inLanguage\":\"it-IT\",\"potentialAction\":[{\"@type\":\"ReadAction\",\"target\":[\"https:\\\/\\\/cardinal-tapes.com\\\/it\\\/nastri-adesivi\\\/nastro-adesivo-per-tessuti\\\/ca-32-nastro-adesivo-in-tessuto-non-rivestito\\\/\"]}]},{\"@type\":\"ImageObject\",\"inLanguage\":\"it-IT\",\"@id\":\"https:\\\/\\\/cardinal-tapes.com\\\/it\\\/nastri-adesivi\\\/nastro-adesivo-per-tessuti\\\/ca-32-nastro-adesivo-in-tessuto-non-rivestito\\\/#primaryimage\",\"url\":\"https:\\\/\\\/cardinal-tapes.com\\\/wp-content\\\/uploads\\\/CA_32_02-2.jpg\",\"contentUrl\":\"https:\\\/\\\/cardinal-tapes.com\\\/wp-content\\\/uploads\\\/CA_32_02-2.jpg\",\"width\":1400,\"height\":1400,\"caption\":\"CA_32\"},{\"@type\":\"BreadcrumbList\",\"@id\":\"https:\\\/\\\/cardinal-tapes.com\\\/it\\\/nastri-adesivi\\\/nastro-adesivo-per-tessuti\\\/ca-32-nastro-adesivo-in-tessuto-non-rivestito\\\/#breadcrumb\",\"itemListElement\":[{\"@type\":\"ListItem\",\"position\":1,\"name\":\"Startseite\",\"item\":\"https:\\\/\\\/cardinal-tapes.com\\\/it\\\/casa\\\/\"},{\"@type\":\"ListItem\",\"position\":2,\"name\":\"Nastri adesivi\",\"item\":\"https:\\\/\\\/cardinal-tapes.com\\\/it\\\/nastri-adesivi-it\\\/\"},{\"@type\":\"ListItem\",\"position\":3,\"name\":\"Nastro adesivo per tessuti\",\"item\":\"https:\\\/\\\/cardinal-tapes.com\\\/it\\\/categoria\\\/nastro-adesivo-per-tessuti\\\/\"},{\"@type\":\"ListItem\",\"position\":4,\"name\":\"CA-32 Nastro in tessuto non rivestito\"}]},{\"@type\":\"WebSite\",\"@id\":\"https:\\\/\\\/cardinal-tapes.com\\\/#website\",\"url\":\"https:\\\/\\\/cardinal-tapes.com\\\/\",\"name\":\"cardinal TAPES\",\"description\":\"Klebetechnik aus Wuppertal\",\"potentialAction\":[{\"@type\":\"SearchAction\",\"target\":{\"@type\":\"EntryPoint\",\"urlTemplate\":\"https:\\\/\\\/cardinal-tapes.com\\\/?s={search_term_string}\"},\"query-input\":{\"@type\":\"PropertyValueSpecification\",\"valueRequired\":true,\"valueName\":\"search_term_string\"}}],\"inLanguage\":\"it-IT\"}]}<\/script>\n<!-- \/ Yoast SEO plugin. -->","yoast_head_json":{"title":"CA-32 Nastro in tessuto non rivestito | Cardinal TAPES","description":"CA-32 \u00e8 un tessuto di viscosa di alta qualit\u00e0 combinato con un adesivo sensibile alla pressione a base di gomma sintetica particolarmente forte.","robots":{"index":"index","follow":"follow","max-snippet":"max-snippet:-1","max-image-preview":"max-image-preview:large","max-video-preview":"max-video-preview:-1"},"canonical":"https:\/\/cardinal-tapes.com\/it\/nastri-adesivi\/nastro-adesivo-per-tessuti\/ca-32-nastro-adesivo-in-tessuto-non-rivestito\/","og_locale":"it_IT","og_type":"article","og_title":"CA-32 Nastro in tessuto non rivestito | Cardinal TAPES","og_description":"CA-32 \u00e8 un tessuto di viscosa di alta qualit\u00e0 combinato con un adesivo sensibile alla pressione a base di gomma sintetica particolarmente forte.","og_url":"https:\/\/cardinal-tapes.com\/it\/nastri-adesivi\/nastro-adesivo-per-tessuti\/ca-32-nastro-adesivo-in-tessuto-non-rivestito\/","og_site_name":"cardinal TAPES","article_modified_time":"2023-06-05T15:28:56+00:00","og_image":[{"width":1400,"height":1400,"url":"https:\/\/cardinal-tapes.com\/wp-content\/uploads\/CA_32_02-2.jpg","type":"image\/jpeg"}],"twitter_card":"summary_large_image","schema":{"@context":"https:\/\/schema.org","@graph":[{"@type":"WebPage","@id":"https:\/\/cardinal-tapes.com\/it\/nastri-adesivi\/nastro-adesivo-per-tessuti\/ca-32-nastro-adesivo-in-tessuto-non-rivestito\/","url":"https:\/\/cardinal-tapes.com\/it\/nastri-adesivi\/nastro-adesivo-per-tessuti\/ca-32-nastro-adesivo-in-tessuto-non-rivestito\/","name":"CA-32 Nastro in tessuto non rivestito | Cardinal TAPES","isPartOf":{"@id":"https:\/\/cardinal-tapes.com\/#website"},"primaryImageOfPage":{"@id":"https:\/\/cardinal-tapes.com\/it\/nastri-adesivi\/nastro-adesivo-per-tessuti\/ca-32-nastro-adesivo-in-tessuto-non-rivestito\/#primaryimage"},"image":{"@id":"https:\/\/cardinal-tapes.com\/it\/nastri-adesivi\/nastro-adesivo-per-tessuti\/ca-32-nastro-adesivo-in-tessuto-non-rivestito\/#primaryimage"},"thumbnailUrl":"https:\/\/cardinal-tapes.com\/wp-content\/uploads\/CA_32_02-2.jpg","datePublished":"2023-06-05T15:25:24+00:00","dateModified":"2023-06-05T15:28:56+00:00","description":"CA-32 \u00e8 un tessuto di viscosa di alta qualit\u00e0 combinato con un adesivo sensibile alla pressione a base di gomma sintetica particolarmente forte.","breadcrumb":{"@id":"https:\/\/cardinal-tapes.com\/it\/nastri-adesivi\/nastro-adesivo-per-tessuti\/ca-32-nastro-adesivo-in-tessuto-non-rivestito\/#breadcrumb"},"inLanguage":"it-IT","potentialAction":[{"@type":"ReadAction","target":["https:\/\/cardinal-tapes.com\/it\/nastri-adesivi\/nastro-adesivo-per-tessuti\/ca-32-nastro-adesivo-in-tessuto-non-rivestito\/"]}]},{"@type":"ImageObject","inLanguage":"it-IT","@id":"https:\/\/cardinal-tapes.com\/it\/nastri-adesivi\/nastro-adesivo-per-tessuti\/ca-32-nastro-adesivo-in-tessuto-non-rivestito\/#primaryimage","url":"https:\/\/cardinal-tapes.com\/wp-content\/uploads\/CA_32_02-2.jpg","contentUrl":"https:\/\/cardinal-tapes.com\/wp-content\/uploads\/CA_32_02-2.jpg","width":1400,"height":1400,"caption":"CA_32"},{"@type":"BreadcrumbList","@id":"https:\/\/cardinal-tapes.com\/it\/nastri-adesivi\/nastro-adesivo-per-tessuti\/ca-32-nastro-adesivo-in-tessuto-non-rivestito\/#breadcrumb","itemListElement":[{"@type":"ListItem","position":1,"name":"Startseite","item":"https:\/\/cardinal-tapes.com\/it\/casa\/"},{"@type":"ListItem","position":2,"name":"Nastri adesivi","item":"https:\/\/cardinal-tapes.com\/it\/nastri-adesivi-it\/"},{"@type":"ListItem","position":3,"name":"Nastro adesivo per tessuti","item":"https:\/\/cardinal-tapes.com\/it\/categoria\/nastro-adesivo-per-tessuti\/"},{"@type":"ListItem","position":4,"name":"CA-32 Nastro in tessuto non rivestito"}]},{"@type":"WebSite","@id":"https:\/\/cardinal-tapes.com\/#website","url":"https:\/\/cardinal-tapes.com\/","name":"cardinal TAPES","description":"Klebetechnik aus Wuppertal","potentialAction":[{"@type":"SearchAction","target":{"@type":"EntryPoint","urlTemplate":"https:\/\/cardinal-tapes.com\/?s={search_term_string}"},"query-input":{"@type":"PropertyValueSpecification","valueRequired":true,"valueName":"search_term_string"}}],"inLanguage":"it-IT"}]}},"brands":[{"id":2174,"name":"cardinal GmbH","slug":"cardinal-gmbh-it"}],"_links":{"self":[{"href":"https:\/\/cardinal-tapes.com\/it\/wp-json\/wp\/v2\/product\/55760","targetHints":{"allow":["GET"]}}],"collection":[{"href":"https:\/\/cardinal-tapes.com\/it\/wp-json\/wp\/v2\/product"}],"about":[{"href":"https:\/\/cardinal-tapes.com\/it\/wp-json\/wp\/v2\/types\/product"}],"wp:featuredmedia":[{"embeddable":true,"href":"https:\/\/cardinal-tapes.com\/it\/wp-json\/wp\/v2\/media\/26853"}],"wp:attachment":[{"href":"https:\/\/cardinal-tapes.com\/it\/wp-json\/wp\/v2\/media?parent=55760"}],"wp:term":[{"taxonomy":"pwb-brand","embeddable":true,"href":"https:\/\/cardinal-tapes.com\/it\/wp-json\/wp\/v2\/pwb-brand?post=55760"},{"taxonomy":"product_brand","embeddable":true,"href":"https:\/\/cardinal-tapes.com\/it\/wp-json\/wp\/v2\/product_brand?post=55760"},{"taxonomy":"product_cat","embeddable":true,"href":"https:\/\/cardinal-tapes.com\/it\/wp-json\/wp\/v2\/product_cat?post=55760"},{"taxonomy":"product_tag","embeddable":true,"href":"https:\/\/cardinal-tapes.com\/it\/wp-json\/wp\/v2\/product_tag?post=55760"}],"curies":[{"name":"wp","href":"https:\/\/api.w.org\/{rel}","templated":true}]}}