{"id":55246,"date":"2018-02-22T11:12:12","date_gmt":"2023-06-05T15:24:30","guid":{"rendered":"https:\/\/cardinal.pixel-tal.de\/klebebaender\/senza-categoria\/ca-457-pv1-nastro-adesivo-in-tessuto-di-cotone-forte-aperto-debole\/"},"modified":"2025-07-03T10:51:34","modified_gmt":"2025-07-03T08:51:34","slug":"ca-457-nastro-adesivo-in-tessuto-di-cotone","status":"publish","type":"product","link":"https:\/\/cardinal-tapes.com\/it\/nastri-adesivi\/nastri-biadesivi\/nastro-biadesivo-in-tessuto\/ca-457-nastro-adesivo-in-tessuto-di-cotone\/","title":{"rendered":"CA-457 PV1 Nastro adesivo in tessuto di cotone, forte (aperto) \/ debole"},"content":{"rendered":"<p>CA-457 \u00e8 un nastro adesivo in tessuto che viene utilizzato soprattutto quando \u00e8 necessario un incollaggio con funzione di recupero. \u00c8 possibile realizzare incollaggi versatili, ad esempio per gli ausili di processo nell&#8217;industria, la ristrutturazione di oggetti, la tecnologia degli eventi o la costruzione di fiere. A causa delle alterazioni ottiche, sono escluse le adesioni su pavimenti in pietra e parquet di alta qualit\u00e0.<\/p>\n","protected":false},"excerpt":{"rendered":"<p>CA-457 \u00e8 un nastro adesivo in tessuto che viene utilizzato soprattutto quando \u00e8 necessario un incollaggio con funzione di recupero. \u00c8 possibile realizzare incollaggi versatili, ad esempio per gli ausili di processo nell&#8217;industria, la ristrutturazione di oggetti, la tecnologia degli eventi o la costruzione di fiere. A causa delle alterazioni ottiche, sono escluse le adesioni [&hellip;]<\/p>\n","protected":false},"featured_media":27137,"template":"","meta":{"_acf_changed":false},"pwb-brand":[2174],"product_brand":[],"product_cat":[1824,1825],"product_tag":[],"class_list":{"0":"post-55246","1":"product","2":"type-product","3":"status-publish","4":"has-post-thumbnail","6":"pwb-brand-cardinal-gmbh-it","7":"product_cat-nastri-biadesivi","8":"product_cat-nastro-biadesivo-in-tessuto","10":"first","11":"instock","12":"taxable","13":"shipping-taxable","14":"purchasable","15":"product-type-variable"},"acf":[],"yoast_head":"<!-- This site is optimized with the Yoast SEO plugin v27.3 - https:\/\/yoast.com\/product\/yoast-seo-wordpress\/ -->\n<title>Il nostro nastro in tessuto CA-457 | Cardinal TAPES<\/title>\n<meta name=\"description\" content=\"Il nastro in tessuto CA-457 \u00e8 adatto per incollaggi con funzione di ripresa. Questo rende il CA-457 ideale per le applicazioni industriali. Informatevi ora.\" \/>\n<meta name=\"robots\" content=\"index, follow, max-snippet:-1, max-image-preview:large, max-video-preview:-1\" \/>\n<link rel=\"canonical\" href=\"https:\/\/cardinal-tapes.com\/it\/nastri-adesivi\/nastri-biadesivi\/nastro-biadesivo-in-tessuto\/ca-457-nastro-adesivo-in-tessuto-di-cotone\/\" \/>\n<meta property=\"og:locale\" content=\"it_IT\" \/>\n<meta property=\"og:type\" content=\"article\" \/>\n<meta property=\"og:title\" content=\"Il nostro nastro in tessuto CA-457 | Cardinal TAPES\" \/>\n<meta property=\"og:description\" content=\"Il nastro in tessuto CA-457 \u00e8 adatto per incollaggi con funzione di ripresa. Questo rende il CA-457 ideale per le applicazioni industriali. Informatevi ora.\" \/>\n<meta property=\"og:url\" content=\"https:\/\/cardinal-tapes.com\/it\/nastri-adesivi\/nastri-biadesivi\/nastro-biadesivo-in-tessuto\/ca-457-nastro-adesivo-in-tessuto-di-cotone\/\" \/>\n<meta property=\"og:site_name\" content=\"cardinal TAPES\" \/>\n<meta property=\"article:modified_time\" content=\"2025-07-03T08:51:34+00:00\" \/>\n<meta property=\"og:image\" content=\"https:\/\/cardinal-tapes.com\/wp-content\/uploads\/CA_457_retouched.jpg\" \/>\n\t<meta property=\"og:image:width\" content=\"1221\" \/>\n\t<meta property=\"og:image:height\" content=\"1400\" \/>\n\t<meta property=\"og:image:type\" content=\"image\/jpeg\" \/>\n<meta name=\"twitter:card\" content=\"summary_large_image\" \/>\n<script type=\"application\/ld+json\" class=\"yoast-schema-graph\">{\"@context\":\"https:\\\/\\\/schema.org\",\"@graph\":[{\"@type\":\"WebPage\",\"@id\":\"https:\\\/\\\/cardinal-tapes.com\\\/it\\\/nastri-adesivi\\\/nastri-biadesivi\\\/nastro-biadesivo-in-tessuto\\\/ca-457-nastro-adesivo-in-tessuto-di-cotone\\\/\",\"url\":\"https:\\\/\\\/cardinal-tapes.com\\\/it\\\/nastri-adesivi\\\/nastri-biadesivi\\\/nastro-biadesivo-in-tessuto\\\/ca-457-nastro-adesivo-in-tessuto-di-cotone\\\/\",\"name\":\"Il nostro nastro in tessuto CA-457 | Cardinal TAPES\",\"isPartOf\":{\"@id\":\"https:\\\/\\\/cardinal-tapes.com\\\/#website\"},\"primaryImageOfPage\":{\"@id\":\"https:\\\/\\\/cardinal-tapes.com\\\/it\\\/nastri-adesivi\\\/nastri-biadesivi\\\/nastro-biadesivo-in-tessuto\\\/ca-457-nastro-adesivo-in-tessuto-di-cotone\\\/#primaryimage\"},\"image\":{\"@id\":\"https:\\\/\\\/cardinal-tapes.com\\\/it\\\/nastri-adesivi\\\/nastri-biadesivi\\\/nastro-biadesivo-in-tessuto\\\/ca-457-nastro-adesivo-in-tessuto-di-cotone\\\/#primaryimage\"},\"thumbnailUrl\":\"https:\\\/\\\/cardinal-tapes.com\\\/wp-content\\\/uploads\\\/CA_457_retouched.jpg\",\"datePublished\":\"2023-06-05T15:24:30+00:00\",\"dateModified\":\"2025-07-03T08:51:34+00:00\",\"description\":\"Il nastro in tessuto CA-457 \u00e8 adatto per incollaggi con funzione di ripresa. Questo rende il CA-457 ideale per le applicazioni industriali. Informatevi ora.\",\"breadcrumb\":{\"@id\":\"https:\\\/\\\/cardinal-tapes.com\\\/it\\\/nastri-adesivi\\\/nastri-biadesivi\\\/nastro-biadesivo-in-tessuto\\\/ca-457-nastro-adesivo-in-tessuto-di-cotone\\\/#breadcrumb\"},\"inLanguage\":\"it-IT\",\"potentialAction\":[{\"@type\":\"ReadAction\",\"target\":[\"https:\\\/\\\/cardinal-tapes.com\\\/it\\\/nastri-adesivi\\\/nastri-biadesivi\\\/nastro-biadesivo-in-tessuto\\\/ca-457-nastro-adesivo-in-tessuto-di-cotone\\\/\"]}]},{\"@type\":\"ImageObject\",\"inLanguage\":\"it-IT\",\"@id\":\"https:\\\/\\\/cardinal-tapes.com\\\/it\\\/nastri-adesivi\\\/nastri-biadesivi\\\/nastro-biadesivo-in-tessuto\\\/ca-457-nastro-adesivo-in-tessuto-di-cotone\\\/#primaryimage\",\"url\":\"https:\\\/\\\/cardinal-tapes.com\\\/wp-content\\\/uploads\\\/CA_457_retouched.jpg\",\"contentUrl\":\"https:\\\/\\\/cardinal-tapes.com\\\/wp-content\\\/uploads\\\/CA_457_retouched.jpg\",\"width\":1221,\"height\":1400,\"caption\":\"Nastro adesivo CA 457\"},{\"@type\":\"BreadcrumbList\",\"@id\":\"https:\\\/\\\/cardinal-tapes.com\\\/it\\\/nastri-adesivi\\\/nastri-biadesivi\\\/nastro-biadesivo-in-tessuto\\\/ca-457-nastro-adesivo-in-tessuto-di-cotone\\\/#breadcrumb\",\"itemListElement\":[{\"@type\":\"ListItem\",\"position\":1,\"name\":\"Startseite\",\"item\":\"https:\\\/\\\/cardinal-tapes.com\\\/it\\\/casa\\\/\"},{\"@type\":\"ListItem\",\"position\":2,\"name\":\"Nastri adesivi\",\"item\":\"https:\\\/\\\/cardinal-tapes.com\\\/it\\\/nastri-adesivi-it\\\/\"},{\"@type\":\"ListItem\",\"position\":3,\"name\":\"Nastri biadesivi\",\"item\":\"https:\\\/\\\/cardinal-tapes.com\\\/it\\\/categoria\\\/nastri-biadesivi\\\/\"},{\"@type\":\"ListItem\",\"position\":4,\"name\":\"Nastro biadesivo in tessuto\",\"item\":\"https:\\\/\\\/cardinal-tapes.com\\\/it\\\/categoria\\\/nastro-biadesivo-in-tessuto\\\/\"},{\"@type\":\"ListItem\",\"position\":5,\"name\":\"CA-457 PV1 Nastro adesivo in tessuto di cotone, forte (aperto) \\\/ debole\"}]},{\"@type\":\"WebSite\",\"@id\":\"https:\\\/\\\/cardinal-tapes.com\\\/#website\",\"url\":\"https:\\\/\\\/cardinal-tapes.com\\\/\",\"name\":\"cardinal TAPES\",\"description\":\"Klebetechnik aus Wuppertal\",\"potentialAction\":[{\"@type\":\"SearchAction\",\"target\":{\"@type\":\"EntryPoint\",\"urlTemplate\":\"https:\\\/\\\/cardinal-tapes.com\\\/?s={search_term_string}\"},\"query-input\":{\"@type\":\"PropertyValueSpecification\",\"valueRequired\":true,\"valueName\":\"search_term_string\"}}],\"inLanguage\":\"it-IT\"}]}<\/script>\n<!-- \/ Yoast SEO plugin. -->","yoast_head_json":{"title":"Il nostro nastro in tessuto CA-457 | Cardinal TAPES","description":"Il nastro in tessuto CA-457 \u00e8 adatto per incollaggi con funzione di ripresa. Questo rende il CA-457 ideale per le applicazioni industriali. Informatevi ora.","robots":{"index":"index","follow":"follow","max-snippet":"max-snippet:-1","max-image-preview":"max-image-preview:large","max-video-preview":"max-video-preview:-1"},"canonical":"https:\/\/cardinal-tapes.com\/it\/nastri-adesivi\/nastri-biadesivi\/nastro-biadesivo-in-tessuto\/ca-457-nastro-adesivo-in-tessuto-di-cotone\/","og_locale":"it_IT","og_type":"article","og_title":"Il nostro nastro in tessuto CA-457 | Cardinal TAPES","og_description":"Il nastro in tessuto CA-457 \u00e8 adatto per incollaggi con funzione di ripresa. Questo rende il CA-457 ideale per le applicazioni industriali. Informatevi ora.","og_url":"https:\/\/cardinal-tapes.com\/it\/nastri-adesivi\/nastri-biadesivi\/nastro-biadesivo-in-tessuto\/ca-457-nastro-adesivo-in-tessuto-di-cotone\/","og_site_name":"cardinal TAPES","article_modified_time":"2025-07-03T08:51:34+00:00","og_image":[{"width":1221,"height":1400,"url":"https:\/\/cardinal-tapes.com\/wp-content\/uploads\/CA_457_retouched.jpg","type":"image\/jpeg"}],"twitter_card":"summary_large_image","schema":{"@context":"https:\/\/schema.org","@graph":[{"@type":"WebPage","@id":"https:\/\/cardinal-tapes.com\/it\/nastri-adesivi\/nastri-biadesivi\/nastro-biadesivo-in-tessuto\/ca-457-nastro-adesivo-in-tessuto-di-cotone\/","url":"https:\/\/cardinal-tapes.com\/it\/nastri-adesivi\/nastri-biadesivi\/nastro-biadesivo-in-tessuto\/ca-457-nastro-adesivo-in-tessuto-di-cotone\/","name":"Il nostro nastro in tessuto CA-457 | Cardinal TAPES","isPartOf":{"@id":"https:\/\/cardinal-tapes.com\/#website"},"primaryImageOfPage":{"@id":"https:\/\/cardinal-tapes.com\/it\/nastri-adesivi\/nastri-biadesivi\/nastro-biadesivo-in-tessuto\/ca-457-nastro-adesivo-in-tessuto-di-cotone\/#primaryimage"},"image":{"@id":"https:\/\/cardinal-tapes.com\/it\/nastri-adesivi\/nastri-biadesivi\/nastro-biadesivo-in-tessuto\/ca-457-nastro-adesivo-in-tessuto-di-cotone\/#primaryimage"},"thumbnailUrl":"https:\/\/cardinal-tapes.com\/wp-content\/uploads\/CA_457_retouched.jpg","datePublished":"2023-06-05T15:24:30+00:00","dateModified":"2025-07-03T08:51:34+00:00","description":"Il nastro in tessuto CA-457 \u00e8 adatto per incollaggi con funzione di ripresa. Questo rende il CA-457 ideale per le applicazioni industriali. Informatevi ora.","breadcrumb":{"@id":"https:\/\/cardinal-tapes.com\/it\/nastri-adesivi\/nastri-biadesivi\/nastro-biadesivo-in-tessuto\/ca-457-nastro-adesivo-in-tessuto-di-cotone\/#breadcrumb"},"inLanguage":"it-IT","potentialAction":[{"@type":"ReadAction","target":["https:\/\/cardinal-tapes.com\/it\/nastri-adesivi\/nastri-biadesivi\/nastro-biadesivo-in-tessuto\/ca-457-nastro-adesivo-in-tessuto-di-cotone\/"]}]},{"@type":"ImageObject","inLanguage":"it-IT","@id":"https:\/\/cardinal-tapes.com\/it\/nastri-adesivi\/nastri-biadesivi\/nastro-biadesivo-in-tessuto\/ca-457-nastro-adesivo-in-tessuto-di-cotone\/#primaryimage","url":"https:\/\/cardinal-tapes.com\/wp-content\/uploads\/CA_457_retouched.jpg","contentUrl":"https:\/\/cardinal-tapes.com\/wp-content\/uploads\/CA_457_retouched.jpg","width":1221,"height":1400,"caption":"Nastro adesivo CA 457"},{"@type":"BreadcrumbList","@id":"https:\/\/cardinal-tapes.com\/it\/nastri-adesivi\/nastri-biadesivi\/nastro-biadesivo-in-tessuto\/ca-457-nastro-adesivo-in-tessuto-di-cotone\/#breadcrumb","itemListElement":[{"@type":"ListItem","position":1,"name":"Startseite","item":"https:\/\/cardinal-tapes.com\/it\/casa\/"},{"@type":"ListItem","position":2,"name":"Nastri adesivi","item":"https:\/\/cardinal-tapes.com\/it\/nastri-adesivi-it\/"},{"@type":"ListItem","position":3,"name":"Nastri biadesivi","item":"https:\/\/cardinal-tapes.com\/it\/categoria\/nastri-biadesivi\/"},{"@type":"ListItem","position":4,"name":"Nastro biadesivo in tessuto","item":"https:\/\/cardinal-tapes.com\/it\/categoria\/nastro-biadesivo-in-tessuto\/"},{"@type":"ListItem","position":5,"name":"CA-457 PV1 Nastro adesivo in tessuto di cotone, forte (aperto) \/ debole"}]},{"@type":"WebSite","@id":"https:\/\/cardinal-tapes.com\/#website","url":"https:\/\/cardinal-tapes.com\/","name":"cardinal TAPES","description":"Klebetechnik aus Wuppertal","potentialAction":[{"@type":"SearchAction","target":{"@type":"EntryPoint","urlTemplate":"https:\/\/cardinal-tapes.com\/?s={search_term_string}"},"query-input":{"@type":"PropertyValueSpecification","valueRequired":true,"valueName":"search_term_string"}}],"inLanguage":"it-IT"}]}},"brands":[{"id":2174,"name":"cardinal GmbH","slug":"cardinal-gmbh-it"}],"_links":{"self":[{"href":"https:\/\/cardinal-tapes.com\/it\/wp-json\/wp\/v2\/product\/55246","targetHints":{"allow":["GET"]}}],"collection":[{"href":"https:\/\/cardinal-tapes.com\/it\/wp-json\/wp\/v2\/product"}],"about":[{"href":"https:\/\/cardinal-tapes.com\/it\/wp-json\/wp\/v2\/types\/product"}],"wp:featuredmedia":[{"embeddable":true,"href":"https:\/\/cardinal-tapes.com\/it\/wp-json\/wp\/v2\/media\/27137"}],"wp:attachment":[{"href":"https:\/\/cardinal-tapes.com\/it\/wp-json\/wp\/v2\/media?parent=55246"}],"wp:term":[{"taxonomy":"pwb-brand","embeddable":true,"href":"https:\/\/cardinal-tapes.com\/it\/wp-json\/wp\/v2\/pwb-brand?post=55246"},{"taxonomy":"product_brand","embeddable":true,"href":"https:\/\/cardinal-tapes.com\/it\/wp-json\/wp\/v2\/product_brand?post=55246"},{"taxonomy":"product_cat","embeddable":true,"href":"https:\/\/cardinal-tapes.com\/it\/wp-json\/wp\/v2\/product_cat?post=55246"},{"taxonomy":"product_tag","embeddable":true,"href":"https:\/\/cardinal-tapes.com\/it\/wp-json\/wp\/v2\/product_tag?post=55246"}],"curies":[{"name":"wp","href":"https:\/\/api.w.org\/{rel}","templated":true}]}}