{"id":55013,"date":"2017-12-22T16:13:02","date_gmt":"2023-06-05T15:24:00","guid":{"rendered":"https:\/\/cardinal.pixel-tal.de\/klebebaender\/senza-categoria\/nastro-per-filamenti-3m-898\/"},"modified":"2023-06-05T17:24:00","modified_gmt":"2023-06-05T15:24:00","slug":"3m-898-nastro-adesivo-in-filamenti","status":"publish","type":"product","link":"https:\/\/cardinal-tapes.com\/it\/nastri-adesivi\/sistemi-di-imballaggio\/3m-898-nastro-adesivo-in-filamenti\/","title":{"rendered":"Nastro per filamenti 3M\u2122 898"},"content":{"rendered":"<p>Il nastro filiforme 3M\u2122 898 viene utilizzato in molti settori diversi, soprattutto per la sua elevata resistenza allo strappo. Questa resistenza allo strappo deriva dalle fibre di vetro continue presenti nel nastro. 3M 898 \u00e8 stato appositamente formulato per fornire una miscela di adesione a lungo termine ed elevata adesione istantanea.<\/p>\n<p>Siamo spiacenti, questo prodotto non \u00e8 pi\u00f9 disponibile. Saremo lieti di offrirvi un&#8217;alternativa adeguata su <a href=\"https:\/\/cardinal-tapes.com\/ueber-cardinal\/kontakt\/\">richiesta<\/a>.<\/p>\n<p><strong>Propriet\u00e0<\/strong><br \/>\nIl nastro \u00e8 molto facile da usare ed \u00e8 resistente all&#8217;acqua. Inoltre, \u00e8 caratterizzato da un&#8217;elevata forza di taglio e da un&#8217;ottima resistenza all&#8217;invecchiamento.<\/p>\n<p><strong>Applicazioni<\/strong><br \/>\n&#8211; Il 3M\u2122 898 \u00e8 adatto all&#8217;uso su substrati oleosi.<br \/>\n&#8211; Chiusura sicura dei contenitori durante le normali operazioni di magazzino<\/p>\n","protected":false},"excerpt":{"rendered":"<p>Il nastro filiforme 3M\u2122 898 viene utilizzato in molti settori diversi, soprattutto per la sua elevata resistenza allo strappo. Questa resistenza allo strappo deriva dalle fibre di vetro continue presenti nel nastro. 3M 898 \u00e8 stato appositamente formulato per fornire una miscela di adesione a lungo termine ed elevata adesione istantanea. Siamo spiacenti, questo prodotto [&hellip;]<\/p>\n","protected":false},"featured_media":25437,"template":"","meta":{"_acf_changed":false},"pwb-brand":[2166],"product_brand":[],"product_cat":[1863],"product_tag":[],"class_list":{"0":"post-55013","1":"product","2":"type-product","3":"status-publish","4":"has-post-thumbnail","6":"pwb-brand-3m-it","7":"product_cat-sistemi-di-imballaggio","9":"first","10":"instock","11":"taxable","12":"shipping-taxable","13":"purchasable","14":"product-type-variable"},"acf":[],"yoast_head":"<!-- This site is optimized with the Yoast SEO plugin v27.3 - https:\/\/yoast.com\/product\/yoast-seo-wordpress\/ -->\n<title>Il nastro di filamenti 3M 898 resistente allo strappo | Cardinal TAPES<\/title>\n<meta name=\"description\" content=\"Il nastro adesivo 3M 898 viene utilizzato in molti settori diversi, soprattutto per la sua elevata resistenza allo strappo. Per saperne di pi\u00f9.\" \/>\n<meta name=\"robots\" content=\"index, follow, max-snippet:-1, max-image-preview:large, max-video-preview:-1\" \/>\n<link rel=\"canonical\" href=\"https:\/\/cardinal-tapes.com\/it\/nastri-adesivi\/sistemi-di-imballaggio\/3m-898-nastro-adesivo-in-filamenti\/\" \/>\n<meta property=\"og:locale\" content=\"it_IT\" \/>\n<meta property=\"og:type\" content=\"article\" \/>\n<meta property=\"og:title\" content=\"Il nastro di filamenti 3M 898 resistente allo strappo | Cardinal TAPES\" \/>\n<meta property=\"og:description\" content=\"Il nastro adesivo 3M 898 viene utilizzato in molti settori diversi, soprattutto per la sua elevata resistenza allo strappo. Per saperne di pi\u00f9.\" \/>\n<meta property=\"og:url\" content=\"https:\/\/cardinal-tapes.com\/it\/nastri-adesivi\/sistemi-di-imballaggio\/3m-898-nastro-adesivo-in-filamenti\/\" \/>\n<meta property=\"og:site_name\" content=\"cardinal TAPES\" \/>\n<meta property=\"og:image\" content=\"https:\/\/cardinal-tapes.com\/wp-content\/uploads\/3m_filamentklebeband_898.jpg\" \/>\n\t<meta property=\"og:image:width\" content=\"600\" \/>\n\t<meta property=\"og:image:height\" content=\"600\" \/>\n\t<meta property=\"og:image:type\" content=\"image\/jpeg\" \/>\n<meta name=\"twitter:card\" content=\"summary_large_image\" \/>\n<meta name=\"twitter:label1\" content=\"Tempo di lettura stimato\" \/>\n\t<meta name=\"twitter:data1\" content=\"1 minuto\" \/>\n<script type=\"application\/ld+json\" class=\"yoast-schema-graph\">{\"@context\":\"https:\\\/\\\/schema.org\",\"@graph\":[{\"@type\":\"WebPage\",\"@id\":\"https:\\\/\\\/cardinal-tapes.com\\\/it\\\/nastri-adesivi\\\/sistemi-di-imballaggio\\\/3m-898-nastro-adesivo-in-filamenti\\\/\",\"url\":\"https:\\\/\\\/cardinal-tapes.com\\\/it\\\/nastri-adesivi\\\/sistemi-di-imballaggio\\\/3m-898-nastro-adesivo-in-filamenti\\\/\",\"name\":\"Il nastro di filamenti 3M 898 resistente allo strappo | Cardinal TAPES\",\"isPartOf\":{\"@id\":\"https:\\\/\\\/cardinal-tapes.com\\\/#website\"},\"primaryImageOfPage\":{\"@id\":\"https:\\\/\\\/cardinal-tapes.com\\\/it\\\/nastri-adesivi\\\/sistemi-di-imballaggio\\\/3m-898-nastro-adesivo-in-filamenti\\\/#primaryimage\"},\"image\":{\"@id\":\"https:\\\/\\\/cardinal-tapes.com\\\/it\\\/nastri-adesivi\\\/sistemi-di-imballaggio\\\/3m-898-nastro-adesivo-in-filamenti\\\/#primaryimage\"},\"thumbnailUrl\":\"https:\\\/\\\/cardinal-tapes.com\\\/wp-content\\\/uploads\\\/3m_filamentklebeband_898.jpg\",\"datePublished\":\"2023-06-05T15:24:00+00:00\",\"description\":\"Il nastro adesivo 3M 898 viene utilizzato in molti settori diversi, soprattutto per la sua elevata resistenza allo strappo. Per saperne di pi\u00f9.\",\"breadcrumb\":{\"@id\":\"https:\\\/\\\/cardinal-tapes.com\\\/it\\\/nastri-adesivi\\\/sistemi-di-imballaggio\\\/3m-898-nastro-adesivo-in-filamenti\\\/#breadcrumb\"},\"inLanguage\":\"it-IT\",\"potentialAction\":[{\"@type\":\"ReadAction\",\"target\":[\"https:\\\/\\\/cardinal-tapes.com\\\/it\\\/nastri-adesivi\\\/sistemi-di-imballaggio\\\/3m-898-nastro-adesivo-in-filamenti\\\/\"]}]},{\"@type\":\"ImageObject\",\"inLanguage\":\"it-IT\",\"@id\":\"https:\\\/\\\/cardinal-tapes.com\\\/it\\\/nastri-adesivi\\\/sistemi-di-imballaggio\\\/3m-898-nastro-adesivo-in-filamenti\\\/#primaryimage\",\"url\":\"https:\\\/\\\/cardinal-tapes.com\\\/wp-content\\\/uploads\\\/3m_filamentklebeband_898.jpg\",\"contentUrl\":\"https:\\\/\\\/cardinal-tapes.com\\\/wp-content\\\/uploads\\\/3m_filamentklebeband_898.jpg\",\"width\":600,\"height\":600,\"caption\":\"Nastro per filamenti 3M 898\"},{\"@type\":\"BreadcrumbList\",\"@id\":\"https:\\\/\\\/cardinal-tapes.com\\\/it\\\/nastri-adesivi\\\/sistemi-di-imballaggio\\\/3m-898-nastro-adesivo-in-filamenti\\\/#breadcrumb\",\"itemListElement\":[{\"@type\":\"ListItem\",\"position\":1,\"name\":\"Startseite\",\"item\":\"https:\\\/\\\/cardinal-tapes.com\\\/it\\\/casa\\\/\"},{\"@type\":\"ListItem\",\"position\":2,\"name\":\"Nastri adesivi\",\"item\":\"https:\\\/\\\/cardinal-tapes.com\\\/it\\\/nastri-adesivi-it\\\/\"},{\"@type\":\"ListItem\",\"position\":3,\"name\":\"Sistemi di imballaggio\",\"item\":\"https:\\\/\\\/cardinal-tapes.com\\\/it\\\/categoria\\\/sistemi-di-imballaggio\\\/\"},{\"@type\":\"ListItem\",\"position\":4,\"name\":\"Nastro per filamenti 3M\u2122 898\"}]},{\"@type\":\"WebSite\",\"@id\":\"https:\\\/\\\/cardinal-tapes.com\\\/#website\",\"url\":\"https:\\\/\\\/cardinal-tapes.com\\\/\",\"name\":\"cardinal TAPES\",\"description\":\"Klebetechnik aus Wuppertal\",\"potentialAction\":[{\"@type\":\"SearchAction\",\"target\":{\"@type\":\"EntryPoint\",\"urlTemplate\":\"https:\\\/\\\/cardinal-tapes.com\\\/?s={search_term_string}\"},\"query-input\":{\"@type\":\"PropertyValueSpecification\",\"valueRequired\":true,\"valueName\":\"search_term_string\"}}],\"inLanguage\":\"it-IT\"}]}<\/script>\n<!-- \/ Yoast SEO plugin. -->","yoast_head_json":{"title":"Il nastro di filamenti 3M 898 resistente allo strappo | Cardinal TAPES","description":"Il nastro adesivo 3M 898 viene utilizzato in molti settori diversi, soprattutto per la sua elevata resistenza allo strappo. Per saperne di pi\u00f9.","robots":{"index":"index","follow":"follow","max-snippet":"max-snippet:-1","max-image-preview":"max-image-preview:large","max-video-preview":"max-video-preview:-1"},"canonical":"https:\/\/cardinal-tapes.com\/it\/nastri-adesivi\/sistemi-di-imballaggio\/3m-898-nastro-adesivo-in-filamenti\/","og_locale":"it_IT","og_type":"article","og_title":"Il nastro di filamenti 3M 898 resistente allo strappo | Cardinal TAPES","og_description":"Il nastro adesivo 3M 898 viene utilizzato in molti settori diversi, soprattutto per la sua elevata resistenza allo strappo. Per saperne di pi\u00f9.","og_url":"https:\/\/cardinal-tapes.com\/it\/nastri-adesivi\/sistemi-di-imballaggio\/3m-898-nastro-adesivo-in-filamenti\/","og_site_name":"cardinal TAPES","og_image":[{"width":600,"height":600,"url":"https:\/\/cardinal-tapes.com\/wp-content\/uploads\/3m_filamentklebeband_898.jpg","type":"image\/jpeg"}],"twitter_card":"summary_large_image","twitter_misc":{"Tempo di lettura stimato":"1 minuto"},"schema":{"@context":"https:\/\/schema.org","@graph":[{"@type":"WebPage","@id":"https:\/\/cardinal-tapes.com\/it\/nastri-adesivi\/sistemi-di-imballaggio\/3m-898-nastro-adesivo-in-filamenti\/","url":"https:\/\/cardinal-tapes.com\/it\/nastri-adesivi\/sistemi-di-imballaggio\/3m-898-nastro-adesivo-in-filamenti\/","name":"Il nastro di filamenti 3M 898 resistente allo strappo | Cardinal TAPES","isPartOf":{"@id":"https:\/\/cardinal-tapes.com\/#website"},"primaryImageOfPage":{"@id":"https:\/\/cardinal-tapes.com\/it\/nastri-adesivi\/sistemi-di-imballaggio\/3m-898-nastro-adesivo-in-filamenti\/#primaryimage"},"image":{"@id":"https:\/\/cardinal-tapes.com\/it\/nastri-adesivi\/sistemi-di-imballaggio\/3m-898-nastro-adesivo-in-filamenti\/#primaryimage"},"thumbnailUrl":"https:\/\/cardinal-tapes.com\/wp-content\/uploads\/3m_filamentklebeband_898.jpg","datePublished":"2023-06-05T15:24:00+00:00","description":"Il nastro adesivo 3M 898 viene utilizzato in molti settori diversi, soprattutto per la sua elevata resistenza allo strappo. Per saperne di pi\u00f9.","breadcrumb":{"@id":"https:\/\/cardinal-tapes.com\/it\/nastri-adesivi\/sistemi-di-imballaggio\/3m-898-nastro-adesivo-in-filamenti\/#breadcrumb"},"inLanguage":"it-IT","potentialAction":[{"@type":"ReadAction","target":["https:\/\/cardinal-tapes.com\/it\/nastri-adesivi\/sistemi-di-imballaggio\/3m-898-nastro-adesivo-in-filamenti\/"]}]},{"@type":"ImageObject","inLanguage":"it-IT","@id":"https:\/\/cardinal-tapes.com\/it\/nastri-adesivi\/sistemi-di-imballaggio\/3m-898-nastro-adesivo-in-filamenti\/#primaryimage","url":"https:\/\/cardinal-tapes.com\/wp-content\/uploads\/3m_filamentklebeband_898.jpg","contentUrl":"https:\/\/cardinal-tapes.com\/wp-content\/uploads\/3m_filamentklebeband_898.jpg","width":600,"height":600,"caption":"Nastro per filamenti 3M 898"},{"@type":"BreadcrumbList","@id":"https:\/\/cardinal-tapes.com\/it\/nastri-adesivi\/sistemi-di-imballaggio\/3m-898-nastro-adesivo-in-filamenti\/#breadcrumb","itemListElement":[{"@type":"ListItem","position":1,"name":"Startseite","item":"https:\/\/cardinal-tapes.com\/it\/casa\/"},{"@type":"ListItem","position":2,"name":"Nastri adesivi","item":"https:\/\/cardinal-tapes.com\/it\/nastri-adesivi-it\/"},{"@type":"ListItem","position":3,"name":"Sistemi di imballaggio","item":"https:\/\/cardinal-tapes.com\/it\/categoria\/sistemi-di-imballaggio\/"},{"@type":"ListItem","position":4,"name":"Nastro per filamenti 3M\u2122 898"}]},{"@type":"WebSite","@id":"https:\/\/cardinal-tapes.com\/#website","url":"https:\/\/cardinal-tapes.com\/","name":"cardinal TAPES","description":"Klebetechnik aus Wuppertal","potentialAction":[{"@type":"SearchAction","target":{"@type":"EntryPoint","urlTemplate":"https:\/\/cardinal-tapes.com\/?s={search_term_string}"},"query-input":{"@type":"PropertyValueSpecification","valueRequired":true,"valueName":"search_term_string"}}],"inLanguage":"it-IT"}]}},"brands":[{"id":2166,"name":"3M","slug":"3m-it"}],"_links":{"self":[{"href":"https:\/\/cardinal-tapes.com\/it\/wp-json\/wp\/v2\/product\/55013","targetHints":{"allow":["GET"]}}],"collection":[{"href":"https:\/\/cardinal-tapes.com\/it\/wp-json\/wp\/v2\/product"}],"about":[{"href":"https:\/\/cardinal-tapes.com\/it\/wp-json\/wp\/v2\/types\/product"}],"wp:featuredmedia":[{"embeddable":true,"href":"https:\/\/cardinal-tapes.com\/it\/wp-json\/wp\/v2\/media\/25437"}],"wp:attachment":[{"href":"https:\/\/cardinal-tapes.com\/it\/wp-json\/wp\/v2\/media?parent=55013"}],"wp:term":[{"taxonomy":"pwb-brand","embeddable":true,"href":"https:\/\/cardinal-tapes.com\/it\/wp-json\/wp\/v2\/pwb-brand?post=55013"},{"taxonomy":"product_brand","embeddable":true,"href":"https:\/\/cardinal-tapes.com\/it\/wp-json\/wp\/v2\/product_brand?post=55013"},{"taxonomy":"product_cat","embeddable":true,"href":"https:\/\/cardinal-tapes.com\/it\/wp-json\/wp\/v2\/product_cat?post=55013"},{"taxonomy":"product_tag","embeddable":true,"href":"https:\/\/cardinal-tapes.com\/it\/wp-json\/wp\/v2\/product_tag?post=55013"}],"curies":[{"name":"wp","href":"https:\/\/api.w.org\/{rel}","templated":true}]}}