{"id":55010,"date":"2017-12-22T16:05:42","date_gmt":"2023-06-05T15:24:00","guid":{"rendered":"https:\/\/cardinal.pixel-tal.de\/klebebaender\/senza-categoria\/3m-30-adesivo-di-contatto-a-base-di-policloroprene\/"},"modified":"2023-06-05T17:24:00","modified_gmt":"2023-06-05T15:24:00","slug":"3m-30-adesivo-a-contatto-a-base-di-policloroprene","status":"publish","type":"product","link":"https:\/\/cardinal-tapes.com\/it\/nastri-adesivi\/adesivi-liquidi\/adesivi\/3m-30-adesivo-a-contatto-a-base-di-policloroprene\/","title":{"rendered":"3M\u2122 30 Adesivo di contatto a base di policloroprene"},"content":{"rendered":"<p>L&#8217;adesivo a contatto 3M\u2122 30 a base di policloroprene \u00e8 adatto per incollare cartone, sughero, cemento, vetro e molti altri materiali. Le propriet\u00e0 speciali dell&#8217;adesivo sono l&#8217;elevata flessibilit\u00e0, l&#8217;alta resistenza all&#8217;acqua, alla luce e alla temperatura e l&#8217;altissima adesione istantanea. Ci\u00f2 significa che \u00e8 possibile utilizzare l&#8217;adesivo a contatto 3M\u2122 30 per un&#8217;ampia gamma di applicazioni.<\/p>\n","protected":false},"excerpt":{"rendered":"<p>L&#8217;adesivo a contatto 3M\u2122 30 a base di policloroprene \u00e8 adatto per incollare cartone, sughero, cemento, vetro e molti altri materiali. Le propriet\u00e0 speciali dell&#8217;adesivo sono l&#8217;elevata flessibilit\u00e0, l&#8217;alta resistenza all&#8217;acqua, alla luce e alla temperatura e l&#8217;altissima adesione istantanea. Ci\u00f2 significa che \u00e8 possibile utilizzare l&#8217;adesivo a contatto 3M\u2122 30 per un&#8217;ampia gamma di [&hellip;]<\/p>\n","protected":false},"featured_media":25465,"template":"","meta":{"_acf_changed":false},"pwb-brand":[2166],"product_brand":[],"product_cat":[1861],"product_tag":[],"class_list":{"0":"post-55010","1":"product","2":"type-product","3":"status-publish","4":"has-post-thumbnail","6":"pwb-brand-3m-it","7":"product_cat-adesivi","9":"first","10":"instock","11":"taxable","12":"shipping-taxable","13":"purchasable","14":"product-type-simple"},"acf":[],"yoast_head":"<!-- This site is optimized with the Yoast SEO plugin v27.3 - https:\/\/yoast.com\/product\/yoast-seo-wordpress\/ -->\n<title>3M 30 Adesivo a contatto a base di policloroprene | Cardinal TAPES<\/title>\n<meta name=\"description\" content=\"L&#039;adesivo a contatto 3M 30 a base di policloroprene \u00e8 adatto per incollare cartone, sughero, cemento, vetro e molti altri materiali. Per saperne di pi\u00f9.\" \/>\n<meta name=\"robots\" content=\"index, follow, max-snippet:-1, max-image-preview:large, max-video-preview:-1\" \/>\n<link rel=\"canonical\" href=\"https:\/\/cardinal-tapes.com\/it\/nastri-adesivi\/adesivi\/3m-30-adesivo-a-contatto-a-base-di-policloroprene\/\" \/>\n<meta property=\"og:locale\" content=\"it_IT\" \/>\n<meta property=\"og:type\" content=\"article\" \/>\n<meta property=\"og:title\" content=\"3M 30 Adesivo a contatto a base di policloroprene | Cardinal TAPES\" \/>\n<meta property=\"og:description\" content=\"L&#039;adesivo a contatto 3M 30 a base di policloroprene \u00e8 adatto per incollare cartone, sughero, cemento, vetro e molti altri materiali. Per saperne di pi\u00f9.\" \/>\n<meta property=\"og:url\" content=\"https:\/\/cardinal-tapes.com\/it\/nastri-adesivi\/adesivi\/3m-30-adesivo-a-contatto-a-base-di-policloroprene\/\" \/>\n<meta property=\"og:site_name\" content=\"cardinal TAPES\" \/>\n<meta property=\"og:image\" content=\"https:\/\/cardinal-tapes.com\/wp-content\/uploads\/3m_kontakt-klebstoff_30.jpg\" \/>\n\t<meta property=\"og:image:width\" content=\"600\" \/>\n\t<meta property=\"og:image:height\" content=\"600\" \/>\n\t<meta property=\"og:image:type\" content=\"image\/jpeg\" \/>\n<meta name=\"twitter:card\" content=\"summary_large_image\" \/>\n<script type=\"application\/ld+json\" class=\"yoast-schema-graph\">{\"@context\":\"https:\\\/\\\/schema.org\",\"@graph\":[{\"@type\":\"WebPage\",\"@id\":\"https:\\\/\\\/cardinal-tapes.com\\\/it\\\/nastri-adesivi\\\/adesivi\\\/3m-30-adesivo-a-contatto-a-base-di-policloroprene\\\/\",\"url\":\"https:\\\/\\\/cardinal-tapes.com\\\/it\\\/nastri-adesivi\\\/adesivi\\\/3m-30-adesivo-a-contatto-a-base-di-policloroprene\\\/\",\"name\":\"3M 30 Adesivo a contatto a base di policloroprene | Cardinal TAPES\",\"isPartOf\":{\"@id\":\"https:\\\/\\\/cardinal-tapes.com\\\/#website\"},\"primaryImageOfPage\":{\"@id\":\"https:\\\/\\\/cardinal-tapes.com\\\/it\\\/nastri-adesivi\\\/adesivi\\\/3m-30-adesivo-a-contatto-a-base-di-policloroprene\\\/#primaryimage\"},\"image\":{\"@id\":\"https:\\\/\\\/cardinal-tapes.com\\\/it\\\/nastri-adesivi\\\/adesivi\\\/3m-30-adesivo-a-contatto-a-base-di-policloroprene\\\/#primaryimage\"},\"thumbnailUrl\":\"https:\\\/\\\/cardinal-tapes.com\\\/wp-content\\\/uploads\\\/3m_kontakt-klebstoff_30.jpg\",\"datePublished\":\"2023-06-05T15:24:00+00:00\",\"description\":\"L'adesivo a contatto 3M 30 a base di policloroprene \u00e8 adatto per incollare cartone, sughero, cemento, vetro e molti altri materiali. Per saperne di pi\u00f9.\",\"breadcrumb\":{\"@id\":\"https:\\\/\\\/cardinal-tapes.com\\\/it\\\/nastri-adesivi\\\/adesivi\\\/3m-30-adesivo-a-contatto-a-base-di-policloroprene\\\/#breadcrumb\"},\"inLanguage\":\"it-IT\",\"potentialAction\":[{\"@type\":\"ReadAction\",\"target\":[\"https:\\\/\\\/cardinal-tapes.com\\\/it\\\/nastri-adesivi\\\/adesivi\\\/3m-30-adesivo-a-contatto-a-base-di-policloroprene\\\/\"]}]},{\"@type\":\"ImageObject\",\"inLanguage\":\"it-IT\",\"@id\":\"https:\\\/\\\/cardinal-tapes.com\\\/it\\\/nastri-adesivi\\\/adesivi\\\/3m-30-adesivo-a-contatto-a-base-di-policloroprene\\\/#primaryimage\",\"url\":\"https:\\\/\\\/cardinal-tapes.com\\\/wp-content\\\/uploads\\\/3m_kontakt-klebstoff_30.jpg\",\"contentUrl\":\"https:\\\/\\\/cardinal-tapes.com\\\/wp-content\\\/uploads\\\/3m_kontakt-klebstoff_30.jpg\",\"width\":600,\"height\":600,\"caption\":\"Adesivo a contatto 3M 30\"},{\"@type\":\"BreadcrumbList\",\"@id\":\"https:\\\/\\\/cardinal-tapes.com\\\/it\\\/nastri-adesivi\\\/adesivi\\\/3m-30-adesivo-a-contatto-a-base-di-policloroprene\\\/#breadcrumb\",\"itemListElement\":[{\"@type\":\"ListItem\",\"position\":1,\"name\":\"Startseite\",\"item\":\"https:\\\/\\\/cardinal-tapes.com\\\/it\\\/casa\\\/\"},{\"@type\":\"ListItem\",\"position\":2,\"name\":\"Nastri adesivi\",\"item\":\"https:\\\/\\\/cardinal-tapes.com\\\/it\\\/nastri-adesivi-it\\\/\"},{\"@type\":\"ListItem\",\"position\":3,\"name\":\"Adesivi\",\"item\":\"https:\\\/\\\/cardinal-tapes.com\\\/it\\\/categoria\\\/adesivi\\\/\"},{\"@type\":\"ListItem\",\"position\":4,\"name\":\"3M\u2122 30 Adesivo di contatto a base di policloroprene\"}]},{\"@type\":\"WebSite\",\"@id\":\"https:\\\/\\\/cardinal-tapes.com\\\/#website\",\"url\":\"https:\\\/\\\/cardinal-tapes.com\\\/\",\"name\":\"cardinal TAPES\",\"description\":\"Klebetechnik aus Wuppertal\",\"potentialAction\":[{\"@type\":\"SearchAction\",\"target\":{\"@type\":\"EntryPoint\",\"urlTemplate\":\"https:\\\/\\\/cardinal-tapes.com\\\/?s={search_term_string}\"},\"query-input\":{\"@type\":\"PropertyValueSpecification\",\"valueRequired\":true,\"valueName\":\"search_term_string\"}}],\"inLanguage\":\"it-IT\"}]}<\/script>\n<!-- \/ Yoast SEO plugin. -->","yoast_head_json":{"title":"3M 30 Adesivo a contatto a base di policloroprene | Cardinal TAPES","description":"L'adesivo a contatto 3M 30 a base di policloroprene \u00e8 adatto per incollare cartone, sughero, cemento, vetro e molti altri materiali. Per saperne di pi\u00f9.","robots":{"index":"index","follow":"follow","max-snippet":"max-snippet:-1","max-image-preview":"max-image-preview:large","max-video-preview":"max-video-preview:-1"},"canonical":"https:\/\/cardinal-tapes.com\/it\/nastri-adesivi\/adesivi\/3m-30-adesivo-a-contatto-a-base-di-policloroprene\/","og_locale":"it_IT","og_type":"article","og_title":"3M 30 Adesivo a contatto a base di policloroprene | Cardinal TAPES","og_description":"L'adesivo a contatto 3M 30 a base di policloroprene \u00e8 adatto per incollare cartone, sughero, cemento, vetro e molti altri materiali. Per saperne di pi\u00f9.","og_url":"https:\/\/cardinal-tapes.com\/it\/nastri-adesivi\/adesivi\/3m-30-adesivo-a-contatto-a-base-di-policloroprene\/","og_site_name":"cardinal TAPES","og_image":[{"width":600,"height":600,"url":"https:\/\/cardinal-tapes.com\/wp-content\/uploads\/3m_kontakt-klebstoff_30.jpg","type":"image\/jpeg"}],"twitter_card":"summary_large_image","schema":{"@context":"https:\/\/schema.org","@graph":[{"@type":"WebPage","@id":"https:\/\/cardinal-tapes.com\/it\/nastri-adesivi\/adesivi\/3m-30-adesivo-a-contatto-a-base-di-policloroprene\/","url":"https:\/\/cardinal-tapes.com\/it\/nastri-adesivi\/adesivi\/3m-30-adesivo-a-contatto-a-base-di-policloroprene\/","name":"3M 30 Adesivo a contatto a base di policloroprene | Cardinal TAPES","isPartOf":{"@id":"https:\/\/cardinal-tapes.com\/#website"},"primaryImageOfPage":{"@id":"https:\/\/cardinal-tapes.com\/it\/nastri-adesivi\/adesivi\/3m-30-adesivo-a-contatto-a-base-di-policloroprene\/#primaryimage"},"image":{"@id":"https:\/\/cardinal-tapes.com\/it\/nastri-adesivi\/adesivi\/3m-30-adesivo-a-contatto-a-base-di-policloroprene\/#primaryimage"},"thumbnailUrl":"https:\/\/cardinal-tapes.com\/wp-content\/uploads\/3m_kontakt-klebstoff_30.jpg","datePublished":"2023-06-05T15:24:00+00:00","description":"L'adesivo a contatto 3M 30 a base di policloroprene \u00e8 adatto per incollare cartone, sughero, cemento, vetro e molti altri materiali. Per saperne di pi\u00f9.","breadcrumb":{"@id":"https:\/\/cardinal-tapes.com\/it\/nastri-adesivi\/adesivi\/3m-30-adesivo-a-contatto-a-base-di-policloroprene\/#breadcrumb"},"inLanguage":"it-IT","potentialAction":[{"@type":"ReadAction","target":["https:\/\/cardinal-tapes.com\/it\/nastri-adesivi\/adesivi\/3m-30-adesivo-a-contatto-a-base-di-policloroprene\/"]}]},{"@type":"ImageObject","inLanguage":"it-IT","@id":"https:\/\/cardinal-tapes.com\/it\/nastri-adesivi\/adesivi\/3m-30-adesivo-a-contatto-a-base-di-policloroprene\/#primaryimage","url":"https:\/\/cardinal-tapes.com\/wp-content\/uploads\/3m_kontakt-klebstoff_30.jpg","contentUrl":"https:\/\/cardinal-tapes.com\/wp-content\/uploads\/3m_kontakt-klebstoff_30.jpg","width":600,"height":600,"caption":"Adesivo a contatto 3M 30"},{"@type":"BreadcrumbList","@id":"https:\/\/cardinal-tapes.com\/it\/nastri-adesivi\/adesivi\/3m-30-adesivo-a-contatto-a-base-di-policloroprene\/#breadcrumb","itemListElement":[{"@type":"ListItem","position":1,"name":"Startseite","item":"https:\/\/cardinal-tapes.com\/it\/casa\/"},{"@type":"ListItem","position":2,"name":"Nastri adesivi","item":"https:\/\/cardinal-tapes.com\/it\/nastri-adesivi-it\/"},{"@type":"ListItem","position":3,"name":"Adesivi","item":"https:\/\/cardinal-tapes.com\/it\/categoria\/adesivi\/"},{"@type":"ListItem","position":4,"name":"3M\u2122 30 Adesivo di contatto a base di policloroprene"}]},{"@type":"WebSite","@id":"https:\/\/cardinal-tapes.com\/#website","url":"https:\/\/cardinal-tapes.com\/","name":"cardinal TAPES","description":"Klebetechnik aus Wuppertal","potentialAction":[{"@type":"SearchAction","target":{"@type":"EntryPoint","urlTemplate":"https:\/\/cardinal-tapes.com\/?s={search_term_string}"},"query-input":{"@type":"PropertyValueSpecification","valueRequired":true,"valueName":"search_term_string"}}],"inLanguage":"it-IT"}]}},"brands":[{"id":2166,"name":"3M","slug":"3m-it"}],"_links":{"self":[{"href":"https:\/\/cardinal-tapes.com\/it\/wp-json\/wp\/v2\/product\/55010","targetHints":{"allow":["GET"]}}],"collection":[{"href":"https:\/\/cardinal-tapes.com\/it\/wp-json\/wp\/v2\/product"}],"about":[{"href":"https:\/\/cardinal-tapes.com\/it\/wp-json\/wp\/v2\/types\/product"}],"wp:featuredmedia":[{"embeddable":true,"href":"https:\/\/cardinal-tapes.com\/it\/wp-json\/wp\/v2\/media\/25465"}],"wp:attachment":[{"href":"https:\/\/cardinal-tapes.com\/it\/wp-json\/wp\/v2\/media?parent=55010"}],"wp:term":[{"taxonomy":"pwb-brand","embeddable":true,"href":"https:\/\/cardinal-tapes.com\/it\/wp-json\/wp\/v2\/pwb-brand?post=55010"},{"taxonomy":"product_brand","embeddable":true,"href":"https:\/\/cardinal-tapes.com\/it\/wp-json\/wp\/v2\/product_brand?post=55010"},{"taxonomy":"product_cat","embeddable":true,"href":"https:\/\/cardinal-tapes.com\/it\/wp-json\/wp\/v2\/product_cat?post=55010"},{"taxonomy":"product_tag","embeddable":true,"href":"https:\/\/cardinal-tapes.com\/it\/wp-json\/wp\/v2\/product_tag?post=55010"}],"curies":[{"name":"wp","href":"https:\/\/api.w.org\/{rel}","templated":true}]}}