{"id":54947,"date":"2017-12-22T16:32:53","date_gmt":"2017-12-22T15:32:53","guid":{"rendered":"https:\/\/cardinal.pixel-tal.de\/klebebaender\/senza-categoria\/3m-nastro-per-sacchetti-8242\/"},"modified":"2024-03-15T12:27:33","modified_gmt":"2024-03-15T11:27:33","slug":"3m-8242-tappo-tappetino-protezione-documenti","status":"publish","type":"product","link":"https:\/\/cardinal-tapes.com\/it\/nastri-adesivi\/nastri-monoadesivi\/3m-8242-tappo-tappetino-protezione-documenti\/","title":{"rendered":"3M\u2122 Nastro per sacchetti 8242"},"content":{"rendered":"<p>Il nastro 3M\u2122 8242 pu\u00f2 ridurre il rischio di errori nell&#8217;area del trasporto e aumentare la produttivit\u00e0 grazie alle sue speciali propriet\u00e0. Il nastro adesivo \u00e8 caratterizzato in particolare da una buona adesione a diverse superfici. Inoltre, il supporto \u00e8 molto resistente all&#8217;abrasione, per cui i colli possono essere protetti molto bene da eventuali danni durante il trasporto.<\/p>\n<div class=\"content--title\"><strong>Propriet\u00e0<\/strong><br \/>\n&#8211; Ottima adesione a molte superfici diverse<br \/>\n&#8211; Elaborabile con il dispensatore di protezione per documenti M777<\/div>\n<div><\/div>\n<div class=\"content--title\"><strong>Applicazioni<\/strong><\/div>\n<div>&#8211; Per contenere documenti di spedizione in formato DIN A6<\/div>\n","protected":false},"excerpt":{"rendered":"<p>Il nastro 3M\u2122 8242 pu\u00f2 ridurre il rischio di errori nell&#8217;area del trasporto e aumentare la produttivit\u00e0 grazie alle sue speciali propriet\u00e0. Il nastro adesivo \u00e8 caratterizzato in particolare da una buona adesione a diverse superfici. Inoltre, il supporto \u00e8 molto resistente all&#8217;abrasione, per cui i colli possono essere protetti molto bene da eventuali danni [&hellip;]<\/p>\n","protected":false},"featured_media":25397,"template":"","meta":{"_acf_changed":false},"pwb-brand":[2166],"product_brand":[],"product_cat":[1862,1826],"product_tag":[],"class_list":{"0":"post-54947","1":"product","2":"type-product","3":"status-publish","4":"has-post-thumbnail","6":"pwb-brand-3m-it","7":"product_cat-senza-categoria","8":"product_cat-nastri-monoadesivi","10":"first","11":"instock","12":"taxable","13":"shipping-taxable","14":"purchasable","15":"product-type-simple"},"acf":[],"yoast_head":"<!-- This site is optimized with the Yoast SEO plugin v27.3 - https:\/\/yoast.com\/product\/yoast-seo-wordpress\/ -->\n<title>3M 8242 Nastro a sacchetto per la protezione dei documenti | Cardinal TAPES<\/title>\n<meta name=\"description\" content=\"Il nastro 3M 8242 pu\u00f2 ridurre il rischio di errori nell&#039;area del trasporto e aumentare la produttivit\u00e0 grazie alle sue speciali propriet\u00e0. Per saperne di pi\u00f9.\" \/>\n<meta name=\"robots\" content=\"index, follow, max-snippet:-1, max-image-preview:large, max-video-preview:-1\" \/>\n<link rel=\"canonical\" href=\"https:\/\/cardinal-tapes.com\/it\/nastri-adesivi\/nastri-monoadesivi\/3m-8242-tappo-tappetino-protezione-documenti\/\" \/>\n<meta property=\"og:locale\" content=\"it_IT\" \/>\n<meta property=\"og:type\" content=\"article\" \/>\n<meta property=\"og:title\" content=\"3M 8242 Nastro a sacchetto per la protezione dei documenti | Cardinal TAPES\" \/>\n<meta property=\"og:description\" content=\"Il nastro 3M 8242 pu\u00f2 ridurre il rischio di errori nell&#039;area del trasporto e aumentare la produttivit\u00e0 grazie alle sue speciali propriet\u00e0. Per saperne di pi\u00f9.\" \/>\n<meta property=\"og:url\" content=\"https:\/\/cardinal-tapes.com\/it\/nastri-adesivi\/nastri-monoadesivi\/3m-8242-tappo-tappetino-protezione-documenti\/\" \/>\n<meta property=\"og:site_name\" content=\"cardinal TAPES\" \/>\n<meta property=\"article:modified_time\" content=\"2024-03-15T11:27:33+00:00\" \/>\n<meta property=\"og:image\" content=\"https:\/\/cardinal-tapes.com\/wp-content\/uploads\/3m_dokumentenschutz_8242.jpg\" \/>\n\t<meta property=\"og:image:width\" content=\"600\" \/>\n\t<meta property=\"og:image:height\" content=\"600\" \/>\n\t<meta property=\"og:image:type\" content=\"image\/jpeg\" \/>\n<meta name=\"twitter:card\" content=\"summary_large_image\" \/>\n<script type=\"application\/ld+json\" class=\"yoast-schema-graph\">{\"@context\":\"https:\\\/\\\/schema.org\",\"@graph\":[{\"@type\":\"WebPage\",\"@id\":\"https:\\\/\\\/cardinal-tapes.com\\\/it\\\/nastri-adesivi\\\/nastri-monoadesivi\\\/3m-8242-tappo-tappetino-protezione-documenti\\\/\",\"url\":\"https:\\\/\\\/cardinal-tapes.com\\\/it\\\/nastri-adesivi\\\/nastri-monoadesivi\\\/3m-8242-tappo-tappetino-protezione-documenti\\\/\",\"name\":\"3M 8242 Nastro a sacchetto per la protezione dei documenti | Cardinal TAPES\",\"isPartOf\":{\"@id\":\"https:\\\/\\\/cardinal-tapes.com\\\/#website\"},\"primaryImageOfPage\":{\"@id\":\"https:\\\/\\\/cardinal-tapes.com\\\/it\\\/nastri-adesivi\\\/nastri-monoadesivi\\\/3m-8242-tappo-tappetino-protezione-documenti\\\/#primaryimage\"},\"image\":{\"@id\":\"https:\\\/\\\/cardinal-tapes.com\\\/it\\\/nastri-adesivi\\\/nastri-monoadesivi\\\/3m-8242-tappo-tappetino-protezione-documenti\\\/#primaryimage\"},\"thumbnailUrl\":\"https:\\\/\\\/cardinal-tapes.com\\\/wp-content\\\/uploads\\\/3m_dokumentenschutz_8242.jpg\",\"datePublished\":\"2017-12-22T15:32:53+00:00\",\"dateModified\":\"2024-03-15T11:27:33+00:00\",\"description\":\"Il nastro 3M 8242 pu\u00f2 ridurre il rischio di errori nell'area del trasporto e aumentare la produttivit\u00e0 grazie alle sue speciali propriet\u00e0. Per saperne di pi\u00f9.\",\"breadcrumb\":{\"@id\":\"https:\\\/\\\/cardinal-tapes.com\\\/it\\\/nastri-adesivi\\\/nastri-monoadesivi\\\/3m-8242-tappo-tappetino-protezione-documenti\\\/#breadcrumb\"},\"inLanguage\":\"it-IT\",\"potentialAction\":[{\"@type\":\"ReadAction\",\"target\":[\"https:\\\/\\\/cardinal-tapes.com\\\/it\\\/nastri-adesivi\\\/nastri-monoadesivi\\\/3m-8242-tappo-tappetino-protezione-documenti\\\/\"]}]},{\"@type\":\"ImageObject\",\"inLanguage\":\"it-IT\",\"@id\":\"https:\\\/\\\/cardinal-tapes.com\\\/it\\\/nastri-adesivi\\\/nastri-monoadesivi\\\/3m-8242-tappo-tappetino-protezione-documenti\\\/#primaryimage\",\"url\":\"https:\\\/\\\/cardinal-tapes.com\\\/wp-content\\\/uploads\\\/3m_dokumentenschutz_8242.jpg\",\"contentUrl\":\"https:\\\/\\\/cardinal-tapes.com\\\/wp-content\\\/uploads\\\/3m_dokumentenschutz_8242.jpg\",\"width\":600,\"height\":600,\"caption\":\"Nastro adesivo 3M per la protezione dei documenti 8242\"},{\"@type\":\"BreadcrumbList\",\"@id\":\"https:\\\/\\\/cardinal-tapes.com\\\/it\\\/nastri-adesivi\\\/nastri-monoadesivi\\\/3m-8242-tappo-tappetino-protezione-documenti\\\/#breadcrumb\",\"itemListElement\":[{\"@type\":\"ListItem\",\"position\":1,\"name\":\"Startseite\",\"item\":\"https:\\\/\\\/cardinal-tapes.com\\\/it\\\/casa\\\/\"},{\"@type\":\"ListItem\",\"position\":2,\"name\":\"Nastri adesivi\",\"item\":\"https:\\\/\\\/cardinal-tapes.com\\\/it\\\/nastri-adesivi-it\\\/\"},{\"@type\":\"ListItem\",\"position\":3,\"name\":\"Nastri monoadesivi\",\"item\":\"https:\\\/\\\/cardinal-tapes.com\\\/it\\\/categoria\\\/nastri-monoadesivi\\\/\"},{\"@type\":\"ListItem\",\"position\":4,\"name\":\"3M\u2122 Nastro per sacchetti 8242\"}]},{\"@type\":\"WebSite\",\"@id\":\"https:\\\/\\\/cardinal-tapes.com\\\/#website\",\"url\":\"https:\\\/\\\/cardinal-tapes.com\\\/\",\"name\":\"cardinal TAPES\",\"description\":\"Klebetechnik aus Wuppertal\",\"potentialAction\":[{\"@type\":\"SearchAction\",\"target\":{\"@type\":\"EntryPoint\",\"urlTemplate\":\"https:\\\/\\\/cardinal-tapes.com\\\/?s={search_term_string}\"},\"query-input\":{\"@type\":\"PropertyValueSpecification\",\"valueRequired\":true,\"valueName\":\"search_term_string\"}}],\"inLanguage\":\"it-IT\"}]}<\/script>\n<!-- \/ Yoast SEO plugin. -->","yoast_head_json":{"title":"3M 8242 Nastro a sacchetto per la protezione dei documenti | Cardinal TAPES","description":"Il nastro 3M 8242 pu\u00f2 ridurre il rischio di errori nell'area del trasporto e aumentare la produttivit\u00e0 grazie alle sue speciali propriet\u00e0. Per saperne di pi\u00f9.","robots":{"index":"index","follow":"follow","max-snippet":"max-snippet:-1","max-image-preview":"max-image-preview:large","max-video-preview":"max-video-preview:-1"},"canonical":"https:\/\/cardinal-tapes.com\/it\/nastri-adesivi\/nastri-monoadesivi\/3m-8242-tappo-tappetino-protezione-documenti\/","og_locale":"it_IT","og_type":"article","og_title":"3M 8242 Nastro a sacchetto per la protezione dei documenti | Cardinal TAPES","og_description":"Il nastro 3M 8242 pu\u00f2 ridurre il rischio di errori nell'area del trasporto e aumentare la produttivit\u00e0 grazie alle sue speciali propriet\u00e0. Per saperne di pi\u00f9.","og_url":"https:\/\/cardinal-tapes.com\/it\/nastri-adesivi\/nastri-monoadesivi\/3m-8242-tappo-tappetino-protezione-documenti\/","og_site_name":"cardinal TAPES","article_modified_time":"2024-03-15T11:27:33+00:00","og_image":[{"width":600,"height":600,"url":"https:\/\/cardinal-tapes.com\/wp-content\/uploads\/3m_dokumentenschutz_8242.jpg","type":"image\/jpeg"}],"twitter_card":"summary_large_image","schema":{"@context":"https:\/\/schema.org","@graph":[{"@type":"WebPage","@id":"https:\/\/cardinal-tapes.com\/it\/nastri-adesivi\/nastri-monoadesivi\/3m-8242-tappo-tappetino-protezione-documenti\/","url":"https:\/\/cardinal-tapes.com\/it\/nastri-adesivi\/nastri-monoadesivi\/3m-8242-tappo-tappetino-protezione-documenti\/","name":"3M 8242 Nastro a sacchetto per la protezione dei documenti | Cardinal TAPES","isPartOf":{"@id":"https:\/\/cardinal-tapes.com\/#website"},"primaryImageOfPage":{"@id":"https:\/\/cardinal-tapes.com\/it\/nastri-adesivi\/nastri-monoadesivi\/3m-8242-tappo-tappetino-protezione-documenti\/#primaryimage"},"image":{"@id":"https:\/\/cardinal-tapes.com\/it\/nastri-adesivi\/nastri-monoadesivi\/3m-8242-tappo-tappetino-protezione-documenti\/#primaryimage"},"thumbnailUrl":"https:\/\/cardinal-tapes.com\/wp-content\/uploads\/3m_dokumentenschutz_8242.jpg","datePublished":"2017-12-22T15:32:53+00:00","dateModified":"2024-03-15T11:27:33+00:00","description":"Il nastro 3M 8242 pu\u00f2 ridurre il rischio di errori nell'area del trasporto e aumentare la produttivit\u00e0 grazie alle sue speciali propriet\u00e0. Per saperne di pi\u00f9.","breadcrumb":{"@id":"https:\/\/cardinal-tapes.com\/it\/nastri-adesivi\/nastri-monoadesivi\/3m-8242-tappo-tappetino-protezione-documenti\/#breadcrumb"},"inLanguage":"it-IT","potentialAction":[{"@type":"ReadAction","target":["https:\/\/cardinal-tapes.com\/it\/nastri-adesivi\/nastri-monoadesivi\/3m-8242-tappo-tappetino-protezione-documenti\/"]}]},{"@type":"ImageObject","inLanguage":"it-IT","@id":"https:\/\/cardinal-tapes.com\/it\/nastri-adesivi\/nastri-monoadesivi\/3m-8242-tappo-tappetino-protezione-documenti\/#primaryimage","url":"https:\/\/cardinal-tapes.com\/wp-content\/uploads\/3m_dokumentenschutz_8242.jpg","contentUrl":"https:\/\/cardinal-tapes.com\/wp-content\/uploads\/3m_dokumentenschutz_8242.jpg","width":600,"height":600,"caption":"Nastro adesivo 3M per la protezione dei documenti 8242"},{"@type":"BreadcrumbList","@id":"https:\/\/cardinal-tapes.com\/it\/nastri-adesivi\/nastri-monoadesivi\/3m-8242-tappo-tappetino-protezione-documenti\/#breadcrumb","itemListElement":[{"@type":"ListItem","position":1,"name":"Startseite","item":"https:\/\/cardinal-tapes.com\/it\/casa\/"},{"@type":"ListItem","position":2,"name":"Nastri adesivi","item":"https:\/\/cardinal-tapes.com\/it\/nastri-adesivi-it\/"},{"@type":"ListItem","position":3,"name":"Nastri monoadesivi","item":"https:\/\/cardinal-tapes.com\/it\/categoria\/nastri-monoadesivi\/"},{"@type":"ListItem","position":4,"name":"3M\u2122 Nastro per sacchetti 8242"}]},{"@type":"WebSite","@id":"https:\/\/cardinal-tapes.com\/#website","url":"https:\/\/cardinal-tapes.com\/","name":"cardinal TAPES","description":"Klebetechnik aus Wuppertal","potentialAction":[{"@type":"SearchAction","target":{"@type":"EntryPoint","urlTemplate":"https:\/\/cardinal-tapes.com\/?s={search_term_string}"},"query-input":{"@type":"PropertyValueSpecification","valueRequired":true,"valueName":"search_term_string"}}],"inLanguage":"it-IT"}]}},"brands":[{"id":2166,"name":"3M","slug":"3m-it"}],"_links":{"self":[{"href":"https:\/\/cardinal-tapes.com\/it\/wp-json\/wp\/v2\/product\/54947","targetHints":{"allow":["GET"]}}],"collection":[{"href":"https:\/\/cardinal-tapes.com\/it\/wp-json\/wp\/v2\/product"}],"about":[{"href":"https:\/\/cardinal-tapes.com\/it\/wp-json\/wp\/v2\/types\/product"}],"wp:featuredmedia":[{"embeddable":true,"href":"https:\/\/cardinal-tapes.com\/it\/wp-json\/wp\/v2\/media\/25397"}],"wp:attachment":[{"href":"https:\/\/cardinal-tapes.com\/it\/wp-json\/wp\/v2\/media?parent=54947"}],"wp:term":[{"taxonomy":"pwb-brand","embeddable":true,"href":"https:\/\/cardinal-tapes.com\/it\/wp-json\/wp\/v2\/pwb-brand?post=54947"},{"taxonomy":"product_brand","embeddable":true,"href":"https:\/\/cardinal-tapes.com\/it\/wp-json\/wp\/v2\/product_brand?post=54947"},{"taxonomy":"product_cat","embeddable":true,"href":"https:\/\/cardinal-tapes.com\/it\/wp-json\/wp\/v2\/product_cat?post=54947"},{"taxonomy":"product_tag","embeddable":true,"href":"https:\/\/cardinal-tapes.com\/it\/wp-json\/wp\/v2\/product_tag?post=54947"}],"curies":[{"name":"wp","href":"https:\/\/api.w.org\/{rel}","templated":true}]}}