{"id":54898,"date":"2018-02-06T12:15:27","date_gmt":"2023-06-05T15:23:52","guid":{"rendered":"https:\/\/cardinal.pixel-tal.de\/klebebaender\/senza-categoria\/tesa-4610-nastro-adesivo-basic\/"},"modified":"2023-06-05T17:23:52","modified_gmt":"2023-06-05T15:23:52","slug":"tesa-4610-condotto-tabe","status":"publish","type":"product","link":"https:\/\/cardinal-tapes.com\/it\/nastri-adesivi\/aree-di-applicazione\/nastro-adesivo-per-tessuti\/tesa-4610-condotto-tabe\/","title":{"rendered":"tesa\u00ae 4610 Nastro adesivo Basic"},"content":{"rendered":"<p><sup>tesa\u00ae<\/sup> 4610 Basic duct tape \u00e8 un semplice nastro in tessuto con buone propriet\u00e0 adesive. Il nastro ha un supporto in PE rinforzato con tessuto PET a 18 maglie. La gomma sintetica come massa adesiva conferisce al nastro una buona adesivit\u00e0 iniziale. Il nastro adesivo di base raggiunge buone propriet\u00e0 adesive su varie superfici.<\/p>\n<p><strong>Propriet\u00e0<\/strong><br \/>\n&#8211; Elevata adesivit\u00e0 iniziale<br \/>\n&#8211; Buona strappabilit\u00e0 a mano<br \/>\n&#8211; Buona adesione a vari materiali<br \/>\n&#8211; Facile da srotolare<\/p>\n<p><strong>Applicazioni<\/strong><br \/>\n&#8211; Fissare i materiali di copertura<br \/>\n&#8211; Fardellatura, sigillatura, imballaggio e altre applicazioni<br \/>\n&#8211; Uso universale nell&#8217;industria e nel commercio<\/p>\n<p>&nbsp;<\/p>\n","protected":false},"excerpt":{"rendered":"<p>tesa\u00ae 4610 Basic duct tape \u00e8 un semplice nastro in tessuto con buone propriet\u00e0 adesive. Il nastro ha un supporto in PE rinforzato con tessuto PET a 18 maglie. La gomma sintetica come massa adesiva conferisce al nastro una buona adesivit\u00e0 iniziale. Il nastro adesivo di base raggiunge buone propriet\u00e0 adesive su varie superfici. Propriet\u00e0 [&hellip;]<\/p>\n","protected":false},"featured_media":26077,"template":"","meta":{"_acf_changed":false},"pwb-brand":[2162],"product_brand":[],"product_cat":[1725,1826],"product_tag":[],"class_list":{"0":"post-54898","1":"product","2":"type-product","3":"status-publish","4":"has-post-thumbnail","6":"pwb-brand-tesa-it","7":"product_cat-nastro-adesivo-per-tessuti","8":"product_cat-nastri-monoadesivi","10":"first","11":"instock","12":"taxable","13":"shipping-taxable","14":"purchasable","15":"product-type-variable"},"acf":[],"yoast_head":"<!-- This site is optimized with the Yoast SEO plugin v27.3 - https:\/\/yoast.com\/product\/yoast-seo-wordpress\/ -->\n<title>Nastro adesivo Tesa 4610 | Cardinal TAPES<\/title>\n<meta name=\"description\" content=\"Il nastro adesivo Basic 4610 \u00e8 un semplice nastro in tessuto con buone propriet\u00e0 adesive di Tesa. Per saperne di pi\u00f9 sul nastro adesivo, cliccate qui.\" \/>\n<meta name=\"robots\" content=\"index, follow, max-snippet:-1, max-image-preview:large, max-video-preview:-1\" \/>\n<link rel=\"canonical\" href=\"https:\/\/cardinal-tapes.com\/it\/nastri-adesivi\/nastro-adesivo-per-tessuti\/tesa-4610-condotto-tabe\/\" \/>\n<meta property=\"og:locale\" content=\"it_IT\" \/>\n<meta property=\"og:type\" content=\"article\" \/>\n<meta property=\"og:title\" content=\"Nastro adesivo Tesa 4610 | Cardinal TAPES\" \/>\n<meta property=\"og:description\" content=\"Il nastro adesivo Basic 4610 \u00e8 un semplice nastro in tessuto con buone propriet\u00e0 adesive di Tesa. Per saperne di pi\u00f9 sul nastro adesivo, cliccate qui.\" \/>\n<meta property=\"og:url\" content=\"https:\/\/cardinal-tapes.com\/it\/nastri-adesivi\/nastro-adesivo-per-tessuti\/tesa-4610-condotto-tabe\/\" \/>\n<meta property=\"og:site_name\" content=\"cardinal TAPES\" \/>\n<meta property=\"og:image\" content=\"https:\/\/cardinal-tapes.com\/wp-content\/uploads\/tesa-04610.jpg\" \/>\n\t<meta property=\"og:image:width\" content=\"600\" \/>\n\t<meta property=\"og:image:height\" content=\"600\" \/>\n\t<meta property=\"og:image:type\" content=\"image\/jpeg\" \/>\n<meta name=\"twitter:card\" content=\"summary_large_image\" \/>\n<script type=\"application\/ld+json\" class=\"yoast-schema-graph\">{\"@context\":\"https:\\\/\\\/schema.org\",\"@graph\":[{\"@type\":\"WebPage\",\"@id\":\"https:\\\/\\\/cardinal-tapes.com\\\/it\\\/nastri-adesivi\\\/nastro-adesivo-per-tessuti\\\/tesa-4610-condotto-tabe\\\/\",\"url\":\"https:\\\/\\\/cardinal-tapes.com\\\/it\\\/nastri-adesivi\\\/nastro-adesivo-per-tessuti\\\/tesa-4610-condotto-tabe\\\/\",\"name\":\"Nastro adesivo Tesa 4610 | Cardinal TAPES\",\"isPartOf\":{\"@id\":\"https:\\\/\\\/cardinal-tapes.com\\\/#website\"},\"primaryImageOfPage\":{\"@id\":\"https:\\\/\\\/cardinal-tapes.com\\\/it\\\/nastri-adesivi\\\/nastro-adesivo-per-tessuti\\\/tesa-4610-condotto-tabe\\\/#primaryimage\"},\"image\":{\"@id\":\"https:\\\/\\\/cardinal-tapes.com\\\/it\\\/nastri-adesivi\\\/nastro-adesivo-per-tessuti\\\/tesa-4610-condotto-tabe\\\/#primaryimage\"},\"thumbnailUrl\":\"https:\\\/\\\/cardinal-tapes.com\\\/wp-content\\\/uploads\\\/tesa-04610.jpg\",\"datePublished\":\"2023-06-05T15:23:52+00:00\",\"description\":\"Il nastro adesivo Basic 4610 \u00e8 un semplice nastro in tessuto con buone propriet\u00e0 adesive di Tesa. Per saperne di pi\u00f9 sul nastro adesivo, cliccate qui.\",\"breadcrumb\":{\"@id\":\"https:\\\/\\\/cardinal-tapes.com\\\/it\\\/nastri-adesivi\\\/nastro-adesivo-per-tessuti\\\/tesa-4610-condotto-tabe\\\/#breadcrumb\"},\"inLanguage\":\"it-IT\",\"potentialAction\":[{\"@type\":\"ReadAction\",\"target\":[\"https:\\\/\\\/cardinal-tapes.com\\\/it\\\/nastri-adesivi\\\/nastro-adesivo-per-tessuti\\\/tesa-4610-condotto-tabe\\\/\"]}]},{\"@type\":\"ImageObject\",\"inLanguage\":\"it-IT\",\"@id\":\"https:\\\/\\\/cardinal-tapes.com\\\/it\\\/nastri-adesivi\\\/nastro-adesivo-per-tessuti\\\/tesa-4610-condotto-tabe\\\/#primaryimage\",\"url\":\"https:\\\/\\\/cardinal-tapes.com\\\/wp-content\\\/uploads\\\/tesa-04610.jpg\",\"contentUrl\":\"https:\\\/\\\/cardinal-tapes.com\\\/wp-content\\\/uploads\\\/tesa-04610.jpg\",\"width\":600,\"height\":600,\"caption\":\"tesa 4610\"},{\"@type\":\"BreadcrumbList\",\"@id\":\"https:\\\/\\\/cardinal-tapes.com\\\/it\\\/nastri-adesivi\\\/nastro-adesivo-per-tessuti\\\/tesa-4610-condotto-tabe\\\/#breadcrumb\",\"itemListElement\":[{\"@type\":\"ListItem\",\"position\":1,\"name\":\"Startseite\",\"item\":\"https:\\\/\\\/cardinal-tapes.com\\\/it\\\/casa\\\/\"},{\"@type\":\"ListItem\",\"position\":2,\"name\":\"Nastri adesivi\",\"item\":\"https:\\\/\\\/cardinal-tapes.com\\\/it\\\/nastri-adesivi-it\\\/\"},{\"@type\":\"ListItem\",\"position\":3,\"name\":\"Nastro adesivo per tessuti\",\"item\":\"https:\\\/\\\/cardinal-tapes.com\\\/it\\\/categoria\\\/nastro-adesivo-per-tessuti\\\/\"},{\"@type\":\"ListItem\",\"position\":4,\"name\":\"tesa\u00ae 4610 Nastro adesivo Basic\"}]},{\"@type\":\"WebSite\",\"@id\":\"https:\\\/\\\/cardinal-tapes.com\\\/#website\",\"url\":\"https:\\\/\\\/cardinal-tapes.com\\\/\",\"name\":\"cardinal TAPES\",\"description\":\"Klebetechnik aus Wuppertal\",\"potentialAction\":[{\"@type\":\"SearchAction\",\"target\":{\"@type\":\"EntryPoint\",\"urlTemplate\":\"https:\\\/\\\/cardinal-tapes.com\\\/?s={search_term_string}\"},\"query-input\":{\"@type\":\"PropertyValueSpecification\",\"valueRequired\":true,\"valueName\":\"search_term_string\"}}],\"inLanguage\":\"it-IT\"}]}<\/script>\n<!-- \/ Yoast SEO plugin. -->","yoast_head_json":{"title":"Nastro adesivo Tesa 4610 | Cardinal TAPES","description":"Il nastro adesivo Basic 4610 \u00e8 un semplice nastro in tessuto con buone propriet\u00e0 adesive di Tesa. Per saperne di pi\u00f9 sul nastro adesivo, cliccate qui.","robots":{"index":"index","follow":"follow","max-snippet":"max-snippet:-1","max-image-preview":"max-image-preview:large","max-video-preview":"max-video-preview:-1"},"canonical":"https:\/\/cardinal-tapes.com\/it\/nastri-adesivi\/nastro-adesivo-per-tessuti\/tesa-4610-condotto-tabe\/","og_locale":"it_IT","og_type":"article","og_title":"Nastro adesivo Tesa 4610 | Cardinal TAPES","og_description":"Il nastro adesivo Basic 4610 \u00e8 un semplice nastro in tessuto con buone propriet\u00e0 adesive di Tesa. Per saperne di pi\u00f9 sul nastro adesivo, cliccate qui.","og_url":"https:\/\/cardinal-tapes.com\/it\/nastri-adesivi\/nastro-adesivo-per-tessuti\/tesa-4610-condotto-tabe\/","og_site_name":"cardinal TAPES","og_image":[{"width":600,"height":600,"url":"https:\/\/cardinal-tapes.com\/wp-content\/uploads\/tesa-04610.jpg","type":"image\/jpeg"}],"twitter_card":"summary_large_image","schema":{"@context":"https:\/\/schema.org","@graph":[{"@type":"WebPage","@id":"https:\/\/cardinal-tapes.com\/it\/nastri-adesivi\/nastro-adesivo-per-tessuti\/tesa-4610-condotto-tabe\/","url":"https:\/\/cardinal-tapes.com\/it\/nastri-adesivi\/nastro-adesivo-per-tessuti\/tesa-4610-condotto-tabe\/","name":"Nastro adesivo Tesa 4610 | Cardinal TAPES","isPartOf":{"@id":"https:\/\/cardinal-tapes.com\/#website"},"primaryImageOfPage":{"@id":"https:\/\/cardinal-tapes.com\/it\/nastri-adesivi\/nastro-adesivo-per-tessuti\/tesa-4610-condotto-tabe\/#primaryimage"},"image":{"@id":"https:\/\/cardinal-tapes.com\/it\/nastri-adesivi\/nastro-adesivo-per-tessuti\/tesa-4610-condotto-tabe\/#primaryimage"},"thumbnailUrl":"https:\/\/cardinal-tapes.com\/wp-content\/uploads\/tesa-04610.jpg","datePublished":"2023-06-05T15:23:52+00:00","description":"Il nastro adesivo Basic 4610 \u00e8 un semplice nastro in tessuto con buone propriet\u00e0 adesive di Tesa. Per saperne di pi\u00f9 sul nastro adesivo, cliccate qui.","breadcrumb":{"@id":"https:\/\/cardinal-tapes.com\/it\/nastri-adesivi\/nastro-adesivo-per-tessuti\/tesa-4610-condotto-tabe\/#breadcrumb"},"inLanguage":"it-IT","potentialAction":[{"@type":"ReadAction","target":["https:\/\/cardinal-tapes.com\/it\/nastri-adesivi\/nastro-adesivo-per-tessuti\/tesa-4610-condotto-tabe\/"]}]},{"@type":"ImageObject","inLanguage":"it-IT","@id":"https:\/\/cardinal-tapes.com\/it\/nastri-adesivi\/nastro-adesivo-per-tessuti\/tesa-4610-condotto-tabe\/#primaryimage","url":"https:\/\/cardinal-tapes.com\/wp-content\/uploads\/tesa-04610.jpg","contentUrl":"https:\/\/cardinal-tapes.com\/wp-content\/uploads\/tesa-04610.jpg","width":600,"height":600,"caption":"tesa 4610"},{"@type":"BreadcrumbList","@id":"https:\/\/cardinal-tapes.com\/it\/nastri-adesivi\/nastro-adesivo-per-tessuti\/tesa-4610-condotto-tabe\/#breadcrumb","itemListElement":[{"@type":"ListItem","position":1,"name":"Startseite","item":"https:\/\/cardinal-tapes.com\/it\/casa\/"},{"@type":"ListItem","position":2,"name":"Nastri adesivi","item":"https:\/\/cardinal-tapes.com\/it\/nastri-adesivi-it\/"},{"@type":"ListItem","position":3,"name":"Nastro adesivo per tessuti","item":"https:\/\/cardinal-tapes.com\/it\/categoria\/nastro-adesivo-per-tessuti\/"},{"@type":"ListItem","position":4,"name":"tesa\u00ae 4610 Nastro adesivo Basic"}]},{"@type":"WebSite","@id":"https:\/\/cardinal-tapes.com\/#website","url":"https:\/\/cardinal-tapes.com\/","name":"cardinal TAPES","description":"Klebetechnik aus Wuppertal","potentialAction":[{"@type":"SearchAction","target":{"@type":"EntryPoint","urlTemplate":"https:\/\/cardinal-tapes.com\/?s={search_term_string}"},"query-input":{"@type":"PropertyValueSpecification","valueRequired":true,"valueName":"search_term_string"}}],"inLanguage":"it-IT"}]}},"brands":[{"id":2162,"name":"tesa","slug":"tesa-it"}],"_links":{"self":[{"href":"https:\/\/cardinal-tapes.com\/it\/wp-json\/wp\/v2\/product\/54898","targetHints":{"allow":["GET"]}}],"collection":[{"href":"https:\/\/cardinal-tapes.com\/it\/wp-json\/wp\/v2\/product"}],"about":[{"href":"https:\/\/cardinal-tapes.com\/it\/wp-json\/wp\/v2\/types\/product"}],"wp:featuredmedia":[{"embeddable":true,"href":"https:\/\/cardinal-tapes.com\/it\/wp-json\/wp\/v2\/media\/26077"}],"wp:attachment":[{"href":"https:\/\/cardinal-tapes.com\/it\/wp-json\/wp\/v2\/media?parent=54898"}],"wp:term":[{"taxonomy":"pwb-brand","embeddable":true,"href":"https:\/\/cardinal-tapes.com\/it\/wp-json\/wp\/v2\/pwb-brand?post=54898"},{"taxonomy":"product_brand","embeddable":true,"href":"https:\/\/cardinal-tapes.com\/it\/wp-json\/wp\/v2\/product_brand?post=54898"},{"taxonomy":"product_cat","embeddable":true,"href":"https:\/\/cardinal-tapes.com\/it\/wp-json\/wp\/v2\/product_cat?post=54898"},{"taxonomy":"product_tag","embeddable":true,"href":"https:\/\/cardinal-tapes.com\/it\/wp-json\/wp\/v2\/product_tag?post=54898"}],"curies":[{"name":"wp","href":"https:\/\/api.w.org\/{rel}","templated":true}]}}