{"id":54555,"date":"2018-03-20T09:03:28","date_gmt":"2023-06-05T15:22:27","guid":{"rendered":"https:\/\/cardinal.pixel-tal.de\/klebebaender\/senza-categoria\/tesa-8401-pellicola-reattiva-ad-attivazione-termica-haf\/"},"modified":"2025-07-02T13:59:07","modified_gmt":"2025-07-02T11:59:07","slug":"tesa-8401-haf-pellicola-reattiva-attivata-dal-calore","status":"publish","type":"product","link":"https:\/\/cardinal-tapes.com\/it\/nastri-adesivi\/aree-di-applicazione\/industria-elettrica\/tesa-8401-haf-pellicola-reattiva-attivata-dal-calore\/","title":{"rendered":"tesa 8401 Pellicola reattiva ad attivazione termica HAF"},"content":{"rendered":"<p><span class=\"lowercase\">tesa<\/span> <sup>HAF\u00ae<\/sup> 8401 \u00e8 una pellicola termoattiva a base di gomma nitrilica e resina fenolica. Il materiale ambrato, senza spalline, \u00e8 ricoperto da una fodera di carta ed \u00e8 facile da tagliare e perforare. A temperatura ambiente, <span class=\"lowercase\">tesa<\/span> <sup>HAF\u00ae<\/sup> 8401 non \u00e8 adesivo. La temperatura di attivazione per la prefissazione \u00e8 di circa 90\u00b0C. In una seconda fase di lavorazione, il prodotto viene sottoposto a pressione e calore.<\/p>\n<p><strong>Propriet\u00e0<\/strong><br \/>\n&#8211; Forza di adesione estremamente elevata<br \/>\n&#8211; Resistenza a temperature molto elevate<br \/>\n&#8211; Eccellente resistenza chimica.<\/p>\n<p><strong>Applicazioni<\/strong><br \/>\n&#8211; Incollaggio di magneti nei motori elettrici<br \/>\n&#8211; Incollaggio di cuscinetti a strisciamento e guarnizioni dei freni<br \/>\n&#8211; Incollaggio strutturale<\/p>\n","protected":false},"excerpt":{"rendered":"<p>tesa HAF\u00ae 8401 \u00e8 una pellicola termoattiva a base di gomma nitrilica e resina fenolica. Il materiale ambrato, senza spalline, \u00e8 ricoperto da una fodera di carta ed \u00e8 facile da tagliare e perforare. A temperatura ambiente, tesa HAF\u00ae 8401 non \u00e8 adesivo. La temperatura di attivazione per la prefissazione \u00e8 di circa 90\u00b0C. In [&hellip;]<\/p>\n","protected":false},"featured_media":26813,"template":"","meta":{"_acf_changed":false},"pwb-brand":[2162],"product_brand":[],"product_cat":[1683,1824],"product_tag":[],"class_list":{"0":"post-54555","1":"product","2":"type-product","3":"status-publish","4":"has-post-thumbnail","6":"pwb-brand-tesa-it","7":"product_cat-industria-elettrica","8":"product_cat-nastri-biadesivi","10":"first","11":"instock","12":"taxable","13":"shipping-taxable","14":"purchasable","15":"product-type-variable"},"acf":[],"yoast_head":"<!-- This site is optimized with the Yoast SEO plugin v27.3 - https:\/\/yoast.com\/product\/yoast-seo-wordpress\/ -->\n<title>tesa 8401 HAF film reattivo ad attivazione termica | Cardinal TAPES<\/title>\n<meta name=\"description\" content=\"tesa HAF\u00ae 8401 \u00e8 una pellicola termoattiva a base di gomma nitrilica e resina fenolica. Per saperne di pi\u00f9 sul prodotto, cliccate qui.\" \/>\n<meta name=\"robots\" content=\"index, follow, max-snippet:-1, max-image-preview:large, max-video-preview:-1\" \/>\n<link rel=\"canonical\" href=\"https:\/\/cardinal-tapes.com\/it\/nastri-adesivi\/aree-di-applicazione\/industria-elettrica\/tesa-8401-haf-pellicola-reattiva-attivata-dal-calore\/\" \/>\n<meta property=\"og:locale\" content=\"it_IT\" \/>\n<meta property=\"og:type\" content=\"article\" \/>\n<meta property=\"og:title\" content=\"tesa 8401 HAF film reattivo ad attivazione termica | Cardinal TAPES\" \/>\n<meta property=\"og:description\" content=\"tesa HAF\u00ae 8401 \u00e8 una pellicola termoattiva a base di gomma nitrilica e resina fenolica. Per saperne di pi\u00f9 sul prodotto, cliccate qui.\" \/>\n<meta property=\"og:url\" content=\"https:\/\/cardinal-tapes.com\/it\/nastri-adesivi\/aree-di-applicazione\/industria-elettrica\/tesa-8401-haf-pellicola-reattiva-attivata-dal-calore\/\" \/>\n<meta property=\"og:site_name\" content=\"cardinal TAPES\" \/>\n<meta property=\"article:modified_time\" content=\"2025-07-02T11:59:07+00:00\" \/>\n<meta property=\"og:image\" content=\"https:\/\/cardinal-tapes.com\/wp-content\/uploads\/08402_pr-scaled.jpg\" \/>\n\t<meta property=\"og:image:width\" content=\"1920\" \/>\n\t<meta property=\"og:image:height\" content=\"2560\" \/>\n\t<meta property=\"og:image:type\" content=\"image\/jpeg\" \/>\n<meta name=\"twitter:card\" content=\"summary_large_image\" \/>\n<script type=\"application\/ld+json\" class=\"yoast-schema-graph\">{\"@context\":\"https:\\\/\\\/schema.org\",\"@graph\":[{\"@type\":\"WebPage\",\"@id\":\"https:\\\/\\\/cardinal-tapes.com\\\/it\\\/nastri-adesivi\\\/aree-di-applicazione\\\/industria-elettrica\\\/tesa-8401-haf-pellicola-reattiva-attivata-dal-calore\\\/\",\"url\":\"https:\\\/\\\/cardinal-tapes.com\\\/it\\\/nastri-adesivi\\\/aree-di-applicazione\\\/industria-elettrica\\\/tesa-8401-haf-pellicola-reattiva-attivata-dal-calore\\\/\",\"name\":\"tesa 8401 HAF film reattivo ad attivazione termica | Cardinal TAPES\",\"isPartOf\":{\"@id\":\"https:\\\/\\\/cardinal-tapes.com\\\/#website\"},\"primaryImageOfPage\":{\"@id\":\"https:\\\/\\\/cardinal-tapes.com\\\/it\\\/nastri-adesivi\\\/aree-di-applicazione\\\/industria-elettrica\\\/tesa-8401-haf-pellicola-reattiva-attivata-dal-calore\\\/#primaryimage\"},\"image\":{\"@id\":\"https:\\\/\\\/cardinal-tapes.com\\\/it\\\/nastri-adesivi\\\/aree-di-applicazione\\\/industria-elettrica\\\/tesa-8401-haf-pellicola-reattiva-attivata-dal-calore\\\/#primaryimage\"},\"thumbnailUrl\":\"https:\\\/\\\/cardinal-tapes.com\\\/wp-content\\\/uploads\\\/08402_pr-scaled.jpg\",\"datePublished\":\"2023-06-05T15:22:27+00:00\",\"dateModified\":\"2025-07-02T11:59:07+00:00\",\"description\":\"tesa HAF\u00ae 8401 \u00e8 una pellicola termoattiva a base di gomma nitrilica e resina fenolica. Per saperne di pi\u00f9 sul prodotto, cliccate qui.\",\"breadcrumb\":{\"@id\":\"https:\\\/\\\/cardinal-tapes.com\\\/it\\\/nastri-adesivi\\\/aree-di-applicazione\\\/industria-elettrica\\\/tesa-8401-haf-pellicola-reattiva-attivata-dal-calore\\\/#breadcrumb\"},\"inLanguage\":\"it-IT\",\"potentialAction\":[{\"@type\":\"ReadAction\",\"target\":[\"https:\\\/\\\/cardinal-tapes.com\\\/it\\\/nastri-adesivi\\\/aree-di-applicazione\\\/industria-elettrica\\\/tesa-8401-haf-pellicola-reattiva-attivata-dal-calore\\\/\"]}]},{\"@type\":\"ImageObject\",\"inLanguage\":\"it-IT\",\"@id\":\"https:\\\/\\\/cardinal-tapes.com\\\/it\\\/nastri-adesivi\\\/aree-di-applicazione\\\/industria-elettrica\\\/tesa-8401-haf-pellicola-reattiva-attivata-dal-calore\\\/#primaryimage\",\"url\":\"https:\\\/\\\/cardinal-tapes.com\\\/wp-content\\\/uploads\\\/08402_pr-scaled.jpg\",\"contentUrl\":\"https:\\\/\\\/cardinal-tapes.com\\\/wp-content\\\/uploads\\\/08402_pr-scaled.jpg\",\"width\":1920,\"height\":2560},{\"@type\":\"BreadcrumbList\",\"@id\":\"https:\\\/\\\/cardinal-tapes.com\\\/it\\\/nastri-adesivi\\\/aree-di-applicazione\\\/industria-elettrica\\\/tesa-8401-haf-pellicola-reattiva-attivata-dal-calore\\\/#breadcrumb\",\"itemListElement\":[{\"@type\":\"ListItem\",\"position\":1,\"name\":\"Startseite\",\"item\":\"https:\\\/\\\/cardinal-tapes.com\\\/it\\\/casa\\\/\"},{\"@type\":\"ListItem\",\"position\":2,\"name\":\"Nastri adesivi\",\"item\":\"https:\\\/\\\/cardinal-tapes.com\\\/it\\\/nastri-adesivi-it\\\/\"},{\"@type\":\"ListItem\",\"position\":3,\"name\":\"Aree di applicazione\",\"item\":\"https:\\\/\\\/cardinal-tapes.com\\\/it\\\/categoria\\\/aree-di-applicazione\\\/\"},{\"@type\":\"ListItem\",\"position\":4,\"name\":\"Industria elettrica\",\"item\":\"https:\\\/\\\/cardinal-tapes.com\\\/it\\\/categoria\\\/industria-elettrica\\\/\"},{\"@type\":\"ListItem\",\"position\":5,\"name\":\"tesa 8401 Pellicola reattiva ad attivazione termica HAF\"}]},{\"@type\":\"WebSite\",\"@id\":\"https:\\\/\\\/cardinal-tapes.com\\\/#website\",\"url\":\"https:\\\/\\\/cardinal-tapes.com\\\/\",\"name\":\"cardinal TAPES\",\"description\":\"Klebetechnik aus Wuppertal\",\"potentialAction\":[{\"@type\":\"SearchAction\",\"target\":{\"@type\":\"EntryPoint\",\"urlTemplate\":\"https:\\\/\\\/cardinal-tapes.com\\\/?s={search_term_string}\"},\"query-input\":{\"@type\":\"PropertyValueSpecification\",\"valueRequired\":true,\"valueName\":\"search_term_string\"}}],\"inLanguage\":\"it-IT\"}]}<\/script>\n<!-- \/ Yoast SEO plugin. -->","yoast_head_json":{"title":"tesa 8401 HAF film reattivo ad attivazione termica | Cardinal TAPES","description":"tesa HAF\u00ae 8401 \u00e8 una pellicola termoattiva a base di gomma nitrilica e resina fenolica. Per saperne di pi\u00f9 sul prodotto, cliccate qui.","robots":{"index":"index","follow":"follow","max-snippet":"max-snippet:-1","max-image-preview":"max-image-preview:large","max-video-preview":"max-video-preview:-1"},"canonical":"https:\/\/cardinal-tapes.com\/it\/nastri-adesivi\/aree-di-applicazione\/industria-elettrica\/tesa-8401-haf-pellicola-reattiva-attivata-dal-calore\/","og_locale":"it_IT","og_type":"article","og_title":"tesa 8401 HAF film reattivo ad attivazione termica | Cardinal TAPES","og_description":"tesa HAF\u00ae 8401 \u00e8 una pellicola termoattiva a base di gomma nitrilica e resina fenolica. Per saperne di pi\u00f9 sul prodotto, cliccate qui.","og_url":"https:\/\/cardinal-tapes.com\/it\/nastri-adesivi\/aree-di-applicazione\/industria-elettrica\/tesa-8401-haf-pellicola-reattiva-attivata-dal-calore\/","og_site_name":"cardinal TAPES","article_modified_time":"2025-07-02T11:59:07+00:00","og_image":[{"width":1920,"height":2560,"url":"https:\/\/cardinal-tapes.com\/wp-content\/uploads\/08402_pr-scaled.jpg","type":"image\/jpeg"}],"twitter_card":"summary_large_image","schema":{"@context":"https:\/\/schema.org","@graph":[{"@type":"WebPage","@id":"https:\/\/cardinal-tapes.com\/it\/nastri-adesivi\/aree-di-applicazione\/industria-elettrica\/tesa-8401-haf-pellicola-reattiva-attivata-dal-calore\/","url":"https:\/\/cardinal-tapes.com\/it\/nastri-adesivi\/aree-di-applicazione\/industria-elettrica\/tesa-8401-haf-pellicola-reattiva-attivata-dal-calore\/","name":"tesa 8401 HAF film reattivo ad attivazione termica | Cardinal TAPES","isPartOf":{"@id":"https:\/\/cardinal-tapes.com\/#website"},"primaryImageOfPage":{"@id":"https:\/\/cardinal-tapes.com\/it\/nastri-adesivi\/aree-di-applicazione\/industria-elettrica\/tesa-8401-haf-pellicola-reattiva-attivata-dal-calore\/#primaryimage"},"image":{"@id":"https:\/\/cardinal-tapes.com\/it\/nastri-adesivi\/aree-di-applicazione\/industria-elettrica\/tesa-8401-haf-pellicola-reattiva-attivata-dal-calore\/#primaryimage"},"thumbnailUrl":"https:\/\/cardinal-tapes.com\/wp-content\/uploads\/08402_pr-scaled.jpg","datePublished":"2023-06-05T15:22:27+00:00","dateModified":"2025-07-02T11:59:07+00:00","description":"tesa HAF\u00ae 8401 \u00e8 una pellicola termoattiva a base di gomma nitrilica e resina fenolica. Per saperne di pi\u00f9 sul prodotto, cliccate qui.","breadcrumb":{"@id":"https:\/\/cardinal-tapes.com\/it\/nastri-adesivi\/aree-di-applicazione\/industria-elettrica\/tesa-8401-haf-pellicola-reattiva-attivata-dal-calore\/#breadcrumb"},"inLanguage":"it-IT","potentialAction":[{"@type":"ReadAction","target":["https:\/\/cardinal-tapes.com\/it\/nastri-adesivi\/aree-di-applicazione\/industria-elettrica\/tesa-8401-haf-pellicola-reattiva-attivata-dal-calore\/"]}]},{"@type":"ImageObject","inLanguage":"it-IT","@id":"https:\/\/cardinal-tapes.com\/it\/nastri-adesivi\/aree-di-applicazione\/industria-elettrica\/tesa-8401-haf-pellicola-reattiva-attivata-dal-calore\/#primaryimage","url":"https:\/\/cardinal-tapes.com\/wp-content\/uploads\/08402_pr-scaled.jpg","contentUrl":"https:\/\/cardinal-tapes.com\/wp-content\/uploads\/08402_pr-scaled.jpg","width":1920,"height":2560},{"@type":"BreadcrumbList","@id":"https:\/\/cardinal-tapes.com\/it\/nastri-adesivi\/aree-di-applicazione\/industria-elettrica\/tesa-8401-haf-pellicola-reattiva-attivata-dal-calore\/#breadcrumb","itemListElement":[{"@type":"ListItem","position":1,"name":"Startseite","item":"https:\/\/cardinal-tapes.com\/it\/casa\/"},{"@type":"ListItem","position":2,"name":"Nastri adesivi","item":"https:\/\/cardinal-tapes.com\/it\/nastri-adesivi-it\/"},{"@type":"ListItem","position":3,"name":"Aree di applicazione","item":"https:\/\/cardinal-tapes.com\/it\/categoria\/aree-di-applicazione\/"},{"@type":"ListItem","position":4,"name":"Industria elettrica","item":"https:\/\/cardinal-tapes.com\/it\/categoria\/industria-elettrica\/"},{"@type":"ListItem","position":5,"name":"tesa 8401 Pellicola reattiva ad attivazione termica HAF"}]},{"@type":"WebSite","@id":"https:\/\/cardinal-tapes.com\/#website","url":"https:\/\/cardinal-tapes.com\/","name":"cardinal TAPES","description":"Klebetechnik aus Wuppertal","potentialAction":[{"@type":"SearchAction","target":{"@type":"EntryPoint","urlTemplate":"https:\/\/cardinal-tapes.com\/?s={search_term_string}"},"query-input":{"@type":"PropertyValueSpecification","valueRequired":true,"valueName":"search_term_string"}}],"inLanguage":"it-IT"}]}},"brands":[{"id":2162,"name":"tesa","slug":"tesa-it"}],"_links":{"self":[{"href":"https:\/\/cardinal-tapes.com\/it\/wp-json\/wp\/v2\/product\/54555","targetHints":{"allow":["GET"]}}],"collection":[{"href":"https:\/\/cardinal-tapes.com\/it\/wp-json\/wp\/v2\/product"}],"about":[{"href":"https:\/\/cardinal-tapes.com\/it\/wp-json\/wp\/v2\/types\/product"}],"wp:featuredmedia":[{"embeddable":true,"href":"https:\/\/cardinal-tapes.com\/it\/wp-json\/wp\/v2\/media\/26813"}],"wp:attachment":[{"href":"https:\/\/cardinal-tapes.com\/it\/wp-json\/wp\/v2\/media?parent=54555"}],"wp:term":[{"taxonomy":"pwb-brand","embeddable":true,"href":"https:\/\/cardinal-tapes.com\/it\/wp-json\/wp\/v2\/pwb-brand?post=54555"},{"taxonomy":"product_brand","embeddable":true,"href":"https:\/\/cardinal-tapes.com\/it\/wp-json\/wp\/v2\/product_brand?post=54555"},{"taxonomy":"product_cat","embeddable":true,"href":"https:\/\/cardinal-tapes.com\/it\/wp-json\/wp\/v2\/product_cat?post=54555"},{"taxonomy":"product_tag","embeddable":true,"href":"https:\/\/cardinal-tapes.com\/it\/wp-json\/wp\/v2\/product_tag?post=54555"}],"curies":[{"name":"wp","href":"https:\/\/api.w.org\/{rel}","templated":true}]}}