{"id":53824,"date":"2018-03-22T09:01:02","date_gmt":"2023-06-05T15:22:07","guid":{"rendered":"https:\/\/cardinal.pixel-tal.de\/klebebaender\/senza-categoria\/ca-985-nastro-in-schiuma-di-pvc-rigido\/"},"modified":"2025-07-02T14:17:18","modified_gmt":"2025-07-02T12:17:18","slug":"ca-985-nastro-adesivo-in-schiuma-di-pvc-duro","status":"publish","type":"product","link":"https:\/\/cardinal-tapes.com\/it\/nastri-adesivi\/nastri-monoadesivi\/ca-985-nastro-adesivo-in-schiuma-di-pvc-duro\/","title":{"rendered":"CA-985 Nastro in schiuma di PVC rigido"},"content":{"rendered":"<p>CA-985 \u00e8 un nastro in schiuma che ha una struttura prevalentemente a celle chiuse e consiste in una schiuma di media durezza. Su un lato \u00e8 presente un adesivo acrilico, mentre sull&#8217;altro lato, privo di adesivo, \u00e8 presente un release liner in carta rimovibile. Quando \u00e8 compresso, funge da guarnizione contro acqua, aria e polvere.<\/p>\n","protected":false},"excerpt":{"rendered":"<p>CA-985 \u00e8 un nastro in schiuma che ha una struttura prevalentemente a celle chiuse e consiste in una schiuma di media durezza. Su un lato \u00e8 presente un adesivo acrilico, mentre sull&#8217;altro lato, privo di adesivo, \u00e8 presente un release liner in carta rimovibile. Quando \u00e8 compresso, funge da guarnizione contro acqua, aria e polvere.<\/p>\n","protected":false},"featured_media":26929,"template":"","meta":{"_acf_changed":false},"pwb-brand":[2174],"product_brand":[],"product_cat":[1826],"product_tag":[],"class_list":{"0":"post-53824","1":"product","2":"type-product","3":"status-publish","4":"has-post-thumbnail","6":"pwb-brand-cardinal-gmbh-it","7":"product_cat-nastri-monoadesivi","9":"first","10":"instock","11":"taxable","12":"shipping-taxable","13":"purchasable","14":"product-type-variable"},"acf":[],"yoast_head":"<!-- This site is optimized with the Yoast SEO plugin v27.3 - https:\/\/yoast.com\/product\/yoast-seo-wordpress\/ -->\n<title>CA-985 Nastro in schiuma di PVC rigido | Cardinal TAPES<\/title>\n<meta name=\"description\" content=\"CA-985 \u00e8 un nastro in PVC espanso rigido e a celle chiuse utilizzato come nastro sigillante contro l&#039;umidit\u00e0, la polvere e molto altro.\" \/>\n<meta name=\"robots\" content=\"index, follow, max-snippet:-1, max-image-preview:large, max-video-preview:-1\" \/>\n<link rel=\"canonical\" href=\"https:\/\/cardinal-tapes.com\/it\/nastri-adesivi\/nastri-monoadesivi\/ca-985-nastro-adesivo-in-schiuma-di-pvc-duro\/\" \/>\n<meta property=\"og:locale\" content=\"it_IT\" \/>\n<meta property=\"og:type\" content=\"article\" \/>\n<meta property=\"og:title\" content=\"CA-985 Nastro in schiuma di PVC rigido | Cardinal TAPES\" \/>\n<meta property=\"og:description\" content=\"CA-985 \u00e8 un nastro in PVC espanso rigido e a celle chiuse utilizzato come nastro sigillante contro l&#039;umidit\u00e0, la polvere e molto altro.\" \/>\n<meta property=\"og:url\" content=\"https:\/\/cardinal-tapes.com\/it\/nastri-adesivi\/nastri-monoadesivi\/ca-985-nastro-adesivo-in-schiuma-di-pvc-duro\/\" \/>\n<meta property=\"og:site_name\" content=\"cardinal TAPES\" \/>\n<meta property=\"article:modified_time\" content=\"2025-07-02T12:17:18+00:00\" \/>\n<meta property=\"og:image\" content=\"https:\/\/cardinal-tapes.com\/wp-content\/uploads\/CA_985_02_retouched.jpg\" \/>\n\t<meta property=\"og:image:width\" content=\"1109\" \/>\n\t<meta property=\"og:image:height\" content=\"1400\" \/>\n\t<meta property=\"og:image:type\" content=\"image\/jpeg\" \/>\n<meta name=\"twitter:card\" content=\"summary_large_image\" \/>\n<script type=\"application\/ld+json\" class=\"yoast-schema-graph\">{\"@context\":\"https:\\\/\\\/schema.org\",\"@graph\":[{\"@type\":\"WebPage\",\"@id\":\"https:\\\/\\\/cardinal-tapes.com\\\/it\\\/nastri-adesivi\\\/nastri-monoadesivi\\\/ca-985-nastro-adesivo-in-schiuma-di-pvc-duro\\\/\",\"url\":\"https:\\\/\\\/cardinal-tapes.com\\\/it\\\/nastri-adesivi\\\/nastri-monoadesivi\\\/ca-985-nastro-adesivo-in-schiuma-di-pvc-duro\\\/\",\"name\":\"CA-985 Nastro in schiuma di PVC rigido | Cardinal TAPES\",\"isPartOf\":{\"@id\":\"https:\\\/\\\/cardinal-tapes.com\\\/#website\"},\"primaryImageOfPage\":{\"@id\":\"https:\\\/\\\/cardinal-tapes.com\\\/it\\\/nastri-adesivi\\\/nastri-monoadesivi\\\/ca-985-nastro-adesivo-in-schiuma-di-pvc-duro\\\/#primaryimage\"},\"image\":{\"@id\":\"https:\\\/\\\/cardinal-tapes.com\\\/it\\\/nastri-adesivi\\\/nastri-monoadesivi\\\/ca-985-nastro-adesivo-in-schiuma-di-pvc-duro\\\/#primaryimage\"},\"thumbnailUrl\":\"https:\\\/\\\/cardinal-tapes.com\\\/wp-content\\\/uploads\\\/CA_985_02_retouched.jpg\",\"datePublished\":\"2023-06-05T15:22:07+00:00\",\"dateModified\":\"2025-07-02T12:17:18+00:00\",\"description\":\"CA-985 \u00e8 un nastro in PVC espanso rigido e a celle chiuse utilizzato come nastro sigillante contro l'umidit\u00e0, la polvere e molto altro.\",\"breadcrumb\":{\"@id\":\"https:\\\/\\\/cardinal-tapes.com\\\/it\\\/nastri-adesivi\\\/nastri-monoadesivi\\\/ca-985-nastro-adesivo-in-schiuma-di-pvc-duro\\\/#breadcrumb\"},\"inLanguage\":\"it-IT\",\"potentialAction\":[{\"@type\":\"ReadAction\",\"target\":[\"https:\\\/\\\/cardinal-tapes.com\\\/it\\\/nastri-adesivi\\\/nastri-monoadesivi\\\/ca-985-nastro-adesivo-in-schiuma-di-pvc-duro\\\/\"]}]},{\"@type\":\"ImageObject\",\"inLanguage\":\"it-IT\",\"@id\":\"https:\\\/\\\/cardinal-tapes.com\\\/it\\\/nastri-adesivi\\\/nastri-monoadesivi\\\/ca-985-nastro-adesivo-in-schiuma-di-pvc-duro\\\/#primaryimage\",\"url\":\"https:\\\/\\\/cardinal-tapes.com\\\/wp-content\\\/uploads\\\/CA_985_02_retouched.jpg\",\"contentUrl\":\"https:\\\/\\\/cardinal-tapes.com\\\/wp-content\\\/uploads\\\/CA_985_02_retouched.jpg\",\"width\":1109,\"height\":1400,\"caption\":\"CA_985\"},{\"@type\":\"BreadcrumbList\",\"@id\":\"https:\\\/\\\/cardinal-tapes.com\\\/it\\\/nastri-adesivi\\\/nastri-monoadesivi\\\/ca-985-nastro-adesivo-in-schiuma-di-pvc-duro\\\/#breadcrumb\",\"itemListElement\":[{\"@type\":\"ListItem\",\"position\":1,\"name\":\"Startseite\",\"item\":\"https:\\\/\\\/cardinal-tapes.com\\\/it\\\/casa\\\/\"},{\"@type\":\"ListItem\",\"position\":2,\"name\":\"Nastri adesivi\",\"item\":\"https:\\\/\\\/cardinal-tapes.com\\\/it\\\/nastri-adesivi-it\\\/\"},{\"@type\":\"ListItem\",\"position\":3,\"name\":\"Einseitige Klebeb\u00e4nder\",\"item\":\"https:\\\/\\\/cardinal-tapes.com\\\/kategorie\\\/einseitige-klebebaender\\\/\"},{\"@type\":\"ListItem\",\"position\":4,\"name\":\"CA-985 Nastro in schiuma di PVC rigido\"}]},{\"@type\":\"WebSite\",\"@id\":\"https:\\\/\\\/cardinal-tapes.com\\\/#website\",\"url\":\"https:\\\/\\\/cardinal-tapes.com\\\/\",\"name\":\"cardinal TAPES\",\"description\":\"Klebetechnik aus Wuppertal\",\"potentialAction\":[{\"@type\":\"SearchAction\",\"target\":{\"@type\":\"EntryPoint\",\"urlTemplate\":\"https:\\\/\\\/cardinal-tapes.com\\\/?s={search_term_string}\"},\"query-input\":{\"@type\":\"PropertyValueSpecification\",\"valueRequired\":true,\"valueName\":\"search_term_string\"}}],\"inLanguage\":\"it-IT\"}]}<\/script>\n<!-- \/ Yoast SEO plugin. -->","yoast_head_json":{"title":"CA-985 Nastro in schiuma di PVC rigido | Cardinal TAPES","description":"CA-985 \u00e8 un nastro in PVC espanso rigido e a celle chiuse utilizzato come nastro sigillante contro l'umidit\u00e0, la polvere e molto altro.","robots":{"index":"index","follow":"follow","max-snippet":"max-snippet:-1","max-image-preview":"max-image-preview:large","max-video-preview":"max-video-preview:-1"},"canonical":"https:\/\/cardinal-tapes.com\/it\/nastri-adesivi\/nastri-monoadesivi\/ca-985-nastro-adesivo-in-schiuma-di-pvc-duro\/","og_locale":"it_IT","og_type":"article","og_title":"CA-985 Nastro in schiuma di PVC rigido | Cardinal TAPES","og_description":"CA-985 \u00e8 un nastro in PVC espanso rigido e a celle chiuse utilizzato come nastro sigillante contro l'umidit\u00e0, la polvere e molto altro.","og_url":"https:\/\/cardinal-tapes.com\/it\/nastri-adesivi\/nastri-monoadesivi\/ca-985-nastro-adesivo-in-schiuma-di-pvc-duro\/","og_site_name":"cardinal TAPES","article_modified_time":"2025-07-02T12:17:18+00:00","og_image":[{"width":1109,"height":1400,"url":"https:\/\/cardinal-tapes.com\/wp-content\/uploads\/CA_985_02_retouched.jpg","type":"image\/jpeg"}],"twitter_card":"summary_large_image","schema":{"@context":"https:\/\/schema.org","@graph":[{"@type":"WebPage","@id":"https:\/\/cardinal-tapes.com\/it\/nastri-adesivi\/nastri-monoadesivi\/ca-985-nastro-adesivo-in-schiuma-di-pvc-duro\/","url":"https:\/\/cardinal-tapes.com\/it\/nastri-adesivi\/nastri-monoadesivi\/ca-985-nastro-adesivo-in-schiuma-di-pvc-duro\/","name":"CA-985 Nastro in schiuma di PVC rigido | Cardinal TAPES","isPartOf":{"@id":"https:\/\/cardinal-tapes.com\/#website"},"primaryImageOfPage":{"@id":"https:\/\/cardinal-tapes.com\/it\/nastri-adesivi\/nastri-monoadesivi\/ca-985-nastro-adesivo-in-schiuma-di-pvc-duro\/#primaryimage"},"image":{"@id":"https:\/\/cardinal-tapes.com\/it\/nastri-adesivi\/nastri-monoadesivi\/ca-985-nastro-adesivo-in-schiuma-di-pvc-duro\/#primaryimage"},"thumbnailUrl":"https:\/\/cardinal-tapes.com\/wp-content\/uploads\/CA_985_02_retouched.jpg","datePublished":"2023-06-05T15:22:07+00:00","dateModified":"2025-07-02T12:17:18+00:00","description":"CA-985 \u00e8 un nastro in PVC espanso rigido e a celle chiuse utilizzato come nastro sigillante contro l'umidit\u00e0, la polvere e molto altro.","breadcrumb":{"@id":"https:\/\/cardinal-tapes.com\/it\/nastri-adesivi\/nastri-monoadesivi\/ca-985-nastro-adesivo-in-schiuma-di-pvc-duro\/#breadcrumb"},"inLanguage":"it-IT","potentialAction":[{"@type":"ReadAction","target":["https:\/\/cardinal-tapes.com\/it\/nastri-adesivi\/nastri-monoadesivi\/ca-985-nastro-adesivo-in-schiuma-di-pvc-duro\/"]}]},{"@type":"ImageObject","inLanguage":"it-IT","@id":"https:\/\/cardinal-tapes.com\/it\/nastri-adesivi\/nastri-monoadesivi\/ca-985-nastro-adesivo-in-schiuma-di-pvc-duro\/#primaryimage","url":"https:\/\/cardinal-tapes.com\/wp-content\/uploads\/CA_985_02_retouched.jpg","contentUrl":"https:\/\/cardinal-tapes.com\/wp-content\/uploads\/CA_985_02_retouched.jpg","width":1109,"height":1400,"caption":"CA_985"},{"@type":"BreadcrumbList","@id":"https:\/\/cardinal-tapes.com\/it\/nastri-adesivi\/nastri-monoadesivi\/ca-985-nastro-adesivo-in-schiuma-di-pvc-duro\/#breadcrumb","itemListElement":[{"@type":"ListItem","position":1,"name":"Startseite","item":"https:\/\/cardinal-tapes.com\/it\/casa\/"},{"@type":"ListItem","position":2,"name":"Nastri adesivi","item":"https:\/\/cardinal-tapes.com\/it\/nastri-adesivi-it\/"},{"@type":"ListItem","position":3,"name":"Einseitige Klebeb\u00e4nder","item":"https:\/\/cardinal-tapes.com\/kategorie\/einseitige-klebebaender\/"},{"@type":"ListItem","position":4,"name":"CA-985 Nastro in schiuma di PVC rigido"}]},{"@type":"WebSite","@id":"https:\/\/cardinal-tapes.com\/#website","url":"https:\/\/cardinal-tapes.com\/","name":"cardinal TAPES","description":"Klebetechnik aus Wuppertal","potentialAction":[{"@type":"SearchAction","target":{"@type":"EntryPoint","urlTemplate":"https:\/\/cardinal-tapes.com\/?s={search_term_string}"},"query-input":{"@type":"PropertyValueSpecification","valueRequired":true,"valueName":"search_term_string"}}],"inLanguage":"it-IT"}]}},"brands":[{"id":2174,"name":"cardinal GmbH","slug":"cardinal-gmbh-it"}],"_links":{"self":[{"href":"https:\/\/cardinal-tapes.com\/it\/wp-json\/wp\/v2\/product\/53824","targetHints":{"allow":["GET"]}}],"collection":[{"href":"https:\/\/cardinal-tapes.com\/it\/wp-json\/wp\/v2\/product"}],"about":[{"href":"https:\/\/cardinal-tapes.com\/it\/wp-json\/wp\/v2\/types\/product"}],"wp:featuredmedia":[{"embeddable":true,"href":"https:\/\/cardinal-tapes.com\/it\/wp-json\/wp\/v2\/media\/26929"}],"wp:attachment":[{"href":"https:\/\/cardinal-tapes.com\/it\/wp-json\/wp\/v2\/media?parent=53824"}],"wp:term":[{"taxonomy":"pwb-brand","embeddable":true,"href":"https:\/\/cardinal-tapes.com\/it\/wp-json\/wp\/v2\/pwb-brand?post=53824"},{"taxonomy":"product_brand","embeddable":true,"href":"https:\/\/cardinal-tapes.com\/it\/wp-json\/wp\/v2\/product_brand?post=53824"},{"taxonomy":"product_cat","embeddable":true,"href":"https:\/\/cardinal-tapes.com\/it\/wp-json\/wp\/v2\/product_cat?post=53824"},{"taxonomy":"product_tag","embeddable":true,"href":"https:\/\/cardinal-tapes.com\/it\/wp-json\/wp\/v2\/product_tag?post=53824"}],"curies":[{"name":"wp","href":"https:\/\/api.w.org\/{rel}","templated":true}]}}