{"id":53046,"date":"2017-12-22T16:20:48","date_gmt":"2023-06-05T15:20:37","guid":{"rendered":"https:\/\/cardinal.pixel-tal.de\/klebebaender\/senza-categoria\/nastro-adesivo-in-fibra-di-vetro-3m-8953\/"},"modified":"2023-06-05T17:20:37","modified_gmt":"2023-06-05T15:20:37","slug":"3m-8953-nastro","status":"publish","type":"product","link":"https:\/\/cardinal-tapes.com\/it\/nastri-adesivi\/sistemi-di-imballaggio\/3m-8953-nastro\/","title":{"rendered":"Nastro adesivo in fibra di vetro 3M\u2122 8953"},"content":{"rendered":"<p>Il nastro 3M\u2122 8953 \u00e8 costituito da un supporto in film di polipropilene ScotchPro rivestito da un adesivo in gomma sintetica privo di solventi. In questo modo \u00e8 possibile ottenere una buona resistenza all&#8217;abrasione e all&#8217;umidit\u00e0. Grazie a queste propriet\u00e0, il nastro viene utilizzato principalmente per fissare pallet, impacchettare prodotti leggeri e sigillare scatole di cartone leggere. L&#8217;adesivo mantiene la sua funzionalit\u00e0 a tutte le temperature abituali durante il trasporto.<\/p>\n<p><strong>Propriet\u00e0<\/strong><br \/>\n&#8211; Elevata resistenza allo strappo<br \/>\n&#8211; Resistente ai danni minori<\/p>\n<p><strong>Applicazioni<\/strong><br \/>\n&#8211; Per il fissaggio di pallet, l&#8217;impacchettamento di prodotti, la sigillatura o il rinforzo di scatole di cartone.<\/p>\n","protected":false},"excerpt":{"rendered":"<p>Il nastro 3M\u2122 8953 \u00e8 costituito da un supporto in film di polipropilene ScotchPro rivestito da un adesivo in gomma sintetica privo di solventi. In questo modo \u00e8 possibile ottenere una buona resistenza all&#8217;abrasione e all&#8217;umidit\u00e0. Grazie a queste propriet\u00e0, il nastro viene utilizzato principalmente per fissare pallet, impacchettare prodotti leggeri e sigillare scatole di [&hellip;]<\/p>\n","protected":false},"featured_media":25417,"template":"","meta":{"_acf_changed":false},"pwb-brand":[2166],"product_brand":[],"product_cat":[1863],"product_tag":[],"class_list":{"0":"post-53046","1":"product","2":"type-product","3":"status-publish","4":"has-post-thumbnail","6":"pwb-brand-3m-it","7":"product_cat-sistemi-di-imballaggio","9":"first","10":"instock","11":"taxable","12":"shipping-taxable","13":"purchasable","14":"product-type-variable"},"acf":[],"yoast_head":"<!-- This site is optimized with the Yoast SEO plugin v27.3 - https:\/\/yoast.com\/product\/yoast-seo-wordpress\/ -->\n<title>3M 8953 Nastro adesivo | Cardinal TAPES<\/title>\n<meta name=\"description\" content=\"Il nastro adesivo 3M 8953 \u00e8 costituito da un materiale di supporto rivestito da un adesivo in gomma sintetica senza solventi. Per saperne di pi\u00f9.\" \/>\n<meta name=\"robots\" content=\"index, follow, max-snippet:-1, max-image-preview:large, max-video-preview:-1\" \/>\n<link rel=\"canonical\" href=\"https:\/\/cardinal-tapes.com\/it\/nastri-adesivi\/sistemi-di-imballaggio\/3m-8953-nastro\/\" \/>\n<meta property=\"og:locale\" content=\"it_IT\" \/>\n<meta property=\"og:type\" content=\"article\" \/>\n<meta property=\"og:title\" content=\"3M 8953 Nastro adesivo | Cardinal TAPES\" \/>\n<meta property=\"og:description\" content=\"Il nastro adesivo 3M 8953 \u00e8 costituito da un materiale di supporto rivestito da un adesivo in gomma sintetica senza solventi. Per saperne di pi\u00f9.\" \/>\n<meta property=\"og:url\" content=\"https:\/\/cardinal-tapes.com\/it\/nastri-adesivi\/sistemi-di-imballaggio\/3m-8953-nastro\/\" \/>\n<meta property=\"og:site_name\" content=\"cardinal TAPES\" \/>\n<meta property=\"og:image\" content=\"https:\/\/cardinal-tapes.com\/wp-content\/uploads\/3m_klebeband_8953.jpg\" \/>\n\t<meta property=\"og:image:width\" content=\"600\" \/>\n\t<meta property=\"og:image:height\" content=\"600\" \/>\n\t<meta property=\"og:image:type\" content=\"image\/jpeg\" \/>\n<meta name=\"twitter:card\" content=\"summary_large_image\" \/>\n<script type=\"application\/ld+json\" class=\"yoast-schema-graph\">{\"@context\":\"https:\\\/\\\/schema.org\",\"@graph\":[{\"@type\":\"WebPage\",\"@id\":\"https:\\\/\\\/cardinal-tapes.com\\\/it\\\/nastri-adesivi\\\/sistemi-di-imballaggio\\\/3m-8953-nastro\\\/\",\"url\":\"https:\\\/\\\/cardinal-tapes.com\\\/it\\\/nastri-adesivi\\\/sistemi-di-imballaggio\\\/3m-8953-nastro\\\/\",\"name\":\"3M 8953 Nastro adesivo | Cardinal TAPES\",\"isPartOf\":{\"@id\":\"https:\\\/\\\/cardinal-tapes.com\\\/#website\"},\"primaryImageOfPage\":{\"@id\":\"https:\\\/\\\/cardinal-tapes.com\\\/it\\\/nastri-adesivi\\\/sistemi-di-imballaggio\\\/3m-8953-nastro\\\/#primaryimage\"},\"image\":{\"@id\":\"https:\\\/\\\/cardinal-tapes.com\\\/it\\\/nastri-adesivi\\\/sistemi-di-imballaggio\\\/3m-8953-nastro\\\/#primaryimage\"},\"thumbnailUrl\":\"https:\\\/\\\/cardinal-tapes.com\\\/wp-content\\\/uploads\\\/3m_klebeband_8953.jpg\",\"datePublished\":\"2023-06-05T15:20:37+00:00\",\"description\":\"Il nastro adesivo 3M 8953 \u00e8 costituito da un materiale di supporto rivestito da un adesivo in gomma sintetica senza solventi. Per saperne di pi\u00f9.\",\"breadcrumb\":{\"@id\":\"https:\\\/\\\/cardinal-tapes.com\\\/it\\\/nastri-adesivi\\\/sistemi-di-imballaggio\\\/3m-8953-nastro\\\/#breadcrumb\"},\"inLanguage\":\"it-IT\",\"potentialAction\":[{\"@type\":\"ReadAction\",\"target\":[\"https:\\\/\\\/cardinal-tapes.com\\\/it\\\/nastri-adesivi\\\/sistemi-di-imballaggio\\\/3m-8953-nastro\\\/\"]}]},{\"@type\":\"ImageObject\",\"inLanguage\":\"it-IT\",\"@id\":\"https:\\\/\\\/cardinal-tapes.com\\\/it\\\/nastri-adesivi\\\/sistemi-di-imballaggio\\\/3m-8953-nastro\\\/#primaryimage\",\"url\":\"https:\\\/\\\/cardinal-tapes.com\\\/wp-content\\\/uploads\\\/3m_klebeband_8953.jpg\",\"contentUrl\":\"https:\\\/\\\/cardinal-tapes.com\\\/wp-content\\\/uploads\\\/3m_klebeband_8953.jpg\",\"width\":600,\"height\":600,\"caption\":\"Nastro adesivo 3M 8953\"},{\"@type\":\"BreadcrumbList\",\"@id\":\"https:\\\/\\\/cardinal-tapes.com\\\/it\\\/nastri-adesivi\\\/sistemi-di-imballaggio\\\/3m-8953-nastro\\\/#breadcrumb\",\"itemListElement\":[{\"@type\":\"ListItem\",\"position\":1,\"name\":\"Startseite\",\"item\":\"https:\\\/\\\/cardinal-tapes.com\\\/it\\\/casa\\\/\"},{\"@type\":\"ListItem\",\"position\":2,\"name\":\"Nastri adesivi\",\"item\":\"https:\\\/\\\/cardinal-tapes.com\\\/it\\\/nastri-adesivi-it\\\/\"},{\"@type\":\"ListItem\",\"position\":3,\"name\":\"Sistemi di imballaggio\",\"item\":\"https:\\\/\\\/cardinal-tapes.com\\\/it\\\/categoria\\\/sistemi-di-imballaggio\\\/\"},{\"@type\":\"ListItem\",\"position\":4,\"name\":\"Nastro adesivo in fibra di vetro 3M\u2122 8953\"}]},{\"@type\":\"WebSite\",\"@id\":\"https:\\\/\\\/cardinal-tapes.com\\\/#website\",\"url\":\"https:\\\/\\\/cardinal-tapes.com\\\/\",\"name\":\"cardinal TAPES\",\"description\":\"Klebetechnik aus Wuppertal\",\"potentialAction\":[{\"@type\":\"SearchAction\",\"target\":{\"@type\":\"EntryPoint\",\"urlTemplate\":\"https:\\\/\\\/cardinal-tapes.com\\\/?s={search_term_string}\"},\"query-input\":{\"@type\":\"PropertyValueSpecification\",\"valueRequired\":true,\"valueName\":\"search_term_string\"}}],\"inLanguage\":\"it-IT\"}]}<\/script>\n<!-- \/ Yoast SEO plugin. -->","yoast_head_json":{"title":"3M 8953 Nastro adesivo | Cardinal TAPES","description":"Il nastro adesivo 3M 8953 \u00e8 costituito da un materiale di supporto rivestito da un adesivo in gomma sintetica senza solventi. Per saperne di pi\u00f9.","robots":{"index":"index","follow":"follow","max-snippet":"max-snippet:-1","max-image-preview":"max-image-preview:large","max-video-preview":"max-video-preview:-1"},"canonical":"https:\/\/cardinal-tapes.com\/it\/nastri-adesivi\/sistemi-di-imballaggio\/3m-8953-nastro\/","og_locale":"it_IT","og_type":"article","og_title":"3M 8953 Nastro adesivo | Cardinal TAPES","og_description":"Il nastro adesivo 3M 8953 \u00e8 costituito da un materiale di supporto rivestito da un adesivo in gomma sintetica senza solventi. Per saperne di pi\u00f9.","og_url":"https:\/\/cardinal-tapes.com\/it\/nastri-adesivi\/sistemi-di-imballaggio\/3m-8953-nastro\/","og_site_name":"cardinal TAPES","og_image":[{"width":600,"height":600,"url":"https:\/\/cardinal-tapes.com\/wp-content\/uploads\/3m_klebeband_8953.jpg","type":"image\/jpeg"}],"twitter_card":"summary_large_image","schema":{"@context":"https:\/\/schema.org","@graph":[{"@type":"WebPage","@id":"https:\/\/cardinal-tapes.com\/it\/nastri-adesivi\/sistemi-di-imballaggio\/3m-8953-nastro\/","url":"https:\/\/cardinal-tapes.com\/it\/nastri-adesivi\/sistemi-di-imballaggio\/3m-8953-nastro\/","name":"3M 8953 Nastro adesivo | Cardinal TAPES","isPartOf":{"@id":"https:\/\/cardinal-tapes.com\/#website"},"primaryImageOfPage":{"@id":"https:\/\/cardinal-tapes.com\/it\/nastri-adesivi\/sistemi-di-imballaggio\/3m-8953-nastro\/#primaryimage"},"image":{"@id":"https:\/\/cardinal-tapes.com\/it\/nastri-adesivi\/sistemi-di-imballaggio\/3m-8953-nastro\/#primaryimage"},"thumbnailUrl":"https:\/\/cardinal-tapes.com\/wp-content\/uploads\/3m_klebeband_8953.jpg","datePublished":"2023-06-05T15:20:37+00:00","description":"Il nastro adesivo 3M 8953 \u00e8 costituito da un materiale di supporto rivestito da un adesivo in gomma sintetica senza solventi. Per saperne di pi\u00f9.","breadcrumb":{"@id":"https:\/\/cardinal-tapes.com\/it\/nastri-adesivi\/sistemi-di-imballaggio\/3m-8953-nastro\/#breadcrumb"},"inLanguage":"it-IT","potentialAction":[{"@type":"ReadAction","target":["https:\/\/cardinal-tapes.com\/it\/nastri-adesivi\/sistemi-di-imballaggio\/3m-8953-nastro\/"]}]},{"@type":"ImageObject","inLanguage":"it-IT","@id":"https:\/\/cardinal-tapes.com\/it\/nastri-adesivi\/sistemi-di-imballaggio\/3m-8953-nastro\/#primaryimage","url":"https:\/\/cardinal-tapes.com\/wp-content\/uploads\/3m_klebeband_8953.jpg","contentUrl":"https:\/\/cardinal-tapes.com\/wp-content\/uploads\/3m_klebeband_8953.jpg","width":600,"height":600,"caption":"Nastro adesivo 3M 8953"},{"@type":"BreadcrumbList","@id":"https:\/\/cardinal-tapes.com\/it\/nastri-adesivi\/sistemi-di-imballaggio\/3m-8953-nastro\/#breadcrumb","itemListElement":[{"@type":"ListItem","position":1,"name":"Startseite","item":"https:\/\/cardinal-tapes.com\/it\/casa\/"},{"@type":"ListItem","position":2,"name":"Nastri adesivi","item":"https:\/\/cardinal-tapes.com\/it\/nastri-adesivi-it\/"},{"@type":"ListItem","position":3,"name":"Sistemi di imballaggio","item":"https:\/\/cardinal-tapes.com\/it\/categoria\/sistemi-di-imballaggio\/"},{"@type":"ListItem","position":4,"name":"Nastro adesivo in fibra di vetro 3M\u2122 8953"}]},{"@type":"WebSite","@id":"https:\/\/cardinal-tapes.com\/#website","url":"https:\/\/cardinal-tapes.com\/","name":"cardinal TAPES","description":"Klebetechnik aus Wuppertal","potentialAction":[{"@type":"SearchAction","target":{"@type":"EntryPoint","urlTemplate":"https:\/\/cardinal-tapes.com\/?s={search_term_string}"},"query-input":{"@type":"PropertyValueSpecification","valueRequired":true,"valueName":"search_term_string"}}],"inLanguage":"it-IT"}]}},"brands":[{"id":2166,"name":"3M","slug":"3m-it"}],"_links":{"self":[{"href":"https:\/\/cardinal-tapes.com\/it\/wp-json\/wp\/v2\/product\/53046","targetHints":{"allow":["GET"]}}],"collection":[{"href":"https:\/\/cardinal-tapes.com\/it\/wp-json\/wp\/v2\/product"}],"about":[{"href":"https:\/\/cardinal-tapes.com\/it\/wp-json\/wp\/v2\/types\/product"}],"wp:featuredmedia":[{"embeddable":true,"href":"https:\/\/cardinal-tapes.com\/it\/wp-json\/wp\/v2\/media\/25417"}],"wp:attachment":[{"href":"https:\/\/cardinal-tapes.com\/it\/wp-json\/wp\/v2\/media?parent=53046"}],"wp:term":[{"taxonomy":"pwb-brand","embeddable":true,"href":"https:\/\/cardinal-tapes.com\/it\/wp-json\/wp\/v2\/pwb-brand?post=53046"},{"taxonomy":"product_brand","embeddable":true,"href":"https:\/\/cardinal-tapes.com\/it\/wp-json\/wp\/v2\/product_brand?post=53046"},{"taxonomy":"product_cat","embeddable":true,"href":"https:\/\/cardinal-tapes.com\/it\/wp-json\/wp\/v2\/product_cat?post=53046"},{"taxonomy":"product_tag","embeddable":true,"href":"https:\/\/cardinal-tapes.com\/it\/wp-json\/wp\/v2\/product_tag?post=53046"}],"curies":[{"name":"wp","href":"https:\/\/api.w.org\/{rel}","templated":true}]}}