{"id":52997,"date":"2017-12-22T16:19:38","date_gmt":"2023-06-05T15:20:36","guid":{"rendered":"https:\/\/cardinal.pixel-tal.de\/klebebaender\/senza-categoria\/3m-scotch-nastro-per-filamenti-8915\/"},"modified":"2023-06-05T17:20:36","modified_gmt":"2023-06-05T15:20:36","slug":"3m-8915-nastro-adesivo-per-filamenti-ad-alte-prestazioni","status":"publish","type":"product","link":"https:\/\/cardinal-tapes.com\/it\/nastri-adesivi\/sistemi-di-imballaggio\/3m-8915-nastro-adesivo-per-filamenti-ad-alte-prestazioni\/","title":{"rendered":"3M\u2122 Scotch\u00ae Nastro per filamenti 8915"},"content":{"rendered":"<p>3M\u2122 Scotch\u00ae Filament Tape 8915 \u00e8 particolarmente adatto per unire temporaneamente parti di elettrodomestici e altri beni durante l&#8217;assemblaggio o la spedizione. Questo nastro di alta qualit\u00e0 \u00e8 rinforzato con fibre di vetro continue e offre un&#8217;eccellente adesione a un&#8217;ampia gamma di superfici. Pu\u00f2 essere rimosso da quasi tutti i materiali senza lasciare residui ed \u00e8 repellente allo sporco.<\/p>\n<p><strong>Propriet\u00e0<\/strong><br \/>\nIl nastro 8915 \u00e8 caratterizzato da un&#8217;elevata resistenza allo strappo e resiste alla flessione, all&#8217;abrasione e all&#8217;umidit\u00e0.<\/p>\n<p><strong>Applicazioni<\/strong><br \/>\n&#8211; Per la ristrutturazione di aree interne<br \/>\n&#8211; Assemblaggio di parti di elettrodomestici e altri beni<br \/>\n&#8211; Adesione a materiali di imballaggio come cartone ondulato, cartone, cartone rigido, plastica e metallo.<\/p>\n","protected":false},"excerpt":{"rendered":"<p>3M\u2122 Scotch\u00ae Filament Tape 8915 \u00e8 particolarmente adatto per unire temporaneamente parti di elettrodomestici e altri beni durante l&#8217;assemblaggio o la spedizione. Questo nastro di alta qualit\u00e0 \u00e8 rinforzato con fibre di vetro continue e offre un&#8217;eccellente adesione a un&#8217;ampia gamma di superfici. Pu\u00f2 essere rimosso da quasi tutti i materiali senza lasciare residui ed [&hellip;]<\/p>\n","protected":false},"featured_media":25421,"template":"","meta":{"_acf_changed":false},"pwb-brand":[2166],"product_brand":[],"product_cat":[1863],"product_tag":[],"class_list":{"0":"post-52997","1":"product","2":"type-product","3":"status-publish","4":"has-post-thumbnail","6":"pwb-brand-3m-it","7":"product_cat-sistemi-di-imballaggio","9":"first","10":"instock","11":"taxable","12":"shipping-taxable","13":"purchasable","14":"product-type-variable"},"acf":[],"yoast_head":"<!-- This site is optimized with the Yoast SEO plugin v27.3 - https:\/\/yoast.com\/product\/yoast-seo-wordpress\/ -->\n<title>3M\u2122 8915 Scotch\u00ae Nastro per filamenti ad alte prestazioni | Cardinal TAPES<\/title>\n<meta name=\"description\" content=\"Il nastro 3M\u2122 8915 Filament Tape con rinforzo in fibra di vetro \u00e8 utilizzato principalmente per impacchettare gli articoli per il trasporto o per fissare i prodotti durante il trasporto.\" \/>\n<meta name=\"robots\" content=\"index, follow, max-snippet:-1, max-image-preview:large, max-video-preview:-1\" \/>\n<link rel=\"canonical\" href=\"https:\/\/cardinal-tapes.com\/it\/nastri-adesivi\/sistemi-di-imballaggio\/3m-8915-nastro-adesivo-per-filamenti-ad-alte-prestazioni\/\" \/>\n<meta property=\"og:locale\" content=\"it_IT\" \/>\n<meta property=\"og:type\" content=\"article\" \/>\n<meta property=\"og:title\" content=\"3M\u2122 8915 Scotch\u00ae Nastro per filamenti ad alte prestazioni | Cardinal TAPES\" \/>\n<meta property=\"og:description\" content=\"Il nastro 3M\u2122 8915 Filament Tape con rinforzo in fibra di vetro \u00e8 utilizzato principalmente per impacchettare gli articoli per il trasporto o per fissare i prodotti durante il trasporto.\" \/>\n<meta property=\"og:url\" content=\"https:\/\/cardinal-tapes.com\/it\/nastri-adesivi\/sistemi-di-imballaggio\/3m-8915-nastro-adesivo-per-filamenti-ad-alte-prestazioni\/\" \/>\n<meta property=\"og:site_name\" content=\"cardinal TAPES\" \/>\n<meta property=\"og:image\" content=\"https:\/\/cardinal-tapes.com\/wp-content\/uploads\/3m_filamentklebeband_hochleistung_8915.jpg\" \/>\n\t<meta property=\"og:image:width\" content=\"600\" \/>\n\t<meta property=\"og:image:height\" content=\"600\" \/>\n\t<meta property=\"og:image:type\" content=\"image\/jpeg\" \/>\n<meta name=\"twitter:card\" content=\"summary_large_image\" \/>\n<meta name=\"twitter:label1\" content=\"Tempo di lettura stimato\" \/>\n\t<meta name=\"twitter:data1\" content=\"1 minuto\" \/>\n<script type=\"application\/ld+json\" class=\"yoast-schema-graph\">{\"@context\":\"https:\\\/\\\/schema.org\",\"@graph\":[{\"@type\":\"WebPage\",\"@id\":\"https:\\\/\\\/cardinal-tapes.com\\\/it\\\/nastri-adesivi\\\/sistemi-di-imballaggio\\\/3m-8915-nastro-adesivo-per-filamenti-ad-alte-prestazioni\\\/\",\"url\":\"https:\\\/\\\/cardinal-tapes.com\\\/it\\\/nastri-adesivi\\\/sistemi-di-imballaggio\\\/3m-8915-nastro-adesivo-per-filamenti-ad-alte-prestazioni\\\/\",\"name\":\"3M\u2122 8915 Scotch\u00ae Nastro per filamenti ad alte prestazioni | Cardinal TAPES\",\"isPartOf\":{\"@id\":\"https:\\\/\\\/cardinal-tapes.com\\\/#website\"},\"primaryImageOfPage\":{\"@id\":\"https:\\\/\\\/cardinal-tapes.com\\\/it\\\/nastri-adesivi\\\/sistemi-di-imballaggio\\\/3m-8915-nastro-adesivo-per-filamenti-ad-alte-prestazioni\\\/#primaryimage\"},\"image\":{\"@id\":\"https:\\\/\\\/cardinal-tapes.com\\\/it\\\/nastri-adesivi\\\/sistemi-di-imballaggio\\\/3m-8915-nastro-adesivo-per-filamenti-ad-alte-prestazioni\\\/#primaryimage\"},\"thumbnailUrl\":\"https:\\\/\\\/cardinal-tapes.com\\\/wp-content\\\/uploads\\\/3m_filamentklebeband_hochleistung_8915.jpg\",\"datePublished\":\"2023-06-05T15:20:36+00:00\",\"description\":\"Il nastro 3M\u2122 8915 Filament Tape con rinforzo in fibra di vetro \u00e8 utilizzato principalmente per impacchettare gli articoli per il trasporto o per fissare i prodotti durante il trasporto.\",\"breadcrumb\":{\"@id\":\"https:\\\/\\\/cardinal-tapes.com\\\/it\\\/nastri-adesivi\\\/sistemi-di-imballaggio\\\/3m-8915-nastro-adesivo-per-filamenti-ad-alte-prestazioni\\\/#breadcrumb\"},\"inLanguage\":\"it-IT\",\"potentialAction\":[{\"@type\":\"ReadAction\",\"target\":[\"https:\\\/\\\/cardinal-tapes.com\\\/it\\\/nastri-adesivi\\\/sistemi-di-imballaggio\\\/3m-8915-nastro-adesivo-per-filamenti-ad-alte-prestazioni\\\/\"]}]},{\"@type\":\"ImageObject\",\"inLanguage\":\"it-IT\",\"@id\":\"https:\\\/\\\/cardinal-tapes.com\\\/it\\\/nastri-adesivi\\\/sistemi-di-imballaggio\\\/3m-8915-nastro-adesivo-per-filamenti-ad-alte-prestazioni\\\/#primaryimage\",\"url\":\"https:\\\/\\\/cardinal-tapes.com\\\/wp-content\\\/uploads\\\/3m_filamentklebeband_hochleistung_8915.jpg\",\"contentUrl\":\"https:\\\/\\\/cardinal-tapes.com\\\/wp-content\\\/uploads\\\/3m_filamentklebeband_hochleistung_8915.jpg\",\"width\":600,\"height\":600,\"caption\":\"Nastro per filamenti 3M 8915\"},{\"@type\":\"BreadcrumbList\",\"@id\":\"https:\\\/\\\/cardinal-tapes.com\\\/it\\\/nastri-adesivi\\\/sistemi-di-imballaggio\\\/3m-8915-nastro-adesivo-per-filamenti-ad-alte-prestazioni\\\/#breadcrumb\",\"itemListElement\":[{\"@type\":\"ListItem\",\"position\":1,\"name\":\"Startseite\",\"item\":\"https:\\\/\\\/cardinal-tapes.com\\\/it\\\/casa\\\/\"},{\"@type\":\"ListItem\",\"position\":2,\"name\":\"Nastri adesivi\",\"item\":\"https:\\\/\\\/cardinal-tapes.com\\\/it\\\/nastri-adesivi-it\\\/\"},{\"@type\":\"ListItem\",\"position\":3,\"name\":\"Sistemi di imballaggio\",\"item\":\"https:\\\/\\\/cardinal-tapes.com\\\/it\\\/categoria\\\/sistemi-di-imballaggio\\\/\"},{\"@type\":\"ListItem\",\"position\":4,\"name\":\"3M\u2122 Scotch\u00ae Nastro per filamenti 8915\"}]},{\"@type\":\"WebSite\",\"@id\":\"https:\\\/\\\/cardinal-tapes.com\\\/#website\",\"url\":\"https:\\\/\\\/cardinal-tapes.com\\\/\",\"name\":\"cardinal TAPES\",\"description\":\"Klebetechnik aus Wuppertal\",\"potentialAction\":[{\"@type\":\"SearchAction\",\"target\":{\"@type\":\"EntryPoint\",\"urlTemplate\":\"https:\\\/\\\/cardinal-tapes.com\\\/?s={search_term_string}\"},\"query-input\":{\"@type\":\"PropertyValueSpecification\",\"valueRequired\":true,\"valueName\":\"search_term_string\"}}],\"inLanguage\":\"it-IT\"}]}<\/script>\n<!-- \/ Yoast SEO plugin. -->","yoast_head_json":{"title":"3M\u2122 8915 Scotch\u00ae Nastro per filamenti ad alte prestazioni | Cardinal TAPES","description":"Il nastro 3M\u2122 8915 Filament Tape con rinforzo in fibra di vetro \u00e8 utilizzato principalmente per impacchettare gli articoli per il trasporto o per fissare i prodotti durante il trasporto.","robots":{"index":"index","follow":"follow","max-snippet":"max-snippet:-1","max-image-preview":"max-image-preview:large","max-video-preview":"max-video-preview:-1"},"canonical":"https:\/\/cardinal-tapes.com\/it\/nastri-adesivi\/sistemi-di-imballaggio\/3m-8915-nastro-adesivo-per-filamenti-ad-alte-prestazioni\/","og_locale":"it_IT","og_type":"article","og_title":"3M\u2122 8915 Scotch\u00ae Nastro per filamenti ad alte prestazioni | Cardinal TAPES","og_description":"Il nastro 3M\u2122 8915 Filament Tape con rinforzo in fibra di vetro \u00e8 utilizzato principalmente per impacchettare gli articoli per il trasporto o per fissare i prodotti durante il trasporto.","og_url":"https:\/\/cardinal-tapes.com\/it\/nastri-adesivi\/sistemi-di-imballaggio\/3m-8915-nastro-adesivo-per-filamenti-ad-alte-prestazioni\/","og_site_name":"cardinal TAPES","og_image":[{"width":600,"height":600,"url":"https:\/\/cardinal-tapes.com\/wp-content\/uploads\/3m_filamentklebeband_hochleistung_8915.jpg","type":"image\/jpeg"}],"twitter_card":"summary_large_image","twitter_misc":{"Tempo di lettura stimato":"1 minuto"},"schema":{"@context":"https:\/\/schema.org","@graph":[{"@type":"WebPage","@id":"https:\/\/cardinal-tapes.com\/it\/nastri-adesivi\/sistemi-di-imballaggio\/3m-8915-nastro-adesivo-per-filamenti-ad-alte-prestazioni\/","url":"https:\/\/cardinal-tapes.com\/it\/nastri-adesivi\/sistemi-di-imballaggio\/3m-8915-nastro-adesivo-per-filamenti-ad-alte-prestazioni\/","name":"3M\u2122 8915 Scotch\u00ae Nastro per filamenti ad alte prestazioni | Cardinal TAPES","isPartOf":{"@id":"https:\/\/cardinal-tapes.com\/#website"},"primaryImageOfPage":{"@id":"https:\/\/cardinal-tapes.com\/it\/nastri-adesivi\/sistemi-di-imballaggio\/3m-8915-nastro-adesivo-per-filamenti-ad-alte-prestazioni\/#primaryimage"},"image":{"@id":"https:\/\/cardinal-tapes.com\/it\/nastri-adesivi\/sistemi-di-imballaggio\/3m-8915-nastro-adesivo-per-filamenti-ad-alte-prestazioni\/#primaryimage"},"thumbnailUrl":"https:\/\/cardinal-tapes.com\/wp-content\/uploads\/3m_filamentklebeband_hochleistung_8915.jpg","datePublished":"2023-06-05T15:20:36+00:00","description":"Il nastro 3M\u2122 8915 Filament Tape con rinforzo in fibra di vetro \u00e8 utilizzato principalmente per impacchettare gli articoli per il trasporto o per fissare i prodotti durante il trasporto.","breadcrumb":{"@id":"https:\/\/cardinal-tapes.com\/it\/nastri-adesivi\/sistemi-di-imballaggio\/3m-8915-nastro-adesivo-per-filamenti-ad-alte-prestazioni\/#breadcrumb"},"inLanguage":"it-IT","potentialAction":[{"@type":"ReadAction","target":["https:\/\/cardinal-tapes.com\/it\/nastri-adesivi\/sistemi-di-imballaggio\/3m-8915-nastro-adesivo-per-filamenti-ad-alte-prestazioni\/"]}]},{"@type":"ImageObject","inLanguage":"it-IT","@id":"https:\/\/cardinal-tapes.com\/it\/nastri-adesivi\/sistemi-di-imballaggio\/3m-8915-nastro-adesivo-per-filamenti-ad-alte-prestazioni\/#primaryimage","url":"https:\/\/cardinal-tapes.com\/wp-content\/uploads\/3m_filamentklebeband_hochleistung_8915.jpg","contentUrl":"https:\/\/cardinal-tapes.com\/wp-content\/uploads\/3m_filamentklebeband_hochleistung_8915.jpg","width":600,"height":600,"caption":"Nastro per filamenti 3M 8915"},{"@type":"BreadcrumbList","@id":"https:\/\/cardinal-tapes.com\/it\/nastri-adesivi\/sistemi-di-imballaggio\/3m-8915-nastro-adesivo-per-filamenti-ad-alte-prestazioni\/#breadcrumb","itemListElement":[{"@type":"ListItem","position":1,"name":"Startseite","item":"https:\/\/cardinal-tapes.com\/it\/casa\/"},{"@type":"ListItem","position":2,"name":"Nastri adesivi","item":"https:\/\/cardinal-tapes.com\/it\/nastri-adesivi-it\/"},{"@type":"ListItem","position":3,"name":"Sistemi di imballaggio","item":"https:\/\/cardinal-tapes.com\/it\/categoria\/sistemi-di-imballaggio\/"},{"@type":"ListItem","position":4,"name":"3M\u2122 Scotch\u00ae Nastro per filamenti 8915"}]},{"@type":"WebSite","@id":"https:\/\/cardinal-tapes.com\/#website","url":"https:\/\/cardinal-tapes.com\/","name":"cardinal TAPES","description":"Klebetechnik aus Wuppertal","potentialAction":[{"@type":"SearchAction","target":{"@type":"EntryPoint","urlTemplate":"https:\/\/cardinal-tapes.com\/?s={search_term_string}"},"query-input":{"@type":"PropertyValueSpecification","valueRequired":true,"valueName":"search_term_string"}}],"inLanguage":"it-IT"}]}},"brands":[{"id":2166,"name":"3M","slug":"3m-it"}],"_links":{"self":[{"href":"https:\/\/cardinal-tapes.com\/it\/wp-json\/wp\/v2\/product\/52997","targetHints":{"allow":["GET"]}}],"collection":[{"href":"https:\/\/cardinal-tapes.com\/it\/wp-json\/wp\/v2\/product"}],"about":[{"href":"https:\/\/cardinal-tapes.com\/it\/wp-json\/wp\/v2\/types\/product"}],"wp:featuredmedia":[{"embeddable":true,"href":"https:\/\/cardinal-tapes.com\/it\/wp-json\/wp\/v2\/media\/25421"}],"wp:attachment":[{"href":"https:\/\/cardinal-tapes.com\/it\/wp-json\/wp\/v2\/media?parent=52997"}],"wp:term":[{"taxonomy":"pwb-brand","embeddable":true,"href":"https:\/\/cardinal-tapes.com\/it\/wp-json\/wp\/v2\/pwb-brand?post=52997"},{"taxonomy":"product_brand","embeddable":true,"href":"https:\/\/cardinal-tapes.com\/it\/wp-json\/wp\/v2\/product_brand?post=52997"},{"taxonomy":"product_cat","embeddable":true,"href":"https:\/\/cardinal-tapes.com\/it\/wp-json\/wp\/v2\/product_cat?post=52997"},{"taxonomy":"product_tag","embeddable":true,"href":"https:\/\/cardinal-tapes.com\/it\/wp-json\/wp\/v2\/product_tag?post=52997"}],"curies":[{"name":"wp","href":"https:\/\/api.w.org\/{rel}","templated":true}]}}