{"id":52886,"date":"2018-01-26T12:29:50","date_gmt":"2023-06-05T15:20:33","guid":{"rendered":"https:\/\/cardinal.pixel-tal.de\/klebebaender\/senza-categoria\/nastro-per-mascheratura-in-poliestere-3m-8905\/"},"modified":"2025-07-03T14:30:50","modified_gmt":"2025-07-03T12:30:50","slug":"3m-8905-polyester-cover-tapes","status":"publish","type":"product","link":"https:\/\/cardinal-tapes.com\/it\/nastri-adesivi\/nastri-monoadesivi\/3m-8905-polyester-cover-tapes\/","title":{"rendered":"Nastro per mascheratura in poliestere 3M\u2122 8905"},"content":{"rendered":"<p>Il nastro poliestere 3M\u2122 8905 \u00e8 il pi\u00f9 spesso della serie 8900 ed \u00e8 un nastro in poliestere per impieghi gravosi, ideale per la mascheratura ad alte temperature. Il trasportino \u00e8 resistente agli strappi e di colore blu traslucido per facilitare il posizionamento. Rivestito con un adesivo al silicone, questo nastro \u00e8 ideale per la mascheratura per la verniciatura a polvere per creare linee di colore nitide.<\/p>\n<p><strong>Propriet\u00e0<\/strong><br \/>\nIl nastro adesivo 8905 \u00e8 caratterizzato da una buona resistenza chimica e funziona efficacemente nei processi chimici e in condizioni difficili, come l&#8217;anodizzazione. L&#8217;adesivo siliconico sensibile alla pressione si comporta bene in un ampio intervallo di temperature, da 50\u00b0C a 204\u00b0C, e il supporto blu traslucido \u00e8 anche resistente allo strappo. Inoltre, pu\u00f2 essere rimosso in modo pulito e in un unico pezzo dalla maggior parte delle superfici ed evita scivolamenti e strappi.<\/p>\n<p><strong>Applicazioni<\/strong><br \/>\n&#8211; Per la copertura dei pezzi durante la verniciatura a polvere<br \/>\n&#8211; Per la giunzione di rivestimenti in silicone, film e carte<br \/>\n&#8211; Adatto come barriera per la separazione di metalli dissimili<\/p>\n","protected":false},"excerpt":{"rendered":"<p>Il nastro poliestere 3M\u2122 8905 \u00e8 il pi\u00f9 spesso della serie 8900 ed \u00e8 un nastro in poliestere per impieghi gravosi, ideale per la mascheratura ad alte temperature. Il trasportino \u00e8 resistente agli strappi e di colore blu traslucido per facilitare il posizionamento. Rivestito con un adesivo al silicone, questo nastro \u00e8 ideale per la [&hellip;]<\/p>\n","protected":false},"featured_media":24433,"template":"","meta":{"_acf_changed":false},"pwb-brand":[2166],"product_brand":[],"product_cat":[1826],"product_tag":[],"class_list":{"0":"post-52886","1":"product","2":"type-product","3":"status-publish","4":"has-post-thumbnail","6":"pwb-brand-3m-it","7":"product_cat-nastri-monoadesivi","9":"first","10":"instock","11":"taxable","12":"shipping-taxable","13":"purchasable","14":"product-type-variable"},"acf":[],"yoast_head":"<!-- This site is optimized with the Yoast SEO plugin v27.3 - https:\/\/yoast.com\/product\/yoast-seo-wordpress\/ -->\n<title>Nastro per mascheratura in poliestere 3M\u2122 8905 | Nastri Cardinali<\/title>\n<meta name=\"description\" content=\"Il nastro della Serie 8900 pi\u00f9 spesso, 3M\u2122 Polyester Tape 8905, \u00e8 un nastro in poliestere per impieghi gravosi, ideale per la mascheratura ad alte temperature.\" \/>\n<meta name=\"robots\" content=\"index, follow, max-snippet:-1, max-image-preview:large, max-video-preview:-1\" \/>\n<link rel=\"canonical\" href=\"https:\/\/cardinal-tapes.com\/it\/nastri-adesivi\/nastri-monoadesivi\/3m-8905-polyester-cover-tapes\/\" \/>\n<meta property=\"og:locale\" content=\"it_IT\" \/>\n<meta property=\"og:type\" content=\"article\" \/>\n<meta property=\"og:title\" content=\"Nastro per mascheratura in poliestere 3M\u2122 8905 | Nastri Cardinali\" \/>\n<meta property=\"og:description\" content=\"Il nastro della Serie 8900 pi\u00f9 spesso, 3M\u2122 Polyester Tape 8905, \u00e8 un nastro in poliestere per impieghi gravosi, ideale per la mascheratura ad alte temperature.\" \/>\n<meta property=\"og:url\" content=\"https:\/\/cardinal-tapes.com\/it\/nastri-adesivi\/nastri-monoadesivi\/3m-8905-polyester-cover-tapes\/\" \/>\n<meta property=\"og:site_name\" content=\"cardinal TAPES\" \/>\n<meta property=\"article:modified_time\" content=\"2025-07-03T12:30:50+00:00\" \/>\n<meta property=\"og:image\" content=\"https:\/\/cardinal-tapes.com\/wp-content\/uploads\/3m_polyester_abdeck_pulverlackierung_8901.jpg\" \/>\n\t<meta property=\"og:image:width\" content=\"600\" \/>\n\t<meta property=\"og:image:height\" content=\"600\" \/>\n\t<meta property=\"og:image:type\" content=\"image\/jpeg\" \/>\n<meta name=\"twitter:card\" content=\"summary_large_image\" \/>\n<meta name=\"twitter:label1\" content=\"Tempo di lettura stimato\" \/>\n\t<meta name=\"twitter:data1\" content=\"1 minuto\" \/>\n<script type=\"application\/ld+json\" class=\"yoast-schema-graph\">{\"@context\":\"https:\\\/\\\/schema.org\",\"@graph\":[{\"@type\":\"WebPage\",\"@id\":\"https:\\\/\\\/cardinal-tapes.com\\\/it\\\/nastri-adesivi\\\/nastri-monoadesivi\\\/3m-8905-polyester-cover-tapes\\\/\",\"url\":\"https:\\\/\\\/cardinal-tapes.com\\\/it\\\/nastri-adesivi\\\/nastri-monoadesivi\\\/3m-8905-polyester-cover-tapes\\\/\",\"name\":\"Nastro per mascheratura in poliestere 3M\u2122 8905 | Nastri Cardinali\",\"isPartOf\":{\"@id\":\"https:\\\/\\\/cardinal-tapes.com\\\/#website\"},\"primaryImageOfPage\":{\"@id\":\"https:\\\/\\\/cardinal-tapes.com\\\/it\\\/nastri-adesivi\\\/nastri-monoadesivi\\\/3m-8905-polyester-cover-tapes\\\/#primaryimage\"},\"image\":{\"@id\":\"https:\\\/\\\/cardinal-tapes.com\\\/it\\\/nastri-adesivi\\\/nastri-monoadesivi\\\/3m-8905-polyester-cover-tapes\\\/#primaryimage\"},\"thumbnailUrl\":\"https:\\\/\\\/cardinal-tapes.com\\\/wp-content\\\/uploads\\\/3m_polyester_abdeck_pulverlackierung_8901.jpg\",\"datePublished\":\"2023-06-05T15:20:33+00:00\",\"dateModified\":\"2025-07-03T12:30:50+00:00\",\"description\":\"Il nastro della Serie 8900 pi\u00f9 spesso, 3M\u2122 Polyester Tape 8905, \u00e8 un nastro in poliestere per impieghi gravosi, ideale per la mascheratura ad alte temperature.\",\"breadcrumb\":{\"@id\":\"https:\\\/\\\/cardinal-tapes.com\\\/it\\\/nastri-adesivi\\\/nastri-monoadesivi\\\/3m-8905-polyester-cover-tapes\\\/#breadcrumb\"},\"inLanguage\":\"it-IT\",\"potentialAction\":[{\"@type\":\"ReadAction\",\"target\":[\"https:\\\/\\\/cardinal-tapes.com\\\/it\\\/nastri-adesivi\\\/nastri-monoadesivi\\\/3m-8905-polyester-cover-tapes\\\/\"]}]},{\"@type\":\"ImageObject\",\"inLanguage\":\"it-IT\",\"@id\":\"https:\\\/\\\/cardinal-tapes.com\\\/it\\\/nastri-adesivi\\\/nastri-monoadesivi\\\/3m-8905-polyester-cover-tapes\\\/#primaryimage\",\"url\":\"https:\\\/\\\/cardinal-tapes.com\\\/wp-content\\\/uploads\\\/3m_polyester_abdeck_pulverlackierung_8901.jpg\",\"contentUrl\":\"https:\\\/\\\/cardinal-tapes.com\\\/wp-content\\\/uploads\\\/3m_polyester_abdeck_pulverlackierung_8901.jpg\",\"width\":600,\"height\":600,\"caption\":\"Nastro di mascheratura in poliestere 3M 8901\"},{\"@type\":\"BreadcrumbList\",\"@id\":\"https:\\\/\\\/cardinal-tapes.com\\\/it\\\/nastri-adesivi\\\/nastri-monoadesivi\\\/3m-8905-polyester-cover-tapes\\\/#breadcrumb\",\"itemListElement\":[{\"@type\":\"ListItem\",\"position\":1,\"name\":\"Startseite\",\"item\":\"https:\\\/\\\/cardinal-tapes.com\\\/it\\\/casa\\\/\"},{\"@type\":\"ListItem\",\"position\":2,\"name\":\"Nastri adesivi\",\"item\":\"https:\\\/\\\/cardinal-tapes.com\\\/it\\\/nastri-adesivi-it\\\/\"},{\"@type\":\"ListItem\",\"position\":3,\"name\":\"Nastri monoadesivi\",\"item\":\"https:\\\/\\\/cardinal-tapes.com\\\/it\\\/categoria\\\/nastri-monoadesivi\\\/\"},{\"@type\":\"ListItem\",\"position\":4,\"name\":\"Nastro per mascheratura in poliestere 3M\u2122 8905\"}]},{\"@type\":\"WebSite\",\"@id\":\"https:\\\/\\\/cardinal-tapes.com\\\/#website\",\"url\":\"https:\\\/\\\/cardinal-tapes.com\\\/\",\"name\":\"cardinal TAPES\",\"description\":\"Klebetechnik aus Wuppertal\",\"potentialAction\":[{\"@type\":\"SearchAction\",\"target\":{\"@type\":\"EntryPoint\",\"urlTemplate\":\"https:\\\/\\\/cardinal-tapes.com\\\/?s={search_term_string}\"},\"query-input\":{\"@type\":\"PropertyValueSpecification\",\"valueRequired\":true,\"valueName\":\"search_term_string\"}}],\"inLanguage\":\"it-IT\"}]}<\/script>\n<!-- \/ Yoast SEO plugin. -->","yoast_head_json":{"title":"Nastro per mascheratura in poliestere 3M\u2122 8905 | Nastri Cardinali","description":"Il nastro della Serie 8900 pi\u00f9 spesso, 3M\u2122 Polyester Tape 8905, \u00e8 un nastro in poliestere per impieghi gravosi, ideale per la mascheratura ad alte temperature.","robots":{"index":"index","follow":"follow","max-snippet":"max-snippet:-1","max-image-preview":"max-image-preview:large","max-video-preview":"max-video-preview:-1"},"canonical":"https:\/\/cardinal-tapes.com\/it\/nastri-adesivi\/nastri-monoadesivi\/3m-8905-polyester-cover-tapes\/","og_locale":"it_IT","og_type":"article","og_title":"Nastro per mascheratura in poliestere 3M\u2122 8905 | Nastri Cardinali","og_description":"Il nastro della Serie 8900 pi\u00f9 spesso, 3M\u2122 Polyester Tape 8905, \u00e8 un nastro in poliestere per impieghi gravosi, ideale per la mascheratura ad alte temperature.","og_url":"https:\/\/cardinal-tapes.com\/it\/nastri-adesivi\/nastri-monoadesivi\/3m-8905-polyester-cover-tapes\/","og_site_name":"cardinal TAPES","article_modified_time":"2025-07-03T12:30:50+00:00","og_image":[{"width":600,"height":600,"url":"https:\/\/cardinal-tapes.com\/wp-content\/uploads\/3m_polyester_abdeck_pulverlackierung_8901.jpg","type":"image\/jpeg"}],"twitter_card":"summary_large_image","twitter_misc":{"Tempo di lettura stimato":"1 minuto"},"schema":{"@context":"https:\/\/schema.org","@graph":[{"@type":"WebPage","@id":"https:\/\/cardinal-tapes.com\/it\/nastri-adesivi\/nastri-monoadesivi\/3m-8905-polyester-cover-tapes\/","url":"https:\/\/cardinal-tapes.com\/it\/nastri-adesivi\/nastri-monoadesivi\/3m-8905-polyester-cover-tapes\/","name":"Nastro per mascheratura in poliestere 3M\u2122 8905 | Nastri Cardinali","isPartOf":{"@id":"https:\/\/cardinal-tapes.com\/#website"},"primaryImageOfPage":{"@id":"https:\/\/cardinal-tapes.com\/it\/nastri-adesivi\/nastri-monoadesivi\/3m-8905-polyester-cover-tapes\/#primaryimage"},"image":{"@id":"https:\/\/cardinal-tapes.com\/it\/nastri-adesivi\/nastri-monoadesivi\/3m-8905-polyester-cover-tapes\/#primaryimage"},"thumbnailUrl":"https:\/\/cardinal-tapes.com\/wp-content\/uploads\/3m_polyester_abdeck_pulverlackierung_8901.jpg","datePublished":"2023-06-05T15:20:33+00:00","dateModified":"2025-07-03T12:30:50+00:00","description":"Il nastro della Serie 8900 pi\u00f9 spesso, 3M\u2122 Polyester Tape 8905, \u00e8 un nastro in poliestere per impieghi gravosi, ideale per la mascheratura ad alte temperature.","breadcrumb":{"@id":"https:\/\/cardinal-tapes.com\/it\/nastri-adesivi\/nastri-monoadesivi\/3m-8905-polyester-cover-tapes\/#breadcrumb"},"inLanguage":"it-IT","potentialAction":[{"@type":"ReadAction","target":["https:\/\/cardinal-tapes.com\/it\/nastri-adesivi\/nastri-monoadesivi\/3m-8905-polyester-cover-tapes\/"]}]},{"@type":"ImageObject","inLanguage":"it-IT","@id":"https:\/\/cardinal-tapes.com\/it\/nastri-adesivi\/nastri-monoadesivi\/3m-8905-polyester-cover-tapes\/#primaryimage","url":"https:\/\/cardinal-tapes.com\/wp-content\/uploads\/3m_polyester_abdeck_pulverlackierung_8901.jpg","contentUrl":"https:\/\/cardinal-tapes.com\/wp-content\/uploads\/3m_polyester_abdeck_pulverlackierung_8901.jpg","width":600,"height":600,"caption":"Nastro di mascheratura in poliestere 3M 8901"},{"@type":"BreadcrumbList","@id":"https:\/\/cardinal-tapes.com\/it\/nastri-adesivi\/nastri-monoadesivi\/3m-8905-polyester-cover-tapes\/#breadcrumb","itemListElement":[{"@type":"ListItem","position":1,"name":"Startseite","item":"https:\/\/cardinal-tapes.com\/it\/casa\/"},{"@type":"ListItem","position":2,"name":"Nastri adesivi","item":"https:\/\/cardinal-tapes.com\/it\/nastri-adesivi-it\/"},{"@type":"ListItem","position":3,"name":"Nastri monoadesivi","item":"https:\/\/cardinal-tapes.com\/it\/categoria\/nastri-monoadesivi\/"},{"@type":"ListItem","position":4,"name":"Nastro per mascheratura in poliestere 3M\u2122 8905"}]},{"@type":"WebSite","@id":"https:\/\/cardinal-tapes.com\/#website","url":"https:\/\/cardinal-tapes.com\/","name":"cardinal TAPES","description":"Klebetechnik aus Wuppertal","potentialAction":[{"@type":"SearchAction","target":{"@type":"EntryPoint","urlTemplate":"https:\/\/cardinal-tapes.com\/?s={search_term_string}"},"query-input":{"@type":"PropertyValueSpecification","valueRequired":true,"valueName":"search_term_string"}}],"inLanguage":"it-IT"}]}},"brands":[{"id":2166,"name":"3M","slug":"3m-it"}],"_links":{"self":[{"href":"https:\/\/cardinal-tapes.com\/it\/wp-json\/wp\/v2\/product\/52886","targetHints":{"allow":["GET"]}}],"collection":[{"href":"https:\/\/cardinal-tapes.com\/it\/wp-json\/wp\/v2\/product"}],"about":[{"href":"https:\/\/cardinal-tapes.com\/it\/wp-json\/wp\/v2\/types\/product"}],"wp:featuredmedia":[{"embeddable":true,"href":"https:\/\/cardinal-tapes.com\/it\/wp-json\/wp\/v2\/media\/24433"}],"wp:attachment":[{"href":"https:\/\/cardinal-tapes.com\/it\/wp-json\/wp\/v2\/media?parent=52886"}],"wp:term":[{"taxonomy":"pwb-brand","embeddable":true,"href":"https:\/\/cardinal-tapes.com\/it\/wp-json\/wp\/v2\/pwb-brand?post=52886"},{"taxonomy":"product_brand","embeddable":true,"href":"https:\/\/cardinal-tapes.com\/it\/wp-json\/wp\/v2\/product_brand?post=52886"},{"taxonomy":"product_cat","embeddable":true,"href":"https:\/\/cardinal-tapes.com\/it\/wp-json\/wp\/v2\/product_cat?post=52886"},{"taxonomy":"product_tag","embeddable":true,"href":"https:\/\/cardinal-tapes.com\/it\/wp-json\/wp\/v2\/product_tag?post=52886"}],"curies":[{"name":"wp","href":"https:\/\/api.w.org\/{rel}","templated":true}]}}