{"id":52869,"date":"2018-01-26T15:07:06","date_gmt":"2023-06-05T15:20:33","guid":{"rendered":"https:\/\/cardinal.pixel-tal.de\/klebebaender\/senza-categoria\/nastro-poliestere-3m-853\/"},"modified":"2025-07-03T14:30:42","modified_gmt":"2025-07-03T12:30:42","slug":"3m-853-nastro-adesivo-in-poliestere","status":"publish","type":"product","link":"https:\/\/cardinal-tapes.com\/it\/nastri-adesivi\/nastri-monoadesivi\/3m-853-nastro-adesivo-in-poliestere\/","title":{"rendered":"Nastro poliestere 3M\u2122 853"},"content":{"rendered":"<p>Il nastro in pellicola di poliestere 3M\u2122 853 \u00e8 un nastro in pellicola di poliestere trasparente con adesivo acrilico resistente ai solventi. \u00c8 stato progettato per resistere ai rigori dei processi in cui il contatto con i solventi \u00e8 un problema. Questo include molte applicazioni per le quali questo nastro \u00e8 ideale grazie al suo design sottile ma robusto.<\/p>\n<p><strong>Caratteristiche<br \/>\n<\/strong>Il supporto ha una bassa permeabilit\u00e0 al vapore acqueo, che lo rende ideale per un uso prolungato. Inoltre, il nastro adesivo 853 \u00e8 caratterizzato da un&#8217;ottima resistenza alle temperature comprese tra 60\u00b0F \/ 50\u00b0C e 300\u00b0F \/ 150\u00b0C e da una buona resistenza ai solventi.<\/p>\n<p><b>Applicazioni<br \/>\n<\/b>&#8211; Decorazione di elettrodomestici, mobili, ecc.<br \/>\n&#8211; Produzione di etichette stampate e fustellate<br \/>\n&#8211; Etichettatura e giuntura<\/p>\n<p>&nbsp;<\/p>\n<p>&nbsp;<\/p>\n","protected":false},"excerpt":{"rendered":"<p>Il nastro in pellicola di poliestere 3M\u2122 853 \u00e8 un nastro in pellicola di poliestere trasparente con adesivo acrilico resistente ai solventi. \u00c8 stato progettato per resistere ai rigori dei processi in cui il contatto con i solventi \u00e8 un problema. Questo include molte applicazioni per le quali questo nastro \u00e8 ideale grazie al suo [&hellip;]<\/p>\n","protected":false},"featured_media":24437,"template":"","meta":{"_acf_changed":false},"pwb-brand":[2166],"product_brand":[],"product_cat":[1826],"product_tag":[],"class_list":{"0":"post-52869","1":"product","2":"type-product","3":"status-publish","4":"has-post-thumbnail","6":"pwb-brand-3m-it","7":"product_cat-nastri-monoadesivi","9":"first","10":"instock","11":"taxable","12":"shipping-taxable","13":"purchasable","14":"product-type-variable"},"acf":[],"yoast_head":"<!-- This site is optimized with the Yoast SEO plugin v27.3 - https:\/\/yoast.com\/product\/yoast-seo-wordpress\/ -->\n<title>Nastro in poliestere 3M\u2122 853 | Cardinal TAPES<\/title>\n<meta name=\"description\" content=\"Il nastro in poliestere 3M\u2122 853 \u00e8 un nastro in poliestere trasparente con adesivo acrilico resistente ai solventi.\" \/>\n<meta name=\"robots\" content=\"index, follow, max-snippet:-1, max-image-preview:large, max-video-preview:-1\" \/>\n<link rel=\"canonical\" href=\"https:\/\/cardinal-tapes.com\/it\/nastri-adesivi\/nastri-monoadesivi\/3m-853-nastro-adesivo-in-poliestere\/\" \/>\n<meta property=\"og:locale\" content=\"it_IT\" \/>\n<meta property=\"og:type\" content=\"article\" \/>\n<meta property=\"og:title\" content=\"Nastro in poliestere 3M\u2122 853 | Cardinal TAPES\" \/>\n<meta property=\"og:description\" content=\"Il nastro in poliestere 3M\u2122 853 \u00e8 un nastro in poliestere trasparente con adesivo acrilico resistente ai solventi.\" \/>\n<meta property=\"og:url\" content=\"https:\/\/cardinal-tapes.com\/it\/nastri-adesivi\/nastri-monoadesivi\/3m-853-nastro-adesivo-in-poliestere\/\" \/>\n<meta property=\"og:site_name\" content=\"cardinal TAPES\" \/>\n<meta property=\"article:modified_time\" content=\"2025-07-03T12:30:42+00:00\" \/>\n<meta property=\"og:image\" content=\"https:\/\/cardinal-tapes.com\/wp-content\/uploads\/3m_polyesterklebeband_396.jpg\" \/>\n\t<meta property=\"og:image:width\" content=\"600\" \/>\n\t<meta property=\"og:image:height\" content=\"600\" \/>\n\t<meta property=\"og:image:type\" content=\"image\/jpeg\" \/>\n<meta name=\"twitter:card\" content=\"summary_large_image\" \/>\n<meta name=\"twitter:label1\" content=\"Tempo di lettura stimato\" \/>\n\t<meta name=\"twitter:data1\" content=\"1 minuto\" \/>\n<script type=\"application\/ld+json\" class=\"yoast-schema-graph\">{\"@context\":\"https:\\\/\\\/schema.org\",\"@graph\":[{\"@type\":\"WebPage\",\"@id\":\"https:\\\/\\\/cardinal-tapes.com\\\/it\\\/nastri-adesivi\\\/nastri-monoadesivi\\\/3m-853-nastro-adesivo-in-poliestere\\\/\",\"url\":\"https:\\\/\\\/cardinal-tapes.com\\\/it\\\/nastri-adesivi\\\/nastri-monoadesivi\\\/3m-853-nastro-adesivo-in-poliestere\\\/\",\"name\":\"Nastro in poliestere 3M\u2122 853 | Cardinal TAPES\",\"isPartOf\":{\"@id\":\"https:\\\/\\\/cardinal-tapes.com\\\/#website\"},\"primaryImageOfPage\":{\"@id\":\"https:\\\/\\\/cardinal-tapes.com\\\/it\\\/nastri-adesivi\\\/nastri-monoadesivi\\\/3m-853-nastro-adesivo-in-poliestere\\\/#primaryimage\"},\"image\":{\"@id\":\"https:\\\/\\\/cardinal-tapes.com\\\/it\\\/nastri-adesivi\\\/nastri-monoadesivi\\\/3m-853-nastro-adesivo-in-poliestere\\\/#primaryimage\"},\"thumbnailUrl\":\"https:\\\/\\\/cardinal-tapes.com\\\/wp-content\\\/uploads\\\/3m_polyesterklebeband_396.jpg\",\"datePublished\":\"2023-06-05T15:20:33+00:00\",\"dateModified\":\"2025-07-03T12:30:42+00:00\",\"description\":\"Il nastro in poliestere 3M\u2122 853 \u00e8 un nastro in poliestere trasparente con adesivo acrilico resistente ai solventi.\",\"breadcrumb\":{\"@id\":\"https:\\\/\\\/cardinal-tapes.com\\\/it\\\/nastri-adesivi\\\/nastri-monoadesivi\\\/3m-853-nastro-adesivo-in-poliestere\\\/#breadcrumb\"},\"inLanguage\":\"it-IT\",\"potentialAction\":[{\"@type\":\"ReadAction\",\"target\":[\"https:\\\/\\\/cardinal-tapes.com\\\/it\\\/nastri-adesivi\\\/nastri-monoadesivi\\\/3m-853-nastro-adesivo-in-poliestere\\\/\"]}]},{\"@type\":\"ImageObject\",\"inLanguage\":\"it-IT\",\"@id\":\"https:\\\/\\\/cardinal-tapes.com\\\/it\\\/nastri-adesivi\\\/nastri-monoadesivi\\\/3m-853-nastro-adesivo-in-poliestere\\\/#primaryimage\",\"url\":\"https:\\\/\\\/cardinal-tapes.com\\\/wp-content\\\/uploads\\\/3m_polyesterklebeband_396.jpg\",\"contentUrl\":\"https:\\\/\\\/cardinal-tapes.com\\\/wp-content\\\/uploads\\\/3m_polyesterklebeband_396.jpg\",\"width\":600,\"height\":600,\"caption\":\"Nastro adesivo 3M in poliestere 396\"},{\"@type\":\"BreadcrumbList\",\"@id\":\"https:\\\/\\\/cardinal-tapes.com\\\/it\\\/nastri-adesivi\\\/nastri-monoadesivi\\\/3m-853-nastro-adesivo-in-poliestere\\\/#breadcrumb\",\"itemListElement\":[{\"@type\":\"ListItem\",\"position\":1,\"name\":\"Startseite\",\"item\":\"https:\\\/\\\/cardinal-tapes.com\\\/it\\\/casa\\\/\"},{\"@type\":\"ListItem\",\"position\":2,\"name\":\"Nastri adesivi\",\"item\":\"https:\\\/\\\/cardinal-tapes.com\\\/it\\\/nastri-adesivi-it\\\/\"},{\"@type\":\"ListItem\",\"position\":3,\"name\":\"Nastri monoadesivi\",\"item\":\"https:\\\/\\\/cardinal-tapes.com\\\/it\\\/categoria\\\/nastri-monoadesivi\\\/\"},{\"@type\":\"ListItem\",\"position\":4,\"name\":\"Nastro poliestere 3M\u2122 853\"}]},{\"@type\":\"WebSite\",\"@id\":\"https:\\\/\\\/cardinal-tapes.com\\\/#website\",\"url\":\"https:\\\/\\\/cardinal-tapes.com\\\/\",\"name\":\"cardinal TAPES\",\"description\":\"Klebetechnik aus Wuppertal\",\"potentialAction\":[{\"@type\":\"SearchAction\",\"target\":{\"@type\":\"EntryPoint\",\"urlTemplate\":\"https:\\\/\\\/cardinal-tapes.com\\\/?s={search_term_string}\"},\"query-input\":{\"@type\":\"PropertyValueSpecification\",\"valueRequired\":true,\"valueName\":\"search_term_string\"}}],\"inLanguage\":\"it-IT\"}]}<\/script>\n<!-- \/ Yoast SEO plugin. -->","yoast_head_json":{"title":"Nastro in poliestere 3M\u2122 853 | Cardinal TAPES","description":"Il nastro in poliestere 3M\u2122 853 \u00e8 un nastro in poliestere trasparente con adesivo acrilico resistente ai solventi.","robots":{"index":"index","follow":"follow","max-snippet":"max-snippet:-1","max-image-preview":"max-image-preview:large","max-video-preview":"max-video-preview:-1"},"canonical":"https:\/\/cardinal-tapes.com\/it\/nastri-adesivi\/nastri-monoadesivi\/3m-853-nastro-adesivo-in-poliestere\/","og_locale":"it_IT","og_type":"article","og_title":"Nastro in poliestere 3M\u2122 853 | Cardinal TAPES","og_description":"Il nastro in poliestere 3M\u2122 853 \u00e8 un nastro in poliestere trasparente con adesivo acrilico resistente ai solventi.","og_url":"https:\/\/cardinal-tapes.com\/it\/nastri-adesivi\/nastri-monoadesivi\/3m-853-nastro-adesivo-in-poliestere\/","og_site_name":"cardinal TAPES","article_modified_time":"2025-07-03T12:30:42+00:00","og_image":[{"width":600,"height":600,"url":"https:\/\/cardinal-tapes.com\/wp-content\/uploads\/3m_polyesterklebeband_396.jpg","type":"image\/jpeg"}],"twitter_card":"summary_large_image","twitter_misc":{"Tempo di lettura stimato":"1 minuto"},"schema":{"@context":"https:\/\/schema.org","@graph":[{"@type":"WebPage","@id":"https:\/\/cardinal-tapes.com\/it\/nastri-adesivi\/nastri-monoadesivi\/3m-853-nastro-adesivo-in-poliestere\/","url":"https:\/\/cardinal-tapes.com\/it\/nastri-adesivi\/nastri-monoadesivi\/3m-853-nastro-adesivo-in-poliestere\/","name":"Nastro in poliestere 3M\u2122 853 | Cardinal TAPES","isPartOf":{"@id":"https:\/\/cardinal-tapes.com\/#website"},"primaryImageOfPage":{"@id":"https:\/\/cardinal-tapes.com\/it\/nastri-adesivi\/nastri-monoadesivi\/3m-853-nastro-adesivo-in-poliestere\/#primaryimage"},"image":{"@id":"https:\/\/cardinal-tapes.com\/it\/nastri-adesivi\/nastri-monoadesivi\/3m-853-nastro-adesivo-in-poliestere\/#primaryimage"},"thumbnailUrl":"https:\/\/cardinal-tapes.com\/wp-content\/uploads\/3m_polyesterklebeband_396.jpg","datePublished":"2023-06-05T15:20:33+00:00","dateModified":"2025-07-03T12:30:42+00:00","description":"Il nastro in poliestere 3M\u2122 853 \u00e8 un nastro in poliestere trasparente con adesivo acrilico resistente ai solventi.","breadcrumb":{"@id":"https:\/\/cardinal-tapes.com\/it\/nastri-adesivi\/nastri-monoadesivi\/3m-853-nastro-adesivo-in-poliestere\/#breadcrumb"},"inLanguage":"it-IT","potentialAction":[{"@type":"ReadAction","target":["https:\/\/cardinal-tapes.com\/it\/nastri-adesivi\/nastri-monoadesivi\/3m-853-nastro-adesivo-in-poliestere\/"]}]},{"@type":"ImageObject","inLanguage":"it-IT","@id":"https:\/\/cardinal-tapes.com\/it\/nastri-adesivi\/nastri-monoadesivi\/3m-853-nastro-adesivo-in-poliestere\/#primaryimage","url":"https:\/\/cardinal-tapes.com\/wp-content\/uploads\/3m_polyesterklebeband_396.jpg","contentUrl":"https:\/\/cardinal-tapes.com\/wp-content\/uploads\/3m_polyesterklebeband_396.jpg","width":600,"height":600,"caption":"Nastro adesivo 3M in poliestere 396"},{"@type":"BreadcrumbList","@id":"https:\/\/cardinal-tapes.com\/it\/nastri-adesivi\/nastri-monoadesivi\/3m-853-nastro-adesivo-in-poliestere\/#breadcrumb","itemListElement":[{"@type":"ListItem","position":1,"name":"Startseite","item":"https:\/\/cardinal-tapes.com\/it\/casa\/"},{"@type":"ListItem","position":2,"name":"Nastri adesivi","item":"https:\/\/cardinal-tapes.com\/it\/nastri-adesivi-it\/"},{"@type":"ListItem","position":3,"name":"Nastri monoadesivi","item":"https:\/\/cardinal-tapes.com\/it\/categoria\/nastri-monoadesivi\/"},{"@type":"ListItem","position":4,"name":"Nastro poliestere 3M\u2122 853"}]},{"@type":"WebSite","@id":"https:\/\/cardinal-tapes.com\/#website","url":"https:\/\/cardinal-tapes.com\/","name":"cardinal TAPES","description":"Klebetechnik aus Wuppertal","potentialAction":[{"@type":"SearchAction","target":{"@type":"EntryPoint","urlTemplate":"https:\/\/cardinal-tapes.com\/?s={search_term_string}"},"query-input":{"@type":"PropertyValueSpecification","valueRequired":true,"valueName":"search_term_string"}}],"inLanguage":"it-IT"}]}},"brands":[{"id":2166,"name":"3M","slug":"3m-it"}],"_links":{"self":[{"href":"https:\/\/cardinal-tapes.com\/it\/wp-json\/wp\/v2\/product\/52869","targetHints":{"allow":["GET"]}}],"collection":[{"href":"https:\/\/cardinal-tapes.com\/it\/wp-json\/wp\/v2\/product"}],"about":[{"href":"https:\/\/cardinal-tapes.com\/it\/wp-json\/wp\/v2\/types\/product"}],"wp:featuredmedia":[{"embeddable":true,"href":"https:\/\/cardinal-tapes.com\/it\/wp-json\/wp\/v2\/media\/24437"}],"wp:attachment":[{"href":"https:\/\/cardinal-tapes.com\/it\/wp-json\/wp\/v2\/media?parent=52869"}],"wp:term":[{"taxonomy":"pwb-brand","embeddable":true,"href":"https:\/\/cardinal-tapes.com\/it\/wp-json\/wp\/v2\/pwb-brand?post=52869"},{"taxonomy":"product_brand","embeddable":true,"href":"https:\/\/cardinal-tapes.com\/it\/wp-json\/wp\/v2\/product_brand?post=52869"},{"taxonomy":"product_cat","embeddable":true,"href":"https:\/\/cardinal-tapes.com\/it\/wp-json\/wp\/v2\/product_cat?post=52869"},{"taxonomy":"product_tag","embeddable":true,"href":"https:\/\/cardinal-tapes.com\/it\/wp-json\/wp\/v2\/product_tag?post=52869"}],"curies":[{"name":"wp","href":"https:\/\/api.w.org\/{rel}","templated":true}]}}