{"id":51983,"date":"2018-02-06T09:55:39","date_gmt":"2023-06-05T15:20:15","guid":{"rendered":"https:\/\/cardinal.pixel-tal.de\/klebebaender\/senza-categoria\/tesapack-4124-nastro-da-imballaggio-in-pvc\/"},"modified":"2023-06-05T17:20:15","modified_gmt":"2023-06-05T15:20:15","slug":"tesa-4124-nastro-per-imballaggio-in-pvc","status":"publish","type":"product","link":"https:\/\/cardinal-tapes.com\/it\/nastri-adesivi\/nastri-monoadesivi\/film-in-pvc\/tesa-4124-nastro-per-imballaggio-in-pvc\/","title":{"rendered":"tesapack\u00ae 4124 Nastro da imballaggio in PVC"},"content":{"rendered":"<p><sup>tesapack\u00ae<\/sup> 4124 \u00e8 un nastro da imballaggio di qualit\u00e0 superiore basato su un film di PVC con un forte adesivo in gomma naturale.<\/p>\n<p><strong>Propriet\u00e0<\/strong><br \/>\n&#8211; Rotolamento uniforme e silenzioso<br \/>\n&#8211; Resistenza allo strappo molto elevata<\/p>\n<p><strong>Applicazioni<\/strong><br \/>\n&#8211; Molto adatto per la lavorazione manuale e a macchina<br \/>\n&#8211; Particolarmente adatto per la sigillatura di scatole di spedizione di peso leggero o medio.<\/p>\n","protected":false},"excerpt":{"rendered":"<p>tesapack\u00ae 4124 \u00e8 un nastro da imballaggio di qualit\u00e0 superiore basato su un film di PVC con un forte adesivo in gomma naturale. Propriet\u00e0 &#8211; Rotolamento uniforme e silenzioso &#8211; Resistenza allo strappo molto elevata Applicazioni &#8211; Molto adatto per la lavorazione manuale e a macchina &#8211; Particolarmente adatto per la sigillatura di scatole di [&hellip;]<\/p>\n","protected":false},"featured_media":26197,"template":"","meta":{"_acf_changed":false},"pwb-brand":[2162],"product_brand":[],"product_cat":[1782,1826,1831,1863],"product_tag":[],"class_list":{"0":"post-51983","1":"product","2":"type-product","3":"status-publish","4":"has-post-thumbnail","6":"pwb-brand-tesa-it","7":"product_cat-settore-dei-trasporti","8":"product_cat-nastri-monoadesivi","9":"product_cat-film-in-pvc","10":"product_cat-sistemi-di-imballaggio","12":"first","13":"instock","14":"taxable","15":"shipping-taxable","16":"purchasable","17":"product-type-variable"},"acf":[],"yoast_head":"<!-- This site is optimized with the Yoast SEO plugin v27.3 - https:\/\/yoast.com\/product\/yoast-seo-wordpress\/ -->\n<title>Nastro da imballaggio in PVC Tesa 4124 | Cardinal TAPES<\/title>\n<meta name=\"description\" content=\"Tesa 4124 \u00e8 un nastro da imballaggio con supporto in PVC e forte adesivo in gomma naturale. Per saperne di pi\u00f9 sul tesa 4124.\" \/>\n<meta name=\"robots\" content=\"index, follow, max-snippet:-1, max-image-preview:large, max-video-preview:-1\" \/>\n<link rel=\"canonical\" href=\"https:\/\/cardinal-tapes.com\/it\/nastri-adesivi\/settore-dei-trasporti\/tesa-4124-nastro-per-imballaggio-in-pvc\/\" \/>\n<meta property=\"og:locale\" content=\"it_IT\" \/>\n<meta property=\"og:type\" content=\"article\" \/>\n<meta property=\"og:title\" content=\"Nastro da imballaggio in PVC Tesa 4124 | Cardinal TAPES\" \/>\n<meta property=\"og:description\" content=\"Tesa 4124 \u00e8 un nastro da imballaggio con supporto in PVC e forte adesivo in gomma naturale. Per saperne di pi\u00f9 sul tesa 4124.\" \/>\n<meta property=\"og:url\" content=\"https:\/\/cardinal-tapes.com\/it\/nastri-adesivi\/settore-dei-trasporti\/tesa-4124-nastro-per-imballaggio-in-pvc\/\" \/>\n<meta property=\"og:site_name\" content=\"cardinal TAPES\" \/>\n<meta property=\"og:image\" content=\"https:\/\/cardinal-tapes.com\/wp-content\/uploads\/tesa-04124_2.jpg\" \/>\n\t<meta property=\"og:image:width\" content=\"600\" \/>\n\t<meta property=\"og:image:height\" content=\"600\" \/>\n\t<meta property=\"og:image:type\" content=\"image\/jpeg\" \/>\n<meta name=\"twitter:card\" content=\"summary_large_image\" \/>\n<script type=\"application\/ld+json\" class=\"yoast-schema-graph\">{\"@context\":\"https:\\\/\\\/schema.org\",\"@graph\":[{\"@type\":\"WebPage\",\"@id\":\"https:\\\/\\\/cardinal-tapes.com\\\/it\\\/nastri-adesivi\\\/settore-dei-trasporti\\\/tesa-4124-nastro-per-imballaggio-in-pvc\\\/\",\"url\":\"https:\\\/\\\/cardinal-tapes.com\\\/it\\\/nastri-adesivi\\\/settore-dei-trasporti\\\/tesa-4124-nastro-per-imballaggio-in-pvc\\\/\",\"name\":\"Nastro da imballaggio in PVC Tesa 4124 | Cardinal TAPES\",\"isPartOf\":{\"@id\":\"https:\\\/\\\/cardinal-tapes.com\\\/#website\"},\"primaryImageOfPage\":{\"@id\":\"https:\\\/\\\/cardinal-tapes.com\\\/it\\\/nastri-adesivi\\\/settore-dei-trasporti\\\/tesa-4124-nastro-per-imballaggio-in-pvc\\\/#primaryimage\"},\"image\":{\"@id\":\"https:\\\/\\\/cardinal-tapes.com\\\/it\\\/nastri-adesivi\\\/settore-dei-trasporti\\\/tesa-4124-nastro-per-imballaggio-in-pvc\\\/#primaryimage\"},\"thumbnailUrl\":\"https:\\\/\\\/cardinal-tapes.com\\\/wp-content\\\/uploads\\\/tesa-04124_2.jpg\",\"datePublished\":\"2023-06-05T15:20:15+00:00\",\"description\":\"Tesa 4124 \u00e8 un nastro da imballaggio con supporto in PVC e forte adesivo in gomma naturale. Per saperne di pi\u00f9 sul tesa 4124.\",\"breadcrumb\":{\"@id\":\"https:\\\/\\\/cardinal-tapes.com\\\/it\\\/nastri-adesivi\\\/settore-dei-trasporti\\\/tesa-4124-nastro-per-imballaggio-in-pvc\\\/#breadcrumb\"},\"inLanguage\":\"it-IT\",\"potentialAction\":[{\"@type\":\"ReadAction\",\"target\":[\"https:\\\/\\\/cardinal-tapes.com\\\/it\\\/nastri-adesivi\\\/settore-dei-trasporti\\\/tesa-4124-nastro-per-imballaggio-in-pvc\\\/\"]}]},{\"@type\":\"ImageObject\",\"inLanguage\":\"it-IT\",\"@id\":\"https:\\\/\\\/cardinal-tapes.com\\\/it\\\/nastri-adesivi\\\/settore-dei-trasporti\\\/tesa-4124-nastro-per-imballaggio-in-pvc\\\/#primaryimage\",\"url\":\"https:\\\/\\\/cardinal-tapes.com\\\/wp-content\\\/uploads\\\/tesa-04124_2.jpg\",\"contentUrl\":\"https:\\\/\\\/cardinal-tapes.com\\\/wp-content\\\/uploads\\\/tesa-04124_2.jpg\",\"width\":600,\"height\":600,\"caption\":\"tesa 4124\"},{\"@type\":\"BreadcrumbList\",\"@id\":\"https:\\\/\\\/cardinal-tapes.com\\\/it\\\/nastri-adesivi\\\/settore-dei-trasporti\\\/tesa-4124-nastro-per-imballaggio-in-pvc\\\/#breadcrumb\",\"itemListElement\":[{\"@type\":\"ListItem\",\"position\":1,\"name\":\"Startseite\",\"item\":\"https:\\\/\\\/cardinal-tapes.com\\\/it\\\/casa\\\/\"},{\"@type\":\"ListItem\",\"position\":2,\"name\":\"Nastri adesivi\",\"item\":\"https:\\\/\\\/cardinal-tapes.com\\\/it\\\/nastri-adesivi-it\\\/\"},{\"@type\":\"ListItem\",\"position\":3,\"name\":\"Settore dei trasporti\",\"item\":\"https:\\\/\\\/cardinal-tapes.com\\\/it\\\/categoria\\\/settore-dei-trasporti\\\/\"},{\"@type\":\"ListItem\",\"position\":4,\"name\":\"tesapack\u00ae 4124 Nastro da imballaggio in PVC\"}]},{\"@type\":\"WebSite\",\"@id\":\"https:\\\/\\\/cardinal-tapes.com\\\/#website\",\"url\":\"https:\\\/\\\/cardinal-tapes.com\\\/\",\"name\":\"cardinal TAPES\",\"description\":\"Klebetechnik aus Wuppertal\",\"potentialAction\":[{\"@type\":\"SearchAction\",\"target\":{\"@type\":\"EntryPoint\",\"urlTemplate\":\"https:\\\/\\\/cardinal-tapes.com\\\/?s={search_term_string}\"},\"query-input\":{\"@type\":\"PropertyValueSpecification\",\"valueRequired\":true,\"valueName\":\"search_term_string\"}}],\"inLanguage\":\"it-IT\"}]}<\/script>\n<!-- \/ Yoast SEO plugin. -->","yoast_head_json":{"title":"Nastro da imballaggio in PVC Tesa 4124 | Cardinal TAPES","description":"Tesa 4124 \u00e8 un nastro da imballaggio con supporto in PVC e forte adesivo in gomma naturale. Per saperne di pi\u00f9 sul tesa 4124.","robots":{"index":"index","follow":"follow","max-snippet":"max-snippet:-1","max-image-preview":"max-image-preview:large","max-video-preview":"max-video-preview:-1"},"canonical":"https:\/\/cardinal-tapes.com\/it\/nastri-adesivi\/settore-dei-trasporti\/tesa-4124-nastro-per-imballaggio-in-pvc\/","og_locale":"it_IT","og_type":"article","og_title":"Nastro da imballaggio in PVC Tesa 4124 | Cardinal TAPES","og_description":"Tesa 4124 \u00e8 un nastro da imballaggio con supporto in PVC e forte adesivo in gomma naturale. Per saperne di pi\u00f9 sul tesa 4124.","og_url":"https:\/\/cardinal-tapes.com\/it\/nastri-adesivi\/settore-dei-trasporti\/tesa-4124-nastro-per-imballaggio-in-pvc\/","og_site_name":"cardinal TAPES","og_image":[{"width":600,"height":600,"url":"https:\/\/cardinal-tapes.com\/wp-content\/uploads\/tesa-04124_2.jpg","type":"image\/jpeg"}],"twitter_card":"summary_large_image","schema":{"@context":"https:\/\/schema.org","@graph":[{"@type":"WebPage","@id":"https:\/\/cardinal-tapes.com\/it\/nastri-adesivi\/settore-dei-trasporti\/tesa-4124-nastro-per-imballaggio-in-pvc\/","url":"https:\/\/cardinal-tapes.com\/it\/nastri-adesivi\/settore-dei-trasporti\/tesa-4124-nastro-per-imballaggio-in-pvc\/","name":"Nastro da imballaggio in PVC Tesa 4124 | Cardinal TAPES","isPartOf":{"@id":"https:\/\/cardinal-tapes.com\/#website"},"primaryImageOfPage":{"@id":"https:\/\/cardinal-tapes.com\/it\/nastri-adesivi\/settore-dei-trasporti\/tesa-4124-nastro-per-imballaggio-in-pvc\/#primaryimage"},"image":{"@id":"https:\/\/cardinal-tapes.com\/it\/nastri-adesivi\/settore-dei-trasporti\/tesa-4124-nastro-per-imballaggio-in-pvc\/#primaryimage"},"thumbnailUrl":"https:\/\/cardinal-tapes.com\/wp-content\/uploads\/tesa-04124_2.jpg","datePublished":"2023-06-05T15:20:15+00:00","description":"Tesa 4124 \u00e8 un nastro da imballaggio con supporto in PVC e forte adesivo in gomma naturale. Per saperne di pi\u00f9 sul tesa 4124.","breadcrumb":{"@id":"https:\/\/cardinal-tapes.com\/it\/nastri-adesivi\/settore-dei-trasporti\/tesa-4124-nastro-per-imballaggio-in-pvc\/#breadcrumb"},"inLanguage":"it-IT","potentialAction":[{"@type":"ReadAction","target":["https:\/\/cardinal-tapes.com\/it\/nastri-adesivi\/settore-dei-trasporti\/tesa-4124-nastro-per-imballaggio-in-pvc\/"]}]},{"@type":"ImageObject","inLanguage":"it-IT","@id":"https:\/\/cardinal-tapes.com\/it\/nastri-adesivi\/settore-dei-trasporti\/tesa-4124-nastro-per-imballaggio-in-pvc\/#primaryimage","url":"https:\/\/cardinal-tapes.com\/wp-content\/uploads\/tesa-04124_2.jpg","contentUrl":"https:\/\/cardinal-tapes.com\/wp-content\/uploads\/tesa-04124_2.jpg","width":600,"height":600,"caption":"tesa 4124"},{"@type":"BreadcrumbList","@id":"https:\/\/cardinal-tapes.com\/it\/nastri-adesivi\/settore-dei-trasporti\/tesa-4124-nastro-per-imballaggio-in-pvc\/#breadcrumb","itemListElement":[{"@type":"ListItem","position":1,"name":"Startseite","item":"https:\/\/cardinal-tapes.com\/it\/casa\/"},{"@type":"ListItem","position":2,"name":"Nastri adesivi","item":"https:\/\/cardinal-tapes.com\/it\/nastri-adesivi-it\/"},{"@type":"ListItem","position":3,"name":"Settore dei trasporti","item":"https:\/\/cardinal-tapes.com\/it\/categoria\/settore-dei-trasporti\/"},{"@type":"ListItem","position":4,"name":"tesapack\u00ae 4124 Nastro da imballaggio in PVC"}]},{"@type":"WebSite","@id":"https:\/\/cardinal-tapes.com\/#website","url":"https:\/\/cardinal-tapes.com\/","name":"cardinal TAPES","description":"Klebetechnik aus Wuppertal","potentialAction":[{"@type":"SearchAction","target":{"@type":"EntryPoint","urlTemplate":"https:\/\/cardinal-tapes.com\/?s={search_term_string}"},"query-input":{"@type":"PropertyValueSpecification","valueRequired":true,"valueName":"search_term_string"}}],"inLanguage":"it-IT"}]}},"brands":[{"id":2162,"name":"tesa","slug":"tesa-it"}],"_links":{"self":[{"href":"https:\/\/cardinal-tapes.com\/it\/wp-json\/wp\/v2\/product\/51983","targetHints":{"allow":["GET"]}}],"collection":[{"href":"https:\/\/cardinal-tapes.com\/it\/wp-json\/wp\/v2\/product"}],"about":[{"href":"https:\/\/cardinal-tapes.com\/it\/wp-json\/wp\/v2\/types\/product"}],"wp:featuredmedia":[{"embeddable":true,"href":"https:\/\/cardinal-tapes.com\/it\/wp-json\/wp\/v2\/media\/26197"}],"wp:attachment":[{"href":"https:\/\/cardinal-tapes.com\/it\/wp-json\/wp\/v2\/media?parent=51983"}],"wp:term":[{"taxonomy":"pwb-brand","embeddable":true,"href":"https:\/\/cardinal-tapes.com\/it\/wp-json\/wp\/v2\/pwb-brand?post=51983"},{"taxonomy":"product_brand","embeddable":true,"href":"https:\/\/cardinal-tapes.com\/it\/wp-json\/wp\/v2\/product_brand?post=51983"},{"taxonomy":"product_cat","embeddable":true,"href":"https:\/\/cardinal-tapes.com\/it\/wp-json\/wp\/v2\/product_cat?post=51983"},{"taxonomy":"product_tag","embeddable":true,"href":"https:\/\/cardinal-tapes.com\/it\/wp-json\/wp\/v2\/product_tag?post=51983"}],"curies":[{"name":"wp","href":"https:\/\/api.w.org\/{rel}","templated":true}]}}