{"id":51618,"date":"2018-10-02T13:31:22","date_gmt":"2018-10-02T11:31:22","guid":{"rendered":"https:\/\/cardinal.pixel-tal.de\/klebebaender\/senza-categoria\/3m-scotch-atg-nastro-di-trasferimento-904\/"},"modified":"2025-07-02T12:51:50","modified_gmt":"2025-07-02T10:51:50","slug":"3m-904-film-adesivi-senza-carriera","status":"publish","type":"product","link":"https:\/\/cardinal-tapes.com\/it\/nastri-adesivi\/aree-di-applicazione\/stampa-e-grafica\/3m-904-film-adesivi-senza-carriera\/","title":{"rendered":"3M\u2122 Scotch\u00ae ATG Nastro di trasferimento 904"},"content":{"rendered":"<p>Il nastro di trasferimento 3M\u2122 ATG 904 aderisce istantaneamente, fornisce legami resistenti all&#8217;invecchiamento e ha un&#8217;elevata resistenza al taglio. Il nostro nastro adesivo \u00e8 ideale per gli hobby e l&#8217;artigianato e pu\u00f2 essere applicato in modo rapido e pulito. \u00c8 quindi adatto per la realizzazione di biglietti, album di ritagli e per l&#8217;uso nella cancelleria. Il nastro adesivo 904 \u00e8 un nastro adesivo transfer trasparente e versatile, costituito da un adesivo acrilico su carta protettiva bianca rivestita in PE, che presenta una buona resistenza alla temperatura.<\/p>\n<p><strong>Propriet\u00e0<\/strong><br \/>\nLa pellicola adesiva trasferibile a secco 9605 del nastro adesivo 904 \u00e8 costituita da un adesivo acrilico resistente all&#8217;invecchiamento, caratterizzato da un&#8217;elevata adesione istantanea e resistenza al taglio, nonch\u00e9 da una buona resistenza ai raggi UV e ai solventi.<\/p>\n<p><strong>Applicazioni<\/strong><br \/>\n&#8211; Giunzione, fissaggio e laminazione di vari materiali come metalli, superfici verniciate, carta, vetro, ceramica e la maggior parte delle materie plastiche<br \/>\n&#8211; Giunzione ad alta velocit\u00e0 nell&#8217;industria della carta e nelle tipografie (9605)<br \/>\n&#8211; Giunzione infinita di nastri di carta, metallo, tessuto e plastica<br \/>\n&#8211; Finitura o montaggio autoadesivo di emblemi, insegne, foto, espositori e poster<\/p>\n","protected":false},"excerpt":{"rendered":"<p>Il nastro di trasferimento 3M\u2122 ATG 904 aderisce istantaneamente, fornisce legami resistenti all&#8217;invecchiamento e ha un&#8217;elevata resistenza al taglio. Il nostro nastro adesivo \u00e8 ideale per gli hobby e l&#8217;artigianato e pu\u00f2 essere applicato in modo rapido e pulito. \u00c8 quindi adatto per la realizzazione di biglietti, album di ritagli e per l&#8217;uso nella cancelleria. [&hellip;]<\/p>\n","protected":false},"featured_media":27309,"template":"","meta":{"_acf_changed":false},"pwb-brand":[2166],"product_brand":[],"product_cat":[1682,1824],"product_tag":[],"class_list":{"0":"post-51618","1":"product","2":"type-product","3":"status-publish","4":"has-post-thumbnail","6":"pwb-brand-3m-it","7":"product_cat-stampa-e-grafica","8":"product_cat-nastri-biadesivi","10":"first","11":"instock","12":"taxable","13":"shipping-taxable","14":"purchasable","15":"product-type-variable"},"acf":[],"yoast_head":"<!-- This site is optimized with the Yoast SEO plugin v27.3 - https:\/\/yoast.com\/product\/yoast-seo-wordpress\/ -->\n<title>3M 904 Pellicole adesive senza supporto | nastri cardinali<\/title>\n<meta name=\"description\" content=\"Le pellicole adesive 3M sono caratterizzate da un&#039;elevata adesione istantanea, da una buona forza di taglio e da un&#039;elevata forza adesiva. Guardate voi stessi!\" \/>\n<meta name=\"robots\" content=\"index, follow, max-snippet:-1, max-image-preview:large, max-video-preview:-1\" \/>\n<link rel=\"canonical\" href=\"https:\/\/cardinal-tapes.com\/it\/nastri-adesivi\/aree-di-applicazione\/stampa-e-grafica\/3m-904-film-adesivi-senza-carriera\/\" \/>\n<meta property=\"og:locale\" content=\"it_IT\" \/>\n<meta property=\"og:type\" content=\"article\" \/>\n<meta property=\"og:title\" content=\"3M 904 Pellicole adesive senza supporto | nastri cardinali\" \/>\n<meta property=\"og:description\" content=\"Le pellicole adesive 3M sono caratterizzate da un&#039;elevata adesione istantanea, da una buona forza di taglio e da un&#039;elevata forza adesiva. Guardate voi stessi!\" \/>\n<meta property=\"og:url\" content=\"https:\/\/cardinal-tapes.com\/it\/nastri-adesivi\/aree-di-applicazione\/stampa-e-grafica\/3m-904-film-adesivi-senza-carriera\/\" \/>\n<meta property=\"og:site_name\" content=\"cardinal TAPES\" \/>\n<meta property=\"article:modified_time\" content=\"2025-07-02T10:51:50+00:00\" \/>\n<meta property=\"og:image\" content=\"https:\/\/cardinal-tapes.com\/wp-content\/uploads\/3M-atg-904-scaled.jpg\" \/>\n\t<meta property=\"og:image:width\" content=\"2271\" \/>\n\t<meta property=\"og:image:height\" content=\"2560\" \/>\n\t<meta property=\"og:image:type\" content=\"image\/jpeg\" \/>\n<meta name=\"twitter:card\" content=\"summary_large_image\" \/>\n<meta name=\"twitter:label1\" content=\"Tempo di lettura stimato\" \/>\n\t<meta name=\"twitter:data1\" content=\"1 minuto\" \/>\n<script type=\"application\/ld+json\" class=\"yoast-schema-graph\">{\"@context\":\"https:\\\/\\\/schema.org\",\"@graph\":[{\"@type\":\"WebPage\",\"@id\":\"https:\\\/\\\/cardinal-tapes.com\\\/it\\\/nastri-adesivi\\\/aree-di-applicazione\\\/stampa-e-grafica\\\/3m-904-film-adesivi-senza-carriera\\\/\",\"url\":\"https:\\\/\\\/cardinal-tapes.com\\\/it\\\/nastri-adesivi\\\/aree-di-applicazione\\\/stampa-e-grafica\\\/3m-904-film-adesivi-senza-carriera\\\/\",\"name\":\"3M 904 Pellicole adesive senza supporto | nastri cardinali\",\"isPartOf\":{\"@id\":\"https:\\\/\\\/cardinal-tapes.com\\\/#website\"},\"primaryImageOfPage\":{\"@id\":\"https:\\\/\\\/cardinal-tapes.com\\\/it\\\/nastri-adesivi\\\/aree-di-applicazione\\\/stampa-e-grafica\\\/3m-904-film-adesivi-senza-carriera\\\/#primaryimage\"},\"image\":{\"@id\":\"https:\\\/\\\/cardinal-tapes.com\\\/it\\\/nastri-adesivi\\\/aree-di-applicazione\\\/stampa-e-grafica\\\/3m-904-film-adesivi-senza-carriera\\\/#primaryimage\"},\"thumbnailUrl\":\"https:\\\/\\\/cardinal-tapes.com\\\/wp-content\\\/uploads\\\/3M-atg-904-scaled.jpg\",\"datePublished\":\"2018-10-02T11:31:22+00:00\",\"dateModified\":\"2025-07-02T10:51:50+00:00\",\"description\":\"Le pellicole adesive 3M sono caratterizzate da un'elevata adesione istantanea, da una buona forza di taglio e da un'elevata forza adesiva. Guardate voi stessi!\",\"breadcrumb\":{\"@id\":\"https:\\\/\\\/cardinal-tapes.com\\\/it\\\/nastri-adesivi\\\/aree-di-applicazione\\\/stampa-e-grafica\\\/3m-904-film-adesivi-senza-carriera\\\/#breadcrumb\"},\"inLanguage\":\"it-IT\",\"potentialAction\":[{\"@type\":\"ReadAction\",\"target\":[\"https:\\\/\\\/cardinal-tapes.com\\\/it\\\/nastri-adesivi\\\/aree-di-applicazione\\\/stampa-e-grafica\\\/3m-904-film-adesivi-senza-carriera\\\/\"]}]},{\"@type\":\"ImageObject\",\"inLanguage\":\"it-IT\",\"@id\":\"https:\\\/\\\/cardinal-tapes.com\\\/it\\\/nastri-adesivi\\\/aree-di-applicazione\\\/stampa-e-grafica\\\/3m-904-film-adesivi-senza-carriera\\\/#primaryimage\",\"url\":\"https:\\\/\\\/cardinal-tapes.com\\\/wp-content\\\/uploads\\\/3M-atg-904-scaled.jpg\",\"contentUrl\":\"https:\\\/\\\/cardinal-tapes.com\\\/wp-content\\\/uploads\\\/3M-atg-904-scaled.jpg\",\"width\":2271,\"height\":2560,\"caption\":\"3M ATG 904\"},{\"@type\":\"BreadcrumbList\",\"@id\":\"https:\\\/\\\/cardinal-tapes.com\\\/it\\\/nastri-adesivi\\\/aree-di-applicazione\\\/stampa-e-grafica\\\/3m-904-film-adesivi-senza-carriera\\\/#breadcrumb\",\"itemListElement\":[{\"@type\":\"ListItem\",\"position\":1,\"name\":\"Startseite\",\"item\":\"https:\\\/\\\/cardinal-tapes.com\\\/it\\\/casa\\\/\"},{\"@type\":\"ListItem\",\"position\":2,\"name\":\"Nastri adesivi\",\"item\":\"https:\\\/\\\/cardinal-tapes.com\\\/it\\\/nastri-adesivi-it\\\/\"},{\"@type\":\"ListItem\",\"position\":3,\"name\":\"Aree di applicazione\",\"item\":\"https:\\\/\\\/cardinal-tapes.com\\\/it\\\/categoria\\\/aree-di-applicazione\\\/\"},{\"@type\":\"ListItem\",\"position\":4,\"name\":\"Stampa e grafica\",\"item\":\"https:\\\/\\\/cardinal-tapes.com\\\/it\\\/categoria\\\/stampa-e-grafica\\\/\"},{\"@type\":\"ListItem\",\"position\":5,\"name\":\"3M\u2122 Scotch\u00ae ATG Nastro di trasferimento 904\"}]},{\"@type\":\"WebSite\",\"@id\":\"https:\\\/\\\/cardinal-tapes.com\\\/#website\",\"url\":\"https:\\\/\\\/cardinal-tapes.com\\\/\",\"name\":\"cardinal TAPES\",\"description\":\"Klebetechnik aus Wuppertal\",\"potentialAction\":[{\"@type\":\"SearchAction\",\"target\":{\"@type\":\"EntryPoint\",\"urlTemplate\":\"https:\\\/\\\/cardinal-tapes.com\\\/?s={search_term_string}\"},\"query-input\":{\"@type\":\"PropertyValueSpecification\",\"valueRequired\":true,\"valueName\":\"search_term_string\"}}],\"inLanguage\":\"it-IT\"}]}<\/script>\n<!-- \/ Yoast SEO plugin. -->","yoast_head_json":{"title":"3M 904 Pellicole adesive senza supporto | nastri cardinali","description":"Le pellicole adesive 3M sono caratterizzate da un'elevata adesione istantanea, da una buona forza di taglio e da un'elevata forza adesiva. Guardate voi stessi!","robots":{"index":"index","follow":"follow","max-snippet":"max-snippet:-1","max-image-preview":"max-image-preview:large","max-video-preview":"max-video-preview:-1"},"canonical":"https:\/\/cardinal-tapes.com\/it\/nastri-adesivi\/aree-di-applicazione\/stampa-e-grafica\/3m-904-film-adesivi-senza-carriera\/","og_locale":"it_IT","og_type":"article","og_title":"3M 904 Pellicole adesive senza supporto | nastri cardinali","og_description":"Le pellicole adesive 3M sono caratterizzate da un'elevata adesione istantanea, da una buona forza di taglio e da un'elevata forza adesiva. Guardate voi stessi!","og_url":"https:\/\/cardinal-tapes.com\/it\/nastri-adesivi\/aree-di-applicazione\/stampa-e-grafica\/3m-904-film-adesivi-senza-carriera\/","og_site_name":"cardinal TAPES","article_modified_time":"2025-07-02T10:51:50+00:00","og_image":[{"width":2271,"height":2560,"url":"https:\/\/cardinal-tapes.com\/wp-content\/uploads\/3M-atg-904-scaled.jpg","type":"image\/jpeg"}],"twitter_card":"summary_large_image","twitter_misc":{"Tempo di lettura stimato":"1 minuto"},"schema":{"@context":"https:\/\/schema.org","@graph":[{"@type":"WebPage","@id":"https:\/\/cardinal-tapes.com\/it\/nastri-adesivi\/aree-di-applicazione\/stampa-e-grafica\/3m-904-film-adesivi-senza-carriera\/","url":"https:\/\/cardinal-tapes.com\/it\/nastri-adesivi\/aree-di-applicazione\/stampa-e-grafica\/3m-904-film-adesivi-senza-carriera\/","name":"3M 904 Pellicole adesive senza supporto | nastri cardinali","isPartOf":{"@id":"https:\/\/cardinal-tapes.com\/#website"},"primaryImageOfPage":{"@id":"https:\/\/cardinal-tapes.com\/it\/nastri-adesivi\/aree-di-applicazione\/stampa-e-grafica\/3m-904-film-adesivi-senza-carriera\/#primaryimage"},"image":{"@id":"https:\/\/cardinal-tapes.com\/it\/nastri-adesivi\/aree-di-applicazione\/stampa-e-grafica\/3m-904-film-adesivi-senza-carriera\/#primaryimage"},"thumbnailUrl":"https:\/\/cardinal-tapes.com\/wp-content\/uploads\/3M-atg-904-scaled.jpg","datePublished":"2018-10-02T11:31:22+00:00","dateModified":"2025-07-02T10:51:50+00:00","description":"Le pellicole adesive 3M sono caratterizzate da un'elevata adesione istantanea, da una buona forza di taglio e da un'elevata forza adesiva. Guardate voi stessi!","breadcrumb":{"@id":"https:\/\/cardinal-tapes.com\/it\/nastri-adesivi\/aree-di-applicazione\/stampa-e-grafica\/3m-904-film-adesivi-senza-carriera\/#breadcrumb"},"inLanguage":"it-IT","potentialAction":[{"@type":"ReadAction","target":["https:\/\/cardinal-tapes.com\/it\/nastri-adesivi\/aree-di-applicazione\/stampa-e-grafica\/3m-904-film-adesivi-senza-carriera\/"]}]},{"@type":"ImageObject","inLanguage":"it-IT","@id":"https:\/\/cardinal-tapes.com\/it\/nastri-adesivi\/aree-di-applicazione\/stampa-e-grafica\/3m-904-film-adesivi-senza-carriera\/#primaryimage","url":"https:\/\/cardinal-tapes.com\/wp-content\/uploads\/3M-atg-904-scaled.jpg","contentUrl":"https:\/\/cardinal-tapes.com\/wp-content\/uploads\/3M-atg-904-scaled.jpg","width":2271,"height":2560,"caption":"3M ATG 904"},{"@type":"BreadcrumbList","@id":"https:\/\/cardinal-tapes.com\/it\/nastri-adesivi\/aree-di-applicazione\/stampa-e-grafica\/3m-904-film-adesivi-senza-carriera\/#breadcrumb","itemListElement":[{"@type":"ListItem","position":1,"name":"Startseite","item":"https:\/\/cardinal-tapes.com\/it\/casa\/"},{"@type":"ListItem","position":2,"name":"Nastri adesivi","item":"https:\/\/cardinal-tapes.com\/it\/nastri-adesivi-it\/"},{"@type":"ListItem","position":3,"name":"Aree di applicazione","item":"https:\/\/cardinal-tapes.com\/it\/categoria\/aree-di-applicazione\/"},{"@type":"ListItem","position":4,"name":"Stampa e grafica","item":"https:\/\/cardinal-tapes.com\/it\/categoria\/stampa-e-grafica\/"},{"@type":"ListItem","position":5,"name":"3M\u2122 Scotch\u00ae ATG Nastro di trasferimento 904"}]},{"@type":"WebSite","@id":"https:\/\/cardinal-tapes.com\/#website","url":"https:\/\/cardinal-tapes.com\/","name":"cardinal TAPES","description":"Klebetechnik aus Wuppertal","potentialAction":[{"@type":"SearchAction","target":{"@type":"EntryPoint","urlTemplate":"https:\/\/cardinal-tapes.com\/?s={search_term_string}"},"query-input":{"@type":"PropertyValueSpecification","valueRequired":true,"valueName":"search_term_string"}}],"inLanguage":"it-IT"}]}},"brands":[{"id":2166,"name":"3M","slug":"3m-it"}],"_links":{"self":[{"href":"https:\/\/cardinal-tapes.com\/it\/wp-json\/wp\/v2\/product\/51618","targetHints":{"allow":["GET"]}}],"collection":[{"href":"https:\/\/cardinal-tapes.com\/it\/wp-json\/wp\/v2\/product"}],"about":[{"href":"https:\/\/cardinal-tapes.com\/it\/wp-json\/wp\/v2\/types\/product"}],"wp:featuredmedia":[{"embeddable":true,"href":"https:\/\/cardinal-tapes.com\/it\/wp-json\/wp\/v2\/media\/27309"}],"wp:attachment":[{"href":"https:\/\/cardinal-tapes.com\/it\/wp-json\/wp\/v2\/media?parent=51618"}],"wp:term":[{"taxonomy":"pwb-brand","embeddable":true,"href":"https:\/\/cardinal-tapes.com\/it\/wp-json\/wp\/v2\/pwb-brand?post=51618"},{"taxonomy":"product_brand","embeddable":true,"href":"https:\/\/cardinal-tapes.com\/it\/wp-json\/wp\/v2\/product_brand?post=51618"},{"taxonomy":"product_cat","embeddable":true,"href":"https:\/\/cardinal-tapes.com\/it\/wp-json\/wp\/v2\/product_cat?post=51618"},{"taxonomy":"product_tag","embeddable":true,"href":"https:\/\/cardinal-tapes.com\/it\/wp-json\/wp\/v2\/product_tag?post=51618"}],"curies":[{"name":"wp","href":"https:\/\/api.w.org\/{rel}","templated":true}]}}