{"id":51571,"date":"2018-10-31T07:27:18","date_gmt":"2023-06-05T15:10:01","guid":{"rendered":"https:\/\/cardinal.pixel-tal.de\/klebebaender\/senza-categoria\/tesaprint-52315-nastro-per-il-montaggio-delle-lastre\/"},"modified":"2023-06-05T17:10:01","modified_gmt":"2023-06-05T15:10:01","slug":"tesa-52315-nastro-cliche","status":"publish","type":"product","link":"https:\/\/cardinal-tapes.com\/it\/nastri-adesivi\/nastri-monoadesivi\/film-in-pvc\/tesa-52315-nastro-cliche\/","title":{"rendered":"tesaprint\u00ae 52315 nastro per il montaggio delle lastre"},"content":{"rendered":"<p><sup>tesaprint\u00ae<\/sup> 52310 (trasparente), <sup>tesaprint\u00ae<\/sup> 52315 (giallo), <sup>tesaprint\u00ae<\/sup> 52320 (bianco) e <sup>tesaprint\u00ae<\/sup> 52325 (rosa) sono nastri per lastre di colori diversi, ciascuno con uno spessore complessivo differente.<\/p>\n<p><strong>Propriet\u00e0<\/strong><br \/>\n&#8211; Montaggio del clich\u00e9 facile e senza bolle d&#8217;aria grazie alla copertura in pellicola strutturata. Durante l&#8217;assemblaggio \u00e8 possibile riposizionare facilmente il prodotto, poich\u00e9 la forza adesiva viene esercitata solo durante il ciclo della macchina.<br \/>\n&#8211; L&#8217;elevata forza adesiva e la buona resistenza al taglio garantiscono un&#8217;adesione sicura e impediscono ai clich\u00e9 di spostarsi durante il processo di stampa.<br \/>\n&#8211; Durante lo smontaggio, il clich\u00e9 e il cilindro di stampa non presentano residui di colla.<\/p>\n<p><strong>Applicazioni<\/strong><br \/>\n&#8211; Incollaggio di lastre di stampa fotopolimeriche a cilindri e maniche di stampa.<\/p>\n","protected":false},"excerpt":{"rendered":"<p>tesaprint\u00ae 52310 (trasparente), tesaprint\u00ae 52315 (giallo), tesaprint\u00ae 52320 (bianco) e tesaprint\u00ae 52325 (rosa) sono nastri per lastre di colori diversi, ciascuno con uno spessore complessivo differente. Propriet\u00e0 &#8211; Montaggio del clich\u00e9 facile e senza bolle d&#8217;aria grazie alla copertura in pellicola strutturata. Durante l&#8217;assemblaggio \u00e8 possibile riposizionare facilmente il prodotto, poich\u00e9 la forza adesiva viene [&hellip;]<\/p>\n","protected":false},"featured_media":27349,"template":"","meta":{"_acf_changed":false},"pwb-brand":[2162],"product_brand":[],"product_cat":[1826,1831],"product_tag":[],"class_list":{"0":"post-51571","1":"product","2":"type-product","3":"status-publish","4":"has-post-thumbnail","6":"pwb-brand-tesa-it","7":"product_cat-nastri-monoadesivi","8":"product_cat-film-in-pvc","10":"first","11":"instock","12":"taxable","13":"shipping-taxable","14":"purchasable","15":"product-type-variable"},"acf":[],"yoast_head":"<!-- This site is optimized with the Yoast SEO plugin v27.3 - https:\/\/yoast.com\/product\/yoast-seo-wordpress\/ -->\n<title>tesa 52315 nastro giallo per il montaggio delle piastre | Nastri cardinali<\/title>\n<meta name=\"description\" content=\"tesaprint\u00ae 52315 (giallo) \u00e8 un nastro colorato per il montaggio delle lastre. Per saperne di pi\u00f9 sui vantaggi e sulle aree di applicazione, cliccate qui.\" \/>\n<meta name=\"robots\" content=\"index, follow, max-snippet:-1, max-image-preview:large, max-video-preview:-1\" \/>\n<link rel=\"canonical\" href=\"https:\/\/cardinal-tapes.com\/it\/nastri-adesivi\/nastri-monoadesivi\/tesa-52315-nastro-cliche\/\" \/>\n<meta property=\"og:locale\" content=\"it_IT\" \/>\n<meta property=\"og:type\" content=\"article\" \/>\n<meta property=\"og:title\" content=\"tesa 52315 nastro giallo per il montaggio delle piastre | Nastri cardinali\" \/>\n<meta property=\"og:description\" content=\"tesaprint\u00ae 52315 (giallo) \u00e8 un nastro colorato per il montaggio delle lastre. Per saperne di pi\u00f9 sui vantaggi e sulle aree di applicazione, cliccate qui.\" \/>\n<meta property=\"og:url\" content=\"https:\/\/cardinal-tapes.com\/it\/nastri-adesivi\/nastri-monoadesivi\/tesa-52315-nastro-cliche\/\" \/>\n<meta property=\"og:site_name\" content=\"cardinal TAPES\" \/>\n<meta property=\"og:image\" content=\"https:\/\/cardinal-tapes.com\/wp-content\/uploads\/tesa-52315-pr-001-fullsize173190_canvas16x9_18.jpg\" \/>\n\t<meta property=\"og:image:width\" content=\"764\" \/>\n\t<meta property=\"og:image:height\" content=\"1080\" \/>\n\t<meta property=\"og:image:type\" content=\"image\/jpeg\" \/>\n<meta name=\"twitter:card\" content=\"summary_large_image\" \/>\n<meta name=\"twitter:label1\" content=\"Tempo di lettura stimato\" \/>\n\t<meta name=\"twitter:data1\" content=\"1 minuto\" \/>\n<script type=\"application\/ld+json\" class=\"yoast-schema-graph\">{\"@context\":\"https:\\\/\\\/schema.org\",\"@graph\":[{\"@type\":\"WebPage\",\"@id\":\"https:\\\/\\\/cardinal-tapes.com\\\/it\\\/nastri-adesivi\\\/nastri-monoadesivi\\\/tesa-52315-nastro-cliche\\\/\",\"url\":\"https:\\\/\\\/cardinal-tapes.com\\\/it\\\/nastri-adesivi\\\/nastri-monoadesivi\\\/tesa-52315-nastro-cliche\\\/\",\"name\":\"tesa 52315 nastro giallo per il montaggio delle piastre | Nastri cardinali\",\"isPartOf\":{\"@id\":\"https:\\\/\\\/cardinal-tapes.com\\\/#website\"},\"primaryImageOfPage\":{\"@id\":\"https:\\\/\\\/cardinal-tapes.com\\\/it\\\/nastri-adesivi\\\/nastri-monoadesivi\\\/tesa-52315-nastro-cliche\\\/#primaryimage\"},\"image\":{\"@id\":\"https:\\\/\\\/cardinal-tapes.com\\\/it\\\/nastri-adesivi\\\/nastri-monoadesivi\\\/tesa-52315-nastro-cliche\\\/#primaryimage\"},\"thumbnailUrl\":\"https:\\\/\\\/cardinal-tapes.com\\\/wp-content\\\/uploads\\\/tesa-52315-pr-001-fullsize173190_canvas16x9_18.jpg\",\"datePublished\":\"2023-06-05T15:10:01+00:00\",\"description\":\"tesaprint\u00ae 52315 (giallo) \u00e8 un nastro colorato per il montaggio delle lastre. Per saperne di pi\u00f9 sui vantaggi e sulle aree di applicazione, cliccate qui.\",\"breadcrumb\":{\"@id\":\"https:\\\/\\\/cardinal-tapes.com\\\/it\\\/nastri-adesivi\\\/nastri-monoadesivi\\\/tesa-52315-nastro-cliche\\\/#breadcrumb\"},\"inLanguage\":\"it-IT\",\"potentialAction\":[{\"@type\":\"ReadAction\",\"target\":[\"https:\\\/\\\/cardinal-tapes.com\\\/it\\\/nastri-adesivi\\\/nastri-monoadesivi\\\/tesa-52315-nastro-cliche\\\/\"]}]},{\"@type\":\"ImageObject\",\"inLanguage\":\"it-IT\",\"@id\":\"https:\\\/\\\/cardinal-tapes.com\\\/it\\\/nastri-adesivi\\\/nastri-monoadesivi\\\/tesa-52315-nastro-cliche\\\/#primaryimage\",\"url\":\"https:\\\/\\\/cardinal-tapes.com\\\/wp-content\\\/uploads\\\/tesa-52315-pr-001-fullsize173190_canvas16x9_18.jpg\",\"contentUrl\":\"https:\\\/\\\/cardinal-tapes.com\\\/wp-content\\\/uploads\\\/tesa-52315-pr-001-fullsize173190_canvas16x9_18.jpg\",\"width\":764,\"height\":1080,\"caption\":\"Tesa 52315 PR 001 Fullsize\"},{\"@type\":\"BreadcrumbList\",\"@id\":\"https:\\\/\\\/cardinal-tapes.com\\\/it\\\/nastri-adesivi\\\/nastri-monoadesivi\\\/tesa-52315-nastro-cliche\\\/#breadcrumb\",\"itemListElement\":[{\"@type\":\"ListItem\",\"position\":1,\"name\":\"Startseite\",\"item\":\"https:\\\/\\\/cardinal-tapes.com\\\/it\\\/casa\\\/\"},{\"@type\":\"ListItem\",\"position\":2,\"name\":\"Nastri adesivi\",\"item\":\"https:\\\/\\\/cardinal-tapes.com\\\/it\\\/nastri-adesivi-it\\\/\"},{\"@type\":\"ListItem\",\"position\":3,\"name\":\"Nastri monoadesivi\",\"item\":\"https:\\\/\\\/cardinal-tapes.com\\\/it\\\/categoria\\\/nastri-monoadesivi\\\/\"},{\"@type\":\"ListItem\",\"position\":4,\"name\":\"tesaprint\u00ae 52315 nastro per il montaggio delle lastre\"}]},{\"@type\":\"WebSite\",\"@id\":\"https:\\\/\\\/cardinal-tapes.com\\\/#website\",\"url\":\"https:\\\/\\\/cardinal-tapes.com\\\/\",\"name\":\"cardinal TAPES\",\"description\":\"Klebetechnik aus Wuppertal\",\"potentialAction\":[{\"@type\":\"SearchAction\",\"target\":{\"@type\":\"EntryPoint\",\"urlTemplate\":\"https:\\\/\\\/cardinal-tapes.com\\\/?s={search_term_string}\"},\"query-input\":{\"@type\":\"PropertyValueSpecification\",\"valueRequired\":true,\"valueName\":\"search_term_string\"}}],\"inLanguage\":\"it-IT\"}]}<\/script>\n<!-- \/ Yoast SEO plugin. -->","yoast_head_json":{"title":"tesa 52315 nastro giallo per il montaggio delle piastre | Nastri cardinali","description":"tesaprint\u00ae 52315 (giallo) \u00e8 un nastro colorato per il montaggio delle lastre. Per saperne di pi\u00f9 sui vantaggi e sulle aree di applicazione, cliccate qui.","robots":{"index":"index","follow":"follow","max-snippet":"max-snippet:-1","max-image-preview":"max-image-preview:large","max-video-preview":"max-video-preview:-1"},"canonical":"https:\/\/cardinal-tapes.com\/it\/nastri-adesivi\/nastri-monoadesivi\/tesa-52315-nastro-cliche\/","og_locale":"it_IT","og_type":"article","og_title":"tesa 52315 nastro giallo per il montaggio delle piastre | Nastri cardinali","og_description":"tesaprint\u00ae 52315 (giallo) \u00e8 un nastro colorato per il montaggio delle lastre. Per saperne di pi\u00f9 sui vantaggi e sulle aree di applicazione, cliccate qui.","og_url":"https:\/\/cardinal-tapes.com\/it\/nastri-adesivi\/nastri-monoadesivi\/tesa-52315-nastro-cliche\/","og_site_name":"cardinal TAPES","og_image":[{"width":764,"height":1080,"url":"https:\/\/cardinal-tapes.com\/wp-content\/uploads\/tesa-52315-pr-001-fullsize173190_canvas16x9_18.jpg","type":"image\/jpeg"}],"twitter_card":"summary_large_image","twitter_misc":{"Tempo di lettura stimato":"1 minuto"},"schema":{"@context":"https:\/\/schema.org","@graph":[{"@type":"WebPage","@id":"https:\/\/cardinal-tapes.com\/it\/nastri-adesivi\/nastri-monoadesivi\/tesa-52315-nastro-cliche\/","url":"https:\/\/cardinal-tapes.com\/it\/nastri-adesivi\/nastri-monoadesivi\/tesa-52315-nastro-cliche\/","name":"tesa 52315 nastro giallo per il montaggio delle piastre | Nastri cardinali","isPartOf":{"@id":"https:\/\/cardinal-tapes.com\/#website"},"primaryImageOfPage":{"@id":"https:\/\/cardinal-tapes.com\/it\/nastri-adesivi\/nastri-monoadesivi\/tesa-52315-nastro-cliche\/#primaryimage"},"image":{"@id":"https:\/\/cardinal-tapes.com\/it\/nastri-adesivi\/nastri-monoadesivi\/tesa-52315-nastro-cliche\/#primaryimage"},"thumbnailUrl":"https:\/\/cardinal-tapes.com\/wp-content\/uploads\/tesa-52315-pr-001-fullsize173190_canvas16x9_18.jpg","datePublished":"2023-06-05T15:10:01+00:00","description":"tesaprint\u00ae 52315 (giallo) \u00e8 un nastro colorato per il montaggio delle lastre. Per saperne di pi\u00f9 sui vantaggi e sulle aree di applicazione, cliccate qui.","breadcrumb":{"@id":"https:\/\/cardinal-tapes.com\/it\/nastri-adesivi\/nastri-monoadesivi\/tesa-52315-nastro-cliche\/#breadcrumb"},"inLanguage":"it-IT","potentialAction":[{"@type":"ReadAction","target":["https:\/\/cardinal-tapes.com\/it\/nastri-adesivi\/nastri-monoadesivi\/tesa-52315-nastro-cliche\/"]}]},{"@type":"ImageObject","inLanguage":"it-IT","@id":"https:\/\/cardinal-tapes.com\/it\/nastri-adesivi\/nastri-monoadesivi\/tesa-52315-nastro-cliche\/#primaryimage","url":"https:\/\/cardinal-tapes.com\/wp-content\/uploads\/tesa-52315-pr-001-fullsize173190_canvas16x9_18.jpg","contentUrl":"https:\/\/cardinal-tapes.com\/wp-content\/uploads\/tesa-52315-pr-001-fullsize173190_canvas16x9_18.jpg","width":764,"height":1080,"caption":"Tesa 52315 PR 001 Fullsize"},{"@type":"BreadcrumbList","@id":"https:\/\/cardinal-tapes.com\/it\/nastri-adesivi\/nastri-monoadesivi\/tesa-52315-nastro-cliche\/#breadcrumb","itemListElement":[{"@type":"ListItem","position":1,"name":"Startseite","item":"https:\/\/cardinal-tapes.com\/it\/casa\/"},{"@type":"ListItem","position":2,"name":"Nastri adesivi","item":"https:\/\/cardinal-tapes.com\/it\/nastri-adesivi-it\/"},{"@type":"ListItem","position":3,"name":"Nastri monoadesivi","item":"https:\/\/cardinal-tapes.com\/it\/categoria\/nastri-monoadesivi\/"},{"@type":"ListItem","position":4,"name":"tesaprint\u00ae 52315 nastro per il montaggio delle lastre"}]},{"@type":"WebSite","@id":"https:\/\/cardinal-tapes.com\/#website","url":"https:\/\/cardinal-tapes.com\/","name":"cardinal TAPES","description":"Klebetechnik aus Wuppertal","potentialAction":[{"@type":"SearchAction","target":{"@type":"EntryPoint","urlTemplate":"https:\/\/cardinal-tapes.com\/?s={search_term_string}"},"query-input":{"@type":"PropertyValueSpecification","valueRequired":true,"valueName":"search_term_string"}}],"inLanguage":"it-IT"}]}},"brands":[{"id":2162,"name":"tesa","slug":"tesa-it"}],"_links":{"self":[{"href":"https:\/\/cardinal-tapes.com\/it\/wp-json\/wp\/v2\/product\/51571","targetHints":{"allow":["GET"]}}],"collection":[{"href":"https:\/\/cardinal-tapes.com\/it\/wp-json\/wp\/v2\/product"}],"about":[{"href":"https:\/\/cardinal-tapes.com\/it\/wp-json\/wp\/v2\/types\/product"}],"wp:featuredmedia":[{"embeddable":true,"href":"https:\/\/cardinal-tapes.com\/it\/wp-json\/wp\/v2\/media\/27349"}],"wp:attachment":[{"href":"https:\/\/cardinal-tapes.com\/it\/wp-json\/wp\/v2\/media?parent=51571"}],"wp:term":[{"taxonomy":"pwb-brand","embeddable":true,"href":"https:\/\/cardinal-tapes.com\/it\/wp-json\/wp\/v2\/pwb-brand?post=51571"},{"taxonomy":"product_brand","embeddable":true,"href":"https:\/\/cardinal-tapes.com\/it\/wp-json\/wp\/v2\/product_brand?post=51571"},{"taxonomy":"product_cat","embeddable":true,"href":"https:\/\/cardinal-tapes.com\/it\/wp-json\/wp\/v2\/product_cat?post=51571"},{"taxonomy":"product_tag","embeddable":true,"href":"https:\/\/cardinal-tapes.com\/it\/wp-json\/wp\/v2\/product_tag?post=51571"}],"curies":[{"name":"wp","href":"https:\/\/api.w.org\/{rel}","templated":true}]}}