{"id":50355,"date":"2020-07-24T13:55:15","date_gmt":"2023-06-05T15:08:16","guid":{"rendered":"https:\/\/cardinal.pixel-tal.de\/klebebaender\/senza-categoria\/tesa-58137-nastro-barriera-segnale\/"},"modified":"2025-07-02T13:07:21","modified_gmt":"2025-07-02T11:07:21","slug":"tesa-58137-signal-barrier-tape","status":"publish","type":"product","link":"https:\/\/cardinal-tapes.com\/it\/nastri-adesivi\/senza-categoria\/tesa-58137-signal-barrier-tape\/","title":{"rendered":"tesa\u00ae 58137 Nastro barriera segnale"},"content":{"rendered":"<p>Il nastro barriera di segnalazione non adesivo <sup>tesa\u00ae<\/sup> \u00e8 rosso\/bianco su entrambi i lati e avverte di non entrare nelle zone di pericolo. Con una larghezza di 8 cm, la banda del segnale non pu\u00f2 essere trascurata. Il robusto nastro barriera in film di PE \u00e8 resistente ai raggi UV per almeno 3 mesi ed \u00e8 quindi adatto anche per un uso a lungo termine.<\/p>\n<p><strong>Caratteristiche<\/strong><br \/>\n&#8211; Robusto nastro barriera in film di PE<br \/>\n&#8211; Non adesivo<br \/>\n&#8211; Stampato in rosso e bianco su entrambi i lati<br \/>\n&#8211; Nastro di segnalazione resistente all&#8217;abrasione<br \/>\n&#8211; Resistente ai raggi UV per 3 mesi<\/p>\n<p><strong>Applicazioni<\/strong><br \/>\n&#8211; Utilizzo come nastro di segnalazione per i cantieri<br \/>\n&#8211; Etichettatura e delimitazione di aree<\/p>\n","protected":false},"excerpt":{"rendered":"<p>Il nastro barriera di segnalazione non adesivo tesa\u00ae \u00e8 rosso\/bianco su entrambi i lati e avverte di non entrare nelle zone di pericolo. Con una larghezza di 8 cm, la banda del segnale non pu\u00f2 essere trascurata. Il robusto nastro barriera in film di PE \u00e8 resistente ai raggi UV per almeno 3 mesi ed [&hellip;]<\/p>\n","protected":false},"featured_media":28289,"template":"","meta":{"_acf_changed":false},"pwb-brand":[2162],"product_brand":[],"product_cat":[1862],"product_tag":[],"class_list":{"0":"post-50355","1":"product","2":"type-product","3":"status-publish","4":"has-post-thumbnail","6":"pwb-brand-tesa-it","7":"product_cat-senza-categoria","9":"first","10":"instock","11":"taxable","12":"shipping-taxable","13":"purchasable","14":"product-type-variable"},"acf":[],"yoast_head":"<!-- This site is optimized with the Yoast SEO plugin v27.3 - https:\/\/yoast.com\/product\/yoast-seo-wordpress\/ -->\n<title>tesa\u00ae 58137 Nastro barriera per segnali | Cardinal TAPES<\/title>\n<meta name=\"description\" content=\"Il nastro di segnalazione tesa\u00ae rosso e bianco \u00e8 non adesivo, robusto e ideale per delimitare le aree di pericolo.\" \/>\n<meta name=\"robots\" content=\"index, follow, max-snippet:-1, max-image-preview:large, max-video-preview:-1\" \/>\n<link rel=\"canonical\" href=\"https:\/\/cardinal-tapes.com\/it\/nastri-adesivi\/senza-categoria\/tesa-58137-signal-barrier-tape\/\" \/>\n<meta property=\"og:locale\" content=\"it_IT\" \/>\n<meta property=\"og:type\" content=\"article\" \/>\n<meta property=\"og:title\" content=\"tesa\u00ae 58137 Nastro barriera per segnali | Cardinal TAPES\" \/>\n<meta property=\"og:description\" content=\"Il nastro di segnalazione tesa\u00ae rosso e bianco \u00e8 non adesivo, robusto e ideale per delimitare le aree di pericolo.\" \/>\n<meta property=\"og:url\" content=\"https:\/\/cardinal-tapes.com\/it\/nastri-adesivi\/senza-categoria\/tesa-58137-signal-barrier-tape\/\" \/>\n<meta property=\"og:site_name\" content=\"cardinal TAPES\" \/>\n<meta property=\"article:modified_time\" content=\"2025-07-02T11:07:21+00:00\" \/>\n<meta property=\"og:image\" content=\"https:\/\/cardinal-tapes.com\/wp-content\/uploads\/tesa-signal-non-adhesive-marking-tape-red-white-66m-x-50mm884072_padded16x9_9.jpg\" \/>\n\t<meta property=\"og:image:width\" content=\"928\" \/>\n\t<meta property=\"og:image:height\" content=\"522\" \/>\n\t<meta property=\"og:image:type\" content=\"image\/jpeg\" \/>\n<meta name=\"twitter:card\" content=\"summary_large_image\" \/>\n<meta name=\"twitter:label1\" content=\"Tempo di lettura stimato\" \/>\n\t<meta name=\"twitter:data1\" content=\"1 minuto\" \/>\n<script type=\"application\/ld+json\" class=\"yoast-schema-graph\">{\"@context\":\"https:\\\/\\\/schema.org\",\"@graph\":[{\"@type\":\"WebPage\",\"@id\":\"https:\\\/\\\/cardinal-tapes.com\\\/it\\\/nastri-adesivi\\\/senza-categoria\\\/tesa-58137-signal-barrier-tape\\\/\",\"url\":\"https:\\\/\\\/cardinal-tapes.com\\\/it\\\/nastri-adesivi\\\/senza-categoria\\\/tesa-58137-signal-barrier-tape\\\/\",\"name\":\"tesa\u00ae 58137 Nastro barriera per segnali | Cardinal TAPES\",\"isPartOf\":{\"@id\":\"https:\\\/\\\/cardinal-tapes.com\\\/#website\"},\"primaryImageOfPage\":{\"@id\":\"https:\\\/\\\/cardinal-tapes.com\\\/it\\\/nastri-adesivi\\\/senza-categoria\\\/tesa-58137-signal-barrier-tape\\\/#primaryimage\"},\"image\":{\"@id\":\"https:\\\/\\\/cardinal-tapes.com\\\/it\\\/nastri-adesivi\\\/senza-categoria\\\/tesa-58137-signal-barrier-tape\\\/#primaryimage\"},\"thumbnailUrl\":\"https:\\\/\\\/cardinal-tapes.com\\\/wp-content\\\/uploads\\\/tesa-signal-non-adhesive-marking-tape-red-white-66m-x-50mm884072_padded16x9_9.jpg\",\"datePublished\":\"2023-06-05T15:08:16+00:00\",\"dateModified\":\"2025-07-02T11:07:21+00:00\",\"description\":\"Il nastro di segnalazione tesa\u00ae rosso e bianco \u00e8 non adesivo, robusto e ideale per delimitare le aree di pericolo.\",\"breadcrumb\":{\"@id\":\"https:\\\/\\\/cardinal-tapes.com\\\/it\\\/nastri-adesivi\\\/senza-categoria\\\/tesa-58137-signal-barrier-tape\\\/#breadcrumb\"},\"inLanguage\":\"it-IT\",\"potentialAction\":[{\"@type\":\"ReadAction\",\"target\":[\"https:\\\/\\\/cardinal-tapes.com\\\/it\\\/nastri-adesivi\\\/senza-categoria\\\/tesa-58137-signal-barrier-tape\\\/\"]}]},{\"@type\":\"ImageObject\",\"inLanguage\":\"it-IT\",\"@id\":\"https:\\\/\\\/cardinal-tapes.com\\\/it\\\/nastri-adesivi\\\/senza-categoria\\\/tesa-58137-signal-barrier-tape\\\/#primaryimage\",\"url\":\"https:\\\/\\\/cardinal-tapes.com\\\/wp-content\\\/uploads\\\/tesa-signal-non-adhesive-marking-tape-red-white-66m-x-50mm884072_padded16x9_9.jpg\",\"contentUrl\":\"https:\\\/\\\/cardinal-tapes.com\\\/wp-content\\\/uploads\\\/tesa-signal-non-adhesive-marking-tape-red-white-66m-x-50mm884072_padded16x9_9.jpg\",\"width\":928,\"height\":522},{\"@type\":\"BreadcrumbList\",\"@id\":\"https:\\\/\\\/cardinal-tapes.com\\\/it\\\/nastri-adesivi\\\/senza-categoria\\\/tesa-58137-signal-barrier-tape\\\/#breadcrumb\",\"itemListElement\":[{\"@type\":\"ListItem\",\"position\":1,\"name\":\"Startseite\",\"item\":\"https:\\\/\\\/cardinal-tapes.com\\\/it\\\/casa\\\/\"},{\"@type\":\"ListItem\",\"position\":2,\"name\":\"Nastri adesivi\",\"item\":\"https:\\\/\\\/cardinal-tapes.com\\\/it\\\/nastri-adesivi-it\\\/\"},{\"@type\":\"ListItem\",\"position\":3,\"name\":\"Doppelseitige Klebeb\u00e4nder\",\"item\":\"https:\\\/\\\/cardinal-tapes.com\\\/kategorie\\\/doppelseitige-klebebaender\\\/\"},{\"@type\":\"ListItem\",\"position\":4,\"name\":\"tesa\u00ae 58137 Nastro barriera segnale\"}]},{\"@type\":\"WebSite\",\"@id\":\"https:\\\/\\\/cardinal-tapes.com\\\/#website\",\"url\":\"https:\\\/\\\/cardinal-tapes.com\\\/\",\"name\":\"cardinal TAPES\",\"description\":\"Klebetechnik aus Wuppertal\",\"potentialAction\":[{\"@type\":\"SearchAction\",\"target\":{\"@type\":\"EntryPoint\",\"urlTemplate\":\"https:\\\/\\\/cardinal-tapes.com\\\/?s={search_term_string}\"},\"query-input\":{\"@type\":\"PropertyValueSpecification\",\"valueRequired\":true,\"valueName\":\"search_term_string\"}}],\"inLanguage\":\"it-IT\"}]}<\/script>\n<!-- \/ Yoast SEO plugin. -->","yoast_head_json":{"title":"tesa\u00ae 58137 Nastro barriera per segnali | Cardinal TAPES","description":"Il nastro di segnalazione tesa\u00ae rosso e bianco \u00e8 non adesivo, robusto e ideale per delimitare le aree di pericolo.","robots":{"index":"index","follow":"follow","max-snippet":"max-snippet:-1","max-image-preview":"max-image-preview:large","max-video-preview":"max-video-preview:-1"},"canonical":"https:\/\/cardinal-tapes.com\/it\/nastri-adesivi\/senza-categoria\/tesa-58137-signal-barrier-tape\/","og_locale":"it_IT","og_type":"article","og_title":"tesa\u00ae 58137 Nastro barriera per segnali | Cardinal TAPES","og_description":"Il nastro di segnalazione tesa\u00ae rosso e bianco \u00e8 non adesivo, robusto e ideale per delimitare le aree di pericolo.","og_url":"https:\/\/cardinal-tapes.com\/it\/nastri-adesivi\/senza-categoria\/tesa-58137-signal-barrier-tape\/","og_site_name":"cardinal TAPES","article_modified_time":"2025-07-02T11:07:21+00:00","og_image":[{"width":928,"height":522,"url":"https:\/\/cardinal-tapes.com\/wp-content\/uploads\/tesa-signal-non-adhesive-marking-tape-red-white-66m-x-50mm884072_padded16x9_9.jpg","type":"image\/jpeg"}],"twitter_card":"summary_large_image","twitter_misc":{"Tempo di lettura stimato":"1 minuto"},"schema":{"@context":"https:\/\/schema.org","@graph":[{"@type":"WebPage","@id":"https:\/\/cardinal-tapes.com\/it\/nastri-adesivi\/senza-categoria\/tesa-58137-signal-barrier-tape\/","url":"https:\/\/cardinal-tapes.com\/it\/nastri-adesivi\/senza-categoria\/tesa-58137-signal-barrier-tape\/","name":"tesa\u00ae 58137 Nastro barriera per segnali | Cardinal TAPES","isPartOf":{"@id":"https:\/\/cardinal-tapes.com\/#website"},"primaryImageOfPage":{"@id":"https:\/\/cardinal-tapes.com\/it\/nastri-adesivi\/senza-categoria\/tesa-58137-signal-barrier-tape\/#primaryimage"},"image":{"@id":"https:\/\/cardinal-tapes.com\/it\/nastri-adesivi\/senza-categoria\/tesa-58137-signal-barrier-tape\/#primaryimage"},"thumbnailUrl":"https:\/\/cardinal-tapes.com\/wp-content\/uploads\/tesa-signal-non-adhesive-marking-tape-red-white-66m-x-50mm884072_padded16x9_9.jpg","datePublished":"2023-06-05T15:08:16+00:00","dateModified":"2025-07-02T11:07:21+00:00","description":"Il nastro di segnalazione tesa\u00ae rosso e bianco \u00e8 non adesivo, robusto e ideale per delimitare le aree di pericolo.","breadcrumb":{"@id":"https:\/\/cardinal-tapes.com\/it\/nastri-adesivi\/senza-categoria\/tesa-58137-signal-barrier-tape\/#breadcrumb"},"inLanguage":"it-IT","potentialAction":[{"@type":"ReadAction","target":["https:\/\/cardinal-tapes.com\/it\/nastri-adesivi\/senza-categoria\/tesa-58137-signal-barrier-tape\/"]}]},{"@type":"ImageObject","inLanguage":"it-IT","@id":"https:\/\/cardinal-tapes.com\/it\/nastri-adesivi\/senza-categoria\/tesa-58137-signal-barrier-tape\/#primaryimage","url":"https:\/\/cardinal-tapes.com\/wp-content\/uploads\/tesa-signal-non-adhesive-marking-tape-red-white-66m-x-50mm884072_padded16x9_9.jpg","contentUrl":"https:\/\/cardinal-tapes.com\/wp-content\/uploads\/tesa-signal-non-adhesive-marking-tape-red-white-66m-x-50mm884072_padded16x9_9.jpg","width":928,"height":522},{"@type":"BreadcrumbList","@id":"https:\/\/cardinal-tapes.com\/it\/nastri-adesivi\/senza-categoria\/tesa-58137-signal-barrier-tape\/#breadcrumb","itemListElement":[{"@type":"ListItem","position":1,"name":"Startseite","item":"https:\/\/cardinal-tapes.com\/it\/casa\/"},{"@type":"ListItem","position":2,"name":"Nastri adesivi","item":"https:\/\/cardinal-tapes.com\/it\/nastri-adesivi-it\/"},{"@type":"ListItem","position":3,"name":"Doppelseitige Klebeb\u00e4nder","item":"https:\/\/cardinal-tapes.com\/kategorie\/doppelseitige-klebebaender\/"},{"@type":"ListItem","position":4,"name":"tesa\u00ae 58137 Nastro barriera segnale"}]},{"@type":"WebSite","@id":"https:\/\/cardinal-tapes.com\/#website","url":"https:\/\/cardinal-tapes.com\/","name":"cardinal TAPES","description":"Klebetechnik aus Wuppertal","potentialAction":[{"@type":"SearchAction","target":{"@type":"EntryPoint","urlTemplate":"https:\/\/cardinal-tapes.com\/?s={search_term_string}"},"query-input":{"@type":"PropertyValueSpecification","valueRequired":true,"valueName":"search_term_string"}}],"inLanguage":"it-IT"}]}},"brands":[{"id":2162,"name":"tesa","slug":"tesa-it"}],"_links":{"self":[{"href":"https:\/\/cardinal-tapes.com\/it\/wp-json\/wp\/v2\/product\/50355","targetHints":{"allow":["GET"]}}],"collection":[{"href":"https:\/\/cardinal-tapes.com\/it\/wp-json\/wp\/v2\/product"}],"about":[{"href":"https:\/\/cardinal-tapes.com\/it\/wp-json\/wp\/v2\/types\/product"}],"wp:featuredmedia":[{"embeddable":true,"href":"https:\/\/cardinal-tapes.com\/it\/wp-json\/wp\/v2\/media\/28289"}],"wp:attachment":[{"href":"https:\/\/cardinal-tapes.com\/it\/wp-json\/wp\/v2\/media?parent=50355"}],"wp:term":[{"taxonomy":"pwb-brand","embeddable":true,"href":"https:\/\/cardinal-tapes.com\/it\/wp-json\/wp\/v2\/pwb-brand?post=50355"},{"taxonomy":"product_brand","embeddable":true,"href":"https:\/\/cardinal-tapes.com\/it\/wp-json\/wp\/v2\/product_brand?post=50355"},{"taxonomy":"product_cat","embeddable":true,"href":"https:\/\/cardinal-tapes.com\/it\/wp-json\/wp\/v2\/product_cat?post=50355"},{"taxonomy":"product_tag","embeddable":true,"href":"https:\/\/cardinal-tapes.com\/it\/wp-json\/wp\/v2\/product_tag?post=50355"}],"curies":[{"name":"wp","href":"https:\/\/api.w.org\/{rel}","templated":true}]}}