{"id":49911,"date":"2020-10-08T09:42:50","date_gmt":"2020-10-08T07:42:50","guid":{"rendered":"https:\/\/cardinal.pixel-tal.de\/klebebaender\/senza-categoria\/tesakrepp-4434-pelle-di-elefante\/"},"modified":"2023-06-05T17:07:59","modified_gmt":"2023-06-05T15:07:59","slug":"tesakrepp-4434-pelle-delefante","status":"publish","type":"product","link":"https:\/\/cardinal-tapes.com\/it\/nastri-adesivi\/aree-di-applicazione\/commercio-edile\/tesakrepp-4434-pelle-delefante\/","title":{"rendered":"tesakrepp\u00ae 4434 pelle di elefante"},"content":{"rendered":"<p><sup>tesakrepp\u00ae<\/sup> 4434 \u00e8 uno speciale nastro per mascheratura con un supporto in carta forte ed estremamente resistente. \u00c8 inoltre caratterizzato da un&#8217;elevata forza adesiva anche su substrati critici.<br \/>\nIl prodotto pu\u00f2 essere facilmente rimosso dopo l&#8217;applicazione.<\/p>\n","protected":false},"excerpt":{"rendered":"<p>tesakrepp\u00ae 4434 \u00e8 uno speciale nastro per mascheratura con un supporto in carta forte ed estremamente resistente. \u00c8 inoltre caratterizzato da un&#8217;elevata forza adesiva anche su substrati critici. Il prodotto pu\u00f2 essere facilmente rimosso dopo l&#8217;applicazione.<\/p>\n","protected":false},"featured_media":28425,"template":"","meta":{"_acf_changed":false},"pwb-brand":[2162],"product_brand":[],"product_cat":[1678,1776,1826],"product_tag":[],"class_list":{"0":"post-49911","1":"product","2":"type-product","3":"status-publish","4":"has-post-thumbnail","6":"pwb-brand-tesa-it","7":"product_cat-commercio-edile","8":"product_cat-nastro-di-carta","9":"product_cat-nastri-monoadesivi","11":"first","12":"outofstock","13":"taxable","14":"shipping-taxable","15":"purchasable","16":"product-type-variable"},"acf":[],"yoast_head":"<!-- This site is optimized with the Yoast SEO plugin v27.3 - https:\/\/yoast.com\/product\/yoast-seo-wordpress\/ -->\n<title>tesakrepp\u00ae 4434 pelle di elefante | Nastri cardinalizi<\/title>\n<meta name=\"description\" content=\"tesakrepp\u00ae 4434 \u00e8 uno speciale nastro per mascheratura con un supporto in carta forte ed estremamente resistente. \u00c8 inoltre caratterizzato da un&#039;elevata forza adesiva anche su substrati critici.\" \/>\n<meta name=\"robots\" content=\"index, follow, max-snippet:-1, max-image-preview:large, max-video-preview:-1\" \/>\n<link rel=\"canonical\" href=\"https:\/\/cardinal-tapes.com\/it\/nastri-adesivi\/aree-di-applicazione\/commercio-edile\/tesakrepp-4434-pelle-delefante\/\" \/>\n<meta property=\"og:locale\" content=\"it_IT\" \/>\n<meta property=\"og:type\" content=\"article\" \/>\n<meta property=\"og:title\" content=\"tesakrepp\u00ae 4434 pelle di elefante | Nastri cardinalizi\" \/>\n<meta property=\"og:description\" content=\"tesakrepp\u00ae 4434 \u00e8 uno speciale nastro per mascheratura con un supporto in carta forte ed estremamente resistente. \u00c8 inoltre caratterizzato da un&#039;elevata forza adesiva anche su substrati critici.\" \/>\n<meta property=\"og:url\" content=\"https:\/\/cardinal-tapes.com\/it\/nastri-adesivi\/aree-di-applicazione\/commercio-edile\/tesakrepp-4434-pelle-delefante\/\" \/>\n<meta property=\"og:site_name\" content=\"cardinal TAPES\" \/>\n<meta property=\"article:modified_time\" content=\"2023-06-05T15:07:59+00:00\" \/>\n<meta property=\"og:image\" content=\"https:\/\/cardinal-tapes.com\/wp-content\/uploads\/tesa-4434-stencil-material-sandblasting-protection-yellow-044340000400-pr1780956_canvas1x1_5.jpg\" \/>\n\t<meta property=\"og:image:width\" content=\"501\" \/>\n\t<meta property=\"og:image:height\" content=\"501\" \/>\n\t<meta property=\"og:image:type\" content=\"image\/jpeg\" \/>\n<meta name=\"twitter:card\" content=\"summary_large_image\" \/>\n<script type=\"application\/ld+json\" class=\"yoast-schema-graph\">{\"@context\":\"https:\\\/\\\/schema.org\",\"@graph\":[{\"@type\":\"WebPage\",\"@id\":\"https:\\\/\\\/cardinal-tapes.com\\\/it\\\/nastri-adesivi\\\/aree-di-applicazione\\\/commercio-edile\\\/tesakrepp-4434-pelle-delefante\\\/\",\"url\":\"https:\\\/\\\/cardinal-tapes.com\\\/it\\\/nastri-adesivi\\\/aree-di-applicazione\\\/commercio-edile\\\/tesakrepp-4434-pelle-delefante\\\/\",\"name\":\"tesakrepp\u00ae 4434 pelle di elefante | Nastri cardinalizi\",\"isPartOf\":{\"@id\":\"https:\\\/\\\/cardinal-tapes.com\\\/#website\"},\"primaryImageOfPage\":{\"@id\":\"https:\\\/\\\/cardinal-tapes.com\\\/it\\\/nastri-adesivi\\\/aree-di-applicazione\\\/commercio-edile\\\/tesakrepp-4434-pelle-delefante\\\/#primaryimage\"},\"image\":{\"@id\":\"https:\\\/\\\/cardinal-tapes.com\\\/it\\\/nastri-adesivi\\\/aree-di-applicazione\\\/commercio-edile\\\/tesakrepp-4434-pelle-delefante\\\/#primaryimage\"},\"thumbnailUrl\":\"https:\\\/\\\/cardinal-tapes.com\\\/wp-content\\\/uploads\\\/tesa-4434-stencil-material-sandblasting-protection-yellow-044340000400-pr1780956_canvas1x1_5.jpg\",\"datePublished\":\"2020-10-08T07:42:50+00:00\",\"dateModified\":\"2023-06-05T15:07:59+00:00\",\"description\":\"tesakrepp\u00ae 4434 \u00e8 uno speciale nastro per mascheratura con un supporto in carta forte ed estremamente resistente. \u00c8 inoltre caratterizzato da un'elevata forza adesiva anche su substrati critici.\",\"breadcrumb\":{\"@id\":\"https:\\\/\\\/cardinal-tapes.com\\\/it\\\/nastri-adesivi\\\/aree-di-applicazione\\\/commercio-edile\\\/tesakrepp-4434-pelle-delefante\\\/#breadcrumb\"},\"inLanguage\":\"it-IT\",\"potentialAction\":[{\"@type\":\"ReadAction\",\"target\":[\"https:\\\/\\\/cardinal-tapes.com\\\/it\\\/nastri-adesivi\\\/aree-di-applicazione\\\/commercio-edile\\\/tesakrepp-4434-pelle-delefante\\\/\"]}]},{\"@type\":\"ImageObject\",\"inLanguage\":\"it-IT\",\"@id\":\"https:\\\/\\\/cardinal-tapes.com\\\/it\\\/nastri-adesivi\\\/aree-di-applicazione\\\/commercio-edile\\\/tesakrepp-4434-pelle-delefante\\\/#primaryimage\",\"url\":\"https:\\\/\\\/cardinal-tapes.com\\\/wp-content\\\/uploads\\\/tesa-4434-stencil-material-sandblasting-protection-yellow-044340000400-pr1780956_canvas1x1_5.jpg\",\"contentUrl\":\"https:\\\/\\\/cardinal-tapes.com\\\/wp-content\\\/uploads\\\/tesa-4434-stencil-material-sandblasting-protection-yellow-044340000400-pr1780956_canvas1x1_5.jpg\",\"width\":501,\"height\":501},{\"@type\":\"BreadcrumbList\",\"@id\":\"https:\\\/\\\/cardinal-tapes.com\\\/it\\\/nastri-adesivi\\\/aree-di-applicazione\\\/commercio-edile\\\/tesakrepp-4434-pelle-delefante\\\/#breadcrumb\",\"itemListElement\":[{\"@type\":\"ListItem\",\"position\":1,\"name\":\"Startseite\",\"item\":\"https:\\\/\\\/cardinal-tapes.com\\\/it\\\/casa\\\/\"},{\"@type\":\"ListItem\",\"position\":2,\"name\":\"Nastri adesivi\",\"item\":\"https:\\\/\\\/cardinal-tapes.com\\\/it\\\/nastri-adesivi-it\\\/\"},{\"@type\":\"ListItem\",\"position\":3,\"name\":\"Einseitige Klebeb\u00e4nder\",\"item\":\"https:\\\/\\\/cardinal-tapes.com\\\/kategorie\\\/einseitige-klebebaender\\\/\"},{\"@type\":\"ListItem\",\"position\":4,\"name\":\"tesakrepp\u00ae 4434 pelle di elefante\"}]},{\"@type\":\"WebSite\",\"@id\":\"https:\\\/\\\/cardinal-tapes.com\\\/#website\",\"url\":\"https:\\\/\\\/cardinal-tapes.com\\\/\",\"name\":\"cardinal TAPES\",\"description\":\"Klebetechnik aus Wuppertal\",\"potentialAction\":[{\"@type\":\"SearchAction\",\"target\":{\"@type\":\"EntryPoint\",\"urlTemplate\":\"https:\\\/\\\/cardinal-tapes.com\\\/?s={search_term_string}\"},\"query-input\":{\"@type\":\"PropertyValueSpecification\",\"valueRequired\":true,\"valueName\":\"search_term_string\"}}],\"inLanguage\":\"it-IT\"}]}<\/script>\n<!-- \/ Yoast SEO plugin. -->","yoast_head_json":{"title":"tesakrepp\u00ae 4434 pelle di elefante | Nastri cardinalizi","description":"tesakrepp\u00ae 4434 \u00e8 uno speciale nastro per mascheratura con un supporto in carta forte ed estremamente resistente. \u00c8 inoltre caratterizzato da un'elevata forza adesiva anche su substrati critici.","robots":{"index":"index","follow":"follow","max-snippet":"max-snippet:-1","max-image-preview":"max-image-preview:large","max-video-preview":"max-video-preview:-1"},"canonical":"https:\/\/cardinal-tapes.com\/it\/nastri-adesivi\/aree-di-applicazione\/commercio-edile\/tesakrepp-4434-pelle-delefante\/","og_locale":"it_IT","og_type":"article","og_title":"tesakrepp\u00ae 4434 pelle di elefante | Nastri cardinalizi","og_description":"tesakrepp\u00ae 4434 \u00e8 uno speciale nastro per mascheratura con un supporto in carta forte ed estremamente resistente. \u00c8 inoltre caratterizzato da un'elevata forza adesiva anche su substrati critici.","og_url":"https:\/\/cardinal-tapes.com\/it\/nastri-adesivi\/aree-di-applicazione\/commercio-edile\/tesakrepp-4434-pelle-delefante\/","og_site_name":"cardinal TAPES","article_modified_time":"2023-06-05T15:07:59+00:00","og_image":[{"width":501,"height":501,"url":"https:\/\/cardinal-tapes.com\/wp-content\/uploads\/tesa-4434-stencil-material-sandblasting-protection-yellow-044340000400-pr1780956_canvas1x1_5.jpg","type":"image\/jpeg"}],"twitter_card":"summary_large_image","schema":{"@context":"https:\/\/schema.org","@graph":[{"@type":"WebPage","@id":"https:\/\/cardinal-tapes.com\/it\/nastri-adesivi\/aree-di-applicazione\/commercio-edile\/tesakrepp-4434-pelle-delefante\/","url":"https:\/\/cardinal-tapes.com\/it\/nastri-adesivi\/aree-di-applicazione\/commercio-edile\/tesakrepp-4434-pelle-delefante\/","name":"tesakrepp\u00ae 4434 pelle di elefante | Nastri cardinalizi","isPartOf":{"@id":"https:\/\/cardinal-tapes.com\/#website"},"primaryImageOfPage":{"@id":"https:\/\/cardinal-tapes.com\/it\/nastri-adesivi\/aree-di-applicazione\/commercio-edile\/tesakrepp-4434-pelle-delefante\/#primaryimage"},"image":{"@id":"https:\/\/cardinal-tapes.com\/it\/nastri-adesivi\/aree-di-applicazione\/commercio-edile\/tesakrepp-4434-pelle-delefante\/#primaryimage"},"thumbnailUrl":"https:\/\/cardinal-tapes.com\/wp-content\/uploads\/tesa-4434-stencil-material-sandblasting-protection-yellow-044340000400-pr1780956_canvas1x1_5.jpg","datePublished":"2020-10-08T07:42:50+00:00","dateModified":"2023-06-05T15:07:59+00:00","description":"tesakrepp\u00ae 4434 \u00e8 uno speciale nastro per mascheratura con un supporto in carta forte ed estremamente resistente. \u00c8 inoltre caratterizzato da un'elevata forza adesiva anche su substrati critici.","breadcrumb":{"@id":"https:\/\/cardinal-tapes.com\/it\/nastri-adesivi\/aree-di-applicazione\/commercio-edile\/tesakrepp-4434-pelle-delefante\/#breadcrumb"},"inLanguage":"it-IT","potentialAction":[{"@type":"ReadAction","target":["https:\/\/cardinal-tapes.com\/it\/nastri-adesivi\/aree-di-applicazione\/commercio-edile\/tesakrepp-4434-pelle-delefante\/"]}]},{"@type":"ImageObject","inLanguage":"it-IT","@id":"https:\/\/cardinal-tapes.com\/it\/nastri-adesivi\/aree-di-applicazione\/commercio-edile\/tesakrepp-4434-pelle-delefante\/#primaryimage","url":"https:\/\/cardinal-tapes.com\/wp-content\/uploads\/tesa-4434-stencil-material-sandblasting-protection-yellow-044340000400-pr1780956_canvas1x1_5.jpg","contentUrl":"https:\/\/cardinal-tapes.com\/wp-content\/uploads\/tesa-4434-stencil-material-sandblasting-protection-yellow-044340000400-pr1780956_canvas1x1_5.jpg","width":501,"height":501},{"@type":"BreadcrumbList","@id":"https:\/\/cardinal-tapes.com\/it\/nastri-adesivi\/aree-di-applicazione\/commercio-edile\/tesakrepp-4434-pelle-delefante\/#breadcrumb","itemListElement":[{"@type":"ListItem","position":1,"name":"Startseite","item":"https:\/\/cardinal-tapes.com\/it\/casa\/"},{"@type":"ListItem","position":2,"name":"Nastri adesivi","item":"https:\/\/cardinal-tapes.com\/it\/nastri-adesivi-it\/"},{"@type":"ListItem","position":3,"name":"Einseitige Klebeb\u00e4nder","item":"https:\/\/cardinal-tapes.com\/kategorie\/einseitige-klebebaender\/"},{"@type":"ListItem","position":4,"name":"tesakrepp\u00ae 4434 pelle di elefante"}]},{"@type":"WebSite","@id":"https:\/\/cardinal-tapes.com\/#website","url":"https:\/\/cardinal-tapes.com\/","name":"cardinal TAPES","description":"Klebetechnik aus Wuppertal","potentialAction":[{"@type":"SearchAction","target":{"@type":"EntryPoint","urlTemplate":"https:\/\/cardinal-tapes.com\/?s={search_term_string}"},"query-input":{"@type":"PropertyValueSpecification","valueRequired":true,"valueName":"search_term_string"}}],"inLanguage":"it-IT"}]}},"brands":[{"id":2162,"name":"tesa","slug":"tesa-it"}],"_links":{"self":[{"href":"https:\/\/cardinal-tapes.com\/it\/wp-json\/wp\/v2\/product\/49911","targetHints":{"allow":["GET"]}}],"collection":[{"href":"https:\/\/cardinal-tapes.com\/it\/wp-json\/wp\/v2\/product"}],"about":[{"href":"https:\/\/cardinal-tapes.com\/it\/wp-json\/wp\/v2\/types\/product"}],"wp:featuredmedia":[{"embeddable":true,"href":"https:\/\/cardinal-tapes.com\/it\/wp-json\/wp\/v2\/media\/28425"}],"wp:attachment":[{"href":"https:\/\/cardinal-tapes.com\/it\/wp-json\/wp\/v2\/media?parent=49911"}],"wp:term":[{"taxonomy":"pwb-brand","embeddable":true,"href":"https:\/\/cardinal-tapes.com\/it\/wp-json\/wp\/v2\/pwb-brand?post=49911"},{"taxonomy":"product_brand","embeddable":true,"href":"https:\/\/cardinal-tapes.com\/it\/wp-json\/wp\/v2\/product_brand?post=49911"},{"taxonomy":"product_cat","embeddable":true,"href":"https:\/\/cardinal-tapes.com\/it\/wp-json\/wp\/v2\/product_cat?post=49911"},{"taxonomy":"product_tag","embeddable":true,"href":"https:\/\/cardinal-tapes.com\/it\/wp-json\/wp\/v2\/product_tag?post=49911"}],"curies":[{"name":"wp","href":"https:\/\/api.w.org\/{rel}","templated":true}]}}