{"id":49769,"date":"2020-10-08T10:39:32","date_gmt":"2023-06-05T15:07:54","guid":{"rendered":"https:\/\/cardinal.pixel-tal.de\/klebebaender\/senza-categoria\/tesa-4621-nastro-in-tessuto-multiuso-per-uso-esterno\/"},"modified":"2025-07-02T13:13:46","modified_gmt":"2025-07-02T11:13:46","slug":"tesa-4621-nastro-tessuto-per-tutti-gli-utilizzi-esterni","status":"publish","type":"product","link":"https:\/\/cardinal-tapes.com\/it\/nastri-adesivi\/nastri-monoadesivi\/film-in-pvc\/tesa-4621-nastro-tessuto-per-tutti-gli-utilizzi-esterni\/","title":{"rendered":"tesa\u00ae 4621 Nastro in tessuto multiuso per uso esterno"},"content":{"rendered":"<p><sup>tesa\u00ae<\/sup> 4621 \u00e8 un nastro in tessuto verde con adesivo acrilico. Il robusto supporto \u00e8 costituito da un supporto in polietilene rinforzato con tessuto di poliestere.<br \/>\nQuesto versatile nastro in tessuto pu\u00f2 essere strappato a mano senza fatica in senso verticale e orizzontale e offre uno svolgimento regolare senza arricciare l&#8217;estremit\u00e0 del nastro. Il nastro per esterni \u00e8 impermeabile grazie al materiale di supporto e stabile ai raggi UV grazie allo speciale adesivo utilizzato. Pu\u00f2 quindi rimanere all&#8217;aperto fino a 8 settimane.<\/p>\n<p><strong>Propriet\u00e0<\/strong><br \/>\n&#8211; Elevata adesione iniziale<br \/>\n&#8211; Facile da riposizionare e buona flessibilit\u00e0<br \/>\n&#8211; Stabile ai raggi UV e all&#8217;umidit\u00e0<\/p>\n<p><strong>Applicazioni<\/strong><br \/>\n&#8211; Mascheratura per lavori di intonacatura e pittura su facciate esterne<br \/>\n&#8211; Protezione temporanea della superficie per la segnaletica dei pavimenti<br \/>\n&#8211; Fissaggio di maschere in foglio e carta durante i lavori di ristrutturazione<br \/>\n&#8211; Organizzazione e fissaggio di oggetti sciolti (ad es. fili e cavi)<\/p>\n","protected":false},"excerpt":{"rendered":"<p>tesa\u00ae 4621 \u00e8 un nastro in tessuto verde con adesivo acrilico. Il robusto supporto \u00e8 costituito da un supporto in polietilene rinforzato con tessuto di poliestere. Questo versatile nastro in tessuto pu\u00f2 essere strappato a mano senza fatica in senso verticale e orizzontale e offre uno svolgimento regolare senza arricciare l&#8217;estremit\u00e0 del nastro. Il nastro [&hellip;]<\/p>\n","protected":false},"featured_media":28421,"template":"","meta":{"_acf_changed":false},"pwb-brand":[2162],"product_brand":[],"product_cat":[1826,1831,1678],"product_tag":[],"class_list":{"0":"post-49769","1":"product","2":"type-product","3":"status-publish","4":"has-post-thumbnail","6":"pwb-brand-tesa-it","7":"product_cat-nastri-monoadesivi","8":"product_cat-film-in-pvc","9":"product_cat-commercio-edile","11":"first","12":"instock","13":"taxable","14":"shipping-taxable","15":"purchasable","16":"product-type-variable"},"acf":[],"yoast_head":"<!-- This site is optimized with the Yoast SEO plugin v27.3 - https:\/\/yoast.com\/product\/yoast-seo-wordpress\/ -->\n<title>tesa\u00ae 4621|Nastri Cardinali<\/title>\n<meta name=\"description\" content=\"tesa\u00ae 4621 \u00e8 un nastro in tessuto verde dotato di un adesivo acrilico. Il robusto supporto \u00e8 costituito da una struttura in polietilene rinforzata con tessuto di poliestere.\" \/>\n<meta name=\"robots\" content=\"index, follow, max-snippet:-1, max-image-preview:large, max-video-preview:-1\" \/>\n<link rel=\"canonical\" href=\"https:\/\/cardinal-tapes.com\/it\/nastri-adesivi\/nastri-monoadesivi\/film-in-pvc\/tesa-4621-nastro-tessuto-per-tutti-gli-utilizzi-esterni\/\" \/>\n<meta property=\"og:locale\" content=\"it_IT\" \/>\n<meta property=\"og:type\" content=\"article\" \/>\n<meta property=\"og:title\" content=\"tesa\u00ae 4621|Nastri Cardinali\" \/>\n<meta property=\"og:description\" content=\"tesa\u00ae 4621 \u00e8 un nastro in tessuto verde dotato di un adesivo acrilico. Il robusto supporto \u00e8 costituito da una struttura in polietilene rinforzata con tessuto di poliestere.\" \/>\n<meta property=\"og:url\" content=\"https:\/\/cardinal-tapes.com\/it\/nastri-adesivi\/nastri-monoadesivi\/film-in-pvc\/tesa-4621-nastro-tessuto-per-tutti-gli-utilizzi-esterni\/\" \/>\n<meta property=\"og:site_name\" content=\"cardinal TAPES\" \/>\n<meta property=\"article:modified_time\" content=\"2025-07-02T11:13:46+00:00\" \/>\n<meta property=\"og:image\" content=\"https:\/\/cardinal-tapes.com\/wp-content\/uploads\/tesa-04621-multipurpose-outdoor-cloth-tape-046210000000-pr2097136_canvas1x1_5.jpg\" \/>\n\t<meta property=\"og:image:width\" content=\"501\" \/>\n\t<meta property=\"og:image:height\" content=\"501\" \/>\n\t<meta property=\"og:image:type\" content=\"image\/jpeg\" \/>\n<meta name=\"twitter:card\" content=\"summary_large_image\" \/>\n<meta name=\"twitter:label1\" content=\"Tempo di lettura stimato\" \/>\n\t<meta name=\"twitter:data1\" content=\"1 minuto\" \/>\n<script type=\"application\/ld+json\" class=\"yoast-schema-graph\">{\"@context\":\"https:\\\/\\\/schema.org\",\"@graph\":[{\"@type\":\"WebPage\",\"@id\":\"https:\\\/\\\/cardinal-tapes.com\\\/it\\\/nastri-adesivi\\\/nastri-monoadesivi\\\/film-in-pvc\\\/tesa-4621-nastro-tessuto-per-tutti-gli-utilizzi-esterni\\\/\",\"url\":\"https:\\\/\\\/cardinal-tapes.com\\\/it\\\/nastri-adesivi\\\/nastri-monoadesivi\\\/film-in-pvc\\\/tesa-4621-nastro-tessuto-per-tutti-gli-utilizzi-esterni\\\/\",\"name\":\"tesa\u00ae 4621|Nastri Cardinali\",\"isPartOf\":{\"@id\":\"https:\\\/\\\/cardinal-tapes.com\\\/#website\"},\"primaryImageOfPage\":{\"@id\":\"https:\\\/\\\/cardinal-tapes.com\\\/it\\\/nastri-adesivi\\\/nastri-monoadesivi\\\/film-in-pvc\\\/tesa-4621-nastro-tessuto-per-tutti-gli-utilizzi-esterni\\\/#primaryimage\"},\"image\":{\"@id\":\"https:\\\/\\\/cardinal-tapes.com\\\/it\\\/nastri-adesivi\\\/nastri-monoadesivi\\\/film-in-pvc\\\/tesa-4621-nastro-tessuto-per-tutti-gli-utilizzi-esterni\\\/#primaryimage\"},\"thumbnailUrl\":\"https:\\\/\\\/cardinal-tapes.com\\\/wp-content\\\/uploads\\\/tesa-04621-multipurpose-outdoor-cloth-tape-046210000000-pr2097136_canvas1x1_5.jpg\",\"datePublished\":\"2023-06-05T15:07:54+00:00\",\"dateModified\":\"2025-07-02T11:13:46+00:00\",\"description\":\"tesa\u00ae 4621 \u00e8 un nastro in tessuto verde dotato di un adesivo acrilico. Il robusto supporto \u00e8 costituito da una struttura in polietilene rinforzata con tessuto di poliestere.\",\"breadcrumb\":{\"@id\":\"https:\\\/\\\/cardinal-tapes.com\\\/it\\\/nastri-adesivi\\\/nastri-monoadesivi\\\/film-in-pvc\\\/tesa-4621-nastro-tessuto-per-tutti-gli-utilizzi-esterni\\\/#breadcrumb\"},\"inLanguage\":\"it-IT\",\"potentialAction\":[{\"@type\":\"ReadAction\",\"target\":[\"https:\\\/\\\/cardinal-tapes.com\\\/it\\\/nastri-adesivi\\\/nastri-monoadesivi\\\/film-in-pvc\\\/tesa-4621-nastro-tessuto-per-tutti-gli-utilizzi-esterni\\\/\"]}]},{\"@type\":\"ImageObject\",\"inLanguage\":\"it-IT\",\"@id\":\"https:\\\/\\\/cardinal-tapes.com\\\/it\\\/nastri-adesivi\\\/nastri-monoadesivi\\\/film-in-pvc\\\/tesa-4621-nastro-tessuto-per-tutti-gli-utilizzi-esterni\\\/#primaryimage\",\"url\":\"https:\\\/\\\/cardinal-tapes.com\\\/wp-content\\\/uploads\\\/tesa-04621-multipurpose-outdoor-cloth-tape-046210000000-pr2097136_canvas1x1_5.jpg\",\"contentUrl\":\"https:\\\/\\\/cardinal-tapes.com\\\/wp-content\\\/uploads\\\/tesa-04621-multipurpose-outdoor-cloth-tape-046210000000-pr2097136_canvas1x1_5.jpg\",\"width\":501,\"height\":501},{\"@type\":\"BreadcrumbList\",\"@id\":\"https:\\\/\\\/cardinal-tapes.com\\\/it\\\/nastri-adesivi\\\/nastri-monoadesivi\\\/film-in-pvc\\\/tesa-4621-nastro-tessuto-per-tutti-gli-utilizzi-esterni\\\/#breadcrumb\",\"itemListElement\":[{\"@type\":\"ListItem\",\"position\":1,\"name\":\"Startseite\",\"item\":\"https:\\\/\\\/cardinal-tapes.com\\\/it\\\/casa\\\/\"},{\"@type\":\"ListItem\",\"position\":2,\"name\":\"Nastri adesivi\",\"item\":\"https:\\\/\\\/cardinal-tapes.com\\\/it\\\/nastri-adesivi-it\\\/\"},{\"@type\":\"ListItem\",\"position\":3,\"name\":\"Einseitige Klebeb\u00e4nder\",\"item\":\"https:\\\/\\\/cardinal-tapes.com\\\/kategorie\\\/einseitige-klebebaender\\\/\"},{\"@type\":\"ListItem\",\"position\":4,\"name\":\"tesa\u00ae 4621 Nastro in tessuto multiuso per uso esterno\"}]},{\"@type\":\"WebSite\",\"@id\":\"https:\\\/\\\/cardinal-tapes.com\\\/#website\",\"url\":\"https:\\\/\\\/cardinal-tapes.com\\\/\",\"name\":\"cardinal TAPES\",\"description\":\"Klebetechnik aus Wuppertal\",\"potentialAction\":[{\"@type\":\"SearchAction\",\"target\":{\"@type\":\"EntryPoint\",\"urlTemplate\":\"https:\\\/\\\/cardinal-tapes.com\\\/?s={search_term_string}\"},\"query-input\":{\"@type\":\"PropertyValueSpecification\",\"valueRequired\":true,\"valueName\":\"search_term_string\"}}],\"inLanguage\":\"it-IT\"}]}<\/script>\n<!-- \/ Yoast SEO plugin. -->","yoast_head_json":{"title":"tesa\u00ae 4621|Nastri Cardinali","description":"tesa\u00ae 4621 \u00e8 un nastro in tessuto verde dotato di un adesivo acrilico. Il robusto supporto \u00e8 costituito da una struttura in polietilene rinforzata con tessuto di poliestere.","robots":{"index":"index","follow":"follow","max-snippet":"max-snippet:-1","max-image-preview":"max-image-preview:large","max-video-preview":"max-video-preview:-1"},"canonical":"https:\/\/cardinal-tapes.com\/it\/nastri-adesivi\/nastri-monoadesivi\/film-in-pvc\/tesa-4621-nastro-tessuto-per-tutti-gli-utilizzi-esterni\/","og_locale":"it_IT","og_type":"article","og_title":"tesa\u00ae 4621|Nastri Cardinali","og_description":"tesa\u00ae 4621 \u00e8 un nastro in tessuto verde dotato di un adesivo acrilico. Il robusto supporto \u00e8 costituito da una struttura in polietilene rinforzata con tessuto di poliestere.","og_url":"https:\/\/cardinal-tapes.com\/it\/nastri-adesivi\/nastri-monoadesivi\/film-in-pvc\/tesa-4621-nastro-tessuto-per-tutti-gli-utilizzi-esterni\/","og_site_name":"cardinal TAPES","article_modified_time":"2025-07-02T11:13:46+00:00","og_image":[{"width":501,"height":501,"url":"https:\/\/cardinal-tapes.com\/wp-content\/uploads\/tesa-04621-multipurpose-outdoor-cloth-tape-046210000000-pr2097136_canvas1x1_5.jpg","type":"image\/jpeg"}],"twitter_card":"summary_large_image","twitter_misc":{"Tempo di lettura stimato":"1 minuto"},"schema":{"@context":"https:\/\/schema.org","@graph":[{"@type":"WebPage","@id":"https:\/\/cardinal-tapes.com\/it\/nastri-adesivi\/nastri-monoadesivi\/film-in-pvc\/tesa-4621-nastro-tessuto-per-tutti-gli-utilizzi-esterni\/","url":"https:\/\/cardinal-tapes.com\/it\/nastri-adesivi\/nastri-monoadesivi\/film-in-pvc\/tesa-4621-nastro-tessuto-per-tutti-gli-utilizzi-esterni\/","name":"tesa\u00ae 4621|Nastri Cardinali","isPartOf":{"@id":"https:\/\/cardinal-tapes.com\/#website"},"primaryImageOfPage":{"@id":"https:\/\/cardinal-tapes.com\/it\/nastri-adesivi\/nastri-monoadesivi\/film-in-pvc\/tesa-4621-nastro-tessuto-per-tutti-gli-utilizzi-esterni\/#primaryimage"},"image":{"@id":"https:\/\/cardinal-tapes.com\/it\/nastri-adesivi\/nastri-monoadesivi\/film-in-pvc\/tesa-4621-nastro-tessuto-per-tutti-gli-utilizzi-esterni\/#primaryimage"},"thumbnailUrl":"https:\/\/cardinal-tapes.com\/wp-content\/uploads\/tesa-04621-multipurpose-outdoor-cloth-tape-046210000000-pr2097136_canvas1x1_5.jpg","datePublished":"2023-06-05T15:07:54+00:00","dateModified":"2025-07-02T11:13:46+00:00","description":"tesa\u00ae 4621 \u00e8 un nastro in tessuto verde dotato di un adesivo acrilico. Il robusto supporto \u00e8 costituito da una struttura in polietilene rinforzata con tessuto di poliestere.","breadcrumb":{"@id":"https:\/\/cardinal-tapes.com\/it\/nastri-adesivi\/nastri-monoadesivi\/film-in-pvc\/tesa-4621-nastro-tessuto-per-tutti-gli-utilizzi-esterni\/#breadcrumb"},"inLanguage":"it-IT","potentialAction":[{"@type":"ReadAction","target":["https:\/\/cardinal-tapes.com\/it\/nastri-adesivi\/nastri-monoadesivi\/film-in-pvc\/tesa-4621-nastro-tessuto-per-tutti-gli-utilizzi-esterni\/"]}]},{"@type":"ImageObject","inLanguage":"it-IT","@id":"https:\/\/cardinal-tapes.com\/it\/nastri-adesivi\/nastri-monoadesivi\/film-in-pvc\/tesa-4621-nastro-tessuto-per-tutti-gli-utilizzi-esterni\/#primaryimage","url":"https:\/\/cardinal-tapes.com\/wp-content\/uploads\/tesa-04621-multipurpose-outdoor-cloth-tape-046210000000-pr2097136_canvas1x1_5.jpg","contentUrl":"https:\/\/cardinal-tapes.com\/wp-content\/uploads\/tesa-04621-multipurpose-outdoor-cloth-tape-046210000000-pr2097136_canvas1x1_5.jpg","width":501,"height":501},{"@type":"BreadcrumbList","@id":"https:\/\/cardinal-tapes.com\/it\/nastri-adesivi\/nastri-monoadesivi\/film-in-pvc\/tesa-4621-nastro-tessuto-per-tutti-gli-utilizzi-esterni\/#breadcrumb","itemListElement":[{"@type":"ListItem","position":1,"name":"Startseite","item":"https:\/\/cardinal-tapes.com\/it\/casa\/"},{"@type":"ListItem","position":2,"name":"Nastri adesivi","item":"https:\/\/cardinal-tapes.com\/it\/nastri-adesivi-it\/"},{"@type":"ListItem","position":3,"name":"Einseitige Klebeb\u00e4nder","item":"https:\/\/cardinal-tapes.com\/kategorie\/einseitige-klebebaender\/"},{"@type":"ListItem","position":4,"name":"tesa\u00ae 4621 Nastro in tessuto multiuso per uso esterno"}]},{"@type":"WebSite","@id":"https:\/\/cardinal-tapes.com\/#website","url":"https:\/\/cardinal-tapes.com\/","name":"cardinal TAPES","description":"Klebetechnik aus Wuppertal","potentialAction":[{"@type":"SearchAction","target":{"@type":"EntryPoint","urlTemplate":"https:\/\/cardinal-tapes.com\/?s={search_term_string}"},"query-input":{"@type":"PropertyValueSpecification","valueRequired":true,"valueName":"search_term_string"}}],"inLanguage":"it-IT"}]}},"brands":[{"id":2162,"name":"tesa","slug":"tesa-it"}],"_links":{"self":[{"href":"https:\/\/cardinal-tapes.com\/it\/wp-json\/wp\/v2\/product\/49769","targetHints":{"allow":["GET"]}}],"collection":[{"href":"https:\/\/cardinal-tapes.com\/it\/wp-json\/wp\/v2\/product"}],"about":[{"href":"https:\/\/cardinal-tapes.com\/it\/wp-json\/wp\/v2\/types\/product"}],"wp:featuredmedia":[{"embeddable":true,"href":"https:\/\/cardinal-tapes.com\/it\/wp-json\/wp\/v2\/media\/28421"}],"wp:attachment":[{"href":"https:\/\/cardinal-tapes.com\/it\/wp-json\/wp\/v2\/media?parent=49769"}],"wp:term":[{"taxonomy":"pwb-brand","embeddable":true,"href":"https:\/\/cardinal-tapes.com\/it\/wp-json\/wp\/v2\/pwb-brand?post=49769"},{"taxonomy":"product_brand","embeddable":true,"href":"https:\/\/cardinal-tapes.com\/it\/wp-json\/wp\/v2\/product_brand?post=49769"},{"taxonomy":"product_cat","embeddable":true,"href":"https:\/\/cardinal-tapes.com\/it\/wp-json\/wp\/v2\/product_cat?post=49769"},{"taxonomy":"product_tag","embeddable":true,"href":"https:\/\/cardinal-tapes.com\/it\/wp-json\/wp\/v2\/product_tag?post=49769"}],"curies":[{"name":"wp","href":"https:\/\/api.w.org\/{rel}","templated":true}]}}