{"id":49762,"date":"2020-10-08T10:27:50","date_gmt":"2023-06-05T15:07:54","guid":{"rendered":"https:\/\/cardinal.pixel-tal.de\/klebebaender\/senza-categoria\/nastro-adesivo-di-trasferimento-tesafix-4900\/"},"modified":"2025-07-02T13:11:58","modified_gmt":"2025-07-02T11:11:58","slug":"tesafix-4900-nastro-adesivo-trasferibile","status":"publish","type":"product","link":"https:\/\/cardinal-tapes.com\/it\/nastri-adesivi\/aree-di-applicazione\/industria-automobilistica\/tesafix-4900-nastro-adesivo-trasferibile\/","title":{"rendered":"nastro adesivo di trasferimento tesafix\u00ae 4900"},"content":{"rendered":"<p><sup>tesafix\u00ae<\/sup> 4900 \u00e8 un adesivo di trasferimento applicato su carta release senza supporto intermedio. \u00c8 costituito da un adesivo acrilico resistente all&#8217;invecchiamento, \u00e8 altamente trasparente e ha un&#8217;elevata adesivit\u00e0 iniziale. <sup>tesafix\u00ae<\/sup> 4900 \u00e8 resistente alle alte temperature. Anche per solventi e altri prodotti chimici.<\/p>\n<p><strong>Propriet\u00e0<\/strong><br \/>\n&#8211; Resistente ai solventi e alle sostanze chimiche<br \/>\n&#8211; <strong>Resistente alle temperature <\/strong><\/p>\n<p><strong>Applicazioni<\/strong><br \/>\n&#8211; <strong>Per <\/strong>montare espositori e poster leggeri.<br \/>\n&#8211; <strong>Incollaggio infinito <\/strong>di pellicole e carte, soprattutto quando si cambia rotolo al volo.<br \/>\n&#8211; Incollaggio di <strong>film <\/strong>e carta (poster, display luminosi).<\/p>\n","protected":false},"excerpt":{"rendered":"<p>tesafix\u00ae 4900 \u00e8 un adesivo di trasferimento applicato su carta release senza supporto intermedio. \u00c8 costituito da un adesivo acrilico resistente all&#8217;invecchiamento, \u00e8 altamente trasparente e ha un&#8217;elevata adesivit\u00e0 iniziale. tesafix\u00ae 4900 \u00e8 resistente alle alte temperature. Anche per solventi e altri prodotti chimici. Propriet\u00e0 &#8211; Resistente ai solventi e alle sostanze chimiche &#8211; Resistente [&hellip;]<\/p>\n","protected":false},"featured_media":28445,"template":"","meta":{"_acf_changed":false},"pwb-brand":[2162],"product_brand":[],"product_cat":[1824,1677,1678,1679,1683],"product_tag":[],"class_list":{"0":"post-49762","1":"product","2":"type-product","3":"status-publish","4":"has-post-thumbnail","6":"pwb-brand-tesa-it","7":"product_cat-nastri-biadesivi","8":"product_cat-industria-automobilistica","9":"product_cat-commercio-edile","10":"product_cat-industria-edile","11":"product_cat-industria-elettrica","13":"first","14":"instock","15":"taxable","16":"shipping-taxable","17":"purchasable","18":"product-type-variable"},"acf":[],"yoast_head":"<!-- This site is optimized with the Yoast SEO plugin v27.3 - https:\/\/yoast.com\/product\/yoast-seo-wordpress\/ -->\n<title>tesafix\u00ae 4900 | nastri cardinalizi<\/title>\n<meta name=\"description\" content=\"tesafix\u00ae 4900 \u00e8 un adesivo di trasferimento applicato su carta release senza supporto intermedio. \u00c8 costituito da un adesivo acrilico resistente all&#039;invecchiamento, altamente trasparente e con un&#039;elevata adesivit\u00e0 iniziale.\" \/>\n<meta name=\"robots\" content=\"index, follow, max-snippet:-1, max-image-preview:large, max-video-preview:-1\" \/>\n<link rel=\"canonical\" href=\"https:\/\/cardinal-tapes.com\/it\/nastri-adesivi\/aree-di-applicazione\/industria-automobilistica\/tesafix-4900-nastro-adesivo-trasferibile\/\" \/>\n<meta property=\"og:locale\" content=\"it_IT\" \/>\n<meta property=\"og:type\" content=\"article\" \/>\n<meta property=\"og:title\" content=\"tesafix\u00ae 4900 | nastri cardinalizi\" \/>\n<meta property=\"og:description\" content=\"tesafix\u00ae 4900 \u00e8 un adesivo di trasferimento applicato su carta release senza supporto intermedio. \u00c8 costituito da un adesivo acrilico resistente all&#039;invecchiamento, altamente trasparente e con un&#039;elevata adesivit\u00e0 iniziale.\" \/>\n<meta property=\"og:url\" content=\"https:\/\/cardinal-tapes.com\/it\/nastri-adesivi\/aree-di-applicazione\/industria-automobilistica\/tesafix-4900-nastro-adesivo-trasferibile\/\" \/>\n<meta property=\"og:site_name\" content=\"cardinal TAPES\" \/>\n<meta property=\"article:modified_time\" content=\"2025-07-02T11:11:58+00:00\" \/>\n<meta property=\"og:image\" content=\"https:\/\/cardinal-tapes.com\/wp-content\/uploads\/4900.jpg\" \/>\n\t<meta property=\"og:image:width\" content=\"248\" \/>\n\t<meta property=\"og:image:height\" content=\"350\" \/>\n\t<meta property=\"og:image:type\" content=\"image\/jpeg\" \/>\n<meta name=\"twitter:card\" content=\"summary_large_image\" \/>\n<script type=\"application\/ld+json\" class=\"yoast-schema-graph\">{\"@context\":\"https:\\\/\\\/schema.org\",\"@graph\":[{\"@type\":\"WebPage\",\"@id\":\"https:\\\/\\\/cardinal-tapes.com\\\/it\\\/nastri-adesivi\\\/aree-di-applicazione\\\/industria-automobilistica\\\/tesafix-4900-nastro-adesivo-trasferibile\\\/\",\"url\":\"https:\\\/\\\/cardinal-tapes.com\\\/it\\\/nastri-adesivi\\\/aree-di-applicazione\\\/industria-automobilistica\\\/tesafix-4900-nastro-adesivo-trasferibile\\\/\",\"name\":\"tesafix\u00ae 4900 | nastri cardinalizi\",\"isPartOf\":{\"@id\":\"https:\\\/\\\/cardinal-tapes.com\\\/#website\"},\"primaryImageOfPage\":{\"@id\":\"https:\\\/\\\/cardinal-tapes.com\\\/it\\\/nastri-adesivi\\\/aree-di-applicazione\\\/industria-automobilistica\\\/tesafix-4900-nastro-adesivo-trasferibile\\\/#primaryimage\"},\"image\":{\"@id\":\"https:\\\/\\\/cardinal-tapes.com\\\/it\\\/nastri-adesivi\\\/aree-di-applicazione\\\/industria-automobilistica\\\/tesafix-4900-nastro-adesivo-trasferibile\\\/#primaryimage\"},\"thumbnailUrl\":\"https:\\\/\\\/cardinal-tapes.com\\\/wp-content\\\/uploads\\\/4900.jpg\",\"datePublished\":\"2023-06-05T15:07:54+00:00\",\"dateModified\":\"2025-07-02T11:11:58+00:00\",\"description\":\"tesafix\u00ae 4900 \u00e8 un adesivo di trasferimento applicato su carta release senza supporto intermedio. \u00c8 costituito da un adesivo acrilico resistente all'invecchiamento, altamente trasparente e con un'elevata adesivit\u00e0 iniziale.\",\"breadcrumb\":{\"@id\":\"https:\\\/\\\/cardinal-tapes.com\\\/it\\\/nastri-adesivi\\\/aree-di-applicazione\\\/industria-automobilistica\\\/tesafix-4900-nastro-adesivo-trasferibile\\\/#breadcrumb\"},\"inLanguage\":\"it-IT\",\"potentialAction\":[{\"@type\":\"ReadAction\",\"target\":[\"https:\\\/\\\/cardinal-tapes.com\\\/it\\\/nastri-adesivi\\\/aree-di-applicazione\\\/industria-automobilistica\\\/tesafix-4900-nastro-adesivo-trasferibile\\\/\"]}]},{\"@type\":\"ImageObject\",\"inLanguage\":\"it-IT\",\"@id\":\"https:\\\/\\\/cardinal-tapes.com\\\/it\\\/nastri-adesivi\\\/aree-di-applicazione\\\/industria-automobilistica\\\/tesafix-4900-nastro-adesivo-trasferibile\\\/#primaryimage\",\"url\":\"https:\\\/\\\/cardinal-tapes.com\\\/wp-content\\\/uploads\\\/4900.jpg\",\"contentUrl\":\"https:\\\/\\\/cardinal-tapes.com\\\/wp-content\\\/uploads\\\/4900.jpg\",\"width\":248,\"height\":350},{\"@type\":\"BreadcrumbList\",\"@id\":\"https:\\\/\\\/cardinal-tapes.com\\\/it\\\/nastri-adesivi\\\/aree-di-applicazione\\\/industria-automobilistica\\\/tesafix-4900-nastro-adesivo-trasferibile\\\/#breadcrumb\",\"itemListElement\":[{\"@type\":\"ListItem\",\"position\":1,\"name\":\"Startseite\",\"item\":\"https:\\\/\\\/cardinal-tapes.com\\\/it\\\/casa\\\/\"},{\"@type\":\"ListItem\",\"position\":2,\"name\":\"Nastri adesivi\",\"item\":\"https:\\\/\\\/cardinal-tapes.com\\\/it\\\/nastri-adesivi-it\\\/\"},{\"@type\":\"ListItem\",\"position\":3,\"name\":\"Doppelseitige Klebeb\u00e4nder\",\"item\":\"https:\\\/\\\/cardinal-tapes.com\\\/kategorie\\\/doppelseitige-klebebaender\\\/\"},{\"@type\":\"ListItem\",\"position\":4,\"name\":\"nastro adesivo di trasferimento tesafix\u00ae 4900\"}]},{\"@type\":\"WebSite\",\"@id\":\"https:\\\/\\\/cardinal-tapes.com\\\/#website\",\"url\":\"https:\\\/\\\/cardinal-tapes.com\\\/\",\"name\":\"cardinal TAPES\",\"description\":\"Klebetechnik aus Wuppertal\",\"potentialAction\":[{\"@type\":\"SearchAction\",\"target\":{\"@type\":\"EntryPoint\",\"urlTemplate\":\"https:\\\/\\\/cardinal-tapes.com\\\/?s={search_term_string}\"},\"query-input\":{\"@type\":\"PropertyValueSpecification\",\"valueRequired\":true,\"valueName\":\"search_term_string\"}}],\"inLanguage\":\"it-IT\"}]}<\/script>\n<!-- \/ Yoast SEO plugin. -->","yoast_head_json":{"title":"tesafix\u00ae 4900 | nastri cardinalizi","description":"tesafix\u00ae 4900 \u00e8 un adesivo di trasferimento applicato su carta release senza supporto intermedio. \u00c8 costituito da un adesivo acrilico resistente all'invecchiamento, altamente trasparente e con un'elevata adesivit\u00e0 iniziale.","robots":{"index":"index","follow":"follow","max-snippet":"max-snippet:-1","max-image-preview":"max-image-preview:large","max-video-preview":"max-video-preview:-1"},"canonical":"https:\/\/cardinal-tapes.com\/it\/nastri-adesivi\/aree-di-applicazione\/industria-automobilistica\/tesafix-4900-nastro-adesivo-trasferibile\/","og_locale":"it_IT","og_type":"article","og_title":"tesafix\u00ae 4900 | nastri cardinalizi","og_description":"tesafix\u00ae 4900 \u00e8 un adesivo di trasferimento applicato su carta release senza supporto intermedio. \u00c8 costituito da un adesivo acrilico resistente all'invecchiamento, altamente trasparente e con un'elevata adesivit\u00e0 iniziale.","og_url":"https:\/\/cardinal-tapes.com\/it\/nastri-adesivi\/aree-di-applicazione\/industria-automobilistica\/tesafix-4900-nastro-adesivo-trasferibile\/","og_site_name":"cardinal TAPES","article_modified_time":"2025-07-02T11:11:58+00:00","og_image":[{"width":248,"height":350,"url":"https:\/\/cardinal-tapes.com\/wp-content\/uploads\/4900.jpg","type":"image\/jpeg"}],"twitter_card":"summary_large_image","schema":{"@context":"https:\/\/schema.org","@graph":[{"@type":"WebPage","@id":"https:\/\/cardinal-tapes.com\/it\/nastri-adesivi\/aree-di-applicazione\/industria-automobilistica\/tesafix-4900-nastro-adesivo-trasferibile\/","url":"https:\/\/cardinal-tapes.com\/it\/nastri-adesivi\/aree-di-applicazione\/industria-automobilistica\/tesafix-4900-nastro-adesivo-trasferibile\/","name":"tesafix\u00ae 4900 | nastri cardinalizi","isPartOf":{"@id":"https:\/\/cardinal-tapes.com\/#website"},"primaryImageOfPage":{"@id":"https:\/\/cardinal-tapes.com\/it\/nastri-adesivi\/aree-di-applicazione\/industria-automobilistica\/tesafix-4900-nastro-adesivo-trasferibile\/#primaryimage"},"image":{"@id":"https:\/\/cardinal-tapes.com\/it\/nastri-adesivi\/aree-di-applicazione\/industria-automobilistica\/tesafix-4900-nastro-adesivo-trasferibile\/#primaryimage"},"thumbnailUrl":"https:\/\/cardinal-tapes.com\/wp-content\/uploads\/4900.jpg","datePublished":"2023-06-05T15:07:54+00:00","dateModified":"2025-07-02T11:11:58+00:00","description":"tesafix\u00ae 4900 \u00e8 un adesivo di trasferimento applicato su carta release senza supporto intermedio. \u00c8 costituito da un adesivo acrilico resistente all'invecchiamento, altamente trasparente e con un'elevata adesivit\u00e0 iniziale.","breadcrumb":{"@id":"https:\/\/cardinal-tapes.com\/it\/nastri-adesivi\/aree-di-applicazione\/industria-automobilistica\/tesafix-4900-nastro-adesivo-trasferibile\/#breadcrumb"},"inLanguage":"it-IT","potentialAction":[{"@type":"ReadAction","target":["https:\/\/cardinal-tapes.com\/it\/nastri-adesivi\/aree-di-applicazione\/industria-automobilistica\/tesafix-4900-nastro-adesivo-trasferibile\/"]}]},{"@type":"ImageObject","inLanguage":"it-IT","@id":"https:\/\/cardinal-tapes.com\/it\/nastri-adesivi\/aree-di-applicazione\/industria-automobilistica\/tesafix-4900-nastro-adesivo-trasferibile\/#primaryimage","url":"https:\/\/cardinal-tapes.com\/wp-content\/uploads\/4900.jpg","contentUrl":"https:\/\/cardinal-tapes.com\/wp-content\/uploads\/4900.jpg","width":248,"height":350},{"@type":"BreadcrumbList","@id":"https:\/\/cardinal-tapes.com\/it\/nastri-adesivi\/aree-di-applicazione\/industria-automobilistica\/tesafix-4900-nastro-adesivo-trasferibile\/#breadcrumb","itemListElement":[{"@type":"ListItem","position":1,"name":"Startseite","item":"https:\/\/cardinal-tapes.com\/it\/casa\/"},{"@type":"ListItem","position":2,"name":"Nastri adesivi","item":"https:\/\/cardinal-tapes.com\/it\/nastri-adesivi-it\/"},{"@type":"ListItem","position":3,"name":"Doppelseitige Klebeb\u00e4nder","item":"https:\/\/cardinal-tapes.com\/kategorie\/doppelseitige-klebebaender\/"},{"@type":"ListItem","position":4,"name":"nastro adesivo di trasferimento tesafix\u00ae 4900"}]},{"@type":"WebSite","@id":"https:\/\/cardinal-tapes.com\/#website","url":"https:\/\/cardinal-tapes.com\/","name":"cardinal TAPES","description":"Klebetechnik aus Wuppertal","potentialAction":[{"@type":"SearchAction","target":{"@type":"EntryPoint","urlTemplate":"https:\/\/cardinal-tapes.com\/?s={search_term_string}"},"query-input":{"@type":"PropertyValueSpecification","valueRequired":true,"valueName":"search_term_string"}}],"inLanguage":"it-IT"}]}},"brands":[{"id":2162,"name":"tesa","slug":"tesa-it"}],"_links":{"self":[{"href":"https:\/\/cardinal-tapes.com\/it\/wp-json\/wp\/v2\/product\/49762","targetHints":{"allow":["GET"]}}],"collection":[{"href":"https:\/\/cardinal-tapes.com\/it\/wp-json\/wp\/v2\/product"}],"about":[{"href":"https:\/\/cardinal-tapes.com\/it\/wp-json\/wp\/v2\/types\/product"}],"wp:featuredmedia":[{"embeddable":true,"href":"https:\/\/cardinal-tapes.com\/it\/wp-json\/wp\/v2\/media\/28445"}],"wp:attachment":[{"href":"https:\/\/cardinal-tapes.com\/it\/wp-json\/wp\/v2\/media?parent=49762"}],"wp:term":[{"taxonomy":"pwb-brand","embeddable":true,"href":"https:\/\/cardinal-tapes.com\/it\/wp-json\/wp\/v2\/pwb-brand?post=49762"},{"taxonomy":"product_brand","embeddable":true,"href":"https:\/\/cardinal-tapes.com\/it\/wp-json\/wp\/v2\/product_brand?post=49762"},{"taxonomy":"product_cat","embeddable":true,"href":"https:\/\/cardinal-tapes.com\/it\/wp-json\/wp\/v2\/product_cat?post=49762"},{"taxonomy":"product_tag","embeddable":true,"href":"https:\/\/cardinal-tapes.com\/it\/wp-json\/wp\/v2\/product_tag?post=49762"}],"curies":[{"name":"wp","href":"https:\/\/api.w.org\/{rel}","templated":true}]}}