{"id":49761,"date":"2020-10-08T10:45:54","date_gmt":"2023-06-05T15:07:54","guid":{"rendered":"https:\/\/cardinal.pixel-tal.de\/klebebaender\/senza-categoria\/tesa-60652-nastro-adesivo-in-alluminio-con-rivestimento-in-carta\/"},"modified":"2025-07-02T13:20:34","modified_gmt":"2025-07-02T11:20:34","slug":"tesa-60652-nastro-adesivo-in-alluminio-con-fodera-di-carta","status":"publish","type":"product","link":"https:\/\/cardinal-tapes.com\/it\/nastri-adesivi\/nastri-monoadesivi\/tesa-60652-nastro-adesivo-in-alluminio-con-fodera-di-carta\/","title":{"rendered":"tesa\u00ae 60652 Nastro adesivo in alluminio con rivestimento in carta"},"content":{"rendered":"<p><sup>tesa\u00ae<\/sup> 60652 \u00e8 un nastro flessibile in alluminio con uno spessore del film di 50\u00b5m, un adesivo acrilico trasparente e un liner di carta bianca siliconata di 85\u00b5m di spessore.<\/p>\n<p><strong>Propriet\u00e0<br \/>\n<\/strong>&#8211; Meccanicamente stabile e flessibile sulle superfici curve<br \/>\n&#8211; Il rivestimento \u00e8 facile da rimuovere<br \/>\n&#8211; Sigilla contro l&#8217;umidit\u00e0, il vapore e i gas<br \/>\n&#8211; Conducibile elettricamente e termicamente<br \/>\n&#8211; Riflettente al calore e alla luce<br \/>\n&#8211; Ritardante di fiamma secondo DIN 4102, classe B1<\/p>\n<p><strong>Applicazioni<\/strong><br \/>\n&#8211; Adatto per applicazioni permanenti<br \/>\n&#8211; Incollaggio di linee e serpentine di raffreddamento nell&#8217;industria degli elettrodomestici<br \/>\n&#8211; Giunzione e sigillatura di isolanti termici e alberi, ad esempio nell&#8217;industria delle costruzioni metalliche<br \/>\n&#8211; Consente di rendere i substrati elettricamente e termicamente conduttivi<\/p>\n","protected":false},"excerpt":{"rendered":"<p>tesa\u00ae 60652 \u00e8 un nastro flessibile in alluminio con uno spessore del film di 50\u00b5m, un adesivo acrilico trasparente e un liner di carta bianca siliconata di 85\u00b5m di spessore. Propriet\u00e0 &#8211; Meccanicamente stabile e flessibile sulle superfici curve &#8211; Il rivestimento \u00e8 facile da rimuovere &#8211; Sigilla contro l&#8217;umidit\u00e0, il vapore e i gas [&hellip;]<\/p>\n","protected":false},"featured_media":28441,"template":"","meta":{"_acf_changed":false},"pwb-brand":[2162],"product_brand":[],"product_cat":[1826],"product_tag":[],"class_list":{"0":"post-49761","1":"product","2":"type-product","3":"status-publish","4":"has-post-thumbnail","6":"pwb-brand-tesa-it","7":"product_cat-nastri-monoadesivi","9":"first","10":"instock","11":"taxable","12":"shipping-taxable","13":"purchasable","14":"product-type-variable"},"acf":[],"yoast_head":"<!-- This site is optimized with the Yoast SEO plugin v27.3 - https:\/\/yoast.com\/product\/yoast-seo-wordpress\/ -->\n<title>tesa\u00ae 60652 | Nastri Cardinali<\/title>\n<meta name=\"description\" content=\"tesa\u00ae 60652 \u00e8 un nastro flessibile in alluminio con uno spessore del film di 50\u00b5m, un adesivo acrilico trasparente e un liner di copertura in carta bianca siliconata di 85\u00b5m di spessore.\" \/>\n<meta name=\"robots\" content=\"index, follow, max-snippet:-1, max-image-preview:large, max-video-preview:-1\" \/>\n<link rel=\"canonical\" href=\"https:\/\/cardinal-tapes.com\/it\/nastri-adesivi\/nastri-monoadesivi\/tesa-60652-nastro-adesivo-in-alluminio-con-fodera-di-carta\/\" \/>\n<meta property=\"og:locale\" content=\"it_IT\" \/>\n<meta property=\"og:type\" content=\"article\" \/>\n<meta property=\"og:title\" content=\"tesa\u00ae 60652 | Nastri Cardinali\" \/>\n<meta property=\"og:description\" content=\"tesa\u00ae 60652 \u00e8 un nastro flessibile in alluminio con uno spessore del film di 50\u00b5m, un adesivo acrilico trasparente e un liner di copertura in carta bianca siliconata di 85\u00b5m di spessore.\" \/>\n<meta property=\"og:url\" content=\"https:\/\/cardinal-tapes.com\/it\/nastri-adesivi\/nastri-monoadesivi\/tesa-60652-nastro-adesivo-in-alluminio-con-fodera-di-carta\/\" \/>\n<meta property=\"og:site_name\" content=\"cardinal TAPES\" \/>\n<meta property=\"article:modified_time\" content=\"2025-07-02T11:20:34+00:00\" \/>\n<meta property=\"og:image\" content=\"https:\/\/cardinal-tapes.com\/wp-content\/uploads\/tesa-60632-pr-0012032760_canvas1x1_5.jpg\" \/>\n\t<meta property=\"og:image:width\" content=\"501\" \/>\n\t<meta property=\"og:image:height\" content=\"501\" \/>\n\t<meta property=\"og:image:type\" content=\"image\/jpeg\" \/>\n<meta name=\"twitter:card\" content=\"summary_large_image\" \/>\n<meta name=\"twitter:label1\" content=\"Tempo di lettura stimato\" \/>\n\t<meta name=\"twitter:data1\" content=\"1 minuto\" \/>\n<script type=\"application\/ld+json\" class=\"yoast-schema-graph\">{\"@context\":\"https:\\\/\\\/schema.org\",\"@graph\":[{\"@type\":\"WebPage\",\"@id\":\"https:\\\/\\\/cardinal-tapes.com\\\/it\\\/nastri-adesivi\\\/nastri-monoadesivi\\\/tesa-60652-nastro-adesivo-in-alluminio-con-fodera-di-carta\\\/\",\"url\":\"https:\\\/\\\/cardinal-tapes.com\\\/it\\\/nastri-adesivi\\\/nastri-monoadesivi\\\/tesa-60652-nastro-adesivo-in-alluminio-con-fodera-di-carta\\\/\",\"name\":\"tesa\u00ae 60652 | Nastri Cardinali\",\"isPartOf\":{\"@id\":\"https:\\\/\\\/cardinal-tapes.com\\\/#website\"},\"primaryImageOfPage\":{\"@id\":\"https:\\\/\\\/cardinal-tapes.com\\\/it\\\/nastri-adesivi\\\/nastri-monoadesivi\\\/tesa-60652-nastro-adesivo-in-alluminio-con-fodera-di-carta\\\/#primaryimage\"},\"image\":{\"@id\":\"https:\\\/\\\/cardinal-tapes.com\\\/it\\\/nastri-adesivi\\\/nastri-monoadesivi\\\/tesa-60652-nastro-adesivo-in-alluminio-con-fodera-di-carta\\\/#primaryimage\"},\"thumbnailUrl\":\"https:\\\/\\\/cardinal-tapes.com\\\/wp-content\\\/uploads\\\/tesa-60632-pr-0012032760_canvas1x1_5.jpg\",\"datePublished\":\"2023-06-05T15:07:54+00:00\",\"dateModified\":\"2025-07-02T11:20:34+00:00\",\"description\":\"tesa\u00ae 60652 \u00e8 un nastro flessibile in alluminio con uno spessore del film di 50\u00b5m, un adesivo acrilico trasparente e un liner di copertura in carta bianca siliconata di 85\u00b5m di spessore.\",\"breadcrumb\":{\"@id\":\"https:\\\/\\\/cardinal-tapes.com\\\/it\\\/nastri-adesivi\\\/nastri-monoadesivi\\\/tesa-60652-nastro-adesivo-in-alluminio-con-fodera-di-carta\\\/#breadcrumb\"},\"inLanguage\":\"it-IT\",\"potentialAction\":[{\"@type\":\"ReadAction\",\"target\":[\"https:\\\/\\\/cardinal-tapes.com\\\/it\\\/nastri-adesivi\\\/nastri-monoadesivi\\\/tesa-60652-nastro-adesivo-in-alluminio-con-fodera-di-carta\\\/\"]}]},{\"@type\":\"ImageObject\",\"inLanguage\":\"it-IT\",\"@id\":\"https:\\\/\\\/cardinal-tapes.com\\\/it\\\/nastri-adesivi\\\/nastri-monoadesivi\\\/tesa-60652-nastro-adesivo-in-alluminio-con-fodera-di-carta\\\/#primaryimage\",\"url\":\"https:\\\/\\\/cardinal-tapes.com\\\/wp-content\\\/uploads\\\/tesa-60632-pr-0012032760_canvas1x1_5.jpg\",\"contentUrl\":\"https:\\\/\\\/cardinal-tapes.com\\\/wp-content\\\/uploads\\\/tesa-60632-pr-0012032760_canvas1x1_5.jpg\",\"width\":501,\"height\":501},{\"@type\":\"BreadcrumbList\",\"@id\":\"https:\\\/\\\/cardinal-tapes.com\\\/it\\\/nastri-adesivi\\\/nastri-monoadesivi\\\/tesa-60652-nastro-adesivo-in-alluminio-con-fodera-di-carta\\\/#breadcrumb\",\"itemListElement\":[{\"@type\":\"ListItem\",\"position\":1,\"name\":\"Startseite\",\"item\":\"https:\\\/\\\/cardinal-tapes.com\\\/it\\\/casa\\\/\"},{\"@type\":\"ListItem\",\"position\":2,\"name\":\"Nastri adesivi\",\"item\":\"https:\\\/\\\/cardinal-tapes.com\\\/it\\\/nastri-adesivi-it\\\/\"},{\"@type\":\"ListItem\",\"position\":3,\"name\":\"Single sided adhesive tapes\",\"item\":\"https:\\\/\\\/cardinal-tapes.com\\\/en\\\/category\\\/single-sided-adhesive-tapes\\\/\"},{\"@type\":\"ListItem\",\"position\":4,\"name\":\"tesa\u00ae 60652 Nastro adesivo in alluminio con rivestimento in carta\"}]},{\"@type\":\"WebSite\",\"@id\":\"https:\\\/\\\/cardinal-tapes.com\\\/#website\",\"url\":\"https:\\\/\\\/cardinal-tapes.com\\\/\",\"name\":\"cardinal TAPES\",\"description\":\"Klebetechnik aus Wuppertal\",\"potentialAction\":[{\"@type\":\"SearchAction\",\"target\":{\"@type\":\"EntryPoint\",\"urlTemplate\":\"https:\\\/\\\/cardinal-tapes.com\\\/?s={search_term_string}\"},\"query-input\":{\"@type\":\"PropertyValueSpecification\",\"valueRequired\":true,\"valueName\":\"search_term_string\"}}],\"inLanguage\":\"it-IT\"}]}<\/script>\n<!-- \/ Yoast SEO plugin. -->","yoast_head_json":{"title":"tesa\u00ae 60652 | Nastri Cardinali","description":"tesa\u00ae 60652 \u00e8 un nastro flessibile in alluminio con uno spessore del film di 50\u00b5m, un adesivo acrilico trasparente e un liner di copertura in carta bianca siliconata di 85\u00b5m di spessore.","robots":{"index":"index","follow":"follow","max-snippet":"max-snippet:-1","max-image-preview":"max-image-preview:large","max-video-preview":"max-video-preview:-1"},"canonical":"https:\/\/cardinal-tapes.com\/it\/nastri-adesivi\/nastri-monoadesivi\/tesa-60652-nastro-adesivo-in-alluminio-con-fodera-di-carta\/","og_locale":"it_IT","og_type":"article","og_title":"tesa\u00ae 60652 | Nastri Cardinali","og_description":"tesa\u00ae 60652 \u00e8 un nastro flessibile in alluminio con uno spessore del film di 50\u00b5m, un adesivo acrilico trasparente e un liner di copertura in carta bianca siliconata di 85\u00b5m di spessore.","og_url":"https:\/\/cardinal-tapes.com\/it\/nastri-adesivi\/nastri-monoadesivi\/tesa-60652-nastro-adesivo-in-alluminio-con-fodera-di-carta\/","og_site_name":"cardinal TAPES","article_modified_time":"2025-07-02T11:20:34+00:00","og_image":[{"width":501,"height":501,"url":"https:\/\/cardinal-tapes.com\/wp-content\/uploads\/tesa-60632-pr-0012032760_canvas1x1_5.jpg","type":"image\/jpeg"}],"twitter_card":"summary_large_image","twitter_misc":{"Tempo di lettura stimato":"1 minuto"},"schema":{"@context":"https:\/\/schema.org","@graph":[{"@type":"WebPage","@id":"https:\/\/cardinal-tapes.com\/it\/nastri-adesivi\/nastri-monoadesivi\/tesa-60652-nastro-adesivo-in-alluminio-con-fodera-di-carta\/","url":"https:\/\/cardinal-tapes.com\/it\/nastri-adesivi\/nastri-monoadesivi\/tesa-60652-nastro-adesivo-in-alluminio-con-fodera-di-carta\/","name":"tesa\u00ae 60652 | Nastri Cardinali","isPartOf":{"@id":"https:\/\/cardinal-tapes.com\/#website"},"primaryImageOfPage":{"@id":"https:\/\/cardinal-tapes.com\/it\/nastri-adesivi\/nastri-monoadesivi\/tesa-60652-nastro-adesivo-in-alluminio-con-fodera-di-carta\/#primaryimage"},"image":{"@id":"https:\/\/cardinal-tapes.com\/it\/nastri-adesivi\/nastri-monoadesivi\/tesa-60652-nastro-adesivo-in-alluminio-con-fodera-di-carta\/#primaryimage"},"thumbnailUrl":"https:\/\/cardinal-tapes.com\/wp-content\/uploads\/tesa-60632-pr-0012032760_canvas1x1_5.jpg","datePublished":"2023-06-05T15:07:54+00:00","dateModified":"2025-07-02T11:20:34+00:00","description":"tesa\u00ae 60652 \u00e8 un nastro flessibile in alluminio con uno spessore del film di 50\u00b5m, un adesivo acrilico trasparente e un liner di copertura in carta bianca siliconata di 85\u00b5m di spessore.","breadcrumb":{"@id":"https:\/\/cardinal-tapes.com\/it\/nastri-adesivi\/nastri-monoadesivi\/tesa-60652-nastro-adesivo-in-alluminio-con-fodera-di-carta\/#breadcrumb"},"inLanguage":"it-IT","potentialAction":[{"@type":"ReadAction","target":["https:\/\/cardinal-tapes.com\/it\/nastri-adesivi\/nastri-monoadesivi\/tesa-60652-nastro-adesivo-in-alluminio-con-fodera-di-carta\/"]}]},{"@type":"ImageObject","inLanguage":"it-IT","@id":"https:\/\/cardinal-tapes.com\/it\/nastri-adesivi\/nastri-monoadesivi\/tesa-60652-nastro-adesivo-in-alluminio-con-fodera-di-carta\/#primaryimage","url":"https:\/\/cardinal-tapes.com\/wp-content\/uploads\/tesa-60632-pr-0012032760_canvas1x1_5.jpg","contentUrl":"https:\/\/cardinal-tapes.com\/wp-content\/uploads\/tesa-60632-pr-0012032760_canvas1x1_5.jpg","width":501,"height":501},{"@type":"BreadcrumbList","@id":"https:\/\/cardinal-tapes.com\/it\/nastri-adesivi\/nastri-monoadesivi\/tesa-60652-nastro-adesivo-in-alluminio-con-fodera-di-carta\/#breadcrumb","itemListElement":[{"@type":"ListItem","position":1,"name":"Startseite","item":"https:\/\/cardinal-tapes.com\/it\/casa\/"},{"@type":"ListItem","position":2,"name":"Nastri adesivi","item":"https:\/\/cardinal-tapes.com\/it\/nastri-adesivi-it\/"},{"@type":"ListItem","position":3,"name":"Single sided adhesive tapes","item":"https:\/\/cardinal-tapes.com\/en\/category\/single-sided-adhesive-tapes\/"},{"@type":"ListItem","position":4,"name":"tesa\u00ae 60652 Nastro adesivo in alluminio con rivestimento in carta"}]},{"@type":"WebSite","@id":"https:\/\/cardinal-tapes.com\/#website","url":"https:\/\/cardinal-tapes.com\/","name":"cardinal TAPES","description":"Klebetechnik aus Wuppertal","potentialAction":[{"@type":"SearchAction","target":{"@type":"EntryPoint","urlTemplate":"https:\/\/cardinal-tapes.com\/?s={search_term_string}"},"query-input":{"@type":"PropertyValueSpecification","valueRequired":true,"valueName":"search_term_string"}}],"inLanguage":"it-IT"}]}},"brands":[{"id":2162,"name":"tesa","slug":"tesa-it"}],"_links":{"self":[{"href":"https:\/\/cardinal-tapes.com\/it\/wp-json\/wp\/v2\/product\/49761","targetHints":{"allow":["GET"]}}],"collection":[{"href":"https:\/\/cardinal-tapes.com\/it\/wp-json\/wp\/v2\/product"}],"about":[{"href":"https:\/\/cardinal-tapes.com\/it\/wp-json\/wp\/v2\/types\/product"}],"wp:featuredmedia":[{"embeddable":true,"href":"https:\/\/cardinal-tapes.com\/it\/wp-json\/wp\/v2\/media\/28441"}],"wp:attachment":[{"href":"https:\/\/cardinal-tapes.com\/it\/wp-json\/wp\/v2\/media?parent=49761"}],"wp:term":[{"taxonomy":"pwb-brand","embeddable":true,"href":"https:\/\/cardinal-tapes.com\/it\/wp-json\/wp\/v2\/pwb-brand?post=49761"},{"taxonomy":"product_brand","embeddable":true,"href":"https:\/\/cardinal-tapes.com\/it\/wp-json\/wp\/v2\/product_brand?post=49761"},{"taxonomy":"product_cat","embeddable":true,"href":"https:\/\/cardinal-tapes.com\/it\/wp-json\/wp\/v2\/product_cat?post=49761"},{"taxonomy":"product_tag","embeddable":true,"href":"https:\/\/cardinal-tapes.com\/it\/wp-json\/wp\/v2\/product_tag?post=49761"}],"curies":[{"name":"wp","href":"https:\/\/api.w.org\/{rel}","templated":true}]}}