{"id":49731,"date":"2020-09-22T13:54:13","date_gmt":"2023-06-05T15:07:53","guid":{"rendered":"https:\/\/cardinal.pixel-tal.de\/klebebaender\/senza-categoria\/maschera-facciale-cardinal-tapes-con-clip-per-il-naso\/"},"modified":"2025-07-02T13:09:05","modified_gmt":"2025-07-02T11:09:05","slug":"nastro-cardinale-maschera-facciale-con-ponte-naso","status":"publish","type":"product","link":"https:\/\/cardinal-tapes.com\/it\/nastri-adesivi\/aree-di-applicazione\/industria-tessile\/nastro-cardinale-maschera-facciale-con-ponte-naso\/","title":{"rendered":"maschera facciale cardinal tapes con clip per il naso"},"content":{"rendered":"<p><strong>Maschera di fortuna monouso autoadesiva e flessibile<\/strong><\/p>\n<p>Le maschere aiutano a ridurre il rischio di infezione da goccioline per altre persone. Inoltre, la maschera bocca-naso serve anche come autoprotezione, in quanto non si toccano accidentalmente la bocca e le mucose nasali con le mani. Indossare una maschera in pubblico e quando si \u00e8 a contatto con persone appartenenti a gruppi a rischio protegge le altre persone.<\/p>\n<p>Il nostro copri bocca e naso temporaneo \u00e8 realizzato in un tessuto non tessuto flessibile di polipropilene dotato di punti adesivi facilmente staccabili. Le maschere vengono fissate direttamente sulla pelle. L&#8217;adesivo acrilico senza solventi \u00e8 approvato per il contatto diretto con la pelle e non ha un odore sgradevole. Le maschere trasparenti monouso sono realizzate in un sottile film di LDPE e hanno anche una finitura autoadesiva, ma sono consigliate solo per applicazioni di breve durata.<\/p>\n<p>Poich\u00e9 la maschera di fortuna monouso viene incollata alle guance, non \u00e8 necessario utilizzare fastidiosi gommini per il fissaggio. Questa forma di aggancio \u00e8 particolarmente interessante per i parrucchieri e gli ottici, poich\u00e9 l&#8217;area intorno alle orecchie pu\u00f2 essere raggiunta senza problemi.<\/p>\n<p>Le maschere facciali non sono certificate e quindi non sono approvate per applicazioni mediche.<\/p>\n<p><strong>Possibili applicazioni:<\/strong><\/p>\n<p><em><strong>Parrucchieri, ottici, audiologi e molti altri fornitori di servizi.<\/strong><\/em><\/p>\n<p>L&#8217;area intorno alle orecchie rimane sempre libera grazie alle nostre mascherine autoadesive. Questo semplifica l&#8217;applicazione e l&#8217;uso permanente di apparecchi acustici e occhiali. Anche il lavoro dei parrucchieri \u00e8 nuovamente facilitato dalle nostre maschere. L&#8217;area libera intorno alle orecchie del cliente facilita il taglio dei capelli.<\/p>\n<p><strong>Esempio di applicazione:<\/strong><\/p>\n<div class=\"wrap\" style=\"margin: 10px 0 40px; float: left;\">\n<div class=\"av_one_half flex_column first\"><a href=\"https:\/\/cardinal-tapes.com\/wp-content\/uploads\/cardinal_gesichtsschutz2.mp4?iframe=true\"><img decoding=\"async\" style=\"border-radius: 8px; border: 1px solid #b6193e; line-height: 0; overflow: hidden;\" src=\"\/wp-content\/uploads\/cardinal_gesichstmaske_thumb2.jpg\"><\/a><\/div>\n<\/div>\n","protected":false},"excerpt":{"rendered":"<p>Maschera di fortuna monouso autoadesiva e flessibile Le maschere aiutano a ridurre il rischio di infezione da goccioline per altre persone. Inoltre, la maschera bocca-naso serve anche come autoprotezione, in quanto non si toccano accidentalmente la bocca e le mucose nasali con le mani. Indossare una maschera in pubblico e quando si \u00e8 a contatto [&hellip;]<\/p>\n","protected":false},"featured_media":0,"template":"","meta":{"_acf_changed":false},"pwb-brand":[2174],"product_brand":[],"product_cat":[1826,1780,1823],"product_tag":[],"class_list":{"0":"post-49731","1":"product","2":"type-product","3":"status-publish","5":"pwb-brand-cardinal-gmbh-it","6":"product_cat-nastri-monoadesivi","7":"product_cat-industria-tessile","8":"product_cat-nastro-adesivo-in-tessuto-non-tessuto","10":"first","11":"instock","12":"sale","13":"taxable","14":"shipping-taxable","15":"purchasable","16":"product-type-variable"},"acf":[],"yoast_head":"<!-- This site is optimized with the Yoast SEO plugin v27.3 - https:\/\/yoast.com\/product\/yoast-seo-wordpress\/ -->\n<title>maschera facciale cardinal tapes con clip per il naso - cardinal TAPES<\/title>\n<meta name=\"robots\" content=\"index, follow, max-snippet:-1, max-image-preview:large, max-video-preview:-1\" \/>\n<link rel=\"canonical\" href=\"https:\/\/cardinal-tapes.com\/it\/nastri-adesivi\/aree-di-applicazione\/industria-tessile\/nastro-cardinale-maschera-facciale-con-ponte-naso\/\" \/>\n<meta property=\"og:locale\" content=\"it_IT\" \/>\n<meta property=\"og:type\" content=\"article\" \/>\n<meta property=\"og:title\" content=\"maschera facciale cardinal tapes con clip per il naso - cardinal TAPES\" \/>\n<meta property=\"og:description\" content=\"Maschera di fortuna monouso autoadesiva e flessibile Le maschere aiutano a ridurre il rischio di infezione da goccioline per altre persone. Inoltre, la maschera bocca-naso serve anche come autoprotezione, in quanto non si toccano accidentalmente la bocca e le mucose nasali con le mani. Indossare una maschera in pubblico e quando si \u00e8 a contatto [&hellip;]\" \/>\n<meta property=\"og:url\" content=\"https:\/\/cardinal-tapes.com\/it\/nastri-adesivi\/aree-di-applicazione\/industria-tessile\/nastro-cardinale-maschera-facciale-con-ponte-naso\/\" \/>\n<meta property=\"og:site_name\" content=\"cardinal TAPES\" \/>\n<meta property=\"article:modified_time\" content=\"2025-07-02T11:09:05+00:00\" \/>\n<meta name=\"twitter:card\" content=\"summary_large_image\" \/>\n<meta name=\"twitter:label1\" content=\"Tempo di lettura stimato\" \/>\n\t<meta name=\"twitter:data1\" content=\"1 minuto\" \/>\n<script type=\"application\/ld+json\" class=\"yoast-schema-graph\">{\"@context\":\"https:\\\/\\\/schema.org\",\"@graph\":[{\"@type\":\"WebPage\",\"@id\":\"https:\\\/\\\/cardinal-tapes.com\\\/it\\\/nastri-adesivi\\\/aree-di-applicazione\\\/industria-tessile\\\/nastro-cardinale-maschera-facciale-con-ponte-naso\\\/\",\"url\":\"https:\\\/\\\/cardinal-tapes.com\\\/it\\\/nastri-adesivi\\\/aree-di-applicazione\\\/industria-tessile\\\/nastro-cardinale-maschera-facciale-con-ponte-naso\\\/\",\"name\":\"maschera facciale cardinal tapes con clip per il naso - cardinal TAPES\",\"isPartOf\":{\"@id\":\"https:\\\/\\\/cardinal-tapes.com\\\/#website\"},\"datePublished\":\"2023-06-05T15:07:53+00:00\",\"dateModified\":\"2025-07-02T11:09:05+00:00\",\"breadcrumb\":{\"@id\":\"https:\\\/\\\/cardinal-tapes.com\\\/it\\\/nastri-adesivi\\\/aree-di-applicazione\\\/industria-tessile\\\/nastro-cardinale-maschera-facciale-con-ponte-naso\\\/#breadcrumb\"},\"inLanguage\":\"it-IT\",\"potentialAction\":[{\"@type\":\"ReadAction\",\"target\":[\"https:\\\/\\\/cardinal-tapes.com\\\/it\\\/nastri-adesivi\\\/aree-di-applicazione\\\/industria-tessile\\\/nastro-cardinale-maschera-facciale-con-ponte-naso\\\/\"]}]},{\"@type\":\"BreadcrumbList\",\"@id\":\"https:\\\/\\\/cardinal-tapes.com\\\/it\\\/nastri-adesivi\\\/aree-di-applicazione\\\/industria-tessile\\\/nastro-cardinale-maschera-facciale-con-ponte-naso\\\/#breadcrumb\",\"itemListElement\":[{\"@type\":\"ListItem\",\"position\":1,\"name\":\"Startseite\",\"item\":\"https:\\\/\\\/cardinal-tapes.com\\\/it\\\/casa\\\/\"},{\"@type\":\"ListItem\",\"position\":2,\"name\":\"Nastri adesivi\",\"item\":\"https:\\\/\\\/cardinal-tapes.com\\\/it\\\/nastri-adesivi-it\\\/\"},{\"@type\":\"ListItem\",\"position\":3,\"name\":\"Einseitige Klebeb\u00e4nder\",\"item\":\"https:\\\/\\\/cardinal-tapes.com\\\/kategorie\\\/einseitige-klebebaender\\\/\"},{\"@type\":\"ListItem\",\"position\":4,\"name\":\"maschera facciale cardinal tapes con clip per il naso\"}]},{\"@type\":\"WebSite\",\"@id\":\"https:\\\/\\\/cardinal-tapes.com\\\/#website\",\"url\":\"https:\\\/\\\/cardinal-tapes.com\\\/\",\"name\":\"cardinal TAPES\",\"description\":\"Klebetechnik aus Wuppertal\",\"potentialAction\":[{\"@type\":\"SearchAction\",\"target\":{\"@type\":\"EntryPoint\",\"urlTemplate\":\"https:\\\/\\\/cardinal-tapes.com\\\/?s={search_term_string}\"},\"query-input\":{\"@type\":\"PropertyValueSpecification\",\"valueRequired\":true,\"valueName\":\"search_term_string\"}}],\"inLanguage\":\"it-IT\"}]}<\/script>\n<!-- \/ Yoast SEO plugin. -->","yoast_head_json":{"title":"maschera facciale cardinal tapes con clip per il naso - cardinal TAPES","robots":{"index":"index","follow":"follow","max-snippet":"max-snippet:-1","max-image-preview":"max-image-preview:large","max-video-preview":"max-video-preview:-1"},"canonical":"https:\/\/cardinal-tapes.com\/it\/nastri-adesivi\/aree-di-applicazione\/industria-tessile\/nastro-cardinale-maschera-facciale-con-ponte-naso\/","og_locale":"it_IT","og_type":"article","og_title":"maschera facciale cardinal tapes con clip per il naso - cardinal TAPES","og_description":"Maschera di fortuna monouso autoadesiva e flessibile Le maschere aiutano a ridurre il rischio di infezione da goccioline per altre persone. Inoltre, la maschera bocca-naso serve anche come autoprotezione, in quanto non si toccano accidentalmente la bocca e le mucose nasali con le mani. Indossare una maschera in pubblico e quando si \u00e8 a contatto [&hellip;]","og_url":"https:\/\/cardinal-tapes.com\/it\/nastri-adesivi\/aree-di-applicazione\/industria-tessile\/nastro-cardinale-maschera-facciale-con-ponte-naso\/","og_site_name":"cardinal TAPES","article_modified_time":"2025-07-02T11:09:05+00:00","twitter_card":"summary_large_image","twitter_misc":{"Tempo di lettura stimato":"1 minuto"},"schema":{"@context":"https:\/\/schema.org","@graph":[{"@type":"WebPage","@id":"https:\/\/cardinal-tapes.com\/it\/nastri-adesivi\/aree-di-applicazione\/industria-tessile\/nastro-cardinale-maschera-facciale-con-ponte-naso\/","url":"https:\/\/cardinal-tapes.com\/it\/nastri-adesivi\/aree-di-applicazione\/industria-tessile\/nastro-cardinale-maschera-facciale-con-ponte-naso\/","name":"maschera facciale cardinal tapes con clip per il naso - cardinal TAPES","isPartOf":{"@id":"https:\/\/cardinal-tapes.com\/#website"},"datePublished":"2023-06-05T15:07:53+00:00","dateModified":"2025-07-02T11:09:05+00:00","breadcrumb":{"@id":"https:\/\/cardinal-tapes.com\/it\/nastri-adesivi\/aree-di-applicazione\/industria-tessile\/nastro-cardinale-maschera-facciale-con-ponte-naso\/#breadcrumb"},"inLanguage":"it-IT","potentialAction":[{"@type":"ReadAction","target":["https:\/\/cardinal-tapes.com\/it\/nastri-adesivi\/aree-di-applicazione\/industria-tessile\/nastro-cardinale-maschera-facciale-con-ponte-naso\/"]}]},{"@type":"BreadcrumbList","@id":"https:\/\/cardinal-tapes.com\/it\/nastri-adesivi\/aree-di-applicazione\/industria-tessile\/nastro-cardinale-maschera-facciale-con-ponte-naso\/#breadcrumb","itemListElement":[{"@type":"ListItem","position":1,"name":"Startseite","item":"https:\/\/cardinal-tapes.com\/it\/casa\/"},{"@type":"ListItem","position":2,"name":"Nastri adesivi","item":"https:\/\/cardinal-tapes.com\/it\/nastri-adesivi-it\/"},{"@type":"ListItem","position":3,"name":"Einseitige Klebeb\u00e4nder","item":"https:\/\/cardinal-tapes.com\/kategorie\/einseitige-klebebaender\/"},{"@type":"ListItem","position":4,"name":"maschera facciale cardinal tapes con clip per il naso"}]},{"@type":"WebSite","@id":"https:\/\/cardinal-tapes.com\/#website","url":"https:\/\/cardinal-tapes.com\/","name":"cardinal TAPES","description":"Klebetechnik aus Wuppertal","potentialAction":[{"@type":"SearchAction","target":{"@type":"EntryPoint","urlTemplate":"https:\/\/cardinal-tapes.com\/?s={search_term_string}"},"query-input":{"@type":"PropertyValueSpecification","valueRequired":true,"valueName":"search_term_string"}}],"inLanguage":"it-IT"}]}},"brands":[{"id":2174,"name":"cardinal GmbH","slug":"cardinal-gmbh-it"}],"_links":{"self":[{"href":"https:\/\/cardinal-tapes.com\/it\/wp-json\/wp\/v2\/product\/49731","targetHints":{"allow":["GET"]}}],"collection":[{"href":"https:\/\/cardinal-tapes.com\/it\/wp-json\/wp\/v2\/product"}],"about":[{"href":"https:\/\/cardinal-tapes.com\/it\/wp-json\/wp\/v2\/types\/product"}],"wp:attachment":[{"href":"https:\/\/cardinal-tapes.com\/it\/wp-json\/wp\/v2\/media?parent=49731"}],"wp:term":[{"taxonomy":"pwb-brand","embeddable":true,"href":"https:\/\/cardinal-tapes.com\/it\/wp-json\/wp\/v2\/pwb-brand?post=49731"},{"taxonomy":"product_brand","embeddable":true,"href":"https:\/\/cardinal-tapes.com\/it\/wp-json\/wp\/v2\/product_brand?post=49731"},{"taxonomy":"product_cat","embeddable":true,"href":"https:\/\/cardinal-tapes.com\/it\/wp-json\/wp\/v2\/product_cat?post=49731"},{"taxonomy":"product_tag","embeddable":true,"href":"https:\/\/cardinal-tapes.com\/it\/wp-json\/wp\/v2\/product_tag?post=49731"}],"curies":[{"name":"wp","href":"https:\/\/api.w.org\/{rel}","templated":true}]}}