{"id":48014,"date":"2018-04-06T09:23:29","date_gmt":"2023-06-05T15:05:00","guid":{"rendered":"https:\/\/cardinal.pixel-tal.de\/klebebaender\/senza-categoria\/tesa-acxplus-75530-nastro-biadesivo-acrilico\/"},"modified":"2025-07-02T14:32:29","modified_gmt":"2025-07-02T12:32:29","slug":"tesa-75530-acx-nastro-adesivo-con-nucleo-acrilico-a-doppia-faccia","status":"publish","type":"product","link":"https:\/\/cardinal-tapes.com\/it\/nastri-adesivi\/nastri-biadesivi\/tesa-75530-acx-nastro-adesivo-con-nucleo-acrilico-a-doppia-faccia\/","title":{"rendered":"tesa\u00ae ACXplus 75530 nastro biadesivo acrilico"},"content":{"rendered":"<p><sup>tesa\u00ae<\/sup> <sup class=\"lowercase\">ACXplus<\/sup> 75530 \u00e8 un nastro adesivo acrilico trasparente. Il prodotto \u00e8 caratterizzato, tra l&#8217;altro, da un&#8217;elevatissima trasparenza ed \u00e8 quindi particolarmente adatto per l&#8217;incollaggio costruttivo e permanente di vetro o plastica trasparente. Le diverse espansioni termiche dei materiali da incollare sono compensate molto bene dal nucleo viscoelastico di acrilato.<\/p>\n<p><strong>Propriet\u00e0<\/strong><br \/>\n&#8211; Compensa l&#8217;espansione termica di materiali dissimili<br \/>\n&#8211; Elevata forza di adesione iniziale e di spellatura<\/p>\n<p><strong>Applicazioni<\/strong><br \/>\n&#8211; Produzione di insegne ed espositori<br \/>\n&#8211; Montaggio di pareti divisorie in vetro<br \/>\n&#8211; Fissaggio di pannelli decorativi in vetro<\/p>\n","protected":false},"excerpt":{"rendered":"<p>tesa\u00ae ACXplus 75530 \u00e8 un nastro adesivo acrilico trasparente. Il prodotto \u00e8 caratterizzato, tra l&#8217;altro, da un&#8217;elevatissima trasparenza ed \u00e8 quindi particolarmente adatto per l&#8217;incollaggio costruttivo e permanente di vetro o plastica trasparente. Le diverse espansioni termiche dei materiali da incollare sono compensate molto bene dal nucleo viscoelastico di acrilato. Propriet\u00e0 &#8211; Compensa l&#8217;espansione termica [&hellip;]<\/p>\n","protected":false},"featured_media":26121,"template":"","meta":{"_acf_changed":false},"pwb-brand":[2162],"product_brand":[],"product_cat":[1824],"product_tag":[],"class_list":{"0":"post-48014","1":"product","2":"type-product","3":"status-publish","4":"has-post-thumbnail","6":"pwb-brand-tesa-it","7":"product_cat-nastri-biadesivi","9":"first","10":"instock","11":"taxable","12":"shipping-taxable","13":"purchasable","14":"product-type-variable"},"acf":[],"yoast_head":"<!-- This site is optimized with the Yoast SEO plugin v27.3 - https:\/\/yoast.com\/product\/yoast-seo-wordpress\/ -->\n<title>tesa-75530-acx-nastro biadesivo-acrilato | Cardinal TAPES<\/title>\n<meta name=\"description\" content=\"tesa 75520 \u00e8 caratterizzato da un&#039;elevatissima trasparenza ed \u00e8 particolarmente adatto per l&#039;incollaggio strutturale e permanente di vetro o plastica trasparente.\" \/>\n<meta name=\"robots\" content=\"index, follow, max-snippet:-1, max-image-preview:large, max-video-preview:-1\" \/>\n<link rel=\"canonical\" href=\"https:\/\/cardinal-tapes.com\/it\/nastri-adesivi\/nastri-biadesivi\/tesa-75530-acx-nastro-adesivo-con-nucleo-acrilico-a-doppia-faccia\/\" \/>\n<meta property=\"og:locale\" content=\"it_IT\" \/>\n<meta property=\"og:type\" content=\"article\" \/>\n<meta property=\"og:title\" content=\"tesa-75530-acx-nastro biadesivo-acrilato | Cardinal TAPES\" \/>\n<meta property=\"og:description\" content=\"tesa 75520 \u00e8 caratterizzato da un&#039;elevatissima trasparenza ed \u00e8 particolarmente adatto per l&#039;incollaggio strutturale e permanente di vetro o plastica trasparente.\" \/>\n<meta property=\"og:url\" content=\"https:\/\/cardinal-tapes.com\/it\/nastri-adesivi\/nastri-biadesivi\/tesa-75530-acx-nastro-adesivo-con-nucleo-acrilico-a-doppia-faccia\/\" \/>\n<meta property=\"og:site_name\" content=\"cardinal TAPES\" \/>\n<meta property=\"article:modified_time\" content=\"2025-07-02T12:32:29+00:00\" \/>\n<meta property=\"og:image\" content=\"https:\/\/cardinal-tapes.com\/wp-content\/uploads\/tesa-07054.jpg\" \/>\n\t<meta property=\"og:image:width\" content=\"600\" \/>\n\t<meta property=\"og:image:height\" content=\"600\" \/>\n\t<meta property=\"og:image:type\" content=\"image\/jpeg\" \/>\n<meta name=\"twitter:card\" content=\"summary_large_image\" \/>\n<script type=\"application\/ld+json\" class=\"yoast-schema-graph\">{\"@context\":\"https:\\\/\\\/schema.org\",\"@graph\":[{\"@type\":\"WebPage\",\"@id\":\"https:\\\/\\\/cardinal-tapes.com\\\/it\\\/nastri-adesivi\\\/nastri-biadesivi\\\/tesa-75530-acx-nastro-adesivo-con-nucleo-acrilico-a-doppia-faccia\\\/\",\"url\":\"https:\\\/\\\/cardinal-tapes.com\\\/it\\\/nastri-adesivi\\\/nastri-biadesivi\\\/tesa-75530-acx-nastro-adesivo-con-nucleo-acrilico-a-doppia-faccia\\\/\",\"name\":\"tesa-75530-acx-nastro biadesivo-acrilato | Cardinal TAPES\",\"isPartOf\":{\"@id\":\"https:\\\/\\\/cardinal-tapes.com\\\/#website\"},\"primaryImageOfPage\":{\"@id\":\"https:\\\/\\\/cardinal-tapes.com\\\/it\\\/nastri-adesivi\\\/nastri-biadesivi\\\/tesa-75530-acx-nastro-adesivo-con-nucleo-acrilico-a-doppia-faccia\\\/#primaryimage\"},\"image\":{\"@id\":\"https:\\\/\\\/cardinal-tapes.com\\\/it\\\/nastri-adesivi\\\/nastri-biadesivi\\\/tesa-75530-acx-nastro-adesivo-con-nucleo-acrilico-a-doppia-faccia\\\/#primaryimage\"},\"thumbnailUrl\":\"https:\\\/\\\/cardinal-tapes.com\\\/wp-content\\\/uploads\\\/tesa-07054.jpg\",\"datePublished\":\"2023-06-05T15:05:00+00:00\",\"dateModified\":\"2025-07-02T12:32:29+00:00\",\"description\":\"tesa 75520 \u00e8 caratterizzato da un'elevatissima trasparenza ed \u00e8 particolarmente adatto per l'incollaggio strutturale e permanente di vetro o plastica trasparente.\",\"breadcrumb\":{\"@id\":\"https:\\\/\\\/cardinal-tapes.com\\\/it\\\/nastri-adesivi\\\/nastri-biadesivi\\\/tesa-75530-acx-nastro-adesivo-con-nucleo-acrilico-a-doppia-faccia\\\/#breadcrumb\"},\"inLanguage\":\"it-IT\",\"potentialAction\":[{\"@type\":\"ReadAction\",\"target\":[\"https:\\\/\\\/cardinal-tapes.com\\\/it\\\/nastri-adesivi\\\/nastri-biadesivi\\\/tesa-75530-acx-nastro-adesivo-con-nucleo-acrilico-a-doppia-faccia\\\/\"]}]},{\"@type\":\"ImageObject\",\"inLanguage\":\"it-IT\",\"@id\":\"https:\\\/\\\/cardinal-tapes.com\\\/it\\\/nastri-adesivi\\\/nastri-biadesivi\\\/tesa-75530-acx-nastro-adesivo-con-nucleo-acrilico-a-doppia-faccia\\\/#primaryimage\",\"url\":\"https:\\\/\\\/cardinal-tapes.com\\\/wp-content\\\/uploads\\\/tesa-07054.jpg\",\"contentUrl\":\"https:\\\/\\\/cardinal-tapes.com\\\/wp-content\\\/uploads\\\/tesa-07054.jpg\",\"width\":600,\"height\":600,\"caption\":\"tesa 7054\"},{\"@type\":\"BreadcrumbList\",\"@id\":\"https:\\\/\\\/cardinal-tapes.com\\\/it\\\/nastri-adesivi\\\/nastri-biadesivi\\\/tesa-75530-acx-nastro-adesivo-con-nucleo-acrilico-a-doppia-faccia\\\/#breadcrumb\",\"itemListElement\":[{\"@type\":\"ListItem\",\"position\":1,\"name\":\"Startseite\",\"item\":\"https:\\\/\\\/cardinal-tapes.com\\\/it\\\/casa\\\/\"},{\"@type\":\"ListItem\",\"position\":2,\"name\":\"Nastri adesivi\",\"item\":\"https:\\\/\\\/cardinal-tapes.com\\\/it\\\/nastri-adesivi-it\\\/\"},{\"@type\":\"ListItem\",\"position\":3,\"name\":\"Doppelseitige Klebeb\u00e4nder\",\"item\":\"https:\\\/\\\/cardinal-tapes.com\\\/kategorie\\\/doppelseitige-klebebaender\\\/\"},{\"@type\":\"ListItem\",\"position\":4,\"name\":\"tesa\u00ae ACXplus 75530 nastro biadesivo acrilico\"}]},{\"@type\":\"WebSite\",\"@id\":\"https:\\\/\\\/cardinal-tapes.com\\\/#website\",\"url\":\"https:\\\/\\\/cardinal-tapes.com\\\/\",\"name\":\"cardinal TAPES\",\"description\":\"Klebetechnik aus Wuppertal\",\"potentialAction\":[{\"@type\":\"SearchAction\",\"target\":{\"@type\":\"EntryPoint\",\"urlTemplate\":\"https:\\\/\\\/cardinal-tapes.com\\\/?s={search_term_string}\"},\"query-input\":{\"@type\":\"PropertyValueSpecification\",\"valueRequired\":true,\"valueName\":\"search_term_string\"}}],\"inLanguage\":\"it-IT\"}]}<\/script>\n<!-- \/ Yoast SEO plugin. -->","yoast_head_json":{"title":"tesa-75530-acx-nastro biadesivo-acrilato | Cardinal TAPES","description":"tesa 75520 \u00e8 caratterizzato da un'elevatissima trasparenza ed \u00e8 particolarmente adatto per l'incollaggio strutturale e permanente di vetro o plastica trasparente.","robots":{"index":"index","follow":"follow","max-snippet":"max-snippet:-1","max-image-preview":"max-image-preview:large","max-video-preview":"max-video-preview:-1"},"canonical":"https:\/\/cardinal-tapes.com\/it\/nastri-adesivi\/nastri-biadesivi\/tesa-75530-acx-nastro-adesivo-con-nucleo-acrilico-a-doppia-faccia\/","og_locale":"it_IT","og_type":"article","og_title":"tesa-75530-acx-nastro biadesivo-acrilato | Cardinal TAPES","og_description":"tesa 75520 \u00e8 caratterizzato da un'elevatissima trasparenza ed \u00e8 particolarmente adatto per l'incollaggio strutturale e permanente di vetro o plastica trasparente.","og_url":"https:\/\/cardinal-tapes.com\/it\/nastri-adesivi\/nastri-biadesivi\/tesa-75530-acx-nastro-adesivo-con-nucleo-acrilico-a-doppia-faccia\/","og_site_name":"cardinal TAPES","article_modified_time":"2025-07-02T12:32:29+00:00","og_image":[{"width":600,"height":600,"url":"https:\/\/cardinal-tapes.com\/wp-content\/uploads\/tesa-07054.jpg","type":"image\/jpeg"}],"twitter_card":"summary_large_image","schema":{"@context":"https:\/\/schema.org","@graph":[{"@type":"WebPage","@id":"https:\/\/cardinal-tapes.com\/it\/nastri-adesivi\/nastri-biadesivi\/tesa-75530-acx-nastro-adesivo-con-nucleo-acrilico-a-doppia-faccia\/","url":"https:\/\/cardinal-tapes.com\/it\/nastri-adesivi\/nastri-biadesivi\/tesa-75530-acx-nastro-adesivo-con-nucleo-acrilico-a-doppia-faccia\/","name":"tesa-75530-acx-nastro biadesivo-acrilato | Cardinal TAPES","isPartOf":{"@id":"https:\/\/cardinal-tapes.com\/#website"},"primaryImageOfPage":{"@id":"https:\/\/cardinal-tapes.com\/it\/nastri-adesivi\/nastri-biadesivi\/tesa-75530-acx-nastro-adesivo-con-nucleo-acrilico-a-doppia-faccia\/#primaryimage"},"image":{"@id":"https:\/\/cardinal-tapes.com\/it\/nastri-adesivi\/nastri-biadesivi\/tesa-75530-acx-nastro-adesivo-con-nucleo-acrilico-a-doppia-faccia\/#primaryimage"},"thumbnailUrl":"https:\/\/cardinal-tapes.com\/wp-content\/uploads\/tesa-07054.jpg","datePublished":"2023-06-05T15:05:00+00:00","dateModified":"2025-07-02T12:32:29+00:00","description":"tesa 75520 \u00e8 caratterizzato da un'elevatissima trasparenza ed \u00e8 particolarmente adatto per l'incollaggio strutturale e permanente di vetro o plastica trasparente.","breadcrumb":{"@id":"https:\/\/cardinal-tapes.com\/it\/nastri-adesivi\/nastri-biadesivi\/tesa-75530-acx-nastro-adesivo-con-nucleo-acrilico-a-doppia-faccia\/#breadcrumb"},"inLanguage":"it-IT","potentialAction":[{"@type":"ReadAction","target":["https:\/\/cardinal-tapes.com\/it\/nastri-adesivi\/nastri-biadesivi\/tesa-75530-acx-nastro-adesivo-con-nucleo-acrilico-a-doppia-faccia\/"]}]},{"@type":"ImageObject","inLanguage":"it-IT","@id":"https:\/\/cardinal-tapes.com\/it\/nastri-adesivi\/nastri-biadesivi\/tesa-75530-acx-nastro-adesivo-con-nucleo-acrilico-a-doppia-faccia\/#primaryimage","url":"https:\/\/cardinal-tapes.com\/wp-content\/uploads\/tesa-07054.jpg","contentUrl":"https:\/\/cardinal-tapes.com\/wp-content\/uploads\/tesa-07054.jpg","width":600,"height":600,"caption":"tesa 7054"},{"@type":"BreadcrumbList","@id":"https:\/\/cardinal-tapes.com\/it\/nastri-adesivi\/nastri-biadesivi\/tesa-75530-acx-nastro-adesivo-con-nucleo-acrilico-a-doppia-faccia\/#breadcrumb","itemListElement":[{"@type":"ListItem","position":1,"name":"Startseite","item":"https:\/\/cardinal-tapes.com\/it\/casa\/"},{"@type":"ListItem","position":2,"name":"Nastri adesivi","item":"https:\/\/cardinal-tapes.com\/it\/nastri-adesivi-it\/"},{"@type":"ListItem","position":3,"name":"Doppelseitige Klebeb\u00e4nder","item":"https:\/\/cardinal-tapes.com\/kategorie\/doppelseitige-klebebaender\/"},{"@type":"ListItem","position":4,"name":"tesa\u00ae ACXplus 75530 nastro biadesivo acrilico"}]},{"@type":"WebSite","@id":"https:\/\/cardinal-tapes.com\/#website","url":"https:\/\/cardinal-tapes.com\/","name":"cardinal TAPES","description":"Klebetechnik aus Wuppertal","potentialAction":[{"@type":"SearchAction","target":{"@type":"EntryPoint","urlTemplate":"https:\/\/cardinal-tapes.com\/?s={search_term_string}"},"query-input":{"@type":"PropertyValueSpecification","valueRequired":true,"valueName":"search_term_string"}}],"inLanguage":"it-IT"}]}},"brands":[{"id":2162,"name":"tesa","slug":"tesa-it"}],"_links":{"self":[{"href":"https:\/\/cardinal-tapes.com\/it\/wp-json\/wp\/v2\/product\/48014","targetHints":{"allow":["GET"]}}],"collection":[{"href":"https:\/\/cardinal-tapes.com\/it\/wp-json\/wp\/v2\/product"}],"about":[{"href":"https:\/\/cardinal-tapes.com\/it\/wp-json\/wp\/v2\/types\/product"}],"wp:featuredmedia":[{"embeddable":true,"href":"https:\/\/cardinal-tapes.com\/it\/wp-json\/wp\/v2\/media\/26121"}],"wp:attachment":[{"href":"https:\/\/cardinal-tapes.com\/it\/wp-json\/wp\/v2\/media?parent=48014"}],"wp:term":[{"taxonomy":"pwb-brand","embeddable":true,"href":"https:\/\/cardinal-tapes.com\/it\/wp-json\/wp\/v2\/pwb-brand?post=48014"},{"taxonomy":"product_brand","embeddable":true,"href":"https:\/\/cardinal-tapes.com\/it\/wp-json\/wp\/v2\/product_brand?post=48014"},{"taxonomy":"product_cat","embeddable":true,"href":"https:\/\/cardinal-tapes.com\/it\/wp-json\/wp\/v2\/product_cat?post=48014"},{"taxonomy":"product_tag","embeddable":true,"href":"https:\/\/cardinal-tapes.com\/it\/wp-json\/wp\/v2\/product_tag?post=48014"}],"curies":[{"name":"wp","href":"https:\/\/api.w.org\/{rel}","templated":true}]}}