{"id":47572,"date":"2018-04-06T08:32:32","date_gmt":"2023-06-05T15:04:48","guid":{"rendered":"https:\/\/cardinal.pixel-tal.de\/klebebaender\/senza-categoria\/tesa-acxplus-7042-nastro-biadesivo-acrilico\/"},"modified":"2025-07-02T14:25:47","modified_gmt":"2025-07-02T12:25:47","slug":"tesa-7042-acx-nastro-biadesivo-con-nucleo-acrilico","status":"publish","type":"product","link":"https:\/\/cardinal-tapes.com\/it\/nastri-adesivi\/nastri-biadesivi\/tesa-7042-acx-nastro-biadesivo-con-nucleo-acrilico\/","title":{"rendered":"tesa\u00ae ACXplus 7042 nastro biadesivo acrilico"},"content":{"rendered":"<p><sup>tesa\u00ae<\/sup> <sup class=\"lowercase\">ACXplus<\/sup> 7042 \u00e8 un nastro biadesivo con supporto in schiuma acrilica ad alte prestazioni ed \u00e8 disponibile nei colori grigio e bianco. Grazie alla sua composizione unica, il nastro adesivo ha una forza adesiva molto elevata, una resistenza alla temperatura e agli agenti atmosferici, nonch\u00e9 la capacit\u00e0 di compensare diversi carichi di trazione e di taglio.<\/p>\n<p><strong>Propriet\u00e0<\/strong><br \/>\n&#8211; Resistenza alle temperature e agli agenti atmosferici<br \/>\n&#8211; Elevata forza di adesione<\/p>\n<p><strong>Applicazioni<\/strong><br \/>\n&#8211; Utilizzo su superfici difficili da incollare, come le plastiche o le superfici metalliche rivestite.<br \/>\n&#8211; Incollaggio di pannelli decorativi (ad esempio: frontali in vetro per frigoriferi e superfici di mobili)<br \/>\n&#8211; Fissaggio di elementi decorativi (ad esempio barre di finestre o modanature di mobili)<br \/>\n&#8211; Incollaggio nell&#8217;area vetro-vetro o vetro-metallo (ad esempio: nella produzione di pareti divisorie o elementi di porte)<\/p>\n<p>&nbsp;<\/p>\n","protected":false},"excerpt":{"rendered":"<p>tesa\u00ae ACXplus 7042 \u00e8 un nastro biadesivo con supporto in schiuma acrilica ad alte prestazioni ed \u00e8 disponibile nei colori grigio e bianco. Grazie alla sua composizione unica, il nastro adesivo ha una forza adesiva molto elevata, una resistenza alla temperatura e agli agenti atmosferici, nonch\u00e9 la capacit\u00e0 di compensare diversi carichi di trazione e [&hellip;]<\/p>\n","protected":false},"featured_media":26737,"template":"","meta":{"_acf_changed":false},"pwb-brand":[2162],"product_brand":[],"product_cat":[1824],"product_tag":[],"class_list":{"0":"post-47572","1":"product","2":"type-product","3":"status-publish","4":"has-post-thumbnail","6":"pwb-brand-tesa-it","7":"product_cat-nastri-biadesivi","9":"first","10":"instock","11":"taxable","12":"shipping-taxable","13":"purchasable","14":"product-type-variable"},"acf":[],"yoast_head":"<!-- This site is optimized with the Yoast SEO plugin v27.3 - https:\/\/yoast.com\/product\/yoast-seo-wordpress\/ -->\n<title>tesa\u00ae 7042 ACXplus nastro biadesivo acrilico | Cardinal TAPES<\/title>\n<meta name=\"description\" content=\"tesa\u00ae ACXplus 7042 \u00e8 un nastro biadesivo con un supporto in schiuma acrilica ad alte prestazioni ed \u00e8 disponibile nei colori grigio e bianco. Per saperne di pi\u00f9.\" \/>\n<meta name=\"robots\" content=\"index, follow, max-snippet:-1, max-image-preview:large, max-video-preview:-1\" \/>\n<link rel=\"canonical\" href=\"https:\/\/cardinal-tapes.com\/it\/nastri-adesivi\/nastri-biadesivi\/tesa-7042-acx-nastro-biadesivo-con-nucleo-acrilico\/\" \/>\n<meta property=\"og:locale\" content=\"it_IT\" \/>\n<meta property=\"og:type\" content=\"article\" \/>\n<meta property=\"og:title\" content=\"tesa\u00ae 7042 ACXplus nastro biadesivo acrilico | Cardinal TAPES\" \/>\n<meta property=\"og:description\" content=\"tesa\u00ae ACXplus 7042 \u00e8 un nastro biadesivo con un supporto in schiuma acrilica ad alte prestazioni ed \u00e8 disponibile nei colori grigio e bianco. Per saperne di pi\u00f9.\" \/>\n<meta property=\"og:url\" content=\"https:\/\/cardinal-tapes.com\/it\/nastri-adesivi\/nastri-biadesivi\/tesa-7042-acx-nastro-biadesivo-con-nucleo-acrilico\/\" \/>\n<meta property=\"og:site_name\" content=\"cardinal TAPES\" \/>\n<meta property=\"article:modified_time\" content=\"2025-07-02T12:25:47+00:00\" \/>\n<meta property=\"og:image\" content=\"https:\/\/cardinal-tapes.com\/wp-content\/uploads\/tesa-0704x-as-001172794_canvas1x1_6.jpg\" \/>\n\t<meta property=\"og:image:width\" content=\"453\" \/>\n\t<meta property=\"og:image:height\" content=\"640\" \/>\n\t<meta property=\"og:image:type\" content=\"image\/jpeg\" \/>\n<meta name=\"twitter:card\" content=\"summary_large_image\" \/>\n<meta name=\"twitter:label1\" content=\"Tempo di lettura stimato\" \/>\n\t<meta name=\"twitter:data1\" content=\"1 minuto\" \/>\n<script type=\"application\/ld+json\" class=\"yoast-schema-graph\">{\"@context\":\"https:\\\/\\\/schema.org\",\"@graph\":[{\"@type\":\"WebPage\",\"@id\":\"https:\\\/\\\/cardinal-tapes.com\\\/it\\\/nastri-adesivi\\\/nastri-biadesivi\\\/tesa-7042-acx-nastro-biadesivo-con-nucleo-acrilico\\\/\",\"url\":\"https:\\\/\\\/cardinal-tapes.com\\\/it\\\/nastri-adesivi\\\/nastri-biadesivi\\\/tesa-7042-acx-nastro-biadesivo-con-nucleo-acrilico\\\/\",\"name\":\"tesa\u00ae 7042 ACXplus nastro biadesivo acrilico | Cardinal TAPES\",\"isPartOf\":{\"@id\":\"https:\\\/\\\/cardinal-tapes.com\\\/#website\"},\"primaryImageOfPage\":{\"@id\":\"https:\\\/\\\/cardinal-tapes.com\\\/it\\\/nastri-adesivi\\\/nastri-biadesivi\\\/tesa-7042-acx-nastro-biadesivo-con-nucleo-acrilico\\\/#primaryimage\"},\"image\":{\"@id\":\"https:\\\/\\\/cardinal-tapes.com\\\/it\\\/nastri-adesivi\\\/nastri-biadesivi\\\/tesa-7042-acx-nastro-biadesivo-con-nucleo-acrilico\\\/#primaryimage\"},\"thumbnailUrl\":\"https:\\\/\\\/cardinal-tapes.com\\\/wp-content\\\/uploads\\\/tesa-0704x-as-001172794_canvas1x1_6.jpg\",\"datePublished\":\"2023-06-05T15:04:48+00:00\",\"dateModified\":\"2025-07-02T12:25:47+00:00\",\"description\":\"tesa\u00ae ACXplus 7042 \u00e8 un nastro biadesivo con un supporto in schiuma acrilica ad alte prestazioni ed \u00e8 disponibile nei colori grigio e bianco. Per saperne di pi\u00f9.\",\"breadcrumb\":{\"@id\":\"https:\\\/\\\/cardinal-tapes.com\\\/it\\\/nastri-adesivi\\\/nastri-biadesivi\\\/tesa-7042-acx-nastro-biadesivo-con-nucleo-acrilico\\\/#breadcrumb\"},\"inLanguage\":\"it-IT\",\"potentialAction\":[{\"@type\":\"ReadAction\",\"target\":[\"https:\\\/\\\/cardinal-tapes.com\\\/it\\\/nastri-adesivi\\\/nastri-biadesivi\\\/tesa-7042-acx-nastro-biadesivo-con-nucleo-acrilico\\\/\"]}]},{\"@type\":\"ImageObject\",\"inLanguage\":\"it-IT\",\"@id\":\"https:\\\/\\\/cardinal-tapes.com\\\/it\\\/nastri-adesivi\\\/nastri-biadesivi\\\/tesa-7042-acx-nastro-biadesivo-con-nucleo-acrilico\\\/#primaryimage\",\"url\":\"https:\\\/\\\/cardinal-tapes.com\\\/wp-content\\\/uploads\\\/tesa-0704x-as-001172794_canvas1x1_6.jpg\",\"contentUrl\":\"https:\\\/\\\/cardinal-tapes.com\\\/wp-content\\\/uploads\\\/tesa-0704x-as-001172794_canvas1x1_6.jpg\",\"width\":453,\"height\":640,\"caption\":\"tesa-0704x\"},{\"@type\":\"BreadcrumbList\",\"@id\":\"https:\\\/\\\/cardinal-tapes.com\\\/it\\\/nastri-adesivi\\\/nastri-biadesivi\\\/tesa-7042-acx-nastro-biadesivo-con-nucleo-acrilico\\\/#breadcrumb\",\"itemListElement\":[{\"@type\":\"ListItem\",\"position\":1,\"name\":\"Startseite\",\"item\":\"https:\\\/\\\/cardinal-tapes.com\\\/it\\\/casa\\\/\"},{\"@type\":\"ListItem\",\"position\":2,\"name\":\"Nastri adesivi\",\"item\":\"https:\\\/\\\/cardinal-tapes.com\\\/it\\\/nastri-adesivi-it\\\/\"},{\"@type\":\"ListItem\",\"position\":3,\"name\":\"Doppelseitige Klebeb\u00e4nder\",\"item\":\"https:\\\/\\\/cardinal-tapes.com\\\/kategorie\\\/doppelseitige-klebebaender\\\/\"},{\"@type\":\"ListItem\",\"position\":4,\"name\":\"tesa\u00ae ACXplus 7042 nastro biadesivo acrilico\"}]},{\"@type\":\"WebSite\",\"@id\":\"https:\\\/\\\/cardinal-tapes.com\\\/#website\",\"url\":\"https:\\\/\\\/cardinal-tapes.com\\\/\",\"name\":\"cardinal TAPES\",\"description\":\"Klebetechnik aus Wuppertal\",\"potentialAction\":[{\"@type\":\"SearchAction\",\"target\":{\"@type\":\"EntryPoint\",\"urlTemplate\":\"https:\\\/\\\/cardinal-tapes.com\\\/?s={search_term_string}\"},\"query-input\":{\"@type\":\"PropertyValueSpecification\",\"valueRequired\":true,\"valueName\":\"search_term_string\"}}],\"inLanguage\":\"it-IT\"}]}<\/script>\n<!-- \/ Yoast SEO plugin. -->","yoast_head_json":{"title":"tesa\u00ae 7042 ACXplus nastro biadesivo acrilico | Cardinal TAPES","description":"tesa\u00ae ACXplus 7042 \u00e8 un nastro biadesivo con un supporto in schiuma acrilica ad alte prestazioni ed \u00e8 disponibile nei colori grigio e bianco. Per saperne di pi\u00f9.","robots":{"index":"index","follow":"follow","max-snippet":"max-snippet:-1","max-image-preview":"max-image-preview:large","max-video-preview":"max-video-preview:-1"},"canonical":"https:\/\/cardinal-tapes.com\/it\/nastri-adesivi\/nastri-biadesivi\/tesa-7042-acx-nastro-biadesivo-con-nucleo-acrilico\/","og_locale":"it_IT","og_type":"article","og_title":"tesa\u00ae 7042 ACXplus nastro biadesivo acrilico | Cardinal TAPES","og_description":"tesa\u00ae ACXplus 7042 \u00e8 un nastro biadesivo con un supporto in schiuma acrilica ad alte prestazioni ed \u00e8 disponibile nei colori grigio e bianco. Per saperne di pi\u00f9.","og_url":"https:\/\/cardinal-tapes.com\/it\/nastri-adesivi\/nastri-biadesivi\/tesa-7042-acx-nastro-biadesivo-con-nucleo-acrilico\/","og_site_name":"cardinal TAPES","article_modified_time":"2025-07-02T12:25:47+00:00","og_image":[{"width":453,"height":640,"url":"https:\/\/cardinal-tapes.com\/wp-content\/uploads\/tesa-0704x-as-001172794_canvas1x1_6.jpg","type":"image\/jpeg"}],"twitter_card":"summary_large_image","twitter_misc":{"Tempo di lettura stimato":"1 minuto"},"schema":{"@context":"https:\/\/schema.org","@graph":[{"@type":"WebPage","@id":"https:\/\/cardinal-tapes.com\/it\/nastri-adesivi\/nastri-biadesivi\/tesa-7042-acx-nastro-biadesivo-con-nucleo-acrilico\/","url":"https:\/\/cardinal-tapes.com\/it\/nastri-adesivi\/nastri-biadesivi\/tesa-7042-acx-nastro-biadesivo-con-nucleo-acrilico\/","name":"tesa\u00ae 7042 ACXplus nastro biadesivo acrilico | Cardinal TAPES","isPartOf":{"@id":"https:\/\/cardinal-tapes.com\/#website"},"primaryImageOfPage":{"@id":"https:\/\/cardinal-tapes.com\/it\/nastri-adesivi\/nastri-biadesivi\/tesa-7042-acx-nastro-biadesivo-con-nucleo-acrilico\/#primaryimage"},"image":{"@id":"https:\/\/cardinal-tapes.com\/it\/nastri-adesivi\/nastri-biadesivi\/tesa-7042-acx-nastro-biadesivo-con-nucleo-acrilico\/#primaryimage"},"thumbnailUrl":"https:\/\/cardinal-tapes.com\/wp-content\/uploads\/tesa-0704x-as-001172794_canvas1x1_6.jpg","datePublished":"2023-06-05T15:04:48+00:00","dateModified":"2025-07-02T12:25:47+00:00","description":"tesa\u00ae ACXplus 7042 \u00e8 un nastro biadesivo con un supporto in schiuma acrilica ad alte prestazioni ed \u00e8 disponibile nei colori grigio e bianco. Per saperne di pi\u00f9.","breadcrumb":{"@id":"https:\/\/cardinal-tapes.com\/it\/nastri-adesivi\/nastri-biadesivi\/tesa-7042-acx-nastro-biadesivo-con-nucleo-acrilico\/#breadcrumb"},"inLanguage":"it-IT","potentialAction":[{"@type":"ReadAction","target":["https:\/\/cardinal-tapes.com\/it\/nastri-adesivi\/nastri-biadesivi\/tesa-7042-acx-nastro-biadesivo-con-nucleo-acrilico\/"]}]},{"@type":"ImageObject","inLanguage":"it-IT","@id":"https:\/\/cardinal-tapes.com\/it\/nastri-adesivi\/nastri-biadesivi\/tesa-7042-acx-nastro-biadesivo-con-nucleo-acrilico\/#primaryimage","url":"https:\/\/cardinal-tapes.com\/wp-content\/uploads\/tesa-0704x-as-001172794_canvas1x1_6.jpg","contentUrl":"https:\/\/cardinal-tapes.com\/wp-content\/uploads\/tesa-0704x-as-001172794_canvas1x1_6.jpg","width":453,"height":640,"caption":"tesa-0704x"},{"@type":"BreadcrumbList","@id":"https:\/\/cardinal-tapes.com\/it\/nastri-adesivi\/nastri-biadesivi\/tesa-7042-acx-nastro-biadesivo-con-nucleo-acrilico\/#breadcrumb","itemListElement":[{"@type":"ListItem","position":1,"name":"Startseite","item":"https:\/\/cardinal-tapes.com\/it\/casa\/"},{"@type":"ListItem","position":2,"name":"Nastri adesivi","item":"https:\/\/cardinal-tapes.com\/it\/nastri-adesivi-it\/"},{"@type":"ListItem","position":3,"name":"Doppelseitige Klebeb\u00e4nder","item":"https:\/\/cardinal-tapes.com\/kategorie\/doppelseitige-klebebaender\/"},{"@type":"ListItem","position":4,"name":"tesa\u00ae ACXplus 7042 nastro biadesivo acrilico"}]},{"@type":"WebSite","@id":"https:\/\/cardinal-tapes.com\/#website","url":"https:\/\/cardinal-tapes.com\/","name":"cardinal TAPES","description":"Klebetechnik aus Wuppertal","potentialAction":[{"@type":"SearchAction","target":{"@type":"EntryPoint","urlTemplate":"https:\/\/cardinal-tapes.com\/?s={search_term_string}"},"query-input":{"@type":"PropertyValueSpecification","valueRequired":true,"valueName":"search_term_string"}}],"inLanguage":"it-IT"}]}},"brands":[{"id":2162,"name":"tesa","slug":"tesa-it"}],"_links":{"self":[{"href":"https:\/\/cardinal-tapes.com\/it\/wp-json\/wp\/v2\/product\/47572","targetHints":{"allow":["GET"]}}],"collection":[{"href":"https:\/\/cardinal-tapes.com\/it\/wp-json\/wp\/v2\/product"}],"about":[{"href":"https:\/\/cardinal-tapes.com\/it\/wp-json\/wp\/v2\/types\/product"}],"wp:featuredmedia":[{"embeddable":true,"href":"https:\/\/cardinal-tapes.com\/it\/wp-json\/wp\/v2\/media\/26737"}],"wp:attachment":[{"href":"https:\/\/cardinal-tapes.com\/it\/wp-json\/wp\/v2\/media?parent=47572"}],"wp:term":[{"taxonomy":"pwb-brand","embeddable":true,"href":"https:\/\/cardinal-tapes.com\/it\/wp-json\/wp\/v2\/pwb-brand?post=47572"},{"taxonomy":"product_brand","embeddable":true,"href":"https:\/\/cardinal-tapes.com\/it\/wp-json\/wp\/v2\/product_brand?post=47572"},{"taxonomy":"product_cat","embeddable":true,"href":"https:\/\/cardinal-tapes.com\/it\/wp-json\/wp\/v2\/product_cat?post=47572"},{"taxonomy":"product_tag","embeddable":true,"href":"https:\/\/cardinal-tapes.com\/it\/wp-json\/wp\/v2\/product_tag?post=47572"}],"curies":[{"name":"wp","href":"https:\/\/api.w.org\/{rel}","templated":true}]}}