{"id":47567,"date":"2018-04-17T13:39:43","date_gmt":"2018-04-17T11:39:43","guid":{"rendered":"https:\/\/cardinal.pixel-tal.de\/klebebaender\/senza-categoria\/nastro-di-trasferimento-3m-468mp\/"},"modified":"2025-07-02T14:33:32","modified_gmt":"2025-07-02T12:33:32","slug":"3m-468-nastro-di-trasferimento","status":"publish","type":"product","link":"https:\/\/cardinal-tapes.com\/it\/nastri-adesivi\/aree-di-applicazione\/industria-elettrica\/3m-468-nastro-di-trasferimento\/","title":{"rendered":"Nastro di trasferimento 3M\u2122 468MP"},"content":{"rendered":"<p>Il nastro di trasferimento 3M\u2122 468 MP della serie di adesivi 3M\u2122 200MP \u00e8 un film di adesivo acrilico puro, che ha buone propriet\u00e0 adesive su superfici ad alta energia e mantiene la sua trasparenza anche dopo un lungo tempo di applicazione.<\/p>\n<p><strong>Propriet\u00e0<\/strong><br \/>\nL&#8217;elevatissima resistenza alle temperature e agli agenti chimici del nastro adesivo 468 MP garantisce una funzionalit\u00e0 duratura e quindi un&#8217;elevata affidabilit\u00e0 dei processi, anche in condizioni ambientali estreme. Allo stesso tempo, la carta protettiva particolarmente stabile dal punto di vista climatico garantisce sempre una facile lavorazione. Inoltre, il nastro ha una buona resistenza ai raggi UV e una buona durata all&#8217;esterno.<\/p>\n<p><strong>Applicazioni<\/strong><br \/>\n&#8211; Utilizzo su superfici ad alta energia<br \/>\n&#8211; Incollaggio di pannelli frontali e tastiere a membrana<br \/>\n&#8211; Etichettatura autoadesiva di insegne, emblemi e decorazioni<\/p>\n","protected":false},"excerpt":{"rendered":"<p>Il nastro di trasferimento 3M\u2122 468 MP della serie di adesivi 3M\u2122 200MP \u00e8 un film di adesivo acrilico puro, che ha buone propriet\u00e0 adesive su superfici ad alta energia e mantiene la sua trasparenza anche dopo un lungo tempo di applicazione. Propriet\u00e0 L&#8217;elevatissima resistenza alle temperature e agli agenti chimici del nastro adesivo 468 [&hellip;]<\/p>\n","protected":false},"featured_media":26797,"template":"","meta":{"_acf_changed":false},"pwb-brand":[2166],"product_brand":[],"product_cat":[1781,1824,1683],"product_tag":[],"class_list":{"0":"post-47567","1":"product","2":"type-product","3":"status-publish","4":"has-post-thumbnail","6":"pwb-brand-3m-it","7":"product_cat-nastri-adesivi-di-trasferimento","8":"product_cat-nastri-biadesivi","9":"product_cat-industria-elettrica","11":"first","12":"instock","13":"taxable","14":"shipping-taxable","15":"purchasable","16":"product-type-variable"},"acf":[],"yoast_head":"<!-- This site is optimized with the Yoast SEO plugin v27.3 - https:\/\/yoast.com\/product\/yoast-seo-wordpress\/ -->\n<title>Nastro di trasferimento 3M\u2122 468MP | Cardinal TAPES<\/title>\n<meta name=\"description\" content=\"I nastri di trasferimento 3M 468 della serie di adesivi 200MP sono caratterizzati da resistenza chimica, resistenza al taglio, ecc. Per saperne di pi\u00f9 sul modello 3M 468.\" \/>\n<meta name=\"robots\" content=\"index, follow, max-snippet:-1, max-image-preview:large, max-video-preview:-1\" \/>\n<link rel=\"canonical\" href=\"https:\/\/cardinal-tapes.com\/it\/nastri-adesivi\/aree-di-applicazione\/industria-elettrica\/3m-468-nastro-di-trasferimento\/\" \/>\n<meta property=\"og:locale\" content=\"it_IT\" \/>\n<meta property=\"og:type\" content=\"article\" \/>\n<meta property=\"og:title\" content=\"Nastro di trasferimento 3M\u2122 468MP | Cardinal TAPES\" \/>\n<meta property=\"og:description\" content=\"I nastri di trasferimento 3M 468 della serie di adesivi 200MP sono caratterizzati da resistenza chimica, resistenza al taglio, ecc. Per saperne di pi\u00f9 sul modello 3M 468.\" \/>\n<meta property=\"og:url\" content=\"https:\/\/cardinal-tapes.com\/it\/nastri-adesivi\/aree-di-applicazione\/industria-elettrica\/3m-468-nastro-di-trasferimento\/\" \/>\n<meta property=\"og:site_name\" content=\"cardinal TAPES\" \/>\n<meta property=\"article:modified_time\" content=\"2025-07-02T12:33:32+00:00\" \/>\n<meta property=\"og:image\" content=\"https:\/\/cardinal-tapes.com\/wp-content\/uploads\/3m-467mp-klebstoffserie-200mp-scaled.jpg\" \/>\n\t<meta property=\"og:image:width\" content=\"2560\" \/>\n\t<meta property=\"og:image:height\" content=\"1707\" \/>\n\t<meta property=\"og:image:type\" content=\"image\/jpeg\" \/>\n<meta name=\"twitter:card\" content=\"summary_large_image\" \/>\n<meta name=\"twitter:label1\" content=\"Tempo di lettura stimato\" \/>\n\t<meta name=\"twitter:data1\" content=\"1 minuto\" \/>\n<script type=\"application\/ld+json\" class=\"yoast-schema-graph\">{\"@context\":\"https:\\\/\\\/schema.org\",\"@graph\":[{\"@type\":\"WebPage\",\"@id\":\"https:\\\/\\\/cardinal-tapes.com\\\/it\\\/nastri-adesivi\\\/aree-di-applicazione\\\/industria-elettrica\\\/3m-468-nastro-di-trasferimento\\\/\",\"url\":\"https:\\\/\\\/cardinal-tapes.com\\\/it\\\/nastri-adesivi\\\/aree-di-applicazione\\\/industria-elettrica\\\/3m-468-nastro-di-trasferimento\\\/\",\"name\":\"Nastro di trasferimento 3M\u2122 468MP | Cardinal TAPES\",\"isPartOf\":{\"@id\":\"https:\\\/\\\/cardinal-tapes.com\\\/#website\"},\"primaryImageOfPage\":{\"@id\":\"https:\\\/\\\/cardinal-tapes.com\\\/it\\\/nastri-adesivi\\\/aree-di-applicazione\\\/industria-elettrica\\\/3m-468-nastro-di-trasferimento\\\/#primaryimage\"},\"image\":{\"@id\":\"https:\\\/\\\/cardinal-tapes.com\\\/it\\\/nastri-adesivi\\\/aree-di-applicazione\\\/industria-elettrica\\\/3m-468-nastro-di-trasferimento\\\/#primaryimage\"},\"thumbnailUrl\":\"https:\\\/\\\/cardinal-tapes.com\\\/wp-content\\\/uploads\\\/3m-467mp-klebstoffserie-200mp-scaled.jpg\",\"datePublished\":\"2018-04-17T11:39:43+00:00\",\"dateModified\":\"2025-07-02T12:33:32+00:00\",\"description\":\"I nastri di trasferimento 3M 468 della serie di adesivi 200MP sono caratterizzati da resistenza chimica, resistenza al taglio, ecc. Per saperne di pi\u00f9 sul modello 3M 468.\",\"breadcrumb\":{\"@id\":\"https:\\\/\\\/cardinal-tapes.com\\\/it\\\/nastri-adesivi\\\/aree-di-applicazione\\\/industria-elettrica\\\/3m-468-nastro-di-trasferimento\\\/#breadcrumb\"},\"inLanguage\":\"it-IT\",\"potentialAction\":[{\"@type\":\"ReadAction\",\"target\":[\"https:\\\/\\\/cardinal-tapes.com\\\/it\\\/nastri-adesivi\\\/aree-di-applicazione\\\/industria-elettrica\\\/3m-468-nastro-di-trasferimento\\\/\"]}]},{\"@type\":\"ImageObject\",\"inLanguage\":\"it-IT\",\"@id\":\"https:\\\/\\\/cardinal-tapes.com\\\/it\\\/nastri-adesivi\\\/aree-di-applicazione\\\/industria-elettrica\\\/3m-468-nastro-di-trasferimento\\\/#primaryimage\",\"url\":\"https:\\\/\\\/cardinal-tapes.com\\\/wp-content\\\/uploads\\\/3m-467mp-klebstoffserie-200mp-scaled.jpg\",\"contentUrl\":\"https:\\\/\\\/cardinal-tapes.com\\\/wp-content\\\/uploads\\\/3m-467mp-klebstoffserie-200mp-scaled.jpg\",\"width\":2560,\"height\":1707,\"caption\":\"3m-467mp-klebstoffserie-200mp\"},{\"@type\":\"BreadcrumbList\",\"@id\":\"https:\\\/\\\/cardinal-tapes.com\\\/it\\\/nastri-adesivi\\\/aree-di-applicazione\\\/industria-elettrica\\\/3m-468-nastro-di-trasferimento\\\/#breadcrumb\",\"itemListElement\":[{\"@type\":\"ListItem\",\"position\":1,\"name\":\"Startseite\",\"item\":\"https:\\\/\\\/cardinal-tapes.com\\\/it\\\/casa\\\/\"},{\"@type\":\"ListItem\",\"position\":2,\"name\":\"Nastri adesivi\",\"item\":\"https:\\\/\\\/cardinal-tapes.com\\\/it\\\/nastri-adesivi-it\\\/\"},{\"@type\":\"ListItem\",\"position\":3,\"name\":\"Doppelseitige Klebeb\u00e4nder\",\"item\":\"https:\\\/\\\/cardinal-tapes.com\\\/kategorie\\\/doppelseitige-klebebaender\\\/\"},{\"@type\":\"ListItem\",\"position\":4,\"name\":\"Nastro di trasferimento 3M\u2122 468MP\"}]},{\"@type\":\"WebSite\",\"@id\":\"https:\\\/\\\/cardinal-tapes.com\\\/#website\",\"url\":\"https:\\\/\\\/cardinal-tapes.com\\\/\",\"name\":\"cardinal TAPES\",\"description\":\"Klebetechnik aus Wuppertal\",\"potentialAction\":[{\"@type\":\"SearchAction\",\"target\":{\"@type\":\"EntryPoint\",\"urlTemplate\":\"https:\\\/\\\/cardinal-tapes.com\\\/?s={search_term_string}\"},\"query-input\":{\"@type\":\"PropertyValueSpecification\",\"valueRequired\":true,\"valueName\":\"search_term_string\"}}],\"inLanguage\":\"it-IT\"}]}<\/script>\n<!-- \/ Yoast SEO plugin. -->","yoast_head_json":{"title":"Nastro di trasferimento 3M\u2122 468MP | Cardinal TAPES","description":"I nastri di trasferimento 3M 468 della serie di adesivi 200MP sono caratterizzati da resistenza chimica, resistenza al taglio, ecc. Per saperne di pi\u00f9 sul modello 3M 468.","robots":{"index":"index","follow":"follow","max-snippet":"max-snippet:-1","max-image-preview":"max-image-preview:large","max-video-preview":"max-video-preview:-1"},"canonical":"https:\/\/cardinal-tapes.com\/it\/nastri-adesivi\/aree-di-applicazione\/industria-elettrica\/3m-468-nastro-di-trasferimento\/","og_locale":"it_IT","og_type":"article","og_title":"Nastro di trasferimento 3M\u2122 468MP | Cardinal TAPES","og_description":"I nastri di trasferimento 3M 468 della serie di adesivi 200MP sono caratterizzati da resistenza chimica, resistenza al taglio, ecc. Per saperne di pi\u00f9 sul modello 3M 468.","og_url":"https:\/\/cardinal-tapes.com\/it\/nastri-adesivi\/aree-di-applicazione\/industria-elettrica\/3m-468-nastro-di-trasferimento\/","og_site_name":"cardinal TAPES","article_modified_time":"2025-07-02T12:33:32+00:00","og_image":[{"width":2560,"height":1707,"url":"https:\/\/cardinal-tapes.com\/wp-content\/uploads\/3m-467mp-klebstoffserie-200mp-scaled.jpg","type":"image\/jpeg"}],"twitter_card":"summary_large_image","twitter_misc":{"Tempo di lettura stimato":"1 minuto"},"schema":{"@context":"https:\/\/schema.org","@graph":[{"@type":"WebPage","@id":"https:\/\/cardinal-tapes.com\/it\/nastri-adesivi\/aree-di-applicazione\/industria-elettrica\/3m-468-nastro-di-trasferimento\/","url":"https:\/\/cardinal-tapes.com\/it\/nastri-adesivi\/aree-di-applicazione\/industria-elettrica\/3m-468-nastro-di-trasferimento\/","name":"Nastro di trasferimento 3M\u2122 468MP | Cardinal TAPES","isPartOf":{"@id":"https:\/\/cardinal-tapes.com\/#website"},"primaryImageOfPage":{"@id":"https:\/\/cardinal-tapes.com\/it\/nastri-adesivi\/aree-di-applicazione\/industria-elettrica\/3m-468-nastro-di-trasferimento\/#primaryimage"},"image":{"@id":"https:\/\/cardinal-tapes.com\/it\/nastri-adesivi\/aree-di-applicazione\/industria-elettrica\/3m-468-nastro-di-trasferimento\/#primaryimage"},"thumbnailUrl":"https:\/\/cardinal-tapes.com\/wp-content\/uploads\/3m-467mp-klebstoffserie-200mp-scaled.jpg","datePublished":"2018-04-17T11:39:43+00:00","dateModified":"2025-07-02T12:33:32+00:00","description":"I nastri di trasferimento 3M 468 della serie di adesivi 200MP sono caratterizzati da resistenza chimica, resistenza al taglio, ecc. Per saperne di pi\u00f9 sul modello 3M 468.","breadcrumb":{"@id":"https:\/\/cardinal-tapes.com\/it\/nastri-adesivi\/aree-di-applicazione\/industria-elettrica\/3m-468-nastro-di-trasferimento\/#breadcrumb"},"inLanguage":"it-IT","potentialAction":[{"@type":"ReadAction","target":["https:\/\/cardinal-tapes.com\/it\/nastri-adesivi\/aree-di-applicazione\/industria-elettrica\/3m-468-nastro-di-trasferimento\/"]}]},{"@type":"ImageObject","inLanguage":"it-IT","@id":"https:\/\/cardinal-tapes.com\/it\/nastri-adesivi\/aree-di-applicazione\/industria-elettrica\/3m-468-nastro-di-trasferimento\/#primaryimage","url":"https:\/\/cardinal-tapes.com\/wp-content\/uploads\/3m-467mp-klebstoffserie-200mp-scaled.jpg","contentUrl":"https:\/\/cardinal-tapes.com\/wp-content\/uploads\/3m-467mp-klebstoffserie-200mp-scaled.jpg","width":2560,"height":1707,"caption":"3m-467mp-klebstoffserie-200mp"},{"@type":"BreadcrumbList","@id":"https:\/\/cardinal-tapes.com\/it\/nastri-adesivi\/aree-di-applicazione\/industria-elettrica\/3m-468-nastro-di-trasferimento\/#breadcrumb","itemListElement":[{"@type":"ListItem","position":1,"name":"Startseite","item":"https:\/\/cardinal-tapes.com\/it\/casa\/"},{"@type":"ListItem","position":2,"name":"Nastri adesivi","item":"https:\/\/cardinal-tapes.com\/it\/nastri-adesivi-it\/"},{"@type":"ListItem","position":3,"name":"Doppelseitige Klebeb\u00e4nder","item":"https:\/\/cardinal-tapes.com\/kategorie\/doppelseitige-klebebaender\/"},{"@type":"ListItem","position":4,"name":"Nastro di trasferimento 3M\u2122 468MP"}]},{"@type":"WebSite","@id":"https:\/\/cardinal-tapes.com\/#website","url":"https:\/\/cardinal-tapes.com\/","name":"cardinal TAPES","description":"Klebetechnik aus Wuppertal","potentialAction":[{"@type":"SearchAction","target":{"@type":"EntryPoint","urlTemplate":"https:\/\/cardinal-tapes.com\/?s={search_term_string}"},"query-input":{"@type":"PropertyValueSpecification","valueRequired":true,"valueName":"search_term_string"}}],"inLanguage":"it-IT"}]}},"brands":[{"id":2166,"name":"3M","slug":"3m-it"}],"_links":{"self":[{"href":"https:\/\/cardinal-tapes.com\/it\/wp-json\/wp\/v2\/product\/47567","targetHints":{"allow":["GET"]}}],"collection":[{"href":"https:\/\/cardinal-tapes.com\/it\/wp-json\/wp\/v2\/product"}],"about":[{"href":"https:\/\/cardinal-tapes.com\/it\/wp-json\/wp\/v2\/types\/product"}],"wp:featuredmedia":[{"embeddable":true,"href":"https:\/\/cardinal-tapes.com\/it\/wp-json\/wp\/v2\/media\/26797"}],"wp:attachment":[{"href":"https:\/\/cardinal-tapes.com\/it\/wp-json\/wp\/v2\/media?parent=47567"}],"wp:term":[{"taxonomy":"pwb-brand","embeddable":true,"href":"https:\/\/cardinal-tapes.com\/it\/wp-json\/wp\/v2\/pwb-brand?post=47567"},{"taxonomy":"product_brand","embeddable":true,"href":"https:\/\/cardinal-tapes.com\/it\/wp-json\/wp\/v2\/product_brand?post=47567"},{"taxonomy":"product_cat","embeddable":true,"href":"https:\/\/cardinal-tapes.com\/it\/wp-json\/wp\/v2\/product_cat?post=47567"},{"taxonomy":"product_tag","embeddable":true,"href":"https:\/\/cardinal-tapes.com\/it\/wp-json\/wp\/v2\/product_tag?post=47567"}],"curies":[{"name":"wp","href":"https:\/\/api.w.org\/{rel}","templated":true}]}}