{"id":47538,"date":"2018-05-02T10:15:32","date_gmt":"2018-05-02T08:15:32","guid":{"rendered":"https:\/\/cardinal.pixel-tal.de\/klebebaender\/senza-categoria\/ca-22-nastro-di-filamenti-rinforzato-longitudinalmente\/"},"modified":"2025-07-02T14:52:19","modified_gmt":"2025-07-02T12:52:19","slug":"ca-22-filamento-adesivo-tappo-lungo-rinforzato","status":"publish","type":"product","link":"https:\/\/cardinal-tapes.com\/it\/nastri-adesivi\/aree-di-applicazione\/produzione-e-lavorazione-dellalluminio\/ca-22-filamento-adesivo-tappo-lungo-rinforzato\/","title":{"rendered":"CA-22 Nastro di filamenti, rinforzato longitudinalmente"},"content":{"rendered":"<p>CA-22 \u00e8 un nastro adesivo in filamenti rinforzati longitudinalmente.<\/p>\n<p>I nastri in filamenti sono nastri adesivi versatili e robusti che offrono un&#8217;elevata resistenza alla trazione grazie al loro rinforzo in fibra di vetro. Sono ideali per le applicazioni che richiedono legami forti e sicuri, come l&#8217;impacchettamento di oggetti pesanti, la reggiatura di cartoni, il fissaggio di pallet e il rinforzo di imballaggi. Vengono inoltre utilizzate frequentemente nella logistica, nell&#8217;edilizia e nell&#8217;industria per fissare i materiali durante il trasporto o lo stoccaggio.  <\/p>\n","protected":false},"excerpt":{"rendered":"<p>CA-22 \u00e8 un nastro adesivo in filamenti rinforzati longitudinalmente. I nastri in filamenti sono nastri adesivi versatili e robusti che offrono un&#8217;elevata resistenza alla trazione grazie al loro rinforzo in fibra di vetro. Sono ideali per le applicazioni che richiedono legami forti e sicuri, come l&#8217;impacchettamento di oggetti pesanti, la reggiatura di cartoni, il fissaggio [&hellip;]<\/p>\n","protected":false},"featured_media":26833,"template":"","meta":{"_acf_changed":false},"pwb-brand":[2174],"product_brand":[],"product_cat":[1782,1826,1675,1678,1680,1728,1778],"product_tag":[],"class_list":{"0":"post-47538","1":"product","2":"type-product","3":"status-publish","4":"has-post-thumbnail","6":"pwb-brand-cardinal-gmbh-it","7":"product_cat-settore-dei-trasporti","8":"product_cat-nastri-monoadesivi","9":"product_cat-produzione-e-lavorazione-dellalluminio","10":"product_cat-commercio-edile","11":"product_cat-industria-del-calcestruzzo","12":"product_cat-industria-della-plastica","13":"product_cat-acciaio-e-vetro","15":"first","16":"instock","17":"taxable","18":"shipping-taxable","19":"purchasable","20":"product-type-variable"},"acf":[],"yoast_head":"<!-- This site is optimized with the Yoast SEO plugin v27.3 - https:\/\/yoast.com\/product\/yoast-seo-wordpress\/ -->\n<title>CA-22 Nastro in filamenti, rinforzato longitudinalmente | Nastri Cardinal<\/title>\n<meta name=\"description\" content=\"CA-22 \u00e8 un nastro in filamenti con un&#039;elevata resistenza alla trazione in direzione longitudinale. Per saperne di pi\u00f9 sul nastro adesivo di alta qualit\u00e0 di Cardinal TAPES, cliccate qui.\" \/>\n<meta name=\"robots\" content=\"index, follow, max-snippet:-1, max-image-preview:large, max-video-preview:-1\" \/>\n<link rel=\"canonical\" href=\"https:\/\/cardinal-tapes.com\/it\/nastri-adesivi\/aree-di-applicazione\/produzione-e-lavorazione-dellalluminio\/ca-22-filamento-adesivo-tappo-lungo-rinforzato\/\" \/>\n<meta property=\"og:locale\" content=\"it_IT\" \/>\n<meta property=\"og:type\" content=\"article\" \/>\n<meta property=\"og:title\" content=\"CA-22 Nastro in filamenti, rinforzato longitudinalmente | Nastri Cardinal\" \/>\n<meta property=\"og:description\" content=\"CA-22 \u00e8 un nastro in filamenti con un&#039;elevata resistenza alla trazione in direzione longitudinale. Per saperne di pi\u00f9 sul nastro adesivo di alta qualit\u00e0 di Cardinal TAPES, cliccate qui.\" \/>\n<meta property=\"og:url\" content=\"https:\/\/cardinal-tapes.com\/it\/nastri-adesivi\/aree-di-applicazione\/produzione-e-lavorazione-dellalluminio\/ca-22-filamento-adesivo-tappo-lungo-rinforzato\/\" \/>\n<meta property=\"og:site_name\" content=\"cardinal TAPES\" \/>\n<meta property=\"article:modified_time\" content=\"2025-07-02T12:52:19+00:00\" \/>\n<meta property=\"og:image\" content=\"https:\/\/cardinal-tapes.com\/wp-content\/uploads\/CA_22_02.jpg\" \/>\n\t<meta property=\"og:image:width\" content=\"1304\" \/>\n\t<meta property=\"og:image:height\" content=\"1400\" \/>\n\t<meta property=\"og:image:type\" content=\"image\/jpeg\" \/>\n<meta name=\"twitter:card\" content=\"summary_large_image\" \/>\n<script type=\"application\/ld+json\" class=\"yoast-schema-graph\">{\"@context\":\"https:\\\/\\\/schema.org\",\"@graph\":[{\"@type\":\"WebPage\",\"@id\":\"https:\\\/\\\/cardinal-tapes.com\\\/it\\\/nastri-adesivi\\\/aree-di-applicazione\\\/produzione-e-lavorazione-dellalluminio\\\/ca-22-filamento-adesivo-tappo-lungo-rinforzato\\\/\",\"url\":\"https:\\\/\\\/cardinal-tapes.com\\\/it\\\/nastri-adesivi\\\/aree-di-applicazione\\\/produzione-e-lavorazione-dellalluminio\\\/ca-22-filamento-adesivo-tappo-lungo-rinforzato\\\/\",\"name\":\"CA-22 Nastro in filamenti, rinforzato longitudinalmente | Nastri Cardinal\",\"isPartOf\":{\"@id\":\"https:\\\/\\\/cardinal-tapes.com\\\/#website\"},\"primaryImageOfPage\":{\"@id\":\"https:\\\/\\\/cardinal-tapes.com\\\/it\\\/nastri-adesivi\\\/aree-di-applicazione\\\/produzione-e-lavorazione-dellalluminio\\\/ca-22-filamento-adesivo-tappo-lungo-rinforzato\\\/#primaryimage\"},\"image\":{\"@id\":\"https:\\\/\\\/cardinal-tapes.com\\\/it\\\/nastri-adesivi\\\/aree-di-applicazione\\\/produzione-e-lavorazione-dellalluminio\\\/ca-22-filamento-adesivo-tappo-lungo-rinforzato\\\/#primaryimage\"},\"thumbnailUrl\":\"https:\\\/\\\/cardinal-tapes.com\\\/wp-content\\\/uploads\\\/CA_22_02.jpg\",\"datePublished\":\"2018-05-02T08:15:32+00:00\",\"dateModified\":\"2025-07-02T12:52:19+00:00\",\"description\":\"CA-22 \u00e8 un nastro in filamenti con un'elevata resistenza alla trazione in direzione longitudinale. Per saperne di pi\u00f9 sul nastro adesivo di alta qualit\u00e0 di Cardinal TAPES, cliccate qui.\",\"breadcrumb\":{\"@id\":\"https:\\\/\\\/cardinal-tapes.com\\\/it\\\/nastri-adesivi\\\/aree-di-applicazione\\\/produzione-e-lavorazione-dellalluminio\\\/ca-22-filamento-adesivo-tappo-lungo-rinforzato\\\/#breadcrumb\"},\"inLanguage\":\"it-IT\",\"potentialAction\":[{\"@type\":\"ReadAction\",\"target\":[\"https:\\\/\\\/cardinal-tapes.com\\\/it\\\/nastri-adesivi\\\/aree-di-applicazione\\\/produzione-e-lavorazione-dellalluminio\\\/ca-22-filamento-adesivo-tappo-lungo-rinforzato\\\/\"]}]},{\"@type\":\"ImageObject\",\"inLanguage\":\"it-IT\",\"@id\":\"https:\\\/\\\/cardinal-tapes.com\\\/it\\\/nastri-adesivi\\\/aree-di-applicazione\\\/produzione-e-lavorazione-dellalluminio\\\/ca-22-filamento-adesivo-tappo-lungo-rinforzato\\\/#primaryimage\",\"url\":\"https:\\\/\\\/cardinal-tapes.com\\\/wp-content\\\/uploads\\\/CA_22_02.jpg\",\"contentUrl\":\"https:\\\/\\\/cardinal-tapes.com\\\/wp-content\\\/uploads\\\/CA_22_02.jpg\",\"width\":1304,\"height\":1400,\"caption\":\"CA_22\"},{\"@type\":\"BreadcrumbList\",\"@id\":\"https:\\\/\\\/cardinal-tapes.com\\\/it\\\/nastri-adesivi\\\/aree-di-applicazione\\\/produzione-e-lavorazione-dellalluminio\\\/ca-22-filamento-adesivo-tappo-lungo-rinforzato\\\/#breadcrumb\",\"itemListElement\":[{\"@type\":\"ListItem\",\"position\":1,\"name\":\"Startseite\",\"item\":\"https:\\\/\\\/cardinal-tapes.com\\\/it\\\/casa\\\/\"},{\"@type\":\"ListItem\",\"position\":2,\"name\":\"Nastri adesivi\",\"item\":\"https:\\\/\\\/cardinal-tapes.com\\\/it\\\/nastri-adesivi-it\\\/\"},{\"@type\":\"ListItem\",\"position\":3,\"name\":\"Einseitige Klebeb\u00e4nder\",\"item\":\"https:\\\/\\\/cardinal-tapes.com\\\/kategorie\\\/einseitige-klebebaender\\\/\"},{\"@type\":\"ListItem\",\"position\":4,\"name\":\"CA-22 Nastro di filamenti, rinforzato longitudinalmente\"}]},{\"@type\":\"WebSite\",\"@id\":\"https:\\\/\\\/cardinal-tapes.com\\\/#website\",\"url\":\"https:\\\/\\\/cardinal-tapes.com\\\/\",\"name\":\"cardinal TAPES\",\"description\":\"Klebetechnik aus Wuppertal\",\"potentialAction\":[{\"@type\":\"SearchAction\",\"target\":{\"@type\":\"EntryPoint\",\"urlTemplate\":\"https:\\\/\\\/cardinal-tapes.com\\\/?s={search_term_string}\"},\"query-input\":{\"@type\":\"PropertyValueSpecification\",\"valueRequired\":true,\"valueName\":\"search_term_string\"}}],\"inLanguage\":\"it-IT\"}]}<\/script>\n<!-- \/ Yoast SEO plugin. -->","yoast_head_json":{"title":"CA-22 Nastro in filamenti, rinforzato longitudinalmente | Nastri Cardinal","description":"CA-22 \u00e8 un nastro in filamenti con un'elevata resistenza alla trazione in direzione longitudinale. Per saperne di pi\u00f9 sul nastro adesivo di alta qualit\u00e0 di Cardinal TAPES, cliccate qui.","robots":{"index":"index","follow":"follow","max-snippet":"max-snippet:-1","max-image-preview":"max-image-preview:large","max-video-preview":"max-video-preview:-1"},"canonical":"https:\/\/cardinal-tapes.com\/it\/nastri-adesivi\/aree-di-applicazione\/produzione-e-lavorazione-dellalluminio\/ca-22-filamento-adesivo-tappo-lungo-rinforzato\/","og_locale":"it_IT","og_type":"article","og_title":"CA-22 Nastro in filamenti, rinforzato longitudinalmente | Nastri Cardinal","og_description":"CA-22 \u00e8 un nastro in filamenti con un'elevata resistenza alla trazione in direzione longitudinale. Per saperne di pi\u00f9 sul nastro adesivo di alta qualit\u00e0 di Cardinal TAPES, cliccate qui.","og_url":"https:\/\/cardinal-tapes.com\/it\/nastri-adesivi\/aree-di-applicazione\/produzione-e-lavorazione-dellalluminio\/ca-22-filamento-adesivo-tappo-lungo-rinforzato\/","og_site_name":"cardinal TAPES","article_modified_time":"2025-07-02T12:52:19+00:00","og_image":[{"width":1304,"height":1400,"url":"https:\/\/cardinal-tapes.com\/wp-content\/uploads\/CA_22_02.jpg","type":"image\/jpeg"}],"twitter_card":"summary_large_image","schema":{"@context":"https:\/\/schema.org","@graph":[{"@type":"WebPage","@id":"https:\/\/cardinal-tapes.com\/it\/nastri-adesivi\/aree-di-applicazione\/produzione-e-lavorazione-dellalluminio\/ca-22-filamento-adesivo-tappo-lungo-rinforzato\/","url":"https:\/\/cardinal-tapes.com\/it\/nastri-adesivi\/aree-di-applicazione\/produzione-e-lavorazione-dellalluminio\/ca-22-filamento-adesivo-tappo-lungo-rinforzato\/","name":"CA-22 Nastro in filamenti, rinforzato longitudinalmente | Nastri Cardinal","isPartOf":{"@id":"https:\/\/cardinal-tapes.com\/#website"},"primaryImageOfPage":{"@id":"https:\/\/cardinal-tapes.com\/it\/nastri-adesivi\/aree-di-applicazione\/produzione-e-lavorazione-dellalluminio\/ca-22-filamento-adesivo-tappo-lungo-rinforzato\/#primaryimage"},"image":{"@id":"https:\/\/cardinal-tapes.com\/it\/nastri-adesivi\/aree-di-applicazione\/produzione-e-lavorazione-dellalluminio\/ca-22-filamento-adesivo-tappo-lungo-rinforzato\/#primaryimage"},"thumbnailUrl":"https:\/\/cardinal-tapes.com\/wp-content\/uploads\/CA_22_02.jpg","datePublished":"2018-05-02T08:15:32+00:00","dateModified":"2025-07-02T12:52:19+00:00","description":"CA-22 \u00e8 un nastro in filamenti con un'elevata resistenza alla trazione in direzione longitudinale. Per saperne di pi\u00f9 sul nastro adesivo di alta qualit\u00e0 di Cardinal TAPES, cliccate qui.","breadcrumb":{"@id":"https:\/\/cardinal-tapes.com\/it\/nastri-adesivi\/aree-di-applicazione\/produzione-e-lavorazione-dellalluminio\/ca-22-filamento-adesivo-tappo-lungo-rinforzato\/#breadcrumb"},"inLanguage":"it-IT","potentialAction":[{"@type":"ReadAction","target":["https:\/\/cardinal-tapes.com\/it\/nastri-adesivi\/aree-di-applicazione\/produzione-e-lavorazione-dellalluminio\/ca-22-filamento-adesivo-tappo-lungo-rinforzato\/"]}]},{"@type":"ImageObject","inLanguage":"it-IT","@id":"https:\/\/cardinal-tapes.com\/it\/nastri-adesivi\/aree-di-applicazione\/produzione-e-lavorazione-dellalluminio\/ca-22-filamento-adesivo-tappo-lungo-rinforzato\/#primaryimage","url":"https:\/\/cardinal-tapes.com\/wp-content\/uploads\/CA_22_02.jpg","contentUrl":"https:\/\/cardinal-tapes.com\/wp-content\/uploads\/CA_22_02.jpg","width":1304,"height":1400,"caption":"CA_22"},{"@type":"BreadcrumbList","@id":"https:\/\/cardinal-tapes.com\/it\/nastri-adesivi\/aree-di-applicazione\/produzione-e-lavorazione-dellalluminio\/ca-22-filamento-adesivo-tappo-lungo-rinforzato\/#breadcrumb","itemListElement":[{"@type":"ListItem","position":1,"name":"Startseite","item":"https:\/\/cardinal-tapes.com\/it\/casa\/"},{"@type":"ListItem","position":2,"name":"Nastri adesivi","item":"https:\/\/cardinal-tapes.com\/it\/nastri-adesivi-it\/"},{"@type":"ListItem","position":3,"name":"Einseitige Klebeb\u00e4nder","item":"https:\/\/cardinal-tapes.com\/kategorie\/einseitige-klebebaender\/"},{"@type":"ListItem","position":4,"name":"CA-22 Nastro di filamenti, rinforzato longitudinalmente"}]},{"@type":"WebSite","@id":"https:\/\/cardinal-tapes.com\/#website","url":"https:\/\/cardinal-tapes.com\/","name":"cardinal TAPES","description":"Klebetechnik aus Wuppertal","potentialAction":[{"@type":"SearchAction","target":{"@type":"EntryPoint","urlTemplate":"https:\/\/cardinal-tapes.com\/?s={search_term_string}"},"query-input":{"@type":"PropertyValueSpecification","valueRequired":true,"valueName":"search_term_string"}}],"inLanguage":"it-IT"}]}},"brands":[{"id":2174,"name":"cardinal GmbH","slug":"cardinal-gmbh-it"}],"_links":{"self":[{"href":"https:\/\/cardinal-tapes.com\/it\/wp-json\/wp\/v2\/product\/47538","targetHints":{"allow":["GET"]}}],"collection":[{"href":"https:\/\/cardinal-tapes.com\/it\/wp-json\/wp\/v2\/product"}],"about":[{"href":"https:\/\/cardinal-tapes.com\/it\/wp-json\/wp\/v2\/types\/product"}],"wp:featuredmedia":[{"embeddable":true,"href":"https:\/\/cardinal-tapes.com\/it\/wp-json\/wp\/v2\/media\/26833"}],"wp:attachment":[{"href":"https:\/\/cardinal-tapes.com\/it\/wp-json\/wp\/v2\/media?parent=47538"}],"wp:term":[{"taxonomy":"pwb-brand","embeddable":true,"href":"https:\/\/cardinal-tapes.com\/it\/wp-json\/wp\/v2\/pwb-brand?post=47538"},{"taxonomy":"product_brand","embeddable":true,"href":"https:\/\/cardinal-tapes.com\/it\/wp-json\/wp\/v2\/product_brand?post=47538"},{"taxonomy":"product_cat","embeddable":true,"href":"https:\/\/cardinal-tapes.com\/it\/wp-json\/wp\/v2\/product_cat?post=47538"},{"taxonomy":"product_tag","embeddable":true,"href":"https:\/\/cardinal-tapes.com\/it\/wp-json\/wp\/v2\/product_tag?post=47538"}],"curies":[{"name":"wp","href":"https:\/\/api.w.org\/{rel}","templated":true}]}}