{"id":47127,"date":"2018-05-14T12:05:08","date_gmt":"2023-06-05T15:04:27","guid":{"rendered":"https:\/\/cardinal.pixel-tal.de\/klebebaender\/senza-categoria\/ca-996-nastro-adesivo-in-schiuma-pe\/"},"modified":"2023-06-05T17:04:27","modified_gmt":"2023-06-05T15:04:27","slug":"nastro-adesivo-in-schiuma-ca-996-pe","status":"publish","type":"product","link":"https:\/\/cardinal-tapes.com\/it\/nastri-adesivi\/aree-di-applicazione\/nastro-in-schiuma-di-pe-it\/nastro-adesivo-in-schiuma-ca-996-pe\/","title":{"rendered":"CA-996 Nastro adesivo in schiuma PE"},"content":{"rendered":"<p>Il sistema adesivo hot melt \u00e8 particolarmente adatto per le applicazioni che richiedono una forza adesiva iniziale molto forte. La superficie in schiuma reticolata a cellule chiuse garantisce un ancoraggio sicuro della pellicola adesiva sensibile alla pressione, in modo che la distribuzione della forza sia trasferita in modo ottimale sotto carico meccanico. Il nastro adesivo in schiuma, facile da installare, \u00e8 laminato con una pellicola invece che con una copertura aggiuntiva, che non deve essere rimossa prima dell&#8217;installazione.<\/p>\n","protected":false},"excerpt":{"rendered":"<p>Il sistema adesivo hot melt \u00e8 particolarmente adatto per le applicazioni che richiedono una forza adesiva iniziale molto forte. La superficie in schiuma reticolata a cellule chiuse garantisce un ancoraggio sicuro della pellicola adesiva sensibile alla pressione, in modo che la distribuzione della forza sia trasferita in modo ottimale sotto carico meccanico. Il nastro adesivo [&hellip;]<\/p>\n","protected":false},"featured_media":27189,"template":"","meta":{"_acf_changed":false},"pwb-brand":[2174],"product_brand":[],"product_cat":[1774,1826],"product_tag":[],"class_list":{"0":"post-47127","1":"product","2":"type-product","3":"status-publish","4":"has-post-thumbnail","6":"pwb-brand-cardinal-gmbh-it","7":"product_cat-nastro-in-schiuma-di-pe-it","8":"product_cat-nastri-monoadesivi","10":"first","11":"instock","12":"taxable","13":"shipping-taxable","14":"purchasable","15":"product-type-variable"},"acf":[],"yoast_head":"<!-- This site is optimized with the Yoast SEO plugin v27.3 - https:\/\/yoast.com\/product\/yoast-seo-wordpress\/ -->\n<title>CA-996 Nastro adesivo in schiuma PE | Cardinal TAPES<\/title>\n<meta name=\"description\" content=\"CA-996 \u00e8 un nastro in schiuma di PE laminato con una pellicola anzich\u00e9 con una copertura aggiuntiva. Per saperne di pi\u00f9.\" \/>\n<meta name=\"robots\" content=\"index, follow, max-snippet:-1, max-image-preview:large, max-video-preview:-1\" \/>\n<link rel=\"canonical\" href=\"https:\/\/cardinal-tapes.com\/it\/nastri-adesivi\/nastro-in-schiuma-di-pe-it\/nastro-adesivo-in-schiuma-ca-996-pe\/\" \/>\n<meta property=\"og:locale\" content=\"it_IT\" \/>\n<meta property=\"og:type\" content=\"article\" \/>\n<meta property=\"og:title\" content=\"CA-996 Nastro adesivo in schiuma PE | Cardinal TAPES\" \/>\n<meta property=\"og:description\" content=\"CA-996 \u00e8 un nastro in schiuma di PE laminato con una pellicola anzich\u00e9 con una copertura aggiuntiva. Per saperne di pi\u00f9.\" \/>\n<meta property=\"og:url\" content=\"https:\/\/cardinal-tapes.com\/it\/nastri-adesivi\/nastro-in-schiuma-di-pe-it\/nastro-adesivo-in-schiuma-ca-996-pe\/\" \/>\n<meta property=\"og:site_name\" content=\"cardinal TAPES\" \/>\n<meta property=\"og:image\" content=\"https:\/\/cardinal-tapes.com\/wp-content\/uploads\/CA_996-2_retouched.jpg\" \/>\n\t<meta property=\"og:image:width\" content=\"1078\" \/>\n\t<meta property=\"og:image:height\" content=\"1400\" \/>\n\t<meta property=\"og:image:type\" content=\"image\/jpeg\" \/>\n<meta name=\"twitter:card\" content=\"summary_large_image\" \/>\n<script type=\"application\/ld+json\" class=\"yoast-schema-graph\">{\"@context\":\"https:\\\/\\\/schema.org\",\"@graph\":[{\"@type\":\"WebPage\",\"@id\":\"https:\\\/\\\/cardinal-tapes.com\\\/it\\\/nastri-adesivi\\\/nastro-in-schiuma-di-pe-it\\\/nastro-adesivo-in-schiuma-ca-996-pe\\\/\",\"url\":\"https:\\\/\\\/cardinal-tapes.com\\\/it\\\/nastri-adesivi\\\/nastro-in-schiuma-di-pe-it\\\/nastro-adesivo-in-schiuma-ca-996-pe\\\/\",\"name\":\"CA-996 Nastro adesivo in schiuma PE | Cardinal TAPES\",\"isPartOf\":{\"@id\":\"https:\\\/\\\/cardinal-tapes.com\\\/#website\"},\"primaryImageOfPage\":{\"@id\":\"https:\\\/\\\/cardinal-tapes.com\\\/it\\\/nastri-adesivi\\\/nastro-in-schiuma-di-pe-it\\\/nastro-adesivo-in-schiuma-ca-996-pe\\\/#primaryimage\"},\"image\":{\"@id\":\"https:\\\/\\\/cardinal-tapes.com\\\/it\\\/nastri-adesivi\\\/nastro-in-schiuma-di-pe-it\\\/nastro-adesivo-in-schiuma-ca-996-pe\\\/#primaryimage\"},\"thumbnailUrl\":\"https:\\\/\\\/cardinal-tapes.com\\\/wp-content\\\/uploads\\\/CA_996-2_retouched.jpg\",\"datePublished\":\"2023-06-05T15:04:27+00:00\",\"description\":\"CA-996 \u00e8 un nastro in schiuma di PE laminato con una pellicola anzich\u00e9 con una copertura aggiuntiva. Per saperne di pi\u00f9.\",\"breadcrumb\":{\"@id\":\"https:\\\/\\\/cardinal-tapes.com\\\/it\\\/nastri-adesivi\\\/nastro-in-schiuma-di-pe-it\\\/nastro-adesivo-in-schiuma-ca-996-pe\\\/#breadcrumb\"},\"inLanguage\":\"it-IT\",\"potentialAction\":[{\"@type\":\"ReadAction\",\"target\":[\"https:\\\/\\\/cardinal-tapes.com\\\/it\\\/nastri-adesivi\\\/nastro-in-schiuma-di-pe-it\\\/nastro-adesivo-in-schiuma-ca-996-pe\\\/\"]}]},{\"@type\":\"ImageObject\",\"inLanguage\":\"it-IT\",\"@id\":\"https:\\\/\\\/cardinal-tapes.com\\\/it\\\/nastri-adesivi\\\/nastro-in-schiuma-di-pe-it\\\/nastro-adesivo-in-schiuma-ca-996-pe\\\/#primaryimage\",\"url\":\"https:\\\/\\\/cardinal-tapes.com\\\/wp-content\\\/uploads\\\/CA_996-2_retouched.jpg\",\"contentUrl\":\"https:\\\/\\\/cardinal-tapes.com\\\/wp-content\\\/uploads\\\/CA_996-2_retouched.jpg\",\"width\":1078,\"height\":1400,\"caption\":\"Nastro adesivo CA 996\"},{\"@type\":\"BreadcrumbList\",\"@id\":\"https:\\\/\\\/cardinal-tapes.com\\\/it\\\/nastri-adesivi\\\/nastro-in-schiuma-di-pe-it\\\/nastro-adesivo-in-schiuma-ca-996-pe\\\/#breadcrumb\",\"itemListElement\":[{\"@type\":\"ListItem\",\"position\":1,\"name\":\"Startseite\",\"item\":\"https:\\\/\\\/cardinal-tapes.com\\\/it\\\/casa\\\/\"},{\"@type\":\"ListItem\",\"position\":2,\"name\":\"Nastri adesivi\",\"item\":\"https:\\\/\\\/cardinal-tapes.com\\\/it\\\/nastri-adesivi-it\\\/\"},{\"@type\":\"ListItem\",\"position\":3,\"name\":\"Nastro in schiuma di PE\",\"item\":\"https:\\\/\\\/cardinal-tapes.com\\\/it\\\/categoria\\\/nastro-in-schiuma-di-pe-it\\\/\"},{\"@type\":\"ListItem\",\"position\":4,\"name\":\"CA-996 Nastro adesivo in schiuma PE\"}]},{\"@type\":\"WebSite\",\"@id\":\"https:\\\/\\\/cardinal-tapes.com\\\/#website\",\"url\":\"https:\\\/\\\/cardinal-tapes.com\\\/\",\"name\":\"cardinal TAPES\",\"description\":\"Klebetechnik aus Wuppertal\",\"potentialAction\":[{\"@type\":\"SearchAction\",\"target\":{\"@type\":\"EntryPoint\",\"urlTemplate\":\"https:\\\/\\\/cardinal-tapes.com\\\/?s={search_term_string}\"},\"query-input\":{\"@type\":\"PropertyValueSpecification\",\"valueRequired\":true,\"valueName\":\"search_term_string\"}}],\"inLanguage\":\"it-IT\"}]}<\/script>\n<!-- \/ Yoast SEO plugin. -->","yoast_head_json":{"title":"CA-996 Nastro adesivo in schiuma PE | Cardinal TAPES","description":"CA-996 \u00e8 un nastro in schiuma di PE laminato con una pellicola anzich\u00e9 con una copertura aggiuntiva. Per saperne di pi\u00f9.","robots":{"index":"index","follow":"follow","max-snippet":"max-snippet:-1","max-image-preview":"max-image-preview:large","max-video-preview":"max-video-preview:-1"},"canonical":"https:\/\/cardinal-tapes.com\/it\/nastri-adesivi\/nastro-in-schiuma-di-pe-it\/nastro-adesivo-in-schiuma-ca-996-pe\/","og_locale":"it_IT","og_type":"article","og_title":"CA-996 Nastro adesivo in schiuma PE | Cardinal TAPES","og_description":"CA-996 \u00e8 un nastro in schiuma di PE laminato con una pellicola anzich\u00e9 con una copertura aggiuntiva. Per saperne di pi\u00f9.","og_url":"https:\/\/cardinal-tapes.com\/it\/nastri-adesivi\/nastro-in-schiuma-di-pe-it\/nastro-adesivo-in-schiuma-ca-996-pe\/","og_site_name":"cardinal TAPES","og_image":[{"width":1078,"height":1400,"url":"https:\/\/cardinal-tapes.com\/wp-content\/uploads\/CA_996-2_retouched.jpg","type":"image\/jpeg"}],"twitter_card":"summary_large_image","schema":{"@context":"https:\/\/schema.org","@graph":[{"@type":"WebPage","@id":"https:\/\/cardinal-tapes.com\/it\/nastri-adesivi\/nastro-in-schiuma-di-pe-it\/nastro-adesivo-in-schiuma-ca-996-pe\/","url":"https:\/\/cardinal-tapes.com\/it\/nastri-adesivi\/nastro-in-schiuma-di-pe-it\/nastro-adesivo-in-schiuma-ca-996-pe\/","name":"CA-996 Nastro adesivo in schiuma PE | Cardinal TAPES","isPartOf":{"@id":"https:\/\/cardinal-tapes.com\/#website"},"primaryImageOfPage":{"@id":"https:\/\/cardinal-tapes.com\/it\/nastri-adesivi\/nastro-in-schiuma-di-pe-it\/nastro-adesivo-in-schiuma-ca-996-pe\/#primaryimage"},"image":{"@id":"https:\/\/cardinal-tapes.com\/it\/nastri-adesivi\/nastro-in-schiuma-di-pe-it\/nastro-adesivo-in-schiuma-ca-996-pe\/#primaryimage"},"thumbnailUrl":"https:\/\/cardinal-tapes.com\/wp-content\/uploads\/CA_996-2_retouched.jpg","datePublished":"2023-06-05T15:04:27+00:00","description":"CA-996 \u00e8 un nastro in schiuma di PE laminato con una pellicola anzich\u00e9 con una copertura aggiuntiva. Per saperne di pi\u00f9.","breadcrumb":{"@id":"https:\/\/cardinal-tapes.com\/it\/nastri-adesivi\/nastro-in-schiuma-di-pe-it\/nastro-adesivo-in-schiuma-ca-996-pe\/#breadcrumb"},"inLanguage":"it-IT","potentialAction":[{"@type":"ReadAction","target":["https:\/\/cardinal-tapes.com\/it\/nastri-adesivi\/nastro-in-schiuma-di-pe-it\/nastro-adesivo-in-schiuma-ca-996-pe\/"]}]},{"@type":"ImageObject","inLanguage":"it-IT","@id":"https:\/\/cardinal-tapes.com\/it\/nastri-adesivi\/nastro-in-schiuma-di-pe-it\/nastro-adesivo-in-schiuma-ca-996-pe\/#primaryimage","url":"https:\/\/cardinal-tapes.com\/wp-content\/uploads\/CA_996-2_retouched.jpg","contentUrl":"https:\/\/cardinal-tapes.com\/wp-content\/uploads\/CA_996-2_retouched.jpg","width":1078,"height":1400,"caption":"Nastro adesivo CA 996"},{"@type":"BreadcrumbList","@id":"https:\/\/cardinal-tapes.com\/it\/nastri-adesivi\/nastro-in-schiuma-di-pe-it\/nastro-adesivo-in-schiuma-ca-996-pe\/#breadcrumb","itemListElement":[{"@type":"ListItem","position":1,"name":"Startseite","item":"https:\/\/cardinal-tapes.com\/it\/casa\/"},{"@type":"ListItem","position":2,"name":"Nastri adesivi","item":"https:\/\/cardinal-tapes.com\/it\/nastri-adesivi-it\/"},{"@type":"ListItem","position":3,"name":"Nastro in schiuma di PE","item":"https:\/\/cardinal-tapes.com\/it\/categoria\/nastro-in-schiuma-di-pe-it\/"},{"@type":"ListItem","position":4,"name":"CA-996 Nastro adesivo in schiuma PE"}]},{"@type":"WebSite","@id":"https:\/\/cardinal-tapes.com\/#website","url":"https:\/\/cardinal-tapes.com\/","name":"cardinal TAPES","description":"Klebetechnik aus Wuppertal","potentialAction":[{"@type":"SearchAction","target":{"@type":"EntryPoint","urlTemplate":"https:\/\/cardinal-tapes.com\/?s={search_term_string}"},"query-input":{"@type":"PropertyValueSpecification","valueRequired":true,"valueName":"search_term_string"}}],"inLanguage":"it-IT"}]}},"brands":[{"id":2174,"name":"cardinal GmbH","slug":"cardinal-gmbh-it"}],"_links":{"self":[{"href":"https:\/\/cardinal-tapes.com\/it\/wp-json\/wp\/v2\/product\/47127","targetHints":{"allow":["GET"]}}],"collection":[{"href":"https:\/\/cardinal-tapes.com\/it\/wp-json\/wp\/v2\/product"}],"about":[{"href":"https:\/\/cardinal-tapes.com\/it\/wp-json\/wp\/v2\/types\/product"}],"wp:featuredmedia":[{"embeddable":true,"href":"https:\/\/cardinal-tapes.com\/it\/wp-json\/wp\/v2\/media\/27189"}],"wp:attachment":[{"href":"https:\/\/cardinal-tapes.com\/it\/wp-json\/wp\/v2\/media?parent=47127"}],"wp:term":[{"taxonomy":"pwb-brand","embeddable":true,"href":"https:\/\/cardinal-tapes.com\/it\/wp-json\/wp\/v2\/pwb-brand?post=47127"},{"taxonomy":"product_brand","embeddable":true,"href":"https:\/\/cardinal-tapes.com\/it\/wp-json\/wp\/v2\/product_brand?post=47127"},{"taxonomy":"product_cat","embeddable":true,"href":"https:\/\/cardinal-tapes.com\/it\/wp-json\/wp\/v2\/product_cat?post=47127"},{"taxonomy":"product_tag","embeddable":true,"href":"https:\/\/cardinal-tapes.com\/it\/wp-json\/wp\/v2\/product_tag?post=47127"}],"curies":[{"name":"wp","href":"https:\/\/api.w.org\/{rel}","templated":true}]}}