{"id":46131,"date":"2018-05-15T15:18:01","date_gmt":"2023-06-05T15:03:13","guid":{"rendered":"https:\/\/cardinal.pixel-tal.de\/klebebaender\/senza-categoria\/ca-333-nastro-adesivo-in-tessuto-rivestito-in-pe\/"},"modified":"2025-07-02T14:50:57","modified_gmt":"2025-07-02T12:50:57","slug":"ca-333-pe-rivestito-tessuto-nastro-adesivo","status":"publish","type":"product","link":"https:\/\/cardinal-tapes.com\/it\/nastri-adesivi\/nastri-monoadesivi\/ca-333-pe-rivestito-tessuto-nastro-adesivo\/","title":{"rendered":"CA-333 Nastro adesivo in tessuto rivestito in PE"},"content":{"rendered":"<p>CA-333 \u00e8 un nastro adesivo in tessuto rivestito in PE con un adesivo in gomma naturale sensibile alla pressione<br \/>\n. \u00c8 stato sviluppato come nastro in tessuto impermeabile e multiuso e pu\u00f2 essere utilizzato in un&#8217;ampia gamma di applicazioni industriali<br \/>\ned edilizie, ad esempio per sigillare, mascherare a breve termine e proteggere in generale<br \/>\n. <\/p>\n","protected":false},"excerpt":{"rendered":"<p>CA-333 \u00e8 un nastro adesivo in tessuto rivestito in PE con un adesivo in gomma naturale sensibile alla pressione . \u00c8 stato sviluppato come nastro in tessuto impermeabile e multiuso e pu\u00f2 essere utilizzato in un&#8217;ampia gamma di applicazioni industriali ed edilizie, ad esempio per sigillare, mascherare a breve termine e proteggere in generale .<\/p>\n","protected":false},"featured_media":27113,"template":"","meta":{"_acf_changed":false},"pwb-brand":[2174],"product_brand":[],"product_cat":[1826],"product_tag":[],"class_list":{"0":"post-46131","1":"product","2":"type-product","3":"status-publish","4":"has-post-thumbnail","6":"pwb-brand-cardinal-gmbh-it","7":"product_cat-nastri-monoadesivi","9":"first","10":"instock","11":"taxable","12":"shipping-taxable","13":"purchasable","14":"product-type-variable"},"acf":[],"yoast_head":"<!-- This site is optimized with the Yoast SEO plugin v27.3 - https:\/\/yoast.com\/product\/yoast-seo-wordpress\/ -->\n<title>CA-333 Nastro in tessuto rivestito in PE | Cardinal TAPES<\/title>\n<meta name=\"description\" content=\"CA-333 \u00e8 un nastro in tessuto rivestito in PE con un adesivo in gomma naturale sensibile alla pressione. Per saperne di pi\u00f9.\" \/>\n<meta name=\"robots\" content=\"index, follow, max-snippet:-1, max-image-preview:large, max-video-preview:-1\" \/>\n<link rel=\"canonical\" href=\"https:\/\/cardinal-tapes.com\/it\/nastri-adesivi\/nastri-monoadesivi\/ca-333-pe-rivestito-tessuto-nastro-adesivo\/\" \/>\n<meta property=\"og:locale\" content=\"it_IT\" \/>\n<meta property=\"og:type\" content=\"article\" \/>\n<meta property=\"og:title\" content=\"CA-333 Nastro in tessuto rivestito in PE | Cardinal TAPES\" \/>\n<meta property=\"og:description\" content=\"CA-333 \u00e8 un nastro in tessuto rivestito in PE con un adesivo in gomma naturale sensibile alla pressione. Per saperne di pi\u00f9.\" \/>\n<meta property=\"og:url\" content=\"https:\/\/cardinal-tapes.com\/it\/nastri-adesivi\/nastri-monoadesivi\/ca-333-pe-rivestito-tessuto-nastro-adesivo\/\" \/>\n<meta property=\"og:site_name\" content=\"cardinal TAPES\" \/>\n<meta property=\"article:modified_time\" content=\"2025-07-02T12:50:57+00:00\" \/>\n<meta property=\"og:image\" content=\"https:\/\/cardinal-tapes.com\/wp-content\/uploads\/CA_333_retouched.jpg\" \/>\n\t<meta property=\"og:image:width\" content=\"1221\" \/>\n\t<meta property=\"og:image:height\" content=\"1400\" \/>\n\t<meta property=\"og:image:type\" content=\"image\/jpeg\" \/>\n<meta name=\"twitter:card\" content=\"summary_large_image\" \/>\n<script type=\"application\/ld+json\" class=\"yoast-schema-graph\">{\"@context\":\"https:\\\/\\\/schema.org\",\"@graph\":[{\"@type\":\"WebPage\",\"@id\":\"https:\\\/\\\/cardinal-tapes.com\\\/it\\\/nastri-adesivi\\\/nastri-monoadesivi\\\/ca-333-pe-rivestito-tessuto-nastro-adesivo\\\/\",\"url\":\"https:\\\/\\\/cardinal-tapes.com\\\/it\\\/nastri-adesivi\\\/nastri-monoadesivi\\\/ca-333-pe-rivestito-tessuto-nastro-adesivo\\\/\",\"name\":\"CA-333 Nastro in tessuto rivestito in PE | Cardinal TAPES\",\"isPartOf\":{\"@id\":\"https:\\\/\\\/cardinal-tapes.com\\\/#website\"},\"primaryImageOfPage\":{\"@id\":\"https:\\\/\\\/cardinal-tapes.com\\\/it\\\/nastri-adesivi\\\/nastri-monoadesivi\\\/ca-333-pe-rivestito-tessuto-nastro-adesivo\\\/#primaryimage\"},\"image\":{\"@id\":\"https:\\\/\\\/cardinal-tapes.com\\\/it\\\/nastri-adesivi\\\/nastri-monoadesivi\\\/ca-333-pe-rivestito-tessuto-nastro-adesivo\\\/#primaryimage\"},\"thumbnailUrl\":\"https:\\\/\\\/cardinal-tapes.com\\\/wp-content\\\/uploads\\\/CA_333_retouched.jpg\",\"datePublished\":\"2023-06-05T15:03:13+00:00\",\"dateModified\":\"2025-07-02T12:50:57+00:00\",\"description\":\"CA-333 \u00e8 un nastro in tessuto rivestito in PE con un adesivo in gomma naturale sensibile alla pressione. Per saperne di pi\u00f9.\",\"breadcrumb\":{\"@id\":\"https:\\\/\\\/cardinal-tapes.com\\\/it\\\/nastri-adesivi\\\/nastri-monoadesivi\\\/ca-333-pe-rivestito-tessuto-nastro-adesivo\\\/#breadcrumb\"},\"inLanguage\":\"it-IT\",\"potentialAction\":[{\"@type\":\"ReadAction\",\"target\":[\"https:\\\/\\\/cardinal-tapes.com\\\/it\\\/nastri-adesivi\\\/nastri-monoadesivi\\\/ca-333-pe-rivestito-tessuto-nastro-adesivo\\\/\"]}]},{\"@type\":\"ImageObject\",\"inLanguage\":\"it-IT\",\"@id\":\"https:\\\/\\\/cardinal-tapes.com\\\/it\\\/nastri-adesivi\\\/nastri-monoadesivi\\\/ca-333-pe-rivestito-tessuto-nastro-adesivo\\\/#primaryimage\",\"url\":\"https:\\\/\\\/cardinal-tapes.com\\\/wp-content\\\/uploads\\\/CA_333_retouched.jpg\",\"contentUrl\":\"https:\\\/\\\/cardinal-tapes.com\\\/wp-content\\\/uploads\\\/CA_333_retouched.jpg\",\"width\":1221,\"height\":1400,\"caption\":\"Nastro adesivo CA 333\"},{\"@type\":\"BreadcrumbList\",\"@id\":\"https:\\\/\\\/cardinal-tapes.com\\\/it\\\/nastri-adesivi\\\/nastri-monoadesivi\\\/ca-333-pe-rivestito-tessuto-nastro-adesivo\\\/#breadcrumb\",\"itemListElement\":[{\"@type\":\"ListItem\",\"position\":1,\"name\":\"Startseite\",\"item\":\"https:\\\/\\\/cardinal-tapes.com\\\/it\\\/casa\\\/\"},{\"@type\":\"ListItem\",\"position\":2,\"name\":\"Nastri adesivi\",\"item\":\"https:\\\/\\\/cardinal-tapes.com\\\/it\\\/nastri-adesivi-it\\\/\"},{\"@type\":\"ListItem\",\"position\":3,\"name\":\"Einseitige Klebeb\u00e4nder\",\"item\":\"https:\\\/\\\/cardinal-tapes.com\\\/kategorie\\\/einseitige-klebebaender\\\/\"},{\"@type\":\"ListItem\",\"position\":4,\"name\":\"CA-333 Nastro adesivo in tessuto rivestito in PE\"}]},{\"@type\":\"WebSite\",\"@id\":\"https:\\\/\\\/cardinal-tapes.com\\\/#website\",\"url\":\"https:\\\/\\\/cardinal-tapes.com\\\/\",\"name\":\"cardinal TAPES\",\"description\":\"Klebetechnik aus Wuppertal\",\"potentialAction\":[{\"@type\":\"SearchAction\",\"target\":{\"@type\":\"EntryPoint\",\"urlTemplate\":\"https:\\\/\\\/cardinal-tapes.com\\\/?s={search_term_string}\"},\"query-input\":{\"@type\":\"PropertyValueSpecification\",\"valueRequired\":true,\"valueName\":\"search_term_string\"}}],\"inLanguage\":\"it-IT\"}]}<\/script>\n<!-- \/ Yoast SEO plugin. -->","yoast_head_json":{"title":"CA-333 Nastro in tessuto rivestito in PE | Cardinal TAPES","description":"CA-333 \u00e8 un nastro in tessuto rivestito in PE con un adesivo in gomma naturale sensibile alla pressione. Per saperne di pi\u00f9.","robots":{"index":"index","follow":"follow","max-snippet":"max-snippet:-1","max-image-preview":"max-image-preview:large","max-video-preview":"max-video-preview:-1"},"canonical":"https:\/\/cardinal-tapes.com\/it\/nastri-adesivi\/nastri-monoadesivi\/ca-333-pe-rivestito-tessuto-nastro-adesivo\/","og_locale":"it_IT","og_type":"article","og_title":"CA-333 Nastro in tessuto rivestito in PE | Cardinal TAPES","og_description":"CA-333 \u00e8 un nastro in tessuto rivestito in PE con un adesivo in gomma naturale sensibile alla pressione. Per saperne di pi\u00f9.","og_url":"https:\/\/cardinal-tapes.com\/it\/nastri-adesivi\/nastri-monoadesivi\/ca-333-pe-rivestito-tessuto-nastro-adesivo\/","og_site_name":"cardinal TAPES","article_modified_time":"2025-07-02T12:50:57+00:00","og_image":[{"width":1221,"height":1400,"url":"https:\/\/cardinal-tapes.com\/wp-content\/uploads\/CA_333_retouched.jpg","type":"image\/jpeg"}],"twitter_card":"summary_large_image","schema":{"@context":"https:\/\/schema.org","@graph":[{"@type":"WebPage","@id":"https:\/\/cardinal-tapes.com\/it\/nastri-adesivi\/nastri-monoadesivi\/ca-333-pe-rivestito-tessuto-nastro-adesivo\/","url":"https:\/\/cardinal-tapes.com\/it\/nastri-adesivi\/nastri-monoadesivi\/ca-333-pe-rivestito-tessuto-nastro-adesivo\/","name":"CA-333 Nastro in tessuto rivestito in PE | Cardinal TAPES","isPartOf":{"@id":"https:\/\/cardinal-tapes.com\/#website"},"primaryImageOfPage":{"@id":"https:\/\/cardinal-tapes.com\/it\/nastri-adesivi\/nastri-monoadesivi\/ca-333-pe-rivestito-tessuto-nastro-adesivo\/#primaryimage"},"image":{"@id":"https:\/\/cardinal-tapes.com\/it\/nastri-adesivi\/nastri-monoadesivi\/ca-333-pe-rivestito-tessuto-nastro-adesivo\/#primaryimage"},"thumbnailUrl":"https:\/\/cardinal-tapes.com\/wp-content\/uploads\/CA_333_retouched.jpg","datePublished":"2023-06-05T15:03:13+00:00","dateModified":"2025-07-02T12:50:57+00:00","description":"CA-333 \u00e8 un nastro in tessuto rivestito in PE con un adesivo in gomma naturale sensibile alla pressione. Per saperne di pi\u00f9.","breadcrumb":{"@id":"https:\/\/cardinal-tapes.com\/it\/nastri-adesivi\/nastri-monoadesivi\/ca-333-pe-rivestito-tessuto-nastro-adesivo\/#breadcrumb"},"inLanguage":"it-IT","potentialAction":[{"@type":"ReadAction","target":["https:\/\/cardinal-tapes.com\/it\/nastri-adesivi\/nastri-monoadesivi\/ca-333-pe-rivestito-tessuto-nastro-adesivo\/"]}]},{"@type":"ImageObject","inLanguage":"it-IT","@id":"https:\/\/cardinal-tapes.com\/it\/nastri-adesivi\/nastri-monoadesivi\/ca-333-pe-rivestito-tessuto-nastro-adesivo\/#primaryimage","url":"https:\/\/cardinal-tapes.com\/wp-content\/uploads\/CA_333_retouched.jpg","contentUrl":"https:\/\/cardinal-tapes.com\/wp-content\/uploads\/CA_333_retouched.jpg","width":1221,"height":1400,"caption":"Nastro adesivo CA 333"},{"@type":"BreadcrumbList","@id":"https:\/\/cardinal-tapes.com\/it\/nastri-adesivi\/nastri-monoadesivi\/ca-333-pe-rivestito-tessuto-nastro-adesivo\/#breadcrumb","itemListElement":[{"@type":"ListItem","position":1,"name":"Startseite","item":"https:\/\/cardinal-tapes.com\/it\/casa\/"},{"@type":"ListItem","position":2,"name":"Nastri adesivi","item":"https:\/\/cardinal-tapes.com\/it\/nastri-adesivi-it\/"},{"@type":"ListItem","position":3,"name":"Einseitige Klebeb\u00e4nder","item":"https:\/\/cardinal-tapes.com\/kategorie\/einseitige-klebebaender\/"},{"@type":"ListItem","position":4,"name":"CA-333 Nastro adesivo in tessuto rivestito in PE"}]},{"@type":"WebSite","@id":"https:\/\/cardinal-tapes.com\/#website","url":"https:\/\/cardinal-tapes.com\/","name":"cardinal TAPES","description":"Klebetechnik aus Wuppertal","potentialAction":[{"@type":"SearchAction","target":{"@type":"EntryPoint","urlTemplate":"https:\/\/cardinal-tapes.com\/?s={search_term_string}"},"query-input":{"@type":"PropertyValueSpecification","valueRequired":true,"valueName":"search_term_string"}}],"inLanguage":"it-IT"}]}},"brands":[{"id":2174,"name":"cardinal GmbH","slug":"cardinal-gmbh-it"}],"_links":{"self":[{"href":"https:\/\/cardinal-tapes.com\/it\/wp-json\/wp\/v2\/product\/46131","targetHints":{"allow":["GET"]}}],"collection":[{"href":"https:\/\/cardinal-tapes.com\/it\/wp-json\/wp\/v2\/product"}],"about":[{"href":"https:\/\/cardinal-tapes.com\/it\/wp-json\/wp\/v2\/types\/product"}],"wp:featuredmedia":[{"embeddable":true,"href":"https:\/\/cardinal-tapes.com\/it\/wp-json\/wp\/v2\/media\/27113"}],"wp:attachment":[{"href":"https:\/\/cardinal-tapes.com\/it\/wp-json\/wp\/v2\/media?parent=46131"}],"wp:term":[{"taxonomy":"pwb-brand","embeddable":true,"href":"https:\/\/cardinal-tapes.com\/it\/wp-json\/wp\/v2\/pwb-brand?post=46131"},{"taxonomy":"product_brand","embeddable":true,"href":"https:\/\/cardinal-tapes.com\/it\/wp-json\/wp\/v2\/product_brand?post=46131"},{"taxonomy":"product_cat","embeddable":true,"href":"https:\/\/cardinal-tapes.com\/it\/wp-json\/wp\/v2\/product_cat?post=46131"},{"taxonomy":"product_tag","embeddable":true,"href":"https:\/\/cardinal-tapes.com\/it\/wp-json\/wp\/v2\/product_tag?post=46131"}],"curies":[{"name":"wp","href":"https:\/\/api.w.org\/{rel}","templated":true}]}}